{"id":4218,"date":"2022-03-02T15:24:34","date_gmt":"2022-03-02T21:24:34","guid":{"rendered":"https:\/\/acuariosupremus.com\/?post_type=product&#038;p=4218"},"modified":"2026-01-23T20:07:15","modified_gmt":"2026-01-24T02:07:15","slug":"transportadora-gigante-vari-kennel","status":"publish","type":"product","link":"https:\/\/acuariosupremus.com\/?product=transportadora-gigante-vari-kennel","title":{"rendered":"TRANSPORTADORA GIGANTE VARI KENNEL"},"content":{"rendered":"<p>Beneficios:<br \/>\nAdem\u00e1s de ser un medio de contenci\u00f3n c\u00f3modo para la mascota, es un m\u00e9todo seguro y f\u00e1cil para transportarlo, ya sea en<br \/>\nauto o en avi\u00f3n. \u00e1reas moldeadas en todo el per\u00edmetro de la puerta para la instalaci\u00f3n de abrazaderas pl\u00e1sticas y seguridad<br \/>\nextra durante los viajes en avi\u00f3n. \u00fatil para traslados al veterinario, para entrenamiento e inclusive para descansar, y que puede usarse como casa. El perro tendr\u00e1 su propio espacio privado, se sentir\u00e1 seguro y protegido.<br \/>\nRecomendaciones:<br \/>\nLa mascota debe poder levantarse, voltearse y echarse c\u00f3modamente dentro de la jaula. Ideal para razas: San Bernardo,<br \/>\ngalgos, terranova.<br \/>\nMedidas:<br \/>\n<strong>(122 X 81 X 89 CM)<\/strong><br \/>\nMaterial:<br \/>\nPl\u00e1stico de alta resistencia.<\/p>\n","protected":false},"excerpt":{"rendered":"<p>Transportadora para perro hecha de pl\u00e1stico de alta resistencia, durable. Seguros de pl\u00e1stico resistente (tuercas mariposa). Rejilla met\u00e1lica en puertas y en ventilas para un sano flujo de aire. Puerta con cerradura tipo reloj. Hecho con 25% de material reciclado. F\u00e1cil de armar y usar. Ideal para perros de altura 86.3 cm de alto Peso del perro: Hasta <strong>41 kg.<\/strong> Hasta 90 lbs.<\/p>\n","protected":false},"featured_media":4221,"template":"","meta":[],"product_brand":[115],"product_cat":[73,76],"product_tag":[389],"class_list":{"0":"post-4218","1":"product","2":"type-product","3":"status-publish","4":"has-post-thumbnail","6":"product_brand-petmate","7":"product_cat-perros","8":"product_cat-casas-y-transportadoras","9":"product_tag-transportadora-vari-kennel","11":"first","12":"instock","13":"sale","14":"shipping-taxable","15":"purchasable","16":"product-type-simple"},"yoast_head":"<!-- This site is optimized with the Yoast SEO plugin v27.4 - https:\/\/yoast.com\/product\/yoast-seo-wordpress\/ -->\n<title>TRANSPORTADORA GIGANTE VARI KENNEL | Acuario Supremus<\/title>\n<meta name=\"description\" content=\"Transportadora para perro hecha de pl\u00e1stico de alta resistencia, durable. Rejilla met\u00e1lica en puertas y en ventilas para un sano flujo de aire. Puerta con cerradura tipo reloj.\" \/>\n<meta name=\"robots\" content=\"index, follow, max-snippet:-1, max-image-preview:large, max-video-preview:-1\" \/>\n<link rel=\"canonical\" href=\"https:\/\/acuariosupremus.com\/?product=transportadora-gigante-vari-kennel\" \/>\n<meta property=\"og:locale\" content=\"es_MX\" \/>\n<meta property=\"og:type\" content=\"article\" \/>\n<meta property=\"og:title\" content=\"TRANSPORTADORA GIGANTE VARI KENNEL | Acuario Supremus\" \/>\n<meta property=\"og:description\" content=\"Transportadora para perro hecha de pl\u00e1stico de alta resistencia, durable. Rejilla met\u00e1lica en puertas y en ventilas para un sano flujo de aire. Puerta con cerradura tipo reloj.\" \/>\n<meta property=\"og:url\" content=\"https:\/\/acuariosupremus.com\/?product=transportadora-gigante-vari-kennel\" \/>\n<meta property=\"og:site_name\" content=\"Acuario Supremus\" \/>\n<meta property=\"article:publisher\" content=\"https:\/\/www.facebook.com\/AcuarioSupremus\" \/>\n<meta property=\"article:modified_time\" content=\"2026-01-24T02:07:15+00:00\" \/>\n<meta property=\"og:image\" content=\"https:\/\/acuariosupremus.com\/wp-content\/uploads\/2022\/03\/DO21700-1.jpg\" \/>\n\t<meta property=\"og:image:width\" content=\"1000\" \/>\n\t<meta property=\"og:image:height\" content=\"1000\" \/>\n\t<meta property=\"og:image:type\" content=\"image\/jpeg\" \/>\n<meta name=\"twitter:card\" content=\"summary_large_image\" \/>\n<meta name=\"twitter:site\" content=\"@AcuarioSupremus\" \/>\n<meta name=\"twitter:label1\" content=\"Tiempo de lectura\" \/>\n\t<meta name=\"twitter:data1\" content=\"1 minuto\" \/>\n<script type=\"application\/ld+json\" class=\"yoast-schema-graph\">{\"@context\":\"https:\\\/\\\/schema.org\",\"@graph\":[{\"@type\":\"WebPage\",\"@id\":\"https:\\\/\\\/acuariosupremus.com\\\/?product=transportadora-gigante-vari-kennel\",\"url\":\"https:\\\/\\\/acuariosupremus.com\\\/?product=transportadora-gigante-vari-kennel\",\"name\":\"TRANSPORTADORA GIGANTE VARI KENNEL | Acuario Supremus\",\"isPartOf\":{\"@id\":\"https:\\\/\\\/acuariosupremus.com\\\/#website\"},\"primaryImageOfPage\":{\"@id\":\"https:\\\/\\\/acuariosupremus.com\\\/?product=transportadora-gigante-vari-kennel#primaryimage\"},\"image\":{\"@id\":\"https:\\\/\\\/acuariosupremus.com\\\/?product=transportadora-gigante-vari-kennel#primaryimage\"},\"thumbnailUrl\":\"https:\\\/\\\/acuariosupremus.com\\\/wp-content\\\/uploads\\\/2022\\\/03\\\/DO21700-1.jpg\",\"datePublished\":\"2022-03-02T21:24:34+00:00\",\"dateModified\":\"2026-01-24T02:07:15+00:00\",\"description\":\"Transportadora para perro hecha de pl\u00e1stico de alta resistencia, durable. Rejilla met\u00e1lica en puertas y en ventilas para un sano flujo de aire. Puerta con cerradura tipo reloj.\",\"breadcrumb\":{\"@id\":\"https:\\\/\\\/acuariosupremus.com\\\/?product=transportadora-gigante-vari-kennel#breadcrumb\"},\"inLanguage\":\"es\",\"potentialAction\":[{\"@type\":\"ReadAction\",\"target\":[\"https:\\\/\\\/acuariosupremus.com\\\/?product=transportadora-gigante-vari-kennel\"]}]},{\"@type\":\"ImageObject\",\"inLanguage\":\"es\",\"@id\":\"https:\\\/\\\/acuariosupremus.com\\\/?product=transportadora-gigante-vari-kennel#primaryimage\",\"url\":\"https:\\\/\\\/acuariosupremus.com\\\/wp-content\\\/uploads\\\/2022\\\/03\\\/DO21700-1.jpg\",\"contentUrl\":\"https:\\\/\\\/acuariosupremus.com\\\/wp-content\\\/uploads\\\/2022\\\/03\\\/DO21700-1.jpg\",\"width\":1000,\"height\":1000},{\"@type\":\"BreadcrumbList\",\"@id\":\"https:\\\/\\\/acuariosupremus.com\\\/?product=transportadora-gigante-vari-kennel#breadcrumb\",\"itemListElement\":[{\"@type\":\"ListItem\",\"position\":1,\"name\":\"Portada\",\"item\":\"https:\\\/\\\/acuariosupremus.com\\\/\"},{\"@type\":\"ListItem\",\"position\":2,\"name\":\"Tienda\",\"item\":\"https:\\\/\\\/acuariosupremus.com\\\/tienda\\\/\"},{\"@type\":\"ListItem\",\"position\":3,\"name\":\"TRANSPORTADORA GIGANTE VARI KENNEL\"}]},{\"@type\":\"WebSite\",\"@id\":\"https:\\\/\\\/acuariosupremus.com\\\/#website\",\"url\":\"https:\\\/\\\/acuariosupremus.com\\\/\",\"name\":\"Acuario Supremus\",\"description\":\"Peces, Peceras y Mascotas.\",\"publisher\":{\"@id\":\"https:\\\/\\\/acuariosupremus.com\\\/#organization\"},\"potentialAction\":[{\"@type\":\"SearchAction\",\"target\":{\"@type\":\"EntryPoint\",\"urlTemplate\":\"https:\\\/\\\/acuariosupremus.com\\\/?s={search_term_string}\"},\"query-input\":{\"@type\":\"PropertyValueSpecification\",\"valueRequired\":true,\"valueName\":\"search_term_string\"}}],\"inLanguage\":\"es\"},{\"@type\":\"Organization\",\"@id\":\"https:\\\/\\\/acuariosupremus.com\\\/#organization\",\"name\":\"Acuario Supremus\",\"url\":\"https:\\\/\\\/acuariosupremus.com\\\/\",\"logo\":{\"@type\":\"ImageObject\",\"inLanguage\":\"es\",\"@id\":\"https:\\\/\\\/acuariosupremus.com\\\/#\\\/schema\\\/logo\\\/image\\\/\",\"url\":\"https:\\\/\\\/acuariosupremus.com\\\/wp-content\\\/uploads\\\/2021\\\/12\\\/cropped-logo_acuario_supremus_fn-2.png\",\"contentUrl\":\"https:\\\/\\\/acuariosupremus.com\\\/wp-content\\\/uploads\\\/2021\\\/12\\\/cropped-logo_acuario_supremus_fn-2.png\",\"width\":1000,\"height\":318,\"caption\":\"Acuario Supremus\"},\"image\":{\"@id\":\"https:\\\/\\\/acuariosupremus.com\\\/#\\\/schema\\\/logo\\\/image\\\/\"},\"sameAs\":[\"https:\\\/\\\/www.facebook.com\\\/AcuarioSupremus\",\"https:\\\/\\\/x.com\\\/AcuarioSupremus\",\"https:\\\/\\\/www.instagram.com\\\/acuariosupremus\\\/?hl=es\"]}]}<\/script>\n<!-- \/ Yoast SEO plugin. -->","yoast_head_json":{"title":"TRANSPORTADORA GIGANTE VARI KENNEL | Acuario Supremus","description":"Transportadora para perro hecha de pl\u00e1stico de alta resistencia, durable. Rejilla met\u00e1lica en puertas y en ventilas para un sano flujo de aire. Puerta con cerradura tipo reloj.","robots":{"index":"index","follow":"follow","max-snippet":"max-snippet:-1","max-image-preview":"max-image-preview:large","max-video-preview":"max-video-preview:-1"},"canonical":"https:\/\/acuariosupremus.com\/?product=transportadora-gigante-vari-kennel","og_locale":"es_MX","og_type":"article","og_title":"TRANSPORTADORA GIGANTE VARI KENNEL | Acuario Supremus","og_description":"Transportadora para perro hecha de pl\u00e1stico de alta resistencia, durable. Rejilla met\u00e1lica en puertas y en ventilas para un sano flujo de aire. Puerta con cerradura tipo reloj.","og_url":"https:\/\/acuariosupremus.com\/?product=transportadora-gigante-vari-kennel","og_site_name":"Acuario Supremus","article_publisher":"https:\/\/www.facebook.com\/AcuarioSupremus","article_modified_time":"2026-01-24T02:07:15+00:00","og_image":[{"width":1000,"height":1000,"url":"https:\/\/acuariosupremus.com\/wp-content\/uploads\/2022\/03\/DO21700-1.jpg","type":"image\/jpeg"}],"twitter_card":"summary_large_image","twitter_site":"@AcuarioSupremus","twitter_misc":{"Tiempo de lectura":"1 minuto"},"schema":{"@context":"https:\/\/schema.org","@graph":[{"@type":"WebPage","@id":"https:\/\/acuariosupremus.com\/?product=transportadora-gigante-vari-kennel","url":"https:\/\/acuariosupremus.com\/?product=transportadora-gigante-vari-kennel","name":"TRANSPORTADORA GIGANTE VARI KENNEL | Acuario Supremus","isPartOf":{"@id":"https:\/\/acuariosupremus.com\/#website"},"primaryImageOfPage":{"@id":"https:\/\/acuariosupremus.com\/?product=transportadora-gigante-vari-kennel#primaryimage"},"image":{"@id":"https:\/\/acuariosupremus.com\/?product=transportadora-gigante-vari-kennel#primaryimage"},"thumbnailUrl":"https:\/\/acuariosupremus.com\/wp-content\/uploads\/2022\/03\/DO21700-1.jpg","datePublished":"2022-03-02T21:24:34+00:00","dateModified":"2026-01-24T02:07:15+00:00","description":"Transportadora para perro hecha de pl\u00e1stico de alta resistencia, durable. Rejilla met\u00e1lica en puertas y en ventilas para un sano flujo de aire. Puerta con cerradura tipo reloj.","breadcrumb":{"@id":"https:\/\/acuariosupremus.com\/?product=transportadora-gigante-vari-kennel#breadcrumb"},"inLanguage":"es","potentialAction":[{"@type":"ReadAction","target":["https:\/\/acuariosupremus.com\/?product=transportadora-gigante-vari-kennel"]}]},{"@type":"ImageObject","inLanguage":"es","@id":"https:\/\/acuariosupremus.com\/?product=transportadora-gigante-vari-kennel#primaryimage","url":"https:\/\/acuariosupremus.com\/wp-content\/uploads\/2022\/03\/DO21700-1.jpg","contentUrl":"https:\/\/acuariosupremus.com\/wp-content\/uploads\/2022\/03\/DO21700-1.jpg","width":1000,"height":1000},{"@type":"BreadcrumbList","@id":"https:\/\/acuariosupremus.com\/?product=transportadora-gigante-vari-kennel#breadcrumb","itemListElement":[{"@type":"ListItem","position":1,"name":"Portada","item":"https:\/\/acuariosupremus.com\/"},{"@type":"ListItem","position":2,"name":"Tienda","item":"https:\/\/acuariosupremus.com\/tienda\/"},{"@type":"ListItem","position":3,"name":"TRANSPORTADORA GIGANTE VARI KENNEL"}]},{"@type":"WebSite","@id":"https:\/\/acuariosupremus.com\/#website","url":"https:\/\/acuariosupremus.com\/","name":"Acuario Supremus","description":"Peces, Peceras y Mascotas.","publisher":{"@id":"https:\/\/acuariosupremus.com\/#organization"},"potentialAction":[{"@type":"SearchAction","target":{"@type":"EntryPoint","urlTemplate":"https:\/\/acuariosupremus.com\/?s={search_term_string}"},"query-input":{"@type":"PropertyValueSpecification","valueRequired":true,"valueName":"search_term_string"}}],"inLanguage":"es"},{"@type":"Organization","@id":"https:\/\/acuariosupremus.com\/#organization","name":"Acuario Supremus","url":"https:\/\/acuariosupremus.com\/","logo":{"@type":"ImageObject","inLanguage":"es","@id":"https:\/\/acuariosupremus.com\/#\/schema\/logo\/image\/","url":"https:\/\/acuariosupremus.com\/wp-content\/uploads\/2021\/12\/cropped-logo_acuario_supremus_fn-2.png","contentUrl":"https:\/\/acuariosupremus.com\/wp-content\/uploads\/2021\/12\/cropped-logo_acuario_supremus_fn-2.png","width":1000,"height":318,"caption":"Acuario Supremus"},"image":{"@id":"https:\/\/acuariosupremus.com\/#\/schema\/logo\/image\/"},"sameAs":["https:\/\/www.facebook.com\/AcuarioSupremus","https:\/\/x.com\/AcuarioSupremus","https:\/\/www.instagram.com\/acuariosupremus\/?hl=es"]}]}},"jetpack_sharing_enabled":true,"_links":{"self":[{"href":"https:\/\/acuariosupremus.com\/index.php?rest_route=\/wp\/v2\/product\/4218","targetHints":{"allow":["GET"]}}],"collection":[{"href":"https:\/\/acuariosupremus.com\/index.php?rest_route=\/wp\/v2\/product"}],"about":[{"href":"https:\/\/acuariosupremus.com\/index.php?rest_route=\/wp\/v2\/types\/product"}],"wp:featuredmedia":[{"embeddable":true,"href":"https:\/\/acuariosupremus.com\/index.php?rest_route=\/wp\/v2\/media\/4221"}],"wp:attachment":[{"href":"https:\/\/acuariosupremus.com\/index.php?rest_route=%2Fwp%2Fv2%2Fmedia&parent=4218"}],"wp:term":[{"taxonomy":"product_brand","embeddable":true,"href":"https:\/\/acuariosupremus.com\/index.php?rest_route=%2Fwp%2Fv2%2Fproduct_brand&post=4218"},{"taxonomy":"product_cat","embeddable":true,"href":"https:\/\/acuariosupremus.com\/index.php?rest_route=%2Fwp%2Fv2%2Fproduct_cat&post=4218"},{"taxonomy":"product_tag","embeddable":true,"href":"https:\/\/acuariosupremus.com\/index.php?rest_route=%2Fwp%2Fv2%2Fproduct_tag&post=4218"}],"curies":[{"name":"wp","href":"https:\/\/api.w.org\/{rel}","templated":true}]}}