{"id":4474,"date":"2022-03-03T19:11:27","date_gmt":"2022-03-04T01:11:27","guid":{"rendered":"https:\/\/acuariosupremus.com\/?post_type=product&#038;p=4474"},"modified":"2026-01-24T15:40:45","modified_gmt":"2026-01-24T21:40:45","slug":"perrera-gigante-verde-style","status":"publish","type":"product","link":"https:\/\/acuariosupremus.com\/?product=perrera-gigante-verde-style","title":{"rendered":"PERRERA GIGANTE VERDE STYLE"},"content":{"rendered":"<p>Instrucciones:<br \/>\nInstrucciones de armado: Desdoble la perrera y verifique que las esquinas est\u00e9n montadas correctamente Levante los tubos de los laterales y desplace el mango ligeramente para embonarlos a los largo y fijar la estructura Asegure los cierres para verificar su correcto funcionamiento<br \/>\nMedidas:<br \/>\n<strong>102 cm x 69 cm x 69 cm<\/strong><\/p>\n","protected":false},"excerpt":{"rendered":"<p>Perrera Gigante Style color verde. \u00a0 \u00a0 \u00a0 \u00a0 \u00a0 \u00a0 \u00a0 \u00a0 \u00a0 \u00a0 \u00a0 \u00a0 \u00a0 \u00a0 \u00a0 \u00a0 \u00a0 \u00a0 \u00a0 \u00a0 \u00a0 \u00a0 \u00a0 \u00a0 \u00a0 \u00a0 \u00a0 \u00a0 \u00a0 \u00a0 \u00a0 \u00a0 \u00a0 \u00a0 \u00a0 \u00a0 \u00a0 \u00a0 \u00a0 \u00a0 \u00a0 \u00a0 \u00a0 \u00a0 \u00a0 \u00a0 \u00a0 \u00a0 \u00a0 \u00a0 \u00a0 \u00a0 \u00a0 \u00a0 \u00a0 \u00a0 \u00a0 \u00a0 \u00a0 \u00a0 \u00a0 \u00a0 \u00a0 \u00a0 \u00a0 \u00a0 \u00a0 \u00a0 \u00a0 \u00a0 \u00a0 \u00a0 \u00a0 \u00a0\u00a0 Caracter\u00edsticas: Estructura met\u00e1lica y plegable con mecanismos sencillos de fijaci\u00f3n Puerta frontal y superior con malla y cintas Bolsas laterales para guardar accesorios<br \/>\nBeneficios:Ideal para la comodidad de tu mascota en todo momento Pr\u00e1ctica y f\u00e1cil de transportar Ideal para d\u00eda de campo y vacaciones.<\/p>\n","protected":false},"featured_media":4464,"template":"","meta":[],"product_brand":[106],"product_cat":[73,76],"product_tag":[322],"class_list":{"0":"post-4474","1":"product","2":"type-product","3":"status-publish","4":"has-post-thumbnail","6":"product_brand-fancypets","7":"product_cat-perros","8":"product_cat-casas-y-transportadoras","9":"product_tag-transportadora-tela","11":"first","12":"instock","13":"sale","14":"shipping-taxable","15":"purchasable","16":"product-type-simple"},"yoast_head":"<!-- This site is optimized with the Yoast SEO plugin v27.4 - https:\/\/yoast.com\/product\/yoast-seo-wordpress\/ -->\n<title>PERRERA GIGANTE VERDE STYLE | Acuario Supremus<\/title>\n<meta name=\"description\" content=\"Estructura met\u00e1lica y plegable con mecanismos sencillos de fijaci\u00f3n, Puerta frontal y superior con malla y cintas Bolsas laterales para guardar accesorios.\" \/>\n<meta name=\"robots\" content=\"index, follow, max-snippet:-1, max-image-preview:large, max-video-preview:-1\" \/>\n<link rel=\"canonical\" href=\"https:\/\/acuariosupremus.com\/?product=perrera-gigante-verde-style\" \/>\n<meta property=\"og:locale\" content=\"es_MX\" \/>\n<meta property=\"og:type\" content=\"article\" \/>\n<meta property=\"og:title\" content=\"PERRERA GIGANTE VERDE STYLE | Acuario Supremus\" \/>\n<meta property=\"og:description\" content=\"Estructura met\u00e1lica y plegable con mecanismos sencillos de fijaci\u00f3n, Puerta frontal y superior con malla y cintas Bolsas laterales para guardar accesorios.\" \/>\n<meta property=\"og:url\" content=\"https:\/\/acuariosupremus.com\/?product=perrera-gigante-verde-style\" \/>\n<meta property=\"og:site_name\" content=\"Acuario Supremus\" \/>\n<meta property=\"article:publisher\" content=\"https:\/\/www.facebook.com\/AcuarioSupremus\" \/>\n<meta property=\"article:modified_time\" content=\"2026-01-24T21:40:45+00:00\" \/>\n<meta property=\"og:image\" content=\"https:\/\/acuariosupremus.com\/wp-content\/uploads\/2022\/03\/FL8844_F.jpg\" \/>\n\t<meta property=\"og:image:width\" content=\"1000\" \/>\n\t<meta property=\"og:image:height\" content=\"1000\" \/>\n\t<meta property=\"og:image:type\" content=\"image\/jpeg\" \/>\n<meta name=\"twitter:card\" content=\"summary_large_image\" \/>\n<meta name=\"twitter:site\" content=\"@AcuarioSupremus\" \/>\n<meta name=\"twitter:label1\" content=\"Tiempo de lectura\" \/>\n\t<meta name=\"twitter:data1\" content=\"1 minuto\" \/>\n<script type=\"application\/ld+json\" class=\"yoast-schema-graph\">{\"@context\":\"https:\\\/\\\/schema.org\",\"@graph\":[{\"@type\":\"WebPage\",\"@id\":\"https:\\\/\\\/acuariosupremus.com\\\/?product=perrera-gigante-verde-style\",\"url\":\"https:\\\/\\\/acuariosupremus.com\\\/?product=perrera-gigante-verde-style\",\"name\":\"PERRERA GIGANTE VERDE STYLE | Acuario Supremus\",\"isPartOf\":{\"@id\":\"https:\\\/\\\/acuariosupremus.com\\\/#website\"},\"primaryImageOfPage\":{\"@id\":\"https:\\\/\\\/acuariosupremus.com\\\/?product=perrera-gigante-verde-style#primaryimage\"},\"image\":{\"@id\":\"https:\\\/\\\/acuariosupremus.com\\\/?product=perrera-gigante-verde-style#primaryimage\"},\"thumbnailUrl\":\"https:\\\/\\\/acuariosupremus.com\\\/wp-content\\\/uploads\\\/2022\\\/03\\\/FL8844_F.jpg\",\"datePublished\":\"2022-03-04T01:11:27+00:00\",\"dateModified\":\"2026-01-24T21:40:45+00:00\",\"description\":\"Estructura met\u00e1lica y plegable con mecanismos sencillos de fijaci\u00f3n, Puerta frontal y superior con malla y cintas Bolsas laterales para guardar accesorios.\",\"breadcrumb\":{\"@id\":\"https:\\\/\\\/acuariosupremus.com\\\/?product=perrera-gigante-verde-style#breadcrumb\"},\"inLanguage\":\"es\",\"potentialAction\":[{\"@type\":\"ReadAction\",\"target\":[\"https:\\\/\\\/acuariosupremus.com\\\/?product=perrera-gigante-verde-style\"]}]},{\"@type\":\"ImageObject\",\"inLanguage\":\"es\",\"@id\":\"https:\\\/\\\/acuariosupremus.com\\\/?product=perrera-gigante-verde-style#primaryimage\",\"url\":\"https:\\\/\\\/acuariosupremus.com\\\/wp-content\\\/uploads\\\/2022\\\/03\\\/FL8844_F.jpg\",\"contentUrl\":\"https:\\\/\\\/acuariosupremus.com\\\/wp-content\\\/uploads\\\/2022\\\/03\\\/FL8844_F.jpg\",\"width\":1000,\"height\":1000},{\"@type\":\"BreadcrumbList\",\"@id\":\"https:\\\/\\\/acuariosupremus.com\\\/?product=perrera-gigante-verde-style#breadcrumb\",\"itemListElement\":[{\"@type\":\"ListItem\",\"position\":1,\"name\":\"Portada\",\"item\":\"https:\\\/\\\/acuariosupremus.com\\\/\"},{\"@type\":\"ListItem\",\"position\":2,\"name\":\"Tienda\",\"item\":\"https:\\\/\\\/acuariosupremus.com\\\/tienda\\\/\"},{\"@type\":\"ListItem\",\"position\":3,\"name\":\"PERRERA GIGANTE VERDE STYLE\"}]},{\"@type\":\"WebSite\",\"@id\":\"https:\\\/\\\/acuariosupremus.com\\\/#website\",\"url\":\"https:\\\/\\\/acuariosupremus.com\\\/\",\"name\":\"Acuario Supremus\",\"description\":\"Peces, Peceras y Mascotas.\",\"publisher\":{\"@id\":\"https:\\\/\\\/acuariosupremus.com\\\/#organization\"},\"potentialAction\":[{\"@type\":\"SearchAction\",\"target\":{\"@type\":\"EntryPoint\",\"urlTemplate\":\"https:\\\/\\\/acuariosupremus.com\\\/?s={search_term_string}\"},\"query-input\":{\"@type\":\"PropertyValueSpecification\",\"valueRequired\":true,\"valueName\":\"search_term_string\"}}],\"inLanguage\":\"es\"},{\"@type\":\"Organization\",\"@id\":\"https:\\\/\\\/acuariosupremus.com\\\/#organization\",\"name\":\"Acuario Supremus\",\"url\":\"https:\\\/\\\/acuariosupremus.com\\\/\",\"logo\":{\"@type\":\"ImageObject\",\"inLanguage\":\"es\",\"@id\":\"https:\\\/\\\/acuariosupremus.com\\\/#\\\/schema\\\/logo\\\/image\\\/\",\"url\":\"https:\\\/\\\/acuariosupremus.com\\\/wp-content\\\/uploads\\\/2021\\\/12\\\/cropped-logo_acuario_supremus_fn-2.png\",\"contentUrl\":\"https:\\\/\\\/acuariosupremus.com\\\/wp-content\\\/uploads\\\/2021\\\/12\\\/cropped-logo_acuario_supremus_fn-2.png\",\"width\":1000,\"height\":318,\"caption\":\"Acuario Supremus\"},\"image\":{\"@id\":\"https:\\\/\\\/acuariosupremus.com\\\/#\\\/schema\\\/logo\\\/image\\\/\"},\"sameAs\":[\"https:\\\/\\\/www.facebook.com\\\/AcuarioSupremus\",\"https:\\\/\\\/x.com\\\/AcuarioSupremus\",\"https:\\\/\\\/www.instagram.com\\\/acuariosupremus\\\/?hl=es\"]}]}<\/script>\n<!-- \/ Yoast SEO plugin. -->","yoast_head_json":{"title":"PERRERA GIGANTE VERDE STYLE | Acuario Supremus","description":"Estructura met\u00e1lica y plegable con mecanismos sencillos de fijaci\u00f3n, Puerta frontal y superior con malla y cintas Bolsas laterales para guardar accesorios.","robots":{"index":"index","follow":"follow","max-snippet":"max-snippet:-1","max-image-preview":"max-image-preview:large","max-video-preview":"max-video-preview:-1"},"canonical":"https:\/\/acuariosupremus.com\/?product=perrera-gigante-verde-style","og_locale":"es_MX","og_type":"article","og_title":"PERRERA GIGANTE VERDE STYLE | Acuario Supremus","og_description":"Estructura met\u00e1lica y plegable con mecanismos sencillos de fijaci\u00f3n, Puerta frontal y superior con malla y cintas Bolsas laterales para guardar accesorios.","og_url":"https:\/\/acuariosupremus.com\/?product=perrera-gigante-verde-style","og_site_name":"Acuario Supremus","article_publisher":"https:\/\/www.facebook.com\/AcuarioSupremus","article_modified_time":"2026-01-24T21:40:45+00:00","og_image":[{"width":1000,"height":1000,"url":"https:\/\/acuariosupremus.com\/wp-content\/uploads\/2022\/03\/FL8844_F.jpg","type":"image\/jpeg"}],"twitter_card":"summary_large_image","twitter_site":"@AcuarioSupremus","twitter_misc":{"Tiempo de lectura":"1 minuto"},"schema":{"@context":"https:\/\/schema.org","@graph":[{"@type":"WebPage","@id":"https:\/\/acuariosupremus.com\/?product=perrera-gigante-verde-style","url":"https:\/\/acuariosupremus.com\/?product=perrera-gigante-verde-style","name":"PERRERA GIGANTE VERDE STYLE | Acuario Supremus","isPartOf":{"@id":"https:\/\/acuariosupremus.com\/#website"},"primaryImageOfPage":{"@id":"https:\/\/acuariosupremus.com\/?product=perrera-gigante-verde-style#primaryimage"},"image":{"@id":"https:\/\/acuariosupremus.com\/?product=perrera-gigante-verde-style#primaryimage"},"thumbnailUrl":"https:\/\/acuariosupremus.com\/wp-content\/uploads\/2022\/03\/FL8844_F.jpg","datePublished":"2022-03-04T01:11:27+00:00","dateModified":"2026-01-24T21:40:45+00:00","description":"Estructura met\u00e1lica y plegable con mecanismos sencillos de fijaci\u00f3n, Puerta frontal y superior con malla y cintas Bolsas laterales para guardar accesorios.","breadcrumb":{"@id":"https:\/\/acuariosupremus.com\/?product=perrera-gigante-verde-style#breadcrumb"},"inLanguage":"es","potentialAction":[{"@type":"ReadAction","target":["https:\/\/acuariosupremus.com\/?product=perrera-gigante-verde-style"]}]},{"@type":"ImageObject","inLanguage":"es","@id":"https:\/\/acuariosupremus.com\/?product=perrera-gigante-verde-style#primaryimage","url":"https:\/\/acuariosupremus.com\/wp-content\/uploads\/2022\/03\/FL8844_F.jpg","contentUrl":"https:\/\/acuariosupremus.com\/wp-content\/uploads\/2022\/03\/FL8844_F.jpg","width":1000,"height":1000},{"@type":"BreadcrumbList","@id":"https:\/\/acuariosupremus.com\/?product=perrera-gigante-verde-style#breadcrumb","itemListElement":[{"@type":"ListItem","position":1,"name":"Portada","item":"https:\/\/acuariosupremus.com\/"},{"@type":"ListItem","position":2,"name":"Tienda","item":"https:\/\/acuariosupremus.com\/tienda\/"},{"@type":"ListItem","position":3,"name":"PERRERA GIGANTE VERDE STYLE"}]},{"@type":"WebSite","@id":"https:\/\/acuariosupremus.com\/#website","url":"https:\/\/acuariosupremus.com\/","name":"Acuario Supremus","description":"Peces, Peceras y Mascotas.","publisher":{"@id":"https:\/\/acuariosupremus.com\/#organization"},"potentialAction":[{"@type":"SearchAction","target":{"@type":"EntryPoint","urlTemplate":"https:\/\/acuariosupremus.com\/?s={search_term_string}"},"query-input":{"@type":"PropertyValueSpecification","valueRequired":true,"valueName":"search_term_string"}}],"inLanguage":"es"},{"@type":"Organization","@id":"https:\/\/acuariosupremus.com\/#organization","name":"Acuario Supremus","url":"https:\/\/acuariosupremus.com\/","logo":{"@type":"ImageObject","inLanguage":"es","@id":"https:\/\/acuariosupremus.com\/#\/schema\/logo\/image\/","url":"https:\/\/acuariosupremus.com\/wp-content\/uploads\/2021\/12\/cropped-logo_acuario_supremus_fn-2.png","contentUrl":"https:\/\/acuariosupremus.com\/wp-content\/uploads\/2021\/12\/cropped-logo_acuario_supremus_fn-2.png","width":1000,"height":318,"caption":"Acuario Supremus"},"image":{"@id":"https:\/\/acuariosupremus.com\/#\/schema\/logo\/image\/"},"sameAs":["https:\/\/www.facebook.com\/AcuarioSupremus","https:\/\/x.com\/AcuarioSupremus","https:\/\/www.instagram.com\/acuariosupremus\/?hl=es"]}]}},"jetpack_sharing_enabled":true,"_links":{"self":[{"href":"https:\/\/acuariosupremus.com\/index.php?rest_route=\/wp\/v2\/product\/4474","targetHints":{"allow":["GET"]}}],"collection":[{"href":"https:\/\/acuariosupremus.com\/index.php?rest_route=\/wp\/v2\/product"}],"about":[{"href":"https:\/\/acuariosupremus.com\/index.php?rest_route=\/wp\/v2\/types\/product"}],"wp:featuredmedia":[{"embeddable":true,"href":"https:\/\/acuariosupremus.com\/index.php?rest_route=\/wp\/v2\/media\/4464"}],"wp:attachment":[{"href":"https:\/\/acuariosupremus.com\/index.php?rest_route=%2Fwp%2Fv2%2Fmedia&parent=4474"}],"wp:term":[{"taxonomy":"product_brand","embeddable":true,"href":"https:\/\/acuariosupremus.com\/index.php?rest_route=%2Fwp%2Fv2%2Fproduct_brand&post=4474"},{"taxonomy":"product_cat","embeddable":true,"href":"https:\/\/acuariosupremus.com\/index.php?rest_route=%2Fwp%2Fv2%2Fproduct_cat&post=4474"},{"taxonomy":"product_tag","embeddable":true,"href":"https:\/\/acuariosupremus.com\/index.php?rest_route=%2Fwp%2Fv2%2Fproduct_tag&post=4474"}],"curies":[{"name":"wp","href":"https:\/\/api.w.org\/{rel}","templated":true}]}}