{"id":4572,"date":"2022-03-04T16:15:44","date_gmt":"2022-03-04T22:15:44","guid":{"rendered":"https:\/\/acuariosupremus.com\/?post_type=product&#038;p=4572"},"modified":"2026-01-30T15:34:17","modified_gmt":"2026-01-30T21:34:17","slug":"collar-xch-con-correa-y-bandas-reflejantes","status":"publish","type":"product","link":"https:\/\/acuariosupremus.com\/?product=collar-xch-con-correa-y-bandas-reflejantes","title":{"rendered":"COLLAR XCH CON CORREA Y BANDAS REFLEJANTES"},"content":{"rendered":"<p>Instrucciones:<br \/>\nElecci\u00f3n de tama\u00f1o de collar:<br \/>\nTome la medida del cuello de su mascota y considere 5 cm m\u00e1s. Si el resultado<br \/>\nfinal se encuentra entre dos tallas de collares, elija la talla m\u00e1s grande.<br \/>\nRecomendaciones y advertencias:<br \/>\nRevise regularmente el nivel de presi\u00f3n del collar sobre el cuello de la mascota<br \/>\npara evitar cualquier incidente.<br \/>\nEl uso de este producto es responsabilidad del due\u00f1o de la mascota.<br \/>\nInstrucciones de cuidado:<br \/>\n&#8211; L\u00e1vese a mano con agua tibia y detergente suave. No utilice cloro.<br \/>\n&#8211; No se exprima y deje secar colgado a la sombra. No use secadora.<br \/>\n&#8211; No planchar.<br \/>\nMedidas:<br \/>\nCollar: <strong>17 &#8211; 30 cm<\/strong>;<br \/>\ncorrea:<strong> 120 cm<\/strong><br \/>\nMaterial:<br \/>\nNailon, pl\u00e1stico, metal.<br \/>\nContenido:<br \/>\n2 piezas<\/p>\n","protected":false},"excerpt":{"rendered":"<p>Caracter\u00edsticas:<br \/>\n&#8211; Material resistente<br \/>\n&#8211; Broche de seguridad<br \/>\n&#8211; Ajustable<br \/>\n&#8211; Aro para sujetar la correa o cadena<br \/>\n&#8211; Colores surtidos<br \/>\n&#8211; Accesorio \u00fatil para identificaci\u00f3n de la mascota<br \/>\n&#8211; Auxiliar de control de la mascota junto con la correa o cadena<br \/>\nRazas sugeridas:<br \/>\nChihuahua, Peque\u00f1o Lebrel Italiano, Schnauzer Miniatura, Poodle Toy, Pinscher Miniatura, Papill\u00f3n, Pequin\u00e9s, Bich\u00f3n Malt\u00e9s,<br \/>\nYorkshire, Silky Terrier.<\/p>\n","protected":false},"featured_media":4573,"template":"","meta":[],"product_brand":[106],"product_cat":[73,82],"product_tag":[401],"class_list":{"0":"post-4572","1":"product","2":"type-product","3":"status-publish","4":"has-post-thumbnail","6":"product_brand-fancypets","7":"product_cat-perros","8":"product_cat-collares-y-correas","9":"product_tag-collar-y-correa-bandas-reflejantes","11":"first","12":"instock","13":"sale","14":"shipping-taxable","15":"purchasable","16":"product-type-simple"},"yoast_head":"<!-- This site is optimized with the Yoast SEO plugin v27.4 - https:\/\/yoast.com\/product\/yoast-seo-wordpress\/ -->\n<title>COLLAR XCH CON CORREA Y BANDAS REFLEJANTES | Acuario Supremus<\/title>\n<meta name=\"description\" content=\"Material resistente, Broche de seguridad, Ajustable, Aro para sujetar la correa o cadena, Colores surtidos, Accesorio \u00fatil para identificaci\u00f3n de la mascota.\" \/>\n<meta name=\"robots\" content=\"index, follow, max-snippet:-1, max-image-preview:large, max-video-preview:-1\" \/>\n<link rel=\"canonical\" href=\"https:\/\/acuariosupremus.com\/?product=collar-xch-con-correa-y-bandas-reflejantes\" \/>\n<meta property=\"og:locale\" content=\"es_MX\" \/>\n<meta property=\"og:type\" content=\"article\" \/>\n<meta property=\"og:title\" content=\"COLLAR XCH CON CORREA Y BANDAS REFLEJANTES | Acuario Supremus\" \/>\n<meta property=\"og:description\" content=\"Material resistente, Broche de seguridad, Ajustable, Aro para sujetar la correa o cadena, Colores surtidos, Accesorio \u00fatil para identificaci\u00f3n de la mascota.\" \/>\n<meta property=\"og:url\" content=\"https:\/\/acuariosupremus.com\/?product=collar-xch-con-correa-y-bandas-reflejantes\" \/>\n<meta property=\"og:site_name\" content=\"Acuario Supremus\" \/>\n<meta property=\"article:publisher\" content=\"https:\/\/www.facebook.com\/AcuarioSupremus\" \/>\n<meta property=\"article:modified_time\" content=\"2026-01-30T21:34:17+00:00\" \/>\n<meta property=\"og:image\" content=\"https:\/\/acuariosupremus.com\/wp-content\/uploads\/2022\/03\/FL8709.jpg\" \/>\n\t<meta property=\"og:image:width\" content=\"1000\" \/>\n\t<meta property=\"og:image:height\" content=\"1000\" \/>\n\t<meta property=\"og:image:type\" content=\"image\/jpeg\" \/>\n<meta name=\"twitter:card\" content=\"summary_large_image\" \/>\n<meta name=\"twitter:site\" content=\"@AcuarioSupremus\" \/>\n<meta name=\"twitter:label1\" content=\"Tiempo de lectura\" \/>\n\t<meta name=\"twitter:data1\" content=\"1 minuto\" \/>\n<script type=\"application\/ld+json\" class=\"yoast-schema-graph\">{\"@context\":\"https:\\\/\\\/schema.org\",\"@graph\":[{\"@type\":\"WebPage\",\"@id\":\"https:\\\/\\\/acuariosupremus.com\\\/?product=collar-xch-con-correa-y-bandas-reflejantes\",\"url\":\"https:\\\/\\\/acuariosupremus.com\\\/?product=collar-xch-con-correa-y-bandas-reflejantes\",\"name\":\"COLLAR XCH CON CORREA Y BANDAS REFLEJANTES | Acuario Supremus\",\"isPartOf\":{\"@id\":\"https:\\\/\\\/acuariosupremus.com\\\/#website\"},\"primaryImageOfPage\":{\"@id\":\"https:\\\/\\\/acuariosupremus.com\\\/?product=collar-xch-con-correa-y-bandas-reflejantes#primaryimage\"},\"image\":{\"@id\":\"https:\\\/\\\/acuariosupremus.com\\\/?product=collar-xch-con-correa-y-bandas-reflejantes#primaryimage\"},\"thumbnailUrl\":\"https:\\\/\\\/acuariosupremus.com\\\/wp-content\\\/uploads\\\/2022\\\/03\\\/FL8709.jpg\",\"datePublished\":\"2022-03-04T22:15:44+00:00\",\"dateModified\":\"2026-01-30T21:34:17+00:00\",\"description\":\"Material resistente, Broche de seguridad, Ajustable, Aro para sujetar la correa o cadena, Colores surtidos, Accesorio \u00fatil para identificaci\u00f3n de la mascota.\",\"breadcrumb\":{\"@id\":\"https:\\\/\\\/acuariosupremus.com\\\/?product=collar-xch-con-correa-y-bandas-reflejantes#breadcrumb\"},\"inLanguage\":\"es\",\"potentialAction\":[{\"@type\":\"ReadAction\",\"target\":[\"https:\\\/\\\/acuariosupremus.com\\\/?product=collar-xch-con-correa-y-bandas-reflejantes\"]}]},{\"@type\":\"ImageObject\",\"inLanguage\":\"es\",\"@id\":\"https:\\\/\\\/acuariosupremus.com\\\/?product=collar-xch-con-correa-y-bandas-reflejantes#primaryimage\",\"url\":\"https:\\\/\\\/acuariosupremus.com\\\/wp-content\\\/uploads\\\/2022\\\/03\\\/FL8709.jpg\",\"contentUrl\":\"https:\\\/\\\/acuariosupremus.com\\\/wp-content\\\/uploads\\\/2022\\\/03\\\/FL8709.jpg\",\"width\":1000,\"height\":1000},{\"@type\":\"BreadcrumbList\",\"@id\":\"https:\\\/\\\/acuariosupremus.com\\\/?product=collar-xch-con-correa-y-bandas-reflejantes#breadcrumb\",\"itemListElement\":[{\"@type\":\"ListItem\",\"position\":1,\"name\":\"Portada\",\"item\":\"https:\\\/\\\/acuariosupremus.com\\\/\"},{\"@type\":\"ListItem\",\"position\":2,\"name\":\"Tienda\",\"item\":\"https:\\\/\\\/acuariosupremus.com\\\/tienda\\\/\"},{\"@type\":\"ListItem\",\"position\":3,\"name\":\"COLLAR XCH CON CORREA Y BANDAS REFLEJANTES\"}]},{\"@type\":\"WebSite\",\"@id\":\"https:\\\/\\\/acuariosupremus.com\\\/#website\",\"url\":\"https:\\\/\\\/acuariosupremus.com\\\/\",\"name\":\"Acuario Supremus\",\"description\":\"Peces, Peceras y Mascotas.\",\"publisher\":{\"@id\":\"https:\\\/\\\/acuariosupremus.com\\\/#organization\"},\"potentialAction\":[{\"@type\":\"SearchAction\",\"target\":{\"@type\":\"EntryPoint\",\"urlTemplate\":\"https:\\\/\\\/acuariosupremus.com\\\/?s={search_term_string}\"},\"query-input\":{\"@type\":\"PropertyValueSpecification\",\"valueRequired\":true,\"valueName\":\"search_term_string\"}}],\"inLanguage\":\"es\"},{\"@type\":\"Organization\",\"@id\":\"https:\\\/\\\/acuariosupremus.com\\\/#organization\",\"name\":\"Acuario Supremus\",\"url\":\"https:\\\/\\\/acuariosupremus.com\\\/\",\"logo\":{\"@type\":\"ImageObject\",\"inLanguage\":\"es\",\"@id\":\"https:\\\/\\\/acuariosupremus.com\\\/#\\\/schema\\\/logo\\\/image\\\/\",\"url\":\"https:\\\/\\\/acuariosupremus.com\\\/wp-content\\\/uploads\\\/2021\\\/12\\\/cropped-logo_acuario_supremus_fn-2.png\",\"contentUrl\":\"https:\\\/\\\/acuariosupremus.com\\\/wp-content\\\/uploads\\\/2021\\\/12\\\/cropped-logo_acuario_supremus_fn-2.png\",\"width\":1000,\"height\":318,\"caption\":\"Acuario Supremus\"},\"image\":{\"@id\":\"https:\\\/\\\/acuariosupremus.com\\\/#\\\/schema\\\/logo\\\/image\\\/\"},\"sameAs\":[\"https:\\\/\\\/www.facebook.com\\\/AcuarioSupremus\",\"https:\\\/\\\/x.com\\\/AcuarioSupremus\",\"https:\\\/\\\/www.instagram.com\\\/acuariosupremus\\\/?hl=es\"]}]}<\/script>\n<!-- \/ Yoast SEO plugin. -->","yoast_head_json":{"title":"COLLAR XCH CON CORREA Y BANDAS REFLEJANTES | Acuario Supremus","description":"Material resistente, Broche de seguridad, Ajustable, Aro para sujetar la correa o cadena, Colores surtidos, Accesorio \u00fatil para identificaci\u00f3n de la mascota.","robots":{"index":"index","follow":"follow","max-snippet":"max-snippet:-1","max-image-preview":"max-image-preview:large","max-video-preview":"max-video-preview:-1"},"canonical":"https:\/\/acuariosupremus.com\/?product=collar-xch-con-correa-y-bandas-reflejantes","og_locale":"es_MX","og_type":"article","og_title":"COLLAR XCH CON CORREA Y BANDAS REFLEJANTES | Acuario Supremus","og_description":"Material resistente, Broche de seguridad, Ajustable, Aro para sujetar la correa o cadena, Colores surtidos, Accesorio \u00fatil para identificaci\u00f3n de la mascota.","og_url":"https:\/\/acuariosupremus.com\/?product=collar-xch-con-correa-y-bandas-reflejantes","og_site_name":"Acuario Supremus","article_publisher":"https:\/\/www.facebook.com\/AcuarioSupremus","article_modified_time":"2026-01-30T21:34:17+00:00","og_image":[{"width":1000,"height":1000,"url":"https:\/\/acuariosupremus.com\/wp-content\/uploads\/2022\/03\/FL8709.jpg","type":"image\/jpeg"}],"twitter_card":"summary_large_image","twitter_site":"@AcuarioSupremus","twitter_misc":{"Tiempo de lectura":"1 minuto"},"schema":{"@context":"https:\/\/schema.org","@graph":[{"@type":"WebPage","@id":"https:\/\/acuariosupremus.com\/?product=collar-xch-con-correa-y-bandas-reflejantes","url":"https:\/\/acuariosupremus.com\/?product=collar-xch-con-correa-y-bandas-reflejantes","name":"COLLAR XCH CON CORREA Y BANDAS REFLEJANTES | Acuario Supremus","isPartOf":{"@id":"https:\/\/acuariosupremus.com\/#website"},"primaryImageOfPage":{"@id":"https:\/\/acuariosupremus.com\/?product=collar-xch-con-correa-y-bandas-reflejantes#primaryimage"},"image":{"@id":"https:\/\/acuariosupremus.com\/?product=collar-xch-con-correa-y-bandas-reflejantes#primaryimage"},"thumbnailUrl":"https:\/\/acuariosupremus.com\/wp-content\/uploads\/2022\/03\/FL8709.jpg","datePublished":"2022-03-04T22:15:44+00:00","dateModified":"2026-01-30T21:34:17+00:00","description":"Material resistente, Broche de seguridad, Ajustable, Aro para sujetar la correa o cadena, Colores surtidos, Accesorio \u00fatil para identificaci\u00f3n de la mascota.","breadcrumb":{"@id":"https:\/\/acuariosupremus.com\/?product=collar-xch-con-correa-y-bandas-reflejantes#breadcrumb"},"inLanguage":"es","potentialAction":[{"@type":"ReadAction","target":["https:\/\/acuariosupremus.com\/?product=collar-xch-con-correa-y-bandas-reflejantes"]}]},{"@type":"ImageObject","inLanguage":"es","@id":"https:\/\/acuariosupremus.com\/?product=collar-xch-con-correa-y-bandas-reflejantes#primaryimage","url":"https:\/\/acuariosupremus.com\/wp-content\/uploads\/2022\/03\/FL8709.jpg","contentUrl":"https:\/\/acuariosupremus.com\/wp-content\/uploads\/2022\/03\/FL8709.jpg","width":1000,"height":1000},{"@type":"BreadcrumbList","@id":"https:\/\/acuariosupremus.com\/?product=collar-xch-con-correa-y-bandas-reflejantes#breadcrumb","itemListElement":[{"@type":"ListItem","position":1,"name":"Portada","item":"https:\/\/acuariosupremus.com\/"},{"@type":"ListItem","position":2,"name":"Tienda","item":"https:\/\/acuariosupremus.com\/tienda\/"},{"@type":"ListItem","position":3,"name":"COLLAR XCH CON CORREA Y BANDAS REFLEJANTES"}]},{"@type":"WebSite","@id":"https:\/\/acuariosupremus.com\/#website","url":"https:\/\/acuariosupremus.com\/","name":"Acuario Supremus","description":"Peces, Peceras y Mascotas.","publisher":{"@id":"https:\/\/acuariosupremus.com\/#organization"},"potentialAction":[{"@type":"SearchAction","target":{"@type":"EntryPoint","urlTemplate":"https:\/\/acuariosupremus.com\/?s={search_term_string}"},"query-input":{"@type":"PropertyValueSpecification","valueRequired":true,"valueName":"search_term_string"}}],"inLanguage":"es"},{"@type":"Organization","@id":"https:\/\/acuariosupremus.com\/#organization","name":"Acuario Supremus","url":"https:\/\/acuariosupremus.com\/","logo":{"@type":"ImageObject","inLanguage":"es","@id":"https:\/\/acuariosupremus.com\/#\/schema\/logo\/image\/","url":"https:\/\/acuariosupremus.com\/wp-content\/uploads\/2021\/12\/cropped-logo_acuario_supremus_fn-2.png","contentUrl":"https:\/\/acuariosupremus.com\/wp-content\/uploads\/2021\/12\/cropped-logo_acuario_supremus_fn-2.png","width":1000,"height":318,"caption":"Acuario Supremus"},"image":{"@id":"https:\/\/acuariosupremus.com\/#\/schema\/logo\/image\/"},"sameAs":["https:\/\/www.facebook.com\/AcuarioSupremus","https:\/\/x.com\/AcuarioSupremus","https:\/\/www.instagram.com\/acuariosupremus\/?hl=es"]}]}},"jetpack_sharing_enabled":true,"_links":{"self":[{"href":"https:\/\/acuariosupremus.com\/index.php?rest_route=\/wp\/v2\/product\/4572","targetHints":{"allow":["GET"]}}],"collection":[{"href":"https:\/\/acuariosupremus.com\/index.php?rest_route=\/wp\/v2\/product"}],"about":[{"href":"https:\/\/acuariosupremus.com\/index.php?rest_route=\/wp\/v2\/types\/product"}],"wp:featuredmedia":[{"embeddable":true,"href":"https:\/\/acuariosupremus.com\/index.php?rest_route=\/wp\/v2\/media\/4573"}],"wp:attachment":[{"href":"https:\/\/acuariosupremus.com\/index.php?rest_route=%2Fwp%2Fv2%2Fmedia&parent=4572"}],"wp:term":[{"taxonomy":"product_brand","embeddable":true,"href":"https:\/\/acuariosupremus.com\/index.php?rest_route=%2Fwp%2Fv2%2Fproduct_brand&post=4572"},{"taxonomy":"product_cat","embeddable":true,"href":"https:\/\/acuariosupremus.com\/index.php?rest_route=%2Fwp%2Fv2%2Fproduct_cat&post=4572"},{"taxonomy":"product_tag","embeddable":true,"href":"https:\/\/acuariosupremus.com\/index.php?rest_route=%2Fwp%2Fv2%2Fproduct_tag&post=4572"}],"curies":[{"name":"wp","href":"https:\/\/api.w.org\/{rel}","templated":true}]}}