{"id":4887,"date":"2022-03-08T09:13:20","date_gmt":"2022-03-08T15:13:20","guid":{"rendered":"https:\/\/acuariosupremus.com\/?post_type=product&#038;p=4887"},"modified":"2026-01-31T15:49:38","modified_gmt":"2026-01-31T21:49:38","slug":"bebedero-ch-1-gal-3-8-l","status":"publish","type":"product","link":"https:\/\/acuariosupremus.com\/?product=bebedero-ch-1-gal-3-8-l","title":{"rendered":"BEBEDERO CH 3.8 L."},"content":{"rendered":"<p>Instrucciones:<br \/>\nLevante el recipiente vac\u00edo, volt\u00e9elo y desenrosque la tapa. Llene el contenedor de alimento y enrosque la la tapa en direcci\u00f3n contraria de su apertura.<br \/>\nPonga el bebedero es su posici\u00f3n original para que el alimento caiga libremente por gravedad.<br \/>\nMedidas:<br \/>\n<strong>37 cm x 32 cm x 37 cm<\/strong><br \/>\nPeso\/Capacidad:<br \/>\n1 gal (3.8 L)<\/p>\n","protected":false},"excerpt":{"rendered":"<p>Caracter\u00edsticas:<br \/>\n&#8211; No requiere electricidad, ya que funciona por gravedad<br \/>\n&#8211; Hecho con materia prima de calidad alimentaria<br \/>\n&#8211; Gomas en base para evitar deslizamiento sobre la superficie<br \/>\n&#8211; Gran capacidad para almacenar el agua<br \/>\nVentajas:<br \/>\n&#8211; Sistema de alimentaci\u00f3n por gravedad<br \/>\n&#8211; Ideal para que tu mascota coma a sus horas<br \/>\n&#8211; Base antiderrapante<br \/>\n&#8211; F\u00e1cil de limpiar<\/p>\n","protected":false},"featured_media":4888,"template":"","meta":[],"product_brand":[106],"product_cat":[73,78],"product_tag":[427],"class_list":{"0":"post-4887","1":"product","2":"type-product","3":"status-publish","4":"has-post-thumbnail","6":"product_brand-fancypets","7":"product_cat-perros","8":"product_cat-dispensadores-perros","9":"product_tag-alimentador-fancy","11":"first","12":"instock","13":"sale","14":"shipping-taxable","15":"purchasable","16":"product-type-simple"},"yoast_head":"<!-- This site is optimized with the Yoast SEO plugin v27.4 - https:\/\/yoast.com\/product\/yoast-seo-wordpress\/ -->\n<title>BEBEDERO CH 3.8 L. | Acuario Supremus<\/title>\n<meta name=\"description\" content=\"No requiere electricidad, funciona por gravedad, Hecho con materia prima de calidad alimentaria Gomas en base para evitar deslizamiento sobre la superficie.\" \/>\n<meta name=\"robots\" content=\"index, follow, max-snippet:-1, max-image-preview:large, max-video-preview:-1\" \/>\n<link rel=\"canonical\" href=\"https:\/\/acuariosupremus.com\/?product=bebedero-ch-1-gal-3-8-l\" \/>\n<meta property=\"og:locale\" content=\"es_MX\" \/>\n<meta property=\"og:type\" content=\"article\" \/>\n<meta property=\"og:title\" content=\"BEBEDERO CH 3.8 L. | Acuario Supremus\" \/>\n<meta property=\"og:description\" content=\"No requiere electricidad, funciona por gravedad, Hecho con materia prima de calidad alimentaria Gomas en base para evitar deslizamiento sobre la superficie.\" \/>\n<meta property=\"og:url\" content=\"https:\/\/acuariosupremus.com\/?product=bebedero-ch-1-gal-3-8-l\" \/>\n<meta property=\"og:site_name\" content=\"Acuario Supremus\" \/>\n<meta property=\"article:publisher\" content=\"https:\/\/www.facebook.com\/AcuarioSupremus\" \/>\n<meta property=\"article:modified_time\" content=\"2026-01-31T21:49:38+00:00\" \/>\n<meta property=\"og:image\" content=\"https:\/\/acuariosupremus.com\/wp-content\/uploads\/2022\/03\/FL8489.jpg\" \/>\n\t<meta property=\"og:image:width\" content=\"1000\" \/>\n\t<meta property=\"og:image:height\" content=\"1000\" \/>\n\t<meta property=\"og:image:type\" content=\"image\/jpeg\" \/>\n<meta name=\"twitter:card\" content=\"summary_large_image\" \/>\n<meta name=\"twitter:site\" content=\"@AcuarioSupremus\" \/>\n<meta name=\"twitter:label1\" content=\"Tiempo de lectura\" \/>\n\t<meta name=\"twitter:data1\" content=\"1 minuto\" \/>\n<script type=\"application\/ld+json\" class=\"yoast-schema-graph\">{\"@context\":\"https:\\\/\\\/schema.org\",\"@graph\":[{\"@type\":\"WebPage\",\"@id\":\"https:\\\/\\\/acuariosupremus.com\\\/?product=bebedero-ch-1-gal-3-8-l\",\"url\":\"https:\\\/\\\/acuariosupremus.com\\\/?product=bebedero-ch-1-gal-3-8-l\",\"name\":\"BEBEDERO CH 3.8 L. | Acuario Supremus\",\"isPartOf\":{\"@id\":\"https:\\\/\\\/acuariosupremus.com\\\/#website\"},\"primaryImageOfPage\":{\"@id\":\"https:\\\/\\\/acuariosupremus.com\\\/?product=bebedero-ch-1-gal-3-8-l#primaryimage\"},\"image\":{\"@id\":\"https:\\\/\\\/acuariosupremus.com\\\/?product=bebedero-ch-1-gal-3-8-l#primaryimage\"},\"thumbnailUrl\":\"https:\\\/\\\/acuariosupremus.com\\\/wp-content\\\/uploads\\\/2022\\\/03\\\/FL8489.jpg\",\"datePublished\":\"2022-03-08T15:13:20+00:00\",\"dateModified\":\"2026-01-31T21:49:38+00:00\",\"description\":\"No requiere electricidad, funciona por gravedad, Hecho con materia prima de calidad alimentaria Gomas en base para evitar deslizamiento sobre la superficie.\",\"breadcrumb\":{\"@id\":\"https:\\\/\\\/acuariosupremus.com\\\/?product=bebedero-ch-1-gal-3-8-l#breadcrumb\"},\"inLanguage\":\"es\",\"potentialAction\":[{\"@type\":\"ReadAction\",\"target\":[\"https:\\\/\\\/acuariosupremus.com\\\/?product=bebedero-ch-1-gal-3-8-l\"]}]},{\"@type\":\"ImageObject\",\"inLanguage\":\"es\",\"@id\":\"https:\\\/\\\/acuariosupremus.com\\\/?product=bebedero-ch-1-gal-3-8-l#primaryimage\",\"url\":\"https:\\\/\\\/acuariosupremus.com\\\/wp-content\\\/uploads\\\/2022\\\/03\\\/FL8489.jpg\",\"contentUrl\":\"https:\\\/\\\/acuariosupremus.com\\\/wp-content\\\/uploads\\\/2022\\\/03\\\/FL8489.jpg\",\"width\":1000,\"height\":1000},{\"@type\":\"BreadcrumbList\",\"@id\":\"https:\\\/\\\/acuariosupremus.com\\\/?product=bebedero-ch-1-gal-3-8-l#breadcrumb\",\"itemListElement\":[{\"@type\":\"ListItem\",\"position\":1,\"name\":\"Portada\",\"item\":\"https:\\\/\\\/acuariosupremus.com\\\/\"},{\"@type\":\"ListItem\",\"position\":2,\"name\":\"Tienda\",\"item\":\"https:\\\/\\\/acuariosupremus.com\\\/tienda\\\/\"},{\"@type\":\"ListItem\",\"position\":3,\"name\":\"BEBEDERO CH 3.8 L.\"}]},{\"@type\":\"WebSite\",\"@id\":\"https:\\\/\\\/acuariosupremus.com\\\/#website\",\"url\":\"https:\\\/\\\/acuariosupremus.com\\\/\",\"name\":\"Acuario Supremus\",\"description\":\"Peces, Peceras y Mascotas.\",\"publisher\":{\"@id\":\"https:\\\/\\\/acuariosupremus.com\\\/#organization\"},\"potentialAction\":[{\"@type\":\"SearchAction\",\"target\":{\"@type\":\"EntryPoint\",\"urlTemplate\":\"https:\\\/\\\/acuariosupremus.com\\\/?s={search_term_string}\"},\"query-input\":{\"@type\":\"PropertyValueSpecification\",\"valueRequired\":true,\"valueName\":\"search_term_string\"}}],\"inLanguage\":\"es\"},{\"@type\":\"Organization\",\"@id\":\"https:\\\/\\\/acuariosupremus.com\\\/#organization\",\"name\":\"Acuario Supremus\",\"url\":\"https:\\\/\\\/acuariosupremus.com\\\/\",\"logo\":{\"@type\":\"ImageObject\",\"inLanguage\":\"es\",\"@id\":\"https:\\\/\\\/acuariosupremus.com\\\/#\\\/schema\\\/logo\\\/image\\\/\",\"url\":\"https:\\\/\\\/acuariosupremus.com\\\/wp-content\\\/uploads\\\/2021\\\/12\\\/cropped-logo_acuario_supremus_fn-2.png\",\"contentUrl\":\"https:\\\/\\\/acuariosupremus.com\\\/wp-content\\\/uploads\\\/2021\\\/12\\\/cropped-logo_acuario_supremus_fn-2.png\",\"width\":1000,\"height\":318,\"caption\":\"Acuario Supremus\"},\"image\":{\"@id\":\"https:\\\/\\\/acuariosupremus.com\\\/#\\\/schema\\\/logo\\\/image\\\/\"},\"sameAs\":[\"https:\\\/\\\/www.facebook.com\\\/AcuarioSupremus\",\"https:\\\/\\\/x.com\\\/AcuarioSupremus\",\"https:\\\/\\\/www.instagram.com\\\/acuariosupremus\\\/?hl=es\"]}]}<\/script>\n<!-- \/ Yoast SEO plugin. -->","yoast_head_json":{"title":"BEBEDERO CH 3.8 L. | Acuario Supremus","description":"No requiere electricidad, funciona por gravedad, Hecho con materia prima de calidad alimentaria Gomas en base para evitar deslizamiento sobre la superficie.","robots":{"index":"index","follow":"follow","max-snippet":"max-snippet:-1","max-image-preview":"max-image-preview:large","max-video-preview":"max-video-preview:-1"},"canonical":"https:\/\/acuariosupremus.com\/?product=bebedero-ch-1-gal-3-8-l","og_locale":"es_MX","og_type":"article","og_title":"BEBEDERO CH 3.8 L. | Acuario Supremus","og_description":"No requiere electricidad, funciona por gravedad, Hecho con materia prima de calidad alimentaria Gomas en base para evitar deslizamiento sobre la superficie.","og_url":"https:\/\/acuariosupremus.com\/?product=bebedero-ch-1-gal-3-8-l","og_site_name":"Acuario Supremus","article_publisher":"https:\/\/www.facebook.com\/AcuarioSupremus","article_modified_time":"2026-01-31T21:49:38+00:00","og_image":[{"width":1000,"height":1000,"url":"https:\/\/acuariosupremus.com\/wp-content\/uploads\/2022\/03\/FL8489.jpg","type":"image\/jpeg"}],"twitter_card":"summary_large_image","twitter_site":"@AcuarioSupremus","twitter_misc":{"Tiempo de lectura":"1 minuto"},"schema":{"@context":"https:\/\/schema.org","@graph":[{"@type":"WebPage","@id":"https:\/\/acuariosupremus.com\/?product=bebedero-ch-1-gal-3-8-l","url":"https:\/\/acuariosupremus.com\/?product=bebedero-ch-1-gal-3-8-l","name":"BEBEDERO CH 3.8 L. | Acuario Supremus","isPartOf":{"@id":"https:\/\/acuariosupremus.com\/#website"},"primaryImageOfPage":{"@id":"https:\/\/acuariosupremus.com\/?product=bebedero-ch-1-gal-3-8-l#primaryimage"},"image":{"@id":"https:\/\/acuariosupremus.com\/?product=bebedero-ch-1-gal-3-8-l#primaryimage"},"thumbnailUrl":"https:\/\/acuariosupremus.com\/wp-content\/uploads\/2022\/03\/FL8489.jpg","datePublished":"2022-03-08T15:13:20+00:00","dateModified":"2026-01-31T21:49:38+00:00","description":"No requiere electricidad, funciona por gravedad, Hecho con materia prima de calidad alimentaria Gomas en base para evitar deslizamiento sobre la superficie.","breadcrumb":{"@id":"https:\/\/acuariosupremus.com\/?product=bebedero-ch-1-gal-3-8-l#breadcrumb"},"inLanguage":"es","potentialAction":[{"@type":"ReadAction","target":["https:\/\/acuariosupremus.com\/?product=bebedero-ch-1-gal-3-8-l"]}]},{"@type":"ImageObject","inLanguage":"es","@id":"https:\/\/acuariosupremus.com\/?product=bebedero-ch-1-gal-3-8-l#primaryimage","url":"https:\/\/acuariosupremus.com\/wp-content\/uploads\/2022\/03\/FL8489.jpg","contentUrl":"https:\/\/acuariosupremus.com\/wp-content\/uploads\/2022\/03\/FL8489.jpg","width":1000,"height":1000},{"@type":"BreadcrumbList","@id":"https:\/\/acuariosupremus.com\/?product=bebedero-ch-1-gal-3-8-l#breadcrumb","itemListElement":[{"@type":"ListItem","position":1,"name":"Portada","item":"https:\/\/acuariosupremus.com\/"},{"@type":"ListItem","position":2,"name":"Tienda","item":"https:\/\/acuariosupremus.com\/tienda\/"},{"@type":"ListItem","position":3,"name":"BEBEDERO CH 3.8 L."}]},{"@type":"WebSite","@id":"https:\/\/acuariosupremus.com\/#website","url":"https:\/\/acuariosupremus.com\/","name":"Acuario Supremus","description":"Peces, Peceras y Mascotas.","publisher":{"@id":"https:\/\/acuariosupremus.com\/#organization"},"potentialAction":[{"@type":"SearchAction","target":{"@type":"EntryPoint","urlTemplate":"https:\/\/acuariosupremus.com\/?s={search_term_string}"},"query-input":{"@type":"PropertyValueSpecification","valueRequired":true,"valueName":"search_term_string"}}],"inLanguage":"es"},{"@type":"Organization","@id":"https:\/\/acuariosupremus.com\/#organization","name":"Acuario Supremus","url":"https:\/\/acuariosupremus.com\/","logo":{"@type":"ImageObject","inLanguage":"es","@id":"https:\/\/acuariosupremus.com\/#\/schema\/logo\/image\/","url":"https:\/\/acuariosupremus.com\/wp-content\/uploads\/2021\/12\/cropped-logo_acuario_supremus_fn-2.png","contentUrl":"https:\/\/acuariosupremus.com\/wp-content\/uploads\/2021\/12\/cropped-logo_acuario_supremus_fn-2.png","width":1000,"height":318,"caption":"Acuario Supremus"},"image":{"@id":"https:\/\/acuariosupremus.com\/#\/schema\/logo\/image\/"},"sameAs":["https:\/\/www.facebook.com\/AcuarioSupremus","https:\/\/x.com\/AcuarioSupremus","https:\/\/www.instagram.com\/acuariosupremus\/?hl=es"]}]}},"jetpack_sharing_enabled":true,"_links":{"self":[{"href":"https:\/\/acuariosupremus.com\/index.php?rest_route=\/wp\/v2\/product\/4887","targetHints":{"allow":["GET"]}}],"collection":[{"href":"https:\/\/acuariosupremus.com\/index.php?rest_route=\/wp\/v2\/product"}],"about":[{"href":"https:\/\/acuariosupremus.com\/index.php?rest_route=\/wp\/v2\/types\/product"}],"wp:featuredmedia":[{"embeddable":true,"href":"https:\/\/acuariosupremus.com\/index.php?rest_route=\/wp\/v2\/media\/4888"}],"wp:attachment":[{"href":"https:\/\/acuariosupremus.com\/index.php?rest_route=%2Fwp%2Fv2%2Fmedia&parent=4887"}],"wp:term":[{"taxonomy":"product_brand","embeddable":true,"href":"https:\/\/acuariosupremus.com\/index.php?rest_route=%2Fwp%2Fv2%2Fproduct_brand&post=4887"},{"taxonomy":"product_cat","embeddable":true,"href":"https:\/\/acuariosupremus.com\/index.php?rest_route=%2Fwp%2Fv2%2Fproduct_cat&post=4887"},{"taxonomy":"product_tag","embeddable":true,"href":"https:\/\/acuariosupremus.com\/index.php?rest_route=%2Fwp%2Fv2%2Fproduct_tag&post=4887"}],"curies":[{"name":"wp","href":"https:\/\/api.w.org\/{rel}","templated":true}]}}