{"id":5012,"date":"2022-03-15T15:48:39","date_gmt":"2022-03-15T21:48:39","guid":{"rendered":"https:\/\/acuariosupremus.com\/?post_type=product&#038;p=5012"},"modified":"2026-01-31T17:56:43","modified_gmt":"2026-01-31T23:56:43","slug":"plato-gde-economico-doble-1-3-l-48-oz","status":"publish","type":"product","link":"https:\/\/acuariosupremus.com\/?product=plato-gde-economico-doble-1-3-l-48-oz","title":{"rendered":"PLATO GDE ECONOMICO DOBLE 1.3 L"},"content":{"rendered":"<p>Medidas:<br \/>\n13 x 6 3\/4 x 2 3\/4. 33cm.x17.1cm.x6.9cm.<br \/>\nPeso\/Capacidad:<br \/>\n48 oz.\/1.42 l.<br \/>\nMaterial:<br \/>\nPl\u00e1stico<\/p>\n","protected":false},"excerpt":{"rendered":"<p>Caracter\u00edsticas:<br \/>\n&#8211; El modelo puede variar dependiendo de la disponibilidad.<br \/>\n&#8211; Lavable.<br \/>\n&#8211; No guarda olores. Varios colores.<br \/>\nRecomendaciones:<br \/>\nPlato con el tama\u00f1o ideal para la mascota, en el cual podr\u00e1 disfrutar de su rico alimento, adem\u00e1s sirve para que tome agua, no guarda olores, se puede lavar constantemente, resistente y ligero.<\/p>\n","protected":false},"featured_media":5013,"template":"","meta":[],"product_brand":[117],"product_cat":[73,78],"product_tag":[441,437],"class_list":{"0":"post-5012","1":"product","2":"type-product","3":"status-publish","4":"has-post-thumbnail","6":"product_brand-vanness","7":"product_cat-perros","8":"product_cat-dispensadores-perros","9":"product_tag-plato-doble-plastico","10":"product_tag-plato-plastico","12":"first","13":"outofstock","14":"sale","15":"shipping-taxable","16":"purchasable","17":"product-type-simple"},"yoast_head":"<!-- This site is optimized with the Yoast SEO plugin v27.4 - https:\/\/yoast.com\/product\/yoast-seo-wordpress\/ -->\n<title>PLATO GDE ECONOMICO DOBLE 1.3 L | Acuario Supremus<\/title>\n<meta name=\"description\" content=\"Plato con el tama\u00f1o ideal para la mascota, para alimento y agua, no guarda olores, se puede lavar constantemente, resistente y ligero.\" \/>\n<meta name=\"robots\" content=\"index, follow, max-snippet:-1, max-image-preview:large, max-video-preview:-1\" \/>\n<link rel=\"canonical\" href=\"https:\/\/acuariosupremus.com\/?product=plato-gde-economico-doble-1-3-l-48-oz\" \/>\n<meta property=\"og:locale\" content=\"es_MX\" \/>\n<meta property=\"og:type\" content=\"article\" \/>\n<meta property=\"og:title\" content=\"PLATO GDE ECONOMICO DOBLE 1.3 L | Acuario Supremus\" \/>\n<meta property=\"og:description\" content=\"Plato con el tama\u00f1o ideal para la mascota, para alimento y agua, no guarda olores, se puede lavar constantemente, resistente y ligero.\" \/>\n<meta property=\"og:url\" content=\"https:\/\/acuariosupremus.com\/?product=plato-gde-economico-doble-1-3-l-48-oz\" \/>\n<meta property=\"og:site_name\" content=\"Acuario Supremus\" \/>\n<meta property=\"article:publisher\" content=\"https:\/\/www.facebook.com\/AcuarioSupremus\" \/>\n<meta property=\"article:modified_time\" content=\"2026-01-31T23:56:43+00:00\" \/>\n<meta property=\"og:image\" content=\"https:\/\/acuariosupremus.com\/wp-content\/uploads\/2022\/03\/VNDD33.png\" \/>\n\t<meta property=\"og:image:width\" content=\"1000\" \/>\n\t<meta property=\"og:image:height\" content=\"1000\" \/>\n\t<meta property=\"og:image:type\" content=\"image\/png\" \/>\n<meta name=\"twitter:card\" content=\"summary_large_image\" \/>\n<meta name=\"twitter:site\" content=\"@AcuarioSupremus\" \/>\n<meta name=\"twitter:label1\" content=\"Tiempo de lectura\" \/>\n\t<meta name=\"twitter:data1\" content=\"1 minuto\" \/>\n<script type=\"application\/ld+json\" class=\"yoast-schema-graph\">{\"@context\":\"https:\\\/\\\/schema.org\",\"@graph\":[{\"@type\":\"WebPage\",\"@id\":\"https:\\\/\\\/acuariosupremus.com\\\/?product=plato-gde-economico-doble-1-3-l-48-oz\",\"url\":\"https:\\\/\\\/acuariosupremus.com\\\/?product=plato-gde-economico-doble-1-3-l-48-oz\",\"name\":\"PLATO GDE ECONOMICO DOBLE 1.3 L | Acuario Supremus\",\"isPartOf\":{\"@id\":\"https:\\\/\\\/acuariosupremus.com\\\/#website\"},\"primaryImageOfPage\":{\"@id\":\"https:\\\/\\\/acuariosupremus.com\\\/?product=plato-gde-economico-doble-1-3-l-48-oz#primaryimage\"},\"image\":{\"@id\":\"https:\\\/\\\/acuariosupremus.com\\\/?product=plato-gde-economico-doble-1-3-l-48-oz#primaryimage\"},\"thumbnailUrl\":\"https:\\\/\\\/acuariosupremus.com\\\/wp-content\\\/uploads\\\/2022\\\/03\\\/VNDD33.png\",\"datePublished\":\"2022-03-15T21:48:39+00:00\",\"dateModified\":\"2026-01-31T23:56:43+00:00\",\"description\":\"Plato con el tama\u00f1o ideal para la mascota, para alimento y agua, no guarda olores, se puede lavar constantemente, resistente y ligero.\",\"breadcrumb\":{\"@id\":\"https:\\\/\\\/acuariosupremus.com\\\/?product=plato-gde-economico-doble-1-3-l-48-oz#breadcrumb\"},\"inLanguage\":\"es\",\"potentialAction\":[{\"@type\":\"ReadAction\",\"target\":[\"https:\\\/\\\/acuariosupremus.com\\\/?product=plato-gde-economico-doble-1-3-l-48-oz\"]}]},{\"@type\":\"ImageObject\",\"inLanguage\":\"es\",\"@id\":\"https:\\\/\\\/acuariosupremus.com\\\/?product=plato-gde-economico-doble-1-3-l-48-oz#primaryimage\",\"url\":\"https:\\\/\\\/acuariosupremus.com\\\/wp-content\\\/uploads\\\/2022\\\/03\\\/VNDD33.png\",\"contentUrl\":\"https:\\\/\\\/acuariosupremus.com\\\/wp-content\\\/uploads\\\/2022\\\/03\\\/VNDD33.png\",\"width\":1000,\"height\":1000},{\"@type\":\"BreadcrumbList\",\"@id\":\"https:\\\/\\\/acuariosupremus.com\\\/?product=plato-gde-economico-doble-1-3-l-48-oz#breadcrumb\",\"itemListElement\":[{\"@type\":\"ListItem\",\"position\":1,\"name\":\"Portada\",\"item\":\"https:\\\/\\\/acuariosupremus.com\\\/\"},{\"@type\":\"ListItem\",\"position\":2,\"name\":\"Tienda\",\"item\":\"https:\\\/\\\/acuariosupremus.com\\\/tienda\\\/\"},{\"@type\":\"ListItem\",\"position\":3,\"name\":\"PLATO GDE ECONOMICO DOBLE 1.3 L\"}]},{\"@type\":\"WebSite\",\"@id\":\"https:\\\/\\\/acuariosupremus.com\\\/#website\",\"url\":\"https:\\\/\\\/acuariosupremus.com\\\/\",\"name\":\"Acuario Supremus\",\"description\":\"Peces, Peceras y Mascotas.\",\"publisher\":{\"@id\":\"https:\\\/\\\/acuariosupremus.com\\\/#organization\"},\"potentialAction\":[{\"@type\":\"SearchAction\",\"target\":{\"@type\":\"EntryPoint\",\"urlTemplate\":\"https:\\\/\\\/acuariosupremus.com\\\/?s={search_term_string}\"},\"query-input\":{\"@type\":\"PropertyValueSpecification\",\"valueRequired\":true,\"valueName\":\"search_term_string\"}}],\"inLanguage\":\"es\"},{\"@type\":\"Organization\",\"@id\":\"https:\\\/\\\/acuariosupremus.com\\\/#organization\",\"name\":\"Acuario Supremus\",\"url\":\"https:\\\/\\\/acuariosupremus.com\\\/\",\"logo\":{\"@type\":\"ImageObject\",\"inLanguage\":\"es\",\"@id\":\"https:\\\/\\\/acuariosupremus.com\\\/#\\\/schema\\\/logo\\\/image\\\/\",\"url\":\"https:\\\/\\\/acuariosupremus.com\\\/wp-content\\\/uploads\\\/2021\\\/12\\\/cropped-logo_acuario_supremus_fn-2.png\",\"contentUrl\":\"https:\\\/\\\/acuariosupremus.com\\\/wp-content\\\/uploads\\\/2021\\\/12\\\/cropped-logo_acuario_supremus_fn-2.png\",\"width\":1000,\"height\":318,\"caption\":\"Acuario Supremus\"},\"image\":{\"@id\":\"https:\\\/\\\/acuariosupremus.com\\\/#\\\/schema\\\/logo\\\/image\\\/\"},\"sameAs\":[\"https:\\\/\\\/www.facebook.com\\\/AcuarioSupremus\",\"https:\\\/\\\/x.com\\\/AcuarioSupremus\",\"https:\\\/\\\/www.instagram.com\\\/acuariosupremus\\\/?hl=es\"]}]}<\/script>\n<!-- \/ Yoast SEO plugin. -->","yoast_head_json":{"title":"PLATO GDE ECONOMICO DOBLE 1.3 L | Acuario Supremus","description":"Plato con el tama\u00f1o ideal para la mascota, para alimento y agua, no guarda olores, se puede lavar constantemente, resistente y ligero.","robots":{"index":"index","follow":"follow","max-snippet":"max-snippet:-1","max-image-preview":"max-image-preview:large","max-video-preview":"max-video-preview:-1"},"canonical":"https:\/\/acuariosupremus.com\/?product=plato-gde-economico-doble-1-3-l-48-oz","og_locale":"es_MX","og_type":"article","og_title":"PLATO GDE ECONOMICO DOBLE 1.3 L | Acuario Supremus","og_description":"Plato con el tama\u00f1o ideal para la mascota, para alimento y agua, no guarda olores, se puede lavar constantemente, resistente y ligero.","og_url":"https:\/\/acuariosupremus.com\/?product=plato-gde-economico-doble-1-3-l-48-oz","og_site_name":"Acuario Supremus","article_publisher":"https:\/\/www.facebook.com\/AcuarioSupremus","article_modified_time":"2026-01-31T23:56:43+00:00","og_image":[{"width":1000,"height":1000,"url":"https:\/\/acuariosupremus.com\/wp-content\/uploads\/2022\/03\/VNDD33.png","type":"image\/png"}],"twitter_card":"summary_large_image","twitter_site":"@AcuarioSupremus","twitter_misc":{"Tiempo de lectura":"1 minuto"},"schema":{"@context":"https:\/\/schema.org","@graph":[{"@type":"WebPage","@id":"https:\/\/acuariosupremus.com\/?product=plato-gde-economico-doble-1-3-l-48-oz","url":"https:\/\/acuariosupremus.com\/?product=plato-gde-economico-doble-1-3-l-48-oz","name":"PLATO GDE ECONOMICO DOBLE 1.3 L | Acuario Supremus","isPartOf":{"@id":"https:\/\/acuariosupremus.com\/#website"},"primaryImageOfPage":{"@id":"https:\/\/acuariosupremus.com\/?product=plato-gde-economico-doble-1-3-l-48-oz#primaryimage"},"image":{"@id":"https:\/\/acuariosupremus.com\/?product=plato-gde-economico-doble-1-3-l-48-oz#primaryimage"},"thumbnailUrl":"https:\/\/acuariosupremus.com\/wp-content\/uploads\/2022\/03\/VNDD33.png","datePublished":"2022-03-15T21:48:39+00:00","dateModified":"2026-01-31T23:56:43+00:00","description":"Plato con el tama\u00f1o ideal para la mascota, para alimento y agua, no guarda olores, se puede lavar constantemente, resistente y ligero.","breadcrumb":{"@id":"https:\/\/acuariosupremus.com\/?product=plato-gde-economico-doble-1-3-l-48-oz#breadcrumb"},"inLanguage":"es","potentialAction":[{"@type":"ReadAction","target":["https:\/\/acuariosupremus.com\/?product=plato-gde-economico-doble-1-3-l-48-oz"]}]},{"@type":"ImageObject","inLanguage":"es","@id":"https:\/\/acuariosupremus.com\/?product=plato-gde-economico-doble-1-3-l-48-oz#primaryimage","url":"https:\/\/acuariosupremus.com\/wp-content\/uploads\/2022\/03\/VNDD33.png","contentUrl":"https:\/\/acuariosupremus.com\/wp-content\/uploads\/2022\/03\/VNDD33.png","width":1000,"height":1000},{"@type":"BreadcrumbList","@id":"https:\/\/acuariosupremus.com\/?product=plato-gde-economico-doble-1-3-l-48-oz#breadcrumb","itemListElement":[{"@type":"ListItem","position":1,"name":"Portada","item":"https:\/\/acuariosupremus.com\/"},{"@type":"ListItem","position":2,"name":"Tienda","item":"https:\/\/acuariosupremus.com\/tienda\/"},{"@type":"ListItem","position":3,"name":"PLATO GDE ECONOMICO DOBLE 1.3 L"}]},{"@type":"WebSite","@id":"https:\/\/acuariosupremus.com\/#website","url":"https:\/\/acuariosupremus.com\/","name":"Acuario Supremus","description":"Peces, Peceras y Mascotas.","publisher":{"@id":"https:\/\/acuariosupremus.com\/#organization"},"potentialAction":[{"@type":"SearchAction","target":{"@type":"EntryPoint","urlTemplate":"https:\/\/acuariosupremus.com\/?s={search_term_string}"},"query-input":{"@type":"PropertyValueSpecification","valueRequired":true,"valueName":"search_term_string"}}],"inLanguage":"es"},{"@type":"Organization","@id":"https:\/\/acuariosupremus.com\/#organization","name":"Acuario Supremus","url":"https:\/\/acuariosupremus.com\/","logo":{"@type":"ImageObject","inLanguage":"es","@id":"https:\/\/acuariosupremus.com\/#\/schema\/logo\/image\/","url":"https:\/\/acuariosupremus.com\/wp-content\/uploads\/2021\/12\/cropped-logo_acuario_supremus_fn-2.png","contentUrl":"https:\/\/acuariosupremus.com\/wp-content\/uploads\/2021\/12\/cropped-logo_acuario_supremus_fn-2.png","width":1000,"height":318,"caption":"Acuario Supremus"},"image":{"@id":"https:\/\/acuariosupremus.com\/#\/schema\/logo\/image\/"},"sameAs":["https:\/\/www.facebook.com\/AcuarioSupremus","https:\/\/x.com\/AcuarioSupremus","https:\/\/www.instagram.com\/acuariosupremus\/?hl=es"]}]}},"jetpack_sharing_enabled":true,"_links":{"self":[{"href":"https:\/\/acuariosupremus.com\/index.php?rest_route=\/wp\/v2\/product\/5012","targetHints":{"allow":["GET"]}}],"collection":[{"href":"https:\/\/acuariosupremus.com\/index.php?rest_route=\/wp\/v2\/product"}],"about":[{"href":"https:\/\/acuariosupremus.com\/index.php?rest_route=\/wp\/v2\/types\/product"}],"wp:featuredmedia":[{"embeddable":true,"href":"https:\/\/acuariosupremus.com\/index.php?rest_route=\/wp\/v2\/media\/5013"}],"wp:attachment":[{"href":"https:\/\/acuariosupremus.com\/index.php?rest_route=%2Fwp%2Fv2%2Fmedia&parent=5012"}],"wp:term":[{"taxonomy":"product_brand","embeddable":true,"href":"https:\/\/acuariosupremus.com\/index.php?rest_route=%2Fwp%2Fv2%2Fproduct_brand&post=5012"},{"taxonomy":"product_cat","embeddable":true,"href":"https:\/\/acuariosupremus.com\/index.php?rest_route=%2Fwp%2Fv2%2Fproduct_cat&post=5012"},{"taxonomy":"product_tag","embeddable":true,"href":"https:\/\/acuariosupremus.com\/index.php?rest_route=%2Fwp%2Fv2%2Fproduct_tag&post=5012"}],"curies":[{"name":"wp","href":"https:\/\/api.w.org\/{rel}","templated":true}]}}