{"id":5019,"date":"2022-03-15T16:15:55","date_gmt":"2022-03-15T22:15:55","guid":{"rendered":"https:\/\/acuariosupremus.com\/?post_type=product&#038;p=5019"},"modified":"2026-01-31T18:06:31","modified_gmt":"2026-02-01T00:06:31","slug":"contenedor-de-alimento-4-5-kg-10-lb","status":"publish","type":"product","link":"https:\/\/acuariosupremus.com\/?product=contenedor-de-alimento-4-5-kg-10-lb","title":{"rendered":"CONTENEDOR DE ALIMENTO 4.5 KG."},"content":{"rendered":"<p>Medidas:<br \/>\n28 cm x 25 cm x 32 cm<br \/>\nPeso\/Capacidad:<br \/>\n10 lb (4.53 kg).<br \/>\nMaterial:<br \/>\nPl\u00e1stico<\/p>\n","protected":false},"excerpt":{"rendered":"<p>Caracter\u00edsticas:<br \/>\n&#8211; Contenedor de alimento con dise\u00f1o practico que mantiene el alimento fresco.<br \/>\n&#8211; Ideal para due\u00f1os de perros peque\u00f1os.<br \/>\n&#8211; Elaborado con pl\u00e1stico resistente. Varios colores.<br \/>\nBeneficios:<br \/>\nMantiene el alimento fresco. Evita la entrada de insectos y polvo al alimento. Evita el contacto polvo del alimento con el agua evitando as\u00ed la formaci\u00f3n de hongos. Pl\u00e1stico inocuo para la mascota. Lavable y duradero.<\/p>\n","protected":false},"featured_media":5020,"template":"","meta":[],"product_brand":[117],"product_cat":[73,78],"product_tag":[436],"class_list":{"0":"post-5019","1":"product","2":"type-product","3":"status-publish","4":"has-post-thumbnail","6":"product_brand-vanness","7":"product_cat-perros","8":"product_cat-dispensadores-perros","9":"product_tag-contenedor-alimento","11":"first","12":"instock","13":"sale","14":"shipping-taxable","15":"purchasable","16":"product-type-simple"},"yoast_head":"<!-- This site is optimized with the Yoast SEO plugin v27.4 - https:\/\/yoast.com\/product\/yoast-seo-wordpress\/ -->\n<title>CONTENEDOR DE ALIMENTO 4.5 KG. | Acuario Supremus<\/title>\n<meta name=\"description\" content=\"Mantiene el alimento fresco, Evita la entrada de insectos y polvo al alimento, Pl\u00e1stico inocuo para la mascota, Lavable y duradero.\" \/>\n<meta name=\"robots\" content=\"index, follow, max-snippet:-1, max-image-preview:large, max-video-preview:-1\" \/>\n<link rel=\"canonical\" href=\"https:\/\/acuariosupremus.com\/?product=contenedor-de-alimento-4-5-kg-10-lb\" \/>\n<meta property=\"og:locale\" content=\"es_MX\" \/>\n<meta property=\"og:type\" content=\"article\" \/>\n<meta property=\"og:title\" content=\"CONTENEDOR DE ALIMENTO 4.5 KG. | Acuario Supremus\" \/>\n<meta property=\"og:description\" content=\"Mantiene el alimento fresco, Evita la entrada de insectos y polvo al alimento, Pl\u00e1stico inocuo para la mascota, Lavable y duradero.\" \/>\n<meta property=\"og:url\" content=\"https:\/\/acuariosupremus.com\/?product=contenedor-de-alimento-4-5-kg-10-lb\" \/>\n<meta property=\"og:site_name\" content=\"Acuario Supremus\" \/>\n<meta property=\"article:publisher\" content=\"https:\/\/www.facebook.com\/AcuarioSupremus\" \/>\n<meta property=\"article:modified_time\" content=\"2026-02-01T00:06:31+00:00\" \/>\n<meta property=\"og:image\" content=\"https:\/\/acuariosupremus.com\/wp-content\/uploads\/2022\/03\/VNFC10.jpg\" \/>\n\t<meta property=\"og:image:width\" content=\"1000\" \/>\n\t<meta property=\"og:image:height\" content=\"1000\" \/>\n\t<meta property=\"og:image:type\" content=\"image\/jpeg\" \/>\n<meta name=\"twitter:card\" content=\"summary_large_image\" \/>\n<meta name=\"twitter:site\" content=\"@AcuarioSupremus\" \/>\n<meta name=\"twitter:label1\" content=\"Tiempo de lectura\" \/>\n\t<meta name=\"twitter:data1\" content=\"1 minuto\" \/>\n<script type=\"application\/ld+json\" class=\"yoast-schema-graph\">{\"@context\":\"https:\\\/\\\/schema.org\",\"@graph\":[{\"@type\":\"WebPage\",\"@id\":\"https:\\\/\\\/acuariosupremus.com\\\/?product=contenedor-de-alimento-4-5-kg-10-lb\",\"url\":\"https:\\\/\\\/acuariosupremus.com\\\/?product=contenedor-de-alimento-4-5-kg-10-lb\",\"name\":\"CONTENEDOR DE ALIMENTO 4.5 KG. | Acuario Supremus\",\"isPartOf\":{\"@id\":\"https:\\\/\\\/acuariosupremus.com\\\/#website\"},\"primaryImageOfPage\":{\"@id\":\"https:\\\/\\\/acuariosupremus.com\\\/?product=contenedor-de-alimento-4-5-kg-10-lb#primaryimage\"},\"image\":{\"@id\":\"https:\\\/\\\/acuariosupremus.com\\\/?product=contenedor-de-alimento-4-5-kg-10-lb#primaryimage\"},\"thumbnailUrl\":\"https:\\\/\\\/acuariosupremus.com\\\/wp-content\\\/uploads\\\/2022\\\/03\\\/VNFC10.jpg\",\"datePublished\":\"2022-03-15T22:15:55+00:00\",\"dateModified\":\"2026-02-01T00:06:31+00:00\",\"description\":\"Mantiene el alimento fresco, Evita la entrada de insectos y polvo al alimento, Pl\u00e1stico inocuo para la mascota, Lavable y duradero.\",\"breadcrumb\":{\"@id\":\"https:\\\/\\\/acuariosupremus.com\\\/?product=contenedor-de-alimento-4-5-kg-10-lb#breadcrumb\"},\"inLanguage\":\"es\",\"potentialAction\":[{\"@type\":\"ReadAction\",\"target\":[\"https:\\\/\\\/acuariosupremus.com\\\/?product=contenedor-de-alimento-4-5-kg-10-lb\"]}]},{\"@type\":\"ImageObject\",\"inLanguage\":\"es\",\"@id\":\"https:\\\/\\\/acuariosupremus.com\\\/?product=contenedor-de-alimento-4-5-kg-10-lb#primaryimage\",\"url\":\"https:\\\/\\\/acuariosupremus.com\\\/wp-content\\\/uploads\\\/2022\\\/03\\\/VNFC10.jpg\",\"contentUrl\":\"https:\\\/\\\/acuariosupremus.com\\\/wp-content\\\/uploads\\\/2022\\\/03\\\/VNFC10.jpg\",\"width\":1000,\"height\":1000},{\"@type\":\"BreadcrumbList\",\"@id\":\"https:\\\/\\\/acuariosupremus.com\\\/?product=contenedor-de-alimento-4-5-kg-10-lb#breadcrumb\",\"itemListElement\":[{\"@type\":\"ListItem\",\"position\":1,\"name\":\"Portada\",\"item\":\"https:\\\/\\\/acuariosupremus.com\\\/\"},{\"@type\":\"ListItem\",\"position\":2,\"name\":\"Tienda\",\"item\":\"https:\\\/\\\/acuariosupremus.com\\\/tienda\\\/\"},{\"@type\":\"ListItem\",\"position\":3,\"name\":\"CONTENEDOR DE ALIMENTO 4.5 KG.\"}]},{\"@type\":\"WebSite\",\"@id\":\"https:\\\/\\\/acuariosupremus.com\\\/#website\",\"url\":\"https:\\\/\\\/acuariosupremus.com\\\/\",\"name\":\"Acuario Supremus\",\"description\":\"Peces, Peceras y Mascotas.\",\"publisher\":{\"@id\":\"https:\\\/\\\/acuariosupremus.com\\\/#organization\"},\"potentialAction\":[{\"@type\":\"SearchAction\",\"target\":{\"@type\":\"EntryPoint\",\"urlTemplate\":\"https:\\\/\\\/acuariosupremus.com\\\/?s={search_term_string}\"},\"query-input\":{\"@type\":\"PropertyValueSpecification\",\"valueRequired\":true,\"valueName\":\"search_term_string\"}}],\"inLanguage\":\"es\"},{\"@type\":\"Organization\",\"@id\":\"https:\\\/\\\/acuariosupremus.com\\\/#organization\",\"name\":\"Acuario Supremus\",\"url\":\"https:\\\/\\\/acuariosupremus.com\\\/\",\"logo\":{\"@type\":\"ImageObject\",\"inLanguage\":\"es\",\"@id\":\"https:\\\/\\\/acuariosupremus.com\\\/#\\\/schema\\\/logo\\\/image\\\/\",\"url\":\"https:\\\/\\\/acuariosupremus.com\\\/wp-content\\\/uploads\\\/2021\\\/12\\\/cropped-logo_acuario_supremus_fn-2.png\",\"contentUrl\":\"https:\\\/\\\/acuariosupremus.com\\\/wp-content\\\/uploads\\\/2021\\\/12\\\/cropped-logo_acuario_supremus_fn-2.png\",\"width\":1000,\"height\":318,\"caption\":\"Acuario Supremus\"},\"image\":{\"@id\":\"https:\\\/\\\/acuariosupremus.com\\\/#\\\/schema\\\/logo\\\/image\\\/\"},\"sameAs\":[\"https:\\\/\\\/www.facebook.com\\\/AcuarioSupremus\",\"https:\\\/\\\/x.com\\\/AcuarioSupremus\",\"https:\\\/\\\/www.instagram.com\\\/acuariosupremus\\\/?hl=es\"]}]}<\/script>\n<!-- \/ Yoast SEO plugin. -->","yoast_head_json":{"title":"CONTENEDOR DE ALIMENTO 4.5 KG. | Acuario Supremus","description":"Mantiene el alimento fresco, Evita la entrada de insectos y polvo al alimento, Pl\u00e1stico inocuo para la mascota, Lavable y duradero.","robots":{"index":"index","follow":"follow","max-snippet":"max-snippet:-1","max-image-preview":"max-image-preview:large","max-video-preview":"max-video-preview:-1"},"canonical":"https:\/\/acuariosupremus.com\/?product=contenedor-de-alimento-4-5-kg-10-lb","og_locale":"es_MX","og_type":"article","og_title":"CONTENEDOR DE ALIMENTO 4.5 KG. | Acuario Supremus","og_description":"Mantiene el alimento fresco, Evita la entrada de insectos y polvo al alimento, Pl\u00e1stico inocuo para la mascota, Lavable y duradero.","og_url":"https:\/\/acuariosupremus.com\/?product=contenedor-de-alimento-4-5-kg-10-lb","og_site_name":"Acuario Supremus","article_publisher":"https:\/\/www.facebook.com\/AcuarioSupremus","article_modified_time":"2026-02-01T00:06:31+00:00","og_image":[{"width":1000,"height":1000,"url":"https:\/\/acuariosupremus.com\/wp-content\/uploads\/2022\/03\/VNFC10.jpg","type":"image\/jpeg"}],"twitter_card":"summary_large_image","twitter_site":"@AcuarioSupremus","twitter_misc":{"Tiempo de lectura":"1 minuto"},"schema":{"@context":"https:\/\/schema.org","@graph":[{"@type":"WebPage","@id":"https:\/\/acuariosupremus.com\/?product=contenedor-de-alimento-4-5-kg-10-lb","url":"https:\/\/acuariosupremus.com\/?product=contenedor-de-alimento-4-5-kg-10-lb","name":"CONTENEDOR DE ALIMENTO 4.5 KG. | Acuario Supremus","isPartOf":{"@id":"https:\/\/acuariosupremus.com\/#website"},"primaryImageOfPage":{"@id":"https:\/\/acuariosupremus.com\/?product=contenedor-de-alimento-4-5-kg-10-lb#primaryimage"},"image":{"@id":"https:\/\/acuariosupremus.com\/?product=contenedor-de-alimento-4-5-kg-10-lb#primaryimage"},"thumbnailUrl":"https:\/\/acuariosupremus.com\/wp-content\/uploads\/2022\/03\/VNFC10.jpg","datePublished":"2022-03-15T22:15:55+00:00","dateModified":"2026-02-01T00:06:31+00:00","description":"Mantiene el alimento fresco, Evita la entrada de insectos y polvo al alimento, Pl\u00e1stico inocuo para la mascota, Lavable y duradero.","breadcrumb":{"@id":"https:\/\/acuariosupremus.com\/?product=contenedor-de-alimento-4-5-kg-10-lb#breadcrumb"},"inLanguage":"es","potentialAction":[{"@type":"ReadAction","target":["https:\/\/acuariosupremus.com\/?product=contenedor-de-alimento-4-5-kg-10-lb"]}]},{"@type":"ImageObject","inLanguage":"es","@id":"https:\/\/acuariosupremus.com\/?product=contenedor-de-alimento-4-5-kg-10-lb#primaryimage","url":"https:\/\/acuariosupremus.com\/wp-content\/uploads\/2022\/03\/VNFC10.jpg","contentUrl":"https:\/\/acuariosupremus.com\/wp-content\/uploads\/2022\/03\/VNFC10.jpg","width":1000,"height":1000},{"@type":"BreadcrumbList","@id":"https:\/\/acuariosupremus.com\/?product=contenedor-de-alimento-4-5-kg-10-lb#breadcrumb","itemListElement":[{"@type":"ListItem","position":1,"name":"Portada","item":"https:\/\/acuariosupremus.com\/"},{"@type":"ListItem","position":2,"name":"Tienda","item":"https:\/\/acuariosupremus.com\/tienda\/"},{"@type":"ListItem","position":3,"name":"CONTENEDOR DE ALIMENTO 4.5 KG."}]},{"@type":"WebSite","@id":"https:\/\/acuariosupremus.com\/#website","url":"https:\/\/acuariosupremus.com\/","name":"Acuario Supremus","description":"Peces, Peceras y Mascotas.","publisher":{"@id":"https:\/\/acuariosupremus.com\/#organization"},"potentialAction":[{"@type":"SearchAction","target":{"@type":"EntryPoint","urlTemplate":"https:\/\/acuariosupremus.com\/?s={search_term_string}"},"query-input":{"@type":"PropertyValueSpecification","valueRequired":true,"valueName":"search_term_string"}}],"inLanguage":"es"},{"@type":"Organization","@id":"https:\/\/acuariosupremus.com\/#organization","name":"Acuario Supremus","url":"https:\/\/acuariosupremus.com\/","logo":{"@type":"ImageObject","inLanguage":"es","@id":"https:\/\/acuariosupremus.com\/#\/schema\/logo\/image\/","url":"https:\/\/acuariosupremus.com\/wp-content\/uploads\/2021\/12\/cropped-logo_acuario_supremus_fn-2.png","contentUrl":"https:\/\/acuariosupremus.com\/wp-content\/uploads\/2021\/12\/cropped-logo_acuario_supremus_fn-2.png","width":1000,"height":318,"caption":"Acuario Supremus"},"image":{"@id":"https:\/\/acuariosupremus.com\/#\/schema\/logo\/image\/"},"sameAs":["https:\/\/www.facebook.com\/AcuarioSupremus","https:\/\/x.com\/AcuarioSupremus","https:\/\/www.instagram.com\/acuariosupremus\/?hl=es"]}]}},"jetpack_sharing_enabled":true,"_links":{"self":[{"href":"https:\/\/acuariosupremus.com\/index.php?rest_route=\/wp\/v2\/product\/5019","targetHints":{"allow":["GET"]}}],"collection":[{"href":"https:\/\/acuariosupremus.com\/index.php?rest_route=\/wp\/v2\/product"}],"about":[{"href":"https:\/\/acuariosupremus.com\/index.php?rest_route=\/wp\/v2\/types\/product"}],"wp:featuredmedia":[{"embeddable":true,"href":"https:\/\/acuariosupremus.com\/index.php?rest_route=\/wp\/v2\/media\/5020"}],"wp:attachment":[{"href":"https:\/\/acuariosupremus.com\/index.php?rest_route=%2Fwp%2Fv2%2Fmedia&parent=5019"}],"wp:term":[{"taxonomy":"product_brand","embeddable":true,"href":"https:\/\/acuariosupremus.com\/index.php?rest_route=%2Fwp%2Fv2%2Fproduct_brand&post=5019"},{"taxonomy":"product_cat","embeddable":true,"href":"https:\/\/acuariosupremus.com\/index.php?rest_route=%2Fwp%2Fv2%2Fproduct_cat&post=5019"},{"taxonomy":"product_tag","embeddable":true,"href":"https:\/\/acuariosupremus.com\/index.php?rest_route=%2Fwp%2Fv2%2Fproduct_tag&post=5019"}],"curies":[{"name":"wp","href":"https:\/\/api.w.org\/{rel}","templated":true}]}}