{"id":5059,"date":"2022-03-15T19:10:32","date_gmt":"2022-03-16T01:10:32","guid":{"rendered":"https:\/\/acuariosupremus.com\/?post_type=product&#038;p=5059"},"modified":"2026-02-01T16:04:54","modified_gmt":"2026-02-01T22:04:54","slug":"repelente-para-perros-300-ml","status":"publish","type":"product","link":"https:\/\/acuariosupremus.com\/?product=repelente-para-perros-300-ml","title":{"rendered":"REPELENTE PARA PERROS 300 ML"},"content":{"rendered":"<p>Instrucciones:<br \/>\nPara acabar con h\u00e1bitos indeseables en su mascota (tales como dormir en un mueble, tapete o cualquier otra \u00e1rea prohibida<br \/>\nen el hogar). Roci\u00e9 el mueble, tapete o \u00e1rea con este producto hasta dejarlo h\u00famedo. Antes de utilizar este producto es una<br \/>\ngran extensi\u00f3n de tapete o telas, haga la prueba en una peque\u00f1a parte de estos. Este producto podr\u00eda da\u00f1ar telas o pl\u00e1sticos.<br \/>\nUna alternativa para prevenir da\u00f1os en estos materiales es rociar en un pa\u00f1o o trapo el producto y posteriormente aplicarlo con<br \/>\neste sobre los objetos que usted quiera proteger. Repita diariamente o tanto como sea necesario hasta lograr erradicar el<br \/>\nhabito indeseable.<br \/>\nRecomendaciones:<br \/>\nAdvertencia:<br \/>\nNo se deje alcance de los ni\u00f1os. No se aplique sobre alimentos o utensilios de cocina. L\u00e1vese las manos con agua y jabona<br \/>\ndespu\u00e9s de usar el producto. Evite el contacto con la piel. Mant\u00e9ngase en un lugar fresco 48\u00b0C, al\u00e9jese de aparatos que<br \/>\nirradien calor como estufas y motores.<br \/>\nIngredientes:<br \/>\nIngredientes:<br \/>\nMetil Nonil Cetona 1.9%, Componentes inertes 12%<br \/>\nAg\u00edtese antes de usar<\/p>\n","protected":false},"excerpt":{"rendered":"<p>Repelente canino para interiores.<br \/>\nAyuda a mantener a los perros alejados de sillones y sillas as\u00ed como de rincones o lugares donde no se desea que permanezca<br \/>\nla mascota. Debe usarse en conjunto con entrenamiento. Dado el comportamiento impredecible de las mascotas, ser\u00e1<br \/>\nnecesario aplicar el repelente diariamente sobre los objetos o lugares de los que se desea mantener alejados, hasta romper<br \/>\ncon el h\u00e1bito.<\/p>\n","protected":false},"featured_media":5060,"template":"","meta":[],"product_brand":[106],"product_cat":[73,75],"product_tag":[445],"class_list":{"0":"post-5059","1":"product","2":"type-product","3":"status-publish","4":"has-post-thumbnail","6":"product_brand-fancypets","7":"product_cat-perros","8":"product_cat-entrenamiento-perros","9":"product_tag-repelente-para-perros","11":"first","12":"instock","13":"sale","14":"shipping-taxable","15":"purchasable","16":"product-type-simple"},"yoast_head":"<!-- This site is optimized with the Yoast SEO plugin v27.4 - https:\/\/yoast.com\/product\/yoast-seo-wordpress\/ -->\n<title>REPELENTE PARA PERROS 300 ML | Acuario Supremus<\/title>\n<meta name=\"robots\" content=\"index, follow, max-snippet:-1, max-image-preview:large, max-video-preview:-1\" \/>\n<link rel=\"canonical\" href=\"https:\/\/acuariosupremus.com\/?product=repelente-para-perros-300-ml\" \/>\n<meta property=\"og:locale\" content=\"es_MX\" \/>\n<meta property=\"og:type\" content=\"article\" \/>\n<meta property=\"og:title\" content=\"REPELENTE PARA PERROS 300 ML | Acuario Supremus\" \/>\n<meta property=\"og:description\" content=\"Repelente canino para interiores. Ayuda a mantener a los perros alejados de sillones y sillas as\u00ed como de rincones o lugares donde no se desea que permanezca la mascota. Debe usarse en conjunto con entrenamiento. Dado el comportamiento impredecible de las mascotas, ser\u00e1 necesario aplicar el repelente diariamente sobre los objetos o lugares de los que se desea mantener alejados, hasta romper con el h\u00e1bito.\" \/>\n<meta property=\"og:url\" content=\"https:\/\/acuariosupremus.com\/?product=repelente-para-perros-300-ml\" \/>\n<meta property=\"og:site_name\" content=\"Acuario Supremus\" \/>\n<meta property=\"article:publisher\" content=\"https:\/\/www.facebook.com\/AcuarioSupremus\" \/>\n<meta property=\"article:modified_time\" content=\"2026-02-01T22:04:54+00:00\" \/>\n<meta property=\"og:image\" content=\"https:\/\/acuariosupremus.com\/wp-content\/uploads\/2022\/03\/FL3770.jpg\" \/>\n\t<meta property=\"og:image:width\" content=\"1000\" \/>\n\t<meta property=\"og:image:height\" content=\"1000\" \/>\n\t<meta property=\"og:image:type\" content=\"image\/jpeg\" \/>\n<meta name=\"twitter:card\" content=\"summary_large_image\" \/>\n<meta name=\"twitter:site\" content=\"@AcuarioSupremus\" \/>\n<meta name=\"twitter:label1\" content=\"Tiempo de lectura\" \/>\n\t<meta name=\"twitter:data1\" content=\"1 minuto\" \/>\n<script type=\"application\/ld+json\" class=\"yoast-schema-graph\">{\"@context\":\"https:\\\/\\\/schema.org\",\"@graph\":[{\"@type\":\"WebPage\",\"@id\":\"https:\\\/\\\/acuariosupremus.com\\\/?product=repelente-para-perros-300-ml\",\"url\":\"https:\\\/\\\/acuariosupremus.com\\\/?product=repelente-para-perros-300-ml\",\"name\":\"REPELENTE PARA PERROS 300 ML | Acuario Supremus\",\"isPartOf\":{\"@id\":\"https:\\\/\\\/acuariosupremus.com\\\/#website\"},\"primaryImageOfPage\":{\"@id\":\"https:\\\/\\\/acuariosupremus.com\\\/?product=repelente-para-perros-300-ml#primaryimage\"},\"image\":{\"@id\":\"https:\\\/\\\/acuariosupremus.com\\\/?product=repelente-para-perros-300-ml#primaryimage\"},\"thumbnailUrl\":\"https:\\\/\\\/acuariosupremus.com\\\/wp-content\\\/uploads\\\/2022\\\/03\\\/FL3770.jpg\",\"datePublished\":\"2022-03-16T01:10:32+00:00\",\"dateModified\":\"2026-02-01T22:04:54+00:00\",\"breadcrumb\":{\"@id\":\"https:\\\/\\\/acuariosupremus.com\\\/?product=repelente-para-perros-300-ml#breadcrumb\"},\"inLanguage\":\"es\",\"potentialAction\":[{\"@type\":\"ReadAction\",\"target\":[\"https:\\\/\\\/acuariosupremus.com\\\/?product=repelente-para-perros-300-ml\"]}]},{\"@type\":\"ImageObject\",\"inLanguage\":\"es\",\"@id\":\"https:\\\/\\\/acuariosupremus.com\\\/?product=repelente-para-perros-300-ml#primaryimage\",\"url\":\"https:\\\/\\\/acuariosupremus.com\\\/wp-content\\\/uploads\\\/2022\\\/03\\\/FL3770.jpg\",\"contentUrl\":\"https:\\\/\\\/acuariosupremus.com\\\/wp-content\\\/uploads\\\/2022\\\/03\\\/FL3770.jpg\",\"width\":1000,\"height\":1000},{\"@type\":\"BreadcrumbList\",\"@id\":\"https:\\\/\\\/acuariosupremus.com\\\/?product=repelente-para-perros-300-ml#breadcrumb\",\"itemListElement\":[{\"@type\":\"ListItem\",\"position\":1,\"name\":\"Portada\",\"item\":\"https:\\\/\\\/acuariosupremus.com\\\/\"},{\"@type\":\"ListItem\",\"position\":2,\"name\":\"Tienda\",\"item\":\"https:\\\/\\\/acuariosupremus.com\\\/tienda\\\/\"},{\"@type\":\"ListItem\",\"position\":3,\"name\":\"REPELENTE PARA PERROS 300 ML\"}]},{\"@type\":\"WebSite\",\"@id\":\"https:\\\/\\\/acuariosupremus.com\\\/#website\",\"url\":\"https:\\\/\\\/acuariosupremus.com\\\/\",\"name\":\"Acuario Supremus\",\"description\":\"Peces, Peceras y Mascotas.\",\"publisher\":{\"@id\":\"https:\\\/\\\/acuariosupremus.com\\\/#organization\"},\"potentialAction\":[{\"@type\":\"SearchAction\",\"target\":{\"@type\":\"EntryPoint\",\"urlTemplate\":\"https:\\\/\\\/acuariosupremus.com\\\/?s={search_term_string}\"},\"query-input\":{\"@type\":\"PropertyValueSpecification\",\"valueRequired\":true,\"valueName\":\"search_term_string\"}}],\"inLanguage\":\"es\"},{\"@type\":\"Organization\",\"@id\":\"https:\\\/\\\/acuariosupremus.com\\\/#organization\",\"name\":\"Acuario Supremus\",\"url\":\"https:\\\/\\\/acuariosupremus.com\\\/\",\"logo\":{\"@type\":\"ImageObject\",\"inLanguage\":\"es\",\"@id\":\"https:\\\/\\\/acuariosupremus.com\\\/#\\\/schema\\\/logo\\\/image\\\/\",\"url\":\"https:\\\/\\\/acuariosupremus.com\\\/wp-content\\\/uploads\\\/2021\\\/12\\\/cropped-logo_acuario_supremus_fn-2.png\",\"contentUrl\":\"https:\\\/\\\/acuariosupremus.com\\\/wp-content\\\/uploads\\\/2021\\\/12\\\/cropped-logo_acuario_supremus_fn-2.png\",\"width\":1000,\"height\":318,\"caption\":\"Acuario Supremus\"},\"image\":{\"@id\":\"https:\\\/\\\/acuariosupremus.com\\\/#\\\/schema\\\/logo\\\/image\\\/\"},\"sameAs\":[\"https:\\\/\\\/www.facebook.com\\\/AcuarioSupremus\",\"https:\\\/\\\/x.com\\\/AcuarioSupremus\",\"https:\\\/\\\/www.instagram.com\\\/acuariosupremus\\\/?hl=es\"]}]}<\/script>\n<!-- \/ Yoast SEO plugin. -->","yoast_head_json":{"title":"REPELENTE PARA PERROS 300 ML | Acuario Supremus","robots":{"index":"index","follow":"follow","max-snippet":"max-snippet:-1","max-image-preview":"max-image-preview:large","max-video-preview":"max-video-preview:-1"},"canonical":"https:\/\/acuariosupremus.com\/?product=repelente-para-perros-300-ml","og_locale":"es_MX","og_type":"article","og_title":"REPELENTE PARA PERROS 300 ML | Acuario Supremus","og_description":"Repelente canino para interiores. Ayuda a mantener a los perros alejados de sillones y sillas as\u00ed como de rincones o lugares donde no se desea que permanezca la mascota. Debe usarse en conjunto con entrenamiento. Dado el comportamiento impredecible de las mascotas, ser\u00e1 necesario aplicar el repelente diariamente sobre los objetos o lugares de los que se desea mantener alejados, hasta romper con el h\u00e1bito.","og_url":"https:\/\/acuariosupremus.com\/?product=repelente-para-perros-300-ml","og_site_name":"Acuario Supremus","article_publisher":"https:\/\/www.facebook.com\/AcuarioSupremus","article_modified_time":"2026-02-01T22:04:54+00:00","og_image":[{"width":1000,"height":1000,"url":"https:\/\/acuariosupremus.com\/wp-content\/uploads\/2022\/03\/FL3770.jpg","type":"image\/jpeg"}],"twitter_card":"summary_large_image","twitter_site":"@AcuarioSupremus","twitter_misc":{"Tiempo de lectura":"1 minuto"},"schema":{"@context":"https:\/\/schema.org","@graph":[{"@type":"WebPage","@id":"https:\/\/acuariosupremus.com\/?product=repelente-para-perros-300-ml","url":"https:\/\/acuariosupremus.com\/?product=repelente-para-perros-300-ml","name":"REPELENTE PARA PERROS 300 ML | Acuario Supremus","isPartOf":{"@id":"https:\/\/acuariosupremus.com\/#website"},"primaryImageOfPage":{"@id":"https:\/\/acuariosupremus.com\/?product=repelente-para-perros-300-ml#primaryimage"},"image":{"@id":"https:\/\/acuariosupremus.com\/?product=repelente-para-perros-300-ml#primaryimage"},"thumbnailUrl":"https:\/\/acuariosupremus.com\/wp-content\/uploads\/2022\/03\/FL3770.jpg","datePublished":"2022-03-16T01:10:32+00:00","dateModified":"2026-02-01T22:04:54+00:00","breadcrumb":{"@id":"https:\/\/acuariosupremus.com\/?product=repelente-para-perros-300-ml#breadcrumb"},"inLanguage":"es","potentialAction":[{"@type":"ReadAction","target":["https:\/\/acuariosupremus.com\/?product=repelente-para-perros-300-ml"]}]},{"@type":"ImageObject","inLanguage":"es","@id":"https:\/\/acuariosupremus.com\/?product=repelente-para-perros-300-ml#primaryimage","url":"https:\/\/acuariosupremus.com\/wp-content\/uploads\/2022\/03\/FL3770.jpg","contentUrl":"https:\/\/acuariosupremus.com\/wp-content\/uploads\/2022\/03\/FL3770.jpg","width":1000,"height":1000},{"@type":"BreadcrumbList","@id":"https:\/\/acuariosupremus.com\/?product=repelente-para-perros-300-ml#breadcrumb","itemListElement":[{"@type":"ListItem","position":1,"name":"Portada","item":"https:\/\/acuariosupremus.com\/"},{"@type":"ListItem","position":2,"name":"Tienda","item":"https:\/\/acuariosupremus.com\/tienda\/"},{"@type":"ListItem","position":3,"name":"REPELENTE PARA PERROS 300 ML"}]},{"@type":"WebSite","@id":"https:\/\/acuariosupremus.com\/#website","url":"https:\/\/acuariosupremus.com\/","name":"Acuario Supremus","description":"Peces, Peceras y Mascotas.","publisher":{"@id":"https:\/\/acuariosupremus.com\/#organization"},"potentialAction":[{"@type":"SearchAction","target":{"@type":"EntryPoint","urlTemplate":"https:\/\/acuariosupremus.com\/?s={search_term_string}"},"query-input":{"@type":"PropertyValueSpecification","valueRequired":true,"valueName":"search_term_string"}}],"inLanguage":"es"},{"@type":"Organization","@id":"https:\/\/acuariosupremus.com\/#organization","name":"Acuario Supremus","url":"https:\/\/acuariosupremus.com\/","logo":{"@type":"ImageObject","inLanguage":"es","@id":"https:\/\/acuariosupremus.com\/#\/schema\/logo\/image\/","url":"https:\/\/acuariosupremus.com\/wp-content\/uploads\/2021\/12\/cropped-logo_acuario_supremus_fn-2.png","contentUrl":"https:\/\/acuariosupremus.com\/wp-content\/uploads\/2021\/12\/cropped-logo_acuario_supremus_fn-2.png","width":1000,"height":318,"caption":"Acuario Supremus"},"image":{"@id":"https:\/\/acuariosupremus.com\/#\/schema\/logo\/image\/"},"sameAs":["https:\/\/www.facebook.com\/AcuarioSupremus","https:\/\/x.com\/AcuarioSupremus","https:\/\/www.instagram.com\/acuariosupremus\/?hl=es"]}]}},"jetpack_sharing_enabled":true,"_links":{"self":[{"href":"https:\/\/acuariosupremus.com\/index.php?rest_route=\/wp\/v2\/product\/5059","targetHints":{"allow":["GET"]}}],"collection":[{"href":"https:\/\/acuariosupremus.com\/index.php?rest_route=\/wp\/v2\/product"}],"about":[{"href":"https:\/\/acuariosupremus.com\/index.php?rest_route=\/wp\/v2\/types\/product"}],"wp:featuredmedia":[{"embeddable":true,"href":"https:\/\/acuariosupremus.com\/index.php?rest_route=\/wp\/v2\/media\/5060"}],"wp:attachment":[{"href":"https:\/\/acuariosupremus.com\/index.php?rest_route=%2Fwp%2Fv2%2Fmedia&parent=5059"}],"wp:term":[{"taxonomy":"product_brand","embeddable":true,"href":"https:\/\/acuariosupremus.com\/index.php?rest_route=%2Fwp%2Fv2%2Fproduct_brand&post=5059"},{"taxonomy":"product_cat","embeddable":true,"href":"https:\/\/acuariosupremus.com\/index.php?rest_route=%2Fwp%2Fv2%2Fproduct_cat&post=5059"},{"taxonomy":"product_tag","embeddable":true,"href":"https:\/\/acuariosupremus.com\/index.php?rest_route=%2Fwp%2Fv2%2Fproduct_tag&post=5059"}],"curies":[{"name":"wp","href":"https:\/\/api.w.org\/{rel}","templated":true}]}}