{"id":5063,"date":"2022-03-15T19:10:58","date_gmt":"2022-03-16T01:10:58","guid":{"rendered":"https:\/\/acuariosupremus.com\/?post_type=product&#038;p=5063"},"modified":"2026-02-01T16:06:00","modified_gmt":"2026-02-01T22:06:00","slug":"locion-amarga-stay-away-125-ml","status":"publish","type":"product","link":"https:\/\/acuariosupremus.com\/?product=locion-amarga-stay-away-125-ml","title":{"rendered":"LOCION AMARGA STAY AWAY 125 ML"},"content":{"rendered":"<p>Instrucciones:<br \/>\nRoc\u00eda el o los objetos que deseas que la mascota deje de morder. Repetir diariamente o tanto que sea necesario hasta lograr<br \/>\nerradicar el h\u00e1bito indeseable. Este producto es apto para rociar sobre textiles, tapetes, madera, pl\u00e1stico, silic\u00f3n y cualquier<br \/>\nmaterial no org\u00e1nico.<br \/>\nRecomendaciones:<br \/>\nAdvertencias: No rociar este producto sobre el animal. No rociar sobre ojos, boca, nariz, ano ni \u00f3rganos genitourinarios. Este<br \/>\nproducto no es t\u00f3xico pero es extremadamente amargo y puede llegar a producir salivaci\u00f3n aumentada en la mascota. Si esto ocurre, ofrezca a la mascota agua limpia y fresca. CONSULTE AL MEDICO VETERINARIO.<br \/>\nIngredientes:<br \/>\nAgua, alcohol et\u00edlico, citronella, benzoato de denatonium, fragancia.<br \/>\nContenido:<br \/>\n125ml<\/p>\n","protected":false},"excerpt":{"rendered":"<p>&#8211; Soluci\u00f3n amarga en spray, para que tu perro no muerda muebles y otros objetos.<br \/>\n&#8211; F\u00e1cil de usar, s\u00f3lo roc\u00eda el objeto y la mascota lo dejar\u00e1 de morder.<br \/>\n&#8211; No es t\u00f3xico y no deja manchas.<\/p>\n","protected":false},"featured_media":5065,"template":"","meta":[],"product_brand":[106],"product_cat":[73,75],"product_tag":[446],"class_list":{"0":"post-5063","1":"product","2":"type-product","3":"status-publish","4":"has-post-thumbnail","6":"product_brand-fancypets","7":"product_cat-perros","8":"product_cat-entrenamiento-perros","9":"product_tag-locion-amarga","11":"first","12":"instock","13":"sale","14":"shipping-taxable","15":"purchasable","16":"product-type-simple"},"yoast_head":"<!-- This site is optimized with the Yoast SEO plugin v27.4 - https:\/\/yoast.com\/product\/yoast-seo-wordpress\/ -->\n<title>LOCION AMARGA STAY AWAY 125 ML | Acuario Supremus<\/title>\n<meta name=\"description\" content=\"Soluci\u00f3n amarga en spray, para que tu perro no muerda muebles y otros objetos.F\u00e1cil de usar, s\u00f3lo roc\u00eda el objeto y la mascota lo dejar\u00e1 de morder.\" \/>\n<meta name=\"robots\" content=\"index, follow, max-snippet:-1, max-image-preview:large, max-video-preview:-1\" \/>\n<link rel=\"canonical\" href=\"https:\/\/acuariosupremus.com\/?product=locion-amarga-stay-away-125-ml\" \/>\n<meta property=\"og:locale\" content=\"es_MX\" \/>\n<meta property=\"og:type\" content=\"article\" \/>\n<meta property=\"og:title\" content=\"LOCION AMARGA STAY AWAY 125 ML | Acuario Supremus\" \/>\n<meta property=\"og:description\" content=\"Soluci\u00f3n amarga en spray, para que tu perro no muerda muebles y otros objetos.F\u00e1cil de usar, s\u00f3lo roc\u00eda el objeto y la mascota lo dejar\u00e1 de morder.\" \/>\n<meta property=\"og:url\" content=\"https:\/\/acuariosupremus.com\/?product=locion-amarga-stay-away-125-ml\" \/>\n<meta property=\"og:site_name\" content=\"Acuario Supremus\" \/>\n<meta property=\"article:publisher\" content=\"https:\/\/www.facebook.com\/AcuarioSupremus\" \/>\n<meta property=\"article:modified_time\" content=\"2026-02-01T22:06:00+00:00\" \/>\n<meta property=\"og:image\" content=\"https:\/\/acuariosupremus.com\/wp-content\/uploads\/2022\/03\/FL3776.jpg\" \/>\n\t<meta property=\"og:image:width\" content=\"1000\" \/>\n\t<meta property=\"og:image:height\" content=\"1000\" \/>\n\t<meta property=\"og:image:type\" content=\"image\/jpeg\" \/>\n<meta name=\"twitter:card\" content=\"summary_large_image\" \/>\n<meta name=\"twitter:site\" content=\"@AcuarioSupremus\" \/>\n<meta name=\"twitter:label1\" content=\"Tiempo de lectura\" \/>\n\t<meta name=\"twitter:data1\" content=\"1 minuto\" \/>\n<script type=\"application\/ld+json\" class=\"yoast-schema-graph\">{\"@context\":\"https:\\\/\\\/schema.org\",\"@graph\":[{\"@type\":\"WebPage\",\"@id\":\"https:\\\/\\\/acuariosupremus.com\\\/?product=locion-amarga-stay-away-125-ml\",\"url\":\"https:\\\/\\\/acuariosupremus.com\\\/?product=locion-amarga-stay-away-125-ml\",\"name\":\"LOCION AMARGA STAY AWAY 125 ML | Acuario Supremus\",\"isPartOf\":{\"@id\":\"https:\\\/\\\/acuariosupremus.com\\\/#website\"},\"primaryImageOfPage\":{\"@id\":\"https:\\\/\\\/acuariosupremus.com\\\/?product=locion-amarga-stay-away-125-ml#primaryimage\"},\"image\":{\"@id\":\"https:\\\/\\\/acuariosupremus.com\\\/?product=locion-amarga-stay-away-125-ml#primaryimage\"},\"thumbnailUrl\":\"https:\\\/\\\/acuariosupremus.com\\\/wp-content\\\/uploads\\\/2022\\\/03\\\/FL3776.jpg\",\"datePublished\":\"2022-03-16T01:10:58+00:00\",\"dateModified\":\"2026-02-01T22:06:00+00:00\",\"description\":\"Soluci\u00f3n amarga en spray, para que tu perro no muerda muebles y otros objetos.F\u00e1cil de usar, s\u00f3lo roc\u00eda el objeto y la mascota lo dejar\u00e1 de morder.\",\"breadcrumb\":{\"@id\":\"https:\\\/\\\/acuariosupremus.com\\\/?product=locion-amarga-stay-away-125-ml#breadcrumb\"},\"inLanguage\":\"es\",\"potentialAction\":[{\"@type\":\"ReadAction\",\"target\":[\"https:\\\/\\\/acuariosupremus.com\\\/?product=locion-amarga-stay-away-125-ml\"]}]},{\"@type\":\"ImageObject\",\"inLanguage\":\"es\",\"@id\":\"https:\\\/\\\/acuariosupremus.com\\\/?product=locion-amarga-stay-away-125-ml#primaryimage\",\"url\":\"https:\\\/\\\/acuariosupremus.com\\\/wp-content\\\/uploads\\\/2022\\\/03\\\/FL3776.jpg\",\"contentUrl\":\"https:\\\/\\\/acuariosupremus.com\\\/wp-content\\\/uploads\\\/2022\\\/03\\\/FL3776.jpg\",\"width\":1000,\"height\":1000},{\"@type\":\"BreadcrumbList\",\"@id\":\"https:\\\/\\\/acuariosupremus.com\\\/?product=locion-amarga-stay-away-125-ml#breadcrumb\",\"itemListElement\":[{\"@type\":\"ListItem\",\"position\":1,\"name\":\"Portada\",\"item\":\"https:\\\/\\\/acuariosupremus.com\\\/\"},{\"@type\":\"ListItem\",\"position\":2,\"name\":\"Tienda\",\"item\":\"https:\\\/\\\/acuariosupremus.com\\\/tienda\\\/\"},{\"@type\":\"ListItem\",\"position\":3,\"name\":\"LOCION AMARGA STAY AWAY 125 ML\"}]},{\"@type\":\"WebSite\",\"@id\":\"https:\\\/\\\/acuariosupremus.com\\\/#website\",\"url\":\"https:\\\/\\\/acuariosupremus.com\\\/\",\"name\":\"Acuario Supremus\",\"description\":\"Peces, Peceras y Mascotas.\",\"publisher\":{\"@id\":\"https:\\\/\\\/acuariosupremus.com\\\/#organization\"},\"potentialAction\":[{\"@type\":\"SearchAction\",\"target\":{\"@type\":\"EntryPoint\",\"urlTemplate\":\"https:\\\/\\\/acuariosupremus.com\\\/?s={search_term_string}\"},\"query-input\":{\"@type\":\"PropertyValueSpecification\",\"valueRequired\":true,\"valueName\":\"search_term_string\"}}],\"inLanguage\":\"es\"},{\"@type\":\"Organization\",\"@id\":\"https:\\\/\\\/acuariosupremus.com\\\/#organization\",\"name\":\"Acuario Supremus\",\"url\":\"https:\\\/\\\/acuariosupremus.com\\\/\",\"logo\":{\"@type\":\"ImageObject\",\"inLanguage\":\"es\",\"@id\":\"https:\\\/\\\/acuariosupremus.com\\\/#\\\/schema\\\/logo\\\/image\\\/\",\"url\":\"https:\\\/\\\/acuariosupremus.com\\\/wp-content\\\/uploads\\\/2021\\\/12\\\/cropped-logo_acuario_supremus_fn-2.png\",\"contentUrl\":\"https:\\\/\\\/acuariosupremus.com\\\/wp-content\\\/uploads\\\/2021\\\/12\\\/cropped-logo_acuario_supremus_fn-2.png\",\"width\":1000,\"height\":318,\"caption\":\"Acuario Supremus\"},\"image\":{\"@id\":\"https:\\\/\\\/acuariosupremus.com\\\/#\\\/schema\\\/logo\\\/image\\\/\"},\"sameAs\":[\"https:\\\/\\\/www.facebook.com\\\/AcuarioSupremus\",\"https:\\\/\\\/x.com\\\/AcuarioSupremus\",\"https:\\\/\\\/www.instagram.com\\\/acuariosupremus\\\/?hl=es\"]}]}<\/script>\n<!-- \/ Yoast SEO plugin. -->","yoast_head_json":{"title":"LOCION AMARGA STAY AWAY 125 ML | Acuario Supremus","description":"Soluci\u00f3n amarga en spray, para que tu perro no muerda muebles y otros objetos.F\u00e1cil de usar, s\u00f3lo roc\u00eda el objeto y la mascota lo dejar\u00e1 de morder.","robots":{"index":"index","follow":"follow","max-snippet":"max-snippet:-1","max-image-preview":"max-image-preview:large","max-video-preview":"max-video-preview:-1"},"canonical":"https:\/\/acuariosupremus.com\/?product=locion-amarga-stay-away-125-ml","og_locale":"es_MX","og_type":"article","og_title":"LOCION AMARGA STAY AWAY 125 ML | Acuario Supremus","og_description":"Soluci\u00f3n amarga en spray, para que tu perro no muerda muebles y otros objetos.F\u00e1cil de usar, s\u00f3lo roc\u00eda el objeto y la mascota lo dejar\u00e1 de morder.","og_url":"https:\/\/acuariosupremus.com\/?product=locion-amarga-stay-away-125-ml","og_site_name":"Acuario Supremus","article_publisher":"https:\/\/www.facebook.com\/AcuarioSupremus","article_modified_time":"2026-02-01T22:06:00+00:00","og_image":[{"width":1000,"height":1000,"url":"https:\/\/acuariosupremus.com\/wp-content\/uploads\/2022\/03\/FL3776.jpg","type":"image\/jpeg"}],"twitter_card":"summary_large_image","twitter_site":"@AcuarioSupremus","twitter_misc":{"Tiempo de lectura":"1 minuto"},"schema":{"@context":"https:\/\/schema.org","@graph":[{"@type":"WebPage","@id":"https:\/\/acuariosupremus.com\/?product=locion-amarga-stay-away-125-ml","url":"https:\/\/acuariosupremus.com\/?product=locion-amarga-stay-away-125-ml","name":"LOCION AMARGA STAY AWAY 125 ML | Acuario Supremus","isPartOf":{"@id":"https:\/\/acuariosupremus.com\/#website"},"primaryImageOfPage":{"@id":"https:\/\/acuariosupremus.com\/?product=locion-amarga-stay-away-125-ml#primaryimage"},"image":{"@id":"https:\/\/acuariosupremus.com\/?product=locion-amarga-stay-away-125-ml#primaryimage"},"thumbnailUrl":"https:\/\/acuariosupremus.com\/wp-content\/uploads\/2022\/03\/FL3776.jpg","datePublished":"2022-03-16T01:10:58+00:00","dateModified":"2026-02-01T22:06:00+00:00","description":"Soluci\u00f3n amarga en spray, para que tu perro no muerda muebles y otros objetos.F\u00e1cil de usar, s\u00f3lo roc\u00eda el objeto y la mascota lo dejar\u00e1 de morder.","breadcrumb":{"@id":"https:\/\/acuariosupremus.com\/?product=locion-amarga-stay-away-125-ml#breadcrumb"},"inLanguage":"es","potentialAction":[{"@type":"ReadAction","target":["https:\/\/acuariosupremus.com\/?product=locion-amarga-stay-away-125-ml"]}]},{"@type":"ImageObject","inLanguage":"es","@id":"https:\/\/acuariosupremus.com\/?product=locion-amarga-stay-away-125-ml#primaryimage","url":"https:\/\/acuariosupremus.com\/wp-content\/uploads\/2022\/03\/FL3776.jpg","contentUrl":"https:\/\/acuariosupremus.com\/wp-content\/uploads\/2022\/03\/FL3776.jpg","width":1000,"height":1000},{"@type":"BreadcrumbList","@id":"https:\/\/acuariosupremus.com\/?product=locion-amarga-stay-away-125-ml#breadcrumb","itemListElement":[{"@type":"ListItem","position":1,"name":"Portada","item":"https:\/\/acuariosupremus.com\/"},{"@type":"ListItem","position":2,"name":"Tienda","item":"https:\/\/acuariosupremus.com\/tienda\/"},{"@type":"ListItem","position":3,"name":"LOCION AMARGA STAY AWAY 125 ML"}]},{"@type":"WebSite","@id":"https:\/\/acuariosupremus.com\/#website","url":"https:\/\/acuariosupremus.com\/","name":"Acuario Supremus","description":"Peces, Peceras y Mascotas.","publisher":{"@id":"https:\/\/acuariosupremus.com\/#organization"},"potentialAction":[{"@type":"SearchAction","target":{"@type":"EntryPoint","urlTemplate":"https:\/\/acuariosupremus.com\/?s={search_term_string}"},"query-input":{"@type":"PropertyValueSpecification","valueRequired":true,"valueName":"search_term_string"}}],"inLanguage":"es"},{"@type":"Organization","@id":"https:\/\/acuariosupremus.com\/#organization","name":"Acuario Supremus","url":"https:\/\/acuariosupremus.com\/","logo":{"@type":"ImageObject","inLanguage":"es","@id":"https:\/\/acuariosupremus.com\/#\/schema\/logo\/image\/","url":"https:\/\/acuariosupremus.com\/wp-content\/uploads\/2021\/12\/cropped-logo_acuario_supremus_fn-2.png","contentUrl":"https:\/\/acuariosupremus.com\/wp-content\/uploads\/2021\/12\/cropped-logo_acuario_supremus_fn-2.png","width":1000,"height":318,"caption":"Acuario Supremus"},"image":{"@id":"https:\/\/acuariosupremus.com\/#\/schema\/logo\/image\/"},"sameAs":["https:\/\/www.facebook.com\/AcuarioSupremus","https:\/\/x.com\/AcuarioSupremus","https:\/\/www.instagram.com\/acuariosupremus\/?hl=es"]}]}},"jetpack_sharing_enabled":true,"_links":{"self":[{"href":"https:\/\/acuariosupremus.com\/index.php?rest_route=\/wp\/v2\/product\/5063","targetHints":{"allow":["GET"]}}],"collection":[{"href":"https:\/\/acuariosupremus.com\/index.php?rest_route=\/wp\/v2\/product"}],"about":[{"href":"https:\/\/acuariosupremus.com\/index.php?rest_route=\/wp\/v2\/types\/product"}],"wp:featuredmedia":[{"embeddable":true,"href":"https:\/\/acuariosupremus.com\/index.php?rest_route=\/wp\/v2\/media\/5065"}],"wp:attachment":[{"href":"https:\/\/acuariosupremus.com\/index.php?rest_route=%2Fwp%2Fv2%2Fmedia&parent=5063"}],"wp:term":[{"taxonomy":"product_brand","embeddable":true,"href":"https:\/\/acuariosupremus.com\/index.php?rest_route=%2Fwp%2Fv2%2Fproduct_brand&post=5063"},{"taxonomy":"product_cat","embeddable":true,"href":"https:\/\/acuariosupremus.com\/index.php?rest_route=%2Fwp%2Fv2%2Fproduct_cat&post=5063"},{"taxonomy":"product_tag","embeddable":true,"href":"https:\/\/acuariosupremus.com\/index.php?rest_route=%2Fwp%2Fv2%2Fproduct_tag&post=5063"}],"curies":[{"name":"wp","href":"https:\/\/api.w.org\/{rel}","templated":true}]}}