{"id":5090,"date":"2022-03-15T20:31:54","date_gmt":"2022-03-16T02:31:54","guid":{"rendered":"https:\/\/acuariosupremus.com\/?post_type=product&#038;p=5090"},"modified":"2026-02-01T16:17:51","modified_gmt":"2026-02-01T22:17:51","slug":"tapete-entrenador-soft-pad-50-pz","status":"publish","type":"product","link":"https:\/\/acuariosupremus.com\/?product=tapete-entrenador-soft-pad-50-pz","title":{"rendered":"TAPETE ENTRENADOR SOFT PAD &#8211; 50 PZ"},"content":{"rendered":"<p>Instrucciones:<br \/>\n1.- Desdoble el tapete entrenador SoftPad con el lado acolchonado hacia arriba y col\u00f3quelo en el lugar donde desea que el<br \/>\ncachorro evacue. 2.- Ponga al cachorro sobre el tapete para que lo reconozca y no le cause desconfianza. 3.- En cuanto el<br \/>\nperro comienza a buscar un sitio para evacuar, ll\u00e9velo al tapete. Por lo general los perros evacuan despu\u00e9s de comer y al<br \/>\ndespertar. 4.- Si el perro evacua en alg\u00fan otro sitio fuera del tapete, ll\u00e9velo de regreso al mismo cuantas veces sea necesario<br \/>\npara reforzar el comportamiento deseado. 5.- Si el perro evacua en el tapete, recomp\u00e9nselo con elogios y atenci\u00f3n para<br \/>\nreforzar el entrenamiento. 3.- Cambie el tapete usado por uno nuevo cada vez que lo considere necesario.<br \/>\nOtros usos: Para hembras gestantes durante el parto (protege las superficies y a\u00edsla del fr\u00edo a los cachorros). Para perros<br \/>\nadultos que viven en el interior. Para perros de edad avanzada que padecen incontinencia. Consulte a su medico veterinario.<br \/>\nRecomendaciones:<br \/>\nLea las instrucciones antes de usar. Coloque los tapetes siempre en el mismo<br \/>\nlugar, alejados del alimento y de la cama del cachorro. No se recomienda su uso<br \/>\nen jaulas. No permite que el cachorro lo muerda para jugar.<br \/>\nMedidas:<br \/>\n<strong>56 cm x 56 cm<\/strong><br \/>\nContenido:<br \/>\n50 piezas<\/p>\n","protected":false},"excerpt":{"rendered":"<p>&#8211; Tapete de entrenamiento para perros y de protecci\u00f3n para pisos.<br \/>\n&#8211; Superficie acolchonada.<br \/>\n&#8211; Mayor absorci\u00f3n que otras marcas.<br \/>\n&#8211; Contiene atrayente para facilitar el entrenamiento.<br \/>\n&#8211; Cubierta resistente contra derrames.<br \/>\n&#8211; Difunde los l\u00edquidos r\u00e1pidamente.<br \/>\n&#8211; Sistema de r\u00e1pida absorci\u00f3n.<br \/>\n&#8211; Elimina los malos olores. Ventajas: SISTEMA A PRUEBA DE DERRAMES: 4 Capas de pol\u00edmeros alta absorbentes yretiene los l\u00edquidos en el interior. SISTEMA DE RAPIDO ABSORCION: Absorbe la humedad en segundos y Mayor captaci\u00f3n de l\u00edquidos. RED ESPECIALMENTE DISE\u00d1ADA: Dispersa los l\u00edquidos r\u00e1pidamente y fabricado con materiales no t\u00f3xicos. CUBIERTA ANTEDERRAPANTE: Material dise\u00f1ado para evitar que el tapete se deslice.<\/p>\n","protected":false},"featured_media":5091,"template":"","meta":[],"product_brand":[106],"product_cat":[73,75],"product_tag":[449],"class_list":{"0":"post-5090","1":"product","2":"type-product","3":"status-publish","4":"has-post-thumbnail","6":"product_brand-fancypets","7":"product_cat-perros","8":"product_cat-entrenamiento-perros","9":"product_tag-tapete-entrenador-desechable","11":"first","12":"instock","13":"sale","14":"shipping-taxable","15":"purchasable","16":"product-type-simple"},"yoast_head":"<!-- This site is optimized with the Yoast SEO plugin v27.4 - https:\/\/yoast.com\/product\/yoast-seo-wordpress\/ -->\n<title>TAPETE ENTRENADOR SOFT PAD - 50 PZ | Acuario Supremus<\/title>\n<meta name=\"description\" content=\"Tapete de entrenamiento para perros y de protecci\u00f3n para pisos. Superficie acolchonada. Mayor absorci\u00f3n que otras marcas. Contiene atrayente.\" \/>\n<meta name=\"robots\" content=\"index, follow, max-snippet:-1, max-image-preview:large, max-video-preview:-1\" \/>\n<link rel=\"canonical\" href=\"https:\/\/acuariosupremus.com\/?product=tapete-entrenador-soft-pad-50-pz\" \/>\n<meta property=\"og:locale\" content=\"es_MX\" \/>\n<meta property=\"og:type\" content=\"article\" \/>\n<meta property=\"og:title\" content=\"TAPETE ENTRENADOR SOFT PAD - 50 PZ | Acuario Supremus\" \/>\n<meta property=\"og:description\" content=\"Tapete de entrenamiento para perros y de protecci\u00f3n para pisos. Superficie acolchonada. Mayor absorci\u00f3n que otras marcas. Contiene atrayente.\" \/>\n<meta property=\"og:url\" content=\"https:\/\/acuariosupremus.com\/?product=tapete-entrenador-soft-pad-50-pz\" \/>\n<meta property=\"og:site_name\" content=\"Acuario Supremus\" \/>\n<meta property=\"article:publisher\" content=\"https:\/\/www.facebook.com\/AcuarioSupremus\" \/>\n<meta property=\"article:modified_time\" content=\"2026-02-01T22:17:51+00:00\" \/>\n<meta property=\"og:image\" content=\"https:\/\/acuariosupremus.com\/wp-content\/uploads\/2022\/03\/FL7175.png\" \/>\n\t<meta property=\"og:image:width\" content=\"1000\" \/>\n\t<meta property=\"og:image:height\" content=\"1000\" \/>\n\t<meta property=\"og:image:type\" content=\"image\/png\" \/>\n<meta name=\"twitter:card\" content=\"summary_large_image\" \/>\n<meta name=\"twitter:site\" content=\"@AcuarioSupremus\" \/>\n<meta name=\"twitter:label1\" content=\"Tiempo de lectura\" \/>\n\t<meta name=\"twitter:data1\" content=\"1 minuto\" \/>\n<script type=\"application\/ld+json\" class=\"yoast-schema-graph\">{\"@context\":\"https:\\\/\\\/schema.org\",\"@graph\":[{\"@type\":\"WebPage\",\"@id\":\"https:\\\/\\\/acuariosupremus.com\\\/?product=tapete-entrenador-soft-pad-50-pz\",\"url\":\"https:\\\/\\\/acuariosupremus.com\\\/?product=tapete-entrenador-soft-pad-50-pz\",\"name\":\"TAPETE ENTRENADOR SOFT PAD - 50 PZ | Acuario Supremus\",\"isPartOf\":{\"@id\":\"https:\\\/\\\/acuariosupremus.com\\\/#website\"},\"primaryImageOfPage\":{\"@id\":\"https:\\\/\\\/acuariosupremus.com\\\/?product=tapete-entrenador-soft-pad-50-pz#primaryimage\"},\"image\":{\"@id\":\"https:\\\/\\\/acuariosupremus.com\\\/?product=tapete-entrenador-soft-pad-50-pz#primaryimage\"},\"thumbnailUrl\":\"https:\\\/\\\/acuariosupremus.com\\\/wp-content\\\/uploads\\\/2022\\\/03\\\/FL7175.png\",\"datePublished\":\"2022-03-16T02:31:54+00:00\",\"dateModified\":\"2026-02-01T22:17:51+00:00\",\"description\":\"Tapete de entrenamiento para perros y de protecci\u00f3n para pisos. Superficie acolchonada. Mayor absorci\u00f3n que otras marcas. Contiene atrayente.\",\"breadcrumb\":{\"@id\":\"https:\\\/\\\/acuariosupremus.com\\\/?product=tapete-entrenador-soft-pad-50-pz#breadcrumb\"},\"inLanguage\":\"es\",\"potentialAction\":[{\"@type\":\"ReadAction\",\"target\":[\"https:\\\/\\\/acuariosupremus.com\\\/?product=tapete-entrenador-soft-pad-50-pz\"]}]},{\"@type\":\"ImageObject\",\"inLanguage\":\"es\",\"@id\":\"https:\\\/\\\/acuariosupremus.com\\\/?product=tapete-entrenador-soft-pad-50-pz#primaryimage\",\"url\":\"https:\\\/\\\/acuariosupremus.com\\\/wp-content\\\/uploads\\\/2022\\\/03\\\/FL7175.png\",\"contentUrl\":\"https:\\\/\\\/acuariosupremus.com\\\/wp-content\\\/uploads\\\/2022\\\/03\\\/FL7175.png\",\"width\":1000,\"height\":1000},{\"@type\":\"BreadcrumbList\",\"@id\":\"https:\\\/\\\/acuariosupremus.com\\\/?product=tapete-entrenador-soft-pad-50-pz#breadcrumb\",\"itemListElement\":[{\"@type\":\"ListItem\",\"position\":1,\"name\":\"Portada\",\"item\":\"https:\\\/\\\/acuariosupremus.com\\\/\"},{\"@type\":\"ListItem\",\"position\":2,\"name\":\"Tienda\",\"item\":\"https:\\\/\\\/acuariosupremus.com\\\/tienda\\\/\"},{\"@type\":\"ListItem\",\"position\":3,\"name\":\"TAPETE ENTRENADOR SOFT PAD &#8211; 50 PZ\"}]},{\"@type\":\"WebSite\",\"@id\":\"https:\\\/\\\/acuariosupremus.com\\\/#website\",\"url\":\"https:\\\/\\\/acuariosupremus.com\\\/\",\"name\":\"Acuario Supremus\",\"description\":\"Peces, Peceras y Mascotas.\",\"publisher\":{\"@id\":\"https:\\\/\\\/acuariosupremus.com\\\/#organization\"},\"potentialAction\":[{\"@type\":\"SearchAction\",\"target\":{\"@type\":\"EntryPoint\",\"urlTemplate\":\"https:\\\/\\\/acuariosupremus.com\\\/?s={search_term_string}\"},\"query-input\":{\"@type\":\"PropertyValueSpecification\",\"valueRequired\":true,\"valueName\":\"search_term_string\"}}],\"inLanguage\":\"es\"},{\"@type\":\"Organization\",\"@id\":\"https:\\\/\\\/acuariosupremus.com\\\/#organization\",\"name\":\"Acuario Supremus\",\"url\":\"https:\\\/\\\/acuariosupremus.com\\\/\",\"logo\":{\"@type\":\"ImageObject\",\"inLanguage\":\"es\",\"@id\":\"https:\\\/\\\/acuariosupremus.com\\\/#\\\/schema\\\/logo\\\/image\\\/\",\"url\":\"https:\\\/\\\/acuariosupremus.com\\\/wp-content\\\/uploads\\\/2021\\\/12\\\/cropped-logo_acuario_supremus_fn-2.png\",\"contentUrl\":\"https:\\\/\\\/acuariosupremus.com\\\/wp-content\\\/uploads\\\/2021\\\/12\\\/cropped-logo_acuario_supremus_fn-2.png\",\"width\":1000,\"height\":318,\"caption\":\"Acuario Supremus\"},\"image\":{\"@id\":\"https:\\\/\\\/acuariosupremus.com\\\/#\\\/schema\\\/logo\\\/image\\\/\"},\"sameAs\":[\"https:\\\/\\\/www.facebook.com\\\/AcuarioSupremus\",\"https:\\\/\\\/x.com\\\/AcuarioSupremus\",\"https:\\\/\\\/www.instagram.com\\\/acuariosupremus\\\/?hl=es\"]}]}<\/script>\n<!-- \/ Yoast SEO plugin. -->","yoast_head_json":{"title":"TAPETE ENTRENADOR SOFT PAD - 50 PZ | Acuario Supremus","description":"Tapete de entrenamiento para perros y de protecci\u00f3n para pisos. Superficie acolchonada. Mayor absorci\u00f3n que otras marcas. Contiene atrayente.","robots":{"index":"index","follow":"follow","max-snippet":"max-snippet:-1","max-image-preview":"max-image-preview:large","max-video-preview":"max-video-preview:-1"},"canonical":"https:\/\/acuariosupremus.com\/?product=tapete-entrenador-soft-pad-50-pz","og_locale":"es_MX","og_type":"article","og_title":"TAPETE ENTRENADOR SOFT PAD - 50 PZ | Acuario Supremus","og_description":"Tapete de entrenamiento para perros y de protecci\u00f3n para pisos. Superficie acolchonada. Mayor absorci\u00f3n que otras marcas. Contiene atrayente.","og_url":"https:\/\/acuariosupremus.com\/?product=tapete-entrenador-soft-pad-50-pz","og_site_name":"Acuario Supremus","article_publisher":"https:\/\/www.facebook.com\/AcuarioSupremus","article_modified_time":"2026-02-01T22:17:51+00:00","og_image":[{"width":1000,"height":1000,"url":"https:\/\/acuariosupremus.com\/wp-content\/uploads\/2022\/03\/FL7175.png","type":"image\/png"}],"twitter_card":"summary_large_image","twitter_site":"@AcuarioSupremus","twitter_misc":{"Tiempo de lectura":"1 minuto"},"schema":{"@context":"https:\/\/schema.org","@graph":[{"@type":"WebPage","@id":"https:\/\/acuariosupremus.com\/?product=tapete-entrenador-soft-pad-50-pz","url":"https:\/\/acuariosupremus.com\/?product=tapete-entrenador-soft-pad-50-pz","name":"TAPETE ENTRENADOR SOFT PAD - 50 PZ | Acuario Supremus","isPartOf":{"@id":"https:\/\/acuariosupremus.com\/#website"},"primaryImageOfPage":{"@id":"https:\/\/acuariosupremus.com\/?product=tapete-entrenador-soft-pad-50-pz#primaryimage"},"image":{"@id":"https:\/\/acuariosupremus.com\/?product=tapete-entrenador-soft-pad-50-pz#primaryimage"},"thumbnailUrl":"https:\/\/acuariosupremus.com\/wp-content\/uploads\/2022\/03\/FL7175.png","datePublished":"2022-03-16T02:31:54+00:00","dateModified":"2026-02-01T22:17:51+00:00","description":"Tapete de entrenamiento para perros y de protecci\u00f3n para pisos. Superficie acolchonada. Mayor absorci\u00f3n que otras marcas. Contiene atrayente.","breadcrumb":{"@id":"https:\/\/acuariosupremus.com\/?product=tapete-entrenador-soft-pad-50-pz#breadcrumb"},"inLanguage":"es","potentialAction":[{"@type":"ReadAction","target":["https:\/\/acuariosupremus.com\/?product=tapete-entrenador-soft-pad-50-pz"]}]},{"@type":"ImageObject","inLanguage":"es","@id":"https:\/\/acuariosupremus.com\/?product=tapete-entrenador-soft-pad-50-pz#primaryimage","url":"https:\/\/acuariosupremus.com\/wp-content\/uploads\/2022\/03\/FL7175.png","contentUrl":"https:\/\/acuariosupremus.com\/wp-content\/uploads\/2022\/03\/FL7175.png","width":1000,"height":1000},{"@type":"BreadcrumbList","@id":"https:\/\/acuariosupremus.com\/?product=tapete-entrenador-soft-pad-50-pz#breadcrumb","itemListElement":[{"@type":"ListItem","position":1,"name":"Portada","item":"https:\/\/acuariosupremus.com\/"},{"@type":"ListItem","position":2,"name":"Tienda","item":"https:\/\/acuariosupremus.com\/tienda\/"},{"@type":"ListItem","position":3,"name":"TAPETE ENTRENADOR SOFT PAD &#8211; 50 PZ"}]},{"@type":"WebSite","@id":"https:\/\/acuariosupremus.com\/#website","url":"https:\/\/acuariosupremus.com\/","name":"Acuario Supremus","description":"Peces, Peceras y Mascotas.","publisher":{"@id":"https:\/\/acuariosupremus.com\/#organization"},"potentialAction":[{"@type":"SearchAction","target":{"@type":"EntryPoint","urlTemplate":"https:\/\/acuariosupremus.com\/?s={search_term_string}"},"query-input":{"@type":"PropertyValueSpecification","valueRequired":true,"valueName":"search_term_string"}}],"inLanguage":"es"},{"@type":"Organization","@id":"https:\/\/acuariosupremus.com\/#organization","name":"Acuario Supremus","url":"https:\/\/acuariosupremus.com\/","logo":{"@type":"ImageObject","inLanguage":"es","@id":"https:\/\/acuariosupremus.com\/#\/schema\/logo\/image\/","url":"https:\/\/acuariosupremus.com\/wp-content\/uploads\/2021\/12\/cropped-logo_acuario_supremus_fn-2.png","contentUrl":"https:\/\/acuariosupremus.com\/wp-content\/uploads\/2021\/12\/cropped-logo_acuario_supremus_fn-2.png","width":1000,"height":318,"caption":"Acuario Supremus"},"image":{"@id":"https:\/\/acuariosupremus.com\/#\/schema\/logo\/image\/"},"sameAs":["https:\/\/www.facebook.com\/AcuarioSupremus","https:\/\/x.com\/AcuarioSupremus","https:\/\/www.instagram.com\/acuariosupremus\/?hl=es"]}]}},"jetpack_sharing_enabled":true,"_links":{"self":[{"href":"https:\/\/acuariosupremus.com\/index.php?rest_route=\/wp\/v2\/product\/5090","targetHints":{"allow":["GET"]}}],"collection":[{"href":"https:\/\/acuariosupremus.com\/index.php?rest_route=\/wp\/v2\/product"}],"about":[{"href":"https:\/\/acuariosupremus.com\/index.php?rest_route=\/wp\/v2\/types\/product"}],"wp:featuredmedia":[{"embeddable":true,"href":"https:\/\/acuariosupremus.com\/index.php?rest_route=\/wp\/v2\/media\/5091"}],"wp:attachment":[{"href":"https:\/\/acuariosupremus.com\/index.php?rest_route=%2Fwp%2Fv2%2Fmedia&parent=5090"}],"wp:term":[{"taxonomy":"product_brand","embeddable":true,"href":"https:\/\/acuariosupremus.com\/index.php?rest_route=%2Fwp%2Fv2%2Fproduct_brand&post=5090"},{"taxonomy":"product_cat","embeddable":true,"href":"https:\/\/acuariosupremus.com\/index.php?rest_route=%2Fwp%2Fv2%2Fproduct_cat&post=5090"},{"taxonomy":"product_tag","embeddable":true,"href":"https:\/\/acuariosupremus.com\/index.php?rest_route=%2Fwp%2Fv2%2Fproduct_tag&post=5090"}],"curies":[{"name":"wp","href":"https:\/\/api.w.org\/{rel}","templated":true}]}}