{"id":5125,"date":"2022-03-16T14:42:44","date_gmt":"2022-03-16T20:42:44","guid":{"rendered":"https:\/\/acuariosupremus.com\/?post_type=product&#038;p=5125"},"modified":"2026-02-01T17:28:48","modified_gmt":"2026-02-01T23:28:48","slug":"juguete-pelota-ch-de-tenis-con-squeaker-3-pz","status":"publish","type":"product","link":"https:\/\/acuariosupremus.com\/?product=juguete-pelota-ch-de-tenis-con-squeaker-3-pz","title":{"rendered":"JUGUETE PELOTA CH DE TENIS CON SQUEAKER &#8211; 3 PZ"},"content":{"rendered":"<p>Recomendaciones:<br \/>\nSelecciona el juguete apropiado de acuerdo a los h\u00e1bitos de juego de tu perro. Al jugar, interaccionas con tu perro y estimulas su instinto de caza. Este juguete no es apto para ni\u00f1os pues contiene piezas peque\u00f1as que pueden ingerirse. El uso de este juguete es responsabilidad del due\u00f1o de la mascota.<br \/>\nMedidas:<br \/>\n2 de di\u00e1metro.<br \/>\nMaterial:<br \/>\n70% Caucho + 30% Poli\u00e9ster.<br \/>\nContenido:<br \/>\n3 PZAS<\/p>\n","protected":false},"excerpt":{"rendered":"<p>Caracter\u00edsticas:<br \/>\nPelota chica de tenis con sonido. Juguete cl\u00e1sico para lanzar, atrapar e interactuar por horas. El sonido que emite la pelota al presionarla, es el factor sorpresa que le encantar\u00e1 a tu perro.<\/p>\n","protected":false},"featured_media":5126,"template":"","meta":[],"product_brand":[106],"product_cat":[73,77],"product_tag":[328,455],"class_list":{"0":"post-5125","1":"product","2":"type-product","3":"status-publish","4":"has-post-thumbnail","6":"product_brand-fancypets","7":"product_cat-perros","8":"product_cat-juguetes-perros","9":"product_tag-juguete-para-perro","10":"product_tag-juguete-pelota","12":"first","13":"instock","14":"sale","15":"shipping-taxable","16":"purchasable","17":"product-type-simple"},"yoast_head":"<!-- This site is optimized with the Yoast SEO plugin v27.4 - https:\/\/yoast.com\/product\/yoast-seo-wordpress\/ -->\n<title>JUGUETE PELOTA CH DE TENIS CON SQUEAKER - 3 PZ | Acuario Supremus<\/title>\n<meta name=\"description\" content=\"Pelota chica de tenis con sonido. El sonido que emite la pelota al presionarla, es el factor sorpresa que le encantar\u00e1 a tu perro.\" \/>\n<meta name=\"robots\" content=\"index, follow, max-snippet:-1, max-image-preview:large, max-video-preview:-1\" \/>\n<link rel=\"canonical\" href=\"https:\/\/acuariosupremus.com\/?product=juguete-pelota-ch-de-tenis-con-squeaker-3-pz\" \/>\n<meta property=\"og:locale\" content=\"es_MX\" \/>\n<meta property=\"og:type\" content=\"article\" \/>\n<meta property=\"og:title\" content=\"JUGUETE PELOTA CH DE TENIS CON SQUEAKER - 3 PZ | Acuario Supremus\" \/>\n<meta property=\"og:description\" content=\"Pelota chica de tenis con sonido. El sonido que emite la pelota al presionarla, es el factor sorpresa que le encantar\u00e1 a tu perro.\" \/>\n<meta property=\"og:url\" content=\"https:\/\/acuariosupremus.com\/?product=juguete-pelota-ch-de-tenis-con-squeaker-3-pz\" \/>\n<meta property=\"og:site_name\" content=\"Acuario Supremus\" \/>\n<meta property=\"article:publisher\" content=\"https:\/\/www.facebook.com\/AcuarioSupremus\" \/>\n<meta property=\"article:modified_time\" content=\"2026-02-01T23:28:48+00:00\" \/>\n<meta property=\"og:image\" content=\"https:\/\/acuariosupremus.com\/wp-content\/uploads\/2022\/03\/FL7154.jpg\" \/>\n\t<meta property=\"og:image:width\" content=\"1000\" \/>\n\t<meta property=\"og:image:height\" content=\"1000\" \/>\n\t<meta property=\"og:image:type\" content=\"image\/jpeg\" \/>\n<meta name=\"twitter:card\" content=\"summary_large_image\" \/>\n<meta name=\"twitter:site\" content=\"@AcuarioSupremus\" \/>\n<meta name=\"twitter:label1\" content=\"Tiempo de lectura\" \/>\n\t<meta name=\"twitter:data1\" content=\"1 minuto\" \/>\n<script type=\"application\/ld+json\" class=\"yoast-schema-graph\">{\"@context\":\"https:\\\/\\\/schema.org\",\"@graph\":[{\"@type\":\"WebPage\",\"@id\":\"https:\\\/\\\/acuariosupremus.com\\\/?product=juguete-pelota-ch-de-tenis-con-squeaker-3-pz\",\"url\":\"https:\\\/\\\/acuariosupremus.com\\\/?product=juguete-pelota-ch-de-tenis-con-squeaker-3-pz\",\"name\":\"JUGUETE PELOTA CH DE TENIS CON SQUEAKER - 3 PZ | Acuario Supremus\",\"isPartOf\":{\"@id\":\"https:\\\/\\\/acuariosupremus.com\\\/#website\"},\"primaryImageOfPage\":{\"@id\":\"https:\\\/\\\/acuariosupremus.com\\\/?product=juguete-pelota-ch-de-tenis-con-squeaker-3-pz#primaryimage\"},\"image\":{\"@id\":\"https:\\\/\\\/acuariosupremus.com\\\/?product=juguete-pelota-ch-de-tenis-con-squeaker-3-pz#primaryimage\"},\"thumbnailUrl\":\"https:\\\/\\\/acuariosupremus.com\\\/wp-content\\\/uploads\\\/2022\\\/03\\\/FL7154.jpg\",\"datePublished\":\"2022-03-16T20:42:44+00:00\",\"dateModified\":\"2026-02-01T23:28:48+00:00\",\"description\":\"Pelota chica de tenis con sonido. El sonido que emite la pelota al presionarla, es el factor sorpresa que le encantar\u00e1 a tu perro.\",\"breadcrumb\":{\"@id\":\"https:\\\/\\\/acuariosupremus.com\\\/?product=juguete-pelota-ch-de-tenis-con-squeaker-3-pz#breadcrumb\"},\"inLanguage\":\"es\",\"potentialAction\":[{\"@type\":\"ReadAction\",\"target\":[\"https:\\\/\\\/acuariosupremus.com\\\/?product=juguete-pelota-ch-de-tenis-con-squeaker-3-pz\"]}]},{\"@type\":\"ImageObject\",\"inLanguage\":\"es\",\"@id\":\"https:\\\/\\\/acuariosupremus.com\\\/?product=juguete-pelota-ch-de-tenis-con-squeaker-3-pz#primaryimage\",\"url\":\"https:\\\/\\\/acuariosupremus.com\\\/wp-content\\\/uploads\\\/2022\\\/03\\\/FL7154.jpg\",\"contentUrl\":\"https:\\\/\\\/acuariosupremus.com\\\/wp-content\\\/uploads\\\/2022\\\/03\\\/FL7154.jpg\",\"width\":1000,\"height\":1000},{\"@type\":\"BreadcrumbList\",\"@id\":\"https:\\\/\\\/acuariosupremus.com\\\/?product=juguete-pelota-ch-de-tenis-con-squeaker-3-pz#breadcrumb\",\"itemListElement\":[{\"@type\":\"ListItem\",\"position\":1,\"name\":\"Portada\",\"item\":\"https:\\\/\\\/acuariosupremus.com\\\/\"},{\"@type\":\"ListItem\",\"position\":2,\"name\":\"Tienda\",\"item\":\"https:\\\/\\\/acuariosupremus.com\\\/tienda\\\/\"},{\"@type\":\"ListItem\",\"position\":3,\"name\":\"JUGUETE PELOTA CH DE TENIS CON SQUEAKER &#8211; 3 PZ\"}]},{\"@type\":\"WebSite\",\"@id\":\"https:\\\/\\\/acuariosupremus.com\\\/#website\",\"url\":\"https:\\\/\\\/acuariosupremus.com\\\/\",\"name\":\"Acuario Supremus\",\"description\":\"Peces, Peceras y Mascotas.\",\"publisher\":{\"@id\":\"https:\\\/\\\/acuariosupremus.com\\\/#organization\"},\"potentialAction\":[{\"@type\":\"SearchAction\",\"target\":{\"@type\":\"EntryPoint\",\"urlTemplate\":\"https:\\\/\\\/acuariosupremus.com\\\/?s={search_term_string}\"},\"query-input\":{\"@type\":\"PropertyValueSpecification\",\"valueRequired\":true,\"valueName\":\"search_term_string\"}}],\"inLanguage\":\"es\"},{\"@type\":\"Organization\",\"@id\":\"https:\\\/\\\/acuariosupremus.com\\\/#organization\",\"name\":\"Acuario Supremus\",\"url\":\"https:\\\/\\\/acuariosupremus.com\\\/\",\"logo\":{\"@type\":\"ImageObject\",\"inLanguage\":\"es\",\"@id\":\"https:\\\/\\\/acuariosupremus.com\\\/#\\\/schema\\\/logo\\\/image\\\/\",\"url\":\"https:\\\/\\\/acuariosupremus.com\\\/wp-content\\\/uploads\\\/2021\\\/12\\\/cropped-logo_acuario_supremus_fn-2.png\",\"contentUrl\":\"https:\\\/\\\/acuariosupremus.com\\\/wp-content\\\/uploads\\\/2021\\\/12\\\/cropped-logo_acuario_supremus_fn-2.png\",\"width\":1000,\"height\":318,\"caption\":\"Acuario Supremus\"},\"image\":{\"@id\":\"https:\\\/\\\/acuariosupremus.com\\\/#\\\/schema\\\/logo\\\/image\\\/\"},\"sameAs\":[\"https:\\\/\\\/www.facebook.com\\\/AcuarioSupremus\",\"https:\\\/\\\/x.com\\\/AcuarioSupremus\",\"https:\\\/\\\/www.instagram.com\\\/acuariosupremus\\\/?hl=es\"]}]}<\/script>\n<!-- \/ Yoast SEO plugin. -->","yoast_head_json":{"title":"JUGUETE PELOTA CH DE TENIS CON SQUEAKER - 3 PZ | Acuario Supremus","description":"Pelota chica de tenis con sonido. El sonido que emite la pelota al presionarla, es el factor sorpresa que le encantar\u00e1 a tu perro.","robots":{"index":"index","follow":"follow","max-snippet":"max-snippet:-1","max-image-preview":"max-image-preview:large","max-video-preview":"max-video-preview:-1"},"canonical":"https:\/\/acuariosupremus.com\/?product=juguete-pelota-ch-de-tenis-con-squeaker-3-pz","og_locale":"es_MX","og_type":"article","og_title":"JUGUETE PELOTA CH DE TENIS CON SQUEAKER - 3 PZ | Acuario Supremus","og_description":"Pelota chica de tenis con sonido. El sonido que emite la pelota al presionarla, es el factor sorpresa que le encantar\u00e1 a tu perro.","og_url":"https:\/\/acuariosupremus.com\/?product=juguete-pelota-ch-de-tenis-con-squeaker-3-pz","og_site_name":"Acuario Supremus","article_publisher":"https:\/\/www.facebook.com\/AcuarioSupremus","article_modified_time":"2026-02-01T23:28:48+00:00","og_image":[{"width":1000,"height":1000,"url":"https:\/\/acuariosupremus.com\/wp-content\/uploads\/2022\/03\/FL7154.jpg","type":"image\/jpeg"}],"twitter_card":"summary_large_image","twitter_site":"@AcuarioSupremus","twitter_misc":{"Tiempo de lectura":"1 minuto"},"schema":{"@context":"https:\/\/schema.org","@graph":[{"@type":"WebPage","@id":"https:\/\/acuariosupremus.com\/?product=juguete-pelota-ch-de-tenis-con-squeaker-3-pz","url":"https:\/\/acuariosupremus.com\/?product=juguete-pelota-ch-de-tenis-con-squeaker-3-pz","name":"JUGUETE PELOTA CH DE TENIS CON SQUEAKER - 3 PZ | Acuario Supremus","isPartOf":{"@id":"https:\/\/acuariosupremus.com\/#website"},"primaryImageOfPage":{"@id":"https:\/\/acuariosupremus.com\/?product=juguete-pelota-ch-de-tenis-con-squeaker-3-pz#primaryimage"},"image":{"@id":"https:\/\/acuariosupremus.com\/?product=juguete-pelota-ch-de-tenis-con-squeaker-3-pz#primaryimage"},"thumbnailUrl":"https:\/\/acuariosupremus.com\/wp-content\/uploads\/2022\/03\/FL7154.jpg","datePublished":"2022-03-16T20:42:44+00:00","dateModified":"2026-02-01T23:28:48+00:00","description":"Pelota chica de tenis con sonido. El sonido que emite la pelota al presionarla, es el factor sorpresa que le encantar\u00e1 a tu perro.","breadcrumb":{"@id":"https:\/\/acuariosupremus.com\/?product=juguete-pelota-ch-de-tenis-con-squeaker-3-pz#breadcrumb"},"inLanguage":"es","potentialAction":[{"@type":"ReadAction","target":["https:\/\/acuariosupremus.com\/?product=juguete-pelota-ch-de-tenis-con-squeaker-3-pz"]}]},{"@type":"ImageObject","inLanguage":"es","@id":"https:\/\/acuariosupremus.com\/?product=juguete-pelota-ch-de-tenis-con-squeaker-3-pz#primaryimage","url":"https:\/\/acuariosupremus.com\/wp-content\/uploads\/2022\/03\/FL7154.jpg","contentUrl":"https:\/\/acuariosupremus.com\/wp-content\/uploads\/2022\/03\/FL7154.jpg","width":1000,"height":1000},{"@type":"BreadcrumbList","@id":"https:\/\/acuariosupremus.com\/?product=juguete-pelota-ch-de-tenis-con-squeaker-3-pz#breadcrumb","itemListElement":[{"@type":"ListItem","position":1,"name":"Portada","item":"https:\/\/acuariosupremus.com\/"},{"@type":"ListItem","position":2,"name":"Tienda","item":"https:\/\/acuariosupremus.com\/tienda\/"},{"@type":"ListItem","position":3,"name":"JUGUETE PELOTA CH DE TENIS CON SQUEAKER &#8211; 3 PZ"}]},{"@type":"WebSite","@id":"https:\/\/acuariosupremus.com\/#website","url":"https:\/\/acuariosupremus.com\/","name":"Acuario Supremus","description":"Peces, Peceras y Mascotas.","publisher":{"@id":"https:\/\/acuariosupremus.com\/#organization"},"potentialAction":[{"@type":"SearchAction","target":{"@type":"EntryPoint","urlTemplate":"https:\/\/acuariosupremus.com\/?s={search_term_string}"},"query-input":{"@type":"PropertyValueSpecification","valueRequired":true,"valueName":"search_term_string"}}],"inLanguage":"es"},{"@type":"Organization","@id":"https:\/\/acuariosupremus.com\/#organization","name":"Acuario Supremus","url":"https:\/\/acuariosupremus.com\/","logo":{"@type":"ImageObject","inLanguage":"es","@id":"https:\/\/acuariosupremus.com\/#\/schema\/logo\/image\/","url":"https:\/\/acuariosupremus.com\/wp-content\/uploads\/2021\/12\/cropped-logo_acuario_supremus_fn-2.png","contentUrl":"https:\/\/acuariosupremus.com\/wp-content\/uploads\/2021\/12\/cropped-logo_acuario_supremus_fn-2.png","width":1000,"height":318,"caption":"Acuario Supremus"},"image":{"@id":"https:\/\/acuariosupremus.com\/#\/schema\/logo\/image\/"},"sameAs":["https:\/\/www.facebook.com\/AcuarioSupremus","https:\/\/x.com\/AcuarioSupremus","https:\/\/www.instagram.com\/acuariosupremus\/?hl=es"]}]}},"jetpack_sharing_enabled":true,"_links":{"self":[{"href":"https:\/\/acuariosupremus.com\/index.php?rest_route=\/wp\/v2\/product\/5125","targetHints":{"allow":["GET"]}}],"collection":[{"href":"https:\/\/acuariosupremus.com\/index.php?rest_route=\/wp\/v2\/product"}],"about":[{"href":"https:\/\/acuariosupremus.com\/index.php?rest_route=\/wp\/v2\/types\/product"}],"wp:featuredmedia":[{"embeddable":true,"href":"https:\/\/acuariosupremus.com\/index.php?rest_route=\/wp\/v2\/media\/5126"}],"wp:attachment":[{"href":"https:\/\/acuariosupremus.com\/index.php?rest_route=%2Fwp%2Fv2%2Fmedia&parent=5125"}],"wp:term":[{"taxonomy":"product_brand","embeddable":true,"href":"https:\/\/acuariosupremus.com\/index.php?rest_route=%2Fwp%2Fv2%2Fproduct_brand&post=5125"},{"taxonomy":"product_cat","embeddable":true,"href":"https:\/\/acuariosupremus.com\/index.php?rest_route=%2Fwp%2Fv2%2Fproduct_cat&post=5125"},{"taxonomy":"product_tag","embeddable":true,"href":"https:\/\/acuariosupremus.com\/index.php?rest_route=%2Fwp%2Fv2%2Fproduct_tag&post=5125"}],"curies":[{"name":"wp","href":"https:\/\/api.w.org\/{rel}","templated":true}]}}