{"id":5713,"date":"2022-03-21T15:00:20","date_gmt":"2022-03-21T21:00:20","guid":{"rendered":"https:\/\/acuariosupremus.com\/?post_type=product&#038;p=5713"},"modified":"2026-02-04T16:25:53","modified_gmt":"2026-02-04T22:25:53","slug":"carnaza-dental-10-13-cm-2-pz","status":"publish","type":"product","link":"https:\/\/acuariosupremus.com\/?product=carnaza-dental-10-13-cm-2-pz","title":{"rendered":"CARNAZA DENTAL (10-13 CM) &#8211; 2 PZ"},"content":{"rendered":"<p>Instrucciones:<br \/>\nV\u00eda oral. Proporcionar \u00fanicamente a perros una pieza por d\u00eda.<br \/>\nRecomendaciones:<br \/>\nEste producto noreemplaza lanlimpieza dental rutinaria de la mascota. Mant\u00e9ngase fuera del alcance de los ni\u00f1os. Conserve el producto en su envase original. Mantenga el envase cerrado en un lugar seco y fresco.<br \/>\nEl uso de este producto es responsabilidad del due\u00f1o de la mascota. Consulte al M\u00e9dico Veterinario.<br \/>\nIngredientes:<br \/>\nCarnaza de res, hexametafosfato de sodio, maltodextrina, dextrosa y esencia de menta.<br \/>\nAn\u00e1lisis garantizado:<br \/>\nHexametafosfato de sodio M\u00edn. 0.5%<br \/>\nContenido:<br \/>\n2 piezas<\/p>\n","protected":false},"excerpt":{"rendered":"<p>Caracter\u00edsticas:<br \/>\nContiene hexametafosfato de sodio, agente antisarro que act\u00faa como quelante del calcio presente en la saliva.<br \/>\nBeneficios:<br \/>\n&#8211; Contribuye a la reducci\u00f3n del sarro dental<br \/>\n&#8211; Previene enfermedades bucales<br \/>\n&#8211; Excelente auxiliar para la higiene bucal de la mascota<\/p>\n","protected":false},"featured_media":5714,"template":"","meta":[],"product_brand":[106],"product_cat":[73,80],"product_tag":[475,474],"class_list":{"0":"post-5713","1":"product","2":"type-product","3":"status-publish","4":"has-post-thumbnail","6":"product_brand-fancypets","7":"product_cat-perros","8":"product_cat-premios","9":"product_tag-carnaza-dental-perros","10":"product_tag-carnaza-para-perros","12":"first","13":"instock","14":"sale","15":"shipping-taxable","16":"purchasable","17":"product-type-simple"},"yoast_head":"<!-- This site is optimized with the Yoast SEO plugin v27.4 - https:\/\/yoast.com\/product\/yoast-seo-wordpress\/ -->\n<title>CARNAZA DENTAL (10-13 CM) - 2 PZ | Acuario Supremus<\/title>\n<meta name=\"description\" content=\"Contiene hexametafosfato de sodio, agente antisarro que act\u00faa como quelante del calcio presente en la saliva,Contribuye a la reducci\u00f3n del sarro dental.\" \/>\n<meta name=\"robots\" content=\"index, follow, max-snippet:-1, max-image-preview:large, max-video-preview:-1\" \/>\n<link rel=\"canonical\" href=\"https:\/\/acuariosupremus.com\/?product=carnaza-dental-10-13-cm-2-pz\" \/>\n<meta property=\"og:locale\" content=\"es_MX\" \/>\n<meta property=\"og:type\" content=\"article\" \/>\n<meta property=\"og:title\" content=\"CARNAZA DENTAL (10-13 CM) - 2 PZ | Acuario Supremus\" \/>\n<meta property=\"og:description\" content=\"Contiene hexametafosfato de sodio, agente antisarro que act\u00faa como quelante del calcio presente en la saliva,Contribuye a la reducci\u00f3n del sarro dental.\" \/>\n<meta property=\"og:url\" content=\"https:\/\/acuariosupremus.com\/?product=carnaza-dental-10-13-cm-2-pz\" \/>\n<meta property=\"og:site_name\" content=\"Acuario Supremus\" \/>\n<meta property=\"article:publisher\" content=\"https:\/\/www.facebook.com\/AcuarioSupremus\" \/>\n<meta property=\"article:modified_time\" content=\"2026-02-04T22:25:53+00:00\" \/>\n<meta property=\"og:image\" content=\"https:\/\/acuariosupremus.com\/wp-content\/uploads\/2022\/03\/FL3714.jpg\" \/>\n\t<meta property=\"og:image:width\" content=\"1000\" \/>\n\t<meta property=\"og:image:height\" content=\"1000\" \/>\n\t<meta property=\"og:image:type\" content=\"image\/jpeg\" \/>\n<meta name=\"twitter:card\" content=\"summary_large_image\" \/>\n<meta name=\"twitter:site\" content=\"@AcuarioSupremus\" \/>\n<meta name=\"twitter:label1\" content=\"Tiempo de lectura\" \/>\n\t<meta name=\"twitter:data1\" content=\"1 minuto\" \/>\n<script type=\"application\/ld+json\" class=\"yoast-schema-graph\">{\"@context\":\"https:\\\/\\\/schema.org\",\"@graph\":[{\"@type\":\"WebPage\",\"@id\":\"https:\\\/\\\/acuariosupremus.com\\\/?product=carnaza-dental-10-13-cm-2-pz\",\"url\":\"https:\\\/\\\/acuariosupremus.com\\\/?product=carnaza-dental-10-13-cm-2-pz\",\"name\":\"CARNAZA DENTAL (10-13 CM) - 2 PZ | Acuario Supremus\",\"isPartOf\":{\"@id\":\"https:\\\/\\\/acuariosupremus.com\\\/#website\"},\"primaryImageOfPage\":{\"@id\":\"https:\\\/\\\/acuariosupremus.com\\\/?product=carnaza-dental-10-13-cm-2-pz#primaryimage\"},\"image\":{\"@id\":\"https:\\\/\\\/acuariosupremus.com\\\/?product=carnaza-dental-10-13-cm-2-pz#primaryimage\"},\"thumbnailUrl\":\"https:\\\/\\\/acuariosupremus.com\\\/wp-content\\\/uploads\\\/2022\\\/03\\\/FL3714.jpg\",\"datePublished\":\"2022-03-21T21:00:20+00:00\",\"dateModified\":\"2026-02-04T22:25:53+00:00\",\"description\":\"Contiene hexametafosfato de sodio, agente antisarro que act\u00faa como quelante del calcio presente en la saliva,Contribuye a la reducci\u00f3n del sarro dental.\",\"breadcrumb\":{\"@id\":\"https:\\\/\\\/acuariosupremus.com\\\/?product=carnaza-dental-10-13-cm-2-pz#breadcrumb\"},\"inLanguage\":\"es\",\"potentialAction\":[{\"@type\":\"ReadAction\",\"target\":[\"https:\\\/\\\/acuariosupremus.com\\\/?product=carnaza-dental-10-13-cm-2-pz\"]}]},{\"@type\":\"ImageObject\",\"inLanguage\":\"es\",\"@id\":\"https:\\\/\\\/acuariosupremus.com\\\/?product=carnaza-dental-10-13-cm-2-pz#primaryimage\",\"url\":\"https:\\\/\\\/acuariosupremus.com\\\/wp-content\\\/uploads\\\/2022\\\/03\\\/FL3714.jpg\",\"contentUrl\":\"https:\\\/\\\/acuariosupremus.com\\\/wp-content\\\/uploads\\\/2022\\\/03\\\/FL3714.jpg\",\"width\":1000,\"height\":1000},{\"@type\":\"BreadcrumbList\",\"@id\":\"https:\\\/\\\/acuariosupremus.com\\\/?product=carnaza-dental-10-13-cm-2-pz#breadcrumb\",\"itemListElement\":[{\"@type\":\"ListItem\",\"position\":1,\"name\":\"Portada\",\"item\":\"https:\\\/\\\/acuariosupremus.com\\\/\"},{\"@type\":\"ListItem\",\"position\":2,\"name\":\"Tienda\",\"item\":\"https:\\\/\\\/acuariosupremus.com\\\/tienda\\\/\"},{\"@type\":\"ListItem\",\"position\":3,\"name\":\"CARNAZA DENTAL (10-13 CM) &#8211; 2 PZ\"}]},{\"@type\":\"WebSite\",\"@id\":\"https:\\\/\\\/acuariosupremus.com\\\/#website\",\"url\":\"https:\\\/\\\/acuariosupremus.com\\\/\",\"name\":\"Acuario Supremus\",\"description\":\"Peces, Peceras y Mascotas.\",\"publisher\":{\"@id\":\"https:\\\/\\\/acuariosupremus.com\\\/#organization\"},\"potentialAction\":[{\"@type\":\"SearchAction\",\"target\":{\"@type\":\"EntryPoint\",\"urlTemplate\":\"https:\\\/\\\/acuariosupremus.com\\\/?s={search_term_string}\"},\"query-input\":{\"@type\":\"PropertyValueSpecification\",\"valueRequired\":true,\"valueName\":\"search_term_string\"}}],\"inLanguage\":\"es\"},{\"@type\":\"Organization\",\"@id\":\"https:\\\/\\\/acuariosupremus.com\\\/#organization\",\"name\":\"Acuario Supremus\",\"url\":\"https:\\\/\\\/acuariosupremus.com\\\/\",\"logo\":{\"@type\":\"ImageObject\",\"inLanguage\":\"es\",\"@id\":\"https:\\\/\\\/acuariosupremus.com\\\/#\\\/schema\\\/logo\\\/image\\\/\",\"url\":\"https:\\\/\\\/acuariosupremus.com\\\/wp-content\\\/uploads\\\/2021\\\/12\\\/cropped-logo_acuario_supremus_fn-2.png\",\"contentUrl\":\"https:\\\/\\\/acuariosupremus.com\\\/wp-content\\\/uploads\\\/2021\\\/12\\\/cropped-logo_acuario_supremus_fn-2.png\",\"width\":1000,\"height\":318,\"caption\":\"Acuario Supremus\"},\"image\":{\"@id\":\"https:\\\/\\\/acuariosupremus.com\\\/#\\\/schema\\\/logo\\\/image\\\/\"},\"sameAs\":[\"https:\\\/\\\/www.facebook.com\\\/AcuarioSupremus\",\"https:\\\/\\\/x.com\\\/AcuarioSupremus\",\"https:\\\/\\\/www.instagram.com\\\/acuariosupremus\\\/?hl=es\"]}]}<\/script>\n<!-- \/ Yoast SEO plugin. -->","yoast_head_json":{"title":"CARNAZA DENTAL (10-13 CM) - 2 PZ | Acuario Supremus","description":"Contiene hexametafosfato de sodio, agente antisarro que act\u00faa como quelante del calcio presente en la saliva,Contribuye a la reducci\u00f3n del sarro dental.","robots":{"index":"index","follow":"follow","max-snippet":"max-snippet:-1","max-image-preview":"max-image-preview:large","max-video-preview":"max-video-preview:-1"},"canonical":"https:\/\/acuariosupremus.com\/?product=carnaza-dental-10-13-cm-2-pz","og_locale":"es_MX","og_type":"article","og_title":"CARNAZA DENTAL (10-13 CM) - 2 PZ | Acuario Supremus","og_description":"Contiene hexametafosfato de sodio, agente antisarro que act\u00faa como quelante del calcio presente en la saliva,Contribuye a la reducci\u00f3n del sarro dental.","og_url":"https:\/\/acuariosupremus.com\/?product=carnaza-dental-10-13-cm-2-pz","og_site_name":"Acuario Supremus","article_publisher":"https:\/\/www.facebook.com\/AcuarioSupremus","article_modified_time":"2026-02-04T22:25:53+00:00","og_image":[{"width":1000,"height":1000,"url":"https:\/\/acuariosupremus.com\/wp-content\/uploads\/2022\/03\/FL3714.jpg","type":"image\/jpeg"}],"twitter_card":"summary_large_image","twitter_site":"@AcuarioSupremus","twitter_misc":{"Tiempo de lectura":"1 minuto"},"schema":{"@context":"https:\/\/schema.org","@graph":[{"@type":"WebPage","@id":"https:\/\/acuariosupremus.com\/?product=carnaza-dental-10-13-cm-2-pz","url":"https:\/\/acuariosupremus.com\/?product=carnaza-dental-10-13-cm-2-pz","name":"CARNAZA DENTAL (10-13 CM) - 2 PZ | Acuario Supremus","isPartOf":{"@id":"https:\/\/acuariosupremus.com\/#website"},"primaryImageOfPage":{"@id":"https:\/\/acuariosupremus.com\/?product=carnaza-dental-10-13-cm-2-pz#primaryimage"},"image":{"@id":"https:\/\/acuariosupremus.com\/?product=carnaza-dental-10-13-cm-2-pz#primaryimage"},"thumbnailUrl":"https:\/\/acuariosupremus.com\/wp-content\/uploads\/2022\/03\/FL3714.jpg","datePublished":"2022-03-21T21:00:20+00:00","dateModified":"2026-02-04T22:25:53+00:00","description":"Contiene hexametafosfato de sodio, agente antisarro que act\u00faa como quelante del calcio presente en la saliva,Contribuye a la reducci\u00f3n del sarro dental.","breadcrumb":{"@id":"https:\/\/acuariosupremus.com\/?product=carnaza-dental-10-13-cm-2-pz#breadcrumb"},"inLanguage":"es","potentialAction":[{"@type":"ReadAction","target":["https:\/\/acuariosupremus.com\/?product=carnaza-dental-10-13-cm-2-pz"]}]},{"@type":"ImageObject","inLanguage":"es","@id":"https:\/\/acuariosupremus.com\/?product=carnaza-dental-10-13-cm-2-pz#primaryimage","url":"https:\/\/acuariosupremus.com\/wp-content\/uploads\/2022\/03\/FL3714.jpg","contentUrl":"https:\/\/acuariosupremus.com\/wp-content\/uploads\/2022\/03\/FL3714.jpg","width":1000,"height":1000},{"@type":"BreadcrumbList","@id":"https:\/\/acuariosupremus.com\/?product=carnaza-dental-10-13-cm-2-pz#breadcrumb","itemListElement":[{"@type":"ListItem","position":1,"name":"Portada","item":"https:\/\/acuariosupremus.com\/"},{"@type":"ListItem","position":2,"name":"Tienda","item":"https:\/\/acuariosupremus.com\/tienda\/"},{"@type":"ListItem","position":3,"name":"CARNAZA DENTAL (10-13 CM) &#8211; 2 PZ"}]},{"@type":"WebSite","@id":"https:\/\/acuariosupremus.com\/#website","url":"https:\/\/acuariosupremus.com\/","name":"Acuario Supremus","description":"Peces, Peceras y Mascotas.","publisher":{"@id":"https:\/\/acuariosupremus.com\/#organization"},"potentialAction":[{"@type":"SearchAction","target":{"@type":"EntryPoint","urlTemplate":"https:\/\/acuariosupremus.com\/?s={search_term_string}"},"query-input":{"@type":"PropertyValueSpecification","valueRequired":true,"valueName":"search_term_string"}}],"inLanguage":"es"},{"@type":"Organization","@id":"https:\/\/acuariosupremus.com\/#organization","name":"Acuario Supremus","url":"https:\/\/acuariosupremus.com\/","logo":{"@type":"ImageObject","inLanguage":"es","@id":"https:\/\/acuariosupremus.com\/#\/schema\/logo\/image\/","url":"https:\/\/acuariosupremus.com\/wp-content\/uploads\/2021\/12\/cropped-logo_acuario_supremus_fn-2.png","contentUrl":"https:\/\/acuariosupremus.com\/wp-content\/uploads\/2021\/12\/cropped-logo_acuario_supremus_fn-2.png","width":1000,"height":318,"caption":"Acuario Supremus"},"image":{"@id":"https:\/\/acuariosupremus.com\/#\/schema\/logo\/image\/"},"sameAs":["https:\/\/www.facebook.com\/AcuarioSupremus","https:\/\/x.com\/AcuarioSupremus","https:\/\/www.instagram.com\/acuariosupremus\/?hl=es"]}]}},"jetpack_sharing_enabled":true,"_links":{"self":[{"href":"https:\/\/acuariosupremus.com\/index.php?rest_route=\/wp\/v2\/product\/5713","targetHints":{"allow":["GET"]}}],"collection":[{"href":"https:\/\/acuariosupremus.com\/index.php?rest_route=\/wp\/v2\/product"}],"about":[{"href":"https:\/\/acuariosupremus.com\/index.php?rest_route=\/wp\/v2\/types\/product"}],"wp:featuredmedia":[{"embeddable":true,"href":"https:\/\/acuariosupremus.com\/index.php?rest_route=\/wp\/v2\/media\/5714"}],"wp:attachment":[{"href":"https:\/\/acuariosupremus.com\/index.php?rest_route=%2Fwp%2Fv2%2Fmedia&parent=5713"}],"wp:term":[{"taxonomy":"product_brand","embeddable":true,"href":"https:\/\/acuariosupremus.com\/index.php?rest_route=%2Fwp%2Fv2%2Fproduct_brand&post=5713"},{"taxonomy":"product_cat","embeddable":true,"href":"https:\/\/acuariosupremus.com\/index.php?rest_route=%2Fwp%2Fv2%2Fproduct_cat&post=5713"},{"taxonomy":"product_tag","embeddable":true,"href":"https:\/\/acuariosupremus.com\/index.php?rest_route=%2Fwp%2Fv2%2Fproduct_tag&post=5713"}],"curies":[{"name":"wp","href":"https:\/\/api.w.org\/{rel}","templated":true}]}}