{"id":5852,"date":"2022-03-21T19:26:20","date_gmt":"2022-03-22T01:26:20","guid":{"rendered":"https:\/\/acuariosupremus.com\/?post_type=product&#038;p=5852"},"modified":"2026-02-05T18:46:47","modified_gmt":"2026-02-06T00:46:47","slug":"yummy-sticks-carne-25-pz-500g","status":"publish","type":"product","link":"https:\/\/acuariosupremus.com\/?product=yummy-sticks-carne-25-pz-500g","title":{"rendered":"YUMMY STICKS CARNE 25 PZ &#8211; 500G"},"content":{"rendered":"<p>Recomendaciones:<br \/>\nPRECAUCIONES Y ADVERTENCIAS:<br \/>\nNo se administre a:<br \/>\n&#8211; Perros con un peso corporal menor a 5 kg.<br \/>\n&#8211; Razas miniatura.<br \/>\n&#8211; Razas chicas menores a 9 meses de edad.<br \/>\n&#8211; Razas medianas y grandes menores a 6 meses de edad.<br \/>\n&#8211; Perras en gestaci\u00f3n y lactancia.<br \/>\nEl uso de este producto es responsabilidad del due\u00f1o de la mascota. Ofrezca bajo supervisi\u00f3n. Este producto no sustituye la<br \/>\nalimentaci\u00f3n diaria de la mascota. Ofrezca agua fresca a su mascota en todo momento. Conservar en un lugar limpio, fresco y seco. No apto para consumo humano. Prohibido su uso para la alimentaci\u00f3n de rumiantes.<br \/>\nUSO VETERINARIO. CONSULTE AL M\u00c9DICO VETERINARIO.<br \/>\nIngredientes:<br \/>\nCereales, almidones, grenetina comestible, prote\u00edna vegetal, gomas naturales y\/o artificiales, agentes humectantes, aceite vegetal, lecitina de soya, vitamina A, vitamina D3, vitamina E, vitamina K3, vitamina B1, vitamina B2, vitamina B6,<br \/>\nvitamina B12, vitamina C, nicotinamida (vitamina B3), \u00e1cido pantot\u00e9nico, \u00e1cido f\u00f3lico, biotina, betacaroteno, cloruro de colina, cobre, hierro, manganeso, yodo, zinc, selenio, carbonato de calcio, fibra, sal, mezcla natural de tocoferoles,<br \/>\nextracto de romero, sabores naturales y\/o artificiales, colorantes naturales y\/o artificiales, benzoato de sodio.<br \/>\nAn\u00e1lisis garantizado:<br \/>\nProte\u00edna cruda (m\u00edn.) 18%<br \/>\nGrasa cruda (m\u00edn.) 3%<br \/>\nFibra cruda (m\u00e1x.) 1%<br \/>\nHumedad (m\u00e1x.) 15%<br \/>\nN\u00famero de autorizaci\u00f3n A-7290-097.<br \/>\nMedidas:<br \/>\n10-12 cm de longitud, 1.5-2 cm de di\u00e1metro<br \/>\nPeso\/Capacidad:<br \/>\n20 a 23 g c\/u<br \/>\nContenido:<br \/>\n25 piezas &#8211; 500 g<\/p>\n","protected":false},"excerpt":{"rendered":"<p>Caracter\u00edsticas:<br \/>\nLos premios Yummy Sticks son una opci\u00f3n saludable para consentir y entretener a tu perro. Fortificados con vitaminas, minerales y con un alto contenido en prote\u00edna. Adem\u00e1s, promueven su salud dental ayudando a eliminar residuos de comida alojados entre dientes. Masticar Yummy Sticks ayuda a reducir estr\u00e9s y liberar energ\u00eda al ejercitar su mand\u00edbula.<\/p>\n","protected":false},"featured_media":5853,"template":"","meta":[],"product_brand":[106],"product_cat":[73,80],"product_tag":[480,481],"class_list":{"0":"post-5852","1":"product","2":"type-product","3":"status-publish","4":"has-post-thumbnail","6":"product_brand-fancypets","7":"product_cat-perros","8":"product_cat-premios","9":"product_tag-premios-para-perros","10":"product_tag-premios-yummy","12":"first","13":"outofstock","14":"sale","15":"shipping-taxable","16":"purchasable","17":"product-type-simple"},"yoast_head":"<!-- This site is optimized with the Yoast SEO plugin v27.4 - https:\/\/yoast.com\/product\/yoast-seo-wordpress\/ -->\n<title>YUMMY STICKS CARNE 25 PZ - 500G | Acuario Supremus<\/title>\n<meta name=\"description\" content=\"Los premios Yummy Sticks son una opci\u00f3n saludable para consentir y entretener a tu perro. Fortificados con vitaminas, minerales y prote\u00edna.\" \/>\n<meta name=\"robots\" content=\"index, follow, max-snippet:-1, max-image-preview:large, max-video-preview:-1\" \/>\n<link rel=\"canonical\" href=\"https:\/\/acuariosupremus.com\/?product=yummy-sticks-carne-25-pz-500g\" \/>\n<meta property=\"og:locale\" content=\"es_MX\" \/>\n<meta property=\"og:type\" content=\"article\" \/>\n<meta property=\"og:title\" content=\"YUMMY STICKS CARNE 25 PZ - 500G | Acuario Supremus\" \/>\n<meta property=\"og:description\" content=\"Los premios Yummy Sticks son una opci\u00f3n saludable para consentir y entretener a tu perro. Fortificados con vitaminas, minerales y prote\u00edna.\" \/>\n<meta property=\"og:url\" content=\"https:\/\/acuariosupremus.com\/?product=yummy-sticks-carne-25-pz-500g\" \/>\n<meta property=\"og:site_name\" content=\"Acuario Supremus\" \/>\n<meta property=\"article:publisher\" content=\"https:\/\/www.facebook.com\/AcuarioSupremus\" \/>\n<meta property=\"article:modified_time\" content=\"2026-02-06T00:46:47+00:00\" \/>\n<meta property=\"og:image\" content=\"https:\/\/acuariosupremus.com\/wp-content\/uploads\/2022\/03\/FL4504.jpg\" \/>\n\t<meta property=\"og:image:width\" content=\"1000\" \/>\n\t<meta property=\"og:image:height\" content=\"1000\" \/>\n\t<meta property=\"og:image:type\" content=\"image\/jpeg\" \/>\n<meta name=\"twitter:card\" content=\"summary_large_image\" \/>\n<meta name=\"twitter:site\" content=\"@AcuarioSupremus\" \/>\n<meta name=\"twitter:label1\" content=\"Tiempo de lectura\" \/>\n\t<meta name=\"twitter:data1\" content=\"2 minutos\" \/>\n<script type=\"application\/ld+json\" class=\"yoast-schema-graph\">{\"@context\":\"https:\\\/\\\/schema.org\",\"@graph\":[{\"@type\":\"WebPage\",\"@id\":\"https:\\\/\\\/acuariosupremus.com\\\/?product=yummy-sticks-carne-25-pz-500g\",\"url\":\"https:\\\/\\\/acuariosupremus.com\\\/?product=yummy-sticks-carne-25-pz-500g\",\"name\":\"YUMMY STICKS CARNE 25 PZ - 500G | Acuario Supremus\",\"isPartOf\":{\"@id\":\"https:\\\/\\\/acuariosupremus.com\\\/#website\"},\"primaryImageOfPage\":{\"@id\":\"https:\\\/\\\/acuariosupremus.com\\\/?product=yummy-sticks-carne-25-pz-500g#primaryimage\"},\"image\":{\"@id\":\"https:\\\/\\\/acuariosupremus.com\\\/?product=yummy-sticks-carne-25-pz-500g#primaryimage\"},\"thumbnailUrl\":\"https:\\\/\\\/acuariosupremus.com\\\/wp-content\\\/uploads\\\/2022\\\/03\\\/FL4504.jpg\",\"datePublished\":\"2022-03-22T01:26:20+00:00\",\"dateModified\":\"2026-02-06T00:46:47+00:00\",\"description\":\"Los premios Yummy Sticks son una opci\u00f3n saludable para consentir y entretener a tu perro. Fortificados con vitaminas, minerales y prote\u00edna.\",\"breadcrumb\":{\"@id\":\"https:\\\/\\\/acuariosupremus.com\\\/?product=yummy-sticks-carne-25-pz-500g#breadcrumb\"},\"inLanguage\":\"es\",\"potentialAction\":[{\"@type\":\"ReadAction\",\"target\":[\"https:\\\/\\\/acuariosupremus.com\\\/?product=yummy-sticks-carne-25-pz-500g\"]}]},{\"@type\":\"ImageObject\",\"inLanguage\":\"es\",\"@id\":\"https:\\\/\\\/acuariosupremus.com\\\/?product=yummy-sticks-carne-25-pz-500g#primaryimage\",\"url\":\"https:\\\/\\\/acuariosupremus.com\\\/wp-content\\\/uploads\\\/2022\\\/03\\\/FL4504.jpg\",\"contentUrl\":\"https:\\\/\\\/acuariosupremus.com\\\/wp-content\\\/uploads\\\/2022\\\/03\\\/FL4504.jpg\",\"width\":1000,\"height\":1000},{\"@type\":\"BreadcrumbList\",\"@id\":\"https:\\\/\\\/acuariosupremus.com\\\/?product=yummy-sticks-carne-25-pz-500g#breadcrumb\",\"itemListElement\":[{\"@type\":\"ListItem\",\"position\":1,\"name\":\"Portada\",\"item\":\"https:\\\/\\\/acuariosupremus.com\\\/\"},{\"@type\":\"ListItem\",\"position\":2,\"name\":\"Tienda\",\"item\":\"https:\\\/\\\/acuariosupremus.com\\\/tienda\\\/\"},{\"@type\":\"ListItem\",\"position\":3,\"name\":\"YUMMY STICKS CARNE 25 PZ &#8211; 500G\"}]},{\"@type\":\"WebSite\",\"@id\":\"https:\\\/\\\/acuariosupremus.com\\\/#website\",\"url\":\"https:\\\/\\\/acuariosupremus.com\\\/\",\"name\":\"Acuario Supremus\",\"description\":\"Peces, Peceras y Mascotas.\",\"publisher\":{\"@id\":\"https:\\\/\\\/acuariosupremus.com\\\/#organization\"},\"potentialAction\":[{\"@type\":\"SearchAction\",\"target\":{\"@type\":\"EntryPoint\",\"urlTemplate\":\"https:\\\/\\\/acuariosupremus.com\\\/?s={search_term_string}\"},\"query-input\":{\"@type\":\"PropertyValueSpecification\",\"valueRequired\":true,\"valueName\":\"search_term_string\"}}],\"inLanguage\":\"es\"},{\"@type\":\"Organization\",\"@id\":\"https:\\\/\\\/acuariosupremus.com\\\/#organization\",\"name\":\"Acuario Supremus\",\"url\":\"https:\\\/\\\/acuariosupremus.com\\\/\",\"logo\":{\"@type\":\"ImageObject\",\"inLanguage\":\"es\",\"@id\":\"https:\\\/\\\/acuariosupremus.com\\\/#\\\/schema\\\/logo\\\/image\\\/\",\"url\":\"https:\\\/\\\/acuariosupremus.com\\\/wp-content\\\/uploads\\\/2021\\\/12\\\/cropped-logo_acuario_supremus_fn-2.png\",\"contentUrl\":\"https:\\\/\\\/acuariosupremus.com\\\/wp-content\\\/uploads\\\/2021\\\/12\\\/cropped-logo_acuario_supremus_fn-2.png\",\"width\":1000,\"height\":318,\"caption\":\"Acuario Supremus\"},\"image\":{\"@id\":\"https:\\\/\\\/acuariosupremus.com\\\/#\\\/schema\\\/logo\\\/image\\\/\"},\"sameAs\":[\"https:\\\/\\\/www.facebook.com\\\/AcuarioSupremus\",\"https:\\\/\\\/x.com\\\/AcuarioSupremus\",\"https:\\\/\\\/www.instagram.com\\\/acuariosupremus\\\/?hl=es\"]}]}<\/script>\n<!-- \/ Yoast SEO plugin. -->","yoast_head_json":{"title":"YUMMY STICKS CARNE 25 PZ - 500G | Acuario Supremus","description":"Los premios Yummy Sticks son una opci\u00f3n saludable para consentir y entretener a tu perro. Fortificados con vitaminas, minerales y prote\u00edna.","robots":{"index":"index","follow":"follow","max-snippet":"max-snippet:-1","max-image-preview":"max-image-preview:large","max-video-preview":"max-video-preview:-1"},"canonical":"https:\/\/acuariosupremus.com\/?product=yummy-sticks-carne-25-pz-500g","og_locale":"es_MX","og_type":"article","og_title":"YUMMY STICKS CARNE 25 PZ - 500G | Acuario Supremus","og_description":"Los premios Yummy Sticks son una opci\u00f3n saludable para consentir y entretener a tu perro. Fortificados con vitaminas, minerales y prote\u00edna.","og_url":"https:\/\/acuariosupremus.com\/?product=yummy-sticks-carne-25-pz-500g","og_site_name":"Acuario Supremus","article_publisher":"https:\/\/www.facebook.com\/AcuarioSupremus","article_modified_time":"2026-02-06T00:46:47+00:00","og_image":[{"width":1000,"height":1000,"url":"https:\/\/acuariosupremus.com\/wp-content\/uploads\/2022\/03\/FL4504.jpg","type":"image\/jpeg"}],"twitter_card":"summary_large_image","twitter_site":"@AcuarioSupremus","twitter_misc":{"Tiempo de lectura":"2 minutos"},"schema":{"@context":"https:\/\/schema.org","@graph":[{"@type":"WebPage","@id":"https:\/\/acuariosupremus.com\/?product=yummy-sticks-carne-25-pz-500g","url":"https:\/\/acuariosupremus.com\/?product=yummy-sticks-carne-25-pz-500g","name":"YUMMY STICKS CARNE 25 PZ - 500G | Acuario Supremus","isPartOf":{"@id":"https:\/\/acuariosupremus.com\/#website"},"primaryImageOfPage":{"@id":"https:\/\/acuariosupremus.com\/?product=yummy-sticks-carne-25-pz-500g#primaryimage"},"image":{"@id":"https:\/\/acuariosupremus.com\/?product=yummy-sticks-carne-25-pz-500g#primaryimage"},"thumbnailUrl":"https:\/\/acuariosupremus.com\/wp-content\/uploads\/2022\/03\/FL4504.jpg","datePublished":"2022-03-22T01:26:20+00:00","dateModified":"2026-02-06T00:46:47+00:00","description":"Los premios Yummy Sticks son una opci\u00f3n saludable para consentir y entretener a tu perro. Fortificados con vitaminas, minerales y prote\u00edna.","breadcrumb":{"@id":"https:\/\/acuariosupremus.com\/?product=yummy-sticks-carne-25-pz-500g#breadcrumb"},"inLanguage":"es","potentialAction":[{"@type":"ReadAction","target":["https:\/\/acuariosupremus.com\/?product=yummy-sticks-carne-25-pz-500g"]}]},{"@type":"ImageObject","inLanguage":"es","@id":"https:\/\/acuariosupremus.com\/?product=yummy-sticks-carne-25-pz-500g#primaryimage","url":"https:\/\/acuariosupremus.com\/wp-content\/uploads\/2022\/03\/FL4504.jpg","contentUrl":"https:\/\/acuariosupremus.com\/wp-content\/uploads\/2022\/03\/FL4504.jpg","width":1000,"height":1000},{"@type":"BreadcrumbList","@id":"https:\/\/acuariosupremus.com\/?product=yummy-sticks-carne-25-pz-500g#breadcrumb","itemListElement":[{"@type":"ListItem","position":1,"name":"Portada","item":"https:\/\/acuariosupremus.com\/"},{"@type":"ListItem","position":2,"name":"Tienda","item":"https:\/\/acuariosupremus.com\/tienda\/"},{"@type":"ListItem","position":3,"name":"YUMMY STICKS CARNE 25 PZ &#8211; 500G"}]},{"@type":"WebSite","@id":"https:\/\/acuariosupremus.com\/#website","url":"https:\/\/acuariosupremus.com\/","name":"Acuario Supremus","description":"Peces, Peceras y Mascotas.","publisher":{"@id":"https:\/\/acuariosupremus.com\/#organization"},"potentialAction":[{"@type":"SearchAction","target":{"@type":"EntryPoint","urlTemplate":"https:\/\/acuariosupremus.com\/?s={search_term_string}"},"query-input":{"@type":"PropertyValueSpecification","valueRequired":true,"valueName":"search_term_string"}}],"inLanguage":"es"},{"@type":"Organization","@id":"https:\/\/acuariosupremus.com\/#organization","name":"Acuario Supremus","url":"https:\/\/acuariosupremus.com\/","logo":{"@type":"ImageObject","inLanguage":"es","@id":"https:\/\/acuariosupremus.com\/#\/schema\/logo\/image\/","url":"https:\/\/acuariosupremus.com\/wp-content\/uploads\/2021\/12\/cropped-logo_acuario_supremus_fn-2.png","contentUrl":"https:\/\/acuariosupremus.com\/wp-content\/uploads\/2021\/12\/cropped-logo_acuario_supremus_fn-2.png","width":1000,"height":318,"caption":"Acuario Supremus"},"image":{"@id":"https:\/\/acuariosupremus.com\/#\/schema\/logo\/image\/"},"sameAs":["https:\/\/www.facebook.com\/AcuarioSupremus","https:\/\/x.com\/AcuarioSupremus","https:\/\/www.instagram.com\/acuariosupremus\/?hl=es"]}]}},"jetpack_sharing_enabled":true,"_links":{"self":[{"href":"https:\/\/acuariosupremus.com\/index.php?rest_route=\/wp\/v2\/product\/5852","targetHints":{"allow":["GET"]}}],"collection":[{"href":"https:\/\/acuariosupremus.com\/index.php?rest_route=\/wp\/v2\/product"}],"about":[{"href":"https:\/\/acuariosupremus.com\/index.php?rest_route=\/wp\/v2\/types\/product"}],"wp:featuredmedia":[{"embeddable":true,"href":"https:\/\/acuariosupremus.com\/index.php?rest_route=\/wp\/v2\/media\/5853"}],"wp:attachment":[{"href":"https:\/\/acuariosupremus.com\/index.php?rest_route=%2Fwp%2Fv2%2Fmedia&parent=5852"}],"wp:term":[{"taxonomy":"product_brand","embeddable":true,"href":"https:\/\/acuariosupremus.com\/index.php?rest_route=%2Fwp%2Fv2%2Fproduct_brand&post=5852"},{"taxonomy":"product_cat","embeddable":true,"href":"https:\/\/acuariosupremus.com\/index.php?rest_route=%2Fwp%2Fv2%2Fproduct_cat&post=5852"},{"taxonomy":"product_tag","embeddable":true,"href":"https:\/\/acuariosupremus.com\/index.php?rest_route=%2Fwp%2Fv2%2Fproduct_tag&post=5852"}],"curies":[{"name":"wp","href":"https:\/\/api.w.org\/{rel}","templated":true}]}}