{"id":6329,"date":"2022-03-25T14:48:43","date_gmt":"2022-03-25T20:48:43","guid":{"rendered":"https:\/\/acuariosupremus.com\/?post_type=product&#038;p=6329"},"modified":"2026-02-11T16:06:40","modified_gmt":"2026-02-11T22:06:40","slug":"ms-kit-dental-antisarro-para-perros","status":"publish","type":"product","link":"https:\/\/acuariosupremus.com\/?product=ms-kit-dental-antisarro-para-perros","title":{"rendered":"MS KIT DENTAL ANTISARRO PARA PERROS"},"content":{"rendered":"<p>Instrucciones:<br \/>\nV\u00eda de administraci\u00f3n, dosis y modo de uso:<br \/>\nOral. Coloca una peque\u00f1a cantidad de Pasta Dental Medical Solutions\u00ae en el cepillo dental para perro. Limpia los dientes de tu mascota con movimientos de arriba hacia abajo y da un ligero masaje en las enc\u00edas. Se recomienda realizarlo diariamente o como m\u00ednimo una vez por semana. La pasta dental Medical Solutions\u00ae no debe emplearse en perros menores a 6 meses de edad, y hembras gestantes o en lactancia.<br \/>\nRecomendaciones:<br \/>\nEstablecer una rutina diaria de cuidado dental puede extender la vida de lamascota.<br \/>\n\u00bfC\u00f3mo cepillar los dientes del perro?<br \/>\nCada etapa debe durar un m\u00ednimo de 5 minutos y debe repetirse durante 5 d\u00edas antes de pasar a la siguiente etapa.<br \/>\nPaso 1: Familiarizar al perro con el sabor de la pasta de dientes.<br \/>\nPaso 2: Acostumbra al perro a tener contacto con su boca.<br \/>\nPaso 3: El cepillado de dientes y el inicio del cepillado.<br \/>\nPaso 4: Cepillado de los dientes posteriores.<br \/>\nPaso 5: Cepillando todos los dientes.<br \/>\nNota: No es necesario enjuagar los dientes despu\u00e9s del cepillado, la pasta es 100% comestible.<br \/>\nIngredientes:<br \/>\nIngredientes de pasta dental:<br \/>\nIngredientes: Sorbitol, glicerina, s\u00edlices hidratadas, pirofosfato tetras\u00f3dico, carboximetil celulosa de sodio, di\u00f3xido de titanio,<br \/>\naroma a hierbabuena, sacarina de sodio, metil parabeno s\u00f3dico, cloruro de cetil piridino, hexametafosfato de sodio, ascorbil<br \/>\nfosfato de sodio y veh\u00edculo c.b.p. 100%<br \/>\nPeso\/Capacidad:<br \/>\nContenido neto pasta: 90 g (72 ml)<br \/>\nContenido:<br \/>\n&#8211; 1 tubo de pasta dental Medical Solutions\u00ae (90 g)<br \/>\n&#8211; 1 cepillo dental con doble cabeza<\/p>\n","protected":false},"excerpt":{"rendered":"<p>Caracter\u00edsticas:<br \/>\nPasta dental para perros de Medical Solutions\u00ae: f\u00f3rmula desarrollada con hexametafosfato de sodio que previene la formaci\u00f3n de placa bacteriana, controla el mal aliento causado por la acumulaci\u00f3n de bacterias, elimina el sarro manteniendo las enc\u00edas y dientes fuertes y sanos. Es recomendable combinar el uso de este producto con el refrescante de aliento Medical Solutions\u00ae complementando con la visita regular del M\u00e9dico Veterinario para obtener una \u00f3ptima salud oral. La pasta dental Medical Solutions\u00ae no debe emplearse en perros menores a 6 meses de edad, y hembras gestantes o en lactancia.<br \/>\nCepillo dental: herramienta \u00fatil para el cepillado de los dientes del perro. Con mango ergon\u00f3mico para facilitar su uso y tener mejor control, cerdas suaves y dos tama\u00f1os de cabeza para adaptarse a todas las razas.<br \/>\nBeneficios:<br \/>\n&#8211; Reduce la formaci\u00f3n del sarro y placa bacteriana.<br \/>\n&#8211; Cuidado de enc\u00edas y dientes<br \/>\n&#8211; Controla el mal aliento.<br \/>\n&#8211; Sabor hierbabuena para gusto de la mascota<\/p>\n","protected":false},"featured_media":13547,"template":"","meta":[],"product_brand":[108],"product_cat":[73,83],"product_tag":[493],"class_list":{"0":"post-6329","1":"product","2":"type-product","3":"status-publish","4":"has-post-thumbnail","6":"product_brand-medicalsolutions","7":"product_cat-perros","8":"product_cat-salud-perros","9":"product_tag-kit-dental-para-perros","11":"first","12":"instock","13":"sale","14":"shipping-taxable","15":"purchasable","16":"product-type-simple"},"yoast_head":"<!-- This site is optimized with the Yoast SEO plugin v27.4 - https:\/\/yoast.com\/product\/yoast-seo-wordpress\/ -->\n<title>MS KIT DENTAL ANTISARRO PARA PERROS | Acuario Supremus<\/title>\n<meta name=\"description\" content=\"Reduce la formaci\u00f3n del sarro y placa bacteriana, Cuidado de enc\u00edas y dientes, Controla el mal aliento, Sabor hierbabuena para gusto de la mascota.\" \/>\n<meta name=\"robots\" content=\"index, follow, max-snippet:-1, max-image-preview:large, max-video-preview:-1\" \/>\n<link rel=\"canonical\" href=\"https:\/\/acuariosupremus.com\/?product=ms-kit-dental-antisarro-para-perros\" \/>\n<meta property=\"og:locale\" content=\"es_MX\" \/>\n<meta property=\"og:type\" content=\"article\" \/>\n<meta property=\"og:title\" content=\"MS KIT DENTAL ANTISARRO PARA PERROS | Acuario Supremus\" \/>\n<meta property=\"og:description\" content=\"Reduce la formaci\u00f3n del sarro y placa bacteriana, Cuidado de enc\u00edas y dientes, Controla el mal aliento, Sabor hierbabuena para gusto de la mascota.\" \/>\n<meta property=\"og:url\" content=\"https:\/\/acuariosupremus.com\/?product=ms-kit-dental-antisarro-para-perros\" \/>\n<meta property=\"og:site_name\" content=\"Acuario Supremus\" \/>\n<meta property=\"article:publisher\" content=\"https:\/\/www.facebook.com\/AcuarioSupremus\" \/>\n<meta property=\"article:modified_time\" content=\"2026-02-11T22:06:40+00:00\" \/>\n<meta property=\"og:image\" content=\"https:\/\/acuariosupremus.com\/wp-content\/uploads\/2022\/03\/FL3625_2.png\" \/>\n\t<meta property=\"og:image:width\" content=\"1000\" \/>\n\t<meta property=\"og:image:height\" content=\"1000\" \/>\n\t<meta property=\"og:image:type\" content=\"image\/png\" \/>\n<meta name=\"twitter:card\" content=\"summary_large_image\" \/>\n<meta name=\"twitter:site\" content=\"@AcuarioSupremus\" \/>\n<meta name=\"twitter:label1\" content=\"Tiempo de lectura\" \/>\n\t<meta name=\"twitter:data1\" content=\"2 minutos\" \/>\n<script type=\"application\/ld+json\" class=\"yoast-schema-graph\">{\"@context\":\"https:\\\/\\\/schema.org\",\"@graph\":[{\"@type\":\"WebPage\",\"@id\":\"https:\\\/\\\/acuariosupremus.com\\\/?product=ms-kit-dental-antisarro-para-perros\",\"url\":\"https:\\\/\\\/acuariosupremus.com\\\/?product=ms-kit-dental-antisarro-para-perros\",\"name\":\"MS KIT DENTAL ANTISARRO PARA PERROS | Acuario Supremus\",\"isPartOf\":{\"@id\":\"https:\\\/\\\/acuariosupremus.com\\\/#website\"},\"primaryImageOfPage\":{\"@id\":\"https:\\\/\\\/acuariosupremus.com\\\/?product=ms-kit-dental-antisarro-para-perros#primaryimage\"},\"image\":{\"@id\":\"https:\\\/\\\/acuariosupremus.com\\\/?product=ms-kit-dental-antisarro-para-perros#primaryimage\"},\"thumbnailUrl\":\"https:\\\/\\\/acuariosupremus.com\\\/wp-content\\\/uploads\\\/2022\\\/03\\\/FL3625_2.png\",\"datePublished\":\"2022-03-25T20:48:43+00:00\",\"dateModified\":\"2026-02-11T22:06:40+00:00\",\"description\":\"Reduce la formaci\u00f3n del sarro y placa bacteriana, Cuidado de enc\u00edas y dientes, Controla el mal aliento, Sabor hierbabuena para gusto de la mascota.\",\"breadcrumb\":{\"@id\":\"https:\\\/\\\/acuariosupremus.com\\\/?product=ms-kit-dental-antisarro-para-perros#breadcrumb\"},\"inLanguage\":\"es\",\"potentialAction\":[{\"@type\":\"ReadAction\",\"target\":[\"https:\\\/\\\/acuariosupremus.com\\\/?product=ms-kit-dental-antisarro-para-perros\"]}]},{\"@type\":\"ImageObject\",\"inLanguage\":\"es\",\"@id\":\"https:\\\/\\\/acuariosupremus.com\\\/?product=ms-kit-dental-antisarro-para-perros#primaryimage\",\"url\":\"https:\\\/\\\/acuariosupremus.com\\\/wp-content\\\/uploads\\\/2022\\\/03\\\/FL3625_2.png\",\"contentUrl\":\"https:\\\/\\\/acuariosupremus.com\\\/wp-content\\\/uploads\\\/2022\\\/03\\\/FL3625_2.png\",\"width\":1000,\"height\":1000},{\"@type\":\"BreadcrumbList\",\"@id\":\"https:\\\/\\\/acuariosupremus.com\\\/?product=ms-kit-dental-antisarro-para-perros#breadcrumb\",\"itemListElement\":[{\"@type\":\"ListItem\",\"position\":1,\"name\":\"Portada\",\"item\":\"https:\\\/\\\/acuariosupremus.com\\\/\"},{\"@type\":\"ListItem\",\"position\":2,\"name\":\"Tienda\",\"item\":\"https:\\\/\\\/acuariosupremus.com\\\/tienda\\\/\"},{\"@type\":\"ListItem\",\"position\":3,\"name\":\"MS KIT DENTAL ANTISARRO PARA PERROS\"}]},{\"@type\":\"WebSite\",\"@id\":\"https:\\\/\\\/acuariosupremus.com\\\/#website\",\"url\":\"https:\\\/\\\/acuariosupremus.com\\\/\",\"name\":\"Acuario Supremus\",\"description\":\"Peces, Peceras y Mascotas.\",\"publisher\":{\"@id\":\"https:\\\/\\\/acuariosupremus.com\\\/#organization\"},\"potentialAction\":[{\"@type\":\"SearchAction\",\"target\":{\"@type\":\"EntryPoint\",\"urlTemplate\":\"https:\\\/\\\/acuariosupremus.com\\\/?s={search_term_string}\"},\"query-input\":{\"@type\":\"PropertyValueSpecification\",\"valueRequired\":true,\"valueName\":\"search_term_string\"}}],\"inLanguage\":\"es\"},{\"@type\":\"Organization\",\"@id\":\"https:\\\/\\\/acuariosupremus.com\\\/#organization\",\"name\":\"Acuario Supremus\",\"url\":\"https:\\\/\\\/acuariosupremus.com\\\/\",\"logo\":{\"@type\":\"ImageObject\",\"inLanguage\":\"es\",\"@id\":\"https:\\\/\\\/acuariosupremus.com\\\/#\\\/schema\\\/logo\\\/image\\\/\",\"url\":\"https:\\\/\\\/acuariosupremus.com\\\/wp-content\\\/uploads\\\/2021\\\/12\\\/cropped-logo_acuario_supremus_fn-2.png\",\"contentUrl\":\"https:\\\/\\\/acuariosupremus.com\\\/wp-content\\\/uploads\\\/2021\\\/12\\\/cropped-logo_acuario_supremus_fn-2.png\",\"width\":1000,\"height\":318,\"caption\":\"Acuario Supremus\"},\"image\":{\"@id\":\"https:\\\/\\\/acuariosupremus.com\\\/#\\\/schema\\\/logo\\\/image\\\/\"},\"sameAs\":[\"https:\\\/\\\/www.facebook.com\\\/AcuarioSupremus\",\"https:\\\/\\\/x.com\\\/AcuarioSupremus\",\"https:\\\/\\\/www.instagram.com\\\/acuariosupremus\\\/?hl=es\"]}]}<\/script>\n<!-- \/ Yoast SEO plugin. -->","yoast_head_json":{"title":"MS KIT DENTAL ANTISARRO PARA PERROS | Acuario Supremus","description":"Reduce la formaci\u00f3n del sarro y placa bacteriana, Cuidado de enc\u00edas y dientes, Controla el mal aliento, Sabor hierbabuena para gusto de la mascota.","robots":{"index":"index","follow":"follow","max-snippet":"max-snippet:-1","max-image-preview":"max-image-preview:large","max-video-preview":"max-video-preview:-1"},"canonical":"https:\/\/acuariosupremus.com\/?product=ms-kit-dental-antisarro-para-perros","og_locale":"es_MX","og_type":"article","og_title":"MS KIT DENTAL ANTISARRO PARA PERROS | Acuario Supremus","og_description":"Reduce la formaci\u00f3n del sarro y placa bacteriana, Cuidado de enc\u00edas y dientes, Controla el mal aliento, Sabor hierbabuena para gusto de la mascota.","og_url":"https:\/\/acuariosupremus.com\/?product=ms-kit-dental-antisarro-para-perros","og_site_name":"Acuario Supremus","article_publisher":"https:\/\/www.facebook.com\/AcuarioSupremus","article_modified_time":"2026-02-11T22:06:40+00:00","og_image":[{"width":1000,"height":1000,"url":"https:\/\/acuariosupremus.com\/wp-content\/uploads\/2022\/03\/FL3625_2.png","type":"image\/png"}],"twitter_card":"summary_large_image","twitter_site":"@AcuarioSupremus","twitter_misc":{"Tiempo de lectura":"2 minutos"},"schema":{"@context":"https:\/\/schema.org","@graph":[{"@type":"WebPage","@id":"https:\/\/acuariosupremus.com\/?product=ms-kit-dental-antisarro-para-perros","url":"https:\/\/acuariosupremus.com\/?product=ms-kit-dental-antisarro-para-perros","name":"MS KIT DENTAL ANTISARRO PARA PERROS | Acuario Supremus","isPartOf":{"@id":"https:\/\/acuariosupremus.com\/#website"},"primaryImageOfPage":{"@id":"https:\/\/acuariosupremus.com\/?product=ms-kit-dental-antisarro-para-perros#primaryimage"},"image":{"@id":"https:\/\/acuariosupremus.com\/?product=ms-kit-dental-antisarro-para-perros#primaryimage"},"thumbnailUrl":"https:\/\/acuariosupremus.com\/wp-content\/uploads\/2022\/03\/FL3625_2.png","datePublished":"2022-03-25T20:48:43+00:00","dateModified":"2026-02-11T22:06:40+00:00","description":"Reduce la formaci\u00f3n del sarro y placa bacteriana, Cuidado de enc\u00edas y dientes, Controla el mal aliento, Sabor hierbabuena para gusto de la mascota.","breadcrumb":{"@id":"https:\/\/acuariosupremus.com\/?product=ms-kit-dental-antisarro-para-perros#breadcrumb"},"inLanguage":"es","potentialAction":[{"@type":"ReadAction","target":["https:\/\/acuariosupremus.com\/?product=ms-kit-dental-antisarro-para-perros"]}]},{"@type":"ImageObject","inLanguage":"es","@id":"https:\/\/acuariosupremus.com\/?product=ms-kit-dental-antisarro-para-perros#primaryimage","url":"https:\/\/acuariosupremus.com\/wp-content\/uploads\/2022\/03\/FL3625_2.png","contentUrl":"https:\/\/acuariosupremus.com\/wp-content\/uploads\/2022\/03\/FL3625_2.png","width":1000,"height":1000},{"@type":"BreadcrumbList","@id":"https:\/\/acuariosupremus.com\/?product=ms-kit-dental-antisarro-para-perros#breadcrumb","itemListElement":[{"@type":"ListItem","position":1,"name":"Portada","item":"https:\/\/acuariosupremus.com\/"},{"@type":"ListItem","position":2,"name":"Tienda","item":"https:\/\/acuariosupremus.com\/tienda\/"},{"@type":"ListItem","position":3,"name":"MS KIT DENTAL ANTISARRO PARA PERROS"}]},{"@type":"WebSite","@id":"https:\/\/acuariosupremus.com\/#website","url":"https:\/\/acuariosupremus.com\/","name":"Acuario Supremus","description":"Peces, Peceras y Mascotas.","publisher":{"@id":"https:\/\/acuariosupremus.com\/#organization"},"potentialAction":[{"@type":"SearchAction","target":{"@type":"EntryPoint","urlTemplate":"https:\/\/acuariosupremus.com\/?s={search_term_string}"},"query-input":{"@type":"PropertyValueSpecification","valueRequired":true,"valueName":"search_term_string"}}],"inLanguage":"es"},{"@type":"Organization","@id":"https:\/\/acuariosupremus.com\/#organization","name":"Acuario Supremus","url":"https:\/\/acuariosupremus.com\/","logo":{"@type":"ImageObject","inLanguage":"es","@id":"https:\/\/acuariosupremus.com\/#\/schema\/logo\/image\/","url":"https:\/\/acuariosupremus.com\/wp-content\/uploads\/2021\/12\/cropped-logo_acuario_supremus_fn-2.png","contentUrl":"https:\/\/acuariosupremus.com\/wp-content\/uploads\/2021\/12\/cropped-logo_acuario_supremus_fn-2.png","width":1000,"height":318,"caption":"Acuario Supremus"},"image":{"@id":"https:\/\/acuariosupremus.com\/#\/schema\/logo\/image\/"},"sameAs":["https:\/\/www.facebook.com\/AcuarioSupremus","https:\/\/x.com\/AcuarioSupremus","https:\/\/www.instagram.com\/acuariosupremus\/?hl=es"]}]}},"jetpack_sharing_enabled":true,"_links":{"self":[{"href":"https:\/\/acuariosupremus.com\/index.php?rest_route=\/wp\/v2\/product\/6329","targetHints":{"allow":["GET"]}}],"collection":[{"href":"https:\/\/acuariosupremus.com\/index.php?rest_route=\/wp\/v2\/product"}],"about":[{"href":"https:\/\/acuariosupremus.com\/index.php?rest_route=\/wp\/v2\/types\/product"}],"wp:featuredmedia":[{"embeddable":true,"href":"https:\/\/acuariosupremus.com\/index.php?rest_route=\/wp\/v2\/media\/13547"}],"wp:attachment":[{"href":"https:\/\/acuariosupremus.com\/index.php?rest_route=%2Fwp%2Fv2%2Fmedia&parent=6329"}],"wp:term":[{"taxonomy":"product_brand","embeddable":true,"href":"https:\/\/acuariosupremus.com\/index.php?rest_route=%2Fwp%2Fv2%2Fproduct_brand&post=6329"},{"taxonomy":"product_cat","embeddable":true,"href":"https:\/\/acuariosupremus.com\/index.php?rest_route=%2Fwp%2Fv2%2Fproduct_cat&post=6329"},{"taxonomy":"product_tag","embeddable":true,"href":"https:\/\/acuariosupremus.com\/index.php?rest_route=%2Fwp%2Fv2%2Fproduct_tag&post=6329"}],"curies":[{"name":"wp","href":"https:\/\/api.w.org\/{rel}","templated":true}]}}