{"id":6352,"date":"2022-03-25T15:24:08","date_gmt":"2022-03-25T21:24:08","guid":{"rendered":"https:\/\/acuariosupremus.com\/?post_type=product&#038;p=6352"},"modified":"2026-02-11T17:30:48","modified_gmt":"2026-02-11T23:30:48","slug":"kit-dental-pasta-y-cepillo","status":"publish","type":"product","link":"https:\/\/acuariosupremus.com\/?product=kit-dental-pasta-y-cepillo","title":{"rendered":"KIT DENTAL (PASTA Y CEPILLO)"},"content":{"rendered":"<p>Instrucciones:<br \/>\nEstablecer una rutina diaria de cuidado dental puede extender la vida de la mascota.<br \/>\n\u00bfC\u00f3mo cepillar losdientes del perro?<br \/>\nCada etapa debe durar un m\u00ednimo de 5 minutos y debe repetirse durante 5 d\u00edas antes de pasar a la siguiente etapa.<br \/>\nPaso 1: Familiarizar al perro con el sabor de la pasta de dientes.<br \/>\nPaso 2: Acostumbra al perro a tener contacto con su boca.<br \/>\nPaso 3: El cepillado de dientes y el inicio del cepillado.<br \/>\nPaso 4: Cepillado de los dientes posteriores.<br \/>\nPaso 5: Cepillando todos los dientes.<br \/>\nNota: No es necesario enjuagar los dientes despu\u00e9s del cepillado, la pasta es 100% comestible.<br \/>\nRecomendaciones:<br \/>\nConoce la l\u00ednea completa para el cuidado dental FANCYPETS.<br \/>\nEl cepillado dental reduce el riesgo de desarrollar enfermedades bucodentales, \u00e9stas pueden ocasionar serios problemas de salud en los perros. Establece una rutina diaria de cuidado dental puede extender la vida de nuestra mascota.<br \/>\nAdvertencia:<br \/>\nConserve el producto en su envase original. Mantenga el envase cerrado en un lugar seco y fresco.<br \/>\nNo se deje al alcance de los ni\u00f1os y de las mascotas.<br \/>\nIngredientes:<br \/>\nSorbitol, glicerina, sacarina de sodio, cloruro de cetilpiridino, metil parabeno<br \/>\ns\u00f3dico, di\u00f3xido detitanio, s\u00edlica, pirofosfato tetras\u00f3dico, carboximetilcelulosa de<br \/>\nsodio, aroma a hierba buena, agua.<br \/>\nContenido:<br \/>\n1 tubo de pasta dental de 90 gramos.<br \/>\n1 Cepillo dental.<\/p>\n","protected":false},"excerpt":{"rendered":"<p>Caracter\u00edsticas:<br \/>\n&#8211; \u00d3ptima salud dental.<br \/>\n&#8211; Reduce la formaci\u00f3n del sarro y placa bacteriana.<br \/>\n&#8211; Mejora el aliento.<br \/>\n&#8211; Sabor hierbabuena.<br \/>\n&#8211; Cepillo dental con mango ergon\u00f3mico para mejor control.<br \/>\n&#8211; Cuenta con dos tama\u00f1os de cabeza para adaptarse a todas las razas.<br \/>\n&#8211; Con cerdas suaves.<\/p>\n","protected":false},"featured_media":6353,"template":"","meta":[],"product_brand":[106],"product_cat":[73,83],"product_tag":[493],"class_list":{"0":"post-6352","1":"product","2":"type-product","3":"status-publish","4":"has-post-thumbnail","6":"product_brand-fancypets","7":"product_cat-perros","8":"product_cat-salud-perros","9":"product_tag-kit-dental-para-perros","11":"first","12":"instock","13":"sale","14":"shipping-taxable","15":"purchasable","16":"product-type-simple"},"yoast_head":"<!-- This site is optimized with the Yoast SEO plugin v27.4 - https:\/\/yoast.com\/product\/yoast-seo-wordpress\/ -->\n<title>KIT DENTAL (PASTA Y CEPILLO) | Acuario Supremus<\/title>\n<meta name=\"description\" content=\"\u00d3ptima salud dental, Reduce la formaci\u00f3n del sarro y placa bacteriana, Mejora el aliento, Sabor hierbabuena, Con cerdas suaves.\" \/>\n<meta name=\"robots\" content=\"index, follow, max-snippet:-1, max-image-preview:large, max-video-preview:-1\" \/>\n<link rel=\"canonical\" href=\"https:\/\/acuariosupremus.com\/?product=kit-dental-pasta-y-cepillo\" \/>\n<meta property=\"og:locale\" content=\"es_MX\" \/>\n<meta property=\"og:type\" content=\"article\" \/>\n<meta property=\"og:title\" content=\"KIT DENTAL (PASTA Y CEPILLO) | Acuario Supremus\" \/>\n<meta property=\"og:description\" content=\"\u00d3ptima salud dental, Reduce la formaci\u00f3n del sarro y placa bacteriana, Mejora el aliento, Sabor hierbabuena, Con cerdas suaves.\" \/>\n<meta property=\"og:url\" content=\"https:\/\/acuariosupremus.com\/?product=kit-dental-pasta-y-cepillo\" \/>\n<meta property=\"og:site_name\" content=\"Acuario Supremus\" \/>\n<meta property=\"article:publisher\" content=\"https:\/\/www.facebook.com\/AcuarioSupremus\" \/>\n<meta property=\"article:modified_time\" content=\"2026-02-11T23:30:48+00:00\" \/>\n<meta property=\"og:image\" content=\"https:\/\/acuariosupremus.com\/wp-content\/uploads\/2022\/03\/FL3905.jpg\" \/>\n\t<meta property=\"og:image:width\" content=\"1000\" \/>\n\t<meta property=\"og:image:height\" content=\"1000\" \/>\n\t<meta property=\"og:image:type\" content=\"image\/jpeg\" \/>\n<meta name=\"twitter:card\" content=\"summary_large_image\" \/>\n<meta name=\"twitter:site\" content=\"@AcuarioSupremus\" \/>\n<meta name=\"twitter:label1\" content=\"Tiempo de lectura\" \/>\n\t<meta name=\"twitter:data1\" content=\"1 minuto\" \/>\n<script type=\"application\/ld+json\" class=\"yoast-schema-graph\">{\"@context\":\"https:\\\/\\\/schema.org\",\"@graph\":[{\"@type\":\"WebPage\",\"@id\":\"https:\\\/\\\/acuariosupremus.com\\\/?product=kit-dental-pasta-y-cepillo\",\"url\":\"https:\\\/\\\/acuariosupremus.com\\\/?product=kit-dental-pasta-y-cepillo\",\"name\":\"KIT DENTAL (PASTA Y CEPILLO) | Acuario Supremus\",\"isPartOf\":{\"@id\":\"https:\\\/\\\/acuariosupremus.com\\\/#website\"},\"primaryImageOfPage\":{\"@id\":\"https:\\\/\\\/acuariosupremus.com\\\/?product=kit-dental-pasta-y-cepillo#primaryimage\"},\"image\":{\"@id\":\"https:\\\/\\\/acuariosupremus.com\\\/?product=kit-dental-pasta-y-cepillo#primaryimage\"},\"thumbnailUrl\":\"https:\\\/\\\/acuariosupremus.com\\\/wp-content\\\/uploads\\\/2022\\\/03\\\/FL3905.jpg\",\"datePublished\":\"2022-03-25T21:24:08+00:00\",\"dateModified\":\"2026-02-11T23:30:48+00:00\",\"description\":\"\u00d3ptima salud dental, Reduce la formaci\u00f3n del sarro y placa bacteriana, Mejora el aliento, Sabor hierbabuena, Con cerdas suaves.\",\"breadcrumb\":{\"@id\":\"https:\\\/\\\/acuariosupremus.com\\\/?product=kit-dental-pasta-y-cepillo#breadcrumb\"},\"inLanguage\":\"es\",\"potentialAction\":[{\"@type\":\"ReadAction\",\"target\":[\"https:\\\/\\\/acuariosupremus.com\\\/?product=kit-dental-pasta-y-cepillo\"]}]},{\"@type\":\"ImageObject\",\"inLanguage\":\"es\",\"@id\":\"https:\\\/\\\/acuariosupremus.com\\\/?product=kit-dental-pasta-y-cepillo#primaryimage\",\"url\":\"https:\\\/\\\/acuariosupremus.com\\\/wp-content\\\/uploads\\\/2022\\\/03\\\/FL3905.jpg\",\"contentUrl\":\"https:\\\/\\\/acuariosupremus.com\\\/wp-content\\\/uploads\\\/2022\\\/03\\\/FL3905.jpg\",\"width\":1000,\"height\":1000},{\"@type\":\"BreadcrumbList\",\"@id\":\"https:\\\/\\\/acuariosupremus.com\\\/?product=kit-dental-pasta-y-cepillo#breadcrumb\",\"itemListElement\":[{\"@type\":\"ListItem\",\"position\":1,\"name\":\"Portada\",\"item\":\"https:\\\/\\\/acuariosupremus.com\\\/\"},{\"@type\":\"ListItem\",\"position\":2,\"name\":\"Tienda\",\"item\":\"https:\\\/\\\/acuariosupremus.com\\\/tienda\\\/\"},{\"@type\":\"ListItem\",\"position\":3,\"name\":\"KIT DENTAL (PASTA Y CEPILLO)\"}]},{\"@type\":\"WebSite\",\"@id\":\"https:\\\/\\\/acuariosupremus.com\\\/#website\",\"url\":\"https:\\\/\\\/acuariosupremus.com\\\/\",\"name\":\"Acuario Supremus\",\"description\":\"Peces, Peceras y Mascotas.\",\"publisher\":{\"@id\":\"https:\\\/\\\/acuariosupremus.com\\\/#organization\"},\"potentialAction\":[{\"@type\":\"SearchAction\",\"target\":{\"@type\":\"EntryPoint\",\"urlTemplate\":\"https:\\\/\\\/acuariosupremus.com\\\/?s={search_term_string}\"},\"query-input\":{\"@type\":\"PropertyValueSpecification\",\"valueRequired\":true,\"valueName\":\"search_term_string\"}}],\"inLanguage\":\"es\"},{\"@type\":\"Organization\",\"@id\":\"https:\\\/\\\/acuariosupremus.com\\\/#organization\",\"name\":\"Acuario Supremus\",\"url\":\"https:\\\/\\\/acuariosupremus.com\\\/\",\"logo\":{\"@type\":\"ImageObject\",\"inLanguage\":\"es\",\"@id\":\"https:\\\/\\\/acuariosupremus.com\\\/#\\\/schema\\\/logo\\\/image\\\/\",\"url\":\"https:\\\/\\\/acuariosupremus.com\\\/wp-content\\\/uploads\\\/2021\\\/12\\\/cropped-logo_acuario_supremus_fn-2.png\",\"contentUrl\":\"https:\\\/\\\/acuariosupremus.com\\\/wp-content\\\/uploads\\\/2021\\\/12\\\/cropped-logo_acuario_supremus_fn-2.png\",\"width\":1000,\"height\":318,\"caption\":\"Acuario Supremus\"},\"image\":{\"@id\":\"https:\\\/\\\/acuariosupremus.com\\\/#\\\/schema\\\/logo\\\/image\\\/\"},\"sameAs\":[\"https:\\\/\\\/www.facebook.com\\\/AcuarioSupremus\",\"https:\\\/\\\/x.com\\\/AcuarioSupremus\",\"https:\\\/\\\/www.instagram.com\\\/acuariosupremus\\\/?hl=es\"]}]}<\/script>\n<!-- \/ Yoast SEO plugin. -->","yoast_head_json":{"title":"KIT DENTAL (PASTA Y CEPILLO) | Acuario Supremus","description":"\u00d3ptima salud dental, Reduce la formaci\u00f3n del sarro y placa bacteriana, Mejora el aliento, Sabor hierbabuena, Con cerdas suaves.","robots":{"index":"index","follow":"follow","max-snippet":"max-snippet:-1","max-image-preview":"max-image-preview:large","max-video-preview":"max-video-preview:-1"},"canonical":"https:\/\/acuariosupremus.com\/?product=kit-dental-pasta-y-cepillo","og_locale":"es_MX","og_type":"article","og_title":"KIT DENTAL (PASTA Y CEPILLO) | Acuario Supremus","og_description":"\u00d3ptima salud dental, Reduce la formaci\u00f3n del sarro y placa bacteriana, Mejora el aliento, Sabor hierbabuena, Con cerdas suaves.","og_url":"https:\/\/acuariosupremus.com\/?product=kit-dental-pasta-y-cepillo","og_site_name":"Acuario Supremus","article_publisher":"https:\/\/www.facebook.com\/AcuarioSupremus","article_modified_time":"2026-02-11T23:30:48+00:00","og_image":[{"width":1000,"height":1000,"url":"https:\/\/acuariosupremus.com\/wp-content\/uploads\/2022\/03\/FL3905.jpg","type":"image\/jpeg"}],"twitter_card":"summary_large_image","twitter_site":"@AcuarioSupremus","twitter_misc":{"Tiempo de lectura":"1 minuto"},"schema":{"@context":"https:\/\/schema.org","@graph":[{"@type":"WebPage","@id":"https:\/\/acuariosupremus.com\/?product=kit-dental-pasta-y-cepillo","url":"https:\/\/acuariosupremus.com\/?product=kit-dental-pasta-y-cepillo","name":"KIT DENTAL (PASTA Y CEPILLO) | Acuario Supremus","isPartOf":{"@id":"https:\/\/acuariosupremus.com\/#website"},"primaryImageOfPage":{"@id":"https:\/\/acuariosupremus.com\/?product=kit-dental-pasta-y-cepillo#primaryimage"},"image":{"@id":"https:\/\/acuariosupremus.com\/?product=kit-dental-pasta-y-cepillo#primaryimage"},"thumbnailUrl":"https:\/\/acuariosupremus.com\/wp-content\/uploads\/2022\/03\/FL3905.jpg","datePublished":"2022-03-25T21:24:08+00:00","dateModified":"2026-02-11T23:30:48+00:00","description":"\u00d3ptima salud dental, Reduce la formaci\u00f3n del sarro y placa bacteriana, Mejora el aliento, Sabor hierbabuena, Con cerdas suaves.","breadcrumb":{"@id":"https:\/\/acuariosupremus.com\/?product=kit-dental-pasta-y-cepillo#breadcrumb"},"inLanguage":"es","potentialAction":[{"@type":"ReadAction","target":["https:\/\/acuariosupremus.com\/?product=kit-dental-pasta-y-cepillo"]}]},{"@type":"ImageObject","inLanguage":"es","@id":"https:\/\/acuariosupremus.com\/?product=kit-dental-pasta-y-cepillo#primaryimage","url":"https:\/\/acuariosupremus.com\/wp-content\/uploads\/2022\/03\/FL3905.jpg","contentUrl":"https:\/\/acuariosupremus.com\/wp-content\/uploads\/2022\/03\/FL3905.jpg","width":1000,"height":1000},{"@type":"BreadcrumbList","@id":"https:\/\/acuariosupremus.com\/?product=kit-dental-pasta-y-cepillo#breadcrumb","itemListElement":[{"@type":"ListItem","position":1,"name":"Portada","item":"https:\/\/acuariosupremus.com\/"},{"@type":"ListItem","position":2,"name":"Tienda","item":"https:\/\/acuariosupremus.com\/tienda\/"},{"@type":"ListItem","position":3,"name":"KIT DENTAL (PASTA Y CEPILLO)"}]},{"@type":"WebSite","@id":"https:\/\/acuariosupremus.com\/#website","url":"https:\/\/acuariosupremus.com\/","name":"Acuario Supremus","description":"Peces, Peceras y Mascotas.","publisher":{"@id":"https:\/\/acuariosupremus.com\/#organization"},"potentialAction":[{"@type":"SearchAction","target":{"@type":"EntryPoint","urlTemplate":"https:\/\/acuariosupremus.com\/?s={search_term_string}"},"query-input":{"@type":"PropertyValueSpecification","valueRequired":true,"valueName":"search_term_string"}}],"inLanguage":"es"},{"@type":"Organization","@id":"https:\/\/acuariosupremus.com\/#organization","name":"Acuario Supremus","url":"https:\/\/acuariosupremus.com\/","logo":{"@type":"ImageObject","inLanguage":"es","@id":"https:\/\/acuariosupremus.com\/#\/schema\/logo\/image\/","url":"https:\/\/acuariosupremus.com\/wp-content\/uploads\/2021\/12\/cropped-logo_acuario_supremus_fn-2.png","contentUrl":"https:\/\/acuariosupremus.com\/wp-content\/uploads\/2021\/12\/cropped-logo_acuario_supremus_fn-2.png","width":1000,"height":318,"caption":"Acuario Supremus"},"image":{"@id":"https:\/\/acuariosupremus.com\/#\/schema\/logo\/image\/"},"sameAs":["https:\/\/www.facebook.com\/AcuarioSupremus","https:\/\/x.com\/AcuarioSupremus","https:\/\/www.instagram.com\/acuariosupremus\/?hl=es"]}]}},"jetpack_sharing_enabled":true,"_links":{"self":[{"href":"https:\/\/acuariosupremus.com\/index.php?rest_route=\/wp\/v2\/product\/6352","targetHints":{"allow":["GET"]}}],"collection":[{"href":"https:\/\/acuariosupremus.com\/index.php?rest_route=\/wp\/v2\/product"}],"about":[{"href":"https:\/\/acuariosupremus.com\/index.php?rest_route=\/wp\/v2\/types\/product"}],"wp:featuredmedia":[{"embeddable":true,"href":"https:\/\/acuariosupremus.com\/index.php?rest_route=\/wp\/v2\/media\/6353"}],"wp:attachment":[{"href":"https:\/\/acuariosupremus.com\/index.php?rest_route=%2Fwp%2Fv2%2Fmedia&parent=6352"}],"wp:term":[{"taxonomy":"product_brand","embeddable":true,"href":"https:\/\/acuariosupremus.com\/index.php?rest_route=%2Fwp%2Fv2%2Fproduct_brand&post=6352"},{"taxonomy":"product_cat","embeddable":true,"href":"https:\/\/acuariosupremus.com\/index.php?rest_route=%2Fwp%2Fv2%2Fproduct_cat&post=6352"},{"taxonomy":"product_tag","embeddable":true,"href":"https:\/\/acuariosupremus.com\/index.php?rest_route=%2Fwp%2Fv2%2Fproduct_tag&post=6352"}],"curies":[{"name":"wp","href":"https:\/\/api.w.org\/{rel}","templated":true}]}}