{"id":6356,"date":"2022-03-25T17:41:03","date_gmt":"2022-03-25T23:41:03","guid":{"rendered":"https:\/\/acuariosupremus.com\/?post_type=product&#038;p=6356"},"modified":"2026-02-11T17:31:45","modified_gmt":"2026-02-11T23:31:45","slug":"pasta-dental-90-g","status":"publish","type":"product","link":"https:\/\/acuariosupremus.com\/?product=pasta-dental-90-g","title":{"rendered":"PASTA DENTAL 90 G"},"content":{"rendered":"<p>Recomendaciones:<br \/>\n\u00bfPor qu\u00e9 cepillar los dientes del perro?<br \/>\n&#8211; Cuidar los dientes del perro es muy importante para mantener su salud, es recomendable iniciar con este h\u00e1bito desde que es un cachorro. De esta manera, de adulto estar\u00e1 acostumbrado al cepillado y a las inspecciones bucales.<br \/>\n&#8211; La falta de una rutina de limpieza dental puede ocasionar problemas de salud, desde caries e inflamaci\u00f3n de las enc\u00edas, hasta infecciones generalizadas causadas por bacterias.<br \/>\n&#8211; Nunca uses productos dentales para humano, estos pueden ser da\u00f1inos para los perros.<br \/>\n&#8211; Recuerda que para que tengas \u00e9xito en el cepillado dental del perro necesitas ser constante y tener mucha paciencia.<br \/>\nAdvertencia: Conserve el producto en su envase original. Mantenga el envase cerrado en un lugar seco y fresco. No se deje<br \/>\nal alcance de los ni\u00f1os y de las mascotas.<br \/>\nIngredientes:<br \/>\nSorbitol, glicerina, sacarina de sodio, cloruro de cetilpiridino,<br \/>\nmetilparabenos\u00f3dico, di\u00f3xido de titanio, s\u00edlica, pirofosfato tetras\u00f3dico,<br \/>\ncarboximetilcelulosade sodio, aroma a hierbabuena, agua.<br \/>\nContenido:<br \/>\n90 gramos<\/p>\n","protected":false},"excerpt":{"rendered":"<p>Caracter\u00edsticas:<br \/>\n&#8211; \u00d3ptima saluddental.<br \/>\n&#8211; Reduce la formaci\u00f3n del sarro y placa bacteriana.<br \/>\n&#8211; Mejora el aliento.<br \/>\n&#8211; Sabor hierbabuena.<br \/>\nBeneficios:<br \/>\nConoce la l\u00ednea completa para el cuidado dental FANCYPETS. El cepillado dental reduce el riesgo de desarrollar<br \/>\nenfermedades bucodentales, \u00e9stas pueden ocasionar serios problemas de salud en los perros. Establece una rutina diaria de cuidado dental puede extender la vida de nuestra mascota<\/p>\n","protected":false},"featured_media":6357,"template":"","meta":[],"product_brand":[106],"product_cat":[73,83],"product_tag":[492],"class_list":{"0":"post-6356","1":"product","2":"type-product","3":"status-publish","4":"has-post-thumbnail","6":"product_brand-fancypets","7":"product_cat-perros","8":"product_cat-salud-perros","9":"product_tag-pasta-dental-perros","11":"first","12":"instock","13":"sale","14":"shipping-taxable","15":"purchasable","16":"product-type-simple"},"yoast_head":"<!-- This site is optimized with the Yoast SEO plugin v27.4 - https:\/\/yoast.com\/product\/yoast-seo-wordpress\/ -->\n<title>PASTA DENTAL 90 G | Acuario Supremus<\/title>\n<meta name=\"description\" content=\"El cepillado dental reduce el riesgo de desarrollar enfermedades bucodentales, \u00e9stas pueden ocasionar serios problemas de salud en los perros.\" \/>\n<meta name=\"robots\" content=\"index, follow, max-snippet:-1, max-image-preview:large, max-video-preview:-1\" \/>\n<link rel=\"canonical\" href=\"https:\/\/acuariosupremus.com\/?product=pasta-dental-90-g\" \/>\n<meta property=\"og:locale\" content=\"es_MX\" \/>\n<meta property=\"og:type\" content=\"article\" \/>\n<meta property=\"og:title\" content=\"PASTA DENTAL 90 G | Acuario Supremus\" \/>\n<meta property=\"og:description\" content=\"El cepillado dental reduce el riesgo de desarrollar enfermedades bucodentales, \u00e9stas pueden ocasionar serios problemas de salud en los perros.\" \/>\n<meta property=\"og:url\" content=\"https:\/\/acuariosupremus.com\/?product=pasta-dental-90-g\" \/>\n<meta property=\"og:site_name\" content=\"Acuario Supremus\" \/>\n<meta property=\"article:publisher\" content=\"https:\/\/www.facebook.com\/AcuarioSupremus\" \/>\n<meta property=\"article:modified_time\" content=\"2026-02-11T23:31:45+00:00\" \/>\n<meta property=\"og:image\" content=\"https:\/\/acuariosupremus.com\/wp-content\/uploads\/2022\/03\/FL3907.jpg\" \/>\n\t<meta property=\"og:image:width\" content=\"1000\" \/>\n\t<meta property=\"og:image:height\" content=\"1000\" \/>\n\t<meta property=\"og:image:type\" content=\"image\/jpeg\" \/>\n<meta name=\"twitter:card\" content=\"summary_large_image\" \/>\n<meta name=\"twitter:site\" content=\"@AcuarioSupremus\" \/>\n<meta name=\"twitter:label1\" content=\"Tiempo de lectura\" \/>\n\t<meta name=\"twitter:data1\" content=\"1 minuto\" \/>\n<script type=\"application\/ld+json\" class=\"yoast-schema-graph\">{\"@context\":\"https:\\\/\\\/schema.org\",\"@graph\":[{\"@type\":\"WebPage\",\"@id\":\"https:\\\/\\\/acuariosupremus.com\\\/?product=pasta-dental-90-g\",\"url\":\"https:\\\/\\\/acuariosupremus.com\\\/?product=pasta-dental-90-g\",\"name\":\"PASTA DENTAL 90 G | Acuario Supremus\",\"isPartOf\":{\"@id\":\"https:\\\/\\\/acuariosupremus.com\\\/#website\"},\"primaryImageOfPage\":{\"@id\":\"https:\\\/\\\/acuariosupremus.com\\\/?product=pasta-dental-90-g#primaryimage\"},\"image\":{\"@id\":\"https:\\\/\\\/acuariosupremus.com\\\/?product=pasta-dental-90-g#primaryimage\"},\"thumbnailUrl\":\"https:\\\/\\\/acuariosupremus.com\\\/wp-content\\\/uploads\\\/2022\\\/03\\\/FL3907.jpg\",\"datePublished\":\"2022-03-25T23:41:03+00:00\",\"dateModified\":\"2026-02-11T23:31:45+00:00\",\"description\":\"El cepillado dental reduce el riesgo de desarrollar enfermedades bucodentales, \u00e9stas pueden ocasionar serios problemas de salud en los perros.\",\"breadcrumb\":{\"@id\":\"https:\\\/\\\/acuariosupremus.com\\\/?product=pasta-dental-90-g#breadcrumb\"},\"inLanguage\":\"es\",\"potentialAction\":[{\"@type\":\"ReadAction\",\"target\":[\"https:\\\/\\\/acuariosupremus.com\\\/?product=pasta-dental-90-g\"]}]},{\"@type\":\"ImageObject\",\"inLanguage\":\"es\",\"@id\":\"https:\\\/\\\/acuariosupremus.com\\\/?product=pasta-dental-90-g#primaryimage\",\"url\":\"https:\\\/\\\/acuariosupremus.com\\\/wp-content\\\/uploads\\\/2022\\\/03\\\/FL3907.jpg\",\"contentUrl\":\"https:\\\/\\\/acuariosupremus.com\\\/wp-content\\\/uploads\\\/2022\\\/03\\\/FL3907.jpg\",\"width\":1000,\"height\":1000},{\"@type\":\"BreadcrumbList\",\"@id\":\"https:\\\/\\\/acuariosupremus.com\\\/?product=pasta-dental-90-g#breadcrumb\",\"itemListElement\":[{\"@type\":\"ListItem\",\"position\":1,\"name\":\"Portada\",\"item\":\"https:\\\/\\\/acuariosupremus.com\\\/\"},{\"@type\":\"ListItem\",\"position\":2,\"name\":\"Tienda\",\"item\":\"https:\\\/\\\/acuariosupremus.com\\\/tienda\\\/\"},{\"@type\":\"ListItem\",\"position\":3,\"name\":\"PASTA DENTAL 90 G\"}]},{\"@type\":\"WebSite\",\"@id\":\"https:\\\/\\\/acuariosupremus.com\\\/#website\",\"url\":\"https:\\\/\\\/acuariosupremus.com\\\/\",\"name\":\"Acuario Supremus\",\"description\":\"Peces, Peceras y Mascotas.\",\"publisher\":{\"@id\":\"https:\\\/\\\/acuariosupremus.com\\\/#organization\"},\"potentialAction\":[{\"@type\":\"SearchAction\",\"target\":{\"@type\":\"EntryPoint\",\"urlTemplate\":\"https:\\\/\\\/acuariosupremus.com\\\/?s={search_term_string}\"},\"query-input\":{\"@type\":\"PropertyValueSpecification\",\"valueRequired\":true,\"valueName\":\"search_term_string\"}}],\"inLanguage\":\"es\"},{\"@type\":\"Organization\",\"@id\":\"https:\\\/\\\/acuariosupremus.com\\\/#organization\",\"name\":\"Acuario Supremus\",\"url\":\"https:\\\/\\\/acuariosupremus.com\\\/\",\"logo\":{\"@type\":\"ImageObject\",\"inLanguage\":\"es\",\"@id\":\"https:\\\/\\\/acuariosupremus.com\\\/#\\\/schema\\\/logo\\\/image\\\/\",\"url\":\"https:\\\/\\\/acuariosupremus.com\\\/wp-content\\\/uploads\\\/2021\\\/12\\\/cropped-logo_acuario_supremus_fn-2.png\",\"contentUrl\":\"https:\\\/\\\/acuariosupremus.com\\\/wp-content\\\/uploads\\\/2021\\\/12\\\/cropped-logo_acuario_supremus_fn-2.png\",\"width\":1000,\"height\":318,\"caption\":\"Acuario Supremus\"},\"image\":{\"@id\":\"https:\\\/\\\/acuariosupremus.com\\\/#\\\/schema\\\/logo\\\/image\\\/\"},\"sameAs\":[\"https:\\\/\\\/www.facebook.com\\\/AcuarioSupremus\",\"https:\\\/\\\/x.com\\\/AcuarioSupremus\",\"https:\\\/\\\/www.instagram.com\\\/acuariosupremus\\\/?hl=es\"]}]}<\/script>\n<!-- \/ Yoast SEO plugin. -->","yoast_head_json":{"title":"PASTA DENTAL 90 G | Acuario Supremus","description":"El cepillado dental reduce el riesgo de desarrollar enfermedades bucodentales, \u00e9stas pueden ocasionar serios problemas de salud en los perros.","robots":{"index":"index","follow":"follow","max-snippet":"max-snippet:-1","max-image-preview":"max-image-preview:large","max-video-preview":"max-video-preview:-1"},"canonical":"https:\/\/acuariosupremus.com\/?product=pasta-dental-90-g","og_locale":"es_MX","og_type":"article","og_title":"PASTA DENTAL 90 G | Acuario Supremus","og_description":"El cepillado dental reduce el riesgo de desarrollar enfermedades bucodentales, \u00e9stas pueden ocasionar serios problemas de salud en los perros.","og_url":"https:\/\/acuariosupremus.com\/?product=pasta-dental-90-g","og_site_name":"Acuario Supremus","article_publisher":"https:\/\/www.facebook.com\/AcuarioSupremus","article_modified_time":"2026-02-11T23:31:45+00:00","og_image":[{"width":1000,"height":1000,"url":"https:\/\/acuariosupremus.com\/wp-content\/uploads\/2022\/03\/FL3907.jpg","type":"image\/jpeg"}],"twitter_card":"summary_large_image","twitter_site":"@AcuarioSupremus","twitter_misc":{"Tiempo de lectura":"1 minuto"},"schema":{"@context":"https:\/\/schema.org","@graph":[{"@type":"WebPage","@id":"https:\/\/acuariosupremus.com\/?product=pasta-dental-90-g","url":"https:\/\/acuariosupremus.com\/?product=pasta-dental-90-g","name":"PASTA DENTAL 90 G | Acuario Supremus","isPartOf":{"@id":"https:\/\/acuariosupremus.com\/#website"},"primaryImageOfPage":{"@id":"https:\/\/acuariosupremus.com\/?product=pasta-dental-90-g#primaryimage"},"image":{"@id":"https:\/\/acuariosupremus.com\/?product=pasta-dental-90-g#primaryimage"},"thumbnailUrl":"https:\/\/acuariosupremus.com\/wp-content\/uploads\/2022\/03\/FL3907.jpg","datePublished":"2022-03-25T23:41:03+00:00","dateModified":"2026-02-11T23:31:45+00:00","description":"El cepillado dental reduce el riesgo de desarrollar enfermedades bucodentales, \u00e9stas pueden ocasionar serios problemas de salud en los perros.","breadcrumb":{"@id":"https:\/\/acuariosupremus.com\/?product=pasta-dental-90-g#breadcrumb"},"inLanguage":"es","potentialAction":[{"@type":"ReadAction","target":["https:\/\/acuariosupremus.com\/?product=pasta-dental-90-g"]}]},{"@type":"ImageObject","inLanguage":"es","@id":"https:\/\/acuariosupremus.com\/?product=pasta-dental-90-g#primaryimage","url":"https:\/\/acuariosupremus.com\/wp-content\/uploads\/2022\/03\/FL3907.jpg","contentUrl":"https:\/\/acuariosupremus.com\/wp-content\/uploads\/2022\/03\/FL3907.jpg","width":1000,"height":1000},{"@type":"BreadcrumbList","@id":"https:\/\/acuariosupremus.com\/?product=pasta-dental-90-g#breadcrumb","itemListElement":[{"@type":"ListItem","position":1,"name":"Portada","item":"https:\/\/acuariosupremus.com\/"},{"@type":"ListItem","position":2,"name":"Tienda","item":"https:\/\/acuariosupremus.com\/tienda\/"},{"@type":"ListItem","position":3,"name":"PASTA DENTAL 90 G"}]},{"@type":"WebSite","@id":"https:\/\/acuariosupremus.com\/#website","url":"https:\/\/acuariosupremus.com\/","name":"Acuario Supremus","description":"Peces, Peceras y Mascotas.","publisher":{"@id":"https:\/\/acuariosupremus.com\/#organization"},"potentialAction":[{"@type":"SearchAction","target":{"@type":"EntryPoint","urlTemplate":"https:\/\/acuariosupremus.com\/?s={search_term_string}"},"query-input":{"@type":"PropertyValueSpecification","valueRequired":true,"valueName":"search_term_string"}}],"inLanguage":"es"},{"@type":"Organization","@id":"https:\/\/acuariosupremus.com\/#organization","name":"Acuario Supremus","url":"https:\/\/acuariosupremus.com\/","logo":{"@type":"ImageObject","inLanguage":"es","@id":"https:\/\/acuariosupremus.com\/#\/schema\/logo\/image\/","url":"https:\/\/acuariosupremus.com\/wp-content\/uploads\/2021\/12\/cropped-logo_acuario_supremus_fn-2.png","contentUrl":"https:\/\/acuariosupremus.com\/wp-content\/uploads\/2021\/12\/cropped-logo_acuario_supremus_fn-2.png","width":1000,"height":318,"caption":"Acuario Supremus"},"image":{"@id":"https:\/\/acuariosupremus.com\/#\/schema\/logo\/image\/"},"sameAs":["https:\/\/www.facebook.com\/AcuarioSupremus","https:\/\/x.com\/AcuarioSupremus","https:\/\/www.instagram.com\/acuariosupremus\/?hl=es"]}]}},"jetpack_sharing_enabled":true,"_links":{"self":[{"href":"https:\/\/acuariosupremus.com\/index.php?rest_route=\/wp\/v2\/product\/6356","targetHints":{"allow":["GET"]}}],"collection":[{"href":"https:\/\/acuariosupremus.com\/index.php?rest_route=\/wp\/v2\/product"}],"about":[{"href":"https:\/\/acuariosupremus.com\/index.php?rest_route=\/wp\/v2\/types\/product"}],"wp:featuredmedia":[{"embeddable":true,"href":"https:\/\/acuariosupremus.com\/index.php?rest_route=\/wp\/v2\/media\/6357"}],"wp:attachment":[{"href":"https:\/\/acuariosupremus.com\/index.php?rest_route=%2Fwp%2Fv2%2Fmedia&parent=6356"}],"wp:term":[{"taxonomy":"product_brand","embeddable":true,"href":"https:\/\/acuariosupremus.com\/index.php?rest_route=%2Fwp%2Fv2%2Fproduct_brand&post=6356"},{"taxonomy":"product_cat","embeddable":true,"href":"https:\/\/acuariosupremus.com\/index.php?rest_route=%2Fwp%2Fv2%2Fproduct_cat&post=6356"},{"taxonomy":"product_tag","embeddable":true,"href":"https:\/\/acuariosupremus.com\/index.php?rest_route=%2Fwp%2Fv2%2Fproduct_tag&post=6356"}],"curies":[{"name":"wp","href":"https:\/\/api.w.org\/{rel}","templated":true}]}}