{"id":6360,"date":"2022-03-25T17:46:49","date_gmt":"2022-03-25T23:46:49","guid":{"rendered":"https:\/\/acuariosupremus.com\/?post_type=product&#038;p=6360"},"modified":"2026-02-11T17:33:05","modified_gmt":"2026-02-11T23:33:05","slug":"ms-skincare-jabon-antiseborreico-y-queratolico","status":"publish","type":"product","link":"https:\/\/acuariosupremus.com\/?product=ms-skincare-jabon-antiseborreico-y-queratolico","title":{"rendered":"MS &#8211; SKINCARE JABON ANTISEBORREICO Y QUERATOLICO"},"content":{"rendered":"<p>Instrucciones:<br \/>\nINSTRUCCIONES DE USO:<br \/>\nMoje el pelo y frote el jab\u00f3n con suaves movimientos, hasta formar abundante espuma, y d\u00e9jelo actuar por 5 a 10 minutos y<br \/>\nenjuague con abundante agua.<br \/>\nV\u00eda de administraci\u00f3n: T\u00f3pica.<br \/>\nDosis: De 2 a 3 ba\u00f1os por semana, durante 4 semanas, despu\u00e9s un ba\u00f1o cada 8 d\u00edas hasta corregir el problema.<br \/>\nRecomendaciones:<br \/>\nAdvertencias:<br \/>\nEvite el contacto con los ojos y nariz de los animales. Si se presentan signos de exceso de resequedad o hipersensibilidad por<br \/>\nalguno de los componentes de la formula, descontin\u00fae su uso. Mant\u00e9ngase en un lugar seco, fresco, protegido de la luz y en<br \/>\nsu caja original. No se deje al alcance de los ni\u00f1os, de animales dom\u00e9sticos y personas discapacitadas. Producto de uso<br \/>\nexclusivo en Medicina Veterinaria.<br \/>\nIngredientes:<br \/>\nF\u00f3rmula:<br \/>\nCada 100 g contienen:<br \/>\nAzufre. 2 g<br \/>\nUndecilenato de zinc 4 g<br \/>\nExcipiente avena en hojuelas, agentes saponificantes y espumantes c.b.p.100 g<br \/>\nPeso\/Capacidad:<br \/>\n100 g<\/p>\n","protected":false},"excerpt":{"rendered":"<p>Caracter\u00edsticas:<br \/>\nIndicado para perros y gatos con dermatitis seborreica oleosa, para remover escamas, exceso de grasa, hongos y bacterias que producen mal olor y prurito. Se usa en perros como desengrasante y calmante previo al tratamiento con insecticidas contra sarna demod\u00e9cica.<\/p>\n","protected":false},"featured_media":6362,"template":"","meta":[],"product_brand":[108],"product_cat":[73,83],"product_tag":[504],"class_list":{"0":"post-6360","1":"product","2":"type-product","3":"status-publish","4":"has-post-thumbnail","6":"product_brand-medicalsolutions","7":"product_cat-perros","8":"product_cat-salud-perros","9":"product_tag-jobon-antiseborreico-y-queratolitico","11":"first","12":"instock","13":"sale","14":"shipping-taxable","15":"purchasable","16":"product-type-simple"},"yoast_head":"<!-- This site is optimized with the Yoast SEO plugin v27.4 - https:\/\/yoast.com\/product\/yoast-seo-wordpress\/ -->\n<title>MS - SKINCARE JABON ANTISEBORREICO Y QUERATOLICO | Acuario Supremus<\/title>\n<meta name=\"description\" content=\"Indicado para perros y gatos con dermatitis seborreica oleosa, para remover escamas, exceso de grasa, hongos y bacterias que producen mal olor y prurito.\" \/>\n<meta name=\"robots\" content=\"index, follow, max-snippet:-1, max-image-preview:large, max-video-preview:-1\" \/>\n<link rel=\"canonical\" href=\"https:\/\/acuariosupremus.com\/?product=ms-skincare-jabon-antiseborreico-y-queratolico\" \/>\n<meta property=\"og:locale\" content=\"es_MX\" \/>\n<meta property=\"og:type\" content=\"article\" \/>\n<meta property=\"og:title\" content=\"MS - SKINCARE JABON ANTISEBORREICO Y QUERATOLICO | Acuario Supremus\" \/>\n<meta property=\"og:description\" content=\"Indicado para perros y gatos con dermatitis seborreica oleosa, para remover escamas, exceso de grasa, hongos y bacterias que producen mal olor y prurito.\" \/>\n<meta property=\"og:url\" content=\"https:\/\/acuariosupremus.com\/?product=ms-skincare-jabon-antiseborreico-y-queratolico\" \/>\n<meta property=\"og:site_name\" content=\"Acuario Supremus\" \/>\n<meta property=\"article:publisher\" content=\"https:\/\/www.facebook.com\/AcuarioSupremus\" \/>\n<meta property=\"article:modified_time\" content=\"2026-02-11T23:33:05+00:00\" \/>\n<meta property=\"og:image\" content=\"https:\/\/acuariosupremus.com\/wp-content\/uploads\/2022\/03\/FL3918.jpg\" \/>\n\t<meta property=\"og:image:width\" content=\"1000\" \/>\n\t<meta property=\"og:image:height\" content=\"1000\" \/>\n\t<meta property=\"og:image:type\" content=\"image\/jpeg\" \/>\n<meta name=\"twitter:card\" content=\"summary_large_image\" \/>\n<meta name=\"twitter:site\" content=\"@AcuarioSupremus\" \/>\n<meta name=\"twitter:label1\" content=\"Tiempo de lectura\" \/>\n\t<meta name=\"twitter:data1\" content=\"1 minuto\" \/>\n<script type=\"application\/ld+json\" class=\"yoast-schema-graph\">{\"@context\":\"https:\\\/\\\/schema.org\",\"@graph\":[{\"@type\":\"WebPage\",\"@id\":\"https:\\\/\\\/acuariosupremus.com\\\/?product=ms-skincare-jabon-antiseborreico-y-queratolico\",\"url\":\"https:\\\/\\\/acuariosupremus.com\\\/?product=ms-skincare-jabon-antiseborreico-y-queratolico\",\"name\":\"MS - SKINCARE JABON ANTISEBORREICO Y QUERATOLICO | Acuario Supremus\",\"isPartOf\":{\"@id\":\"https:\\\/\\\/acuariosupremus.com\\\/#website\"},\"primaryImageOfPage\":{\"@id\":\"https:\\\/\\\/acuariosupremus.com\\\/?product=ms-skincare-jabon-antiseborreico-y-queratolico#primaryimage\"},\"image\":{\"@id\":\"https:\\\/\\\/acuariosupremus.com\\\/?product=ms-skincare-jabon-antiseborreico-y-queratolico#primaryimage\"},\"thumbnailUrl\":\"https:\\\/\\\/acuariosupremus.com\\\/wp-content\\\/uploads\\\/2022\\\/03\\\/FL3918.jpg\",\"datePublished\":\"2022-03-25T23:46:49+00:00\",\"dateModified\":\"2026-02-11T23:33:05+00:00\",\"description\":\"Indicado para perros y gatos con dermatitis seborreica oleosa, para remover escamas, exceso de grasa, hongos y bacterias que producen mal olor y prurito.\",\"breadcrumb\":{\"@id\":\"https:\\\/\\\/acuariosupremus.com\\\/?product=ms-skincare-jabon-antiseborreico-y-queratolico#breadcrumb\"},\"inLanguage\":\"es\",\"potentialAction\":[{\"@type\":\"ReadAction\",\"target\":[\"https:\\\/\\\/acuariosupremus.com\\\/?product=ms-skincare-jabon-antiseborreico-y-queratolico\"]}]},{\"@type\":\"ImageObject\",\"inLanguage\":\"es\",\"@id\":\"https:\\\/\\\/acuariosupremus.com\\\/?product=ms-skincare-jabon-antiseborreico-y-queratolico#primaryimage\",\"url\":\"https:\\\/\\\/acuariosupremus.com\\\/wp-content\\\/uploads\\\/2022\\\/03\\\/FL3918.jpg\",\"contentUrl\":\"https:\\\/\\\/acuariosupremus.com\\\/wp-content\\\/uploads\\\/2022\\\/03\\\/FL3918.jpg\",\"width\":1000,\"height\":1000},{\"@type\":\"BreadcrumbList\",\"@id\":\"https:\\\/\\\/acuariosupremus.com\\\/?product=ms-skincare-jabon-antiseborreico-y-queratolico#breadcrumb\",\"itemListElement\":[{\"@type\":\"ListItem\",\"position\":1,\"name\":\"Portada\",\"item\":\"https:\\\/\\\/acuariosupremus.com\\\/\"},{\"@type\":\"ListItem\",\"position\":2,\"name\":\"Tienda\",\"item\":\"https:\\\/\\\/acuariosupremus.com\\\/tienda\\\/\"},{\"@type\":\"ListItem\",\"position\":3,\"name\":\"MS &#8211; SKINCARE JABON ANTISEBORREICO Y QUERATOLICO\"}]},{\"@type\":\"WebSite\",\"@id\":\"https:\\\/\\\/acuariosupremus.com\\\/#website\",\"url\":\"https:\\\/\\\/acuariosupremus.com\\\/\",\"name\":\"Acuario Supremus\",\"description\":\"Peces, Peceras y Mascotas.\",\"publisher\":{\"@id\":\"https:\\\/\\\/acuariosupremus.com\\\/#organization\"},\"potentialAction\":[{\"@type\":\"SearchAction\",\"target\":{\"@type\":\"EntryPoint\",\"urlTemplate\":\"https:\\\/\\\/acuariosupremus.com\\\/?s={search_term_string}\"},\"query-input\":{\"@type\":\"PropertyValueSpecification\",\"valueRequired\":true,\"valueName\":\"search_term_string\"}}],\"inLanguage\":\"es\"},{\"@type\":\"Organization\",\"@id\":\"https:\\\/\\\/acuariosupremus.com\\\/#organization\",\"name\":\"Acuario Supremus\",\"url\":\"https:\\\/\\\/acuariosupremus.com\\\/\",\"logo\":{\"@type\":\"ImageObject\",\"inLanguage\":\"es\",\"@id\":\"https:\\\/\\\/acuariosupremus.com\\\/#\\\/schema\\\/logo\\\/image\\\/\",\"url\":\"https:\\\/\\\/acuariosupremus.com\\\/wp-content\\\/uploads\\\/2021\\\/12\\\/cropped-logo_acuario_supremus_fn-2.png\",\"contentUrl\":\"https:\\\/\\\/acuariosupremus.com\\\/wp-content\\\/uploads\\\/2021\\\/12\\\/cropped-logo_acuario_supremus_fn-2.png\",\"width\":1000,\"height\":318,\"caption\":\"Acuario Supremus\"},\"image\":{\"@id\":\"https:\\\/\\\/acuariosupremus.com\\\/#\\\/schema\\\/logo\\\/image\\\/\"},\"sameAs\":[\"https:\\\/\\\/www.facebook.com\\\/AcuarioSupremus\",\"https:\\\/\\\/x.com\\\/AcuarioSupremus\",\"https:\\\/\\\/www.instagram.com\\\/acuariosupremus\\\/?hl=es\"]}]}<\/script>\n<!-- \/ Yoast SEO plugin. -->","yoast_head_json":{"title":"MS - SKINCARE JABON ANTISEBORREICO Y QUERATOLICO | Acuario Supremus","description":"Indicado para perros y gatos con dermatitis seborreica oleosa, para remover escamas, exceso de grasa, hongos y bacterias que producen mal olor y prurito.","robots":{"index":"index","follow":"follow","max-snippet":"max-snippet:-1","max-image-preview":"max-image-preview:large","max-video-preview":"max-video-preview:-1"},"canonical":"https:\/\/acuariosupremus.com\/?product=ms-skincare-jabon-antiseborreico-y-queratolico","og_locale":"es_MX","og_type":"article","og_title":"MS - SKINCARE JABON ANTISEBORREICO Y QUERATOLICO | Acuario Supremus","og_description":"Indicado para perros y gatos con dermatitis seborreica oleosa, para remover escamas, exceso de grasa, hongos y bacterias que producen mal olor y prurito.","og_url":"https:\/\/acuariosupremus.com\/?product=ms-skincare-jabon-antiseborreico-y-queratolico","og_site_name":"Acuario Supremus","article_publisher":"https:\/\/www.facebook.com\/AcuarioSupremus","article_modified_time":"2026-02-11T23:33:05+00:00","og_image":[{"width":1000,"height":1000,"url":"https:\/\/acuariosupremus.com\/wp-content\/uploads\/2022\/03\/FL3918.jpg","type":"image\/jpeg"}],"twitter_card":"summary_large_image","twitter_site":"@AcuarioSupremus","twitter_misc":{"Tiempo de lectura":"1 minuto"},"schema":{"@context":"https:\/\/schema.org","@graph":[{"@type":"WebPage","@id":"https:\/\/acuariosupremus.com\/?product=ms-skincare-jabon-antiseborreico-y-queratolico","url":"https:\/\/acuariosupremus.com\/?product=ms-skincare-jabon-antiseborreico-y-queratolico","name":"MS - SKINCARE JABON ANTISEBORREICO Y QUERATOLICO | Acuario Supremus","isPartOf":{"@id":"https:\/\/acuariosupremus.com\/#website"},"primaryImageOfPage":{"@id":"https:\/\/acuariosupremus.com\/?product=ms-skincare-jabon-antiseborreico-y-queratolico#primaryimage"},"image":{"@id":"https:\/\/acuariosupremus.com\/?product=ms-skincare-jabon-antiseborreico-y-queratolico#primaryimage"},"thumbnailUrl":"https:\/\/acuariosupremus.com\/wp-content\/uploads\/2022\/03\/FL3918.jpg","datePublished":"2022-03-25T23:46:49+00:00","dateModified":"2026-02-11T23:33:05+00:00","description":"Indicado para perros y gatos con dermatitis seborreica oleosa, para remover escamas, exceso de grasa, hongos y bacterias que producen mal olor y prurito.","breadcrumb":{"@id":"https:\/\/acuariosupremus.com\/?product=ms-skincare-jabon-antiseborreico-y-queratolico#breadcrumb"},"inLanguage":"es","potentialAction":[{"@type":"ReadAction","target":["https:\/\/acuariosupremus.com\/?product=ms-skincare-jabon-antiseborreico-y-queratolico"]}]},{"@type":"ImageObject","inLanguage":"es","@id":"https:\/\/acuariosupremus.com\/?product=ms-skincare-jabon-antiseborreico-y-queratolico#primaryimage","url":"https:\/\/acuariosupremus.com\/wp-content\/uploads\/2022\/03\/FL3918.jpg","contentUrl":"https:\/\/acuariosupremus.com\/wp-content\/uploads\/2022\/03\/FL3918.jpg","width":1000,"height":1000},{"@type":"BreadcrumbList","@id":"https:\/\/acuariosupremus.com\/?product=ms-skincare-jabon-antiseborreico-y-queratolico#breadcrumb","itemListElement":[{"@type":"ListItem","position":1,"name":"Portada","item":"https:\/\/acuariosupremus.com\/"},{"@type":"ListItem","position":2,"name":"Tienda","item":"https:\/\/acuariosupremus.com\/tienda\/"},{"@type":"ListItem","position":3,"name":"MS &#8211; SKINCARE JABON ANTISEBORREICO Y QUERATOLICO"}]},{"@type":"WebSite","@id":"https:\/\/acuariosupremus.com\/#website","url":"https:\/\/acuariosupremus.com\/","name":"Acuario Supremus","description":"Peces, Peceras y Mascotas.","publisher":{"@id":"https:\/\/acuariosupremus.com\/#organization"},"potentialAction":[{"@type":"SearchAction","target":{"@type":"EntryPoint","urlTemplate":"https:\/\/acuariosupremus.com\/?s={search_term_string}"},"query-input":{"@type":"PropertyValueSpecification","valueRequired":true,"valueName":"search_term_string"}}],"inLanguage":"es"},{"@type":"Organization","@id":"https:\/\/acuariosupremus.com\/#organization","name":"Acuario Supremus","url":"https:\/\/acuariosupremus.com\/","logo":{"@type":"ImageObject","inLanguage":"es","@id":"https:\/\/acuariosupremus.com\/#\/schema\/logo\/image\/","url":"https:\/\/acuariosupremus.com\/wp-content\/uploads\/2021\/12\/cropped-logo_acuario_supremus_fn-2.png","contentUrl":"https:\/\/acuariosupremus.com\/wp-content\/uploads\/2021\/12\/cropped-logo_acuario_supremus_fn-2.png","width":1000,"height":318,"caption":"Acuario Supremus"},"image":{"@id":"https:\/\/acuariosupremus.com\/#\/schema\/logo\/image\/"},"sameAs":["https:\/\/www.facebook.com\/AcuarioSupremus","https:\/\/x.com\/AcuarioSupremus","https:\/\/www.instagram.com\/acuariosupremus\/?hl=es"]}]}},"jetpack_sharing_enabled":true,"_links":{"self":[{"href":"https:\/\/acuariosupremus.com\/index.php?rest_route=\/wp\/v2\/product\/6360","targetHints":{"allow":["GET"]}}],"collection":[{"href":"https:\/\/acuariosupremus.com\/index.php?rest_route=\/wp\/v2\/product"}],"about":[{"href":"https:\/\/acuariosupremus.com\/index.php?rest_route=\/wp\/v2\/types\/product"}],"wp:featuredmedia":[{"embeddable":true,"href":"https:\/\/acuariosupremus.com\/index.php?rest_route=\/wp\/v2\/media\/6362"}],"wp:attachment":[{"href":"https:\/\/acuariosupremus.com\/index.php?rest_route=%2Fwp%2Fv2%2Fmedia&parent=6360"}],"wp:term":[{"taxonomy":"product_brand","embeddable":true,"href":"https:\/\/acuariosupremus.com\/index.php?rest_route=%2Fwp%2Fv2%2Fproduct_brand&post=6360"},{"taxonomy":"product_cat","embeddable":true,"href":"https:\/\/acuariosupremus.com\/index.php?rest_route=%2Fwp%2Fv2%2Fproduct_cat&post=6360"},{"taxonomy":"product_tag","embeddable":true,"href":"https:\/\/acuariosupremus.com\/index.php?rest_route=%2Fwp%2Fv2%2Fproduct_tag&post=6360"}],"curies":[{"name":"wp","href":"https:\/\/api.w.org\/{rel}","templated":true}]}}