{"id":6365,"date":"2022-03-25T18:04:49","date_gmt":"2022-03-26T00:04:49","guid":{"rendered":"https:\/\/acuariosupremus.com\/?post_type=product&#038;p=6365"},"modified":"2026-02-11T17:35:51","modified_gmt":"2026-02-11T23:35:51","slug":"ms-spray-antipulgas-250-ml","status":"publish","type":"product","link":"https:\/\/acuariosupremus.com\/?product=ms-spray-antipulgas-250-ml","title":{"rendered":"MS SPRAY ANTIPULGAS 250 ML"},"content":{"rendered":"<p>Instrucciones:<br \/>\nDosificaci\u00f3n y modo de empleo: Roc\u00ede el spray a contra pelo hasta impregnar la piel, principalmente en el lomo, abdomen y la base de la cola. Apl\u00edquese una vez al d\u00eda durante 2 semanas. Repita el tratamiento 2 semanas despu\u00e9s en caso de ser<br \/>\nnecesario. Se recomienda rociar las \u00e1reas donde se encuentra la mascota, incluyendo la cama, tapete, casa y\/o<br \/>\ntransportadora.<br \/>\nRecomendaciones:<br \/>\nPrecauciones y advertencias: MANT\u00e9NGASE FUERA DEL ALCANCE DE LOS NI\u00f1OS Y MASCOTAS. Este producto es un<br \/>\ncoadyuvante, no sustituye ning\u00fan tratamiento indicado por el M\u00e9dico Veterinario. No emplear en perros menores de 6 meses. No se aplique cerca de los ojos y el hocico del perro; ni sobre el alimento o agua de bebida. En caso de contacto accidental enjuague con abundante agua durante 15 minutos. Conserve el producto en un lugar fresco, protegido de la luz. Consulte al M\u00e9dico Veterinario. Este producto podr\u00eda manchas las telas y la tapicer\u00eda. Ates de aplicarlo en toda la superficie, haga la prueba rociando en una peque\u00f1a parte.<br \/>\nIngredientes:<br \/>\nFormula:<br \/>\nExtracto de Azadirachta indica mi\u00b4nimo 0.15 g. Vehi\u00b4culo, c.b.p. 250 ml.<br \/>\nContenido:<br \/>\n<strong>250 ML<\/strong><\/p>\n","protected":false},"excerpt":{"rendered":"<p>Caracter\u00edsticas:<br \/>\nProducto elaborado a base de extractos naturales, que repelen y previenen la infestaci\u00f3n de pulgas. Una vez aplicado el<br \/>\nproducto, \u00e9ste permanecer\u00e1 adherido al pelo y a la piel del perro, lo que aleja a las pulgas evitando que se alojen y se<br \/>\nreproduzcan. Con una fragancia fresca a eucalipto.<\/p>\n","protected":false},"featured_media":13540,"template":"","meta":[],"product_brand":[108],"product_cat":[73,83],"product_tag":[506],"class_list":{"0":"post-6365","1":"product","2":"type-product","3":"status-publish","4":"has-post-thumbnail","6":"product_brand-medicalsolutions","7":"product_cat-perros","8":"product_cat-salud-perros","9":"product_tag-spray-antipulgas","11":"first","12":"instock","13":"sale","14":"shipping-taxable","15":"purchasable","16":"product-type-simple"},"yoast_head":"<!-- This site is optimized with the Yoast SEO plugin v27.4 - https:\/\/yoast.com\/product\/yoast-seo-wordpress\/ -->\n<title>MS SPRAY ANTIPULGAS 250 ML | Acuario Supremus<\/title>\n<meta name=\"description\" content=\"Producto elaborado a base de extractos naturales, que repelen y previenen la infestaci\u00f3n de pulgas. Una vez aplicado el producto adherido al pelo y a la piel del perro.\" \/>\n<meta name=\"robots\" content=\"index, follow, max-snippet:-1, max-image-preview:large, max-video-preview:-1\" \/>\n<link rel=\"canonical\" href=\"https:\/\/acuariosupremus.com\/?product=ms-spray-antipulgas-250-ml\" \/>\n<meta property=\"og:locale\" content=\"es_MX\" \/>\n<meta property=\"og:type\" content=\"article\" \/>\n<meta property=\"og:title\" content=\"MS SPRAY ANTIPULGAS 250 ML | Acuario Supremus\" \/>\n<meta property=\"og:description\" content=\"Producto elaborado a base de extractos naturales, que repelen y previenen la infestaci\u00f3n de pulgas. Una vez aplicado el producto adherido al pelo y a la piel del perro.\" \/>\n<meta property=\"og:url\" content=\"https:\/\/acuariosupremus.com\/?product=ms-spray-antipulgas-250-ml\" \/>\n<meta property=\"og:site_name\" content=\"Acuario Supremus\" \/>\n<meta property=\"article:publisher\" content=\"https:\/\/www.facebook.com\/AcuarioSupremus\" \/>\n<meta property=\"article:modified_time\" content=\"2026-02-11T23:35:51+00:00\" \/>\n<meta property=\"og:image\" content=\"https:\/\/acuariosupremus.com\/wp-content\/uploads\/2022\/03\/FL3924.png\" \/>\n\t<meta property=\"og:image:width\" content=\"1000\" \/>\n\t<meta property=\"og:image:height\" content=\"1000\" \/>\n\t<meta property=\"og:image:type\" content=\"image\/png\" \/>\n<meta name=\"twitter:card\" content=\"summary_large_image\" \/>\n<meta name=\"twitter:site\" content=\"@AcuarioSupremus\" \/>\n<meta name=\"twitter:label1\" content=\"Tiempo de lectura\" \/>\n\t<meta name=\"twitter:data1\" content=\"2 minutos\" \/>\n<script type=\"application\/ld+json\" class=\"yoast-schema-graph\">{\"@context\":\"https:\\\/\\\/schema.org\",\"@graph\":[{\"@type\":\"WebPage\",\"@id\":\"https:\\\/\\\/acuariosupremus.com\\\/?product=ms-spray-antipulgas-250-ml\",\"url\":\"https:\\\/\\\/acuariosupremus.com\\\/?product=ms-spray-antipulgas-250-ml\",\"name\":\"MS SPRAY ANTIPULGAS 250 ML | Acuario Supremus\",\"isPartOf\":{\"@id\":\"https:\\\/\\\/acuariosupremus.com\\\/#website\"},\"primaryImageOfPage\":{\"@id\":\"https:\\\/\\\/acuariosupremus.com\\\/?product=ms-spray-antipulgas-250-ml#primaryimage\"},\"image\":{\"@id\":\"https:\\\/\\\/acuariosupremus.com\\\/?product=ms-spray-antipulgas-250-ml#primaryimage\"},\"thumbnailUrl\":\"https:\\\/\\\/acuariosupremus.com\\\/wp-content\\\/uploads\\\/2022\\\/03\\\/FL3924.png\",\"datePublished\":\"2022-03-26T00:04:49+00:00\",\"dateModified\":\"2026-02-11T23:35:51+00:00\",\"description\":\"Producto elaborado a base de extractos naturales, que repelen y previenen la infestaci\u00f3n de pulgas. Una vez aplicado el producto adherido al pelo y a la piel del perro.\",\"breadcrumb\":{\"@id\":\"https:\\\/\\\/acuariosupremus.com\\\/?product=ms-spray-antipulgas-250-ml#breadcrumb\"},\"inLanguage\":\"es\",\"potentialAction\":[{\"@type\":\"ReadAction\",\"target\":[\"https:\\\/\\\/acuariosupremus.com\\\/?product=ms-spray-antipulgas-250-ml\"]}]},{\"@type\":\"ImageObject\",\"inLanguage\":\"es\",\"@id\":\"https:\\\/\\\/acuariosupremus.com\\\/?product=ms-spray-antipulgas-250-ml#primaryimage\",\"url\":\"https:\\\/\\\/acuariosupremus.com\\\/wp-content\\\/uploads\\\/2022\\\/03\\\/FL3924.png\",\"contentUrl\":\"https:\\\/\\\/acuariosupremus.com\\\/wp-content\\\/uploads\\\/2022\\\/03\\\/FL3924.png\",\"width\":1000,\"height\":1000},{\"@type\":\"BreadcrumbList\",\"@id\":\"https:\\\/\\\/acuariosupremus.com\\\/?product=ms-spray-antipulgas-250-ml#breadcrumb\",\"itemListElement\":[{\"@type\":\"ListItem\",\"position\":1,\"name\":\"Portada\",\"item\":\"https:\\\/\\\/acuariosupremus.com\\\/\"},{\"@type\":\"ListItem\",\"position\":2,\"name\":\"Tienda\",\"item\":\"https:\\\/\\\/acuariosupremus.com\\\/tienda\\\/\"},{\"@type\":\"ListItem\",\"position\":3,\"name\":\"MS SPRAY ANTIPULGAS 250 ML\"}]},{\"@type\":\"WebSite\",\"@id\":\"https:\\\/\\\/acuariosupremus.com\\\/#website\",\"url\":\"https:\\\/\\\/acuariosupremus.com\\\/\",\"name\":\"Acuario Supremus\",\"description\":\"Peces, Peceras y Mascotas.\",\"publisher\":{\"@id\":\"https:\\\/\\\/acuariosupremus.com\\\/#organization\"},\"potentialAction\":[{\"@type\":\"SearchAction\",\"target\":{\"@type\":\"EntryPoint\",\"urlTemplate\":\"https:\\\/\\\/acuariosupremus.com\\\/?s={search_term_string}\"},\"query-input\":{\"@type\":\"PropertyValueSpecification\",\"valueRequired\":true,\"valueName\":\"search_term_string\"}}],\"inLanguage\":\"es\"},{\"@type\":\"Organization\",\"@id\":\"https:\\\/\\\/acuariosupremus.com\\\/#organization\",\"name\":\"Acuario Supremus\",\"url\":\"https:\\\/\\\/acuariosupremus.com\\\/\",\"logo\":{\"@type\":\"ImageObject\",\"inLanguage\":\"es\",\"@id\":\"https:\\\/\\\/acuariosupremus.com\\\/#\\\/schema\\\/logo\\\/image\\\/\",\"url\":\"https:\\\/\\\/acuariosupremus.com\\\/wp-content\\\/uploads\\\/2021\\\/12\\\/cropped-logo_acuario_supremus_fn-2.png\",\"contentUrl\":\"https:\\\/\\\/acuariosupremus.com\\\/wp-content\\\/uploads\\\/2021\\\/12\\\/cropped-logo_acuario_supremus_fn-2.png\",\"width\":1000,\"height\":318,\"caption\":\"Acuario Supremus\"},\"image\":{\"@id\":\"https:\\\/\\\/acuariosupremus.com\\\/#\\\/schema\\\/logo\\\/image\\\/\"},\"sameAs\":[\"https:\\\/\\\/www.facebook.com\\\/AcuarioSupremus\",\"https:\\\/\\\/x.com\\\/AcuarioSupremus\",\"https:\\\/\\\/www.instagram.com\\\/acuariosupremus\\\/?hl=es\"]}]}<\/script>\n<!-- \/ Yoast SEO plugin. -->","yoast_head_json":{"title":"MS SPRAY ANTIPULGAS 250 ML | Acuario Supremus","description":"Producto elaborado a base de extractos naturales, que repelen y previenen la infestaci\u00f3n de pulgas. Una vez aplicado el producto adherido al pelo y a la piel del perro.","robots":{"index":"index","follow":"follow","max-snippet":"max-snippet:-1","max-image-preview":"max-image-preview:large","max-video-preview":"max-video-preview:-1"},"canonical":"https:\/\/acuariosupremus.com\/?product=ms-spray-antipulgas-250-ml","og_locale":"es_MX","og_type":"article","og_title":"MS SPRAY ANTIPULGAS 250 ML | Acuario Supremus","og_description":"Producto elaborado a base de extractos naturales, que repelen y previenen la infestaci\u00f3n de pulgas. Una vez aplicado el producto adherido al pelo y a la piel del perro.","og_url":"https:\/\/acuariosupremus.com\/?product=ms-spray-antipulgas-250-ml","og_site_name":"Acuario Supremus","article_publisher":"https:\/\/www.facebook.com\/AcuarioSupremus","article_modified_time":"2026-02-11T23:35:51+00:00","og_image":[{"width":1000,"height":1000,"url":"https:\/\/acuariosupremus.com\/wp-content\/uploads\/2022\/03\/FL3924.png","type":"image\/png"}],"twitter_card":"summary_large_image","twitter_site":"@AcuarioSupremus","twitter_misc":{"Tiempo de lectura":"2 minutos"},"schema":{"@context":"https:\/\/schema.org","@graph":[{"@type":"WebPage","@id":"https:\/\/acuariosupremus.com\/?product=ms-spray-antipulgas-250-ml","url":"https:\/\/acuariosupremus.com\/?product=ms-spray-antipulgas-250-ml","name":"MS SPRAY ANTIPULGAS 250 ML | Acuario Supremus","isPartOf":{"@id":"https:\/\/acuariosupremus.com\/#website"},"primaryImageOfPage":{"@id":"https:\/\/acuariosupremus.com\/?product=ms-spray-antipulgas-250-ml#primaryimage"},"image":{"@id":"https:\/\/acuariosupremus.com\/?product=ms-spray-antipulgas-250-ml#primaryimage"},"thumbnailUrl":"https:\/\/acuariosupremus.com\/wp-content\/uploads\/2022\/03\/FL3924.png","datePublished":"2022-03-26T00:04:49+00:00","dateModified":"2026-02-11T23:35:51+00:00","description":"Producto elaborado a base de extractos naturales, que repelen y previenen la infestaci\u00f3n de pulgas. Una vez aplicado el producto adherido al pelo y a la piel del perro.","breadcrumb":{"@id":"https:\/\/acuariosupremus.com\/?product=ms-spray-antipulgas-250-ml#breadcrumb"},"inLanguage":"es","potentialAction":[{"@type":"ReadAction","target":["https:\/\/acuariosupremus.com\/?product=ms-spray-antipulgas-250-ml"]}]},{"@type":"ImageObject","inLanguage":"es","@id":"https:\/\/acuariosupremus.com\/?product=ms-spray-antipulgas-250-ml#primaryimage","url":"https:\/\/acuariosupremus.com\/wp-content\/uploads\/2022\/03\/FL3924.png","contentUrl":"https:\/\/acuariosupremus.com\/wp-content\/uploads\/2022\/03\/FL3924.png","width":1000,"height":1000},{"@type":"BreadcrumbList","@id":"https:\/\/acuariosupremus.com\/?product=ms-spray-antipulgas-250-ml#breadcrumb","itemListElement":[{"@type":"ListItem","position":1,"name":"Portada","item":"https:\/\/acuariosupremus.com\/"},{"@type":"ListItem","position":2,"name":"Tienda","item":"https:\/\/acuariosupremus.com\/tienda\/"},{"@type":"ListItem","position":3,"name":"MS SPRAY ANTIPULGAS 250 ML"}]},{"@type":"WebSite","@id":"https:\/\/acuariosupremus.com\/#website","url":"https:\/\/acuariosupremus.com\/","name":"Acuario Supremus","description":"Peces, Peceras y Mascotas.","publisher":{"@id":"https:\/\/acuariosupremus.com\/#organization"},"potentialAction":[{"@type":"SearchAction","target":{"@type":"EntryPoint","urlTemplate":"https:\/\/acuariosupremus.com\/?s={search_term_string}"},"query-input":{"@type":"PropertyValueSpecification","valueRequired":true,"valueName":"search_term_string"}}],"inLanguage":"es"},{"@type":"Organization","@id":"https:\/\/acuariosupremus.com\/#organization","name":"Acuario Supremus","url":"https:\/\/acuariosupremus.com\/","logo":{"@type":"ImageObject","inLanguage":"es","@id":"https:\/\/acuariosupremus.com\/#\/schema\/logo\/image\/","url":"https:\/\/acuariosupremus.com\/wp-content\/uploads\/2021\/12\/cropped-logo_acuario_supremus_fn-2.png","contentUrl":"https:\/\/acuariosupremus.com\/wp-content\/uploads\/2021\/12\/cropped-logo_acuario_supremus_fn-2.png","width":1000,"height":318,"caption":"Acuario Supremus"},"image":{"@id":"https:\/\/acuariosupremus.com\/#\/schema\/logo\/image\/"},"sameAs":["https:\/\/www.facebook.com\/AcuarioSupremus","https:\/\/x.com\/AcuarioSupremus","https:\/\/www.instagram.com\/acuariosupremus\/?hl=es"]}]}},"jetpack_sharing_enabled":true,"_links":{"self":[{"href":"https:\/\/acuariosupremus.com\/index.php?rest_route=\/wp\/v2\/product\/6365","targetHints":{"allow":["GET"]}}],"collection":[{"href":"https:\/\/acuariosupremus.com\/index.php?rest_route=\/wp\/v2\/product"}],"about":[{"href":"https:\/\/acuariosupremus.com\/index.php?rest_route=\/wp\/v2\/types\/product"}],"wp:featuredmedia":[{"embeddable":true,"href":"https:\/\/acuariosupremus.com\/index.php?rest_route=\/wp\/v2\/media\/13540"}],"wp:attachment":[{"href":"https:\/\/acuariosupremus.com\/index.php?rest_route=%2Fwp%2Fv2%2Fmedia&parent=6365"}],"wp:term":[{"taxonomy":"product_brand","embeddable":true,"href":"https:\/\/acuariosupremus.com\/index.php?rest_route=%2Fwp%2Fv2%2Fproduct_brand&post=6365"},{"taxonomy":"product_cat","embeddable":true,"href":"https:\/\/acuariosupremus.com\/index.php?rest_route=%2Fwp%2Fv2%2Fproduct_cat&post=6365"},{"taxonomy":"product_tag","embeddable":true,"href":"https:\/\/acuariosupremus.com\/index.php?rest_route=%2Fwp%2Fv2%2Fproduct_tag&post=6365"}],"curies":[{"name":"wp","href":"https:\/\/api.w.org\/{rel}","templated":true}]}}