{"id":6374,"date":"2022-03-25T18:28:49","date_gmt":"2022-03-26T00:28:49","guid":{"rendered":"https:\/\/acuariosupremus.com\/?post_type=product&#038;p=6374"},"modified":"2026-02-11T22:18:15","modified_gmt":"2026-02-12T04:18:15","slug":"ms-limpiador-de-oidos-125-ml","status":"publish","type":"product","link":"https:\/\/acuariosupremus.com\/?product=ms-limpiador-de-oidos-125-ml","title":{"rendered":"MS LIMPIADOR DE OIDOS 125 ML"},"content":{"rendered":"<p>Instrucciones:<br \/>\nDosificaci\u00f3n y modo de empleo: Roc\u00ede de 1 a 2 aspersiones de producto directamente en la oreja del perro, permita que entre un poco de l\u00edquido al canal auditivo. De un ligero masaje iniciando desde la base de la oreja. Elimine la suciedad del pabell\u00f3n de la oreja utilizando una gasa o algod\u00f3n nuevo para cada una de ellas. Al final permita que su mascota se sacuda para retirar el exceso de producto. Repita estos pasos una vez al d\u00eda por dos semanas o hasta que disminuya la irritaci\u00f3n. Para prevenir infecciones posteriores, realice la limpieza de o\u00eddos una a dos veces por semana. Util\u00edcese en perros mayores de 12 semanas.<br \/>\nRecomendaciones:<br \/>\nPrecauciones y advertencias: MANT\u00e9NGASE FUERA DEL ALCANCE DE LOS NI\u00f1OS Y MASCOTAS. Este producto es un<br \/>\ncoadyuvante, no sustituye ning\u00fan tratamiento indicado por el M\u00e9dico Veterinario. No se aplique cerca de ojos ni el hocico del perro, en caso de contacto accidental enjuague con abundante agua. Conserve el producto en un lugar fresco, protegido de la luz. Consulte al M\u00e9dico Veterinario.<br \/>\nIngredientes:<br \/>\nFormula:<br \/>\nCada 125 ml. contienen:<br \/>\nDigluconato de clorhexidina 0.2g, tensoactivos, extracto de Cale\u00b4ndula officinalis, extracto de Melaleuca spp, alcohol<br \/>\nisopropi\u00b4lico, alcanfor, a\u00b4cido ci\u00b4trico, metil y propil parabeno como conservador.<br \/>\nVehi\u00b4culo, c.b.p. 100%.<br \/>\nContenido:<br \/>\n125 ML<\/p>\n","protected":false},"excerpt":{"rendered":"<p>Caracter\u00edsticas:<br \/>\nFancy Pets Medical Solutions Limpiador de O\u00eddos para perros es un producto elaborado con extracto natural de cal\u00e9ndula, que previene, controla y disminuye la irritaci\u00f3n causada por diversos factores como el exceso de cerumen, la suciedad y las infecciones comunes, dejando una fragancia suave y agradable.<\/p>\n","protected":false},"featured_media":15719,"template":"","meta":[],"product_brand":[108],"product_cat":[73,83],"product_tag":[509],"class_list":{"0":"post-6374","1":"product","2":"type-product","3":"status-publish","4":"has-post-thumbnail","6":"product_brand-medicalsolutions","7":"product_cat-perros","8":"product_cat-salud-perros","9":"product_tag-limpiador-de-oidos","11":"first","12":"instock","13":"sale","14":"shipping-taxable","15":"purchasable","16":"product-type-simple"},"yoast_head":"<!-- This site is optimized with the Yoast SEO plugin v27.4 - https:\/\/yoast.com\/product\/yoast-seo-wordpress\/ -->\n<title>MS LIMPIADOR DE OIDOS 125 ML | Acuario Supremus<\/title>\n<meta name=\"description\" content=\"Es un producto elaborado con extracto natural de cal\u00e9ndula, que previene, controla y disminuye la irritaci\u00f3n causada por diversos factores.\" \/>\n<meta name=\"robots\" content=\"index, follow, max-snippet:-1, max-image-preview:large, max-video-preview:-1\" \/>\n<link rel=\"canonical\" href=\"https:\/\/acuariosupremus.com\/?product=ms-limpiador-de-oidos-125-ml\" \/>\n<meta property=\"og:locale\" content=\"es_MX\" \/>\n<meta property=\"og:type\" content=\"article\" \/>\n<meta property=\"og:title\" content=\"MS LIMPIADOR DE OIDOS 125 ML | Acuario Supremus\" \/>\n<meta property=\"og:description\" content=\"Es un producto elaborado con extracto natural de cal\u00e9ndula, que previene, controla y disminuye la irritaci\u00f3n causada por diversos factores.\" \/>\n<meta property=\"og:url\" content=\"https:\/\/acuariosupremus.com\/?product=ms-limpiador-de-oidos-125-ml\" \/>\n<meta property=\"og:site_name\" content=\"Acuario Supremus\" \/>\n<meta property=\"article:publisher\" content=\"https:\/\/www.facebook.com\/AcuarioSupremus\" \/>\n<meta property=\"article:modified_time\" content=\"2026-02-12T04:18:15+00:00\" \/>\n<meta property=\"og:image\" content=\"https:\/\/acuariosupremus.com\/wp-content\/uploads\/2022\/03\/FL3927.jpg\" \/>\n\t<meta property=\"og:image:width\" content=\"1000\" \/>\n\t<meta property=\"og:image:height\" content=\"1000\" \/>\n\t<meta property=\"og:image:type\" content=\"image\/jpeg\" \/>\n<meta name=\"twitter:card\" content=\"summary_large_image\" \/>\n<meta name=\"twitter:site\" content=\"@AcuarioSupremus\" \/>\n<meta name=\"twitter:label1\" content=\"Tiempo de lectura\" \/>\n\t<meta name=\"twitter:data1\" content=\"2 minutos\" \/>\n<script type=\"application\/ld+json\" class=\"yoast-schema-graph\">{\"@context\":\"https:\\\/\\\/schema.org\",\"@graph\":[{\"@type\":\"WebPage\",\"@id\":\"https:\\\/\\\/acuariosupremus.com\\\/?product=ms-limpiador-de-oidos-125-ml\",\"url\":\"https:\\\/\\\/acuariosupremus.com\\\/?product=ms-limpiador-de-oidos-125-ml\",\"name\":\"MS LIMPIADOR DE OIDOS 125 ML | Acuario Supremus\",\"isPartOf\":{\"@id\":\"https:\\\/\\\/acuariosupremus.com\\\/#website\"},\"primaryImageOfPage\":{\"@id\":\"https:\\\/\\\/acuariosupremus.com\\\/?product=ms-limpiador-de-oidos-125-ml#primaryimage\"},\"image\":{\"@id\":\"https:\\\/\\\/acuariosupremus.com\\\/?product=ms-limpiador-de-oidos-125-ml#primaryimage\"},\"thumbnailUrl\":\"https:\\\/\\\/acuariosupremus.com\\\/wp-content\\\/uploads\\\/2022\\\/03\\\/FL3927.jpg\",\"datePublished\":\"2022-03-26T00:28:49+00:00\",\"dateModified\":\"2026-02-12T04:18:15+00:00\",\"description\":\"Es un producto elaborado con extracto natural de cal\u00e9ndula, que previene, controla y disminuye la irritaci\u00f3n causada por diversos factores.\",\"breadcrumb\":{\"@id\":\"https:\\\/\\\/acuariosupremus.com\\\/?product=ms-limpiador-de-oidos-125-ml#breadcrumb\"},\"inLanguage\":\"es\",\"potentialAction\":[{\"@type\":\"ReadAction\",\"target\":[\"https:\\\/\\\/acuariosupremus.com\\\/?product=ms-limpiador-de-oidos-125-ml\"]}]},{\"@type\":\"ImageObject\",\"inLanguage\":\"es\",\"@id\":\"https:\\\/\\\/acuariosupremus.com\\\/?product=ms-limpiador-de-oidos-125-ml#primaryimage\",\"url\":\"https:\\\/\\\/acuariosupremus.com\\\/wp-content\\\/uploads\\\/2022\\\/03\\\/FL3927.jpg\",\"contentUrl\":\"https:\\\/\\\/acuariosupremus.com\\\/wp-content\\\/uploads\\\/2022\\\/03\\\/FL3927.jpg\",\"width\":1000,\"height\":1000},{\"@type\":\"BreadcrumbList\",\"@id\":\"https:\\\/\\\/acuariosupremus.com\\\/?product=ms-limpiador-de-oidos-125-ml#breadcrumb\",\"itemListElement\":[{\"@type\":\"ListItem\",\"position\":1,\"name\":\"Portada\",\"item\":\"https:\\\/\\\/acuariosupremus.com\\\/\"},{\"@type\":\"ListItem\",\"position\":2,\"name\":\"Tienda\",\"item\":\"https:\\\/\\\/acuariosupremus.com\\\/tienda\\\/\"},{\"@type\":\"ListItem\",\"position\":3,\"name\":\"MS LIMPIADOR DE OIDOS 125 ML\"}]},{\"@type\":\"WebSite\",\"@id\":\"https:\\\/\\\/acuariosupremus.com\\\/#website\",\"url\":\"https:\\\/\\\/acuariosupremus.com\\\/\",\"name\":\"Acuario Supremus\",\"description\":\"Peces, Peceras y Mascotas.\",\"publisher\":{\"@id\":\"https:\\\/\\\/acuariosupremus.com\\\/#organization\"},\"potentialAction\":[{\"@type\":\"SearchAction\",\"target\":{\"@type\":\"EntryPoint\",\"urlTemplate\":\"https:\\\/\\\/acuariosupremus.com\\\/?s={search_term_string}\"},\"query-input\":{\"@type\":\"PropertyValueSpecification\",\"valueRequired\":true,\"valueName\":\"search_term_string\"}}],\"inLanguage\":\"es\"},{\"@type\":\"Organization\",\"@id\":\"https:\\\/\\\/acuariosupremus.com\\\/#organization\",\"name\":\"Acuario Supremus\",\"url\":\"https:\\\/\\\/acuariosupremus.com\\\/\",\"logo\":{\"@type\":\"ImageObject\",\"inLanguage\":\"es\",\"@id\":\"https:\\\/\\\/acuariosupremus.com\\\/#\\\/schema\\\/logo\\\/image\\\/\",\"url\":\"https:\\\/\\\/acuariosupremus.com\\\/wp-content\\\/uploads\\\/2021\\\/12\\\/cropped-logo_acuario_supremus_fn-2.png\",\"contentUrl\":\"https:\\\/\\\/acuariosupremus.com\\\/wp-content\\\/uploads\\\/2021\\\/12\\\/cropped-logo_acuario_supremus_fn-2.png\",\"width\":1000,\"height\":318,\"caption\":\"Acuario Supremus\"},\"image\":{\"@id\":\"https:\\\/\\\/acuariosupremus.com\\\/#\\\/schema\\\/logo\\\/image\\\/\"},\"sameAs\":[\"https:\\\/\\\/www.facebook.com\\\/AcuarioSupremus\",\"https:\\\/\\\/x.com\\\/AcuarioSupremus\",\"https:\\\/\\\/www.instagram.com\\\/acuariosupremus\\\/?hl=es\"]}]}<\/script>\n<!-- \/ Yoast SEO plugin. -->","yoast_head_json":{"title":"MS LIMPIADOR DE OIDOS 125 ML | Acuario Supremus","description":"Es un producto elaborado con extracto natural de cal\u00e9ndula, que previene, controla y disminuye la irritaci\u00f3n causada por diversos factores.","robots":{"index":"index","follow":"follow","max-snippet":"max-snippet:-1","max-image-preview":"max-image-preview:large","max-video-preview":"max-video-preview:-1"},"canonical":"https:\/\/acuariosupremus.com\/?product=ms-limpiador-de-oidos-125-ml","og_locale":"es_MX","og_type":"article","og_title":"MS LIMPIADOR DE OIDOS 125 ML | Acuario Supremus","og_description":"Es un producto elaborado con extracto natural de cal\u00e9ndula, que previene, controla y disminuye la irritaci\u00f3n causada por diversos factores.","og_url":"https:\/\/acuariosupremus.com\/?product=ms-limpiador-de-oidos-125-ml","og_site_name":"Acuario Supremus","article_publisher":"https:\/\/www.facebook.com\/AcuarioSupremus","article_modified_time":"2026-02-12T04:18:15+00:00","og_image":[{"width":1000,"height":1000,"url":"https:\/\/acuariosupremus.com\/wp-content\/uploads\/2022\/03\/FL3927.jpg","type":"image\/jpeg"}],"twitter_card":"summary_large_image","twitter_site":"@AcuarioSupremus","twitter_misc":{"Tiempo de lectura":"2 minutos"},"schema":{"@context":"https:\/\/schema.org","@graph":[{"@type":"WebPage","@id":"https:\/\/acuariosupremus.com\/?product=ms-limpiador-de-oidos-125-ml","url":"https:\/\/acuariosupremus.com\/?product=ms-limpiador-de-oidos-125-ml","name":"MS LIMPIADOR DE OIDOS 125 ML | Acuario Supremus","isPartOf":{"@id":"https:\/\/acuariosupremus.com\/#website"},"primaryImageOfPage":{"@id":"https:\/\/acuariosupremus.com\/?product=ms-limpiador-de-oidos-125-ml#primaryimage"},"image":{"@id":"https:\/\/acuariosupremus.com\/?product=ms-limpiador-de-oidos-125-ml#primaryimage"},"thumbnailUrl":"https:\/\/acuariosupremus.com\/wp-content\/uploads\/2022\/03\/FL3927.jpg","datePublished":"2022-03-26T00:28:49+00:00","dateModified":"2026-02-12T04:18:15+00:00","description":"Es un producto elaborado con extracto natural de cal\u00e9ndula, que previene, controla y disminuye la irritaci\u00f3n causada por diversos factores.","breadcrumb":{"@id":"https:\/\/acuariosupremus.com\/?product=ms-limpiador-de-oidos-125-ml#breadcrumb"},"inLanguage":"es","potentialAction":[{"@type":"ReadAction","target":["https:\/\/acuariosupremus.com\/?product=ms-limpiador-de-oidos-125-ml"]}]},{"@type":"ImageObject","inLanguage":"es","@id":"https:\/\/acuariosupremus.com\/?product=ms-limpiador-de-oidos-125-ml#primaryimage","url":"https:\/\/acuariosupremus.com\/wp-content\/uploads\/2022\/03\/FL3927.jpg","contentUrl":"https:\/\/acuariosupremus.com\/wp-content\/uploads\/2022\/03\/FL3927.jpg","width":1000,"height":1000},{"@type":"BreadcrumbList","@id":"https:\/\/acuariosupremus.com\/?product=ms-limpiador-de-oidos-125-ml#breadcrumb","itemListElement":[{"@type":"ListItem","position":1,"name":"Portada","item":"https:\/\/acuariosupremus.com\/"},{"@type":"ListItem","position":2,"name":"Tienda","item":"https:\/\/acuariosupremus.com\/tienda\/"},{"@type":"ListItem","position":3,"name":"MS LIMPIADOR DE OIDOS 125 ML"}]},{"@type":"WebSite","@id":"https:\/\/acuariosupremus.com\/#website","url":"https:\/\/acuariosupremus.com\/","name":"Acuario Supremus","description":"Peces, Peceras y Mascotas.","publisher":{"@id":"https:\/\/acuariosupremus.com\/#organization"},"potentialAction":[{"@type":"SearchAction","target":{"@type":"EntryPoint","urlTemplate":"https:\/\/acuariosupremus.com\/?s={search_term_string}"},"query-input":{"@type":"PropertyValueSpecification","valueRequired":true,"valueName":"search_term_string"}}],"inLanguage":"es"},{"@type":"Organization","@id":"https:\/\/acuariosupremus.com\/#organization","name":"Acuario Supremus","url":"https:\/\/acuariosupremus.com\/","logo":{"@type":"ImageObject","inLanguage":"es","@id":"https:\/\/acuariosupremus.com\/#\/schema\/logo\/image\/","url":"https:\/\/acuariosupremus.com\/wp-content\/uploads\/2021\/12\/cropped-logo_acuario_supremus_fn-2.png","contentUrl":"https:\/\/acuariosupremus.com\/wp-content\/uploads\/2021\/12\/cropped-logo_acuario_supremus_fn-2.png","width":1000,"height":318,"caption":"Acuario Supremus"},"image":{"@id":"https:\/\/acuariosupremus.com\/#\/schema\/logo\/image\/"},"sameAs":["https:\/\/www.facebook.com\/AcuarioSupremus","https:\/\/x.com\/AcuarioSupremus","https:\/\/www.instagram.com\/acuariosupremus\/?hl=es"]}]}},"jetpack_sharing_enabled":true,"_links":{"self":[{"href":"https:\/\/acuariosupremus.com\/index.php?rest_route=\/wp\/v2\/product\/6374","targetHints":{"allow":["GET"]}}],"collection":[{"href":"https:\/\/acuariosupremus.com\/index.php?rest_route=\/wp\/v2\/product"}],"about":[{"href":"https:\/\/acuariosupremus.com\/index.php?rest_route=\/wp\/v2\/types\/product"}],"wp:featuredmedia":[{"embeddable":true,"href":"https:\/\/acuariosupremus.com\/index.php?rest_route=\/wp\/v2\/media\/15719"}],"wp:attachment":[{"href":"https:\/\/acuariosupremus.com\/index.php?rest_route=%2Fwp%2Fv2%2Fmedia&parent=6374"}],"wp:term":[{"taxonomy":"product_brand","embeddable":true,"href":"https:\/\/acuariosupremus.com\/index.php?rest_route=%2Fwp%2Fv2%2Fproduct_brand&post=6374"},{"taxonomy":"product_cat","embeddable":true,"href":"https:\/\/acuariosupremus.com\/index.php?rest_route=%2Fwp%2Fv2%2Fproduct_cat&post=6374"},{"taxonomy":"product_tag","embeddable":true,"href":"https:\/\/acuariosupremus.com\/index.php?rest_route=%2Fwp%2Fv2%2Fproduct_tag&post=6374"}],"curies":[{"name":"wp","href":"https:\/\/api.w.org\/{rel}","templated":true}]}}