{"id":6380,"date":"2022-03-25T18:41:17","date_gmt":"2022-03-26T00:41:17","guid":{"rendered":"https:\/\/acuariosupremus.com\/?post_type=product&#038;p=6380"},"modified":"2026-02-11T22:20:40","modified_gmt":"2026-02-12T04:20:40","slug":"ms-tabletas-masticables-complete-derma-care-para-perros","status":"publish","type":"product","link":"https:\/\/acuariosupremus.com\/?product=ms-tabletas-masticables-complete-derma-care-para-perros","title":{"rendered":"MS TABLETAS MASTICABLES COMPLETE DERMA CARE PARA PERROS"},"content":{"rendered":"<p>Instrucciones:<br \/>\nDosificaci\u00f3n y modo de empleo: Una tableta por cada 10 kg de peso corporal. Su exquisito sabor permite ofrecerla sola o<br \/>\nmezclada con el alimento.<br \/>\nRecomendaciones:<br \/>\nPrecauciones y advertencias: ADVERTENCIAS: MANT\u00c9NGASE FUERA DEL ALCANCE DE LOS NI\u00d1OS Y LAS MASCOTAS.<br \/>\nEste producto es un coadyuvante, no sustituye ning\u00fan tratamiento indicado por el M\u00e9dico Veterinario. Contiene un desecante NO INGERIBLE, cons\u00e9rvese dentro del envase. Mantenga el frasco cerrado en un lugar fresco, protegido de la luz.<br \/>\nCONSULTE AL M\u00c9DICO VETERINARIO.<br \/>\nIngredientes:<br \/>\nF\u00f3rmula:<br \/>\nCada tableta de 1.5 g contiene m\u00ednimo:<br \/>\n\u00c1cidos grasos omega-3 (?-3) 123 mg, \u00e1cidos grasos omega-3 (?-3) 123 mg, \u00e1cidos grasos omega-6 (?-6) 358 mg, \u00e1cidos<br \/>\ngrasos omega-9 (?-9) 118 mg, Vit. A 1,320 UI, Vit. B1 0.88 mg, Vit. B2 0.88 mg, Vit. B6 0.704 mg, Vit. B12 0.022 mg, Vit. C 8.8<br \/>\nmg, Vit. D3 264 UI, Vit. E 22 UI, Vit. K3 0.22 mg, bitartrato de colina 22 mg, D biotina 0.0088 mg, \u00e1cido f\u00f3lico 0.0264 mg,<br \/>\nnicotinamida 6.6 mg, D pantotenato de calcio 0.99 mg, carbonato de calcio 6 mg, cobalto 0.0132 mg, cobre 0.16 mg, Hierro 3 mg, magnesio, 1.3 mg, manganeso 0.062 mg, selenio 0.0026 mg, sodio 1.2 mg, zinc 2.1 mg, potasio 0.0099 mg, yodo 0.273 mg, arginina 7.3 mg, cistina 1.6 mg, histidina 3.6 mg, isoleucina 7.3 mg, leucina 10.7 mg, lisina 10.3 mg, metionina 2.4 mg, fenilalanina 6.1 mg, treonina 7 mg, tript\u00f3fano 1.7 mg, tirosina 5 mg, excipiente c.b.p. 100%<br \/>\nContenido:<br \/>\n60 TABLETAS<\/p>\n","protected":false},"excerpt":{"rendered":"<p>Caracter\u00edsticas:<br \/>\nFancy Pets\u00ae Medical Solutions Tabletas Masticables Complete Derma Care es un suplemento formulado para cubrir las<br \/>\ndeficiencias de \u00e1cidos grasos esenciales, vitaminas y minerales en la dieta de perros en cualquier etapa de su vida. Es un auxiliar en el mantenimiento de un pelaje sano y brillante. Participa en el proceso de regeneraci\u00f3n de la piel, previene y controla las reacciones inflamatorias de la misma. Aumentando la hidrataci\u00f3n, la elasticidad y resistencia de la piel.<\/p>\n","protected":false},"featured_media":13577,"template":"","meta":[],"product_brand":[108],"product_cat":[73,83],"product_tag":[495],"class_list":{"0":"post-6380","1":"product","2":"type-product","3":"status-publish","4":"has-post-thumbnail","6":"product_brand-medicalsolutions","7":"product_cat-perros","8":"product_cat-salud-perros","9":"product_tag-multivitaminico-perros","11":"first","12":"instock","13":"sale","14":"shipping-taxable","15":"purchasable","16":"product-type-simple"},"yoast_head":"<!-- This site is optimized with the Yoast SEO plugin v27.4 - https:\/\/yoast.com\/product\/yoast-seo-wordpress\/ -->\n<title>MS TABLETAS MASTICABLES COMPLETE DERMA CARE PARA PERROS | Acuario Supremus<\/title>\n<meta name=\"description\" content=\"Es un auxiliar en el mantenimiento de un pelaje sano y brillante. Participa en el proceso de regeneraci\u00f3n de la piel, previene y controla las reacciones inflamatorias.\" \/>\n<meta name=\"robots\" content=\"index, follow, max-snippet:-1, max-image-preview:large, max-video-preview:-1\" \/>\n<link rel=\"canonical\" href=\"https:\/\/acuariosupremus.com\/?product=ms-tabletas-masticables-complete-derma-care-para-perros\" \/>\n<meta property=\"og:locale\" content=\"es_MX\" \/>\n<meta property=\"og:type\" content=\"article\" \/>\n<meta property=\"og:title\" content=\"MS TABLETAS MASTICABLES COMPLETE DERMA CARE PARA PERROS | Acuario Supremus\" \/>\n<meta property=\"og:description\" content=\"Es un auxiliar en el mantenimiento de un pelaje sano y brillante. Participa en el proceso de regeneraci\u00f3n de la piel, previene y controla las reacciones inflamatorias.\" \/>\n<meta property=\"og:url\" content=\"https:\/\/acuariosupremus.com\/?product=ms-tabletas-masticables-complete-derma-care-para-perros\" \/>\n<meta property=\"og:site_name\" content=\"Acuario Supremus\" \/>\n<meta property=\"article:publisher\" content=\"https:\/\/www.facebook.com\/AcuarioSupremus\" \/>\n<meta property=\"article:modified_time\" content=\"2026-02-12T04:20:40+00:00\" \/>\n<meta property=\"og:image\" content=\"https:\/\/acuariosupremus.com\/wp-content\/uploads\/2022\/03\/FL3929_1_1.png\" \/>\n\t<meta property=\"og:image:width\" content=\"1000\" \/>\n\t<meta property=\"og:image:height\" content=\"1000\" \/>\n\t<meta property=\"og:image:type\" content=\"image\/png\" \/>\n<meta name=\"twitter:card\" content=\"summary_large_image\" \/>\n<meta name=\"twitter:site\" content=\"@AcuarioSupremus\" \/>\n<meta name=\"twitter:label1\" content=\"Tiempo de lectura\" \/>\n\t<meta name=\"twitter:data1\" content=\"2 minutos\" \/>\n<script type=\"application\/ld+json\" class=\"yoast-schema-graph\">{\"@context\":\"https:\\\/\\\/schema.org\",\"@graph\":[{\"@type\":\"WebPage\",\"@id\":\"https:\\\/\\\/acuariosupremus.com\\\/?product=ms-tabletas-masticables-complete-derma-care-para-perros\",\"url\":\"https:\\\/\\\/acuariosupremus.com\\\/?product=ms-tabletas-masticables-complete-derma-care-para-perros\",\"name\":\"MS TABLETAS MASTICABLES COMPLETE DERMA CARE PARA PERROS | Acuario Supremus\",\"isPartOf\":{\"@id\":\"https:\\\/\\\/acuariosupremus.com\\\/#website\"},\"primaryImageOfPage\":{\"@id\":\"https:\\\/\\\/acuariosupremus.com\\\/?product=ms-tabletas-masticables-complete-derma-care-para-perros#primaryimage\"},\"image\":{\"@id\":\"https:\\\/\\\/acuariosupremus.com\\\/?product=ms-tabletas-masticables-complete-derma-care-para-perros#primaryimage\"},\"thumbnailUrl\":\"https:\\\/\\\/acuariosupremus.com\\\/wp-content\\\/uploads\\\/2022\\\/03\\\/FL3929_1_1.png\",\"datePublished\":\"2022-03-26T00:41:17+00:00\",\"dateModified\":\"2026-02-12T04:20:40+00:00\",\"description\":\"Es un auxiliar en el mantenimiento de un pelaje sano y brillante. Participa en el proceso de regeneraci\u00f3n de la piel, previene y controla las reacciones inflamatorias.\",\"breadcrumb\":{\"@id\":\"https:\\\/\\\/acuariosupremus.com\\\/?product=ms-tabletas-masticables-complete-derma-care-para-perros#breadcrumb\"},\"inLanguage\":\"es\",\"potentialAction\":[{\"@type\":\"ReadAction\",\"target\":[\"https:\\\/\\\/acuariosupremus.com\\\/?product=ms-tabletas-masticables-complete-derma-care-para-perros\"]}]},{\"@type\":\"ImageObject\",\"inLanguage\":\"es\",\"@id\":\"https:\\\/\\\/acuariosupremus.com\\\/?product=ms-tabletas-masticables-complete-derma-care-para-perros#primaryimage\",\"url\":\"https:\\\/\\\/acuariosupremus.com\\\/wp-content\\\/uploads\\\/2022\\\/03\\\/FL3929_1_1.png\",\"contentUrl\":\"https:\\\/\\\/acuariosupremus.com\\\/wp-content\\\/uploads\\\/2022\\\/03\\\/FL3929_1_1.png\",\"width\":1000,\"height\":1000},{\"@type\":\"BreadcrumbList\",\"@id\":\"https:\\\/\\\/acuariosupremus.com\\\/?product=ms-tabletas-masticables-complete-derma-care-para-perros#breadcrumb\",\"itemListElement\":[{\"@type\":\"ListItem\",\"position\":1,\"name\":\"Portada\",\"item\":\"https:\\\/\\\/acuariosupremus.com\\\/\"},{\"@type\":\"ListItem\",\"position\":2,\"name\":\"Tienda\",\"item\":\"https:\\\/\\\/acuariosupremus.com\\\/tienda\\\/\"},{\"@type\":\"ListItem\",\"position\":3,\"name\":\"MS TABLETAS MASTICABLES COMPLETE DERMA CARE PARA PERROS\"}]},{\"@type\":\"WebSite\",\"@id\":\"https:\\\/\\\/acuariosupremus.com\\\/#website\",\"url\":\"https:\\\/\\\/acuariosupremus.com\\\/\",\"name\":\"Acuario Supremus\",\"description\":\"Peces, Peceras y Mascotas.\",\"publisher\":{\"@id\":\"https:\\\/\\\/acuariosupremus.com\\\/#organization\"},\"potentialAction\":[{\"@type\":\"SearchAction\",\"target\":{\"@type\":\"EntryPoint\",\"urlTemplate\":\"https:\\\/\\\/acuariosupremus.com\\\/?s={search_term_string}\"},\"query-input\":{\"@type\":\"PropertyValueSpecification\",\"valueRequired\":true,\"valueName\":\"search_term_string\"}}],\"inLanguage\":\"es\"},{\"@type\":\"Organization\",\"@id\":\"https:\\\/\\\/acuariosupremus.com\\\/#organization\",\"name\":\"Acuario Supremus\",\"url\":\"https:\\\/\\\/acuariosupremus.com\\\/\",\"logo\":{\"@type\":\"ImageObject\",\"inLanguage\":\"es\",\"@id\":\"https:\\\/\\\/acuariosupremus.com\\\/#\\\/schema\\\/logo\\\/image\\\/\",\"url\":\"https:\\\/\\\/acuariosupremus.com\\\/wp-content\\\/uploads\\\/2021\\\/12\\\/cropped-logo_acuario_supremus_fn-2.png\",\"contentUrl\":\"https:\\\/\\\/acuariosupremus.com\\\/wp-content\\\/uploads\\\/2021\\\/12\\\/cropped-logo_acuario_supremus_fn-2.png\",\"width\":1000,\"height\":318,\"caption\":\"Acuario Supremus\"},\"image\":{\"@id\":\"https:\\\/\\\/acuariosupremus.com\\\/#\\\/schema\\\/logo\\\/image\\\/\"},\"sameAs\":[\"https:\\\/\\\/www.facebook.com\\\/AcuarioSupremus\",\"https:\\\/\\\/x.com\\\/AcuarioSupremus\",\"https:\\\/\\\/www.instagram.com\\\/acuariosupremus\\\/?hl=es\"]}]}<\/script>\n<!-- \/ Yoast SEO plugin. -->","yoast_head_json":{"title":"MS TABLETAS MASTICABLES COMPLETE DERMA CARE PARA PERROS | Acuario Supremus","description":"Es un auxiliar en el mantenimiento de un pelaje sano y brillante. Participa en el proceso de regeneraci\u00f3n de la piel, previene y controla las reacciones inflamatorias.","robots":{"index":"index","follow":"follow","max-snippet":"max-snippet:-1","max-image-preview":"max-image-preview:large","max-video-preview":"max-video-preview:-1"},"canonical":"https:\/\/acuariosupremus.com\/?product=ms-tabletas-masticables-complete-derma-care-para-perros","og_locale":"es_MX","og_type":"article","og_title":"MS TABLETAS MASTICABLES COMPLETE DERMA CARE PARA PERROS | Acuario Supremus","og_description":"Es un auxiliar en el mantenimiento de un pelaje sano y brillante. Participa en el proceso de regeneraci\u00f3n de la piel, previene y controla las reacciones inflamatorias.","og_url":"https:\/\/acuariosupremus.com\/?product=ms-tabletas-masticables-complete-derma-care-para-perros","og_site_name":"Acuario Supremus","article_publisher":"https:\/\/www.facebook.com\/AcuarioSupremus","article_modified_time":"2026-02-12T04:20:40+00:00","og_image":[{"width":1000,"height":1000,"url":"https:\/\/acuariosupremus.com\/wp-content\/uploads\/2022\/03\/FL3929_1_1.png","type":"image\/png"}],"twitter_card":"summary_large_image","twitter_site":"@AcuarioSupremus","twitter_misc":{"Tiempo de lectura":"2 minutos"},"schema":{"@context":"https:\/\/schema.org","@graph":[{"@type":"WebPage","@id":"https:\/\/acuariosupremus.com\/?product=ms-tabletas-masticables-complete-derma-care-para-perros","url":"https:\/\/acuariosupremus.com\/?product=ms-tabletas-masticables-complete-derma-care-para-perros","name":"MS TABLETAS MASTICABLES COMPLETE DERMA CARE PARA PERROS | Acuario Supremus","isPartOf":{"@id":"https:\/\/acuariosupremus.com\/#website"},"primaryImageOfPage":{"@id":"https:\/\/acuariosupremus.com\/?product=ms-tabletas-masticables-complete-derma-care-para-perros#primaryimage"},"image":{"@id":"https:\/\/acuariosupremus.com\/?product=ms-tabletas-masticables-complete-derma-care-para-perros#primaryimage"},"thumbnailUrl":"https:\/\/acuariosupremus.com\/wp-content\/uploads\/2022\/03\/FL3929_1_1.png","datePublished":"2022-03-26T00:41:17+00:00","dateModified":"2026-02-12T04:20:40+00:00","description":"Es un auxiliar en el mantenimiento de un pelaje sano y brillante. Participa en el proceso de regeneraci\u00f3n de la piel, previene y controla las reacciones inflamatorias.","breadcrumb":{"@id":"https:\/\/acuariosupremus.com\/?product=ms-tabletas-masticables-complete-derma-care-para-perros#breadcrumb"},"inLanguage":"es","potentialAction":[{"@type":"ReadAction","target":["https:\/\/acuariosupremus.com\/?product=ms-tabletas-masticables-complete-derma-care-para-perros"]}]},{"@type":"ImageObject","inLanguage":"es","@id":"https:\/\/acuariosupremus.com\/?product=ms-tabletas-masticables-complete-derma-care-para-perros#primaryimage","url":"https:\/\/acuariosupremus.com\/wp-content\/uploads\/2022\/03\/FL3929_1_1.png","contentUrl":"https:\/\/acuariosupremus.com\/wp-content\/uploads\/2022\/03\/FL3929_1_1.png","width":1000,"height":1000},{"@type":"BreadcrumbList","@id":"https:\/\/acuariosupremus.com\/?product=ms-tabletas-masticables-complete-derma-care-para-perros#breadcrumb","itemListElement":[{"@type":"ListItem","position":1,"name":"Portada","item":"https:\/\/acuariosupremus.com\/"},{"@type":"ListItem","position":2,"name":"Tienda","item":"https:\/\/acuariosupremus.com\/tienda\/"},{"@type":"ListItem","position":3,"name":"MS TABLETAS MASTICABLES COMPLETE DERMA CARE PARA PERROS"}]},{"@type":"WebSite","@id":"https:\/\/acuariosupremus.com\/#website","url":"https:\/\/acuariosupremus.com\/","name":"Acuario Supremus","description":"Peces, Peceras y Mascotas.","publisher":{"@id":"https:\/\/acuariosupremus.com\/#organization"},"potentialAction":[{"@type":"SearchAction","target":{"@type":"EntryPoint","urlTemplate":"https:\/\/acuariosupremus.com\/?s={search_term_string}"},"query-input":{"@type":"PropertyValueSpecification","valueRequired":true,"valueName":"search_term_string"}}],"inLanguage":"es"},{"@type":"Organization","@id":"https:\/\/acuariosupremus.com\/#organization","name":"Acuario Supremus","url":"https:\/\/acuariosupremus.com\/","logo":{"@type":"ImageObject","inLanguage":"es","@id":"https:\/\/acuariosupremus.com\/#\/schema\/logo\/image\/","url":"https:\/\/acuariosupremus.com\/wp-content\/uploads\/2021\/12\/cropped-logo_acuario_supremus_fn-2.png","contentUrl":"https:\/\/acuariosupremus.com\/wp-content\/uploads\/2021\/12\/cropped-logo_acuario_supremus_fn-2.png","width":1000,"height":318,"caption":"Acuario Supremus"},"image":{"@id":"https:\/\/acuariosupremus.com\/#\/schema\/logo\/image\/"},"sameAs":["https:\/\/www.facebook.com\/AcuarioSupremus","https:\/\/x.com\/AcuarioSupremus","https:\/\/www.instagram.com\/acuariosupremus\/?hl=es"]}]}},"jetpack_sharing_enabled":true,"_links":{"self":[{"href":"https:\/\/acuariosupremus.com\/index.php?rest_route=\/wp\/v2\/product\/6380","targetHints":{"allow":["GET"]}}],"collection":[{"href":"https:\/\/acuariosupremus.com\/index.php?rest_route=\/wp\/v2\/product"}],"about":[{"href":"https:\/\/acuariosupremus.com\/index.php?rest_route=\/wp\/v2\/types\/product"}],"wp:featuredmedia":[{"embeddable":true,"href":"https:\/\/acuariosupremus.com\/index.php?rest_route=\/wp\/v2\/media\/13577"}],"wp:attachment":[{"href":"https:\/\/acuariosupremus.com\/index.php?rest_route=%2Fwp%2Fv2%2Fmedia&parent=6380"}],"wp:term":[{"taxonomy":"product_brand","embeddable":true,"href":"https:\/\/acuariosupremus.com\/index.php?rest_route=%2Fwp%2Fv2%2Fproduct_brand&post=6380"},{"taxonomy":"product_cat","embeddable":true,"href":"https:\/\/acuariosupremus.com\/index.php?rest_route=%2Fwp%2Fv2%2Fproduct_cat&post=6380"},{"taxonomy":"product_tag","embeddable":true,"href":"https:\/\/acuariosupremus.com\/index.php?rest_route=%2Fwp%2Fv2%2Fproduct_tag&post=6380"}],"curies":[{"name":"wp","href":"https:\/\/api.w.org\/{rel}","templated":true}]}}