{"id":6386,"date":"2022-03-25T19:00:07","date_gmt":"2022-03-26T01:00:07","guid":{"rendered":"https:\/\/acuariosupremus.com\/?post_type=product&#038;p=6386"},"modified":"2026-02-12T14:22:06","modified_gmt":"2026-02-12T20:22:06","slug":"ms-tabletas-masticables-complete-growth-para-perros","status":"publish","type":"product","link":"https:\/\/acuariosupremus.com\/?product=ms-tabletas-masticables-complete-growth-para-perros","title":{"rendered":"MS TABLETAS MASTICABLES COMPLETE GROWTH PARA PERROS"},"content":{"rendered":"<p>Instrucciones:<br \/>\nDosificaci\u00f3n y modo de empleo: Una tableta por cada 10 kg de peso corporal. Su exquisito sabor permite ofrecerla sola o<br \/>\nmezclada con el alimento.<br \/>\nRecomendaciones:<br \/>\nPrecauciones y advertencias: ADVERTENCIAS: MANT\u00c9NGASE FUERA DEL ALCANCE DE LOS NI\u00d1OS Y LAS MASCOTAS.<br \/>\nEste producto es un coadyuvante, no sustituye ning\u00fan tratamiento indicado por el M\u00e9dico Veterinario. Contiene un desecante NO INGERIBLE, cons\u00e9rvese dentro del envase. Mantenga el frasco cerrado en un lugar fresco, protegido de la luz.<br \/>\nCONSULTE AL M\u00c9DICO VETERINARIO<br \/>\nIngredientes:<br \/>\nF\u00f3rmula: Cada tableta de 1.5 g contiene m\u00ednimo: Calcio 500 mg, f\u00f3sforo 400 mg, Vit. B1 0.9 mg, Vit. B6 0.8 mg, Vit. C 10 mg,<br \/>\nVit. D3 500 UI, Omega 3 100 mg, Omega 6 200 mg, excipiente c.b.p 100%.<br \/>\nContenido:<br \/>\n60 TABLETAS<\/p>\n","protected":false},"excerpt":{"rendered":"<p>Caracter\u00edsticas:<br \/>\nFancy Pets\u00ae Medical Solutions Tabletas Masticables Complete Growth es un suplemento formulado para cubrir las<br \/>\ndeficiencias de minerales, vitaminas y \u00e1cidos grasos esenciales en la dieta de perros en cualquier etapa de su vida. Es ideal para aquellas fases en donde la demanda de calcio y f\u00f3sforo son mayores: perros en crecimiento, hembras gestantes y en periodo de lactancia, as\u00ed como auxiliar en el tratamiento de fracturas.<\/p>\n","protected":false},"featured_media":6388,"template":"","meta":[],"product_brand":[108],"product_cat":[73,83],"product_tag":[495],"class_list":{"0":"post-6386","1":"product","2":"type-product","3":"status-publish","4":"has-post-thumbnail","6":"product_brand-medicalsolutions","7":"product_cat-perros","8":"product_cat-salud-perros","9":"product_tag-multivitaminico-perros","11":"first","12":"instock","13":"sale","14":"shipping-taxable","15":"purchasable","16":"product-type-simple"},"yoast_head":"<!-- This site is optimized with the Yoast SEO plugin v27.4 - https:\/\/yoast.com\/product\/yoast-seo-wordpress\/ -->\n<title>MS TABLETAS MASTICABLES COMPLETE GROWTH PARA PERROS | Acuario Supremus<\/title>\n<meta name=\"description\" content=\"Es un suplemento formulado para cubrir las deficiencias de minerales, vitaminas y \u00e1cidos grasos en la dieta de perros en cualquier etapa de su vida.\" \/>\n<meta name=\"robots\" content=\"index, follow, max-snippet:-1, max-image-preview:large, max-video-preview:-1\" \/>\n<link rel=\"canonical\" href=\"https:\/\/acuariosupremus.com\/?product=ms-tabletas-masticables-complete-growth-para-perros\" \/>\n<meta property=\"og:locale\" content=\"es_MX\" \/>\n<meta property=\"og:type\" content=\"article\" \/>\n<meta property=\"og:title\" content=\"MS TABLETAS MASTICABLES COMPLETE GROWTH PARA PERROS | Acuario Supremus\" \/>\n<meta property=\"og:description\" content=\"Es un suplemento formulado para cubrir las deficiencias de minerales, vitaminas y \u00e1cidos grasos en la dieta de perros en cualquier etapa de su vida.\" \/>\n<meta property=\"og:url\" content=\"https:\/\/acuariosupremus.com\/?product=ms-tabletas-masticables-complete-growth-para-perros\" \/>\n<meta property=\"og:site_name\" content=\"Acuario Supremus\" \/>\n<meta property=\"article:publisher\" content=\"https:\/\/www.facebook.com\/AcuarioSupremus\" \/>\n<meta property=\"article:modified_time\" content=\"2026-02-12T20:22:06+00:00\" \/>\n<meta property=\"og:image\" content=\"https:\/\/acuariosupremus.com\/wp-content\/uploads\/2022\/03\/FL3937.jpg\" \/>\n\t<meta property=\"og:image:width\" content=\"1000\" \/>\n\t<meta property=\"og:image:height\" content=\"1000\" \/>\n\t<meta property=\"og:image:type\" content=\"image\/jpeg\" \/>\n<meta name=\"twitter:card\" content=\"summary_large_image\" \/>\n<meta name=\"twitter:site\" content=\"@AcuarioSupremus\" \/>\n<meta name=\"twitter:label1\" content=\"Tiempo de lectura\" \/>\n\t<meta name=\"twitter:data1\" content=\"1 minuto\" \/>\n<script type=\"application\/ld+json\" class=\"yoast-schema-graph\">{\"@context\":\"https:\\\/\\\/schema.org\",\"@graph\":[{\"@type\":\"WebPage\",\"@id\":\"https:\\\/\\\/acuariosupremus.com\\\/?product=ms-tabletas-masticables-complete-growth-para-perros\",\"url\":\"https:\\\/\\\/acuariosupremus.com\\\/?product=ms-tabletas-masticables-complete-growth-para-perros\",\"name\":\"MS TABLETAS MASTICABLES COMPLETE GROWTH PARA PERROS | Acuario Supremus\",\"isPartOf\":{\"@id\":\"https:\\\/\\\/acuariosupremus.com\\\/#website\"},\"primaryImageOfPage\":{\"@id\":\"https:\\\/\\\/acuariosupremus.com\\\/?product=ms-tabletas-masticables-complete-growth-para-perros#primaryimage\"},\"image\":{\"@id\":\"https:\\\/\\\/acuariosupremus.com\\\/?product=ms-tabletas-masticables-complete-growth-para-perros#primaryimage\"},\"thumbnailUrl\":\"https:\\\/\\\/acuariosupremus.com\\\/wp-content\\\/uploads\\\/2022\\\/03\\\/FL3937.jpg\",\"datePublished\":\"2022-03-26T01:00:07+00:00\",\"dateModified\":\"2026-02-12T20:22:06+00:00\",\"description\":\"Es un suplemento formulado para cubrir las deficiencias de minerales, vitaminas y \u00e1cidos grasos en la dieta de perros en cualquier etapa de su vida.\",\"breadcrumb\":{\"@id\":\"https:\\\/\\\/acuariosupremus.com\\\/?product=ms-tabletas-masticables-complete-growth-para-perros#breadcrumb\"},\"inLanguage\":\"es\",\"potentialAction\":[{\"@type\":\"ReadAction\",\"target\":[\"https:\\\/\\\/acuariosupremus.com\\\/?product=ms-tabletas-masticables-complete-growth-para-perros\"]}]},{\"@type\":\"ImageObject\",\"inLanguage\":\"es\",\"@id\":\"https:\\\/\\\/acuariosupremus.com\\\/?product=ms-tabletas-masticables-complete-growth-para-perros#primaryimage\",\"url\":\"https:\\\/\\\/acuariosupremus.com\\\/wp-content\\\/uploads\\\/2022\\\/03\\\/FL3937.jpg\",\"contentUrl\":\"https:\\\/\\\/acuariosupremus.com\\\/wp-content\\\/uploads\\\/2022\\\/03\\\/FL3937.jpg\",\"width\":1000,\"height\":1000},{\"@type\":\"BreadcrumbList\",\"@id\":\"https:\\\/\\\/acuariosupremus.com\\\/?product=ms-tabletas-masticables-complete-growth-para-perros#breadcrumb\",\"itemListElement\":[{\"@type\":\"ListItem\",\"position\":1,\"name\":\"Portada\",\"item\":\"https:\\\/\\\/acuariosupremus.com\\\/\"},{\"@type\":\"ListItem\",\"position\":2,\"name\":\"Tienda\",\"item\":\"https:\\\/\\\/acuariosupremus.com\\\/tienda\\\/\"},{\"@type\":\"ListItem\",\"position\":3,\"name\":\"MS TABLETAS MASTICABLES COMPLETE GROWTH PARA PERROS\"}]},{\"@type\":\"WebSite\",\"@id\":\"https:\\\/\\\/acuariosupremus.com\\\/#website\",\"url\":\"https:\\\/\\\/acuariosupremus.com\\\/\",\"name\":\"Acuario Supremus\",\"description\":\"Peces, Peceras y Mascotas.\",\"publisher\":{\"@id\":\"https:\\\/\\\/acuariosupremus.com\\\/#organization\"},\"potentialAction\":[{\"@type\":\"SearchAction\",\"target\":{\"@type\":\"EntryPoint\",\"urlTemplate\":\"https:\\\/\\\/acuariosupremus.com\\\/?s={search_term_string}\"},\"query-input\":{\"@type\":\"PropertyValueSpecification\",\"valueRequired\":true,\"valueName\":\"search_term_string\"}}],\"inLanguage\":\"es\"},{\"@type\":\"Organization\",\"@id\":\"https:\\\/\\\/acuariosupremus.com\\\/#organization\",\"name\":\"Acuario Supremus\",\"url\":\"https:\\\/\\\/acuariosupremus.com\\\/\",\"logo\":{\"@type\":\"ImageObject\",\"inLanguage\":\"es\",\"@id\":\"https:\\\/\\\/acuariosupremus.com\\\/#\\\/schema\\\/logo\\\/image\\\/\",\"url\":\"https:\\\/\\\/acuariosupremus.com\\\/wp-content\\\/uploads\\\/2021\\\/12\\\/cropped-logo_acuario_supremus_fn-2.png\",\"contentUrl\":\"https:\\\/\\\/acuariosupremus.com\\\/wp-content\\\/uploads\\\/2021\\\/12\\\/cropped-logo_acuario_supremus_fn-2.png\",\"width\":1000,\"height\":318,\"caption\":\"Acuario Supremus\"},\"image\":{\"@id\":\"https:\\\/\\\/acuariosupremus.com\\\/#\\\/schema\\\/logo\\\/image\\\/\"},\"sameAs\":[\"https:\\\/\\\/www.facebook.com\\\/AcuarioSupremus\",\"https:\\\/\\\/x.com\\\/AcuarioSupremus\",\"https:\\\/\\\/www.instagram.com\\\/acuariosupremus\\\/?hl=es\"]}]}<\/script>\n<!-- \/ Yoast SEO plugin. -->","yoast_head_json":{"title":"MS TABLETAS MASTICABLES COMPLETE GROWTH PARA PERROS | Acuario Supremus","description":"Es un suplemento formulado para cubrir las deficiencias de minerales, vitaminas y \u00e1cidos grasos en la dieta de perros en cualquier etapa de su vida.","robots":{"index":"index","follow":"follow","max-snippet":"max-snippet:-1","max-image-preview":"max-image-preview:large","max-video-preview":"max-video-preview:-1"},"canonical":"https:\/\/acuariosupremus.com\/?product=ms-tabletas-masticables-complete-growth-para-perros","og_locale":"es_MX","og_type":"article","og_title":"MS TABLETAS MASTICABLES COMPLETE GROWTH PARA PERROS | Acuario Supremus","og_description":"Es un suplemento formulado para cubrir las deficiencias de minerales, vitaminas y \u00e1cidos grasos en la dieta de perros en cualquier etapa de su vida.","og_url":"https:\/\/acuariosupremus.com\/?product=ms-tabletas-masticables-complete-growth-para-perros","og_site_name":"Acuario Supremus","article_publisher":"https:\/\/www.facebook.com\/AcuarioSupremus","article_modified_time":"2026-02-12T20:22:06+00:00","og_image":[{"width":1000,"height":1000,"url":"https:\/\/acuariosupremus.com\/wp-content\/uploads\/2022\/03\/FL3937.jpg","type":"image\/jpeg"}],"twitter_card":"summary_large_image","twitter_site":"@AcuarioSupremus","twitter_misc":{"Tiempo de lectura":"1 minuto"},"schema":{"@context":"https:\/\/schema.org","@graph":[{"@type":"WebPage","@id":"https:\/\/acuariosupremus.com\/?product=ms-tabletas-masticables-complete-growth-para-perros","url":"https:\/\/acuariosupremus.com\/?product=ms-tabletas-masticables-complete-growth-para-perros","name":"MS TABLETAS MASTICABLES COMPLETE GROWTH PARA PERROS | Acuario Supremus","isPartOf":{"@id":"https:\/\/acuariosupremus.com\/#website"},"primaryImageOfPage":{"@id":"https:\/\/acuariosupremus.com\/?product=ms-tabletas-masticables-complete-growth-para-perros#primaryimage"},"image":{"@id":"https:\/\/acuariosupremus.com\/?product=ms-tabletas-masticables-complete-growth-para-perros#primaryimage"},"thumbnailUrl":"https:\/\/acuariosupremus.com\/wp-content\/uploads\/2022\/03\/FL3937.jpg","datePublished":"2022-03-26T01:00:07+00:00","dateModified":"2026-02-12T20:22:06+00:00","description":"Es un suplemento formulado para cubrir las deficiencias de minerales, vitaminas y \u00e1cidos grasos en la dieta de perros en cualquier etapa de su vida.","breadcrumb":{"@id":"https:\/\/acuariosupremus.com\/?product=ms-tabletas-masticables-complete-growth-para-perros#breadcrumb"},"inLanguage":"es","potentialAction":[{"@type":"ReadAction","target":["https:\/\/acuariosupremus.com\/?product=ms-tabletas-masticables-complete-growth-para-perros"]}]},{"@type":"ImageObject","inLanguage":"es","@id":"https:\/\/acuariosupremus.com\/?product=ms-tabletas-masticables-complete-growth-para-perros#primaryimage","url":"https:\/\/acuariosupremus.com\/wp-content\/uploads\/2022\/03\/FL3937.jpg","contentUrl":"https:\/\/acuariosupremus.com\/wp-content\/uploads\/2022\/03\/FL3937.jpg","width":1000,"height":1000},{"@type":"BreadcrumbList","@id":"https:\/\/acuariosupremus.com\/?product=ms-tabletas-masticables-complete-growth-para-perros#breadcrumb","itemListElement":[{"@type":"ListItem","position":1,"name":"Portada","item":"https:\/\/acuariosupremus.com\/"},{"@type":"ListItem","position":2,"name":"Tienda","item":"https:\/\/acuariosupremus.com\/tienda\/"},{"@type":"ListItem","position":3,"name":"MS TABLETAS MASTICABLES COMPLETE GROWTH PARA PERROS"}]},{"@type":"WebSite","@id":"https:\/\/acuariosupremus.com\/#website","url":"https:\/\/acuariosupremus.com\/","name":"Acuario Supremus","description":"Peces, Peceras y Mascotas.","publisher":{"@id":"https:\/\/acuariosupremus.com\/#organization"},"potentialAction":[{"@type":"SearchAction","target":{"@type":"EntryPoint","urlTemplate":"https:\/\/acuariosupremus.com\/?s={search_term_string}"},"query-input":{"@type":"PropertyValueSpecification","valueRequired":true,"valueName":"search_term_string"}}],"inLanguage":"es"},{"@type":"Organization","@id":"https:\/\/acuariosupremus.com\/#organization","name":"Acuario Supremus","url":"https:\/\/acuariosupremus.com\/","logo":{"@type":"ImageObject","inLanguage":"es","@id":"https:\/\/acuariosupremus.com\/#\/schema\/logo\/image\/","url":"https:\/\/acuariosupremus.com\/wp-content\/uploads\/2021\/12\/cropped-logo_acuario_supremus_fn-2.png","contentUrl":"https:\/\/acuariosupremus.com\/wp-content\/uploads\/2021\/12\/cropped-logo_acuario_supremus_fn-2.png","width":1000,"height":318,"caption":"Acuario Supremus"},"image":{"@id":"https:\/\/acuariosupremus.com\/#\/schema\/logo\/image\/"},"sameAs":["https:\/\/www.facebook.com\/AcuarioSupremus","https:\/\/x.com\/AcuarioSupremus","https:\/\/www.instagram.com\/acuariosupremus\/?hl=es"]}]}},"jetpack_sharing_enabled":true,"_links":{"self":[{"href":"https:\/\/acuariosupremus.com\/index.php?rest_route=\/wp\/v2\/product\/6386","targetHints":{"allow":["GET"]}}],"collection":[{"href":"https:\/\/acuariosupremus.com\/index.php?rest_route=\/wp\/v2\/product"}],"about":[{"href":"https:\/\/acuariosupremus.com\/index.php?rest_route=\/wp\/v2\/types\/product"}],"wp:featuredmedia":[{"embeddable":true,"href":"https:\/\/acuariosupremus.com\/index.php?rest_route=\/wp\/v2\/media\/6388"}],"wp:attachment":[{"href":"https:\/\/acuariosupremus.com\/index.php?rest_route=%2Fwp%2Fv2%2Fmedia&parent=6386"}],"wp:term":[{"taxonomy":"product_brand","embeddable":true,"href":"https:\/\/acuariosupremus.com\/index.php?rest_route=%2Fwp%2Fv2%2Fproduct_brand&post=6386"},{"taxonomy":"product_cat","embeddable":true,"href":"https:\/\/acuariosupremus.com\/index.php?rest_route=%2Fwp%2Fv2%2Fproduct_cat&post=6386"},{"taxonomy":"product_tag","embeddable":true,"href":"https:\/\/acuariosupremus.com\/index.php?rest_route=%2Fwp%2Fv2%2Fproduct_tag&post=6386"}],"curies":[{"name":"wp","href":"https:\/\/api.w.org\/{rel}","templated":true}]}}