{"id":6392,"date":"2022-03-25T19:10:31","date_gmt":"2022-03-26T01:10:31","guid":{"rendered":"https:\/\/acuariosupremus.com\/?post_type=product&#038;p=6392"},"modified":"2026-02-12T14:24:23","modified_gmt":"2026-02-12T20:24:23","slug":"pill-coat-pasta-saborizada-para-mascotas-60g","status":"publish","type":"product","link":"https:\/\/acuariosupremus.com\/?product=pill-coat-pasta-saborizada-para-mascotas-60g","title":{"rendered":"PILL COAT PASTA SABORIZADA PARA MASCOTAS 60G"},"content":{"rendered":"<p>Instrucciones:<br \/>\nV\u00eda de administraci\u00f3n, dosificaci\u00f3n y modo de empleo: Oral. Tome una peque\u00f1a cantidad de la pasta, la necesaria para cubrir la tableta, exti\u00e9ndala sobre la palma de su mano y ponga la tableta en el centro, c\u00fabrala con la pasta y mold\u00e9ela para formar una peque\u00f1a bolita, posteriormente ofrezca a su mascota. Por su delicioso sabor, ayudar\u00e1 a que su mascota ingiera el medicamento con facilidad.<br \/>\nRecomendaciones:<br \/>\nPrecauciones y advertencias: MANT\u00c9NGASE FUERA DEL ALCANCE DE LOS NI\u00d1OS Y MASCOTAS. Este producto no es un<br \/>\nmedicamento ni un premio, no sustituye ning\u00fan tratamiento indicado por el m\u00e9dico veterinario. Evite administrar tabletas<br \/>\ngrandes en una sola toma, div\u00eddala en pedazos m\u00e1s peque\u00f1os y proporcione cada pedazo de uno en uno; as\u00ed evitar\u00e1 riesgos<br \/>\nde asfixia. Conserve el producto en un lugar fresco (20-25oC), protegido de la luz. Una vez abierto, mantenga bien cerrado el<br \/>\nenvase.<br \/>\nIngredientes:<br \/>\nHarina de trigo, harina de arroz pregelatinizada, almid\u00f3n de ma\u00edz hidrolizado, s\u00f3lidos de mantequilla, glicerina, manteca<br \/>\nvegetal, lecitina de soya, saborizante artificial tocino, cloruro de sodio, color caramelo natural, color rojo natural, goma<br \/>\nestabilizante, monoestearato de sorbitan, propionato de calcio, mezcla de tocoferoles y extracto de romero, BHT, BHA,<br \/>\nnatamicina, veh\u00edculo c.b.p. 100%.<\/p>\n","protected":false},"excerpt":{"rendered":"<p>Caracter\u00edsticas:<br \/>\nPasta saborizada para tabletas (60 g) Pill Coat de Medical Solutions es una pasta que tiene un delicioso sabor lo que la hace ideal para la f\u00e1cil administraci\u00f3n de medicamentos v\u00eda oral para perros. Se adhiere perfectamente a la tableta o c\u00e1psula sin ensuciar los dedos. An\u00e1lisis garantizado: Prote\u00edna cruda M\u00edn. 5% Fibra cruda M\u00edn. 10% Grasa M\u00edn. 15% Humedad M\u00e1x.25%\u00a0\u00a0\u00a0\u00a0\u00a0\u00a0\u00a0\u00a0\u00a0\u00a0\u00a0\u00a0\u00a0\u00a0\u00a0\u00a0\u00a0\u00a0\u00a0\u00a0\u00a0\u00a0\u00a0\u00a0\u00a0\u00a0\u00a0\u00a0\u00a0\u00a0\u00a0\u00a0\u00a0\u00a0\u00a0\u00a0\u00a0\u00a0\u00a0\u00a0\u00a0\u00a0\u00a0\u00a0\u00a0\u00a0\u00a0\u00a0\u00a0\u00a0\u00a0\u00a0\u00a0\u00a0\u00a0\u00a0\u00a0\u00a0\u00a0\u00a0\u00a0\u00a0\u00a0\u00a0\u00a0\u00a0\u00a0\u00a0\u00a0\u00a0\u00a0\u00a0\u00a0\u00a0\u00a0\u00a0\u00a0\u00a0\u00a0\u00a0\u00a0\u00a0\u00a0\u00a0\u00a0\u00a0\u00a0\u00a0\u00a0\u00a0\u00a0\u00a0\u00a0\u00a0\u00a0\u00a0\u00a0\u00a0\u00a0\u00a0\u00a0\u00a0\u00a0\u00a0\u00a0\u00a0\u00a0\u00a0\u00a0\u00a0\u00a0\u00a0\u00a0\u00a0\u00a0\u00a0\u00a0\u00a0\u00a0\u00a0\u00a0\u00a0\u00a0\u00a0\u00a0\u00a0\u00a0\u00a0\u00a0\u00a0\u00a0\u00a0\u00a0\u00a0\u00a0\u00a0\u00a0\u00a0\u00a0\u00a0\u00a0\u00a0\u00a0\u00a0\u00a0\u00a0\u00a0\u00a0\u00a0\u00a0\u00a0\u00a0\u00a0\u00a0\u00a0\u00a0\u00a0\u00a0\u00a0\u00a0\u00a0\u00a0\u00a0\u00a0\u00a0\u00a0\u00a0\u00a0\u00a0\u00a0\u00a0\u00a0\u00a0\u00a0\u00a0\u00a0\u00a0 Autorizaci\u00f3n: A-7290-082<\/p>\n","protected":false},"featured_media":13590,"template":"","meta":[],"product_brand":[108],"product_cat":[73,83],"product_tag":[511],"class_list":{"0":"post-6392","1":"product","2":"type-product","3":"status-publish","4":"has-post-thumbnail","6":"product_brand-medicalsolutions","7":"product_cat-perros","8":"product_cat-salud-perros","9":"product_tag-pasta-saborizada-para-administrar-pastillas","11":"first","12":"instock","13":"sale","14":"shipping-taxable","15":"purchasable","16":"product-type-simple"},"yoast_head":"<!-- This site is optimized with the Yoast SEO plugin v27.4 - https:\/\/yoast.com\/product\/yoast-seo-wordpress\/ -->\n<title>PILL COAT PASTA SABORIZADA PARA MASCOTAS 60G | Acuario Supremus<\/title>\n<meta name=\"description\" content=\"Es una pasta que tiene un delicioso sabor lo que la hace ideal para la f\u00e1cil administraci\u00f3n de medicamentos v\u00eda oral para perros.\" \/>\n<meta name=\"robots\" content=\"index, follow, max-snippet:-1, max-image-preview:large, max-video-preview:-1\" \/>\n<link rel=\"canonical\" href=\"https:\/\/acuariosupremus.com\/?product=pill-coat-pasta-saborizada-para-mascotas-60g\" \/>\n<meta property=\"og:locale\" content=\"es_MX\" \/>\n<meta property=\"og:type\" content=\"article\" \/>\n<meta property=\"og:title\" content=\"PILL COAT PASTA SABORIZADA PARA MASCOTAS 60G | Acuario Supremus\" \/>\n<meta property=\"og:description\" content=\"Es una pasta que tiene un delicioso sabor lo que la hace ideal para la f\u00e1cil administraci\u00f3n de medicamentos v\u00eda oral para perros.\" \/>\n<meta property=\"og:url\" content=\"https:\/\/acuariosupremus.com\/?product=pill-coat-pasta-saborizada-para-mascotas-60g\" \/>\n<meta property=\"og:site_name\" content=\"Acuario Supremus\" \/>\n<meta property=\"article:publisher\" content=\"https:\/\/www.facebook.com\/AcuarioSupremus\" \/>\n<meta property=\"article:modified_time\" content=\"2026-02-12T20:24:23+00:00\" \/>\n<meta property=\"og:image\" content=\"https:\/\/acuariosupremus.com\/wp-content\/uploads\/2022\/03\/FL3939_3.png\" \/>\n\t<meta property=\"og:image:width\" content=\"1000\" \/>\n\t<meta property=\"og:image:height\" content=\"1000\" \/>\n\t<meta property=\"og:image:type\" content=\"image\/png\" \/>\n<meta name=\"twitter:card\" content=\"summary_large_image\" \/>\n<meta name=\"twitter:site\" content=\"@AcuarioSupremus\" \/>\n<meta name=\"twitter:label1\" content=\"Tiempo de lectura\" \/>\n\t<meta name=\"twitter:data1\" content=\"2 minutos\" \/>\n<script type=\"application\/ld+json\" class=\"yoast-schema-graph\">{\"@context\":\"https:\\\/\\\/schema.org\",\"@graph\":[{\"@type\":\"WebPage\",\"@id\":\"https:\\\/\\\/acuariosupremus.com\\\/?product=pill-coat-pasta-saborizada-para-mascotas-60g\",\"url\":\"https:\\\/\\\/acuariosupremus.com\\\/?product=pill-coat-pasta-saborizada-para-mascotas-60g\",\"name\":\"PILL COAT PASTA SABORIZADA PARA MASCOTAS 60G | Acuario Supremus\",\"isPartOf\":{\"@id\":\"https:\\\/\\\/acuariosupremus.com\\\/#website\"},\"primaryImageOfPage\":{\"@id\":\"https:\\\/\\\/acuariosupremus.com\\\/?product=pill-coat-pasta-saborizada-para-mascotas-60g#primaryimage\"},\"image\":{\"@id\":\"https:\\\/\\\/acuariosupremus.com\\\/?product=pill-coat-pasta-saborizada-para-mascotas-60g#primaryimage\"},\"thumbnailUrl\":\"https:\\\/\\\/acuariosupremus.com\\\/wp-content\\\/uploads\\\/2022\\\/03\\\/FL3939_3.png\",\"datePublished\":\"2022-03-26T01:10:31+00:00\",\"dateModified\":\"2026-02-12T20:24:23+00:00\",\"description\":\"Es una pasta que tiene un delicioso sabor lo que la hace ideal para la f\u00e1cil administraci\u00f3n de medicamentos v\u00eda oral para perros.\",\"breadcrumb\":{\"@id\":\"https:\\\/\\\/acuariosupremus.com\\\/?product=pill-coat-pasta-saborizada-para-mascotas-60g#breadcrumb\"},\"inLanguage\":\"es\",\"potentialAction\":[{\"@type\":\"ReadAction\",\"target\":[\"https:\\\/\\\/acuariosupremus.com\\\/?product=pill-coat-pasta-saborizada-para-mascotas-60g\"]}]},{\"@type\":\"ImageObject\",\"inLanguage\":\"es\",\"@id\":\"https:\\\/\\\/acuariosupremus.com\\\/?product=pill-coat-pasta-saborizada-para-mascotas-60g#primaryimage\",\"url\":\"https:\\\/\\\/acuariosupremus.com\\\/wp-content\\\/uploads\\\/2022\\\/03\\\/FL3939_3.png\",\"contentUrl\":\"https:\\\/\\\/acuariosupremus.com\\\/wp-content\\\/uploads\\\/2022\\\/03\\\/FL3939_3.png\",\"width\":1000,\"height\":1000},{\"@type\":\"BreadcrumbList\",\"@id\":\"https:\\\/\\\/acuariosupremus.com\\\/?product=pill-coat-pasta-saborizada-para-mascotas-60g#breadcrumb\",\"itemListElement\":[{\"@type\":\"ListItem\",\"position\":1,\"name\":\"Portada\",\"item\":\"https:\\\/\\\/acuariosupremus.com\\\/\"},{\"@type\":\"ListItem\",\"position\":2,\"name\":\"Tienda\",\"item\":\"https:\\\/\\\/acuariosupremus.com\\\/tienda\\\/\"},{\"@type\":\"ListItem\",\"position\":3,\"name\":\"PILL COAT PASTA SABORIZADA PARA MASCOTAS 60G\"}]},{\"@type\":\"WebSite\",\"@id\":\"https:\\\/\\\/acuariosupremus.com\\\/#website\",\"url\":\"https:\\\/\\\/acuariosupremus.com\\\/\",\"name\":\"Acuario Supremus\",\"description\":\"Peces, Peceras y Mascotas.\",\"publisher\":{\"@id\":\"https:\\\/\\\/acuariosupremus.com\\\/#organization\"},\"potentialAction\":[{\"@type\":\"SearchAction\",\"target\":{\"@type\":\"EntryPoint\",\"urlTemplate\":\"https:\\\/\\\/acuariosupremus.com\\\/?s={search_term_string}\"},\"query-input\":{\"@type\":\"PropertyValueSpecification\",\"valueRequired\":true,\"valueName\":\"search_term_string\"}}],\"inLanguage\":\"es\"},{\"@type\":\"Organization\",\"@id\":\"https:\\\/\\\/acuariosupremus.com\\\/#organization\",\"name\":\"Acuario Supremus\",\"url\":\"https:\\\/\\\/acuariosupremus.com\\\/\",\"logo\":{\"@type\":\"ImageObject\",\"inLanguage\":\"es\",\"@id\":\"https:\\\/\\\/acuariosupremus.com\\\/#\\\/schema\\\/logo\\\/image\\\/\",\"url\":\"https:\\\/\\\/acuariosupremus.com\\\/wp-content\\\/uploads\\\/2021\\\/12\\\/cropped-logo_acuario_supremus_fn-2.png\",\"contentUrl\":\"https:\\\/\\\/acuariosupremus.com\\\/wp-content\\\/uploads\\\/2021\\\/12\\\/cropped-logo_acuario_supremus_fn-2.png\",\"width\":1000,\"height\":318,\"caption\":\"Acuario Supremus\"},\"image\":{\"@id\":\"https:\\\/\\\/acuariosupremus.com\\\/#\\\/schema\\\/logo\\\/image\\\/\"},\"sameAs\":[\"https:\\\/\\\/www.facebook.com\\\/AcuarioSupremus\",\"https:\\\/\\\/x.com\\\/AcuarioSupremus\",\"https:\\\/\\\/www.instagram.com\\\/acuariosupremus\\\/?hl=es\"]}]}<\/script>\n<!-- \/ Yoast SEO plugin. -->","yoast_head_json":{"title":"PILL COAT PASTA SABORIZADA PARA MASCOTAS 60G | Acuario Supremus","description":"Es una pasta que tiene un delicioso sabor lo que la hace ideal para la f\u00e1cil administraci\u00f3n de medicamentos v\u00eda oral para perros.","robots":{"index":"index","follow":"follow","max-snippet":"max-snippet:-1","max-image-preview":"max-image-preview:large","max-video-preview":"max-video-preview:-1"},"canonical":"https:\/\/acuariosupremus.com\/?product=pill-coat-pasta-saborizada-para-mascotas-60g","og_locale":"es_MX","og_type":"article","og_title":"PILL COAT PASTA SABORIZADA PARA MASCOTAS 60G | Acuario Supremus","og_description":"Es una pasta que tiene un delicioso sabor lo que la hace ideal para la f\u00e1cil administraci\u00f3n de medicamentos v\u00eda oral para perros.","og_url":"https:\/\/acuariosupremus.com\/?product=pill-coat-pasta-saborizada-para-mascotas-60g","og_site_name":"Acuario Supremus","article_publisher":"https:\/\/www.facebook.com\/AcuarioSupremus","article_modified_time":"2026-02-12T20:24:23+00:00","og_image":[{"width":1000,"height":1000,"url":"https:\/\/acuariosupremus.com\/wp-content\/uploads\/2022\/03\/FL3939_3.png","type":"image\/png"}],"twitter_card":"summary_large_image","twitter_site":"@AcuarioSupremus","twitter_misc":{"Tiempo de lectura":"2 minutos"},"schema":{"@context":"https:\/\/schema.org","@graph":[{"@type":"WebPage","@id":"https:\/\/acuariosupremus.com\/?product=pill-coat-pasta-saborizada-para-mascotas-60g","url":"https:\/\/acuariosupremus.com\/?product=pill-coat-pasta-saborizada-para-mascotas-60g","name":"PILL COAT PASTA SABORIZADA PARA MASCOTAS 60G | Acuario Supremus","isPartOf":{"@id":"https:\/\/acuariosupremus.com\/#website"},"primaryImageOfPage":{"@id":"https:\/\/acuariosupremus.com\/?product=pill-coat-pasta-saborizada-para-mascotas-60g#primaryimage"},"image":{"@id":"https:\/\/acuariosupremus.com\/?product=pill-coat-pasta-saborizada-para-mascotas-60g#primaryimage"},"thumbnailUrl":"https:\/\/acuariosupremus.com\/wp-content\/uploads\/2022\/03\/FL3939_3.png","datePublished":"2022-03-26T01:10:31+00:00","dateModified":"2026-02-12T20:24:23+00:00","description":"Es una pasta que tiene un delicioso sabor lo que la hace ideal para la f\u00e1cil administraci\u00f3n de medicamentos v\u00eda oral para perros.","breadcrumb":{"@id":"https:\/\/acuariosupremus.com\/?product=pill-coat-pasta-saborizada-para-mascotas-60g#breadcrumb"},"inLanguage":"es","potentialAction":[{"@type":"ReadAction","target":["https:\/\/acuariosupremus.com\/?product=pill-coat-pasta-saborizada-para-mascotas-60g"]}]},{"@type":"ImageObject","inLanguage":"es","@id":"https:\/\/acuariosupremus.com\/?product=pill-coat-pasta-saborizada-para-mascotas-60g#primaryimage","url":"https:\/\/acuariosupremus.com\/wp-content\/uploads\/2022\/03\/FL3939_3.png","contentUrl":"https:\/\/acuariosupremus.com\/wp-content\/uploads\/2022\/03\/FL3939_3.png","width":1000,"height":1000},{"@type":"BreadcrumbList","@id":"https:\/\/acuariosupremus.com\/?product=pill-coat-pasta-saborizada-para-mascotas-60g#breadcrumb","itemListElement":[{"@type":"ListItem","position":1,"name":"Portada","item":"https:\/\/acuariosupremus.com\/"},{"@type":"ListItem","position":2,"name":"Tienda","item":"https:\/\/acuariosupremus.com\/tienda\/"},{"@type":"ListItem","position":3,"name":"PILL COAT PASTA SABORIZADA PARA MASCOTAS 60G"}]},{"@type":"WebSite","@id":"https:\/\/acuariosupremus.com\/#website","url":"https:\/\/acuariosupremus.com\/","name":"Acuario Supremus","description":"Peces, Peceras y Mascotas.","publisher":{"@id":"https:\/\/acuariosupremus.com\/#organization"},"potentialAction":[{"@type":"SearchAction","target":{"@type":"EntryPoint","urlTemplate":"https:\/\/acuariosupremus.com\/?s={search_term_string}"},"query-input":{"@type":"PropertyValueSpecification","valueRequired":true,"valueName":"search_term_string"}}],"inLanguage":"es"},{"@type":"Organization","@id":"https:\/\/acuariosupremus.com\/#organization","name":"Acuario Supremus","url":"https:\/\/acuariosupremus.com\/","logo":{"@type":"ImageObject","inLanguage":"es","@id":"https:\/\/acuariosupremus.com\/#\/schema\/logo\/image\/","url":"https:\/\/acuariosupremus.com\/wp-content\/uploads\/2021\/12\/cropped-logo_acuario_supremus_fn-2.png","contentUrl":"https:\/\/acuariosupremus.com\/wp-content\/uploads\/2021\/12\/cropped-logo_acuario_supremus_fn-2.png","width":1000,"height":318,"caption":"Acuario Supremus"},"image":{"@id":"https:\/\/acuariosupremus.com\/#\/schema\/logo\/image\/"},"sameAs":["https:\/\/www.facebook.com\/AcuarioSupremus","https:\/\/x.com\/AcuarioSupremus","https:\/\/www.instagram.com\/acuariosupremus\/?hl=es"]}]}},"jetpack_sharing_enabled":true,"_links":{"self":[{"href":"https:\/\/acuariosupremus.com\/index.php?rest_route=\/wp\/v2\/product\/6392","targetHints":{"allow":["GET"]}}],"collection":[{"href":"https:\/\/acuariosupremus.com\/index.php?rest_route=\/wp\/v2\/product"}],"about":[{"href":"https:\/\/acuariosupremus.com\/index.php?rest_route=\/wp\/v2\/types\/product"}],"wp:featuredmedia":[{"embeddable":true,"href":"https:\/\/acuariosupremus.com\/index.php?rest_route=\/wp\/v2\/media\/13590"}],"wp:attachment":[{"href":"https:\/\/acuariosupremus.com\/index.php?rest_route=%2Fwp%2Fv2%2Fmedia&parent=6392"}],"wp:term":[{"taxonomy":"product_brand","embeddable":true,"href":"https:\/\/acuariosupremus.com\/index.php?rest_route=%2Fwp%2Fv2%2Fproduct_brand&post=6392"},{"taxonomy":"product_cat","embeddable":true,"href":"https:\/\/acuariosupremus.com\/index.php?rest_route=%2Fwp%2Fv2%2Fproduct_cat&post=6392"},{"taxonomy":"product_tag","embeddable":true,"href":"https:\/\/acuariosupremus.com\/index.php?rest_route=%2Fwp%2Fv2%2Fproduct_tag&post=6392"}],"curies":[{"name":"wp","href":"https:\/\/api.w.org\/{rel}","templated":true}]}}