{"id":6402,"date":"2022-03-25T19:40:56","date_gmt":"2022-03-26T01:40:56","guid":{"rendered":"https:\/\/acuariosupremus.com\/?post_type=product&#038;p=6402"},"modified":"2026-02-20T18:10:20","modified_gmt":"2026-02-21T00:10:20","slug":"ms-polvo-hemostatico-14-g","status":"publish","type":"product","link":"https:\/\/acuariosupremus.com\/?product=ms-polvo-hemostatico-14-g","title":{"rendered":"MS POLVO HEMOSTATICO 14 G"},"content":{"rendered":"<p>Instrucciones:<br \/>\nT\u00f3pica. Coloque una peque\u00f1a cantidad de polvo hemost\u00e1tico en la tapa del envase e impregne un hisopo con el polvo,<br \/>\nposteriormente coloque el hisopo directamente sobre la zona afectada y presione durante 5 o 10 segundos para detener el sangrado. En caso de ser necesario, aplique nuevamente. Si la hemorragia persiste, consulte inmediatamente al m\u00e9dico veterinario.<br \/>\nRecomendaciones:<br \/>\nPrecauciones y advertencias: MANT\u00e9NGASE FUERA DEL ALCANCE DE LOS NI\u00f1OS Y MASCOTAS. No aplique cerca de<br \/>\nojos ni hocico de la mascota, en caso de contacto accidental enjuague con abundante agua durante 15 minutos. Conserve el producto en un lugar fresco y protegido de la luz. Consulte al m\u00e9dico veterinario.<br \/>\nIngredientes:<br \/>\nCloruro fe\u00b4rrico, a\u00b4cido bo\u00b4rico, caoli\u00b4n, o\u00b4xido de zinc, excipiente c.b.p. 100%.<br \/>\nContenido: 14 G<\/p>\n","protected":false},"excerpt":{"rendered":"<p>Polvo hemost\u00e1tico Quick Stopper para perros, gatos y peque\u00f1os mam\u00edferos (14 g) El Polvo Hemost\u00e1tico (Quick Stopper) de Medical Solutions es una soluci\u00f3n efectiva que detiene inmediatamente el sangrado en u\u00f1as por un corte excesivo, as\u00ed como en peque\u00f1as heridas ocasionadas por rasuradoras o tijeras durante el corte de pelo. Para las aves, es un remedio eficaz contra la hemorragia causada por el rompimiento de una pluma de sangre<\/p>\n","protected":false},"featured_media":13597,"template":"","meta":[],"product_brand":[108],"product_cat":[73,83],"product_tag":[515],"class_list":{"0":"post-6402","1":"product","2":"type-product","3":"status-publish","4":"has-post-thumbnail","6":"product_brand-medicalsolutions","7":"product_cat-perros","8":"product_cat-salud-perros","9":"product_tag-polvo-hemostatico","11":"first","12":"instock","13":"sale","14":"shipping-taxable","15":"purchasable","16":"product-type-simple"},"yoast_head":"<!-- This site is optimized with the Yoast SEO plugin v27.4 - https:\/\/yoast.com\/product\/yoast-seo-wordpress\/ -->\n<title>MS POLVO HEMOSTATICO 14 G | Acuario Supremus<\/title>\n<meta name=\"description\" content=\"Es una soluci\u00f3n efectiva que detiene inmediatamente el sangrado en u\u00f1as por un corte excesivo, as\u00ed como en peque\u00f1as heridas ocasionadas al corte de pelo.\" \/>\n<meta name=\"robots\" content=\"index, follow, max-snippet:-1, max-image-preview:large, max-video-preview:-1\" \/>\n<link rel=\"canonical\" href=\"https:\/\/acuariosupremus.com\/?product=ms-polvo-hemostatico-14-g\" \/>\n<meta property=\"og:locale\" content=\"es_MX\" \/>\n<meta property=\"og:type\" content=\"article\" \/>\n<meta property=\"og:title\" content=\"MS POLVO HEMOSTATICO 14 G | Acuario Supremus\" \/>\n<meta property=\"og:description\" content=\"Es una soluci\u00f3n efectiva que detiene inmediatamente el sangrado en u\u00f1as por un corte excesivo, as\u00ed como en peque\u00f1as heridas ocasionadas al corte de pelo.\" \/>\n<meta property=\"og:url\" content=\"https:\/\/acuariosupremus.com\/?product=ms-polvo-hemostatico-14-g\" \/>\n<meta property=\"og:site_name\" content=\"Acuario Supremus\" \/>\n<meta property=\"article:publisher\" content=\"https:\/\/www.facebook.com\/AcuarioSupremus\" \/>\n<meta property=\"article:modified_time\" content=\"2026-02-21T00:10:20+00:00\" \/>\n<meta property=\"og:image\" content=\"https:\/\/acuariosupremus.com\/wp-content\/uploads\/2022\/03\/FL3948.png\" \/>\n\t<meta property=\"og:image:width\" content=\"1000\" \/>\n\t<meta property=\"og:image:height\" content=\"1000\" \/>\n\t<meta property=\"og:image:type\" content=\"image\/png\" \/>\n<meta name=\"twitter:card\" content=\"summary_large_image\" \/>\n<meta name=\"twitter:site\" content=\"@AcuarioSupremus\" \/>\n<meta name=\"twitter:label1\" content=\"Tiempo de lectura\" \/>\n\t<meta name=\"twitter:data1\" content=\"1 minuto\" \/>\n<script type=\"application\/ld+json\" class=\"yoast-schema-graph\">{\"@context\":\"https:\\\/\\\/schema.org\",\"@graph\":[{\"@type\":\"WebPage\",\"@id\":\"https:\\\/\\\/acuariosupremus.com\\\/?product=ms-polvo-hemostatico-14-g\",\"url\":\"https:\\\/\\\/acuariosupremus.com\\\/?product=ms-polvo-hemostatico-14-g\",\"name\":\"MS POLVO HEMOSTATICO 14 G | Acuario Supremus\",\"isPartOf\":{\"@id\":\"https:\\\/\\\/acuariosupremus.com\\\/#website\"},\"primaryImageOfPage\":{\"@id\":\"https:\\\/\\\/acuariosupremus.com\\\/?product=ms-polvo-hemostatico-14-g#primaryimage\"},\"image\":{\"@id\":\"https:\\\/\\\/acuariosupremus.com\\\/?product=ms-polvo-hemostatico-14-g#primaryimage\"},\"thumbnailUrl\":\"https:\\\/\\\/acuariosupremus.com\\\/wp-content\\\/uploads\\\/2022\\\/03\\\/FL3948.png\",\"datePublished\":\"2022-03-26T01:40:56+00:00\",\"dateModified\":\"2026-02-21T00:10:20+00:00\",\"description\":\"Es una soluci\u00f3n efectiva que detiene inmediatamente el sangrado en u\u00f1as por un corte excesivo, as\u00ed como en peque\u00f1as heridas ocasionadas al corte de pelo.\",\"breadcrumb\":{\"@id\":\"https:\\\/\\\/acuariosupremus.com\\\/?product=ms-polvo-hemostatico-14-g#breadcrumb\"},\"inLanguage\":\"es\",\"potentialAction\":[{\"@type\":\"ReadAction\",\"target\":[\"https:\\\/\\\/acuariosupremus.com\\\/?product=ms-polvo-hemostatico-14-g\"]}]},{\"@type\":\"ImageObject\",\"inLanguage\":\"es\",\"@id\":\"https:\\\/\\\/acuariosupremus.com\\\/?product=ms-polvo-hemostatico-14-g#primaryimage\",\"url\":\"https:\\\/\\\/acuariosupremus.com\\\/wp-content\\\/uploads\\\/2022\\\/03\\\/FL3948.png\",\"contentUrl\":\"https:\\\/\\\/acuariosupremus.com\\\/wp-content\\\/uploads\\\/2022\\\/03\\\/FL3948.png\",\"width\":1000,\"height\":1000},{\"@type\":\"BreadcrumbList\",\"@id\":\"https:\\\/\\\/acuariosupremus.com\\\/?product=ms-polvo-hemostatico-14-g#breadcrumb\",\"itemListElement\":[{\"@type\":\"ListItem\",\"position\":1,\"name\":\"Portada\",\"item\":\"https:\\\/\\\/acuariosupremus.com\\\/\"},{\"@type\":\"ListItem\",\"position\":2,\"name\":\"Tienda\",\"item\":\"https:\\\/\\\/acuariosupremus.com\\\/tienda\\\/\"},{\"@type\":\"ListItem\",\"position\":3,\"name\":\"MS POLVO HEMOSTATICO 14 G\"}]},{\"@type\":\"WebSite\",\"@id\":\"https:\\\/\\\/acuariosupremus.com\\\/#website\",\"url\":\"https:\\\/\\\/acuariosupremus.com\\\/\",\"name\":\"Acuario Supremus\",\"description\":\"Peces, Peceras y Mascotas.\",\"publisher\":{\"@id\":\"https:\\\/\\\/acuariosupremus.com\\\/#organization\"},\"potentialAction\":[{\"@type\":\"SearchAction\",\"target\":{\"@type\":\"EntryPoint\",\"urlTemplate\":\"https:\\\/\\\/acuariosupremus.com\\\/?s={search_term_string}\"},\"query-input\":{\"@type\":\"PropertyValueSpecification\",\"valueRequired\":true,\"valueName\":\"search_term_string\"}}],\"inLanguage\":\"es\"},{\"@type\":\"Organization\",\"@id\":\"https:\\\/\\\/acuariosupremus.com\\\/#organization\",\"name\":\"Acuario Supremus\",\"url\":\"https:\\\/\\\/acuariosupremus.com\\\/\",\"logo\":{\"@type\":\"ImageObject\",\"inLanguage\":\"es\",\"@id\":\"https:\\\/\\\/acuariosupremus.com\\\/#\\\/schema\\\/logo\\\/image\\\/\",\"url\":\"https:\\\/\\\/acuariosupremus.com\\\/wp-content\\\/uploads\\\/2021\\\/12\\\/cropped-logo_acuario_supremus_fn-2.png\",\"contentUrl\":\"https:\\\/\\\/acuariosupremus.com\\\/wp-content\\\/uploads\\\/2021\\\/12\\\/cropped-logo_acuario_supremus_fn-2.png\",\"width\":1000,\"height\":318,\"caption\":\"Acuario Supremus\"},\"image\":{\"@id\":\"https:\\\/\\\/acuariosupremus.com\\\/#\\\/schema\\\/logo\\\/image\\\/\"},\"sameAs\":[\"https:\\\/\\\/www.facebook.com\\\/AcuarioSupremus\",\"https:\\\/\\\/x.com\\\/AcuarioSupremus\",\"https:\\\/\\\/www.instagram.com\\\/acuariosupremus\\\/?hl=es\"]}]}<\/script>\n<!-- \/ Yoast SEO plugin. -->","yoast_head_json":{"title":"MS POLVO HEMOSTATICO 14 G | Acuario Supremus","description":"Es una soluci\u00f3n efectiva que detiene inmediatamente el sangrado en u\u00f1as por un corte excesivo, as\u00ed como en peque\u00f1as heridas ocasionadas al corte de pelo.","robots":{"index":"index","follow":"follow","max-snippet":"max-snippet:-1","max-image-preview":"max-image-preview:large","max-video-preview":"max-video-preview:-1"},"canonical":"https:\/\/acuariosupremus.com\/?product=ms-polvo-hemostatico-14-g","og_locale":"es_MX","og_type":"article","og_title":"MS POLVO HEMOSTATICO 14 G | Acuario Supremus","og_description":"Es una soluci\u00f3n efectiva que detiene inmediatamente el sangrado en u\u00f1as por un corte excesivo, as\u00ed como en peque\u00f1as heridas ocasionadas al corte de pelo.","og_url":"https:\/\/acuariosupremus.com\/?product=ms-polvo-hemostatico-14-g","og_site_name":"Acuario Supremus","article_publisher":"https:\/\/www.facebook.com\/AcuarioSupremus","article_modified_time":"2026-02-21T00:10:20+00:00","og_image":[{"width":1000,"height":1000,"url":"https:\/\/acuariosupremus.com\/wp-content\/uploads\/2022\/03\/FL3948.png","type":"image\/png"}],"twitter_card":"summary_large_image","twitter_site":"@AcuarioSupremus","twitter_misc":{"Tiempo de lectura":"1 minuto"},"schema":{"@context":"https:\/\/schema.org","@graph":[{"@type":"WebPage","@id":"https:\/\/acuariosupremus.com\/?product=ms-polvo-hemostatico-14-g","url":"https:\/\/acuariosupremus.com\/?product=ms-polvo-hemostatico-14-g","name":"MS POLVO HEMOSTATICO 14 G | Acuario Supremus","isPartOf":{"@id":"https:\/\/acuariosupremus.com\/#website"},"primaryImageOfPage":{"@id":"https:\/\/acuariosupremus.com\/?product=ms-polvo-hemostatico-14-g#primaryimage"},"image":{"@id":"https:\/\/acuariosupremus.com\/?product=ms-polvo-hemostatico-14-g#primaryimage"},"thumbnailUrl":"https:\/\/acuariosupremus.com\/wp-content\/uploads\/2022\/03\/FL3948.png","datePublished":"2022-03-26T01:40:56+00:00","dateModified":"2026-02-21T00:10:20+00:00","description":"Es una soluci\u00f3n efectiva que detiene inmediatamente el sangrado en u\u00f1as por un corte excesivo, as\u00ed como en peque\u00f1as heridas ocasionadas al corte de pelo.","breadcrumb":{"@id":"https:\/\/acuariosupremus.com\/?product=ms-polvo-hemostatico-14-g#breadcrumb"},"inLanguage":"es","potentialAction":[{"@type":"ReadAction","target":["https:\/\/acuariosupremus.com\/?product=ms-polvo-hemostatico-14-g"]}]},{"@type":"ImageObject","inLanguage":"es","@id":"https:\/\/acuariosupremus.com\/?product=ms-polvo-hemostatico-14-g#primaryimage","url":"https:\/\/acuariosupremus.com\/wp-content\/uploads\/2022\/03\/FL3948.png","contentUrl":"https:\/\/acuariosupremus.com\/wp-content\/uploads\/2022\/03\/FL3948.png","width":1000,"height":1000},{"@type":"BreadcrumbList","@id":"https:\/\/acuariosupremus.com\/?product=ms-polvo-hemostatico-14-g#breadcrumb","itemListElement":[{"@type":"ListItem","position":1,"name":"Portada","item":"https:\/\/acuariosupremus.com\/"},{"@type":"ListItem","position":2,"name":"Tienda","item":"https:\/\/acuariosupremus.com\/tienda\/"},{"@type":"ListItem","position":3,"name":"MS POLVO HEMOSTATICO 14 G"}]},{"@type":"WebSite","@id":"https:\/\/acuariosupremus.com\/#website","url":"https:\/\/acuariosupremus.com\/","name":"Acuario Supremus","description":"Peces, Peceras y Mascotas.","publisher":{"@id":"https:\/\/acuariosupremus.com\/#organization"},"potentialAction":[{"@type":"SearchAction","target":{"@type":"EntryPoint","urlTemplate":"https:\/\/acuariosupremus.com\/?s={search_term_string}"},"query-input":{"@type":"PropertyValueSpecification","valueRequired":true,"valueName":"search_term_string"}}],"inLanguage":"es"},{"@type":"Organization","@id":"https:\/\/acuariosupremus.com\/#organization","name":"Acuario Supremus","url":"https:\/\/acuariosupremus.com\/","logo":{"@type":"ImageObject","inLanguage":"es","@id":"https:\/\/acuariosupremus.com\/#\/schema\/logo\/image\/","url":"https:\/\/acuariosupremus.com\/wp-content\/uploads\/2021\/12\/cropped-logo_acuario_supremus_fn-2.png","contentUrl":"https:\/\/acuariosupremus.com\/wp-content\/uploads\/2021\/12\/cropped-logo_acuario_supremus_fn-2.png","width":1000,"height":318,"caption":"Acuario Supremus"},"image":{"@id":"https:\/\/acuariosupremus.com\/#\/schema\/logo\/image\/"},"sameAs":["https:\/\/www.facebook.com\/AcuarioSupremus","https:\/\/x.com\/AcuarioSupremus","https:\/\/www.instagram.com\/acuariosupremus\/?hl=es"]}]}},"jetpack_sharing_enabled":true,"_links":{"self":[{"href":"https:\/\/acuariosupremus.com\/index.php?rest_route=\/wp\/v2\/product\/6402","targetHints":{"allow":["GET"]}}],"collection":[{"href":"https:\/\/acuariosupremus.com\/index.php?rest_route=\/wp\/v2\/product"}],"about":[{"href":"https:\/\/acuariosupremus.com\/index.php?rest_route=\/wp\/v2\/types\/product"}],"wp:featuredmedia":[{"embeddable":true,"href":"https:\/\/acuariosupremus.com\/index.php?rest_route=\/wp\/v2\/media\/13597"}],"wp:attachment":[{"href":"https:\/\/acuariosupremus.com\/index.php?rest_route=%2Fwp%2Fv2%2Fmedia&parent=6402"}],"wp:term":[{"taxonomy":"product_brand","embeddable":true,"href":"https:\/\/acuariosupremus.com\/index.php?rest_route=%2Fwp%2Fv2%2Fproduct_brand&post=6402"},{"taxonomy":"product_cat","embeddable":true,"href":"https:\/\/acuariosupremus.com\/index.php?rest_route=%2Fwp%2Fv2%2Fproduct_cat&post=6402"},{"taxonomy":"product_tag","embeddable":true,"href":"https:\/\/acuariosupremus.com\/index.php?rest_route=%2Fwp%2Fv2%2Fproduct_tag&post=6402"}],"curies":[{"name":"wp","href":"https:\/\/api.w.org\/{rel}","templated":true}]}}