{"id":6664,"date":"2022-04-13T15:57:11","date_gmt":"2022-04-13T20:57:11","guid":{"rendered":"https:\/\/acuariosupremus.com\/?post_type=product&#038;p=6664"},"modified":"2025-12-20T19:07:37","modified_gmt":"2025-12-21T01:07:37","slug":"aquavitro-remediation-350-ml","status":"publish","type":"product","link":"https:\/\/acuariosupremus.com\/?product=aquavitro-remediation-350-ml","title":{"rendered":"Aquavitro Remediation  350 ML."},"content":{"rendered":"<p>Este acondicionador biol\u00f3gico para agua dulce y salada utiliza tecnolog\u00eda de bio aumentaci\u00f3n, un m\u00e9todo natural para mejorar la calidad del agua sin usar agentes qu\u00edmicos. Remediation\u2122 proporciona bacterias que descomponen el exceso de comida y desechos en sistemas de agua dulce y salada, reduciendo el exceso de amon\u00edaco, nitritos, nitratos y fosfatos, que pueden propiciar el crecimiento de algas indeseadas y organismos causantes de enfermedades.<br \/>\nLas especies de bacterias contenidas en Remediation \u2122 prosperan en agua dulce o salada, pudiendo metabolizar una amplia gama de compuestos org\u00e1nicos, incluidas las grasas que pueden causar una pel\u00edcula en la superficie del agua (\u201cbio film\u201d). A diferencia de las bacterias nitrificantes tradicionales, esta mezcla bacteriana puede adaptarse a ambientes hostiles o con poco ox\u00edgeno y continuar multiplic\u00e1ndose y mejorando las condiciones del agua. Los biopol\u00edmeros producidos por estas colonias bacterianas atrapan las part\u00edculas coloidales aumentando as\u00ed la claridad del agua. Estas especies de bacterias se han desarrollado para su uso en acuicultura, donde los lodos y el exceso de materia org\u00e1nica deben controlarse para evitar enfermedades y p\u00e9rdidas econ\u00f3micas. Esta mezcla bacteriana prosperar\u00e1 notablemente en su acuario, ya que es lo suficientemente resistente como para sobrevivir en las duras condiciones f\u00edsico qu\u00edmicas habituales en la acuicultura.<\/p>\n<p>capacidad <strong>350 ml.<\/strong><br \/>\nTama\u00f1o mm.<br \/>\n53 x 53 x 196 (l x a x h)<br \/>\nPeso<br \/>\n0.405 (Kg.)<\/p>\n","protected":false},"excerpt":{"rendered":"<p>Gesti\u00f3n de residuos org\u00e1nicos naturales en su acuario.<br \/>\nDescompone de forma r\u00e1pida y segura el exceso de alimentos, lodos, desechos y detritos.<br \/>\nLimpia el sustrato de su acuario de forma natural.<\/p>\n","protected":false},"featured_media":14612,"template":"","meta":[],"product_brand":[125],"product_cat":[40,41,94],"product_tag":[704,178,531,185,206],"class_list":{"0":"post-6664","1":"product","2":"type-product","3":"status-publish","4":"has-post-thumbnail","6":"product_brand-aquavitro","7":"product_cat-peces","8":"product_cat-acondicionadores","9":"product_cat-arrecife","10":"product_tag-aquavitro-remediation","11":"product_tag-arrecife","12":"product_tag-bacteria-liquida-pro","13":"product_tag-peces-marinos","14":"product_tag-peces-tropicales","16":"first","17":"instock","18":"sale","19":"shipping-taxable","20":"purchasable","21":"product-type-simple"},"yoast_head":"<!-- This site is optimized with the Yoast SEO plugin v27.4 - https:\/\/yoast.com\/product\/yoast-seo-wordpress\/ -->\n<title>Aquavitro Remediation 350 ML. | Acuario Supremus<\/title>\n<meta name=\"description\" content=\"Remediation, descompone de forma r\u00e1pida y segura el exceso de alimentos, lodos, desechos y detritos,Limpia el sustrato de su acuario de forma natural.\" \/>\n<meta name=\"robots\" content=\"index, follow, max-snippet:-1, max-image-preview:large, max-video-preview:-1\" \/>\n<link rel=\"canonical\" href=\"https:\/\/acuariosupremus.com\/?product=aquavitro-remediation-350-ml\" \/>\n<meta property=\"og:locale\" content=\"es_MX\" \/>\n<meta property=\"og:type\" content=\"article\" \/>\n<meta property=\"og:title\" content=\"Aquavitro Remediation 350 ML. | Acuario Supremus\" \/>\n<meta property=\"og:description\" content=\"Remediation, descompone de forma r\u00e1pida y segura el exceso de alimentos, lodos, desechos y detritos,Limpia el sustrato de su acuario de forma natural.\" \/>\n<meta property=\"og:url\" content=\"https:\/\/acuariosupremus.com\/?product=aquavitro-remediation-350-ml\" \/>\n<meta property=\"og:site_name\" content=\"Acuario Supremus\" \/>\n<meta property=\"article:publisher\" content=\"https:\/\/www.facebook.com\/AcuarioSupremus\" \/>\n<meta property=\"article:modified_time\" content=\"2025-12-21T01:07:37+00:00\" \/>\n<meta property=\"og:image\" content=\"https:\/\/acuariosupremus.com\/wp-content\/uploads\/2022\/04\/aquavitro-remediation_350ml_01.jpg\" \/>\n\t<meta property=\"og:image:width\" content=\"1250\" \/>\n\t<meta property=\"og:image:height\" content=\"1250\" \/>\n\t<meta property=\"og:image:type\" content=\"image\/jpeg\" \/>\n<meta name=\"twitter:card\" content=\"summary_large_image\" \/>\n<meta name=\"twitter:site\" content=\"@AcuarioSupremus\" \/>\n<meta name=\"twitter:label1\" content=\"Tiempo de lectura\" \/>\n\t<meta name=\"twitter:data1\" content=\"2 minutos\" \/>\n<script type=\"application\/ld+json\" class=\"yoast-schema-graph\">{\"@context\":\"https:\\\/\\\/schema.org\",\"@graph\":[{\"@type\":\"WebPage\",\"@id\":\"https:\\\/\\\/acuariosupremus.com\\\/?product=aquavitro-remediation-350-ml\",\"url\":\"https:\\\/\\\/acuariosupremus.com\\\/?product=aquavitro-remediation-350-ml\",\"name\":\"Aquavitro Remediation 350 ML. | Acuario Supremus\",\"isPartOf\":{\"@id\":\"https:\\\/\\\/acuariosupremus.com\\\/#website\"},\"primaryImageOfPage\":{\"@id\":\"https:\\\/\\\/acuariosupremus.com\\\/?product=aquavitro-remediation-350-ml#primaryimage\"},\"image\":{\"@id\":\"https:\\\/\\\/acuariosupremus.com\\\/?product=aquavitro-remediation-350-ml#primaryimage\"},\"thumbnailUrl\":\"https:\\\/\\\/acuariosupremus.com\\\/wp-content\\\/uploads\\\/2022\\\/04\\\/aquavitro-remediation_350ml_01.jpg\",\"datePublished\":\"2022-04-13T20:57:11+00:00\",\"dateModified\":\"2025-12-21T01:07:37+00:00\",\"description\":\"Remediation, descompone de forma r\u00e1pida y segura el exceso de alimentos, lodos, desechos y detritos,Limpia el sustrato de su acuario de forma natural.\",\"breadcrumb\":{\"@id\":\"https:\\\/\\\/acuariosupremus.com\\\/?product=aquavitro-remediation-350-ml#breadcrumb\"},\"inLanguage\":\"es\",\"potentialAction\":[{\"@type\":\"ReadAction\",\"target\":[\"https:\\\/\\\/acuariosupremus.com\\\/?product=aquavitro-remediation-350-ml\"]}]},{\"@type\":\"ImageObject\",\"inLanguage\":\"es\",\"@id\":\"https:\\\/\\\/acuariosupremus.com\\\/?product=aquavitro-remediation-350-ml#primaryimage\",\"url\":\"https:\\\/\\\/acuariosupremus.com\\\/wp-content\\\/uploads\\\/2022\\\/04\\\/aquavitro-remediation_350ml_01.jpg\",\"contentUrl\":\"https:\\\/\\\/acuariosupremus.com\\\/wp-content\\\/uploads\\\/2022\\\/04\\\/aquavitro-remediation_350ml_01.jpg\",\"width\":1250,\"height\":1250},{\"@type\":\"BreadcrumbList\",\"@id\":\"https:\\\/\\\/acuariosupremus.com\\\/?product=aquavitro-remediation-350-ml#breadcrumb\",\"itemListElement\":[{\"@type\":\"ListItem\",\"position\":1,\"name\":\"Portada\",\"item\":\"https:\\\/\\\/acuariosupremus.com\\\/\"},{\"@type\":\"ListItem\",\"position\":2,\"name\":\"Tienda\",\"item\":\"https:\\\/\\\/acuariosupremus.com\\\/tienda\\\/\"},{\"@type\":\"ListItem\",\"position\":3,\"name\":\"Aquavitro Remediation 350 ML.\"}]},{\"@type\":\"WebSite\",\"@id\":\"https:\\\/\\\/acuariosupremus.com\\\/#website\",\"url\":\"https:\\\/\\\/acuariosupremus.com\\\/\",\"name\":\"Acuario Supremus\",\"description\":\"Peces, Peceras y Mascotas.\",\"publisher\":{\"@id\":\"https:\\\/\\\/acuariosupremus.com\\\/#organization\"},\"potentialAction\":[{\"@type\":\"SearchAction\",\"target\":{\"@type\":\"EntryPoint\",\"urlTemplate\":\"https:\\\/\\\/acuariosupremus.com\\\/?s={search_term_string}\"},\"query-input\":{\"@type\":\"PropertyValueSpecification\",\"valueRequired\":true,\"valueName\":\"search_term_string\"}}],\"inLanguage\":\"es\"},{\"@type\":\"Organization\",\"@id\":\"https:\\\/\\\/acuariosupremus.com\\\/#organization\",\"name\":\"Acuario Supremus\",\"url\":\"https:\\\/\\\/acuariosupremus.com\\\/\",\"logo\":{\"@type\":\"ImageObject\",\"inLanguage\":\"es\",\"@id\":\"https:\\\/\\\/acuariosupremus.com\\\/#\\\/schema\\\/logo\\\/image\\\/\",\"url\":\"https:\\\/\\\/acuariosupremus.com\\\/wp-content\\\/uploads\\\/2021\\\/12\\\/cropped-logo_acuario_supremus_fn-2.png\",\"contentUrl\":\"https:\\\/\\\/acuariosupremus.com\\\/wp-content\\\/uploads\\\/2021\\\/12\\\/cropped-logo_acuario_supremus_fn-2.png\",\"width\":1000,\"height\":318,\"caption\":\"Acuario Supremus\"},\"image\":{\"@id\":\"https:\\\/\\\/acuariosupremus.com\\\/#\\\/schema\\\/logo\\\/image\\\/\"},\"sameAs\":[\"https:\\\/\\\/www.facebook.com\\\/AcuarioSupremus\",\"https:\\\/\\\/x.com\\\/AcuarioSupremus\",\"https:\\\/\\\/www.instagram.com\\\/acuariosupremus\\\/?hl=es\"]}]}<\/script>\n<!-- \/ Yoast SEO plugin. -->","yoast_head_json":{"title":"Aquavitro Remediation 350 ML. | Acuario Supremus","description":"Remediation, descompone de forma r\u00e1pida y segura el exceso de alimentos, lodos, desechos y detritos,Limpia el sustrato de su acuario de forma natural.","robots":{"index":"index","follow":"follow","max-snippet":"max-snippet:-1","max-image-preview":"max-image-preview:large","max-video-preview":"max-video-preview:-1"},"canonical":"https:\/\/acuariosupremus.com\/?product=aquavitro-remediation-350-ml","og_locale":"es_MX","og_type":"article","og_title":"Aquavitro Remediation 350 ML. | Acuario Supremus","og_description":"Remediation, descompone de forma r\u00e1pida y segura el exceso de alimentos, lodos, desechos y detritos,Limpia el sustrato de su acuario de forma natural.","og_url":"https:\/\/acuariosupremus.com\/?product=aquavitro-remediation-350-ml","og_site_name":"Acuario Supremus","article_publisher":"https:\/\/www.facebook.com\/AcuarioSupremus","article_modified_time":"2025-12-21T01:07:37+00:00","og_image":[{"width":1250,"height":1250,"url":"https:\/\/acuariosupremus.com\/wp-content\/uploads\/2022\/04\/aquavitro-remediation_350ml_01.jpg","type":"image\/jpeg"}],"twitter_card":"summary_large_image","twitter_site":"@AcuarioSupremus","twitter_misc":{"Tiempo de lectura":"2 minutos"},"schema":{"@context":"https:\/\/schema.org","@graph":[{"@type":"WebPage","@id":"https:\/\/acuariosupremus.com\/?product=aquavitro-remediation-350-ml","url":"https:\/\/acuariosupremus.com\/?product=aquavitro-remediation-350-ml","name":"Aquavitro Remediation 350 ML. | Acuario Supremus","isPartOf":{"@id":"https:\/\/acuariosupremus.com\/#website"},"primaryImageOfPage":{"@id":"https:\/\/acuariosupremus.com\/?product=aquavitro-remediation-350-ml#primaryimage"},"image":{"@id":"https:\/\/acuariosupremus.com\/?product=aquavitro-remediation-350-ml#primaryimage"},"thumbnailUrl":"https:\/\/acuariosupremus.com\/wp-content\/uploads\/2022\/04\/aquavitro-remediation_350ml_01.jpg","datePublished":"2022-04-13T20:57:11+00:00","dateModified":"2025-12-21T01:07:37+00:00","description":"Remediation, descompone de forma r\u00e1pida y segura el exceso de alimentos, lodos, desechos y detritos,Limpia el sustrato de su acuario de forma natural.","breadcrumb":{"@id":"https:\/\/acuariosupremus.com\/?product=aquavitro-remediation-350-ml#breadcrumb"},"inLanguage":"es","potentialAction":[{"@type":"ReadAction","target":["https:\/\/acuariosupremus.com\/?product=aquavitro-remediation-350-ml"]}]},{"@type":"ImageObject","inLanguage":"es","@id":"https:\/\/acuariosupremus.com\/?product=aquavitro-remediation-350-ml#primaryimage","url":"https:\/\/acuariosupremus.com\/wp-content\/uploads\/2022\/04\/aquavitro-remediation_350ml_01.jpg","contentUrl":"https:\/\/acuariosupremus.com\/wp-content\/uploads\/2022\/04\/aquavitro-remediation_350ml_01.jpg","width":1250,"height":1250},{"@type":"BreadcrumbList","@id":"https:\/\/acuariosupremus.com\/?product=aquavitro-remediation-350-ml#breadcrumb","itemListElement":[{"@type":"ListItem","position":1,"name":"Portada","item":"https:\/\/acuariosupremus.com\/"},{"@type":"ListItem","position":2,"name":"Tienda","item":"https:\/\/acuariosupremus.com\/tienda\/"},{"@type":"ListItem","position":3,"name":"Aquavitro Remediation 350 ML."}]},{"@type":"WebSite","@id":"https:\/\/acuariosupremus.com\/#website","url":"https:\/\/acuariosupremus.com\/","name":"Acuario Supremus","description":"Peces, Peceras y Mascotas.","publisher":{"@id":"https:\/\/acuariosupremus.com\/#organization"},"potentialAction":[{"@type":"SearchAction","target":{"@type":"EntryPoint","urlTemplate":"https:\/\/acuariosupremus.com\/?s={search_term_string}"},"query-input":{"@type":"PropertyValueSpecification","valueRequired":true,"valueName":"search_term_string"}}],"inLanguage":"es"},{"@type":"Organization","@id":"https:\/\/acuariosupremus.com\/#organization","name":"Acuario Supremus","url":"https:\/\/acuariosupremus.com\/","logo":{"@type":"ImageObject","inLanguage":"es","@id":"https:\/\/acuariosupremus.com\/#\/schema\/logo\/image\/","url":"https:\/\/acuariosupremus.com\/wp-content\/uploads\/2021\/12\/cropped-logo_acuario_supremus_fn-2.png","contentUrl":"https:\/\/acuariosupremus.com\/wp-content\/uploads\/2021\/12\/cropped-logo_acuario_supremus_fn-2.png","width":1000,"height":318,"caption":"Acuario Supremus"},"image":{"@id":"https:\/\/acuariosupremus.com\/#\/schema\/logo\/image\/"},"sameAs":["https:\/\/www.facebook.com\/AcuarioSupremus","https:\/\/x.com\/AcuarioSupremus","https:\/\/www.instagram.com\/acuariosupremus\/?hl=es"]}]}},"jetpack_sharing_enabled":true,"_links":{"self":[{"href":"https:\/\/acuariosupremus.com\/index.php?rest_route=\/wp\/v2\/product\/6664","targetHints":{"allow":["GET"]}}],"collection":[{"href":"https:\/\/acuariosupremus.com\/index.php?rest_route=\/wp\/v2\/product"}],"about":[{"href":"https:\/\/acuariosupremus.com\/index.php?rest_route=\/wp\/v2\/types\/product"}],"wp:featuredmedia":[{"embeddable":true,"href":"https:\/\/acuariosupremus.com\/index.php?rest_route=\/wp\/v2\/media\/14612"}],"wp:attachment":[{"href":"https:\/\/acuariosupremus.com\/index.php?rest_route=%2Fwp%2Fv2%2Fmedia&parent=6664"}],"wp:term":[{"taxonomy":"product_brand","embeddable":true,"href":"https:\/\/acuariosupremus.com\/index.php?rest_route=%2Fwp%2Fv2%2Fproduct_brand&post=6664"},{"taxonomy":"product_cat","embeddable":true,"href":"https:\/\/acuariosupremus.com\/index.php?rest_route=%2Fwp%2Fv2%2Fproduct_cat&post=6664"},{"taxonomy":"product_tag","embeddable":true,"href":"https:\/\/acuariosupremus.com\/index.php?rest_route=%2Fwp%2Fv2%2Fproduct_tag&post=6664"}],"curies":[{"name":"wp","href":"https:\/\/api.w.org\/{rel}","templated":true}]}}