{"id":6685,"date":"2022-04-13T17:39:37","date_gmt":"2022-04-13T22:39:37","guid":{"rendered":"https:\/\/acuariosupremus.com\/?post_type=product&#038;p=6685"},"modified":"2025-12-20T19:16:41","modified_gmt":"2025-12-21T01:16:41","slug":"aquavitro-calcification-350-ml","status":"publish","type":"product","link":"https:\/\/acuariosupremus.com\/?product=aquavitro-calcification-350-ml","title":{"rendered":"Aquavitro calcification 350 ml."},"content":{"rendered":"<p>El Calcio i\u00f3nico es r\u00e1pidamente disponible mientras que el complejo gluconato de Calcio previene la precipitaci\u00f3n del Calcio y la reducci\u00f3n dr\u00e1stica de la alcalinidad (KH). Estas dos formas de calcio est\u00e1n combinadas en Calcification\u2122 para proveer al aficionado de un medio adecuado para asegurar altas tasas de crecimiento en el coral y fomentar su salud. En comparaci\u00f3n con productos de la competencia, que necesitan de intervalos de hasta varios d\u00edas cuando son combinados con suplementos de carbonatos, calcification\u2122 puede ser usado diariamente y a los pocos minutos de a\u00f1adir tanto nuestro eight.four\u2122 como toda la l\u00ednea de productos para arrecife aquavitro\u2122.<br \/>\nSolo para su uso en acuarios.<br \/>\nMant\u00e9ngase alejado de los ni\u00f1os.<br \/>\nPrincipiante: Use un tap\u00f3n roscado interior (7 mL) por cada 100 Litros (25 galones*) dos veces por semana . Mida el Calcio una vez por semana y ajuste la cantidad o frecuencia consecuentemente. Nota: Cada hilo del tap\u00f3n roscado interior contiene aproximadamente 2 mL. Un tap\u00f3n lleno contiene 49 mL.<br \/>\nAvanzado: Mida el nivel de Calcio, a continuaci\u00f3n siga el r\u00e9gimen de adicci\u00f3n anterior hasta que el Calcio est\u00e9 ajustado entre 380-400 mg\/l. Cada 7 ml\/100 litros (25 gallones*) pueden elevar Calcio sobre 10 mg\/l. La cantidad o frecuencia deben de ser ajustados, pero no exceder de 21 ml\/100 L (25 galones*) al d\u00eda. Despu\u00e9s use el requerido para mantener Calcio.<br \/>\nNo sobredosificar. Use Reef StatAn\u00e1lisis Garantizado (Cantidades para 1 g): Calcio (minino) 97 mg Calcio (m\u00e1ximo) 103 mg Ingredientes: cloruro de calcio, gluconato de calcio.<\/p>\n<p>capacidad <strong>350 ml.<\/strong><br \/>\nTama\u00f1o mm.<br \/>\n53 x 53 x 196 (l x a x h)<br \/>\nPeso<br \/>\n0.540 (Kg.)<\/p>\n","protected":false},"excerpt":{"rendered":"<p>Calcification\u2122 es una mezcla concentrada y optimizada (140,000 mg\/l) de Calcio i\u00f3nico y complejo gluconato bioutilizable, desarrollados para recuperar y mantener Calcio en los niveles que se encuentran en el agua de mar natural, sin afectar al pH.<\/p>\n","protected":false},"featured_media":14619,"template":"","meta":[],"product_brand":[125],"product_cat":[40,94],"product_tag":[694,178,537],"class_list":{"0":"post-6685","1":"product","2":"type-product","3":"status-publish","4":"has-post-thumbnail","6":"product_brand-aquavitro","7":"product_cat-peces","8":"product_cat-arrecife","9":"product_tag-aquavitro-calcification","10":"product_tag-arrecife","11":"product_tag-suplemento-ca-corales","13":"first","14":"instock","15":"sale","16":"shipping-taxable","17":"purchasable","18":"product-type-simple"},"yoast_head":"<!-- This site is optimized with the Yoast SEO plugin v27.5 - https:\/\/yoast.com\/product\/yoast-seo-wordpress\/ -->\n<title>Aquavitro calcification 350 ml. | Acuario Supremus<\/title>\n<meta name=\"description\" content=\"Mezcla concentrada y optimizada (140,000 mg\/l) de Calcio i\u00f3nico y complejo gluconato bioutilizable, desarrollados para recuperar y mantener Calcio.\" \/>\n<meta name=\"robots\" content=\"index, follow, max-snippet:-1, max-image-preview:large, max-video-preview:-1\" \/>\n<link rel=\"canonical\" href=\"https:\/\/acuariosupremus.com\/?product=aquavitro-calcification-350-ml\" \/>\n<meta property=\"og:locale\" content=\"es_MX\" \/>\n<meta property=\"og:type\" content=\"article\" \/>\n<meta property=\"og:title\" content=\"Aquavitro calcification 350 ml. | Acuario Supremus\" \/>\n<meta property=\"og:description\" content=\"Mezcla concentrada y optimizada (140,000 mg\/l) de Calcio i\u00f3nico y complejo gluconato bioutilizable, desarrollados para recuperar y mantener Calcio.\" \/>\n<meta property=\"og:url\" content=\"https:\/\/acuariosupremus.com\/?product=aquavitro-calcification-350-ml\" \/>\n<meta property=\"og:site_name\" content=\"Acuario Supremus\" \/>\n<meta property=\"article:publisher\" content=\"https:\/\/www.facebook.com\/AcuarioSupremus\" \/>\n<meta property=\"article:modified_time\" content=\"2025-12-21T01:16:41+00:00\" \/>\n<meta property=\"og:image\" content=\"https:\/\/acuariosupremus.com\/wp-content\/uploads\/2022\/04\/aquavitro-calcification_350ml_01.jpg\" \/>\n\t<meta property=\"og:image:width\" content=\"1250\" \/>\n\t<meta property=\"og:image:height\" content=\"1250\" \/>\n\t<meta property=\"og:image:type\" content=\"image\/jpeg\" \/>\n<meta name=\"twitter:card\" content=\"summary_large_image\" \/>\n<meta name=\"twitter:site\" content=\"@AcuarioSupremus\" \/>\n<meta name=\"twitter:label1\" content=\"Tiempo de lectura\" \/>\n\t<meta name=\"twitter:data1\" content=\"2 minutos\" \/>\n<script type=\"application\/ld+json\" class=\"yoast-schema-graph\">{\"@context\":\"https:\\\/\\\/schema.org\",\"@graph\":[{\"@type\":\"WebPage\",\"@id\":\"https:\\\/\\\/acuariosupremus.com\\\/?product=aquavitro-calcification-350-ml\",\"url\":\"https:\\\/\\\/acuariosupremus.com\\\/?product=aquavitro-calcification-350-ml\",\"name\":\"Aquavitro calcification 350 ml. | Acuario Supremus\",\"isPartOf\":{\"@id\":\"https:\\\/\\\/acuariosupremus.com\\\/#website\"},\"primaryImageOfPage\":{\"@id\":\"https:\\\/\\\/acuariosupremus.com\\\/?product=aquavitro-calcification-350-ml#primaryimage\"},\"image\":{\"@id\":\"https:\\\/\\\/acuariosupremus.com\\\/?product=aquavitro-calcification-350-ml#primaryimage\"},\"thumbnailUrl\":\"https:\\\/\\\/acuariosupremus.com\\\/wp-content\\\/uploads\\\/2022\\\/04\\\/aquavitro-calcification_350ml_01.jpg\",\"datePublished\":\"2022-04-13T22:39:37+00:00\",\"dateModified\":\"2025-12-21T01:16:41+00:00\",\"description\":\"Mezcla concentrada y optimizada (140,000 mg\\\/l) de Calcio i\u00f3nico y complejo gluconato bioutilizable, desarrollados para recuperar y mantener Calcio.\",\"breadcrumb\":{\"@id\":\"https:\\\/\\\/acuariosupremus.com\\\/?product=aquavitro-calcification-350-ml#breadcrumb\"},\"inLanguage\":\"es\",\"potentialAction\":[{\"@type\":\"ReadAction\",\"target\":[\"https:\\\/\\\/acuariosupremus.com\\\/?product=aquavitro-calcification-350-ml\"]}]},{\"@type\":\"ImageObject\",\"inLanguage\":\"es\",\"@id\":\"https:\\\/\\\/acuariosupremus.com\\\/?product=aquavitro-calcification-350-ml#primaryimage\",\"url\":\"https:\\\/\\\/acuariosupremus.com\\\/wp-content\\\/uploads\\\/2022\\\/04\\\/aquavitro-calcification_350ml_01.jpg\",\"contentUrl\":\"https:\\\/\\\/acuariosupremus.com\\\/wp-content\\\/uploads\\\/2022\\\/04\\\/aquavitro-calcification_350ml_01.jpg\",\"width\":1250,\"height\":1250},{\"@type\":\"BreadcrumbList\",\"@id\":\"https:\\\/\\\/acuariosupremus.com\\\/?product=aquavitro-calcification-350-ml#breadcrumb\",\"itemListElement\":[{\"@type\":\"ListItem\",\"position\":1,\"name\":\"Portada\",\"item\":\"https:\\\/\\\/acuariosupremus.com\\\/\"},{\"@type\":\"ListItem\",\"position\":2,\"name\":\"Tienda\",\"item\":\"https:\\\/\\\/acuariosupremus.com\\\/tienda\\\/\"},{\"@type\":\"ListItem\",\"position\":3,\"name\":\"Aquavitro calcification 350 ml.\"}]},{\"@type\":\"WebSite\",\"@id\":\"https:\\\/\\\/acuariosupremus.com\\\/#website\",\"url\":\"https:\\\/\\\/acuariosupremus.com\\\/\",\"name\":\"Acuario Supremus\",\"description\":\"Peces, Peceras y Mascotas.\",\"publisher\":{\"@id\":\"https:\\\/\\\/acuariosupremus.com\\\/#organization\"},\"potentialAction\":[{\"@type\":\"SearchAction\",\"target\":{\"@type\":\"EntryPoint\",\"urlTemplate\":\"https:\\\/\\\/acuariosupremus.com\\\/?s={search_term_string}\"},\"query-input\":{\"@type\":\"PropertyValueSpecification\",\"valueRequired\":true,\"valueName\":\"search_term_string\"}}],\"inLanguage\":\"es\"},{\"@type\":\"Organization\",\"@id\":\"https:\\\/\\\/acuariosupremus.com\\\/#organization\",\"name\":\"Acuario Supremus\",\"url\":\"https:\\\/\\\/acuariosupremus.com\\\/\",\"logo\":{\"@type\":\"ImageObject\",\"inLanguage\":\"es\",\"@id\":\"https:\\\/\\\/acuariosupremus.com\\\/#\\\/schema\\\/logo\\\/image\\\/\",\"url\":\"https:\\\/\\\/acuariosupremus.com\\\/wp-content\\\/uploads\\\/2021\\\/12\\\/cropped-logo_acuario_supremus_fn-2.png\",\"contentUrl\":\"https:\\\/\\\/acuariosupremus.com\\\/wp-content\\\/uploads\\\/2021\\\/12\\\/cropped-logo_acuario_supremus_fn-2.png\",\"width\":1000,\"height\":318,\"caption\":\"Acuario Supremus\"},\"image\":{\"@id\":\"https:\\\/\\\/acuariosupremus.com\\\/#\\\/schema\\\/logo\\\/image\\\/\"},\"sameAs\":[\"https:\\\/\\\/www.facebook.com\\\/AcuarioSupremus\",\"https:\\\/\\\/x.com\\\/AcuarioSupremus\",\"https:\\\/\\\/www.instagram.com\\\/acuariosupremus\\\/?hl=es\"]}]}<\/script>\n<!-- \/ Yoast SEO plugin. -->","yoast_head_json":{"title":"Aquavitro calcification 350 ml. | Acuario Supremus","description":"Mezcla concentrada y optimizada (140,000 mg\/l) de Calcio i\u00f3nico y complejo gluconato bioutilizable, desarrollados para recuperar y mantener Calcio.","robots":{"index":"index","follow":"follow","max-snippet":"max-snippet:-1","max-image-preview":"max-image-preview:large","max-video-preview":"max-video-preview:-1"},"canonical":"https:\/\/acuariosupremus.com\/?product=aquavitro-calcification-350-ml","og_locale":"es_MX","og_type":"article","og_title":"Aquavitro calcification 350 ml. | Acuario Supremus","og_description":"Mezcla concentrada y optimizada (140,000 mg\/l) de Calcio i\u00f3nico y complejo gluconato bioutilizable, desarrollados para recuperar y mantener Calcio.","og_url":"https:\/\/acuariosupremus.com\/?product=aquavitro-calcification-350-ml","og_site_name":"Acuario Supremus","article_publisher":"https:\/\/www.facebook.com\/AcuarioSupremus","article_modified_time":"2025-12-21T01:16:41+00:00","og_image":[{"width":1250,"height":1250,"url":"https:\/\/acuariosupremus.com\/wp-content\/uploads\/2022\/04\/aquavitro-calcification_350ml_01.jpg","type":"image\/jpeg"}],"twitter_card":"summary_large_image","twitter_site":"@AcuarioSupremus","twitter_misc":{"Tiempo de lectura":"2 minutos"},"schema":{"@context":"https:\/\/schema.org","@graph":[{"@type":"WebPage","@id":"https:\/\/acuariosupremus.com\/?product=aquavitro-calcification-350-ml","url":"https:\/\/acuariosupremus.com\/?product=aquavitro-calcification-350-ml","name":"Aquavitro calcification 350 ml. | Acuario Supremus","isPartOf":{"@id":"https:\/\/acuariosupremus.com\/#website"},"primaryImageOfPage":{"@id":"https:\/\/acuariosupremus.com\/?product=aquavitro-calcification-350-ml#primaryimage"},"image":{"@id":"https:\/\/acuariosupremus.com\/?product=aquavitro-calcification-350-ml#primaryimage"},"thumbnailUrl":"https:\/\/acuariosupremus.com\/wp-content\/uploads\/2022\/04\/aquavitro-calcification_350ml_01.jpg","datePublished":"2022-04-13T22:39:37+00:00","dateModified":"2025-12-21T01:16:41+00:00","description":"Mezcla concentrada y optimizada (140,000 mg\/l) de Calcio i\u00f3nico y complejo gluconato bioutilizable, desarrollados para recuperar y mantener Calcio.","breadcrumb":{"@id":"https:\/\/acuariosupremus.com\/?product=aquavitro-calcification-350-ml#breadcrumb"},"inLanguage":"es","potentialAction":[{"@type":"ReadAction","target":["https:\/\/acuariosupremus.com\/?product=aquavitro-calcification-350-ml"]}]},{"@type":"ImageObject","inLanguage":"es","@id":"https:\/\/acuariosupremus.com\/?product=aquavitro-calcification-350-ml#primaryimage","url":"https:\/\/acuariosupremus.com\/wp-content\/uploads\/2022\/04\/aquavitro-calcification_350ml_01.jpg","contentUrl":"https:\/\/acuariosupremus.com\/wp-content\/uploads\/2022\/04\/aquavitro-calcification_350ml_01.jpg","width":1250,"height":1250},{"@type":"BreadcrumbList","@id":"https:\/\/acuariosupremus.com\/?product=aquavitro-calcification-350-ml#breadcrumb","itemListElement":[{"@type":"ListItem","position":1,"name":"Portada","item":"https:\/\/acuariosupremus.com\/"},{"@type":"ListItem","position":2,"name":"Tienda","item":"https:\/\/acuariosupremus.com\/tienda\/"},{"@type":"ListItem","position":3,"name":"Aquavitro calcification 350 ml."}]},{"@type":"WebSite","@id":"https:\/\/acuariosupremus.com\/#website","url":"https:\/\/acuariosupremus.com\/","name":"Acuario Supremus","description":"Peces, Peceras y Mascotas.","publisher":{"@id":"https:\/\/acuariosupremus.com\/#organization"},"potentialAction":[{"@type":"SearchAction","target":{"@type":"EntryPoint","urlTemplate":"https:\/\/acuariosupremus.com\/?s={search_term_string}"},"query-input":{"@type":"PropertyValueSpecification","valueRequired":true,"valueName":"search_term_string"}}],"inLanguage":"es"},{"@type":"Organization","@id":"https:\/\/acuariosupremus.com\/#organization","name":"Acuario Supremus","url":"https:\/\/acuariosupremus.com\/","logo":{"@type":"ImageObject","inLanguage":"es","@id":"https:\/\/acuariosupremus.com\/#\/schema\/logo\/image\/","url":"https:\/\/acuariosupremus.com\/wp-content\/uploads\/2021\/12\/cropped-logo_acuario_supremus_fn-2.png","contentUrl":"https:\/\/acuariosupremus.com\/wp-content\/uploads\/2021\/12\/cropped-logo_acuario_supremus_fn-2.png","width":1000,"height":318,"caption":"Acuario Supremus"},"image":{"@id":"https:\/\/acuariosupremus.com\/#\/schema\/logo\/image\/"},"sameAs":["https:\/\/www.facebook.com\/AcuarioSupremus","https:\/\/x.com\/AcuarioSupremus","https:\/\/www.instagram.com\/acuariosupremus\/?hl=es"]}]}},"jetpack_sharing_enabled":true,"_links":{"self":[{"href":"https:\/\/acuariosupremus.com\/index.php?rest_route=\/wp\/v2\/product\/6685","targetHints":{"allow":["GET"]}}],"collection":[{"href":"https:\/\/acuariosupremus.com\/index.php?rest_route=\/wp\/v2\/product"}],"about":[{"href":"https:\/\/acuariosupremus.com\/index.php?rest_route=\/wp\/v2\/types\/product"}],"wp:featuredmedia":[{"embeddable":true,"href":"https:\/\/acuariosupremus.com\/index.php?rest_route=\/wp\/v2\/media\/14619"}],"wp:attachment":[{"href":"https:\/\/acuariosupremus.com\/index.php?rest_route=%2Fwp%2Fv2%2Fmedia&parent=6685"}],"wp:term":[{"taxonomy":"product_brand","embeddable":true,"href":"https:\/\/acuariosupremus.com\/index.php?rest_route=%2Fwp%2Fv2%2Fproduct_brand&post=6685"},{"taxonomy":"product_cat","embeddable":true,"href":"https:\/\/acuariosupremus.com\/index.php?rest_route=%2Fwp%2Fv2%2Fproduct_cat&post=6685"},{"taxonomy":"product_tag","embeddable":true,"href":"https:\/\/acuariosupremus.com\/index.php?rest_route=%2Fwp%2Fv2%2Fproduct_tag&post=6685"}],"curies":[{"name":"wp","href":"https:\/\/api.w.org\/{rel}","templated":true}]}}