{"id":6723,"date":"2022-04-14T14:37:43","date_gmt":"2022-04-14T19:37:43","guid":{"rendered":"https:\/\/acuariosupremus.com\/?post_type=product&#038;p=6723"},"modified":"2025-12-20T19:24:36","modified_gmt":"2025-12-21T01:24:36","slug":"aquavitro-tijeras-mini-curvas-15-cm","status":"publish","type":"product","link":"https:\/\/acuariosupremus.com\/?product=aquavitro-tijeras-mini-curvas-15-cm","title":{"rendered":"AquaVitro Tijeras mini curvas, 15 cm"},"content":{"rendered":"<p>Descripci\u00f3n: Ideales para el mantenimiento regular de las plantas acu\u00e1ticas, particularmente para podar las hojas y tallos m\u00e1s peque\u00f1os, como las que forman una alfombra sobre el sustrato del acuario. En los acuarios de arrecife son muy \u00fatiles para efectuar un corte preciso en corales blandos, facilitando la producci\u00f3n de fragmentos o manteniendo la separaci\u00f3n entre ellos. Son particularmente \u00fatiles en nano-acuarios, donde las herramientas m\u00e1s grandes son dif\u00edciles de utilizar y maniobrar. Posee un resorte que abre las tijeras autom\u00e1ticamente, evitando la necesidad de unos ojales para introducir los dedos. Elaboradas en acero INOX.<\/p>\n<p>Tama\u00f1o mm.<br \/>\n143 x 25 x 10 (l x a x h)<br \/>\nMedidas embalaje:<br \/>\n255 x 100 x 13 (l x a x h mm.)<br \/>\nPeso<br \/>\n15 (gramos)<br \/>\nPeso con embalaje:<br \/>\n45 (gramos)<\/p>\n","protected":false},"excerpt":{"rendered":"<p>Mini-tijeras curvas con resorte de peque\u00f1o tama\u00f1o elaboradas en acero de calidad Premium para podar plantas tipo \u201calfombra\u201d. Tambi\u00e9n son \u00fatiles para cortar corales blandos en lugares de dif\u00edcil acceso o en cortes que requieran mucha precisi\u00f3n.<\/p>\n","protected":false},"featured_media":6724,"template":"","meta":[],"product_brand":[125],"product_cat":[40,94],"product_tag":[540],"class_list":{"0":"post-6723","1":"product","2":"type-product","3":"status-publish","4":"has-post-thumbnail","6":"product_brand-aquavitro","7":"product_cat-peces","8":"product_cat-arrecife","9":"product_tag-tijeras-corales-y-plantas","11":"first","12":"instock","13":"sale","14":"shipping-taxable","15":"purchasable","16":"product-type-simple"},"yoast_head":"<!-- This site is optimized with the Yoast SEO plugin v27.4 - https:\/\/yoast.com\/product\/yoast-seo-wordpress\/ -->\n<title>AquaVitro Tijeras mini curvas, 15 cm | Acuario Supremus<\/title>\n<meta name=\"description\" content=\"Mini-tijeras curvas con resorte de peque\u00f1o tama\u00f1o elaboradas en acero de calidad Premium para podar plantas tipo \u201calfombra\u201d.\" \/>\n<meta name=\"robots\" content=\"index, follow, max-snippet:-1, max-image-preview:large, max-video-preview:-1\" \/>\n<link rel=\"canonical\" href=\"https:\/\/acuariosupremus.com\/?product=aquavitro-tijeras-mini-curvas-15-cm\" \/>\n<meta property=\"og:locale\" content=\"es_MX\" \/>\n<meta property=\"og:type\" content=\"article\" \/>\n<meta property=\"og:title\" content=\"AquaVitro Tijeras mini curvas, 15 cm | Acuario Supremus\" \/>\n<meta property=\"og:description\" content=\"Mini-tijeras curvas con resorte de peque\u00f1o tama\u00f1o elaboradas en acero de calidad Premium para podar plantas tipo \u201calfombra\u201d.\" \/>\n<meta property=\"og:url\" content=\"https:\/\/acuariosupremus.com\/?product=aquavitro-tijeras-mini-curvas-15-cm\" \/>\n<meta property=\"og:site_name\" content=\"Acuario Supremus\" \/>\n<meta property=\"article:publisher\" content=\"https:\/\/www.facebook.com\/AcuarioSupremus\" \/>\n<meta property=\"article:modified_time\" content=\"2025-12-21T01:24:36+00:00\" \/>\n<meta property=\"og:image\" content=\"https:\/\/acuariosupremus.com\/wp-content\/uploads\/2022\/04\/aquavitro_curved_spring_shears_01.jpg\" \/>\n\t<meta property=\"og:image:width\" content=\"1250\" \/>\n\t<meta property=\"og:image:height\" content=\"1250\" \/>\n\t<meta property=\"og:image:type\" content=\"image\/jpeg\" \/>\n<meta name=\"twitter:card\" content=\"summary_large_image\" \/>\n<meta name=\"twitter:site\" content=\"@AcuarioSupremus\" \/>\n<meta name=\"twitter:label1\" content=\"Tiempo de lectura\" \/>\n\t<meta name=\"twitter:data1\" content=\"1 minuto\" \/>\n<script type=\"application\/ld+json\" class=\"yoast-schema-graph\">{\"@context\":\"https:\\\/\\\/schema.org\",\"@graph\":[{\"@type\":\"WebPage\",\"@id\":\"https:\\\/\\\/acuariosupremus.com\\\/?product=aquavitro-tijeras-mini-curvas-15-cm\",\"url\":\"https:\\\/\\\/acuariosupremus.com\\\/?product=aquavitro-tijeras-mini-curvas-15-cm\",\"name\":\"AquaVitro Tijeras mini curvas, 15 cm | Acuario Supremus\",\"isPartOf\":{\"@id\":\"https:\\\/\\\/acuariosupremus.com\\\/#website\"},\"primaryImageOfPage\":{\"@id\":\"https:\\\/\\\/acuariosupremus.com\\\/?product=aquavitro-tijeras-mini-curvas-15-cm#primaryimage\"},\"image\":{\"@id\":\"https:\\\/\\\/acuariosupremus.com\\\/?product=aquavitro-tijeras-mini-curvas-15-cm#primaryimage\"},\"thumbnailUrl\":\"https:\\\/\\\/acuariosupremus.com\\\/wp-content\\\/uploads\\\/2022\\\/04\\\/aquavitro_curved_spring_shears_01.jpg\",\"datePublished\":\"2022-04-14T19:37:43+00:00\",\"dateModified\":\"2025-12-21T01:24:36+00:00\",\"description\":\"Mini-tijeras curvas con resorte de peque\u00f1o tama\u00f1o elaboradas en acero de calidad Premium para podar plantas tipo \u201calfombra\u201d.\",\"breadcrumb\":{\"@id\":\"https:\\\/\\\/acuariosupremus.com\\\/?product=aquavitro-tijeras-mini-curvas-15-cm#breadcrumb\"},\"inLanguage\":\"es\",\"potentialAction\":[{\"@type\":\"ReadAction\",\"target\":[\"https:\\\/\\\/acuariosupremus.com\\\/?product=aquavitro-tijeras-mini-curvas-15-cm\"]}]},{\"@type\":\"ImageObject\",\"inLanguage\":\"es\",\"@id\":\"https:\\\/\\\/acuariosupremus.com\\\/?product=aquavitro-tijeras-mini-curvas-15-cm#primaryimage\",\"url\":\"https:\\\/\\\/acuariosupremus.com\\\/wp-content\\\/uploads\\\/2022\\\/04\\\/aquavitro_curved_spring_shears_01.jpg\",\"contentUrl\":\"https:\\\/\\\/acuariosupremus.com\\\/wp-content\\\/uploads\\\/2022\\\/04\\\/aquavitro_curved_spring_shears_01.jpg\",\"width\":1250,\"height\":1250},{\"@type\":\"BreadcrumbList\",\"@id\":\"https:\\\/\\\/acuariosupremus.com\\\/?product=aquavitro-tijeras-mini-curvas-15-cm#breadcrumb\",\"itemListElement\":[{\"@type\":\"ListItem\",\"position\":1,\"name\":\"Portada\",\"item\":\"https:\\\/\\\/acuariosupremus.com\\\/\"},{\"@type\":\"ListItem\",\"position\":2,\"name\":\"Tienda\",\"item\":\"https:\\\/\\\/acuariosupremus.com\\\/tienda\\\/\"},{\"@type\":\"ListItem\",\"position\":3,\"name\":\"AquaVitro Tijeras mini curvas, 15 cm\"}]},{\"@type\":\"WebSite\",\"@id\":\"https:\\\/\\\/acuariosupremus.com\\\/#website\",\"url\":\"https:\\\/\\\/acuariosupremus.com\\\/\",\"name\":\"Acuario Supremus\",\"description\":\"Peces, Peceras y Mascotas.\",\"publisher\":{\"@id\":\"https:\\\/\\\/acuariosupremus.com\\\/#organization\"},\"potentialAction\":[{\"@type\":\"SearchAction\",\"target\":{\"@type\":\"EntryPoint\",\"urlTemplate\":\"https:\\\/\\\/acuariosupremus.com\\\/?s={search_term_string}\"},\"query-input\":{\"@type\":\"PropertyValueSpecification\",\"valueRequired\":true,\"valueName\":\"search_term_string\"}}],\"inLanguage\":\"es\"},{\"@type\":\"Organization\",\"@id\":\"https:\\\/\\\/acuariosupremus.com\\\/#organization\",\"name\":\"Acuario Supremus\",\"url\":\"https:\\\/\\\/acuariosupremus.com\\\/\",\"logo\":{\"@type\":\"ImageObject\",\"inLanguage\":\"es\",\"@id\":\"https:\\\/\\\/acuariosupremus.com\\\/#\\\/schema\\\/logo\\\/image\\\/\",\"url\":\"https:\\\/\\\/acuariosupremus.com\\\/wp-content\\\/uploads\\\/2021\\\/12\\\/cropped-logo_acuario_supremus_fn-2.png\",\"contentUrl\":\"https:\\\/\\\/acuariosupremus.com\\\/wp-content\\\/uploads\\\/2021\\\/12\\\/cropped-logo_acuario_supremus_fn-2.png\",\"width\":1000,\"height\":318,\"caption\":\"Acuario Supremus\"},\"image\":{\"@id\":\"https:\\\/\\\/acuariosupremus.com\\\/#\\\/schema\\\/logo\\\/image\\\/\"},\"sameAs\":[\"https:\\\/\\\/www.facebook.com\\\/AcuarioSupremus\",\"https:\\\/\\\/x.com\\\/AcuarioSupremus\",\"https:\\\/\\\/www.instagram.com\\\/acuariosupremus\\\/?hl=es\"]}]}<\/script>\n<!-- \/ Yoast SEO plugin. -->","yoast_head_json":{"title":"AquaVitro Tijeras mini curvas, 15 cm | Acuario Supremus","description":"Mini-tijeras curvas con resorte de peque\u00f1o tama\u00f1o elaboradas en acero de calidad Premium para podar plantas tipo \u201calfombra\u201d.","robots":{"index":"index","follow":"follow","max-snippet":"max-snippet:-1","max-image-preview":"max-image-preview:large","max-video-preview":"max-video-preview:-1"},"canonical":"https:\/\/acuariosupremus.com\/?product=aquavitro-tijeras-mini-curvas-15-cm","og_locale":"es_MX","og_type":"article","og_title":"AquaVitro Tijeras mini curvas, 15 cm | Acuario Supremus","og_description":"Mini-tijeras curvas con resorte de peque\u00f1o tama\u00f1o elaboradas en acero de calidad Premium para podar plantas tipo \u201calfombra\u201d.","og_url":"https:\/\/acuariosupremus.com\/?product=aquavitro-tijeras-mini-curvas-15-cm","og_site_name":"Acuario Supremus","article_publisher":"https:\/\/www.facebook.com\/AcuarioSupremus","article_modified_time":"2025-12-21T01:24:36+00:00","og_image":[{"width":1250,"height":1250,"url":"https:\/\/acuariosupremus.com\/wp-content\/uploads\/2022\/04\/aquavitro_curved_spring_shears_01.jpg","type":"image\/jpeg"}],"twitter_card":"summary_large_image","twitter_site":"@AcuarioSupremus","twitter_misc":{"Tiempo de lectura":"1 minuto"},"schema":{"@context":"https:\/\/schema.org","@graph":[{"@type":"WebPage","@id":"https:\/\/acuariosupremus.com\/?product=aquavitro-tijeras-mini-curvas-15-cm","url":"https:\/\/acuariosupremus.com\/?product=aquavitro-tijeras-mini-curvas-15-cm","name":"AquaVitro Tijeras mini curvas, 15 cm | Acuario Supremus","isPartOf":{"@id":"https:\/\/acuariosupremus.com\/#website"},"primaryImageOfPage":{"@id":"https:\/\/acuariosupremus.com\/?product=aquavitro-tijeras-mini-curvas-15-cm#primaryimage"},"image":{"@id":"https:\/\/acuariosupremus.com\/?product=aquavitro-tijeras-mini-curvas-15-cm#primaryimage"},"thumbnailUrl":"https:\/\/acuariosupremus.com\/wp-content\/uploads\/2022\/04\/aquavitro_curved_spring_shears_01.jpg","datePublished":"2022-04-14T19:37:43+00:00","dateModified":"2025-12-21T01:24:36+00:00","description":"Mini-tijeras curvas con resorte de peque\u00f1o tama\u00f1o elaboradas en acero de calidad Premium para podar plantas tipo \u201calfombra\u201d.","breadcrumb":{"@id":"https:\/\/acuariosupremus.com\/?product=aquavitro-tijeras-mini-curvas-15-cm#breadcrumb"},"inLanguage":"es","potentialAction":[{"@type":"ReadAction","target":["https:\/\/acuariosupremus.com\/?product=aquavitro-tijeras-mini-curvas-15-cm"]}]},{"@type":"ImageObject","inLanguage":"es","@id":"https:\/\/acuariosupremus.com\/?product=aquavitro-tijeras-mini-curvas-15-cm#primaryimage","url":"https:\/\/acuariosupremus.com\/wp-content\/uploads\/2022\/04\/aquavitro_curved_spring_shears_01.jpg","contentUrl":"https:\/\/acuariosupremus.com\/wp-content\/uploads\/2022\/04\/aquavitro_curved_spring_shears_01.jpg","width":1250,"height":1250},{"@type":"BreadcrumbList","@id":"https:\/\/acuariosupremus.com\/?product=aquavitro-tijeras-mini-curvas-15-cm#breadcrumb","itemListElement":[{"@type":"ListItem","position":1,"name":"Portada","item":"https:\/\/acuariosupremus.com\/"},{"@type":"ListItem","position":2,"name":"Tienda","item":"https:\/\/acuariosupremus.com\/tienda\/"},{"@type":"ListItem","position":3,"name":"AquaVitro Tijeras mini curvas, 15 cm"}]},{"@type":"WebSite","@id":"https:\/\/acuariosupremus.com\/#website","url":"https:\/\/acuariosupremus.com\/","name":"Acuario Supremus","description":"Peces, Peceras y Mascotas.","publisher":{"@id":"https:\/\/acuariosupremus.com\/#organization"},"potentialAction":[{"@type":"SearchAction","target":{"@type":"EntryPoint","urlTemplate":"https:\/\/acuariosupremus.com\/?s={search_term_string}"},"query-input":{"@type":"PropertyValueSpecification","valueRequired":true,"valueName":"search_term_string"}}],"inLanguage":"es"},{"@type":"Organization","@id":"https:\/\/acuariosupremus.com\/#organization","name":"Acuario Supremus","url":"https:\/\/acuariosupremus.com\/","logo":{"@type":"ImageObject","inLanguage":"es","@id":"https:\/\/acuariosupremus.com\/#\/schema\/logo\/image\/","url":"https:\/\/acuariosupremus.com\/wp-content\/uploads\/2021\/12\/cropped-logo_acuario_supremus_fn-2.png","contentUrl":"https:\/\/acuariosupremus.com\/wp-content\/uploads\/2021\/12\/cropped-logo_acuario_supremus_fn-2.png","width":1000,"height":318,"caption":"Acuario Supremus"},"image":{"@id":"https:\/\/acuariosupremus.com\/#\/schema\/logo\/image\/"},"sameAs":["https:\/\/www.facebook.com\/AcuarioSupremus","https:\/\/x.com\/AcuarioSupremus","https:\/\/www.instagram.com\/acuariosupremus\/?hl=es"]}]}},"jetpack_sharing_enabled":true,"_links":{"self":[{"href":"https:\/\/acuariosupremus.com\/index.php?rest_route=\/wp\/v2\/product\/6723","targetHints":{"allow":["GET"]}}],"collection":[{"href":"https:\/\/acuariosupremus.com\/index.php?rest_route=\/wp\/v2\/product"}],"about":[{"href":"https:\/\/acuariosupremus.com\/index.php?rest_route=\/wp\/v2\/types\/product"}],"wp:featuredmedia":[{"embeddable":true,"href":"https:\/\/acuariosupremus.com\/index.php?rest_route=\/wp\/v2\/media\/6724"}],"wp:attachment":[{"href":"https:\/\/acuariosupremus.com\/index.php?rest_route=%2Fwp%2Fv2%2Fmedia&parent=6723"}],"wp:term":[{"taxonomy":"product_brand","embeddable":true,"href":"https:\/\/acuariosupremus.com\/index.php?rest_route=%2Fwp%2Fv2%2Fproduct_brand&post=6723"},{"taxonomy":"product_cat","embeddable":true,"href":"https:\/\/acuariosupremus.com\/index.php?rest_route=%2Fwp%2Fv2%2Fproduct_cat&post=6723"},{"taxonomy":"product_tag","embeddable":true,"href":"https:\/\/acuariosupremus.com\/index.php?rest_route=%2Fwp%2Fv2%2Fproduct_tag&post=6723"}],"curies":[{"name":"wp","href":"https:\/\/api.w.org\/{rel}","templated":true}]}}