{"id":6729,"date":"2022-04-14T14:48:28","date_gmt":"2022-04-14T19:48:28","guid":{"rendered":"https:\/\/acuariosupremus.com\/?post_type=product&#038;p=6729"},"modified":"2025-12-20T19:24:52","modified_gmt":"2025-12-21T01:24:52","slug":"aquavitro-pala-para-remover-sustrato-30-cm","status":"publish","type":"product","link":"https:\/\/acuariosupremus.com\/?product=aquavitro-pala-para-remover-sustrato-30-cm","title":{"rendered":"AquaVitro Pala para remover sustrato, 30 cm"},"content":{"rendered":"<p>Descripci\u00f3n: Ideal para allanar y dar forma al sustrato. Puede ser especialmente \u00fatil en el manejo de sustratos ligeros o de muy baja consistencia. En acuarios de peque\u00f1o tama\u00f1o puede ayudar a colocar el sustrato con precisi\u00f3n. Esta pala para sustrato tambi\u00e9n resulta muy pr\u00e1ctica para eliminar las algas de las paredes en los acuarios de vidrio. Una herramienta imprescindible para cualquier paisajista de acuarios para dar forma al fondo del acuario tanto en seco como si ya est\u00e1 lleno de agua.<\/p>\n<p>Tama\u00f1o mm.<br \/>\n321 x 68 x 5 (l x a x h)<br \/>\nMedidas embalaje:<br \/>\n410 x 90 x 10 (l x a x h mm.)<br \/>\nPeso<br \/>\n45 (gramos)<br \/>\nPeso con embalaje:<br \/>\n85 (gramos)<\/p>\n","protected":false},"excerpt":{"rendered":"<p>Pala para mover el sustrato elaborada en acero de calidad Premium. Posee un ancho diferente en cada extremo para adaptarse a diferentes espacios.<\/p>\n","protected":false},"featured_media":6730,"template":"","meta":[],"product_brand":[125],"product_cat":[40,94],"product_tag":[541],"class_list":{"0":"post-6729","1":"product","2":"type-product","3":"status-publish","4":"has-post-thumbnail","6":"product_brand-aquavitro","7":"product_cat-peces","8":"product_cat-arrecife","9":"product_tag-pala-para-sustrato","11":"first","12":"instock","13":"sale","14":"shipping-taxable","15":"purchasable","16":"product-type-simple"},"yoast_head":"<!-- This site is optimized with the Yoast SEO plugin v27.4 - https:\/\/yoast.com\/product\/yoast-seo-wordpress\/ -->\n<title>AquaVitro Pala para remover sustrato, 30 cm | Acuario Supremus<\/title>\n<meta name=\"description\" content=\"Pala para mover el sustrato elaborada en acero de calidad Premium. Posee un ancho diferente en cada extremo para adaptarse a diferentes espacios.\" \/>\n<meta name=\"robots\" content=\"index, follow, max-snippet:-1, max-image-preview:large, max-video-preview:-1\" \/>\n<link rel=\"canonical\" href=\"https:\/\/acuariosupremus.com\/?product=aquavitro-pala-para-remover-sustrato-30-cm\" \/>\n<meta property=\"og:locale\" content=\"es_MX\" \/>\n<meta property=\"og:type\" content=\"article\" \/>\n<meta property=\"og:title\" content=\"AquaVitro Pala para remover sustrato, 30 cm | Acuario Supremus\" \/>\n<meta property=\"og:description\" content=\"Pala para mover el sustrato elaborada en acero de calidad Premium. Posee un ancho diferente en cada extremo para adaptarse a diferentes espacios.\" \/>\n<meta property=\"og:url\" content=\"https:\/\/acuariosupremus.com\/?product=aquavitro-pala-para-remover-sustrato-30-cm\" \/>\n<meta property=\"og:site_name\" content=\"Acuario Supremus\" \/>\n<meta property=\"article:publisher\" content=\"https:\/\/www.facebook.com\/AcuarioSupremus\" \/>\n<meta property=\"article:modified_time\" content=\"2025-12-21T01:24:52+00:00\" \/>\n<meta property=\"og:image\" content=\"https:\/\/acuariosupremus.com\/wp-content\/uploads\/2022\/04\/aquavitro_soil_spade_01.jpg\" \/>\n\t<meta property=\"og:image:width\" content=\"1250\" \/>\n\t<meta property=\"og:image:height\" content=\"1250\" \/>\n\t<meta property=\"og:image:type\" content=\"image\/jpeg\" \/>\n<meta name=\"twitter:card\" content=\"summary_large_image\" \/>\n<meta name=\"twitter:site\" content=\"@AcuarioSupremus\" \/>\n<meta name=\"twitter:label1\" content=\"Tiempo de lectura\" \/>\n\t<meta name=\"twitter:data1\" content=\"1 minuto\" \/>\n<script type=\"application\/ld+json\" class=\"yoast-schema-graph\">{\"@context\":\"https:\\\/\\\/schema.org\",\"@graph\":[{\"@type\":\"WebPage\",\"@id\":\"https:\\\/\\\/acuariosupremus.com\\\/?product=aquavitro-pala-para-remover-sustrato-30-cm\",\"url\":\"https:\\\/\\\/acuariosupremus.com\\\/?product=aquavitro-pala-para-remover-sustrato-30-cm\",\"name\":\"AquaVitro Pala para remover sustrato, 30 cm | Acuario Supremus\",\"isPartOf\":{\"@id\":\"https:\\\/\\\/acuariosupremus.com\\\/#website\"},\"primaryImageOfPage\":{\"@id\":\"https:\\\/\\\/acuariosupremus.com\\\/?product=aquavitro-pala-para-remover-sustrato-30-cm#primaryimage\"},\"image\":{\"@id\":\"https:\\\/\\\/acuariosupremus.com\\\/?product=aquavitro-pala-para-remover-sustrato-30-cm#primaryimage\"},\"thumbnailUrl\":\"https:\\\/\\\/acuariosupremus.com\\\/wp-content\\\/uploads\\\/2022\\\/04\\\/aquavitro_soil_spade_01.jpg\",\"datePublished\":\"2022-04-14T19:48:28+00:00\",\"dateModified\":\"2025-12-21T01:24:52+00:00\",\"description\":\"Pala para mover el sustrato elaborada en acero de calidad Premium. Posee un ancho diferente en cada extremo para adaptarse a diferentes espacios.\",\"breadcrumb\":{\"@id\":\"https:\\\/\\\/acuariosupremus.com\\\/?product=aquavitro-pala-para-remover-sustrato-30-cm#breadcrumb\"},\"inLanguage\":\"es\",\"potentialAction\":[{\"@type\":\"ReadAction\",\"target\":[\"https:\\\/\\\/acuariosupremus.com\\\/?product=aquavitro-pala-para-remover-sustrato-30-cm\"]}]},{\"@type\":\"ImageObject\",\"inLanguage\":\"es\",\"@id\":\"https:\\\/\\\/acuariosupremus.com\\\/?product=aquavitro-pala-para-remover-sustrato-30-cm#primaryimage\",\"url\":\"https:\\\/\\\/acuariosupremus.com\\\/wp-content\\\/uploads\\\/2022\\\/04\\\/aquavitro_soil_spade_01.jpg\",\"contentUrl\":\"https:\\\/\\\/acuariosupremus.com\\\/wp-content\\\/uploads\\\/2022\\\/04\\\/aquavitro_soil_spade_01.jpg\",\"width\":1250,\"height\":1250},{\"@type\":\"BreadcrumbList\",\"@id\":\"https:\\\/\\\/acuariosupremus.com\\\/?product=aquavitro-pala-para-remover-sustrato-30-cm#breadcrumb\",\"itemListElement\":[{\"@type\":\"ListItem\",\"position\":1,\"name\":\"Portada\",\"item\":\"https:\\\/\\\/acuariosupremus.com\\\/\"},{\"@type\":\"ListItem\",\"position\":2,\"name\":\"Tienda\",\"item\":\"https:\\\/\\\/acuariosupremus.com\\\/tienda\\\/\"},{\"@type\":\"ListItem\",\"position\":3,\"name\":\"AquaVitro Pala para remover sustrato, 30 cm\"}]},{\"@type\":\"WebSite\",\"@id\":\"https:\\\/\\\/acuariosupremus.com\\\/#website\",\"url\":\"https:\\\/\\\/acuariosupremus.com\\\/\",\"name\":\"Acuario Supremus\",\"description\":\"Peces, Peceras y Mascotas.\",\"publisher\":{\"@id\":\"https:\\\/\\\/acuariosupremus.com\\\/#organization\"},\"potentialAction\":[{\"@type\":\"SearchAction\",\"target\":{\"@type\":\"EntryPoint\",\"urlTemplate\":\"https:\\\/\\\/acuariosupremus.com\\\/?s={search_term_string}\"},\"query-input\":{\"@type\":\"PropertyValueSpecification\",\"valueRequired\":true,\"valueName\":\"search_term_string\"}}],\"inLanguage\":\"es\"},{\"@type\":\"Organization\",\"@id\":\"https:\\\/\\\/acuariosupremus.com\\\/#organization\",\"name\":\"Acuario Supremus\",\"url\":\"https:\\\/\\\/acuariosupremus.com\\\/\",\"logo\":{\"@type\":\"ImageObject\",\"inLanguage\":\"es\",\"@id\":\"https:\\\/\\\/acuariosupremus.com\\\/#\\\/schema\\\/logo\\\/image\\\/\",\"url\":\"https:\\\/\\\/acuariosupremus.com\\\/wp-content\\\/uploads\\\/2021\\\/12\\\/cropped-logo_acuario_supremus_fn-2.png\",\"contentUrl\":\"https:\\\/\\\/acuariosupremus.com\\\/wp-content\\\/uploads\\\/2021\\\/12\\\/cropped-logo_acuario_supremus_fn-2.png\",\"width\":1000,\"height\":318,\"caption\":\"Acuario Supremus\"},\"image\":{\"@id\":\"https:\\\/\\\/acuariosupremus.com\\\/#\\\/schema\\\/logo\\\/image\\\/\"},\"sameAs\":[\"https:\\\/\\\/www.facebook.com\\\/AcuarioSupremus\",\"https:\\\/\\\/x.com\\\/AcuarioSupremus\",\"https:\\\/\\\/www.instagram.com\\\/acuariosupremus\\\/?hl=es\"]}]}<\/script>\n<!-- \/ Yoast SEO plugin. -->","yoast_head_json":{"title":"AquaVitro Pala para remover sustrato, 30 cm | Acuario Supremus","description":"Pala para mover el sustrato elaborada en acero de calidad Premium. Posee un ancho diferente en cada extremo para adaptarse a diferentes espacios.","robots":{"index":"index","follow":"follow","max-snippet":"max-snippet:-1","max-image-preview":"max-image-preview:large","max-video-preview":"max-video-preview:-1"},"canonical":"https:\/\/acuariosupremus.com\/?product=aquavitro-pala-para-remover-sustrato-30-cm","og_locale":"es_MX","og_type":"article","og_title":"AquaVitro Pala para remover sustrato, 30 cm | Acuario Supremus","og_description":"Pala para mover el sustrato elaborada en acero de calidad Premium. Posee un ancho diferente en cada extremo para adaptarse a diferentes espacios.","og_url":"https:\/\/acuariosupremus.com\/?product=aquavitro-pala-para-remover-sustrato-30-cm","og_site_name":"Acuario Supremus","article_publisher":"https:\/\/www.facebook.com\/AcuarioSupremus","article_modified_time":"2025-12-21T01:24:52+00:00","og_image":[{"width":1250,"height":1250,"url":"https:\/\/acuariosupremus.com\/wp-content\/uploads\/2022\/04\/aquavitro_soil_spade_01.jpg","type":"image\/jpeg"}],"twitter_card":"summary_large_image","twitter_site":"@AcuarioSupremus","twitter_misc":{"Tiempo de lectura":"1 minuto"},"schema":{"@context":"https:\/\/schema.org","@graph":[{"@type":"WebPage","@id":"https:\/\/acuariosupremus.com\/?product=aquavitro-pala-para-remover-sustrato-30-cm","url":"https:\/\/acuariosupremus.com\/?product=aquavitro-pala-para-remover-sustrato-30-cm","name":"AquaVitro Pala para remover sustrato, 30 cm | Acuario Supremus","isPartOf":{"@id":"https:\/\/acuariosupremus.com\/#website"},"primaryImageOfPage":{"@id":"https:\/\/acuariosupremus.com\/?product=aquavitro-pala-para-remover-sustrato-30-cm#primaryimage"},"image":{"@id":"https:\/\/acuariosupremus.com\/?product=aquavitro-pala-para-remover-sustrato-30-cm#primaryimage"},"thumbnailUrl":"https:\/\/acuariosupremus.com\/wp-content\/uploads\/2022\/04\/aquavitro_soil_spade_01.jpg","datePublished":"2022-04-14T19:48:28+00:00","dateModified":"2025-12-21T01:24:52+00:00","description":"Pala para mover el sustrato elaborada en acero de calidad Premium. Posee un ancho diferente en cada extremo para adaptarse a diferentes espacios.","breadcrumb":{"@id":"https:\/\/acuariosupremus.com\/?product=aquavitro-pala-para-remover-sustrato-30-cm#breadcrumb"},"inLanguage":"es","potentialAction":[{"@type":"ReadAction","target":["https:\/\/acuariosupremus.com\/?product=aquavitro-pala-para-remover-sustrato-30-cm"]}]},{"@type":"ImageObject","inLanguage":"es","@id":"https:\/\/acuariosupremus.com\/?product=aquavitro-pala-para-remover-sustrato-30-cm#primaryimage","url":"https:\/\/acuariosupremus.com\/wp-content\/uploads\/2022\/04\/aquavitro_soil_spade_01.jpg","contentUrl":"https:\/\/acuariosupremus.com\/wp-content\/uploads\/2022\/04\/aquavitro_soil_spade_01.jpg","width":1250,"height":1250},{"@type":"BreadcrumbList","@id":"https:\/\/acuariosupremus.com\/?product=aquavitro-pala-para-remover-sustrato-30-cm#breadcrumb","itemListElement":[{"@type":"ListItem","position":1,"name":"Portada","item":"https:\/\/acuariosupremus.com\/"},{"@type":"ListItem","position":2,"name":"Tienda","item":"https:\/\/acuariosupremus.com\/tienda\/"},{"@type":"ListItem","position":3,"name":"AquaVitro Pala para remover sustrato, 30 cm"}]},{"@type":"WebSite","@id":"https:\/\/acuariosupremus.com\/#website","url":"https:\/\/acuariosupremus.com\/","name":"Acuario Supremus","description":"Peces, Peceras y Mascotas.","publisher":{"@id":"https:\/\/acuariosupremus.com\/#organization"},"potentialAction":[{"@type":"SearchAction","target":{"@type":"EntryPoint","urlTemplate":"https:\/\/acuariosupremus.com\/?s={search_term_string}"},"query-input":{"@type":"PropertyValueSpecification","valueRequired":true,"valueName":"search_term_string"}}],"inLanguage":"es"},{"@type":"Organization","@id":"https:\/\/acuariosupremus.com\/#organization","name":"Acuario Supremus","url":"https:\/\/acuariosupremus.com\/","logo":{"@type":"ImageObject","inLanguage":"es","@id":"https:\/\/acuariosupremus.com\/#\/schema\/logo\/image\/","url":"https:\/\/acuariosupremus.com\/wp-content\/uploads\/2021\/12\/cropped-logo_acuario_supremus_fn-2.png","contentUrl":"https:\/\/acuariosupremus.com\/wp-content\/uploads\/2021\/12\/cropped-logo_acuario_supremus_fn-2.png","width":1000,"height":318,"caption":"Acuario Supremus"},"image":{"@id":"https:\/\/acuariosupremus.com\/#\/schema\/logo\/image\/"},"sameAs":["https:\/\/www.facebook.com\/AcuarioSupremus","https:\/\/x.com\/AcuarioSupremus","https:\/\/www.instagram.com\/acuariosupremus\/?hl=es"]}]}},"jetpack_sharing_enabled":true,"_links":{"self":[{"href":"https:\/\/acuariosupremus.com\/index.php?rest_route=\/wp\/v2\/product\/6729","targetHints":{"allow":["GET"]}}],"collection":[{"href":"https:\/\/acuariosupremus.com\/index.php?rest_route=\/wp\/v2\/product"}],"about":[{"href":"https:\/\/acuariosupremus.com\/index.php?rest_route=\/wp\/v2\/types\/product"}],"wp:featuredmedia":[{"embeddable":true,"href":"https:\/\/acuariosupremus.com\/index.php?rest_route=\/wp\/v2\/media\/6730"}],"wp:attachment":[{"href":"https:\/\/acuariosupremus.com\/index.php?rest_route=%2Fwp%2Fv2%2Fmedia&parent=6729"}],"wp:term":[{"taxonomy":"product_brand","embeddable":true,"href":"https:\/\/acuariosupremus.com\/index.php?rest_route=%2Fwp%2Fv2%2Fproduct_brand&post=6729"},{"taxonomy":"product_cat","embeddable":true,"href":"https:\/\/acuariosupremus.com\/index.php?rest_route=%2Fwp%2Fv2%2Fproduct_cat&post=6729"},{"taxonomy":"product_tag","embeddable":true,"href":"https:\/\/acuariosupremus.com\/index.php?rest_route=%2Fwp%2Fv2%2Fproduct_tag&post=6729"}],"curies":[{"name":"wp","href":"https:\/\/api.w.org\/{rel}","templated":true}]}}