{"id":6778,"date":"2022-04-14T15:56:03","date_gmt":"2022-04-14T20:56:03","guid":{"rendered":"https:\/\/acuariosupremus.com\/?post_type=product&#038;p=6778"},"modified":"2025-12-20T19:31:22","modified_gmt":"2025-12-21T01:31:22","slug":"aquavitro-pinzas-doble-curva","status":"publish","type":"product","link":"https:\/\/acuariosupremus.com\/?product=aquavitro-pinzas-doble-curva","title":{"rendered":"AquaVitro Pinzas doble curva"},"content":{"rendered":"<p>Descripci\u00f3n: Estas pinzas curvas est\u00e1n dise\u00f1adas para su uso en acuarios de agua dulce y marinos. Son ideales para plantar y mantener plantas acu\u00e1ticas, particularmente aquellas que presentan tallos peque\u00f1os o delicados. Son especialmente \u00fatiles para de sembrar plantas en las esquinas del acuario o alrededor de rocas y troncos. Tambi\u00e9n son excelentes para recuperar frags y corales ca\u00eddos o perdidos en \u00e1reas dif\u00edciles de alcanzar en acuarios de arrecife.<\/p>\n<p>Tama\u00f1o mm.<br \/>\n215 x 28 x 5 (l x a x h)<br \/>\nMedidas embalaje:<br \/>\n330 x 90 x 18 (l x a x h mm.)<br \/>\nPeso<br \/>\n35 (gramos)<br \/>\nPeso con embalaje:<br \/>\n70 (gramos)<\/p>\n","protected":false},"excerpt":{"rendered":"<p>Pinzas con doble curva elaboradas en acero de calidad Premium. Ideal para plantar y mantener plantas acu\u00e1ticas, particularmente aquellas con tallos peque\u00f1os o delicados.<\/p>\n<p>&nbsp;<\/p>\n","protected":false},"featured_media":6779,"template":"","meta":[],"product_brand":[125],"product_cat":[40,94],"product_tag":[542],"class_list":{"0":"post-6778","1":"product","2":"type-product","3":"status-publish","4":"has-post-thumbnail","6":"product_brand-aquavitro","7":"product_cat-peces","8":"product_cat-arrecife","9":"product_tag-pinzas-corales-y-plantas","11":"first","12":"instock","13":"sale","14":"shipping-taxable","15":"purchasable","16":"product-type-simple"},"yoast_head":"<!-- This site is optimized with the Yoast SEO plugin v27.5 - https:\/\/yoast.com\/product\/yoast-seo-wordpress\/ -->\n<title>AquaVitro Pinzas doble curva | Acuario Supremus<\/title>\n<meta name=\"description\" content=\"Pinzas con doble curva elaboradas en acero de calidad Premium. Ideal para plantar y mantener plantas acu\u00e1ticas, particularmente aquellas con tallos peque\u00f1os o delicados.\" \/>\n<meta name=\"robots\" content=\"index, follow, max-snippet:-1, max-image-preview:large, max-video-preview:-1\" \/>\n<link rel=\"canonical\" href=\"https:\/\/acuariosupremus.com\/?product=aquavitro-pinzas-doble-curva\" \/>\n<meta property=\"og:locale\" content=\"es_MX\" \/>\n<meta property=\"og:type\" content=\"article\" \/>\n<meta property=\"og:title\" content=\"AquaVitro Pinzas doble curva | Acuario Supremus\" \/>\n<meta property=\"og:description\" content=\"Pinzas con doble curva elaboradas en acero de calidad Premium. Ideal para plantar y mantener plantas acu\u00e1ticas, particularmente aquellas con tallos peque\u00f1os o delicados.\" \/>\n<meta property=\"og:url\" content=\"https:\/\/acuariosupremus.com\/?product=aquavitro-pinzas-doble-curva\" \/>\n<meta property=\"og:site_name\" content=\"Acuario Supremus\" \/>\n<meta property=\"article:publisher\" content=\"https:\/\/www.facebook.com\/AcuarioSupremus\" \/>\n<meta property=\"article:modified_time\" content=\"2025-12-21T01:31:22+00:00\" \/>\n<meta property=\"og:image\" content=\"https:\/\/acuariosupremus.com\/wp-content\/uploads\/2022\/04\/aquavitro_double_curved_forceps_01.jpg\" \/>\n\t<meta property=\"og:image:width\" content=\"1250\" \/>\n\t<meta property=\"og:image:height\" content=\"1250\" \/>\n\t<meta property=\"og:image:type\" content=\"image\/jpeg\" \/>\n<meta name=\"twitter:card\" content=\"summary_large_image\" \/>\n<meta name=\"twitter:site\" content=\"@AcuarioSupremus\" \/>\n<meta name=\"twitter:label1\" content=\"Tiempo de lectura\" \/>\n\t<meta name=\"twitter:data1\" content=\"1 minuto\" \/>\n<script type=\"application\/ld+json\" class=\"yoast-schema-graph\">{\"@context\":\"https:\\\/\\\/schema.org\",\"@graph\":[{\"@type\":\"WebPage\",\"@id\":\"https:\\\/\\\/acuariosupremus.com\\\/?product=aquavitro-pinzas-doble-curva\",\"url\":\"https:\\\/\\\/acuariosupremus.com\\\/?product=aquavitro-pinzas-doble-curva\",\"name\":\"AquaVitro Pinzas doble curva | Acuario Supremus\",\"isPartOf\":{\"@id\":\"https:\\\/\\\/acuariosupremus.com\\\/#website\"},\"primaryImageOfPage\":{\"@id\":\"https:\\\/\\\/acuariosupremus.com\\\/?product=aquavitro-pinzas-doble-curva#primaryimage\"},\"image\":{\"@id\":\"https:\\\/\\\/acuariosupremus.com\\\/?product=aquavitro-pinzas-doble-curva#primaryimage\"},\"thumbnailUrl\":\"https:\\\/\\\/acuariosupremus.com\\\/wp-content\\\/uploads\\\/2022\\\/04\\\/aquavitro_double_curved_forceps_01.jpg\",\"datePublished\":\"2022-04-14T20:56:03+00:00\",\"dateModified\":\"2025-12-21T01:31:22+00:00\",\"description\":\"Pinzas con doble curva elaboradas en acero de calidad Premium. Ideal para plantar y mantener plantas acu\u00e1ticas, particularmente aquellas con tallos peque\u00f1os o delicados.\",\"breadcrumb\":{\"@id\":\"https:\\\/\\\/acuariosupremus.com\\\/?product=aquavitro-pinzas-doble-curva#breadcrumb\"},\"inLanguage\":\"es\",\"potentialAction\":[{\"@type\":\"ReadAction\",\"target\":[\"https:\\\/\\\/acuariosupremus.com\\\/?product=aquavitro-pinzas-doble-curva\"]}]},{\"@type\":\"ImageObject\",\"inLanguage\":\"es\",\"@id\":\"https:\\\/\\\/acuariosupremus.com\\\/?product=aquavitro-pinzas-doble-curva#primaryimage\",\"url\":\"https:\\\/\\\/acuariosupremus.com\\\/wp-content\\\/uploads\\\/2022\\\/04\\\/aquavitro_double_curved_forceps_01.jpg\",\"contentUrl\":\"https:\\\/\\\/acuariosupremus.com\\\/wp-content\\\/uploads\\\/2022\\\/04\\\/aquavitro_double_curved_forceps_01.jpg\",\"width\":1250,\"height\":1250},{\"@type\":\"BreadcrumbList\",\"@id\":\"https:\\\/\\\/acuariosupremus.com\\\/?product=aquavitro-pinzas-doble-curva#breadcrumb\",\"itemListElement\":[{\"@type\":\"ListItem\",\"position\":1,\"name\":\"Portada\",\"item\":\"https:\\\/\\\/acuariosupremus.com\\\/\"},{\"@type\":\"ListItem\",\"position\":2,\"name\":\"Tienda\",\"item\":\"https:\\\/\\\/acuariosupremus.com\\\/tienda\\\/\"},{\"@type\":\"ListItem\",\"position\":3,\"name\":\"AquaVitro Pinzas doble curva\"}]},{\"@type\":\"WebSite\",\"@id\":\"https:\\\/\\\/acuariosupremus.com\\\/#website\",\"url\":\"https:\\\/\\\/acuariosupremus.com\\\/\",\"name\":\"Acuario Supremus\",\"description\":\"Peces, Peceras y Mascotas.\",\"publisher\":{\"@id\":\"https:\\\/\\\/acuariosupremus.com\\\/#organization\"},\"potentialAction\":[{\"@type\":\"SearchAction\",\"target\":{\"@type\":\"EntryPoint\",\"urlTemplate\":\"https:\\\/\\\/acuariosupremus.com\\\/?s={search_term_string}\"},\"query-input\":{\"@type\":\"PropertyValueSpecification\",\"valueRequired\":true,\"valueName\":\"search_term_string\"}}],\"inLanguage\":\"es\"},{\"@type\":\"Organization\",\"@id\":\"https:\\\/\\\/acuariosupremus.com\\\/#organization\",\"name\":\"Acuario Supremus\",\"url\":\"https:\\\/\\\/acuariosupremus.com\\\/\",\"logo\":{\"@type\":\"ImageObject\",\"inLanguage\":\"es\",\"@id\":\"https:\\\/\\\/acuariosupremus.com\\\/#\\\/schema\\\/logo\\\/image\\\/\",\"url\":\"https:\\\/\\\/acuariosupremus.com\\\/wp-content\\\/uploads\\\/2021\\\/12\\\/cropped-logo_acuario_supremus_fn-2.png\",\"contentUrl\":\"https:\\\/\\\/acuariosupremus.com\\\/wp-content\\\/uploads\\\/2021\\\/12\\\/cropped-logo_acuario_supremus_fn-2.png\",\"width\":1000,\"height\":318,\"caption\":\"Acuario Supremus\"},\"image\":{\"@id\":\"https:\\\/\\\/acuariosupremus.com\\\/#\\\/schema\\\/logo\\\/image\\\/\"},\"sameAs\":[\"https:\\\/\\\/www.facebook.com\\\/AcuarioSupremus\",\"https:\\\/\\\/x.com\\\/AcuarioSupremus\",\"https:\\\/\\\/www.instagram.com\\\/acuariosupremus\\\/?hl=es\"]}]}<\/script>\n<!-- \/ Yoast SEO plugin. -->","yoast_head_json":{"title":"AquaVitro Pinzas doble curva | Acuario Supremus","description":"Pinzas con doble curva elaboradas en acero de calidad Premium. Ideal para plantar y mantener plantas acu\u00e1ticas, particularmente aquellas con tallos peque\u00f1os o delicados.","robots":{"index":"index","follow":"follow","max-snippet":"max-snippet:-1","max-image-preview":"max-image-preview:large","max-video-preview":"max-video-preview:-1"},"canonical":"https:\/\/acuariosupremus.com\/?product=aquavitro-pinzas-doble-curva","og_locale":"es_MX","og_type":"article","og_title":"AquaVitro Pinzas doble curva | Acuario Supremus","og_description":"Pinzas con doble curva elaboradas en acero de calidad Premium. Ideal para plantar y mantener plantas acu\u00e1ticas, particularmente aquellas con tallos peque\u00f1os o delicados.","og_url":"https:\/\/acuariosupremus.com\/?product=aquavitro-pinzas-doble-curva","og_site_name":"Acuario Supremus","article_publisher":"https:\/\/www.facebook.com\/AcuarioSupremus","article_modified_time":"2025-12-21T01:31:22+00:00","og_image":[{"width":1250,"height":1250,"url":"https:\/\/acuariosupremus.com\/wp-content\/uploads\/2022\/04\/aquavitro_double_curved_forceps_01.jpg","type":"image\/jpeg"}],"twitter_card":"summary_large_image","twitter_site":"@AcuarioSupremus","twitter_misc":{"Tiempo de lectura":"1 minuto"},"schema":{"@context":"https:\/\/schema.org","@graph":[{"@type":"WebPage","@id":"https:\/\/acuariosupremus.com\/?product=aquavitro-pinzas-doble-curva","url":"https:\/\/acuariosupremus.com\/?product=aquavitro-pinzas-doble-curva","name":"AquaVitro Pinzas doble curva | Acuario Supremus","isPartOf":{"@id":"https:\/\/acuariosupremus.com\/#website"},"primaryImageOfPage":{"@id":"https:\/\/acuariosupremus.com\/?product=aquavitro-pinzas-doble-curva#primaryimage"},"image":{"@id":"https:\/\/acuariosupremus.com\/?product=aquavitro-pinzas-doble-curva#primaryimage"},"thumbnailUrl":"https:\/\/acuariosupremus.com\/wp-content\/uploads\/2022\/04\/aquavitro_double_curved_forceps_01.jpg","datePublished":"2022-04-14T20:56:03+00:00","dateModified":"2025-12-21T01:31:22+00:00","description":"Pinzas con doble curva elaboradas en acero de calidad Premium. Ideal para plantar y mantener plantas acu\u00e1ticas, particularmente aquellas con tallos peque\u00f1os o delicados.","breadcrumb":{"@id":"https:\/\/acuariosupremus.com\/?product=aquavitro-pinzas-doble-curva#breadcrumb"},"inLanguage":"es","potentialAction":[{"@type":"ReadAction","target":["https:\/\/acuariosupremus.com\/?product=aquavitro-pinzas-doble-curva"]}]},{"@type":"ImageObject","inLanguage":"es","@id":"https:\/\/acuariosupremus.com\/?product=aquavitro-pinzas-doble-curva#primaryimage","url":"https:\/\/acuariosupremus.com\/wp-content\/uploads\/2022\/04\/aquavitro_double_curved_forceps_01.jpg","contentUrl":"https:\/\/acuariosupremus.com\/wp-content\/uploads\/2022\/04\/aquavitro_double_curved_forceps_01.jpg","width":1250,"height":1250},{"@type":"BreadcrumbList","@id":"https:\/\/acuariosupremus.com\/?product=aquavitro-pinzas-doble-curva#breadcrumb","itemListElement":[{"@type":"ListItem","position":1,"name":"Portada","item":"https:\/\/acuariosupremus.com\/"},{"@type":"ListItem","position":2,"name":"Tienda","item":"https:\/\/acuariosupremus.com\/tienda\/"},{"@type":"ListItem","position":3,"name":"AquaVitro Pinzas doble curva"}]},{"@type":"WebSite","@id":"https:\/\/acuariosupremus.com\/#website","url":"https:\/\/acuariosupremus.com\/","name":"Acuario Supremus","description":"Peces, Peceras y Mascotas.","publisher":{"@id":"https:\/\/acuariosupremus.com\/#organization"},"potentialAction":[{"@type":"SearchAction","target":{"@type":"EntryPoint","urlTemplate":"https:\/\/acuariosupremus.com\/?s={search_term_string}"},"query-input":{"@type":"PropertyValueSpecification","valueRequired":true,"valueName":"search_term_string"}}],"inLanguage":"es"},{"@type":"Organization","@id":"https:\/\/acuariosupremus.com\/#organization","name":"Acuario Supremus","url":"https:\/\/acuariosupremus.com\/","logo":{"@type":"ImageObject","inLanguage":"es","@id":"https:\/\/acuariosupremus.com\/#\/schema\/logo\/image\/","url":"https:\/\/acuariosupremus.com\/wp-content\/uploads\/2021\/12\/cropped-logo_acuario_supremus_fn-2.png","contentUrl":"https:\/\/acuariosupremus.com\/wp-content\/uploads\/2021\/12\/cropped-logo_acuario_supremus_fn-2.png","width":1000,"height":318,"caption":"Acuario Supremus"},"image":{"@id":"https:\/\/acuariosupremus.com\/#\/schema\/logo\/image\/"},"sameAs":["https:\/\/www.facebook.com\/AcuarioSupremus","https:\/\/x.com\/AcuarioSupremus","https:\/\/www.instagram.com\/acuariosupremus\/?hl=es"]}]}},"jetpack_sharing_enabled":true,"_links":{"self":[{"href":"https:\/\/acuariosupremus.com\/index.php?rest_route=\/wp\/v2\/product\/6778","targetHints":{"allow":["GET"]}}],"collection":[{"href":"https:\/\/acuariosupremus.com\/index.php?rest_route=\/wp\/v2\/product"}],"about":[{"href":"https:\/\/acuariosupremus.com\/index.php?rest_route=\/wp\/v2\/types\/product"}],"wp:featuredmedia":[{"embeddable":true,"href":"https:\/\/acuariosupremus.com\/index.php?rest_route=\/wp\/v2\/media\/6779"}],"wp:attachment":[{"href":"https:\/\/acuariosupremus.com\/index.php?rest_route=%2Fwp%2Fv2%2Fmedia&parent=6778"}],"wp:term":[{"taxonomy":"product_brand","embeddable":true,"href":"https:\/\/acuariosupremus.com\/index.php?rest_route=%2Fwp%2Fv2%2Fproduct_brand&post=6778"},{"taxonomy":"product_cat","embeddable":true,"href":"https:\/\/acuariosupremus.com\/index.php?rest_route=%2Fwp%2Fv2%2Fproduct_cat&post=6778"},{"taxonomy":"product_tag","embeddable":true,"href":"https:\/\/acuariosupremus.com\/index.php?rest_route=%2Fwp%2Fv2%2Fproduct_tag&post=6778"}],"curies":[{"name":"wp","href":"https:\/\/api.w.org\/{rel}","templated":true}]}}