{"id":6790,"date":"2022-04-14T16:08:34","date_gmt":"2022-04-14T21:08:34","guid":{"rendered":"https:\/\/acuariosupremus.com\/?post_type=product&#038;p=6790"},"modified":"2025-08-30T16:06:59","modified_gmt":"2025-08-30T22:06:59","slug":"aquavitro-alicate-para-cortar-coral-media-luna-dentado","status":"publish","type":"product","link":"https:\/\/acuariosupremus.com\/?product=aquavitro-alicate-para-cortar-coral-media-luna-dentado","title":{"rendered":"AquaVitro Alicate para cortar coral media luna, dentado"},"content":{"rendered":"<p>Descripci\u00f3n: Este potente alicate para corte de precisi\u00f3n es ideal para la fragmentaci\u00f3n de corales para propagaci\u00f3n, o bien para seccionar ciertas partes cuando sea necesario, con el objeto de limitar espacio entre ellos o cambiar su forma y realizar as\u00ed el dise\u00f1o general del arrecife. Est\u00e1n dise\u00f1ados principalmente para su uso en acuarios marinos, pero tambi\u00e9n pueden usarse con seguridad en agua dulce. Son excelentes para separar los frags de sus soportes despu\u00e9s de haberse desarrollado.<\/p>\n<p>Tama\u00f1o mm.<br \/>\n195 x 104 x 10 (l x a x h)<br \/>\nMedidas embalaje:<br \/>\n300 x 105 x 18 (l x a x h mm.)<br \/>\nPeso<br \/>\n175 (gramos) c\/u<br \/>\nPeso con embalaje:<br \/>\n210 (gramos)<\/p>\n","protected":false},"excerpt":{"rendered":"<p>Potente alicate de media luna para cortar corales duros. est\u00e1 elaborado con acero de grado quir\u00fargico para efectuar cortes muy precisos incluso en los corales m\u00e1s gruesos y duros.<\/p>\n<p>&nbsp;<\/p>\n","protected":false},"featured_media":6791,"template":"","meta":[],"product_brand":[125],"product_cat":[40,94],"product_tag":[544],"class_list":{"0":"post-6790","1":"product","2":"type-product","3":"status-publish","4":"has-post-thumbnail","6":"product_brand-aquavitro","7":"product_cat-peces","8":"product_cat-arrecife","9":"product_tag-alicates-corte-corales","11":"first","12":"instock","13":"sale","14":"shipping-taxable","15":"purchasable","16":"product-type-simple"},"yoast_head":"<!-- This site is optimized with the Yoast SEO plugin v27.5 - https:\/\/yoast.com\/product\/yoast-seo-wordpress\/ -->\n<title>AquaVitro Alicate para cortar coral media luna, dentado | Acuario Supremus<\/title>\n<meta name=\"description\" content=\"Potente alicate de media luna para cortar corales duros, elaborado con acero de grado quir\u00fargico para efectuar cortes muy precisos incluso en los corales m\u00e1s gruesos y duros.\" \/>\n<meta name=\"robots\" content=\"index, follow, max-snippet:-1, max-image-preview:large, max-video-preview:-1\" \/>\n<link rel=\"canonical\" href=\"https:\/\/acuariosupremus.com\/producto\/aquavitro-alicate-para-cortar-coral-media-luna-dentado\/\" \/>\n<meta property=\"og:locale\" content=\"es_MX\" \/>\n<meta property=\"og:type\" content=\"article\" \/>\n<meta property=\"og:title\" content=\"AquaVitro Alicate para cortar coral media luna, dentado | Acuario Supremus\" \/>\n<meta property=\"og:description\" content=\"Potente alicate de media luna para cortar corales duros, elaborado con acero de grado quir\u00fargico para efectuar cortes muy precisos incluso en los corales m\u00e1s gruesos y duros.\" \/>\n<meta property=\"og:url\" content=\"https:\/\/acuariosupremus.com\/producto\/aquavitro-alicate-para-cortar-coral-media-luna-dentado\/\" \/>\n<meta property=\"og:site_name\" content=\"Acuario Supremus\" \/>\n<meta property=\"article:publisher\" content=\"https:\/\/www.facebook.com\/AcuarioSupremus\" \/>\n<meta property=\"article:modified_time\" content=\"2025-08-30T22:06:59+00:00\" \/>\n<meta property=\"og:image\" content=\"https:\/\/acuariosupremus.com\/wp-content\/uploads\/2022\/04\/aquavitro_crescent_coral_cutter_01.jpg\" \/>\n\t<meta property=\"og:image:width\" content=\"1250\" \/>\n\t<meta property=\"og:image:height\" content=\"1250\" \/>\n\t<meta property=\"og:image:type\" content=\"image\/jpeg\" \/>\n<meta name=\"twitter:card\" content=\"summary_large_image\" \/>\n<meta name=\"twitter:site\" content=\"@AcuarioSupremus\" \/>\n<meta name=\"twitter:label1\" content=\"Tiempo de lectura\" \/>\n\t<meta name=\"twitter:data1\" content=\"1 minuto\" \/>\n<script type=\"application\/ld+json\" class=\"yoast-schema-graph\">{\"@context\":\"https:\\\/\\\/schema.org\",\"@graph\":[{\"@type\":\"WebPage\",\"@id\":\"https:\\\/\\\/acuariosupremus.com\\\/producto\\\/aquavitro-alicate-para-cortar-coral-media-luna-dentado\\\/\",\"url\":\"https:\\\/\\\/acuariosupremus.com\\\/producto\\\/aquavitro-alicate-para-cortar-coral-media-luna-dentado\\\/\",\"name\":\"AquaVitro Alicate para cortar coral media luna, dentado | Acuario Supremus\",\"isPartOf\":{\"@id\":\"https:\\\/\\\/acuariosupremus.com\\\/#website\"},\"primaryImageOfPage\":{\"@id\":\"https:\\\/\\\/acuariosupremus.com\\\/producto\\\/aquavitro-alicate-para-cortar-coral-media-luna-dentado\\\/#primaryimage\"},\"image\":{\"@id\":\"https:\\\/\\\/acuariosupremus.com\\\/producto\\\/aquavitro-alicate-para-cortar-coral-media-luna-dentado\\\/#primaryimage\"},\"thumbnailUrl\":\"https:\\\/\\\/acuariosupremus.com\\\/wp-content\\\/uploads\\\/2022\\\/04\\\/aquavitro_crescent_coral_cutter_01.jpg\",\"datePublished\":\"2022-04-14T21:08:34+00:00\",\"dateModified\":\"2025-08-30T22:06:59+00:00\",\"description\":\"Potente alicate de media luna para cortar corales duros, elaborado con acero de grado quir\u00fargico para efectuar cortes muy precisos incluso en los corales m\u00e1s gruesos y duros.\",\"breadcrumb\":{\"@id\":\"https:\\\/\\\/acuariosupremus.com\\\/producto\\\/aquavitro-alicate-para-cortar-coral-media-luna-dentado\\\/#breadcrumb\"},\"inLanguage\":\"es\",\"potentialAction\":[{\"@type\":\"ReadAction\",\"target\":[\"https:\\\/\\\/acuariosupremus.com\\\/producto\\\/aquavitro-alicate-para-cortar-coral-media-luna-dentado\\\/\"]}]},{\"@type\":\"ImageObject\",\"inLanguage\":\"es\",\"@id\":\"https:\\\/\\\/acuariosupremus.com\\\/producto\\\/aquavitro-alicate-para-cortar-coral-media-luna-dentado\\\/#primaryimage\",\"url\":\"https:\\\/\\\/acuariosupremus.com\\\/wp-content\\\/uploads\\\/2022\\\/04\\\/aquavitro_crescent_coral_cutter_01.jpg\",\"contentUrl\":\"https:\\\/\\\/acuariosupremus.com\\\/wp-content\\\/uploads\\\/2022\\\/04\\\/aquavitro_crescent_coral_cutter_01.jpg\",\"width\":1250,\"height\":1250},{\"@type\":\"BreadcrumbList\",\"@id\":\"https:\\\/\\\/acuariosupremus.com\\\/producto\\\/aquavitro-alicate-para-cortar-coral-media-luna-dentado\\\/#breadcrumb\",\"itemListElement\":[{\"@type\":\"ListItem\",\"position\":1,\"name\":\"Portada\",\"item\":\"https:\\\/\\\/acuariosupremus.com\\\/\"},{\"@type\":\"ListItem\",\"position\":2,\"name\":\"Tienda\",\"item\":\"https:\\\/\\\/acuariosupremus.com\\\/tienda\\\/\"},{\"@type\":\"ListItem\",\"position\":3,\"name\":\"AquaVitro Alicate para cortar coral media luna, dentado\"}]},{\"@type\":\"WebSite\",\"@id\":\"https:\\\/\\\/acuariosupremus.com\\\/#website\",\"url\":\"https:\\\/\\\/acuariosupremus.com\\\/\",\"name\":\"Acuario Supremus\",\"description\":\"Peces, Peceras y Mascotas.\",\"publisher\":{\"@id\":\"https:\\\/\\\/acuariosupremus.com\\\/#organization\"},\"potentialAction\":[{\"@type\":\"SearchAction\",\"target\":{\"@type\":\"EntryPoint\",\"urlTemplate\":\"https:\\\/\\\/acuariosupremus.com\\\/?s={search_term_string}\"},\"query-input\":{\"@type\":\"PropertyValueSpecification\",\"valueRequired\":true,\"valueName\":\"search_term_string\"}}],\"inLanguage\":\"es\"},{\"@type\":\"Organization\",\"@id\":\"https:\\\/\\\/acuariosupremus.com\\\/#organization\",\"name\":\"Acuario Supremus\",\"url\":\"https:\\\/\\\/acuariosupremus.com\\\/\",\"logo\":{\"@type\":\"ImageObject\",\"inLanguage\":\"es\",\"@id\":\"https:\\\/\\\/acuariosupremus.com\\\/#\\\/schema\\\/logo\\\/image\\\/\",\"url\":\"https:\\\/\\\/acuariosupremus.com\\\/wp-content\\\/uploads\\\/2021\\\/12\\\/cropped-logo_acuario_supremus_fn-2.png\",\"contentUrl\":\"https:\\\/\\\/acuariosupremus.com\\\/wp-content\\\/uploads\\\/2021\\\/12\\\/cropped-logo_acuario_supremus_fn-2.png\",\"width\":1000,\"height\":318,\"caption\":\"Acuario Supremus\"},\"image\":{\"@id\":\"https:\\\/\\\/acuariosupremus.com\\\/#\\\/schema\\\/logo\\\/image\\\/\"},\"sameAs\":[\"https:\\\/\\\/www.facebook.com\\\/AcuarioSupremus\",\"https:\\\/\\\/x.com\\\/AcuarioSupremus\",\"https:\\\/\\\/www.instagram.com\\\/acuariosupremus\\\/?hl=es\"]}]}<\/script>\n<!-- \/ Yoast SEO plugin. -->","yoast_head_json":{"title":"AquaVitro Alicate para cortar coral media luna, dentado | Acuario Supremus","description":"Potente alicate de media luna para cortar corales duros, elaborado con acero de grado quir\u00fargico para efectuar cortes muy precisos incluso en los corales m\u00e1s gruesos y duros.","robots":{"index":"index","follow":"follow","max-snippet":"max-snippet:-1","max-image-preview":"max-image-preview:large","max-video-preview":"max-video-preview:-1"},"canonical":"https:\/\/acuariosupremus.com\/producto\/aquavitro-alicate-para-cortar-coral-media-luna-dentado\/","og_locale":"es_MX","og_type":"article","og_title":"AquaVitro Alicate para cortar coral media luna, dentado | Acuario Supremus","og_description":"Potente alicate de media luna para cortar corales duros, elaborado con acero de grado quir\u00fargico para efectuar cortes muy precisos incluso en los corales m\u00e1s gruesos y duros.","og_url":"https:\/\/acuariosupremus.com\/producto\/aquavitro-alicate-para-cortar-coral-media-luna-dentado\/","og_site_name":"Acuario Supremus","article_publisher":"https:\/\/www.facebook.com\/AcuarioSupremus","article_modified_time":"2025-08-30T22:06:59+00:00","og_image":[{"width":1250,"height":1250,"url":"https:\/\/acuariosupremus.com\/wp-content\/uploads\/2022\/04\/aquavitro_crescent_coral_cutter_01.jpg","type":"image\/jpeg"}],"twitter_card":"summary_large_image","twitter_site":"@AcuarioSupremus","twitter_misc":{"Tiempo de lectura":"1 minuto"},"schema":{"@context":"https:\/\/schema.org","@graph":[{"@type":"WebPage","@id":"https:\/\/acuariosupremus.com\/producto\/aquavitro-alicate-para-cortar-coral-media-luna-dentado\/","url":"https:\/\/acuariosupremus.com\/producto\/aquavitro-alicate-para-cortar-coral-media-luna-dentado\/","name":"AquaVitro Alicate para cortar coral media luna, dentado | Acuario Supremus","isPartOf":{"@id":"https:\/\/acuariosupremus.com\/#website"},"primaryImageOfPage":{"@id":"https:\/\/acuariosupremus.com\/producto\/aquavitro-alicate-para-cortar-coral-media-luna-dentado\/#primaryimage"},"image":{"@id":"https:\/\/acuariosupremus.com\/producto\/aquavitro-alicate-para-cortar-coral-media-luna-dentado\/#primaryimage"},"thumbnailUrl":"https:\/\/acuariosupremus.com\/wp-content\/uploads\/2022\/04\/aquavitro_crescent_coral_cutter_01.jpg","datePublished":"2022-04-14T21:08:34+00:00","dateModified":"2025-08-30T22:06:59+00:00","description":"Potente alicate de media luna para cortar corales duros, elaborado con acero de grado quir\u00fargico para efectuar cortes muy precisos incluso en los corales m\u00e1s gruesos y duros.","breadcrumb":{"@id":"https:\/\/acuariosupremus.com\/producto\/aquavitro-alicate-para-cortar-coral-media-luna-dentado\/#breadcrumb"},"inLanguage":"es","potentialAction":[{"@type":"ReadAction","target":["https:\/\/acuariosupremus.com\/producto\/aquavitro-alicate-para-cortar-coral-media-luna-dentado\/"]}]},{"@type":"ImageObject","inLanguage":"es","@id":"https:\/\/acuariosupremus.com\/producto\/aquavitro-alicate-para-cortar-coral-media-luna-dentado\/#primaryimage","url":"https:\/\/acuariosupremus.com\/wp-content\/uploads\/2022\/04\/aquavitro_crescent_coral_cutter_01.jpg","contentUrl":"https:\/\/acuariosupremus.com\/wp-content\/uploads\/2022\/04\/aquavitro_crescent_coral_cutter_01.jpg","width":1250,"height":1250},{"@type":"BreadcrumbList","@id":"https:\/\/acuariosupremus.com\/producto\/aquavitro-alicate-para-cortar-coral-media-luna-dentado\/#breadcrumb","itemListElement":[{"@type":"ListItem","position":1,"name":"Portada","item":"https:\/\/acuariosupremus.com\/"},{"@type":"ListItem","position":2,"name":"Tienda","item":"https:\/\/acuariosupremus.com\/tienda\/"},{"@type":"ListItem","position":3,"name":"AquaVitro Alicate para cortar coral media luna, dentado"}]},{"@type":"WebSite","@id":"https:\/\/acuariosupremus.com\/#website","url":"https:\/\/acuariosupremus.com\/","name":"Acuario Supremus","description":"Peces, Peceras y Mascotas.","publisher":{"@id":"https:\/\/acuariosupremus.com\/#organization"},"potentialAction":[{"@type":"SearchAction","target":{"@type":"EntryPoint","urlTemplate":"https:\/\/acuariosupremus.com\/?s={search_term_string}"},"query-input":{"@type":"PropertyValueSpecification","valueRequired":true,"valueName":"search_term_string"}}],"inLanguage":"es"},{"@type":"Organization","@id":"https:\/\/acuariosupremus.com\/#organization","name":"Acuario Supremus","url":"https:\/\/acuariosupremus.com\/","logo":{"@type":"ImageObject","inLanguage":"es","@id":"https:\/\/acuariosupremus.com\/#\/schema\/logo\/image\/","url":"https:\/\/acuariosupremus.com\/wp-content\/uploads\/2021\/12\/cropped-logo_acuario_supremus_fn-2.png","contentUrl":"https:\/\/acuariosupremus.com\/wp-content\/uploads\/2021\/12\/cropped-logo_acuario_supremus_fn-2.png","width":1000,"height":318,"caption":"Acuario Supremus"},"image":{"@id":"https:\/\/acuariosupremus.com\/#\/schema\/logo\/image\/"},"sameAs":["https:\/\/www.facebook.com\/AcuarioSupremus","https:\/\/x.com\/AcuarioSupremus","https:\/\/www.instagram.com\/acuariosupremus\/?hl=es"]}]}},"jetpack_sharing_enabled":true,"_links":{"self":[{"href":"https:\/\/acuariosupremus.com\/index.php?rest_route=\/wp\/v2\/product\/6790","targetHints":{"allow":["GET"]}}],"collection":[{"href":"https:\/\/acuariosupremus.com\/index.php?rest_route=\/wp\/v2\/product"}],"about":[{"href":"https:\/\/acuariosupremus.com\/index.php?rest_route=\/wp\/v2\/types\/product"}],"wp:featuredmedia":[{"embeddable":true,"href":"https:\/\/acuariosupremus.com\/index.php?rest_route=\/wp\/v2\/media\/6791"}],"wp:attachment":[{"href":"https:\/\/acuariosupremus.com\/index.php?rest_route=%2Fwp%2Fv2%2Fmedia&parent=6790"}],"wp:term":[{"taxonomy":"product_brand","embeddable":true,"href":"https:\/\/acuariosupremus.com\/index.php?rest_route=%2Fwp%2Fv2%2Fproduct_brand&post=6790"},{"taxonomy":"product_cat","embeddable":true,"href":"https:\/\/acuariosupremus.com\/index.php?rest_route=%2Fwp%2Fv2%2Fproduct_cat&post=6790"},{"taxonomy":"product_tag","embeddable":true,"href":"https:\/\/acuariosupremus.com\/index.php?rest_route=%2Fwp%2Fv2%2Fproduct_tag&post=6790"}],"curies":[{"name":"wp","href":"https:\/\/api.w.org\/{rel}","templated":true}]}}