{"id":6816,"date":"2022-04-14T17:14:13","date_gmt":"2022-04-14T22:14:13","guid":{"rendered":"https:\/\/acuariosupremus.com\/?post_type=product&#038;p=6816"},"modified":"2025-12-20T19:35:15","modified_gmt":"2025-12-21T01:35:15","slug":"aquavitro-phosfiltrum-160-g","status":"publish","type":"product","link":"https:\/\/acuariosupremus.com\/?product=aquavitro-phosfiltrum-160-g","title":{"rendered":"AquaVitro phosfiltrum, 50 g en bolsa"},"content":{"rendered":"<p>Es mucho m\u00e1s duro que otros GFO y otras resinas de \u00f3xido de aluminio y por lo tanto, mucho menos fr\u00e1gil y no se romper\u00e1 en part\u00edculas finas en su acuario por desgaste o fricci\u00f3n.<br \/>\nTiene una capacidad de fijaci\u00f3n mucho m\u00e1s alta que cualquier otro eliminador de fosfato en el mercado, por lo que va a durar mucho m\u00e1s tiempo antes de que necesite ser reemplazado. Su distintivo color marr\u00f3n oscuro lo identifica en la industria como un producto de calidad Premium. No es una resina de intercambio i\u00f3nico y por lo tanto no liberar\u00e1 nada en el agua. Es decir, nunca se liberar\u00e1 de nuevo al agua fosfato ni silicato una vez adsorbido. Una vez haya logrado controlar la tasa de fosfato o silicato, phosfiltrum \u2122 puede ser retirado, secado y empleado de nuevo hasta que se agoten sus propiedades. Para obtener los mejores resultados, phosfiltrum \u2122 debes ser enjuagado previamente y situado en el filtro de manera que se maximice el flujo de agua a trav\u00e9s del material, pero de manera que no se golpee a s\u00ed mismo debido al reflujo de agua. Puede ser usado en filtros de canasta, (tipo botella) c\u00e1mara de medios de filtraci\u00f3n, filtro de mochila, de caja, o situarse en un punto de alto flujo en un filtro de goteo.<br \/>\nUse una bolsa de 50g. por cada 300 litros de agua salada o 600 L. si se trata de agua dulce. Mantenga el material filtrante en su lugar durante al menos 4 d\u00edas y mida la tasa de fosfato o silicato con MultiTest\u00ae: Phosphate o MultiTest\u00ae: Silicate. Si la concentraci\u00f3n de los componentes que se intentan reducir no han descendido unos 0.02 mg\/l, es momento de sustituir el material filtrante por otro nuevo. Si no es el caso, mant\u00e9ngalo en su sitio hasta que los niveles vuelvan a subir de nuevo antes se sustituirlo. Durante el tiempo que estas sustancias permanezcan bajo control el producto no estar\u00e1 agotado. No se recomienda a\u00f1adir un exceso de este material filtrante. phosfiltrum \u2122 no es una resina de intercambio i\u00f3nico y por lo tanto no liberar\u00e1 nada en el agua. Es decir, nunca se liberar\u00e1 de nuevo al agua fosfato ni silicato una vez adsorbido.<\/p>\n<p>capacidad 5<strong>0 g.<\/strong><br \/>\nTama\u00f1o mm.<br \/>\n225 x 202 x 20 (l x a x h)<br \/>\nPeso<br \/>\n0.065 (Kg.)<\/p>\n","protected":false},"excerpt":{"rendered":"<p>phosfiltrum\u2122 es un material filtrante qu\u00edmico que elimina eficazmente los fosfatos y silicatos contenidos en su acuario de agua dulce o salada. Est\u00e1 basado en una f\u00f3rmula especial de \u00f3xido f\u00e9rrico granular (GFO) de calidad Premium de alta densidad. Eliminar\u00e1 r\u00e1pidamente los fosfatos y silicatos del agua dulce o salada y no los devolver\u00e1 de nuevo a su acuario.<\/p>\n","protected":false},"featured_media":6820,"template":"","meta":[],"product_brand":[125],"product_cat":[40,48],"product_tag":[548],"class_list":{"0":"post-6816","1":"product","2":"type-product","3":"status-publish","4":"has-post-thumbnail","6":"product_brand-aquavitro","7":"product_cat-peces","8":"product_cat-material-filtrante","9":"product_tag-reductor-fosfato","11":"first","12":"instock","13":"sale","14":"shipping-taxable","15":"purchasable","16":"product-type-simple"},"yoast_head":"<!-- This site is optimized with the Yoast SEO plugin v27.4 - https:\/\/yoast.com\/product\/yoast-seo-wordpress\/ -->\n<title>AquaVitro phosfiltrum, 50 g en bolsa | Acuario Supremus<\/title>\n<meta name=\"description\" content=\"phosfiltrum\u2122 es un material filtrante qu\u00edmico que elimina eficazmente los fosfatos y silicatos contenidos en su acuario de agua dulce o salada.\" \/>\n<meta name=\"robots\" content=\"index, follow, max-snippet:-1, max-image-preview:large, max-video-preview:-1\" \/>\n<link rel=\"canonical\" href=\"https:\/\/acuariosupremus.com\/?product=aquavitro-phosfiltrum-160-g\" \/>\n<meta property=\"og:locale\" content=\"es_MX\" \/>\n<meta property=\"og:type\" content=\"article\" \/>\n<meta property=\"og:title\" content=\"AquaVitro phosfiltrum, 50 g en bolsa | Acuario Supremus\" \/>\n<meta property=\"og:description\" content=\"phosfiltrum\u2122 es un material filtrante qu\u00edmico que elimina eficazmente los fosfatos y silicatos contenidos en su acuario de agua dulce o salada.\" \/>\n<meta property=\"og:url\" content=\"https:\/\/acuariosupremus.com\/?product=aquavitro-phosfiltrum-160-g\" \/>\n<meta property=\"og:site_name\" content=\"Acuario Supremus\" \/>\n<meta property=\"article:publisher\" content=\"https:\/\/www.facebook.com\/AcuarioSupremus\" \/>\n<meta property=\"article:modified_time\" content=\"2025-12-21T01:35:15+00:00\" \/>\n<meta property=\"og:image\" content=\"https:\/\/acuariosupremus.com\/wp-content\/uploads\/2022\/04\/aquavitro_phosfiltrum_01.jpg\" \/>\n\t<meta property=\"og:image:width\" content=\"1250\" \/>\n\t<meta property=\"og:image:height\" content=\"1250\" \/>\n\t<meta property=\"og:image:type\" content=\"image\/jpeg\" \/>\n<meta name=\"twitter:card\" content=\"summary_large_image\" \/>\n<meta name=\"twitter:site\" content=\"@AcuarioSupremus\" \/>\n<meta name=\"twitter:label1\" content=\"Tiempo de lectura\" \/>\n\t<meta name=\"twitter:data1\" content=\"2 minutos\" \/>\n<script type=\"application\/ld+json\" class=\"yoast-schema-graph\">{\"@context\":\"https:\\\/\\\/schema.org\",\"@graph\":[{\"@type\":\"WebPage\",\"@id\":\"https:\\\/\\\/acuariosupremus.com\\\/?product=aquavitro-phosfiltrum-160-g\",\"url\":\"https:\\\/\\\/acuariosupremus.com\\\/?product=aquavitro-phosfiltrum-160-g\",\"name\":\"AquaVitro phosfiltrum, 50 g en bolsa | Acuario Supremus\",\"isPartOf\":{\"@id\":\"https:\\\/\\\/acuariosupremus.com\\\/#website\"},\"primaryImageOfPage\":{\"@id\":\"https:\\\/\\\/acuariosupremus.com\\\/?product=aquavitro-phosfiltrum-160-g#primaryimage\"},\"image\":{\"@id\":\"https:\\\/\\\/acuariosupremus.com\\\/?product=aquavitro-phosfiltrum-160-g#primaryimage\"},\"thumbnailUrl\":\"https:\\\/\\\/acuariosupremus.com\\\/wp-content\\\/uploads\\\/2022\\\/04\\\/aquavitro_phosfiltrum_01.jpg\",\"datePublished\":\"2022-04-14T22:14:13+00:00\",\"dateModified\":\"2025-12-21T01:35:15+00:00\",\"description\":\"phosfiltrum\u2122 es un material filtrante qu\u00edmico que elimina eficazmente los fosfatos y silicatos contenidos en su acuario de agua dulce o salada.\",\"breadcrumb\":{\"@id\":\"https:\\\/\\\/acuariosupremus.com\\\/?product=aquavitro-phosfiltrum-160-g#breadcrumb\"},\"inLanguage\":\"es\",\"potentialAction\":[{\"@type\":\"ReadAction\",\"target\":[\"https:\\\/\\\/acuariosupremus.com\\\/?product=aquavitro-phosfiltrum-160-g\"]}]},{\"@type\":\"ImageObject\",\"inLanguage\":\"es\",\"@id\":\"https:\\\/\\\/acuariosupremus.com\\\/?product=aquavitro-phosfiltrum-160-g#primaryimage\",\"url\":\"https:\\\/\\\/acuariosupremus.com\\\/wp-content\\\/uploads\\\/2022\\\/04\\\/aquavitro_phosfiltrum_01.jpg\",\"contentUrl\":\"https:\\\/\\\/acuariosupremus.com\\\/wp-content\\\/uploads\\\/2022\\\/04\\\/aquavitro_phosfiltrum_01.jpg\",\"width\":1250,\"height\":1250},{\"@type\":\"BreadcrumbList\",\"@id\":\"https:\\\/\\\/acuariosupremus.com\\\/?product=aquavitro-phosfiltrum-160-g#breadcrumb\",\"itemListElement\":[{\"@type\":\"ListItem\",\"position\":1,\"name\":\"Portada\",\"item\":\"https:\\\/\\\/acuariosupremus.com\\\/\"},{\"@type\":\"ListItem\",\"position\":2,\"name\":\"Tienda\",\"item\":\"https:\\\/\\\/acuariosupremus.com\\\/tienda\\\/\"},{\"@type\":\"ListItem\",\"position\":3,\"name\":\"AquaVitro phosfiltrum, 50 g en bolsa\"}]},{\"@type\":\"WebSite\",\"@id\":\"https:\\\/\\\/acuariosupremus.com\\\/#website\",\"url\":\"https:\\\/\\\/acuariosupremus.com\\\/\",\"name\":\"Acuario Supremus\",\"description\":\"Peces, Peceras y Mascotas.\",\"publisher\":{\"@id\":\"https:\\\/\\\/acuariosupremus.com\\\/#organization\"},\"potentialAction\":[{\"@type\":\"SearchAction\",\"target\":{\"@type\":\"EntryPoint\",\"urlTemplate\":\"https:\\\/\\\/acuariosupremus.com\\\/?s={search_term_string}\"},\"query-input\":{\"@type\":\"PropertyValueSpecification\",\"valueRequired\":true,\"valueName\":\"search_term_string\"}}],\"inLanguage\":\"es\"},{\"@type\":\"Organization\",\"@id\":\"https:\\\/\\\/acuariosupremus.com\\\/#organization\",\"name\":\"Acuario Supremus\",\"url\":\"https:\\\/\\\/acuariosupremus.com\\\/\",\"logo\":{\"@type\":\"ImageObject\",\"inLanguage\":\"es\",\"@id\":\"https:\\\/\\\/acuariosupremus.com\\\/#\\\/schema\\\/logo\\\/image\\\/\",\"url\":\"https:\\\/\\\/acuariosupremus.com\\\/wp-content\\\/uploads\\\/2021\\\/12\\\/cropped-logo_acuario_supremus_fn-2.png\",\"contentUrl\":\"https:\\\/\\\/acuariosupremus.com\\\/wp-content\\\/uploads\\\/2021\\\/12\\\/cropped-logo_acuario_supremus_fn-2.png\",\"width\":1000,\"height\":318,\"caption\":\"Acuario Supremus\"},\"image\":{\"@id\":\"https:\\\/\\\/acuariosupremus.com\\\/#\\\/schema\\\/logo\\\/image\\\/\"},\"sameAs\":[\"https:\\\/\\\/www.facebook.com\\\/AcuarioSupremus\",\"https:\\\/\\\/x.com\\\/AcuarioSupremus\",\"https:\\\/\\\/www.instagram.com\\\/acuariosupremus\\\/?hl=es\"]}]}<\/script>\n<!-- \/ Yoast SEO plugin. -->","yoast_head_json":{"title":"AquaVitro phosfiltrum, 50 g en bolsa | Acuario Supremus","description":"phosfiltrum\u2122 es un material filtrante qu\u00edmico que elimina eficazmente los fosfatos y silicatos contenidos en su acuario de agua dulce o salada.","robots":{"index":"index","follow":"follow","max-snippet":"max-snippet:-1","max-image-preview":"max-image-preview:large","max-video-preview":"max-video-preview:-1"},"canonical":"https:\/\/acuariosupremus.com\/?product=aquavitro-phosfiltrum-160-g","og_locale":"es_MX","og_type":"article","og_title":"AquaVitro phosfiltrum, 50 g en bolsa | Acuario Supremus","og_description":"phosfiltrum\u2122 es un material filtrante qu\u00edmico que elimina eficazmente los fosfatos y silicatos contenidos en su acuario de agua dulce o salada.","og_url":"https:\/\/acuariosupremus.com\/?product=aquavitro-phosfiltrum-160-g","og_site_name":"Acuario Supremus","article_publisher":"https:\/\/www.facebook.com\/AcuarioSupremus","article_modified_time":"2025-12-21T01:35:15+00:00","og_image":[{"width":1250,"height":1250,"url":"https:\/\/acuariosupremus.com\/wp-content\/uploads\/2022\/04\/aquavitro_phosfiltrum_01.jpg","type":"image\/jpeg"}],"twitter_card":"summary_large_image","twitter_site":"@AcuarioSupremus","twitter_misc":{"Tiempo de lectura":"2 minutos"},"schema":{"@context":"https:\/\/schema.org","@graph":[{"@type":"WebPage","@id":"https:\/\/acuariosupremus.com\/?product=aquavitro-phosfiltrum-160-g","url":"https:\/\/acuariosupremus.com\/?product=aquavitro-phosfiltrum-160-g","name":"AquaVitro phosfiltrum, 50 g en bolsa | Acuario Supremus","isPartOf":{"@id":"https:\/\/acuariosupremus.com\/#website"},"primaryImageOfPage":{"@id":"https:\/\/acuariosupremus.com\/?product=aquavitro-phosfiltrum-160-g#primaryimage"},"image":{"@id":"https:\/\/acuariosupremus.com\/?product=aquavitro-phosfiltrum-160-g#primaryimage"},"thumbnailUrl":"https:\/\/acuariosupremus.com\/wp-content\/uploads\/2022\/04\/aquavitro_phosfiltrum_01.jpg","datePublished":"2022-04-14T22:14:13+00:00","dateModified":"2025-12-21T01:35:15+00:00","description":"phosfiltrum\u2122 es un material filtrante qu\u00edmico que elimina eficazmente los fosfatos y silicatos contenidos en su acuario de agua dulce o salada.","breadcrumb":{"@id":"https:\/\/acuariosupremus.com\/?product=aquavitro-phosfiltrum-160-g#breadcrumb"},"inLanguage":"es","potentialAction":[{"@type":"ReadAction","target":["https:\/\/acuariosupremus.com\/?product=aquavitro-phosfiltrum-160-g"]}]},{"@type":"ImageObject","inLanguage":"es","@id":"https:\/\/acuariosupremus.com\/?product=aquavitro-phosfiltrum-160-g#primaryimage","url":"https:\/\/acuariosupremus.com\/wp-content\/uploads\/2022\/04\/aquavitro_phosfiltrum_01.jpg","contentUrl":"https:\/\/acuariosupremus.com\/wp-content\/uploads\/2022\/04\/aquavitro_phosfiltrum_01.jpg","width":1250,"height":1250},{"@type":"BreadcrumbList","@id":"https:\/\/acuariosupremus.com\/?product=aquavitro-phosfiltrum-160-g#breadcrumb","itemListElement":[{"@type":"ListItem","position":1,"name":"Portada","item":"https:\/\/acuariosupremus.com\/"},{"@type":"ListItem","position":2,"name":"Tienda","item":"https:\/\/acuariosupremus.com\/tienda\/"},{"@type":"ListItem","position":3,"name":"AquaVitro phosfiltrum, 50 g en bolsa"}]},{"@type":"WebSite","@id":"https:\/\/acuariosupremus.com\/#website","url":"https:\/\/acuariosupremus.com\/","name":"Acuario Supremus","description":"Peces, Peceras y Mascotas.","publisher":{"@id":"https:\/\/acuariosupremus.com\/#organization"},"potentialAction":[{"@type":"SearchAction","target":{"@type":"EntryPoint","urlTemplate":"https:\/\/acuariosupremus.com\/?s={search_term_string}"},"query-input":{"@type":"PropertyValueSpecification","valueRequired":true,"valueName":"search_term_string"}}],"inLanguage":"es"},{"@type":"Organization","@id":"https:\/\/acuariosupremus.com\/#organization","name":"Acuario Supremus","url":"https:\/\/acuariosupremus.com\/","logo":{"@type":"ImageObject","inLanguage":"es","@id":"https:\/\/acuariosupremus.com\/#\/schema\/logo\/image\/","url":"https:\/\/acuariosupremus.com\/wp-content\/uploads\/2021\/12\/cropped-logo_acuario_supremus_fn-2.png","contentUrl":"https:\/\/acuariosupremus.com\/wp-content\/uploads\/2021\/12\/cropped-logo_acuario_supremus_fn-2.png","width":1000,"height":318,"caption":"Acuario Supremus"},"image":{"@id":"https:\/\/acuariosupremus.com\/#\/schema\/logo\/image\/"},"sameAs":["https:\/\/www.facebook.com\/AcuarioSupremus","https:\/\/x.com\/AcuarioSupremus","https:\/\/www.instagram.com\/acuariosupremus\/?hl=es"]}]}},"jetpack_sharing_enabled":true,"_links":{"self":[{"href":"https:\/\/acuariosupremus.com\/index.php?rest_route=\/wp\/v2\/product\/6816","targetHints":{"allow":["GET"]}}],"collection":[{"href":"https:\/\/acuariosupremus.com\/index.php?rest_route=\/wp\/v2\/product"}],"about":[{"href":"https:\/\/acuariosupremus.com\/index.php?rest_route=\/wp\/v2\/types\/product"}],"wp:featuredmedia":[{"embeddable":true,"href":"https:\/\/acuariosupremus.com\/index.php?rest_route=\/wp\/v2\/media\/6820"}],"wp:attachment":[{"href":"https:\/\/acuariosupremus.com\/index.php?rest_route=%2Fwp%2Fv2%2Fmedia&parent=6816"}],"wp:term":[{"taxonomy":"product_brand","embeddable":true,"href":"https:\/\/acuariosupremus.com\/index.php?rest_route=%2Fwp%2Fv2%2Fproduct_brand&post=6816"},{"taxonomy":"product_cat","embeddable":true,"href":"https:\/\/acuariosupremus.com\/index.php?rest_route=%2Fwp%2Fv2%2Fproduct_cat&post=6816"},{"taxonomy":"product_tag","embeddable":true,"href":"https:\/\/acuariosupremus.com\/index.php?rest_route=%2Fwp%2Fv2%2Fproduct_tag&post=6816"}],"curies":[{"name":"wp","href":"https:\/\/api.w.org\/{rel}","templated":true}]}}