{"id":6856,"date":"2022-04-14T19:57:35","date_gmt":"2022-04-15T00:57:35","guid":{"rendered":"https:\/\/acuariosupremus.com\/?post_type=product&#038;p=6856"},"modified":"2025-12-20T19:39:18","modified_gmt":"2025-12-21T01:39:18","slug":"synthesis-fertilizante-350-ml","status":"publish","type":"product","link":"https:\/\/acuariosupremus.com\/?product=synthesis-fertilizante-350-ml","title":{"rendered":"Synthesis (fertilizante) 350 ml."},"content":{"rendered":"<p>El nitr\u00f3geno es uno de los tres macronutrientes (NPK) requeridos por las plantas. Es un componente de las prote\u00ednas y de los \u00e1cidos nucleicos. El nitr\u00f3geno es m\u00f3vil en las plantas. Esto quiere decir que las plantas desv\u00edan estos nutrientes de las hojas m\u00e1s viejas a las hojas nuevas. Sin embargo los s\u00edntomas de deficiencia aparecen primeramente en las hojas m\u00e1s viejas. Los s\u00edntomas de deficiencia del nitr\u00f3geno incluyen la clorosis, crecimiento lento y un desarrollo an\u00f3malo en las plantas, presentando enanismo, atrofia y unos desproporcionadamente largos sistemas de ra\u00edces. El nitr\u00f3geno aparece en una gran variedad de formas: como nitrato, como amoniaco y en la urea. Aunque las plantas pueden emplear este macro-nutriente en sus tres formas, la asimilaci\u00f3n que ellas prefieren var\u00eda seg\u00fan las distintas especies. De este modo, los suplementos de nitr\u00f3geno derivados de una \u00fanica forma (nitratos) pueden no ser tan efectivos como un suplemento que contenga las tres formas, y podr\u00eda favorecer el desarrollo indeseado de las algas. synthesis\u2122 es una fuente concentrada (32,000 mg\/l N) de nitr\u00f3geno. synthesis\u2122 es un suplemento \u00fanico al proveer el nitr\u00f3geno en sus tres formas. Aproximadamente un 50 % del nitr\u00f3geno contenido en synthesis\u2122 se deriva de una fuente org\u00e1nica (urea), mientras que el nitr\u00f3geno restante se divide en un 25 % cada uno entre fuentes de nitrato y amoniaco.<br \/>\nINSTRUCCIONES: Use un tap\u00f3n interior (7 ml) por cada 950 litros de agua dos veces por semana (o cuando sea necesario). Esta dosis incrementa el nitr\u00f3geno total en 0.24 mg\/l. Esta es la misma cantidad de nitr\u00f3geno que estar\u00eda presente si todo el nitr\u00f3geno permaneciera en su forma de nitrato en 1 mg\/l. Debido a que no todo el nitr\u00f3geno aparece en su forma nitrato, usted podr\u00e1 medir incrementos de nitrato de 0.25 mg\/l inmediatamente despu\u00e9s de a\u00f1adirlo. Cuando es usado con el suplemento de f\u00f3sforo de aquavitro\u2122, activate\u2122, en la misma dosis (7ml \/ 950L.) ambos productos proveer\u00e1n nitr\u00f3geno y f\u00f3sforo en un ratio de 5:1 N:P. Para aplicar dosis menores, use la pipeta incluida en el envase.<\/p>\n<p>capacidad <strong>350 ml.<\/strong><br \/>\nTama\u00f1o mm.<br \/>\n53 x 53 x 196 (l x a x h)<br \/>\nPeso<br \/>\n410 (g.)<\/p>\n","protected":false},"excerpt":{"rendered":"<p>synthesis\u2122 es una fuente concentrada (32,000 mg\/l N) de nitr\u00f3geno. synthesis\u2122 es un suplemento \u00fanico al proveer el nitr\u00f3geno en sus tres formas. Aproximadamente un 50 % del nitr\u00f3geno contenido en synthesis\u2122 se deriva de una fuente org\u00e1nica (urea), mientras que el nitr\u00f3geno restante se divide en un 25 % cada uno entre fuentes de nitrato y amoniaco.<\/p>\n","protected":false},"featured_media":14621,"template":"","meta":[],"product_brand":[125],"product_cat":[40,56],"product_tag":[552,700],"class_list":{"0":"post-6856","1":"product","2":"type-product","3":"status-publish","4":"has-post-thumbnail","6":"product_brand-aquavitro","7":"product_cat-peces","8":"product_cat-plantas-naturales","9":"product_tag-fertilizante-plantas-acuaticas","10":"product_tag-synthesis","12":"first","13":"instock","14":"sale","15":"shipping-taxable","16":"purchasable","17":"product-type-simple"},"yoast_head":"<!-- This site is optimized with the Yoast SEO plugin v27.4 - https:\/\/yoast.com\/product\/yoast-seo-wordpress\/ -->\n<title>Synthesis (fertilizante) 350 ml. | Acuario Supremus<\/title>\n<meta name=\"description\" content=\"synthesis\u2122 es una fuente concentrada (32,000 mg\/l N) de nitr\u00f3geno. synthesis\u2122 es un suplemento \u00fanico al proveer el nitr\u00f3geno en sus tres formas.\" \/>\n<meta name=\"robots\" content=\"index, follow, max-snippet:-1, max-image-preview:large, max-video-preview:-1\" \/>\n<link rel=\"canonical\" href=\"https:\/\/acuariosupremus.com\/?product=synthesis-fertilizante-350-ml\" \/>\n<meta property=\"og:locale\" content=\"es_MX\" \/>\n<meta property=\"og:type\" content=\"article\" \/>\n<meta property=\"og:title\" content=\"Synthesis (fertilizante) 350 ml. | Acuario Supremus\" \/>\n<meta property=\"og:description\" content=\"synthesis\u2122 es una fuente concentrada (32,000 mg\/l N) de nitr\u00f3geno. synthesis\u2122 es un suplemento \u00fanico al proveer el nitr\u00f3geno en sus tres formas.\" \/>\n<meta property=\"og:url\" content=\"https:\/\/acuariosupremus.com\/?product=synthesis-fertilizante-350-ml\" \/>\n<meta property=\"og:site_name\" content=\"Acuario Supremus\" \/>\n<meta property=\"article:publisher\" content=\"https:\/\/www.facebook.com\/AcuarioSupremus\" \/>\n<meta property=\"article:modified_time\" content=\"2025-12-21T01:39:18+00:00\" \/>\n<meta property=\"og:image\" content=\"https:\/\/acuariosupremus.com\/wp-content\/uploads\/2022\/04\/aquavitro-synthesis_350ml_01.jpg\" \/>\n\t<meta property=\"og:image:width\" content=\"1250\" \/>\n\t<meta property=\"og:image:height\" content=\"1250\" \/>\n\t<meta property=\"og:image:type\" content=\"image\/jpeg\" \/>\n<meta name=\"twitter:card\" content=\"summary_large_image\" \/>\n<meta name=\"twitter:site\" content=\"@AcuarioSupremus\" \/>\n<meta name=\"twitter:label1\" content=\"Tiempo de lectura\" \/>\n\t<meta name=\"twitter:data1\" content=\"2 minutos\" \/>\n<script type=\"application\/ld+json\" class=\"yoast-schema-graph\">{\"@context\":\"https:\\\/\\\/schema.org\",\"@graph\":[{\"@type\":\"WebPage\",\"@id\":\"https:\\\/\\\/acuariosupremus.com\\\/?product=synthesis-fertilizante-350-ml\",\"url\":\"https:\\\/\\\/acuariosupremus.com\\\/?product=synthesis-fertilizante-350-ml\",\"name\":\"Synthesis (fertilizante) 350 ml. | Acuario Supremus\",\"isPartOf\":{\"@id\":\"https:\\\/\\\/acuariosupremus.com\\\/#website\"},\"primaryImageOfPage\":{\"@id\":\"https:\\\/\\\/acuariosupremus.com\\\/?product=synthesis-fertilizante-350-ml#primaryimage\"},\"image\":{\"@id\":\"https:\\\/\\\/acuariosupremus.com\\\/?product=synthesis-fertilizante-350-ml#primaryimage\"},\"thumbnailUrl\":\"https:\\\/\\\/acuariosupremus.com\\\/wp-content\\\/uploads\\\/2022\\\/04\\\/aquavitro-synthesis_350ml_01.jpg\",\"datePublished\":\"2022-04-15T00:57:35+00:00\",\"dateModified\":\"2025-12-21T01:39:18+00:00\",\"description\":\"synthesis\u2122 es una fuente concentrada (32,000 mg\\\/l N) de nitr\u00f3geno. synthesis\u2122 es un suplemento \u00fanico al proveer el nitr\u00f3geno en sus tres formas.\",\"breadcrumb\":{\"@id\":\"https:\\\/\\\/acuariosupremus.com\\\/?product=synthesis-fertilizante-350-ml#breadcrumb\"},\"inLanguage\":\"es\",\"potentialAction\":[{\"@type\":\"ReadAction\",\"target\":[\"https:\\\/\\\/acuariosupremus.com\\\/?product=synthesis-fertilizante-350-ml\"]}]},{\"@type\":\"ImageObject\",\"inLanguage\":\"es\",\"@id\":\"https:\\\/\\\/acuariosupremus.com\\\/?product=synthesis-fertilizante-350-ml#primaryimage\",\"url\":\"https:\\\/\\\/acuariosupremus.com\\\/wp-content\\\/uploads\\\/2022\\\/04\\\/aquavitro-synthesis_350ml_01.jpg\",\"contentUrl\":\"https:\\\/\\\/acuariosupremus.com\\\/wp-content\\\/uploads\\\/2022\\\/04\\\/aquavitro-synthesis_350ml_01.jpg\",\"width\":1250,\"height\":1250},{\"@type\":\"BreadcrumbList\",\"@id\":\"https:\\\/\\\/acuariosupremus.com\\\/?product=synthesis-fertilizante-350-ml#breadcrumb\",\"itemListElement\":[{\"@type\":\"ListItem\",\"position\":1,\"name\":\"Portada\",\"item\":\"https:\\\/\\\/acuariosupremus.com\\\/\"},{\"@type\":\"ListItem\",\"position\":2,\"name\":\"Tienda\",\"item\":\"https:\\\/\\\/acuariosupremus.com\\\/tienda\\\/\"},{\"@type\":\"ListItem\",\"position\":3,\"name\":\"Synthesis (fertilizante) 350 ml.\"}]},{\"@type\":\"WebSite\",\"@id\":\"https:\\\/\\\/acuariosupremus.com\\\/#website\",\"url\":\"https:\\\/\\\/acuariosupremus.com\\\/\",\"name\":\"Acuario Supremus\",\"description\":\"Peces, Peceras y Mascotas.\",\"publisher\":{\"@id\":\"https:\\\/\\\/acuariosupremus.com\\\/#organization\"},\"potentialAction\":[{\"@type\":\"SearchAction\",\"target\":{\"@type\":\"EntryPoint\",\"urlTemplate\":\"https:\\\/\\\/acuariosupremus.com\\\/?s={search_term_string}\"},\"query-input\":{\"@type\":\"PropertyValueSpecification\",\"valueRequired\":true,\"valueName\":\"search_term_string\"}}],\"inLanguage\":\"es\"},{\"@type\":\"Organization\",\"@id\":\"https:\\\/\\\/acuariosupremus.com\\\/#organization\",\"name\":\"Acuario Supremus\",\"url\":\"https:\\\/\\\/acuariosupremus.com\\\/\",\"logo\":{\"@type\":\"ImageObject\",\"inLanguage\":\"es\",\"@id\":\"https:\\\/\\\/acuariosupremus.com\\\/#\\\/schema\\\/logo\\\/image\\\/\",\"url\":\"https:\\\/\\\/acuariosupremus.com\\\/wp-content\\\/uploads\\\/2021\\\/12\\\/cropped-logo_acuario_supremus_fn-2.png\",\"contentUrl\":\"https:\\\/\\\/acuariosupremus.com\\\/wp-content\\\/uploads\\\/2021\\\/12\\\/cropped-logo_acuario_supremus_fn-2.png\",\"width\":1000,\"height\":318,\"caption\":\"Acuario Supremus\"},\"image\":{\"@id\":\"https:\\\/\\\/acuariosupremus.com\\\/#\\\/schema\\\/logo\\\/image\\\/\"},\"sameAs\":[\"https:\\\/\\\/www.facebook.com\\\/AcuarioSupremus\",\"https:\\\/\\\/x.com\\\/AcuarioSupremus\",\"https:\\\/\\\/www.instagram.com\\\/acuariosupremus\\\/?hl=es\"]}]}<\/script>\n<!-- \/ Yoast SEO plugin. -->","yoast_head_json":{"title":"Synthesis (fertilizante) 350 ml. | Acuario Supremus","description":"synthesis\u2122 es una fuente concentrada (32,000 mg\/l N) de nitr\u00f3geno. synthesis\u2122 es un suplemento \u00fanico al proveer el nitr\u00f3geno en sus tres formas.","robots":{"index":"index","follow":"follow","max-snippet":"max-snippet:-1","max-image-preview":"max-image-preview:large","max-video-preview":"max-video-preview:-1"},"canonical":"https:\/\/acuariosupremus.com\/?product=synthesis-fertilizante-350-ml","og_locale":"es_MX","og_type":"article","og_title":"Synthesis (fertilizante) 350 ml. | Acuario Supremus","og_description":"synthesis\u2122 es una fuente concentrada (32,000 mg\/l N) de nitr\u00f3geno. synthesis\u2122 es un suplemento \u00fanico al proveer el nitr\u00f3geno en sus tres formas.","og_url":"https:\/\/acuariosupremus.com\/?product=synthesis-fertilizante-350-ml","og_site_name":"Acuario Supremus","article_publisher":"https:\/\/www.facebook.com\/AcuarioSupremus","article_modified_time":"2025-12-21T01:39:18+00:00","og_image":[{"width":1250,"height":1250,"url":"https:\/\/acuariosupremus.com\/wp-content\/uploads\/2022\/04\/aquavitro-synthesis_350ml_01.jpg","type":"image\/jpeg"}],"twitter_card":"summary_large_image","twitter_site":"@AcuarioSupremus","twitter_misc":{"Tiempo de lectura":"2 minutos"},"schema":{"@context":"https:\/\/schema.org","@graph":[{"@type":"WebPage","@id":"https:\/\/acuariosupremus.com\/?product=synthesis-fertilizante-350-ml","url":"https:\/\/acuariosupremus.com\/?product=synthesis-fertilizante-350-ml","name":"Synthesis (fertilizante) 350 ml. | Acuario Supremus","isPartOf":{"@id":"https:\/\/acuariosupremus.com\/#website"},"primaryImageOfPage":{"@id":"https:\/\/acuariosupremus.com\/?product=synthesis-fertilizante-350-ml#primaryimage"},"image":{"@id":"https:\/\/acuariosupremus.com\/?product=synthesis-fertilizante-350-ml#primaryimage"},"thumbnailUrl":"https:\/\/acuariosupremus.com\/wp-content\/uploads\/2022\/04\/aquavitro-synthesis_350ml_01.jpg","datePublished":"2022-04-15T00:57:35+00:00","dateModified":"2025-12-21T01:39:18+00:00","description":"synthesis\u2122 es una fuente concentrada (32,000 mg\/l N) de nitr\u00f3geno. synthesis\u2122 es un suplemento \u00fanico al proveer el nitr\u00f3geno en sus tres formas.","breadcrumb":{"@id":"https:\/\/acuariosupremus.com\/?product=synthesis-fertilizante-350-ml#breadcrumb"},"inLanguage":"es","potentialAction":[{"@type":"ReadAction","target":["https:\/\/acuariosupremus.com\/?product=synthesis-fertilizante-350-ml"]}]},{"@type":"ImageObject","inLanguage":"es","@id":"https:\/\/acuariosupremus.com\/?product=synthesis-fertilizante-350-ml#primaryimage","url":"https:\/\/acuariosupremus.com\/wp-content\/uploads\/2022\/04\/aquavitro-synthesis_350ml_01.jpg","contentUrl":"https:\/\/acuariosupremus.com\/wp-content\/uploads\/2022\/04\/aquavitro-synthesis_350ml_01.jpg","width":1250,"height":1250},{"@type":"BreadcrumbList","@id":"https:\/\/acuariosupremus.com\/?product=synthesis-fertilizante-350-ml#breadcrumb","itemListElement":[{"@type":"ListItem","position":1,"name":"Portada","item":"https:\/\/acuariosupremus.com\/"},{"@type":"ListItem","position":2,"name":"Tienda","item":"https:\/\/acuariosupremus.com\/tienda\/"},{"@type":"ListItem","position":3,"name":"Synthesis (fertilizante) 350 ml."}]},{"@type":"WebSite","@id":"https:\/\/acuariosupremus.com\/#website","url":"https:\/\/acuariosupremus.com\/","name":"Acuario Supremus","description":"Peces, Peceras y Mascotas.","publisher":{"@id":"https:\/\/acuariosupremus.com\/#organization"},"potentialAction":[{"@type":"SearchAction","target":{"@type":"EntryPoint","urlTemplate":"https:\/\/acuariosupremus.com\/?s={search_term_string}"},"query-input":{"@type":"PropertyValueSpecification","valueRequired":true,"valueName":"search_term_string"}}],"inLanguage":"es"},{"@type":"Organization","@id":"https:\/\/acuariosupremus.com\/#organization","name":"Acuario Supremus","url":"https:\/\/acuariosupremus.com\/","logo":{"@type":"ImageObject","inLanguage":"es","@id":"https:\/\/acuariosupremus.com\/#\/schema\/logo\/image\/","url":"https:\/\/acuariosupremus.com\/wp-content\/uploads\/2021\/12\/cropped-logo_acuario_supremus_fn-2.png","contentUrl":"https:\/\/acuariosupremus.com\/wp-content\/uploads\/2021\/12\/cropped-logo_acuario_supremus_fn-2.png","width":1000,"height":318,"caption":"Acuario Supremus"},"image":{"@id":"https:\/\/acuariosupremus.com\/#\/schema\/logo\/image\/"},"sameAs":["https:\/\/www.facebook.com\/AcuarioSupremus","https:\/\/x.com\/AcuarioSupremus","https:\/\/www.instagram.com\/acuariosupremus\/?hl=es"]}]}},"jetpack_sharing_enabled":true,"_links":{"self":[{"href":"https:\/\/acuariosupremus.com\/index.php?rest_route=\/wp\/v2\/product\/6856","targetHints":{"allow":["GET"]}}],"collection":[{"href":"https:\/\/acuariosupremus.com\/index.php?rest_route=\/wp\/v2\/product"}],"about":[{"href":"https:\/\/acuariosupremus.com\/index.php?rest_route=\/wp\/v2\/types\/product"}],"wp:featuredmedia":[{"embeddable":true,"href":"https:\/\/acuariosupremus.com\/index.php?rest_route=\/wp\/v2\/media\/14621"}],"wp:attachment":[{"href":"https:\/\/acuariosupremus.com\/index.php?rest_route=%2Fwp%2Fv2%2Fmedia&parent=6856"}],"wp:term":[{"taxonomy":"product_brand","embeddable":true,"href":"https:\/\/acuariosupremus.com\/index.php?rest_route=%2Fwp%2Fv2%2Fproduct_brand&post=6856"},{"taxonomy":"product_cat","embeddable":true,"href":"https:\/\/acuariosupremus.com\/index.php?rest_route=%2Fwp%2Fv2%2Fproduct_cat&post=6856"},{"taxonomy":"product_tag","embeddable":true,"href":"https:\/\/acuariosupremus.com\/index.php?rest_route=%2Fwp%2Fv2%2Fproduct_tag&post=6856"}],"curies":[{"name":"wp","href":"https:\/\/api.w.org\/{rel}","templated":true}]}}