{"id":6871,"date":"2022-04-14T20:24:13","date_gmt":"2022-04-15T01:24:13","guid":{"rendered":"https:\/\/acuariosupremus.com\/?post_type=product&#038;p=6871"},"modified":"2025-12-20T19:46:37","modified_gmt":"2025-12-21T01:46:37","slug":"mineralize-equilibrador-ionico-de-minerales-350-ml","status":"publish","type":"product","link":"https:\/\/acuariosupremus.com\/?product=mineralize-equilibrador-ionico-de-minerales-350-ml","title":{"rendered":"Mineralize (equilibrador i\u00f3nico de minerales) 350 ml."},"content":{"rendered":"<p>La dureza general representa el contenido de cationes met\u00e1licos divalentes en el agua. En la mayor\u00eda de las aguas esto comprende primariamente el contenido de calcio y el magnesio. Las aguas blandas tienen una baja concentraci\u00f3n de cationes met\u00e1licos divalentes, mientras que las aguas duras presentan una alta concentraci\u00f3n. En su medio nativo de algunas plantas como Cryptocoryne, Aponogeton, etc. viven en entornos de aguas blandas, mientras que otras especies como Sagittaria subulata, Riccia fluitans, etc. est\u00e1n m\u00e1s aclimatadas a aguas duras. Para replicar estos entornos qu\u00edmicos puede ser necesario ajustar la dureza. mineralize\u2122 es una mezcla de sales de cationes met\u00e1licos divalentes dise\u00f1ado para restaurar o incrementar la dureza general (GH).<br \/>\nINSTRUCCIONES:<br \/>\nUse un tap\u00f3n interior (7 ml) por cada 56 litros de agua una vez por semana, o la d\u00f3sis necesaria para alcanzar el valor GH deseado. Esta dosis recupera GH en 1 meq\/L (2.8 \u00b0dGH). Trate de obtener una dureza general baja para preparar aguas blandas y valores altos para las aguas duras. Nota: Cada hilo del tap\u00f3n interior contiene aproximadamente 2 ml. Un tap\u00f3n lleno contiene 49 ml. Composici\u00f3n: Calcio (min) 13.5%<br \/>\nMagnesio (min) 1.2% Ingredientes: Cloruro de calcio, gluconato de calcio, cloruro de magnesio<br \/>\n\u00danicamente para uso en acuarios. Mant\u00e9ngase fuera del alcance de los ni\u00f1os.<\/p>\n<p>capacidad <strong>350 ml.<\/strong><br \/>\nTama\u00f1o mm.<br \/>\n53 x 53 x 196 (l x a x h)<br \/>\nPeso<br \/>\n520 (g.)<\/p>\n","protected":false},"excerpt":{"rendered":"<p>mineralize\u2122 es una mezcla de sales de cationes met\u00e1licos divalentes dise\u00f1ado para restaurar o incrementar la dureza general (GH).<\/p>\n","protected":false},"featured_media":14625,"template":"","meta":[],"product_brand":[125],"product_cat":[40,56],"product_tag":[556,701],"class_list":{"0":"post-6871","1":"product","2":"type-product","3":"status-publish","4":"has-post-thumbnail","6":"product_brand-aquavitro","7":"product_cat-peces","8":"product_cat-plantas-naturales","9":"product_tag-equilibrador-ionico-minerales-plantas-acuaticas","10":"product_tag-mineralize","12":"first","13":"instock","14":"sale","15":"shipping-taxable","16":"purchasable","17":"product-type-simple"},"yoast_head":"<!-- This site is optimized with the Yoast SEO plugin v27.4 - https:\/\/yoast.com\/product\/yoast-seo-wordpress\/ -->\n<title>Mineralize (equilibrador i\u00f3nico de minerales) 350 ml. | Acuario Supremus<\/title>\n<meta name=\"description\" content=\"mineralize\u2122 es una mezcla de sales de cationes met\u00e1licos divalentes dise\u00f1ado para restaurar o incrementar la dureza general (GH).\" \/>\n<meta name=\"robots\" content=\"index, follow, max-snippet:-1, max-image-preview:large, max-video-preview:-1\" \/>\n<link rel=\"canonical\" href=\"https:\/\/acuariosupremus.com\/?product=mineralize-equilibrador-ionico-de-minerales-350-ml\" \/>\n<meta property=\"og:locale\" content=\"es_MX\" \/>\n<meta property=\"og:type\" content=\"article\" \/>\n<meta property=\"og:title\" content=\"Mineralize (equilibrador i\u00f3nico de minerales) 350 ml. | Acuario Supremus\" \/>\n<meta property=\"og:description\" content=\"mineralize\u2122 es una mezcla de sales de cationes met\u00e1licos divalentes dise\u00f1ado para restaurar o incrementar la dureza general (GH).\" \/>\n<meta property=\"og:url\" content=\"https:\/\/acuariosupremus.com\/?product=mineralize-equilibrador-ionico-de-minerales-350-ml\" \/>\n<meta property=\"og:site_name\" content=\"Acuario Supremus\" \/>\n<meta property=\"article:publisher\" content=\"https:\/\/www.facebook.com\/AcuarioSupremus\" \/>\n<meta property=\"article:modified_time\" content=\"2025-12-21T01:46:37+00:00\" \/>\n<meta property=\"og:image\" content=\"https:\/\/acuariosupremus.com\/wp-content\/uploads\/2022\/04\/aquavitro-mineralize_350ml_01.jpg\" \/>\n\t<meta property=\"og:image:width\" content=\"1250\" \/>\n\t<meta property=\"og:image:height\" content=\"1250\" \/>\n\t<meta property=\"og:image:type\" content=\"image\/jpeg\" \/>\n<meta name=\"twitter:card\" content=\"summary_large_image\" \/>\n<meta name=\"twitter:site\" content=\"@AcuarioSupremus\" \/>\n<meta name=\"twitter:label1\" content=\"Tiempo de lectura\" \/>\n\t<meta name=\"twitter:data1\" content=\"2 minutos\" \/>\n<script type=\"application\/ld+json\" class=\"yoast-schema-graph\">{\"@context\":\"https:\\\/\\\/schema.org\",\"@graph\":[{\"@type\":\"WebPage\",\"@id\":\"https:\\\/\\\/acuariosupremus.com\\\/?product=mineralize-equilibrador-ionico-de-minerales-350-ml\",\"url\":\"https:\\\/\\\/acuariosupremus.com\\\/?product=mineralize-equilibrador-ionico-de-minerales-350-ml\",\"name\":\"Mineralize (equilibrador i\u00f3nico de minerales) 350 ml. | Acuario Supremus\",\"isPartOf\":{\"@id\":\"https:\\\/\\\/acuariosupremus.com\\\/#website\"},\"primaryImageOfPage\":{\"@id\":\"https:\\\/\\\/acuariosupremus.com\\\/?product=mineralize-equilibrador-ionico-de-minerales-350-ml#primaryimage\"},\"image\":{\"@id\":\"https:\\\/\\\/acuariosupremus.com\\\/?product=mineralize-equilibrador-ionico-de-minerales-350-ml#primaryimage\"},\"thumbnailUrl\":\"https:\\\/\\\/acuariosupremus.com\\\/wp-content\\\/uploads\\\/2022\\\/04\\\/aquavitro-mineralize_350ml_01.jpg\",\"datePublished\":\"2022-04-15T01:24:13+00:00\",\"dateModified\":\"2025-12-21T01:46:37+00:00\",\"description\":\"mineralize\u2122 es una mezcla de sales de cationes met\u00e1licos divalentes dise\u00f1ado para restaurar o incrementar la dureza general (GH).\",\"breadcrumb\":{\"@id\":\"https:\\\/\\\/acuariosupremus.com\\\/?product=mineralize-equilibrador-ionico-de-minerales-350-ml#breadcrumb\"},\"inLanguage\":\"es\",\"potentialAction\":[{\"@type\":\"ReadAction\",\"target\":[\"https:\\\/\\\/acuariosupremus.com\\\/?product=mineralize-equilibrador-ionico-de-minerales-350-ml\"]}]},{\"@type\":\"ImageObject\",\"inLanguage\":\"es\",\"@id\":\"https:\\\/\\\/acuariosupremus.com\\\/?product=mineralize-equilibrador-ionico-de-minerales-350-ml#primaryimage\",\"url\":\"https:\\\/\\\/acuariosupremus.com\\\/wp-content\\\/uploads\\\/2022\\\/04\\\/aquavitro-mineralize_350ml_01.jpg\",\"contentUrl\":\"https:\\\/\\\/acuariosupremus.com\\\/wp-content\\\/uploads\\\/2022\\\/04\\\/aquavitro-mineralize_350ml_01.jpg\",\"width\":1250,\"height\":1250},{\"@type\":\"BreadcrumbList\",\"@id\":\"https:\\\/\\\/acuariosupremus.com\\\/?product=mineralize-equilibrador-ionico-de-minerales-350-ml#breadcrumb\",\"itemListElement\":[{\"@type\":\"ListItem\",\"position\":1,\"name\":\"Portada\",\"item\":\"https:\\\/\\\/acuariosupremus.com\\\/\"},{\"@type\":\"ListItem\",\"position\":2,\"name\":\"Tienda\",\"item\":\"https:\\\/\\\/acuariosupremus.com\\\/tienda\\\/\"},{\"@type\":\"ListItem\",\"position\":3,\"name\":\"Mineralize (equilibrador i\u00f3nico de minerales) 350 ml.\"}]},{\"@type\":\"WebSite\",\"@id\":\"https:\\\/\\\/acuariosupremus.com\\\/#website\",\"url\":\"https:\\\/\\\/acuariosupremus.com\\\/\",\"name\":\"Acuario Supremus\",\"description\":\"Peces, Peceras y Mascotas.\",\"publisher\":{\"@id\":\"https:\\\/\\\/acuariosupremus.com\\\/#organization\"},\"potentialAction\":[{\"@type\":\"SearchAction\",\"target\":{\"@type\":\"EntryPoint\",\"urlTemplate\":\"https:\\\/\\\/acuariosupremus.com\\\/?s={search_term_string}\"},\"query-input\":{\"@type\":\"PropertyValueSpecification\",\"valueRequired\":true,\"valueName\":\"search_term_string\"}}],\"inLanguage\":\"es\"},{\"@type\":\"Organization\",\"@id\":\"https:\\\/\\\/acuariosupremus.com\\\/#organization\",\"name\":\"Acuario Supremus\",\"url\":\"https:\\\/\\\/acuariosupremus.com\\\/\",\"logo\":{\"@type\":\"ImageObject\",\"inLanguage\":\"es\",\"@id\":\"https:\\\/\\\/acuariosupremus.com\\\/#\\\/schema\\\/logo\\\/image\\\/\",\"url\":\"https:\\\/\\\/acuariosupremus.com\\\/wp-content\\\/uploads\\\/2021\\\/12\\\/cropped-logo_acuario_supremus_fn-2.png\",\"contentUrl\":\"https:\\\/\\\/acuariosupremus.com\\\/wp-content\\\/uploads\\\/2021\\\/12\\\/cropped-logo_acuario_supremus_fn-2.png\",\"width\":1000,\"height\":318,\"caption\":\"Acuario Supremus\"},\"image\":{\"@id\":\"https:\\\/\\\/acuariosupremus.com\\\/#\\\/schema\\\/logo\\\/image\\\/\"},\"sameAs\":[\"https:\\\/\\\/www.facebook.com\\\/AcuarioSupremus\",\"https:\\\/\\\/x.com\\\/AcuarioSupremus\",\"https:\\\/\\\/www.instagram.com\\\/acuariosupremus\\\/?hl=es\"]}]}<\/script>\n<!-- \/ Yoast SEO plugin. -->","yoast_head_json":{"title":"Mineralize (equilibrador i\u00f3nico de minerales) 350 ml. | Acuario Supremus","description":"mineralize\u2122 es una mezcla de sales de cationes met\u00e1licos divalentes dise\u00f1ado para restaurar o incrementar la dureza general (GH).","robots":{"index":"index","follow":"follow","max-snippet":"max-snippet:-1","max-image-preview":"max-image-preview:large","max-video-preview":"max-video-preview:-1"},"canonical":"https:\/\/acuariosupremus.com\/?product=mineralize-equilibrador-ionico-de-minerales-350-ml","og_locale":"es_MX","og_type":"article","og_title":"Mineralize (equilibrador i\u00f3nico de minerales) 350 ml. | Acuario Supremus","og_description":"mineralize\u2122 es una mezcla de sales de cationes met\u00e1licos divalentes dise\u00f1ado para restaurar o incrementar la dureza general (GH).","og_url":"https:\/\/acuariosupremus.com\/?product=mineralize-equilibrador-ionico-de-minerales-350-ml","og_site_name":"Acuario Supremus","article_publisher":"https:\/\/www.facebook.com\/AcuarioSupremus","article_modified_time":"2025-12-21T01:46:37+00:00","og_image":[{"width":1250,"height":1250,"url":"https:\/\/acuariosupremus.com\/wp-content\/uploads\/2022\/04\/aquavitro-mineralize_350ml_01.jpg","type":"image\/jpeg"}],"twitter_card":"summary_large_image","twitter_site":"@AcuarioSupremus","twitter_misc":{"Tiempo de lectura":"2 minutos"},"schema":{"@context":"https:\/\/schema.org","@graph":[{"@type":"WebPage","@id":"https:\/\/acuariosupremus.com\/?product=mineralize-equilibrador-ionico-de-minerales-350-ml","url":"https:\/\/acuariosupremus.com\/?product=mineralize-equilibrador-ionico-de-minerales-350-ml","name":"Mineralize (equilibrador i\u00f3nico de minerales) 350 ml. | Acuario Supremus","isPartOf":{"@id":"https:\/\/acuariosupremus.com\/#website"},"primaryImageOfPage":{"@id":"https:\/\/acuariosupremus.com\/?product=mineralize-equilibrador-ionico-de-minerales-350-ml#primaryimage"},"image":{"@id":"https:\/\/acuariosupremus.com\/?product=mineralize-equilibrador-ionico-de-minerales-350-ml#primaryimage"},"thumbnailUrl":"https:\/\/acuariosupremus.com\/wp-content\/uploads\/2022\/04\/aquavitro-mineralize_350ml_01.jpg","datePublished":"2022-04-15T01:24:13+00:00","dateModified":"2025-12-21T01:46:37+00:00","description":"mineralize\u2122 es una mezcla de sales de cationes met\u00e1licos divalentes dise\u00f1ado para restaurar o incrementar la dureza general (GH).","breadcrumb":{"@id":"https:\/\/acuariosupremus.com\/?product=mineralize-equilibrador-ionico-de-minerales-350-ml#breadcrumb"},"inLanguage":"es","potentialAction":[{"@type":"ReadAction","target":["https:\/\/acuariosupremus.com\/?product=mineralize-equilibrador-ionico-de-minerales-350-ml"]}]},{"@type":"ImageObject","inLanguage":"es","@id":"https:\/\/acuariosupremus.com\/?product=mineralize-equilibrador-ionico-de-minerales-350-ml#primaryimage","url":"https:\/\/acuariosupremus.com\/wp-content\/uploads\/2022\/04\/aquavitro-mineralize_350ml_01.jpg","contentUrl":"https:\/\/acuariosupremus.com\/wp-content\/uploads\/2022\/04\/aquavitro-mineralize_350ml_01.jpg","width":1250,"height":1250},{"@type":"BreadcrumbList","@id":"https:\/\/acuariosupremus.com\/?product=mineralize-equilibrador-ionico-de-minerales-350-ml#breadcrumb","itemListElement":[{"@type":"ListItem","position":1,"name":"Portada","item":"https:\/\/acuariosupremus.com\/"},{"@type":"ListItem","position":2,"name":"Tienda","item":"https:\/\/acuariosupremus.com\/tienda\/"},{"@type":"ListItem","position":3,"name":"Mineralize (equilibrador i\u00f3nico de minerales) 350 ml."}]},{"@type":"WebSite","@id":"https:\/\/acuariosupremus.com\/#website","url":"https:\/\/acuariosupremus.com\/","name":"Acuario Supremus","description":"Peces, Peceras y Mascotas.","publisher":{"@id":"https:\/\/acuariosupremus.com\/#organization"},"potentialAction":[{"@type":"SearchAction","target":{"@type":"EntryPoint","urlTemplate":"https:\/\/acuariosupremus.com\/?s={search_term_string}"},"query-input":{"@type":"PropertyValueSpecification","valueRequired":true,"valueName":"search_term_string"}}],"inLanguage":"es"},{"@type":"Organization","@id":"https:\/\/acuariosupremus.com\/#organization","name":"Acuario Supremus","url":"https:\/\/acuariosupremus.com\/","logo":{"@type":"ImageObject","inLanguage":"es","@id":"https:\/\/acuariosupremus.com\/#\/schema\/logo\/image\/","url":"https:\/\/acuariosupremus.com\/wp-content\/uploads\/2021\/12\/cropped-logo_acuario_supremus_fn-2.png","contentUrl":"https:\/\/acuariosupremus.com\/wp-content\/uploads\/2021\/12\/cropped-logo_acuario_supremus_fn-2.png","width":1000,"height":318,"caption":"Acuario Supremus"},"image":{"@id":"https:\/\/acuariosupremus.com\/#\/schema\/logo\/image\/"},"sameAs":["https:\/\/www.facebook.com\/AcuarioSupremus","https:\/\/x.com\/AcuarioSupremus","https:\/\/www.instagram.com\/acuariosupremus\/?hl=es"]}]}},"jetpack_sharing_enabled":true,"_links":{"self":[{"href":"https:\/\/acuariosupremus.com\/index.php?rest_route=\/wp\/v2\/product\/6871","targetHints":{"allow":["GET"]}}],"collection":[{"href":"https:\/\/acuariosupremus.com\/index.php?rest_route=\/wp\/v2\/product"}],"about":[{"href":"https:\/\/acuariosupremus.com\/index.php?rest_route=\/wp\/v2\/types\/product"}],"wp:featuredmedia":[{"embeddable":true,"href":"https:\/\/acuariosupremus.com\/index.php?rest_route=\/wp\/v2\/media\/14625"}],"wp:attachment":[{"href":"https:\/\/acuariosupremus.com\/index.php?rest_route=%2Fwp%2Fv2%2Fmedia&parent=6871"}],"wp:term":[{"taxonomy":"product_brand","embeddable":true,"href":"https:\/\/acuariosupremus.com\/index.php?rest_route=%2Fwp%2Fv2%2Fproduct_brand&post=6871"},{"taxonomy":"product_cat","embeddable":true,"href":"https:\/\/acuariosupremus.com\/index.php?rest_route=%2Fwp%2Fv2%2Fproduct_cat&post=6871"},{"taxonomy":"product_tag","embeddable":true,"href":"https:\/\/acuariosupremus.com\/index.php?rest_route=%2Fwp%2Fv2%2Fproduct_tag&post=6871"}],"curies":[{"name":"wp","href":"https:\/\/api.w.org\/{rel}","templated":true}]}}