{"id":6877,"date":"2022-04-14T20:32:26","date_gmt":"2022-04-15T01:32:26","guid":{"rendered":"https:\/\/acuariosupremus.com\/?post_type=product&#038;p=6877"},"modified":"2025-12-20T19:48:32","modified_gmt":"2025-12-21T01:48:32","slug":"propel-hierro-350-ml","status":"publish","type":"product","link":"https:\/\/acuariosupremus.com\/?product=propel-hierro-350-ml","title":{"rendered":"Propel (Hierro) 350 ml."},"content":{"rendered":"<p>El hierro permanece inm\u00f3vil en las plantas, debido a esto las plantas no pueden liberar el hierro presente en las hojas viejas hacia las nuevas que lo demandan. En consecuencia, los s\u00edntomas de deficiencia de hierro siempre aparecen primero en las hojas nuevas o m\u00e1s j\u00f3venes. Debido a que las plantas usan hierro para producir clorofila, la ca\u00edda de este nutriente da como resultado la enfermedad de la clorosis, presentando un amarilleamiento en las hojas m\u00e1s j\u00f3venes. Los tallos tambi\u00e9n pueden tender a desarrollarse m\u00e1s cortos y delgados. Si la deficiencia es muy severa y prolongada, cada nueva hoja presentar\u00e1 una coloraci\u00f3n m\u00e1s clara en comparaci\u00f3n a sus hojas precedentes.<br \/>\npropel\u2122 es una fuente concentrada (10,000 mg\/l) de hierro en estado ferroso. Est\u00e1 formulado con una mezcla de distintos tipos de este estado del hierro f\u00e1cilmente disponible adem\u00e1s de otras formas de hierro liberable a largo plazo. Si se a\u00f1ade hierro en forma f\u00e9rrica (Fe3+) este debe ser reducido por la planta a su forma ferrosa (Fe2+) para poder ser metabolizado. Este proceso de conversi\u00f3n conocido como reducci\u00f3n requiere que la planta consuma gran cantidad de energ\u00eda fisiol\u00f3gica. propel\u2122 provee hierro de inmediato en su forma ferrosa. Adem\u00e1s propel\u2122 contiene un agente reductor que ayuda a convertir cualquier hierro presente en el acuario a su forma ferrosa, como por ejemplo, el hierro contenido en el sustrato fertilizado. \u00danicamente para uso en acuarios. Mant\u00e9ngase fuera del alcance de los ni\u00f1os. INSTRUCCIONES: Use un tap\u00f3n interior (7 ml) por cada 280 litros de agua tres veces por semana. Puede variar la dosificaci\u00f3n y su frecuencia con el fin de ajustar la tasa de hierro a la demanda puntual de las plantas de su acuario. Como norma general, la tasa recomendable de hierro se encuentra alrededor de los 0.10 mg\/l. Nota: cada hilo del tap\u00f3n interior contiene aproximadamente 2 ml. Un tap\u00f3n lleno contiene 49 ml.<br \/>\nComposici\u00f3n: Hierro soluble en agua (Fe) 1.0% Derivado de gluconatos de hierro<\/p>\n<p>capacidad <strong>350 ml.<\/strong><br \/>\nTama\u00f1o mm.<br \/>\n53 x 53 x 196 (l x a x h)<br \/>\nPeso<br \/>\n415 (g.)<\/p>\n","protected":false},"excerpt":{"rendered":"<p>propel\u2122 es una fuente concentrada (10,000 mg\/l) de hierro en estado ferroso. Est\u00e1 formulado con una mezcla de distintos tipos de este estado del hierro f\u00e1cilmente disponible adem\u00e1s de otras formas de hierro liberable a largo plazo. Si se a\u00f1ade hierro en forma f\u00e9rrica (Fe3+) este debe ser reducido por la planta a su forma ferrosa (Fe2+) para poder ser metabolizado.<\/p>\n","protected":false},"featured_media":14627,"template":"","meta":[],"product_brand":[125],"product_cat":[40,56],"product_tag":[558,699],"class_list":{"0":"post-6877","1":"product","2":"type-product","3":"status-publish","4":"has-post-thumbnail","6":"product_brand-aquavitro","7":"product_cat-peces","8":"product_cat-plantas-naturales","9":"product_tag-hierro-plantas-acuaticas","10":"product_tag-propel","12":"first","13":"instock","14":"sale","15":"shipping-taxable","16":"purchasable","17":"product-type-simple"},"yoast_head":"<!-- This site is optimized with the Yoast SEO plugin v27.4 - https:\/\/yoast.com\/product\/yoast-seo-wordpress\/ -->\n<title>Propel (Hierro) 350 ml. | Acuario Supremus<\/title>\n<meta name=\"description\" content=\"propel\u2122 es una fuente concentrada (10,000 mg\/l) de hierro en estado ferroso. Est\u00e1 formulado con una mezcla de distintos tipos de este estado del hierro.\" \/>\n<meta name=\"robots\" content=\"index, follow, max-snippet:-1, max-image-preview:large, max-video-preview:-1\" \/>\n<link rel=\"canonical\" href=\"https:\/\/acuariosupremus.com\/?product=propel-hierro-350-ml\" \/>\n<meta property=\"og:locale\" content=\"es_MX\" \/>\n<meta property=\"og:type\" content=\"article\" \/>\n<meta property=\"og:title\" content=\"Propel (Hierro) 350 ml. | Acuario Supremus\" \/>\n<meta property=\"og:description\" content=\"propel\u2122 es una fuente concentrada (10,000 mg\/l) de hierro en estado ferroso. Est\u00e1 formulado con una mezcla de distintos tipos de este estado del hierro.\" \/>\n<meta property=\"og:url\" content=\"https:\/\/acuariosupremus.com\/?product=propel-hierro-350-ml\" \/>\n<meta property=\"og:site_name\" content=\"Acuario Supremus\" \/>\n<meta property=\"article:publisher\" content=\"https:\/\/www.facebook.com\/AcuarioSupremus\" \/>\n<meta property=\"article:modified_time\" content=\"2025-12-21T01:48:32+00:00\" \/>\n<meta property=\"og:image\" content=\"https:\/\/acuariosupremus.com\/wp-content\/uploads\/2022\/04\/aquavitro-propel_350ml_01.jpg\" \/>\n\t<meta property=\"og:image:width\" content=\"1250\" \/>\n\t<meta property=\"og:image:height\" content=\"1250\" \/>\n\t<meta property=\"og:image:type\" content=\"image\/jpeg\" \/>\n<meta name=\"twitter:card\" content=\"summary_large_image\" \/>\n<meta name=\"twitter:site\" content=\"@AcuarioSupremus\" \/>\n<meta name=\"twitter:label1\" content=\"Tiempo de lectura\" \/>\n\t<meta name=\"twitter:data1\" content=\"2 minutos\" \/>\n<script type=\"application\/ld+json\" class=\"yoast-schema-graph\">{\"@context\":\"https:\\\/\\\/schema.org\",\"@graph\":[{\"@type\":\"WebPage\",\"@id\":\"https:\\\/\\\/acuariosupremus.com\\\/?product=propel-hierro-350-ml\",\"url\":\"https:\\\/\\\/acuariosupremus.com\\\/?product=propel-hierro-350-ml\",\"name\":\"Propel (Hierro) 350 ml. | Acuario Supremus\",\"isPartOf\":{\"@id\":\"https:\\\/\\\/acuariosupremus.com\\\/#website\"},\"primaryImageOfPage\":{\"@id\":\"https:\\\/\\\/acuariosupremus.com\\\/?product=propel-hierro-350-ml#primaryimage\"},\"image\":{\"@id\":\"https:\\\/\\\/acuariosupremus.com\\\/?product=propel-hierro-350-ml#primaryimage\"},\"thumbnailUrl\":\"https:\\\/\\\/acuariosupremus.com\\\/wp-content\\\/uploads\\\/2022\\\/04\\\/aquavitro-propel_350ml_01.jpg\",\"datePublished\":\"2022-04-15T01:32:26+00:00\",\"dateModified\":\"2025-12-21T01:48:32+00:00\",\"description\":\"propel\u2122 es una fuente concentrada (10,000 mg\\\/l) de hierro en estado ferroso. Est\u00e1 formulado con una mezcla de distintos tipos de este estado del hierro.\",\"breadcrumb\":{\"@id\":\"https:\\\/\\\/acuariosupremus.com\\\/?product=propel-hierro-350-ml#breadcrumb\"},\"inLanguage\":\"es\",\"potentialAction\":[{\"@type\":\"ReadAction\",\"target\":[\"https:\\\/\\\/acuariosupremus.com\\\/?product=propel-hierro-350-ml\"]}]},{\"@type\":\"ImageObject\",\"inLanguage\":\"es\",\"@id\":\"https:\\\/\\\/acuariosupremus.com\\\/?product=propel-hierro-350-ml#primaryimage\",\"url\":\"https:\\\/\\\/acuariosupremus.com\\\/wp-content\\\/uploads\\\/2022\\\/04\\\/aquavitro-propel_350ml_01.jpg\",\"contentUrl\":\"https:\\\/\\\/acuariosupremus.com\\\/wp-content\\\/uploads\\\/2022\\\/04\\\/aquavitro-propel_350ml_01.jpg\",\"width\":1250,\"height\":1250},{\"@type\":\"BreadcrumbList\",\"@id\":\"https:\\\/\\\/acuariosupremus.com\\\/?product=propel-hierro-350-ml#breadcrumb\",\"itemListElement\":[{\"@type\":\"ListItem\",\"position\":1,\"name\":\"Portada\",\"item\":\"https:\\\/\\\/acuariosupremus.com\\\/\"},{\"@type\":\"ListItem\",\"position\":2,\"name\":\"Tienda\",\"item\":\"https:\\\/\\\/acuariosupremus.com\\\/tienda\\\/\"},{\"@type\":\"ListItem\",\"position\":3,\"name\":\"Propel (Hierro) 350 ml.\"}]},{\"@type\":\"WebSite\",\"@id\":\"https:\\\/\\\/acuariosupremus.com\\\/#website\",\"url\":\"https:\\\/\\\/acuariosupremus.com\\\/\",\"name\":\"Acuario Supremus\",\"description\":\"Peces, Peceras y Mascotas.\",\"publisher\":{\"@id\":\"https:\\\/\\\/acuariosupremus.com\\\/#organization\"},\"potentialAction\":[{\"@type\":\"SearchAction\",\"target\":{\"@type\":\"EntryPoint\",\"urlTemplate\":\"https:\\\/\\\/acuariosupremus.com\\\/?s={search_term_string}\"},\"query-input\":{\"@type\":\"PropertyValueSpecification\",\"valueRequired\":true,\"valueName\":\"search_term_string\"}}],\"inLanguage\":\"es\"},{\"@type\":\"Organization\",\"@id\":\"https:\\\/\\\/acuariosupremus.com\\\/#organization\",\"name\":\"Acuario Supremus\",\"url\":\"https:\\\/\\\/acuariosupremus.com\\\/\",\"logo\":{\"@type\":\"ImageObject\",\"inLanguage\":\"es\",\"@id\":\"https:\\\/\\\/acuariosupremus.com\\\/#\\\/schema\\\/logo\\\/image\\\/\",\"url\":\"https:\\\/\\\/acuariosupremus.com\\\/wp-content\\\/uploads\\\/2021\\\/12\\\/cropped-logo_acuario_supremus_fn-2.png\",\"contentUrl\":\"https:\\\/\\\/acuariosupremus.com\\\/wp-content\\\/uploads\\\/2021\\\/12\\\/cropped-logo_acuario_supremus_fn-2.png\",\"width\":1000,\"height\":318,\"caption\":\"Acuario Supremus\"},\"image\":{\"@id\":\"https:\\\/\\\/acuariosupremus.com\\\/#\\\/schema\\\/logo\\\/image\\\/\"},\"sameAs\":[\"https:\\\/\\\/www.facebook.com\\\/AcuarioSupremus\",\"https:\\\/\\\/x.com\\\/AcuarioSupremus\",\"https:\\\/\\\/www.instagram.com\\\/acuariosupremus\\\/?hl=es\"]}]}<\/script>\n<!-- \/ Yoast SEO plugin. -->","yoast_head_json":{"title":"Propel (Hierro) 350 ml. | Acuario Supremus","description":"propel\u2122 es una fuente concentrada (10,000 mg\/l) de hierro en estado ferroso. Est\u00e1 formulado con una mezcla de distintos tipos de este estado del hierro.","robots":{"index":"index","follow":"follow","max-snippet":"max-snippet:-1","max-image-preview":"max-image-preview:large","max-video-preview":"max-video-preview:-1"},"canonical":"https:\/\/acuariosupremus.com\/?product=propel-hierro-350-ml","og_locale":"es_MX","og_type":"article","og_title":"Propel (Hierro) 350 ml. | Acuario Supremus","og_description":"propel\u2122 es una fuente concentrada (10,000 mg\/l) de hierro en estado ferroso. Est\u00e1 formulado con una mezcla de distintos tipos de este estado del hierro.","og_url":"https:\/\/acuariosupremus.com\/?product=propel-hierro-350-ml","og_site_name":"Acuario Supremus","article_publisher":"https:\/\/www.facebook.com\/AcuarioSupremus","article_modified_time":"2025-12-21T01:48:32+00:00","og_image":[{"width":1250,"height":1250,"url":"https:\/\/acuariosupremus.com\/wp-content\/uploads\/2022\/04\/aquavitro-propel_350ml_01.jpg","type":"image\/jpeg"}],"twitter_card":"summary_large_image","twitter_site":"@AcuarioSupremus","twitter_misc":{"Tiempo de lectura":"2 minutos"},"schema":{"@context":"https:\/\/schema.org","@graph":[{"@type":"WebPage","@id":"https:\/\/acuariosupremus.com\/?product=propel-hierro-350-ml","url":"https:\/\/acuariosupremus.com\/?product=propel-hierro-350-ml","name":"Propel (Hierro) 350 ml. | Acuario Supremus","isPartOf":{"@id":"https:\/\/acuariosupremus.com\/#website"},"primaryImageOfPage":{"@id":"https:\/\/acuariosupremus.com\/?product=propel-hierro-350-ml#primaryimage"},"image":{"@id":"https:\/\/acuariosupremus.com\/?product=propel-hierro-350-ml#primaryimage"},"thumbnailUrl":"https:\/\/acuariosupremus.com\/wp-content\/uploads\/2022\/04\/aquavitro-propel_350ml_01.jpg","datePublished":"2022-04-15T01:32:26+00:00","dateModified":"2025-12-21T01:48:32+00:00","description":"propel\u2122 es una fuente concentrada (10,000 mg\/l) de hierro en estado ferroso. Est\u00e1 formulado con una mezcla de distintos tipos de este estado del hierro.","breadcrumb":{"@id":"https:\/\/acuariosupremus.com\/?product=propel-hierro-350-ml#breadcrumb"},"inLanguage":"es","potentialAction":[{"@type":"ReadAction","target":["https:\/\/acuariosupremus.com\/?product=propel-hierro-350-ml"]}]},{"@type":"ImageObject","inLanguage":"es","@id":"https:\/\/acuariosupremus.com\/?product=propel-hierro-350-ml#primaryimage","url":"https:\/\/acuariosupremus.com\/wp-content\/uploads\/2022\/04\/aquavitro-propel_350ml_01.jpg","contentUrl":"https:\/\/acuariosupremus.com\/wp-content\/uploads\/2022\/04\/aquavitro-propel_350ml_01.jpg","width":1250,"height":1250},{"@type":"BreadcrumbList","@id":"https:\/\/acuariosupremus.com\/?product=propel-hierro-350-ml#breadcrumb","itemListElement":[{"@type":"ListItem","position":1,"name":"Portada","item":"https:\/\/acuariosupremus.com\/"},{"@type":"ListItem","position":2,"name":"Tienda","item":"https:\/\/acuariosupremus.com\/tienda\/"},{"@type":"ListItem","position":3,"name":"Propel (Hierro) 350 ml."}]},{"@type":"WebSite","@id":"https:\/\/acuariosupremus.com\/#website","url":"https:\/\/acuariosupremus.com\/","name":"Acuario Supremus","description":"Peces, Peceras y Mascotas.","publisher":{"@id":"https:\/\/acuariosupremus.com\/#organization"},"potentialAction":[{"@type":"SearchAction","target":{"@type":"EntryPoint","urlTemplate":"https:\/\/acuariosupremus.com\/?s={search_term_string}"},"query-input":{"@type":"PropertyValueSpecification","valueRequired":true,"valueName":"search_term_string"}}],"inLanguage":"es"},{"@type":"Organization","@id":"https:\/\/acuariosupremus.com\/#organization","name":"Acuario Supremus","url":"https:\/\/acuariosupremus.com\/","logo":{"@type":"ImageObject","inLanguage":"es","@id":"https:\/\/acuariosupremus.com\/#\/schema\/logo\/image\/","url":"https:\/\/acuariosupremus.com\/wp-content\/uploads\/2021\/12\/cropped-logo_acuario_supremus_fn-2.png","contentUrl":"https:\/\/acuariosupremus.com\/wp-content\/uploads\/2021\/12\/cropped-logo_acuario_supremus_fn-2.png","width":1000,"height":318,"caption":"Acuario Supremus"},"image":{"@id":"https:\/\/acuariosupremus.com\/#\/schema\/logo\/image\/"},"sameAs":["https:\/\/www.facebook.com\/AcuarioSupremus","https:\/\/x.com\/AcuarioSupremus","https:\/\/www.instagram.com\/acuariosupremus\/?hl=es"]}]}},"jetpack_sharing_enabled":true,"_links":{"self":[{"href":"https:\/\/acuariosupremus.com\/index.php?rest_route=\/wp\/v2\/product\/6877","targetHints":{"allow":["GET"]}}],"collection":[{"href":"https:\/\/acuariosupremus.com\/index.php?rest_route=\/wp\/v2\/product"}],"about":[{"href":"https:\/\/acuariosupremus.com\/index.php?rest_route=\/wp\/v2\/types\/product"}],"wp:featuredmedia":[{"embeddable":true,"href":"https:\/\/acuariosupremus.com\/index.php?rest_route=\/wp\/v2\/media\/14627"}],"wp:attachment":[{"href":"https:\/\/acuariosupremus.com\/index.php?rest_route=%2Fwp%2Fv2%2Fmedia&parent=6877"}],"wp:term":[{"taxonomy":"product_brand","embeddable":true,"href":"https:\/\/acuariosupremus.com\/index.php?rest_route=%2Fwp%2Fv2%2Fproduct_brand&post=6877"},{"taxonomy":"product_cat","embeddable":true,"href":"https:\/\/acuariosupremus.com\/index.php?rest_route=%2Fwp%2Fv2%2Fproduct_cat&post=6877"},{"taxonomy":"product_tag","embeddable":true,"href":"https:\/\/acuariosupremus.com\/index.php?rest_route=%2Fwp%2Fv2%2Fproduct_tag&post=6877"}],"curies":[{"name":"wp","href":"https:\/\/api.w.org\/{rel}","templated":true}]}}