{"id":6886,"date":"2022-04-14T20:48:41","date_gmt":"2022-04-15T01:48:41","guid":{"rendered":"https:\/\/acuariosupremus.com\/?post_type=product&#038;p=6886"},"modified":"2025-12-20T19:50:29","modified_gmt":"2025-12-21T01:50:29","slug":"salinity-225-gal-especial-arrecife","status":"publish","type":"product","link":"https:\/\/acuariosupremus.com\/?product=salinity-225-gal-especial-arrecife","title":{"rendered":"Salinity 225 gal, especial arrecife."},"content":{"rendered":"<p>salinity\u2122 es una mezcla de sales espec\u00edficamente formulada para el acuario de arrecife que contiene todos los elementos principales, los elementos menores y los elementos traza esenciales que se encuentran en las aguas del arrecife naturales, pero no contiene componentes t\u00f3xicos o no esenciales para los organismos. Adem\u00e1s, salinity\u2122 posee la combinaci\u00f3n de sales de m\u00e1s concentrada en el mercado. Con un nivel de hidrataci\u00f3n de menos de un 0,5%, salinity\u2122 producir\u00e1 un mayor volumen de agua salada preparada con una salinidad de 35 \u2030 que con cualquier otra mezcla de sal del mercado actual. salinity\u2122 tambi\u00e9n aporta una distribuci\u00f3n de aniones y cationes id\u00e9ntica a la que se encuentra en agua marina natural (NSW). Hemos recopilado los datos de an\u00e1lisis los datos de todos los mares y oc\u00e9anos de la Tierra, y nos hemos centrado en el punto medio del rango para cada elemento. Garantizamos una concentraci\u00f3n dentro de un \u00b1 5% sobre el punto medio del NSW. Ejemplo para una salinidad de 35 \u2030: Los valores de alcalinidad y pH var\u00edan ampliamente en los oc\u00e9anos a lo ancho del planeta. salinity\u2122 ofrece de los siguientes rangos de medici\u00f3n:<br \/>\npH: 8.4 a 8.6<br \/>\nAlcalinidad: 9 a 10.5 meq \/l<\/p>\n<p>capacidad <strong>29.8 Kg.<\/strong><br \/>\nTama\u00f1o mm.<br \/>\n30x325x495 (l x a x h)<br \/>\nPeso<br \/>\n31,960 (g.)<\/p>\n","protected":false},"excerpt":{"rendered":"<p>salinity\u2122 es una mezcla de sales espec\u00edficamente formulada para el acuario de arrecife que contiene todos los elementos principales, los elementos menores y los elementos traza esenciales que se encuentran en las aguas del arrecife naturales, pero no contiene componentes t\u00f3xicos o no esenciales para los organismos. Adem\u00e1s, salinity\u2122 posee la combinaci\u00f3n de sales de m\u00e1s concentrada en el mercado.<\/p>\n","protected":false},"featured_media":6887,"template":"","meta":[],"product_brand":[125],"product_cat":[40,61],"product_tag":[559],"class_list":{"0":"post-6886","1":"product","2":"type-product","3":"status-publish","4":"has-post-thumbnail","6":"product_brand-aquavitro","7":"product_cat-peces","8":"product_cat-sales","9":"product_tag-sal-marina-especial-arrecife","11":"first","12":"instock","13":"sale","14":"shipping-taxable","15":"purchasable","16":"product-type-simple"},"yoast_head":"<!-- This site is optimized with the Yoast SEO plugin v27.4 - https:\/\/yoast.com\/product\/yoast-seo-wordpress\/ -->\n<title>Salinity 225 gal, especial arrecife. | Acuario Supremus<\/title>\n<meta name=\"description\" content=\"salinity\u2122 es una mezcla de sales para el acuario de arrecife contiene todos los elementos principales, menores y traza esenciales de las aguas del arrecife naturales.\" \/>\n<meta name=\"robots\" content=\"index, follow, max-snippet:-1, max-image-preview:large, max-video-preview:-1\" \/>\n<link rel=\"canonical\" href=\"https:\/\/acuariosupremus.com\/?product=salinity-225-gal-especial-arrecife\" \/>\n<meta property=\"og:locale\" content=\"es_MX\" \/>\n<meta property=\"og:type\" content=\"article\" \/>\n<meta property=\"og:title\" content=\"Salinity 225 gal, especial arrecife. | Acuario Supremus\" \/>\n<meta property=\"og:description\" content=\"salinity\u2122 es una mezcla de sales para el acuario de arrecife contiene todos los elementos principales, menores y traza esenciales de las aguas del arrecife naturales.\" \/>\n<meta property=\"og:url\" content=\"https:\/\/acuariosupremus.com\/?product=salinity-225-gal-especial-arrecife\" \/>\n<meta property=\"og:site_name\" content=\"Acuario Supremus\" \/>\n<meta property=\"article:publisher\" content=\"https:\/\/www.facebook.com\/AcuarioSupremus\" \/>\n<meta property=\"article:modified_time\" content=\"2025-12-21T01:50:29+00:00\" \/>\n<meta property=\"og:image\" content=\"https:\/\/acuariosupremus.com\/wp-content\/uploads\/2022\/04\/salinity_detalle_03.jpg\" \/>\n\t<meta property=\"og:image:width\" content=\"1250\" \/>\n\t<meta property=\"og:image:height\" content=\"1250\" \/>\n\t<meta property=\"og:image:type\" content=\"image\/jpeg\" \/>\n<meta name=\"twitter:card\" content=\"summary_large_image\" \/>\n<meta name=\"twitter:site\" content=\"@AcuarioSupremus\" \/>\n<meta name=\"twitter:label1\" content=\"Tiempo de lectura\" \/>\n\t<meta name=\"twitter:data1\" content=\"1 minuto\" \/>\n<script type=\"application\/ld+json\" class=\"yoast-schema-graph\">{\"@context\":\"https:\\\/\\\/schema.org\",\"@graph\":[{\"@type\":\"WebPage\",\"@id\":\"https:\\\/\\\/acuariosupremus.com\\\/?product=salinity-225-gal-especial-arrecife\",\"url\":\"https:\\\/\\\/acuariosupremus.com\\\/?product=salinity-225-gal-especial-arrecife\",\"name\":\"Salinity 225 gal, especial arrecife. | Acuario Supremus\",\"isPartOf\":{\"@id\":\"https:\\\/\\\/acuariosupremus.com\\\/#website\"},\"primaryImageOfPage\":{\"@id\":\"https:\\\/\\\/acuariosupremus.com\\\/?product=salinity-225-gal-especial-arrecife#primaryimage\"},\"image\":{\"@id\":\"https:\\\/\\\/acuariosupremus.com\\\/?product=salinity-225-gal-especial-arrecife#primaryimage\"},\"thumbnailUrl\":\"https:\\\/\\\/acuariosupremus.com\\\/wp-content\\\/uploads\\\/2022\\\/04\\\/salinity_detalle_03.jpg\",\"datePublished\":\"2022-04-15T01:48:41+00:00\",\"dateModified\":\"2025-12-21T01:50:29+00:00\",\"description\":\"salinity\u2122 es una mezcla de sales para el acuario de arrecife contiene todos los elementos principales, menores y traza esenciales de las aguas del arrecife naturales.\",\"breadcrumb\":{\"@id\":\"https:\\\/\\\/acuariosupremus.com\\\/?product=salinity-225-gal-especial-arrecife#breadcrumb\"},\"inLanguage\":\"es\",\"potentialAction\":[{\"@type\":\"ReadAction\",\"target\":[\"https:\\\/\\\/acuariosupremus.com\\\/?product=salinity-225-gal-especial-arrecife\"]}]},{\"@type\":\"ImageObject\",\"inLanguage\":\"es\",\"@id\":\"https:\\\/\\\/acuariosupremus.com\\\/?product=salinity-225-gal-especial-arrecife#primaryimage\",\"url\":\"https:\\\/\\\/acuariosupremus.com\\\/wp-content\\\/uploads\\\/2022\\\/04\\\/salinity_detalle_03.jpg\",\"contentUrl\":\"https:\\\/\\\/acuariosupremus.com\\\/wp-content\\\/uploads\\\/2022\\\/04\\\/salinity_detalle_03.jpg\",\"width\":1250,\"height\":1250},{\"@type\":\"BreadcrumbList\",\"@id\":\"https:\\\/\\\/acuariosupremus.com\\\/?product=salinity-225-gal-especial-arrecife#breadcrumb\",\"itemListElement\":[{\"@type\":\"ListItem\",\"position\":1,\"name\":\"Portada\",\"item\":\"https:\\\/\\\/acuariosupremus.com\\\/\"},{\"@type\":\"ListItem\",\"position\":2,\"name\":\"Tienda\",\"item\":\"https:\\\/\\\/acuariosupremus.com\\\/tienda\\\/\"},{\"@type\":\"ListItem\",\"position\":3,\"name\":\"Salinity 225 gal, especial arrecife.\"}]},{\"@type\":\"WebSite\",\"@id\":\"https:\\\/\\\/acuariosupremus.com\\\/#website\",\"url\":\"https:\\\/\\\/acuariosupremus.com\\\/\",\"name\":\"Acuario Supremus\",\"description\":\"Peces, Peceras y Mascotas.\",\"publisher\":{\"@id\":\"https:\\\/\\\/acuariosupremus.com\\\/#organization\"},\"potentialAction\":[{\"@type\":\"SearchAction\",\"target\":{\"@type\":\"EntryPoint\",\"urlTemplate\":\"https:\\\/\\\/acuariosupremus.com\\\/?s={search_term_string}\"},\"query-input\":{\"@type\":\"PropertyValueSpecification\",\"valueRequired\":true,\"valueName\":\"search_term_string\"}}],\"inLanguage\":\"es\"},{\"@type\":\"Organization\",\"@id\":\"https:\\\/\\\/acuariosupremus.com\\\/#organization\",\"name\":\"Acuario Supremus\",\"url\":\"https:\\\/\\\/acuariosupremus.com\\\/\",\"logo\":{\"@type\":\"ImageObject\",\"inLanguage\":\"es\",\"@id\":\"https:\\\/\\\/acuariosupremus.com\\\/#\\\/schema\\\/logo\\\/image\\\/\",\"url\":\"https:\\\/\\\/acuariosupremus.com\\\/wp-content\\\/uploads\\\/2021\\\/12\\\/cropped-logo_acuario_supremus_fn-2.png\",\"contentUrl\":\"https:\\\/\\\/acuariosupremus.com\\\/wp-content\\\/uploads\\\/2021\\\/12\\\/cropped-logo_acuario_supremus_fn-2.png\",\"width\":1000,\"height\":318,\"caption\":\"Acuario Supremus\"},\"image\":{\"@id\":\"https:\\\/\\\/acuariosupremus.com\\\/#\\\/schema\\\/logo\\\/image\\\/\"},\"sameAs\":[\"https:\\\/\\\/www.facebook.com\\\/AcuarioSupremus\",\"https:\\\/\\\/x.com\\\/AcuarioSupremus\",\"https:\\\/\\\/www.instagram.com\\\/acuariosupremus\\\/?hl=es\"]}]}<\/script>\n<!-- \/ Yoast SEO plugin. -->","yoast_head_json":{"title":"Salinity 225 gal, especial arrecife. | Acuario Supremus","description":"salinity\u2122 es una mezcla de sales para el acuario de arrecife contiene todos los elementos principales, menores y traza esenciales de las aguas del arrecife naturales.","robots":{"index":"index","follow":"follow","max-snippet":"max-snippet:-1","max-image-preview":"max-image-preview:large","max-video-preview":"max-video-preview:-1"},"canonical":"https:\/\/acuariosupremus.com\/?product=salinity-225-gal-especial-arrecife","og_locale":"es_MX","og_type":"article","og_title":"Salinity 225 gal, especial arrecife. | Acuario Supremus","og_description":"salinity\u2122 es una mezcla de sales para el acuario de arrecife contiene todos los elementos principales, menores y traza esenciales de las aguas del arrecife naturales.","og_url":"https:\/\/acuariosupremus.com\/?product=salinity-225-gal-especial-arrecife","og_site_name":"Acuario Supremus","article_publisher":"https:\/\/www.facebook.com\/AcuarioSupremus","article_modified_time":"2025-12-21T01:50:29+00:00","og_image":[{"width":1250,"height":1250,"url":"https:\/\/acuariosupremus.com\/wp-content\/uploads\/2022\/04\/salinity_detalle_03.jpg","type":"image\/jpeg"}],"twitter_card":"summary_large_image","twitter_site":"@AcuarioSupremus","twitter_misc":{"Tiempo de lectura":"1 minuto"},"schema":{"@context":"https:\/\/schema.org","@graph":[{"@type":"WebPage","@id":"https:\/\/acuariosupremus.com\/?product=salinity-225-gal-especial-arrecife","url":"https:\/\/acuariosupremus.com\/?product=salinity-225-gal-especial-arrecife","name":"Salinity 225 gal, especial arrecife. | Acuario Supremus","isPartOf":{"@id":"https:\/\/acuariosupremus.com\/#website"},"primaryImageOfPage":{"@id":"https:\/\/acuariosupremus.com\/?product=salinity-225-gal-especial-arrecife#primaryimage"},"image":{"@id":"https:\/\/acuariosupremus.com\/?product=salinity-225-gal-especial-arrecife#primaryimage"},"thumbnailUrl":"https:\/\/acuariosupremus.com\/wp-content\/uploads\/2022\/04\/salinity_detalle_03.jpg","datePublished":"2022-04-15T01:48:41+00:00","dateModified":"2025-12-21T01:50:29+00:00","description":"salinity\u2122 es una mezcla de sales para el acuario de arrecife contiene todos los elementos principales, menores y traza esenciales de las aguas del arrecife naturales.","breadcrumb":{"@id":"https:\/\/acuariosupremus.com\/?product=salinity-225-gal-especial-arrecife#breadcrumb"},"inLanguage":"es","potentialAction":[{"@type":"ReadAction","target":["https:\/\/acuariosupremus.com\/?product=salinity-225-gal-especial-arrecife"]}]},{"@type":"ImageObject","inLanguage":"es","@id":"https:\/\/acuariosupremus.com\/?product=salinity-225-gal-especial-arrecife#primaryimage","url":"https:\/\/acuariosupremus.com\/wp-content\/uploads\/2022\/04\/salinity_detalle_03.jpg","contentUrl":"https:\/\/acuariosupremus.com\/wp-content\/uploads\/2022\/04\/salinity_detalle_03.jpg","width":1250,"height":1250},{"@type":"BreadcrumbList","@id":"https:\/\/acuariosupremus.com\/?product=salinity-225-gal-especial-arrecife#breadcrumb","itemListElement":[{"@type":"ListItem","position":1,"name":"Portada","item":"https:\/\/acuariosupremus.com\/"},{"@type":"ListItem","position":2,"name":"Tienda","item":"https:\/\/acuariosupremus.com\/tienda\/"},{"@type":"ListItem","position":3,"name":"Salinity 225 gal, especial arrecife."}]},{"@type":"WebSite","@id":"https:\/\/acuariosupremus.com\/#website","url":"https:\/\/acuariosupremus.com\/","name":"Acuario Supremus","description":"Peces, Peceras y Mascotas.","publisher":{"@id":"https:\/\/acuariosupremus.com\/#organization"},"potentialAction":[{"@type":"SearchAction","target":{"@type":"EntryPoint","urlTemplate":"https:\/\/acuariosupremus.com\/?s={search_term_string}"},"query-input":{"@type":"PropertyValueSpecification","valueRequired":true,"valueName":"search_term_string"}}],"inLanguage":"es"},{"@type":"Organization","@id":"https:\/\/acuariosupremus.com\/#organization","name":"Acuario Supremus","url":"https:\/\/acuariosupremus.com\/","logo":{"@type":"ImageObject","inLanguage":"es","@id":"https:\/\/acuariosupremus.com\/#\/schema\/logo\/image\/","url":"https:\/\/acuariosupremus.com\/wp-content\/uploads\/2021\/12\/cropped-logo_acuario_supremus_fn-2.png","contentUrl":"https:\/\/acuariosupremus.com\/wp-content\/uploads\/2021\/12\/cropped-logo_acuario_supremus_fn-2.png","width":1000,"height":318,"caption":"Acuario Supremus"},"image":{"@id":"https:\/\/acuariosupremus.com\/#\/schema\/logo\/image\/"},"sameAs":["https:\/\/www.facebook.com\/AcuarioSupremus","https:\/\/x.com\/AcuarioSupremus","https:\/\/www.instagram.com\/acuariosupremus\/?hl=es"]}]}},"jetpack_sharing_enabled":true,"_links":{"self":[{"href":"https:\/\/acuariosupremus.com\/index.php?rest_route=\/wp\/v2\/product\/6886","targetHints":{"allow":["GET"]}}],"collection":[{"href":"https:\/\/acuariosupremus.com\/index.php?rest_route=\/wp\/v2\/product"}],"about":[{"href":"https:\/\/acuariosupremus.com\/index.php?rest_route=\/wp\/v2\/types\/product"}],"wp:featuredmedia":[{"embeddable":true,"href":"https:\/\/acuariosupremus.com\/index.php?rest_route=\/wp\/v2\/media\/6887"}],"wp:attachment":[{"href":"https:\/\/acuariosupremus.com\/index.php?rest_route=%2Fwp%2Fv2%2Fmedia&parent=6886"}],"wp:term":[{"taxonomy":"product_brand","embeddable":true,"href":"https:\/\/acuariosupremus.com\/index.php?rest_route=%2Fwp%2Fv2%2Fproduct_brand&post=6886"},{"taxonomy":"product_cat","embeddable":true,"href":"https:\/\/acuariosupremus.com\/index.php?rest_route=%2Fwp%2Fv2%2Fproduct_cat&post=6886"},{"taxonomy":"product_tag","embeddable":true,"href":"https:\/\/acuariosupremus.com\/index.php?rest_route=%2Fwp%2Fv2%2Fproduct_tag&post=6886"}],"curies":[{"name":"wp","href":"https:\/\/api.w.org\/{rel}","templated":true}]}}