{"id":6902,"date":"2022-04-15T14:49:44","date_gmt":"2022-04-15T19:49:44","guid":{"rendered":"https:\/\/acuariosupremus.com\/?post_type=product&#038;p=6902"},"modified":"2025-12-23T15:22:15","modified_gmt":"2025-12-23T21:22:15","slug":"green-water-remover-tratamiento-vs-algas-250-ml","status":"publish","type":"product","link":"https:\/\/acuariosupremus.com\/?product=green-water-remover-tratamiento-vs-algas-250-ml","title":{"rendered":"Green water remover (Tratamiento vs. Algas) 250 ml."},"content":{"rendered":"<p>Utilice 10ml de AZOO Green Water Remover por cada 100 litros de agua del acuario. En agua dulce el tratamiento durar\u00e1 unas pocas horas, mientras que en agua salada puede durar hasta un d\u00eda. Obtendr\u00e1 mejores resultados combinando el tratamiento con una filtraci\u00f3n mec\u00e1nica. Durante este y cualquier otro tratamiento retire el carb\u00f3n activado y cualquier otro tipo de filtraci\u00f3n qu\u00edmica. Incremente la aireaci\u00f3n y circulaci\u00f3n en el acuario. Una vez terminado el tratamiento realice un cambio parcial de un 30% del agua y reponga los materiales filtrantes qu\u00edmicos, incluida una nueva carga de carb\u00f3n activado.<br \/>\nObservaciones: Para garantizar una correcta dispersi\u00f3n, a\u00f1ada los aditivos en un \u00e1rea del acuario que tenga suficiente corriente. Para cambios de agua, puede a\u00f1adir los aditivos al agua antes de verterla sobre el acuario. Evite mezclar diferentes aditivos antes de a\u00f1adirlos. Algunos productos para acuarios pueden reaccionar qu\u00edmicamente con otros; procure no combinar varios productos al mismo tiempo para evitar precipitaciones o reacciones no deseadas.<br \/>\nATENCI\u00d3N:<br \/>\n\u2022 NO INGERIR, EN CASO DE CONTACTO CON LOS OJOS ENJUAGUE CON ABUNDANTE AGUA LIMPIA Y ACUDA AL M\u00c9DICO.<br \/>\n\u2022 MANTENGA EL PRODUCTO ALEJADO DE NI\u00d1OS Y MASCOTAS.<br \/>\n\u2022 AGITE EL ENVASE ANTES DE UTILIZARLO.<br \/>\n\u2022 CIERRE BIEN EL ENVASE DESPU\u00c9S DE CADA USO.<br \/>\n\u2022 GUARDE EL ENVASE EN UN LUGAR FRESCO Y SECO, EVITANDO LA EXPOSICI\u00d3N DIRECTA DEL SOL<\/p>\n<p>capacidad <strong>250 ml.<\/strong><br \/>\nTama\u00f1o mm.<br \/>\n50 x 50 x 172 (l x a x h)<br \/>\nPeso<br \/>\n290(g.)<\/p>\n","protected":false},"excerpt":{"rendered":"<p>Para acuarios de agua dulce y estanques. Purifica el \u201cagua verde\u201d causada por el exceso de crecimiento de algas sin da\u00f1ar a los organismos de su acuario. Repita la dosis si es necesario pasadas 24 horas. Usar con precauci\u00f3n en acuarios plantados. Podr\u00eda causar da\u00f1os en ciertas plantas naturales. Es t\u00f3xico para camarones y caracoles de agua dulce. Si es utilizado de forma prudente no da\u00f1a a las plantas.<\/p>\n","protected":false},"featured_media":6903,"template":"","meta":[],"product_brand":[118],"product_cat":[40,41],"product_tag":[561],"class_list":{"0":"post-6902","1":"product","2":"type-product","3":"status-publish","4":"has-post-thumbnail","6":"product_brand-azoo","7":"product_cat-peces","8":"product_cat-acondicionadores","9":"product_tag-control-algas-en-estanques","11":"first","12":"instock","13":"sale","14":"shipping-taxable","15":"purchasable","16":"product-type-simple"},"yoast_head":"<!-- This site is optimized with the Yoast SEO plugin v27.4 - https:\/\/yoast.com\/product\/yoast-seo-wordpress\/ -->\n<title>Green water remover (Tratamiento vs. Algas) 250 ml. | Acuario Supremus<\/title>\n<meta name=\"description\" content=\"Para acuarios de agua dulce y estanques. Purifica el \u201cagua verde\u201d causada por el exceso de crecimiento de algas sin da\u00f1ar a los organismos de su acuario.\" \/>\n<meta name=\"robots\" content=\"index, follow, max-snippet:-1, max-image-preview:large, max-video-preview:-1\" \/>\n<link rel=\"canonical\" href=\"https:\/\/acuariosupremus.com\/?product=green-water-remover-tratamiento-vs-algas-250-ml\" \/>\n<meta property=\"og:locale\" content=\"es_MX\" \/>\n<meta property=\"og:type\" content=\"article\" \/>\n<meta property=\"og:title\" content=\"Green water remover (Tratamiento vs. Algas) 250 ml. | Acuario Supremus\" \/>\n<meta property=\"og:description\" content=\"Para acuarios de agua dulce y estanques. Purifica el \u201cagua verde\u201d causada por el exceso de crecimiento de algas sin da\u00f1ar a los organismos de su acuario.\" \/>\n<meta property=\"og:url\" content=\"https:\/\/acuariosupremus.com\/?product=green-water-remover-tratamiento-vs-algas-250-ml\" \/>\n<meta property=\"og:site_name\" content=\"Acuario Supremus\" \/>\n<meta property=\"article:publisher\" content=\"https:\/\/www.facebook.com\/AcuarioSupremus\" \/>\n<meta property=\"article:modified_time\" content=\"2025-12-23T21:22:15+00:00\" \/>\n<meta property=\"og:image\" content=\"https:\/\/acuariosupremus.com\/wp-content\/uploads\/2022\/04\/azoo_green_water_remover_02.jpg\" \/>\n\t<meta property=\"og:image:width\" content=\"1250\" \/>\n\t<meta property=\"og:image:height\" content=\"1250\" \/>\n\t<meta property=\"og:image:type\" content=\"image\/jpeg\" \/>\n<meta name=\"twitter:card\" content=\"summary_large_image\" \/>\n<meta name=\"twitter:site\" content=\"@AcuarioSupremus\" \/>\n<meta name=\"twitter:label1\" content=\"Tiempo de lectura\" \/>\n\t<meta name=\"twitter:data1\" content=\"2 minutos\" \/>\n<script type=\"application\/ld+json\" class=\"yoast-schema-graph\">{\"@context\":\"https:\\\/\\\/schema.org\",\"@graph\":[{\"@type\":\"WebPage\",\"@id\":\"https:\\\/\\\/acuariosupremus.com\\\/?product=green-water-remover-tratamiento-vs-algas-250-ml\",\"url\":\"https:\\\/\\\/acuariosupremus.com\\\/?product=green-water-remover-tratamiento-vs-algas-250-ml\",\"name\":\"Green water remover (Tratamiento vs. Algas) 250 ml. | Acuario Supremus\",\"isPartOf\":{\"@id\":\"https:\\\/\\\/acuariosupremus.com\\\/#website\"},\"primaryImageOfPage\":{\"@id\":\"https:\\\/\\\/acuariosupremus.com\\\/?product=green-water-remover-tratamiento-vs-algas-250-ml#primaryimage\"},\"image\":{\"@id\":\"https:\\\/\\\/acuariosupremus.com\\\/?product=green-water-remover-tratamiento-vs-algas-250-ml#primaryimage\"},\"thumbnailUrl\":\"https:\\\/\\\/acuariosupremus.com\\\/wp-content\\\/uploads\\\/2022\\\/04\\\/azoo_green_water_remover_02.jpg\",\"datePublished\":\"2022-04-15T19:49:44+00:00\",\"dateModified\":\"2025-12-23T21:22:15+00:00\",\"description\":\"Para acuarios de agua dulce y estanques. Purifica el \u201cagua verde\u201d causada por el exceso de crecimiento de algas sin da\u00f1ar a los organismos de su acuario.\",\"breadcrumb\":{\"@id\":\"https:\\\/\\\/acuariosupremus.com\\\/?product=green-water-remover-tratamiento-vs-algas-250-ml#breadcrumb\"},\"inLanguage\":\"es\",\"potentialAction\":[{\"@type\":\"ReadAction\",\"target\":[\"https:\\\/\\\/acuariosupremus.com\\\/?product=green-water-remover-tratamiento-vs-algas-250-ml\"]}]},{\"@type\":\"ImageObject\",\"inLanguage\":\"es\",\"@id\":\"https:\\\/\\\/acuariosupremus.com\\\/?product=green-water-remover-tratamiento-vs-algas-250-ml#primaryimage\",\"url\":\"https:\\\/\\\/acuariosupremus.com\\\/wp-content\\\/uploads\\\/2022\\\/04\\\/azoo_green_water_remover_02.jpg\",\"contentUrl\":\"https:\\\/\\\/acuariosupremus.com\\\/wp-content\\\/uploads\\\/2022\\\/04\\\/azoo_green_water_remover_02.jpg\",\"width\":1250,\"height\":1250},{\"@type\":\"BreadcrumbList\",\"@id\":\"https:\\\/\\\/acuariosupremus.com\\\/?product=green-water-remover-tratamiento-vs-algas-250-ml#breadcrumb\",\"itemListElement\":[{\"@type\":\"ListItem\",\"position\":1,\"name\":\"Portada\",\"item\":\"https:\\\/\\\/acuariosupremus.com\\\/\"},{\"@type\":\"ListItem\",\"position\":2,\"name\":\"Tienda\",\"item\":\"https:\\\/\\\/acuariosupremus.com\\\/tienda\\\/\"},{\"@type\":\"ListItem\",\"position\":3,\"name\":\"Green water remover (Tratamiento vs. Algas) 250 ml.\"}]},{\"@type\":\"WebSite\",\"@id\":\"https:\\\/\\\/acuariosupremus.com\\\/#website\",\"url\":\"https:\\\/\\\/acuariosupremus.com\\\/\",\"name\":\"Acuario Supremus\",\"description\":\"Peces, Peceras y Mascotas.\",\"publisher\":{\"@id\":\"https:\\\/\\\/acuariosupremus.com\\\/#organization\"},\"potentialAction\":[{\"@type\":\"SearchAction\",\"target\":{\"@type\":\"EntryPoint\",\"urlTemplate\":\"https:\\\/\\\/acuariosupremus.com\\\/?s={search_term_string}\"},\"query-input\":{\"@type\":\"PropertyValueSpecification\",\"valueRequired\":true,\"valueName\":\"search_term_string\"}}],\"inLanguage\":\"es\"},{\"@type\":\"Organization\",\"@id\":\"https:\\\/\\\/acuariosupremus.com\\\/#organization\",\"name\":\"Acuario Supremus\",\"url\":\"https:\\\/\\\/acuariosupremus.com\\\/\",\"logo\":{\"@type\":\"ImageObject\",\"inLanguage\":\"es\",\"@id\":\"https:\\\/\\\/acuariosupremus.com\\\/#\\\/schema\\\/logo\\\/image\\\/\",\"url\":\"https:\\\/\\\/acuariosupremus.com\\\/wp-content\\\/uploads\\\/2021\\\/12\\\/cropped-logo_acuario_supremus_fn-2.png\",\"contentUrl\":\"https:\\\/\\\/acuariosupremus.com\\\/wp-content\\\/uploads\\\/2021\\\/12\\\/cropped-logo_acuario_supremus_fn-2.png\",\"width\":1000,\"height\":318,\"caption\":\"Acuario Supremus\"},\"image\":{\"@id\":\"https:\\\/\\\/acuariosupremus.com\\\/#\\\/schema\\\/logo\\\/image\\\/\"},\"sameAs\":[\"https:\\\/\\\/www.facebook.com\\\/AcuarioSupremus\",\"https:\\\/\\\/x.com\\\/AcuarioSupremus\",\"https:\\\/\\\/www.instagram.com\\\/acuariosupremus\\\/?hl=es\"]}]}<\/script>\n<!-- \/ Yoast SEO plugin. -->","yoast_head_json":{"title":"Green water remover (Tratamiento vs. Algas) 250 ml. | Acuario Supremus","description":"Para acuarios de agua dulce y estanques. Purifica el \u201cagua verde\u201d causada por el exceso de crecimiento de algas sin da\u00f1ar a los organismos de su acuario.","robots":{"index":"index","follow":"follow","max-snippet":"max-snippet:-1","max-image-preview":"max-image-preview:large","max-video-preview":"max-video-preview:-1"},"canonical":"https:\/\/acuariosupremus.com\/?product=green-water-remover-tratamiento-vs-algas-250-ml","og_locale":"es_MX","og_type":"article","og_title":"Green water remover (Tratamiento vs. Algas) 250 ml. | Acuario Supremus","og_description":"Para acuarios de agua dulce y estanques. Purifica el \u201cagua verde\u201d causada por el exceso de crecimiento de algas sin da\u00f1ar a los organismos de su acuario.","og_url":"https:\/\/acuariosupremus.com\/?product=green-water-remover-tratamiento-vs-algas-250-ml","og_site_name":"Acuario Supremus","article_publisher":"https:\/\/www.facebook.com\/AcuarioSupremus","article_modified_time":"2025-12-23T21:22:15+00:00","og_image":[{"width":1250,"height":1250,"url":"https:\/\/acuariosupremus.com\/wp-content\/uploads\/2022\/04\/azoo_green_water_remover_02.jpg","type":"image\/jpeg"}],"twitter_card":"summary_large_image","twitter_site":"@AcuarioSupremus","twitter_misc":{"Tiempo de lectura":"2 minutos"},"schema":{"@context":"https:\/\/schema.org","@graph":[{"@type":"WebPage","@id":"https:\/\/acuariosupremus.com\/?product=green-water-remover-tratamiento-vs-algas-250-ml","url":"https:\/\/acuariosupremus.com\/?product=green-water-remover-tratamiento-vs-algas-250-ml","name":"Green water remover (Tratamiento vs. Algas) 250 ml. | Acuario Supremus","isPartOf":{"@id":"https:\/\/acuariosupremus.com\/#website"},"primaryImageOfPage":{"@id":"https:\/\/acuariosupremus.com\/?product=green-water-remover-tratamiento-vs-algas-250-ml#primaryimage"},"image":{"@id":"https:\/\/acuariosupremus.com\/?product=green-water-remover-tratamiento-vs-algas-250-ml#primaryimage"},"thumbnailUrl":"https:\/\/acuariosupremus.com\/wp-content\/uploads\/2022\/04\/azoo_green_water_remover_02.jpg","datePublished":"2022-04-15T19:49:44+00:00","dateModified":"2025-12-23T21:22:15+00:00","description":"Para acuarios de agua dulce y estanques. Purifica el \u201cagua verde\u201d causada por el exceso de crecimiento de algas sin da\u00f1ar a los organismos de su acuario.","breadcrumb":{"@id":"https:\/\/acuariosupremus.com\/?product=green-water-remover-tratamiento-vs-algas-250-ml#breadcrumb"},"inLanguage":"es","potentialAction":[{"@type":"ReadAction","target":["https:\/\/acuariosupremus.com\/?product=green-water-remover-tratamiento-vs-algas-250-ml"]}]},{"@type":"ImageObject","inLanguage":"es","@id":"https:\/\/acuariosupremus.com\/?product=green-water-remover-tratamiento-vs-algas-250-ml#primaryimage","url":"https:\/\/acuariosupremus.com\/wp-content\/uploads\/2022\/04\/azoo_green_water_remover_02.jpg","contentUrl":"https:\/\/acuariosupremus.com\/wp-content\/uploads\/2022\/04\/azoo_green_water_remover_02.jpg","width":1250,"height":1250},{"@type":"BreadcrumbList","@id":"https:\/\/acuariosupremus.com\/?product=green-water-remover-tratamiento-vs-algas-250-ml#breadcrumb","itemListElement":[{"@type":"ListItem","position":1,"name":"Portada","item":"https:\/\/acuariosupremus.com\/"},{"@type":"ListItem","position":2,"name":"Tienda","item":"https:\/\/acuariosupremus.com\/tienda\/"},{"@type":"ListItem","position":3,"name":"Green water remover (Tratamiento vs. Algas) 250 ml."}]},{"@type":"WebSite","@id":"https:\/\/acuariosupremus.com\/#website","url":"https:\/\/acuariosupremus.com\/","name":"Acuario Supremus","description":"Peces, Peceras y Mascotas.","publisher":{"@id":"https:\/\/acuariosupremus.com\/#organization"},"potentialAction":[{"@type":"SearchAction","target":{"@type":"EntryPoint","urlTemplate":"https:\/\/acuariosupremus.com\/?s={search_term_string}"},"query-input":{"@type":"PropertyValueSpecification","valueRequired":true,"valueName":"search_term_string"}}],"inLanguage":"es"},{"@type":"Organization","@id":"https:\/\/acuariosupremus.com\/#organization","name":"Acuario Supremus","url":"https:\/\/acuariosupremus.com\/","logo":{"@type":"ImageObject","inLanguage":"es","@id":"https:\/\/acuariosupremus.com\/#\/schema\/logo\/image\/","url":"https:\/\/acuariosupremus.com\/wp-content\/uploads\/2021\/12\/cropped-logo_acuario_supremus_fn-2.png","contentUrl":"https:\/\/acuariosupremus.com\/wp-content\/uploads\/2021\/12\/cropped-logo_acuario_supremus_fn-2.png","width":1000,"height":318,"caption":"Acuario Supremus"},"image":{"@id":"https:\/\/acuariosupremus.com\/#\/schema\/logo\/image\/"},"sameAs":["https:\/\/www.facebook.com\/AcuarioSupremus","https:\/\/x.com\/AcuarioSupremus","https:\/\/www.instagram.com\/acuariosupremus\/?hl=es"]}]}},"jetpack_sharing_enabled":true,"_links":{"self":[{"href":"https:\/\/acuariosupremus.com\/index.php?rest_route=\/wp\/v2\/product\/6902","targetHints":{"allow":["GET"]}}],"collection":[{"href":"https:\/\/acuariosupremus.com\/index.php?rest_route=\/wp\/v2\/product"}],"about":[{"href":"https:\/\/acuariosupremus.com\/index.php?rest_route=\/wp\/v2\/types\/product"}],"wp:featuredmedia":[{"embeddable":true,"href":"https:\/\/acuariosupremus.com\/index.php?rest_route=\/wp\/v2\/media\/6903"}],"wp:attachment":[{"href":"https:\/\/acuariosupremus.com\/index.php?rest_route=%2Fwp%2Fv2%2Fmedia&parent=6902"}],"wp:term":[{"taxonomy":"product_brand","embeddable":true,"href":"https:\/\/acuariosupremus.com\/index.php?rest_route=%2Fwp%2Fv2%2Fproduct_brand&post=6902"},{"taxonomy":"product_cat","embeddable":true,"href":"https:\/\/acuariosupremus.com\/index.php?rest_route=%2Fwp%2Fv2%2Fproduct_cat&post=6902"},{"taxonomy":"product_tag","embeddable":true,"href":"https:\/\/acuariosupremus.com\/index.php?rest_route=%2Fwp%2Fv2%2Fproduct_tag&post=6902"}],"curies":[{"name":"wp","href":"https:\/\/api.w.org\/{rel}","templated":true}]}}