{"id":6920,"date":"2022-04-15T15:59:14","date_gmt":"2022-04-15T20:59:14","guid":{"rendered":"https:\/\/acuariosupremus.com\/?post_type=product&#038;p=6920"},"modified":"2025-12-23T15:29:13","modified_gmt":"2025-12-23T21:29:13","slug":"betta-guard-extracto-de-hojas-de-almendro-60-ml","status":"publish","type":"product","link":"https:\/\/acuariosupremus.com\/?product=betta-guard-extracto-de-hojas-de-almendro-60-ml","title":{"rendered":"Betta guard (extracto de hojas de almendro) 60 ml."},"content":{"rendered":"<p>Utilice 5 ml. por cada litro de agua despu\u00e9s de cada cambio de agua o transporte de peces. Para uso regular a\u00f1ada 2.5 ml. por cada litro de agua cada 5 a 7 d\u00edas. Agite bien el envase antes de cada uso y vi\u00e9rtalo de manera uniforme por todo el acuario. Cierre bien la tapa despu\u00e9s de cada uso.<br \/>\nObservaciones: Para garantizar una correcta dispersi\u00f3n, a\u00f1ada los aditivos en un \u00e1rea del acuario que tenga suficiente corriente. Para cambios de agua, puede a\u00f1adir los aditivos al agua antes de verterla sobre el acuario. Evite mezclar diferentes aditivos antes de a\u00f1adirlos. Algunos productos para acuarios pueden reaccionar qu\u00edmicamente con otros; procure no combinar varios productos al mismo tiempo para evitar precipitaciones o reacciones no deseadas.<br \/>\nATENCI\u00d3N:<br \/>\n\u2022 NO INGERIR, EN CASO DE CONTACTO CON LOS OJOS ENJUAGUE CON ABUNDANTE AGUA LIMPIA Y ACUDA AL M\u00c9DICO.<br \/>\n\u2022 MANTENGA EL PRODUCTO ALEJADO DE NI\u00d1OS Y MASCOTAS.<br \/>\n\u2022 AGITE EL ENVASE ANTES DE UTILIZARLO.<br \/>\n\u2022 CIERRE BIEN EL ENVASE DESPU\u00c9S DE CADA USO.<br \/>\n\u2022 GUARDE EL ENVASE EN UN LUGAR FRESCO Y SECO, EVITANDO LA EXPOSICI\u00d3N DIRECTA DEL SOL<br \/>\n\u2022 PARA USO EXCLUSIVO EN PECES ORNAMENTALES.<\/p>\n<p>capacidad <strong>60 ml.<\/strong><br \/>\nTama\u00f1o mm.<br \/>\n38 x 38 x 92 (l x a x h)<br \/>\nPeso<br \/>\n80 (g.)<\/p>\n","protected":false},"excerpt":{"rendered":"<p>Acondicionador Premium para peces Betta con extracto de hojas de almendro. Fortalece el sistema inmunitario, fomenta el desarrollo natural de los colores y promueve la reproducci\u00f3n. Contiene complejo vitam\u00ednico B, que favorece el metabolismo y el sistema inmunitario. Elimina al instante el cloro residual, las cloraminas y el amon\u00edaco. Elimina la capa aceitosa que se forma en la superficie del agua e inhibe el crecimiento de las algas. Repone la dureza de carbonatos consumida para estabilizar el valor pH.<\/p>\n","protected":false},"featured_media":6922,"template":"","meta":[],"product_brand":[118],"product_cat":[40,41],"product_tag":[134],"class_list":{"0":"post-6920","1":"product","2":"type-product","3":"status-publish","4":"has-post-thumbnail","6":"product_brand-azoo","7":"product_cat-peces","8":"product_cat-acondicionadores","9":"product_tag-neutralizador-para-bettas","11":"first","12":"instock","13":"sale","14":"shipping-taxable","15":"purchasable","16":"product-type-simple"},"yoast_head":"<!-- This site is optimized with the Yoast SEO plugin v27.4 - https:\/\/yoast.com\/product\/yoast-seo-wordpress\/ -->\n<title>Betta guard (extracto de hojas de almendro) 60 ml. | Acuario Supremus<\/title>\n<meta name=\"description\" content=\"Acondicionador con extracto de hojas de almendro. Fortalece el sistema inmunitario, fomenta el desarrollo natural de los colores y promueve la reproducci\u00f3n.\" \/>\n<meta name=\"robots\" content=\"index, follow, max-snippet:-1, max-image-preview:large, max-video-preview:-1\" \/>\n<link rel=\"canonical\" href=\"https:\/\/acuariosupremus.com\/?product=betta-guard-extracto-de-hojas-de-almendro-60-ml\" \/>\n<meta property=\"og:locale\" content=\"es_MX\" \/>\n<meta property=\"og:type\" content=\"article\" \/>\n<meta property=\"og:title\" content=\"Betta guard (extracto de hojas de almendro) 60 ml. | Acuario Supremus\" \/>\n<meta property=\"og:description\" content=\"Acondicionador con extracto de hojas de almendro. Fortalece el sistema inmunitario, fomenta el desarrollo natural de los colores y promueve la reproducci\u00f3n.\" \/>\n<meta property=\"og:url\" content=\"https:\/\/acuariosupremus.com\/?product=betta-guard-extracto-de-hojas-de-almendro-60-ml\" \/>\n<meta property=\"og:site_name\" content=\"Acuario Supremus\" \/>\n<meta property=\"article:publisher\" content=\"https:\/\/www.facebook.com\/AcuarioSupremus\" \/>\n<meta property=\"article:modified_time\" content=\"2025-12-23T21:29:13+00:00\" \/>\n<meta property=\"og:image\" content=\"https:\/\/acuariosupremus.com\/wp-content\/uploads\/2022\/04\/azoo_betta_guard-01.jpg\" \/>\n\t<meta property=\"og:image:width\" content=\"1250\" \/>\n\t<meta property=\"og:image:height\" content=\"1250\" \/>\n\t<meta property=\"og:image:type\" content=\"image\/jpeg\" \/>\n<meta name=\"twitter:card\" content=\"summary_large_image\" \/>\n<meta name=\"twitter:site\" content=\"@AcuarioSupremus\" \/>\n<meta name=\"twitter:label1\" content=\"Tiempo de lectura\" \/>\n\t<meta name=\"twitter:data1\" content=\"1 minuto\" \/>\n<script type=\"application\/ld+json\" class=\"yoast-schema-graph\">{\"@context\":\"https:\\\/\\\/schema.org\",\"@graph\":[{\"@type\":\"WebPage\",\"@id\":\"https:\\\/\\\/acuariosupremus.com\\\/?product=betta-guard-extracto-de-hojas-de-almendro-60-ml\",\"url\":\"https:\\\/\\\/acuariosupremus.com\\\/?product=betta-guard-extracto-de-hojas-de-almendro-60-ml\",\"name\":\"Betta guard (extracto de hojas de almendro) 60 ml. | Acuario Supremus\",\"isPartOf\":{\"@id\":\"https:\\\/\\\/acuariosupremus.com\\\/#website\"},\"primaryImageOfPage\":{\"@id\":\"https:\\\/\\\/acuariosupremus.com\\\/?product=betta-guard-extracto-de-hojas-de-almendro-60-ml#primaryimage\"},\"image\":{\"@id\":\"https:\\\/\\\/acuariosupremus.com\\\/?product=betta-guard-extracto-de-hojas-de-almendro-60-ml#primaryimage\"},\"thumbnailUrl\":\"https:\\\/\\\/acuariosupremus.com\\\/wp-content\\\/uploads\\\/2022\\\/04\\\/azoo_betta_guard-01.jpg\",\"datePublished\":\"2022-04-15T20:59:14+00:00\",\"dateModified\":\"2025-12-23T21:29:13+00:00\",\"description\":\"Acondicionador con extracto de hojas de almendro. Fortalece el sistema inmunitario, fomenta el desarrollo natural de los colores y promueve la reproducci\u00f3n.\",\"breadcrumb\":{\"@id\":\"https:\\\/\\\/acuariosupremus.com\\\/?product=betta-guard-extracto-de-hojas-de-almendro-60-ml#breadcrumb\"},\"inLanguage\":\"es\",\"potentialAction\":[{\"@type\":\"ReadAction\",\"target\":[\"https:\\\/\\\/acuariosupremus.com\\\/?product=betta-guard-extracto-de-hojas-de-almendro-60-ml\"]}]},{\"@type\":\"ImageObject\",\"inLanguage\":\"es\",\"@id\":\"https:\\\/\\\/acuariosupremus.com\\\/?product=betta-guard-extracto-de-hojas-de-almendro-60-ml#primaryimage\",\"url\":\"https:\\\/\\\/acuariosupremus.com\\\/wp-content\\\/uploads\\\/2022\\\/04\\\/azoo_betta_guard-01.jpg\",\"contentUrl\":\"https:\\\/\\\/acuariosupremus.com\\\/wp-content\\\/uploads\\\/2022\\\/04\\\/azoo_betta_guard-01.jpg\",\"width\":1250,\"height\":1250},{\"@type\":\"BreadcrumbList\",\"@id\":\"https:\\\/\\\/acuariosupremus.com\\\/?product=betta-guard-extracto-de-hojas-de-almendro-60-ml#breadcrumb\",\"itemListElement\":[{\"@type\":\"ListItem\",\"position\":1,\"name\":\"Portada\",\"item\":\"https:\\\/\\\/acuariosupremus.com\\\/\"},{\"@type\":\"ListItem\",\"position\":2,\"name\":\"Tienda\",\"item\":\"https:\\\/\\\/acuariosupremus.com\\\/tienda\\\/\"},{\"@type\":\"ListItem\",\"position\":3,\"name\":\"Betta guard (extracto de hojas de almendro) 60 ml.\"}]},{\"@type\":\"WebSite\",\"@id\":\"https:\\\/\\\/acuariosupremus.com\\\/#website\",\"url\":\"https:\\\/\\\/acuariosupremus.com\\\/\",\"name\":\"Acuario Supremus\",\"description\":\"Peces, Peceras y Mascotas.\",\"publisher\":{\"@id\":\"https:\\\/\\\/acuariosupremus.com\\\/#organization\"},\"potentialAction\":[{\"@type\":\"SearchAction\",\"target\":{\"@type\":\"EntryPoint\",\"urlTemplate\":\"https:\\\/\\\/acuariosupremus.com\\\/?s={search_term_string}\"},\"query-input\":{\"@type\":\"PropertyValueSpecification\",\"valueRequired\":true,\"valueName\":\"search_term_string\"}}],\"inLanguage\":\"es\"},{\"@type\":\"Organization\",\"@id\":\"https:\\\/\\\/acuariosupremus.com\\\/#organization\",\"name\":\"Acuario Supremus\",\"url\":\"https:\\\/\\\/acuariosupremus.com\\\/\",\"logo\":{\"@type\":\"ImageObject\",\"inLanguage\":\"es\",\"@id\":\"https:\\\/\\\/acuariosupremus.com\\\/#\\\/schema\\\/logo\\\/image\\\/\",\"url\":\"https:\\\/\\\/acuariosupremus.com\\\/wp-content\\\/uploads\\\/2021\\\/12\\\/cropped-logo_acuario_supremus_fn-2.png\",\"contentUrl\":\"https:\\\/\\\/acuariosupremus.com\\\/wp-content\\\/uploads\\\/2021\\\/12\\\/cropped-logo_acuario_supremus_fn-2.png\",\"width\":1000,\"height\":318,\"caption\":\"Acuario Supremus\"},\"image\":{\"@id\":\"https:\\\/\\\/acuariosupremus.com\\\/#\\\/schema\\\/logo\\\/image\\\/\"},\"sameAs\":[\"https:\\\/\\\/www.facebook.com\\\/AcuarioSupremus\",\"https:\\\/\\\/x.com\\\/AcuarioSupremus\",\"https:\\\/\\\/www.instagram.com\\\/acuariosupremus\\\/?hl=es\"]}]}<\/script>\n<!-- \/ Yoast SEO plugin. -->","yoast_head_json":{"title":"Betta guard (extracto de hojas de almendro) 60 ml. | Acuario Supremus","description":"Acondicionador con extracto de hojas de almendro. Fortalece el sistema inmunitario, fomenta el desarrollo natural de los colores y promueve la reproducci\u00f3n.","robots":{"index":"index","follow":"follow","max-snippet":"max-snippet:-1","max-image-preview":"max-image-preview:large","max-video-preview":"max-video-preview:-1"},"canonical":"https:\/\/acuariosupremus.com\/?product=betta-guard-extracto-de-hojas-de-almendro-60-ml","og_locale":"es_MX","og_type":"article","og_title":"Betta guard (extracto de hojas de almendro) 60 ml. | Acuario Supremus","og_description":"Acondicionador con extracto de hojas de almendro. Fortalece el sistema inmunitario, fomenta el desarrollo natural de los colores y promueve la reproducci\u00f3n.","og_url":"https:\/\/acuariosupremus.com\/?product=betta-guard-extracto-de-hojas-de-almendro-60-ml","og_site_name":"Acuario Supremus","article_publisher":"https:\/\/www.facebook.com\/AcuarioSupremus","article_modified_time":"2025-12-23T21:29:13+00:00","og_image":[{"width":1250,"height":1250,"url":"https:\/\/acuariosupremus.com\/wp-content\/uploads\/2022\/04\/azoo_betta_guard-01.jpg","type":"image\/jpeg"}],"twitter_card":"summary_large_image","twitter_site":"@AcuarioSupremus","twitter_misc":{"Tiempo de lectura":"1 minuto"},"schema":{"@context":"https:\/\/schema.org","@graph":[{"@type":"WebPage","@id":"https:\/\/acuariosupremus.com\/?product=betta-guard-extracto-de-hojas-de-almendro-60-ml","url":"https:\/\/acuariosupremus.com\/?product=betta-guard-extracto-de-hojas-de-almendro-60-ml","name":"Betta guard (extracto de hojas de almendro) 60 ml. | Acuario Supremus","isPartOf":{"@id":"https:\/\/acuariosupremus.com\/#website"},"primaryImageOfPage":{"@id":"https:\/\/acuariosupremus.com\/?product=betta-guard-extracto-de-hojas-de-almendro-60-ml#primaryimage"},"image":{"@id":"https:\/\/acuariosupremus.com\/?product=betta-guard-extracto-de-hojas-de-almendro-60-ml#primaryimage"},"thumbnailUrl":"https:\/\/acuariosupremus.com\/wp-content\/uploads\/2022\/04\/azoo_betta_guard-01.jpg","datePublished":"2022-04-15T20:59:14+00:00","dateModified":"2025-12-23T21:29:13+00:00","description":"Acondicionador con extracto de hojas de almendro. Fortalece el sistema inmunitario, fomenta el desarrollo natural de los colores y promueve la reproducci\u00f3n.","breadcrumb":{"@id":"https:\/\/acuariosupremus.com\/?product=betta-guard-extracto-de-hojas-de-almendro-60-ml#breadcrumb"},"inLanguage":"es","potentialAction":[{"@type":"ReadAction","target":["https:\/\/acuariosupremus.com\/?product=betta-guard-extracto-de-hojas-de-almendro-60-ml"]}]},{"@type":"ImageObject","inLanguage":"es","@id":"https:\/\/acuariosupremus.com\/?product=betta-guard-extracto-de-hojas-de-almendro-60-ml#primaryimage","url":"https:\/\/acuariosupremus.com\/wp-content\/uploads\/2022\/04\/azoo_betta_guard-01.jpg","contentUrl":"https:\/\/acuariosupremus.com\/wp-content\/uploads\/2022\/04\/azoo_betta_guard-01.jpg","width":1250,"height":1250},{"@type":"BreadcrumbList","@id":"https:\/\/acuariosupremus.com\/?product=betta-guard-extracto-de-hojas-de-almendro-60-ml#breadcrumb","itemListElement":[{"@type":"ListItem","position":1,"name":"Portada","item":"https:\/\/acuariosupremus.com\/"},{"@type":"ListItem","position":2,"name":"Tienda","item":"https:\/\/acuariosupremus.com\/tienda\/"},{"@type":"ListItem","position":3,"name":"Betta guard (extracto de hojas de almendro) 60 ml."}]},{"@type":"WebSite","@id":"https:\/\/acuariosupremus.com\/#website","url":"https:\/\/acuariosupremus.com\/","name":"Acuario Supremus","description":"Peces, Peceras y Mascotas.","publisher":{"@id":"https:\/\/acuariosupremus.com\/#organization"},"potentialAction":[{"@type":"SearchAction","target":{"@type":"EntryPoint","urlTemplate":"https:\/\/acuariosupremus.com\/?s={search_term_string}"},"query-input":{"@type":"PropertyValueSpecification","valueRequired":true,"valueName":"search_term_string"}}],"inLanguage":"es"},{"@type":"Organization","@id":"https:\/\/acuariosupremus.com\/#organization","name":"Acuario Supremus","url":"https:\/\/acuariosupremus.com\/","logo":{"@type":"ImageObject","inLanguage":"es","@id":"https:\/\/acuariosupremus.com\/#\/schema\/logo\/image\/","url":"https:\/\/acuariosupremus.com\/wp-content\/uploads\/2021\/12\/cropped-logo_acuario_supremus_fn-2.png","contentUrl":"https:\/\/acuariosupremus.com\/wp-content\/uploads\/2021\/12\/cropped-logo_acuario_supremus_fn-2.png","width":1000,"height":318,"caption":"Acuario Supremus"},"image":{"@id":"https:\/\/acuariosupremus.com\/#\/schema\/logo\/image\/"},"sameAs":["https:\/\/www.facebook.com\/AcuarioSupremus","https:\/\/x.com\/AcuarioSupremus","https:\/\/www.instagram.com\/acuariosupremus\/?hl=es"]}]}},"jetpack_sharing_enabled":true,"_links":{"self":[{"href":"https:\/\/acuariosupremus.com\/index.php?rest_route=\/wp\/v2\/product\/6920","targetHints":{"allow":["GET"]}}],"collection":[{"href":"https:\/\/acuariosupremus.com\/index.php?rest_route=\/wp\/v2\/product"}],"about":[{"href":"https:\/\/acuariosupremus.com\/index.php?rest_route=\/wp\/v2\/types\/product"}],"wp:featuredmedia":[{"embeddable":true,"href":"https:\/\/acuariosupremus.com\/index.php?rest_route=\/wp\/v2\/media\/6922"}],"wp:attachment":[{"href":"https:\/\/acuariosupremus.com\/index.php?rest_route=%2Fwp%2Fv2%2Fmedia&parent=6920"}],"wp:term":[{"taxonomy":"product_brand","embeddable":true,"href":"https:\/\/acuariosupremus.com\/index.php?rest_route=%2Fwp%2Fv2%2Fproduct_brand&post=6920"},{"taxonomy":"product_cat","embeddable":true,"href":"https:\/\/acuariosupremus.com\/index.php?rest_route=%2Fwp%2Fv2%2Fproduct_cat&post=6920"},{"taxonomy":"product_tag","embeddable":true,"href":"https:\/\/acuariosupremus.com\/index.php?rest_route=%2Fwp%2Fv2%2Fproduct_tag&post=6920"}],"curies":[{"name":"wp","href":"https:\/\/api.w.org\/{rel}","templated":true}]}}