{"id":6952,"date":"2022-04-15T18:54:43","date_gmt":"2022-04-15T23:54:43","guid":{"rendered":"https:\/\/acuariosupremus.com\/?post_type=product&#038;p=6952"},"modified":"2025-05-05T19:45:36","modified_gmt":"2025-05-06T01:45:36","slug":"valvula-de-aire-de-pvc","status":"publish","type":"product","link":"https:\/\/acuariosupremus.com\/?product=valvula-de-aire-de-pvc","title":{"rendered":"V\u00e1lvula de aire de PVC"},"content":{"rendered":"<p>Aplicaciones:<br \/>\n\u2022 Sistemas neum\u00e1ticos para aireaci\u00f3n y sistemas Venturi con presiones de hasta 2.5 Kg\/cm2.<br \/>\n\u2022 Puede usarse perfectamente en exteriores, aunque su vida \u00fatil ser\u00e1 m\u00e1s corta.<br \/>\n\u2022 Circuitos de conducci\u00f3n para aditivos de acuarios con bombas perist\u00e1lticas.<br \/>\n\u2022 Sistemas de conducci\u00f3n de agua a presi\u00f3n en reactores para acuarios de arrecife y rebosaderos.<br \/>\n\u2022 Circuitos neum\u00e1ticos en generadores de gas ozono con concentraciones de hasta 1mg\/l. (en este caso deber\u00e1 cambiar la junta t\u00f3rica por una de Viton\u00ae.<br \/>\nMANUAL DE INSTRUCCIONES:<br \/>\n\u2022 Una vez haya instalado la v\u00e1lvula para circuitos con aire u otros gases, puede comprobar la inexistencia de fugas. Encienda el compresor y busque burbujas sumergi\u00e9ndola en un recipiente con agua.<br \/>\n\u2022 Si tiene problemas para regular el caudal, desm\u00f3ntela y observe que no est\u00e9 obstruida con alguna part\u00edcula s\u00f3lida. Adem\u00e1s, vigile la correcta circulaci\u00f3n de los fluidos dentro del circuito. Para ello, evite los pliegues o curvas de peque\u00f1o radio en las mangueras flexibles. Estas curvas pueden deformar la cavidad interna de los tubos y alterar su capacidad de flujo. En esos casos, instale codos o curvas espec\u00edficas para tal fin. Tambi\u00e9n observe que el circuito no est\u00e1 siendo aplastado en alg\u00fan punto y obstruyendo la libre circulaci\u00f3n de los fluidos que contiene.<br \/>\n\u2022 Esta v\u00e1lvula est\u00e1 dise\u00f1ada para su uso exclusivo en acuarios y estanques, tanto para aficionados como para uso profesional. No la use para regular caudal con agentes qu\u00edmicos agresivos como \u00e1cidos o bases extremos, agentes oxidantes o detergentes. Puede ser usado para todo tipo de gases y l\u00edquidos relacionados con la acuariofilia.<br \/>\n\u2022 Evite exponer la v\u00e1lvula a temperaturas extremas o presiones superiores a 2.5 Kg\/cm2.<\/p>\n","protected":false},"excerpt":{"rendered":"<p>V\u00e1lvula de precisi\u00f3n para regular el caudal de aire en circuitos de aireaci\u00f3n en todo tipo de acuarios. Est\u00e1 realizada en pl\u00e1stico de alta calidad y se acciona mediante una rosca de paso fino que regula un sencillo sistema de aguja y junta t\u00f3rica. Resulta muy \u00fatil para ajustar eficientemente sistemas \u201cVenturi\u201d en bombas de circulaci\u00f3n y espumadores de prote\u00ednas. Adem\u00e1s de los circuitos de aire, esta v\u00e1lvula puede regular eficazmente el caudal de paso con l\u00edquidos. Esto es \u00fatil en m\u00e9todos de aclimataci\u00f3n de peces, rellenos de agua por evaporaci\u00f3n, reactores de agua salada o como v\u00e1lvulas de purga en rebosaderos externos y retornos de agua. Su gran espectro de uso, f\u00e1cil instalaci\u00f3n y mantenimiento junto con un larga vida \u00fatil y gran precisi\u00f3n, hacen de esta v\u00e1lvula en un complemento imprescindible en cualquier acuario. Sus conexiones son indistintas y est\u00e1n estandarizadas para tubo flexible de di\u00e1metro 4-6 de uso frecuente en acuarios.<\/p>\n","protected":false},"featured_media":6953,"template":"","meta":[],"product_brand":[118],"product_cat":[40,42],"product_tag":[565],"class_list":{"0":"post-6952","1":"product","2":"type-product","3":"status-publish","4":"has-post-thumbnail","6":"product_brand-azoo","7":"product_cat-peces","8":"product_cat-aireacion","9":"product_tag-valvula-aire-pvc","11":"first","12":"instock","13":"shipping-taxable","14":"purchasable","15":"product-type-simple"},"yoast_head":"<!-- This site is optimized with the Yoast SEO plugin v27.4 - https:\/\/yoast.com\/product\/yoast-seo-wordpress\/ -->\n<title>V\u00e1lvula de aire de PVC | Acuario Supremus<\/title>\n<meta name=\"description\" content=\"V\u00e1lvula de precisi\u00f3n para regular el caudal de aire en circuitos de aireaci\u00f3n en todo tipo de acuarios.\" \/>\n<meta name=\"robots\" content=\"index, follow, max-snippet:-1, max-image-preview:large, max-video-preview:-1\" \/>\n<link rel=\"canonical\" href=\"https:\/\/acuariosupremus.com\/?product=valvula-de-aire-de-pvc\" \/>\n<meta property=\"og:locale\" content=\"es_MX\" \/>\n<meta property=\"og:type\" content=\"article\" \/>\n<meta property=\"og:title\" content=\"V\u00e1lvula de aire de PVC | Acuario Supremus\" \/>\n<meta property=\"og:description\" content=\"V\u00e1lvula de precisi\u00f3n para regular el caudal de aire en circuitos de aireaci\u00f3n en todo tipo de acuarios.\" \/>\n<meta property=\"og:url\" content=\"https:\/\/acuariosupremus.com\/?product=valvula-de-aire-de-pvc\" \/>\n<meta property=\"og:site_name\" content=\"Acuario Supremus\" \/>\n<meta property=\"article:publisher\" content=\"https:\/\/www.facebook.com\/AcuarioSupremus\" \/>\n<meta property=\"article:modified_time\" content=\"2025-05-06T01:45:36+00:00\" \/>\n<meta property=\"og:image\" content=\"https:\/\/acuariosupremus.com\/wp-content\/uploads\/2022\/04\/azoo_air_valve_01.jpg\" \/>\n\t<meta property=\"og:image:width\" content=\"1250\" \/>\n\t<meta property=\"og:image:height\" content=\"1250\" \/>\n\t<meta property=\"og:image:type\" content=\"image\/jpeg\" \/>\n<meta name=\"twitter:card\" content=\"summary_large_image\" \/>\n<meta name=\"twitter:site\" content=\"@AcuarioSupremus\" \/>\n<meta name=\"twitter:label1\" content=\"Tiempo de lectura\" \/>\n\t<meta name=\"twitter:data1\" content=\"2 minutos\" \/>\n<script type=\"application\/ld+json\" class=\"yoast-schema-graph\">{\"@context\":\"https:\\\/\\\/schema.org\",\"@graph\":[{\"@type\":\"WebPage\",\"@id\":\"https:\\\/\\\/acuariosupremus.com\\\/?product=valvula-de-aire-de-pvc\",\"url\":\"https:\\\/\\\/acuariosupremus.com\\\/?product=valvula-de-aire-de-pvc\",\"name\":\"V\u00e1lvula de aire de PVC | Acuario Supremus\",\"isPartOf\":{\"@id\":\"https:\\\/\\\/acuariosupremus.com\\\/#website\"},\"primaryImageOfPage\":{\"@id\":\"https:\\\/\\\/acuariosupremus.com\\\/?product=valvula-de-aire-de-pvc#primaryimage\"},\"image\":{\"@id\":\"https:\\\/\\\/acuariosupremus.com\\\/?product=valvula-de-aire-de-pvc#primaryimage\"},\"thumbnailUrl\":\"https:\\\/\\\/acuariosupremus.com\\\/wp-content\\\/uploads\\\/2022\\\/04\\\/azoo_air_valve_01.jpg\",\"datePublished\":\"2022-04-15T23:54:43+00:00\",\"dateModified\":\"2025-05-06T01:45:36+00:00\",\"description\":\"V\u00e1lvula de precisi\u00f3n para regular el caudal de aire en circuitos de aireaci\u00f3n en todo tipo de acuarios.\",\"breadcrumb\":{\"@id\":\"https:\\\/\\\/acuariosupremus.com\\\/?product=valvula-de-aire-de-pvc#breadcrumb\"},\"inLanguage\":\"es\",\"potentialAction\":[{\"@type\":\"ReadAction\",\"target\":[\"https:\\\/\\\/acuariosupremus.com\\\/?product=valvula-de-aire-de-pvc\"]}]},{\"@type\":\"ImageObject\",\"inLanguage\":\"es\",\"@id\":\"https:\\\/\\\/acuariosupremus.com\\\/?product=valvula-de-aire-de-pvc#primaryimage\",\"url\":\"https:\\\/\\\/acuariosupremus.com\\\/wp-content\\\/uploads\\\/2022\\\/04\\\/azoo_air_valve_01.jpg\",\"contentUrl\":\"https:\\\/\\\/acuariosupremus.com\\\/wp-content\\\/uploads\\\/2022\\\/04\\\/azoo_air_valve_01.jpg\",\"width\":1250,\"height\":1250},{\"@type\":\"BreadcrumbList\",\"@id\":\"https:\\\/\\\/acuariosupremus.com\\\/?product=valvula-de-aire-de-pvc#breadcrumb\",\"itemListElement\":[{\"@type\":\"ListItem\",\"position\":1,\"name\":\"Portada\",\"item\":\"https:\\\/\\\/acuariosupremus.com\\\/\"},{\"@type\":\"ListItem\",\"position\":2,\"name\":\"Tienda\",\"item\":\"https:\\\/\\\/acuariosupremus.com\\\/tienda\\\/\"},{\"@type\":\"ListItem\",\"position\":3,\"name\":\"V\u00e1lvula de aire de PVC\"}]},{\"@type\":\"WebSite\",\"@id\":\"https:\\\/\\\/acuariosupremus.com\\\/#website\",\"url\":\"https:\\\/\\\/acuariosupremus.com\\\/\",\"name\":\"Acuario Supremus\",\"description\":\"Peces, Peceras y Mascotas.\",\"publisher\":{\"@id\":\"https:\\\/\\\/acuariosupremus.com\\\/#organization\"},\"potentialAction\":[{\"@type\":\"SearchAction\",\"target\":{\"@type\":\"EntryPoint\",\"urlTemplate\":\"https:\\\/\\\/acuariosupremus.com\\\/?s={search_term_string}\"},\"query-input\":{\"@type\":\"PropertyValueSpecification\",\"valueRequired\":true,\"valueName\":\"search_term_string\"}}],\"inLanguage\":\"es\"},{\"@type\":\"Organization\",\"@id\":\"https:\\\/\\\/acuariosupremus.com\\\/#organization\",\"name\":\"Acuario Supremus\",\"url\":\"https:\\\/\\\/acuariosupremus.com\\\/\",\"logo\":{\"@type\":\"ImageObject\",\"inLanguage\":\"es\",\"@id\":\"https:\\\/\\\/acuariosupremus.com\\\/#\\\/schema\\\/logo\\\/image\\\/\",\"url\":\"https:\\\/\\\/acuariosupremus.com\\\/wp-content\\\/uploads\\\/2021\\\/12\\\/cropped-logo_acuario_supremus_fn-2.png\",\"contentUrl\":\"https:\\\/\\\/acuariosupremus.com\\\/wp-content\\\/uploads\\\/2021\\\/12\\\/cropped-logo_acuario_supremus_fn-2.png\",\"width\":1000,\"height\":318,\"caption\":\"Acuario Supremus\"},\"image\":{\"@id\":\"https:\\\/\\\/acuariosupremus.com\\\/#\\\/schema\\\/logo\\\/image\\\/\"},\"sameAs\":[\"https:\\\/\\\/www.facebook.com\\\/AcuarioSupremus\",\"https:\\\/\\\/x.com\\\/AcuarioSupremus\",\"https:\\\/\\\/www.instagram.com\\\/acuariosupremus\\\/?hl=es\"]}]}<\/script>\n<!-- \/ Yoast SEO plugin. -->","yoast_head_json":{"title":"V\u00e1lvula de aire de PVC | Acuario Supremus","description":"V\u00e1lvula de precisi\u00f3n para regular el caudal de aire en circuitos de aireaci\u00f3n en todo tipo de acuarios.","robots":{"index":"index","follow":"follow","max-snippet":"max-snippet:-1","max-image-preview":"max-image-preview:large","max-video-preview":"max-video-preview:-1"},"canonical":"https:\/\/acuariosupremus.com\/?product=valvula-de-aire-de-pvc","og_locale":"es_MX","og_type":"article","og_title":"V\u00e1lvula de aire de PVC | Acuario Supremus","og_description":"V\u00e1lvula de precisi\u00f3n para regular el caudal de aire en circuitos de aireaci\u00f3n en todo tipo de acuarios.","og_url":"https:\/\/acuariosupremus.com\/?product=valvula-de-aire-de-pvc","og_site_name":"Acuario Supremus","article_publisher":"https:\/\/www.facebook.com\/AcuarioSupremus","article_modified_time":"2025-05-06T01:45:36+00:00","og_image":[{"width":1250,"height":1250,"url":"https:\/\/acuariosupremus.com\/wp-content\/uploads\/2022\/04\/azoo_air_valve_01.jpg","type":"image\/jpeg"}],"twitter_card":"summary_large_image","twitter_site":"@AcuarioSupremus","twitter_misc":{"Tiempo de lectura":"2 minutos"},"schema":{"@context":"https:\/\/schema.org","@graph":[{"@type":"WebPage","@id":"https:\/\/acuariosupremus.com\/?product=valvula-de-aire-de-pvc","url":"https:\/\/acuariosupremus.com\/?product=valvula-de-aire-de-pvc","name":"V\u00e1lvula de aire de PVC | Acuario Supremus","isPartOf":{"@id":"https:\/\/acuariosupremus.com\/#website"},"primaryImageOfPage":{"@id":"https:\/\/acuariosupremus.com\/?product=valvula-de-aire-de-pvc#primaryimage"},"image":{"@id":"https:\/\/acuariosupremus.com\/?product=valvula-de-aire-de-pvc#primaryimage"},"thumbnailUrl":"https:\/\/acuariosupremus.com\/wp-content\/uploads\/2022\/04\/azoo_air_valve_01.jpg","datePublished":"2022-04-15T23:54:43+00:00","dateModified":"2025-05-06T01:45:36+00:00","description":"V\u00e1lvula de precisi\u00f3n para regular el caudal de aire en circuitos de aireaci\u00f3n en todo tipo de acuarios.","breadcrumb":{"@id":"https:\/\/acuariosupremus.com\/?product=valvula-de-aire-de-pvc#breadcrumb"},"inLanguage":"es","potentialAction":[{"@type":"ReadAction","target":["https:\/\/acuariosupremus.com\/?product=valvula-de-aire-de-pvc"]}]},{"@type":"ImageObject","inLanguage":"es","@id":"https:\/\/acuariosupremus.com\/?product=valvula-de-aire-de-pvc#primaryimage","url":"https:\/\/acuariosupremus.com\/wp-content\/uploads\/2022\/04\/azoo_air_valve_01.jpg","contentUrl":"https:\/\/acuariosupremus.com\/wp-content\/uploads\/2022\/04\/azoo_air_valve_01.jpg","width":1250,"height":1250},{"@type":"BreadcrumbList","@id":"https:\/\/acuariosupremus.com\/?product=valvula-de-aire-de-pvc#breadcrumb","itemListElement":[{"@type":"ListItem","position":1,"name":"Portada","item":"https:\/\/acuariosupremus.com\/"},{"@type":"ListItem","position":2,"name":"Tienda","item":"https:\/\/acuariosupremus.com\/tienda\/"},{"@type":"ListItem","position":3,"name":"V\u00e1lvula de aire de PVC"}]},{"@type":"WebSite","@id":"https:\/\/acuariosupremus.com\/#website","url":"https:\/\/acuariosupremus.com\/","name":"Acuario Supremus","description":"Peces, Peceras y Mascotas.","publisher":{"@id":"https:\/\/acuariosupremus.com\/#organization"},"potentialAction":[{"@type":"SearchAction","target":{"@type":"EntryPoint","urlTemplate":"https:\/\/acuariosupremus.com\/?s={search_term_string}"},"query-input":{"@type":"PropertyValueSpecification","valueRequired":true,"valueName":"search_term_string"}}],"inLanguage":"es"},{"@type":"Organization","@id":"https:\/\/acuariosupremus.com\/#organization","name":"Acuario Supremus","url":"https:\/\/acuariosupremus.com\/","logo":{"@type":"ImageObject","inLanguage":"es","@id":"https:\/\/acuariosupremus.com\/#\/schema\/logo\/image\/","url":"https:\/\/acuariosupremus.com\/wp-content\/uploads\/2021\/12\/cropped-logo_acuario_supremus_fn-2.png","contentUrl":"https:\/\/acuariosupremus.com\/wp-content\/uploads\/2021\/12\/cropped-logo_acuario_supremus_fn-2.png","width":1000,"height":318,"caption":"Acuario Supremus"},"image":{"@id":"https:\/\/acuariosupremus.com\/#\/schema\/logo\/image\/"},"sameAs":["https:\/\/www.facebook.com\/AcuarioSupremus","https:\/\/x.com\/AcuarioSupremus","https:\/\/www.instagram.com\/acuariosupremus\/?hl=es"]}]}},"jetpack_sharing_enabled":true,"_links":{"self":[{"href":"https:\/\/acuariosupremus.com\/index.php?rest_route=\/wp\/v2\/product\/6952","targetHints":{"allow":["GET"]}}],"collection":[{"href":"https:\/\/acuariosupremus.com\/index.php?rest_route=\/wp\/v2\/product"}],"about":[{"href":"https:\/\/acuariosupremus.com\/index.php?rest_route=\/wp\/v2\/types\/product"}],"wp:featuredmedia":[{"embeddable":true,"href":"https:\/\/acuariosupremus.com\/index.php?rest_route=\/wp\/v2\/media\/6953"}],"wp:attachment":[{"href":"https:\/\/acuariosupremus.com\/index.php?rest_route=%2Fwp%2Fv2%2Fmedia&parent=6952"}],"wp:term":[{"taxonomy":"product_brand","embeddable":true,"href":"https:\/\/acuariosupremus.com\/index.php?rest_route=%2Fwp%2Fv2%2Fproduct_brand&post=6952"},{"taxonomy":"product_cat","embeddable":true,"href":"https:\/\/acuariosupremus.com\/index.php?rest_route=%2Fwp%2Fv2%2Fproduct_cat&post=6952"},{"taxonomy":"product_tag","embeddable":true,"href":"https:\/\/acuariosupremus.com\/index.php?rest_route=%2Fwp%2Fv2%2Fproduct_tag&post=6952"}],"curies":[{"name":"wp","href":"https:\/\/api.w.org\/{rel}","templated":true}]}}