{"id":6956,"date":"2022-04-15T19:05:53","date_gmt":"2022-04-16T00:05:53","guid":{"rendered":"https:\/\/acuariosupremus.com\/?post_type=product&#038;p=6956"},"modified":"2025-12-23T15:38:25","modified_gmt":"2025-12-23T21:38:25","slug":"azoo-blood-worms-larvas-de-mosquito-130-ml-10-g","status":"publish","type":"product","link":"https:\/\/acuariosupremus.com\/?product=azoo-blood-worms-larvas-de-mosquito-130-ml-10-g","title":{"rendered":"AZOO Blood worms (larvas de mosquito) 130 ml \/ 10 g."},"content":{"rendered":"<p>Las larvas de mosquito representan la base de la dieta de muchos peces en sus biotopos originales. En su fase larvaria, estos d\u00edpteros poseen unos valores nutricionales muy elevados, ya que necesitar\u00e1n unas reservas muy altas de energ\u00eda y prote\u00ednas para transformarse en mosquitos adultos en s\u00f3lo unas horas. Es por ello que representan un complemento alimenticio muy deseable para los peces, formando muchos casos parte su dieta b\u00e1sica. Sin embargo, capturar en los r\u00edos y charcas estas y otras presas vivas resulta tedioso a la par que muy riesgoso, ya que estos animales muy a menudo contraen de agentes pat\u00f3genos en las aguas donde habitan pudiendo contagiar a nuestros peces de acuario. Otro riesgo a\u00f1adido es la posible contaminaci\u00f3n ambiental de las charcas donde recolectamos estas presas. AZOO Blood Worm es un complemento alimentico diario muy nutritivo y seguro de enfermedades, siendo adem\u00e1s un veh\u00edculo excelente para humedecer con vitaminas para los peces.<br \/>\nINSTRUCCIONES:<br \/>\nEste alimento se puede suministrar 2 \u00f3 3 veces al d\u00eda, pero s\u00f3lo la cantidad que puedan comerse los peces en 2 \u00f3 3 minutos. Aunque la f\u00f3rmula AZOO 9 in 1 disminuye la contaminaci\u00f3n en el acuario, recomendamos retirar el alimento no consumido con una red con el fin de preservar la calidad del agua. Este envase tiene un cintur\u00f3n de garant\u00eda. Una vez abierto, no es necesario conservarlo en el refrigerador, pero s\u00ed necesita permanecer bien tapado en un lugar fresco y seco para conservar sus propiedades nutricionales. Debe evitar colocar el envase en lugares h\u00famedos o calientes como encima de la luminaria o la tapa del acuario. Observe la fecha de caducidad. Si supera esta fecha, las propiedades nutricionales disminuyen considerablemente, por lo que recomendamos descartar el alimento. NO ES APTO PARA CONSUMO HUMANO. S\u00d3LO PARA PECES ORNAMENTALES DE ACUARIO.<\/p>\n<p>P\/V Neto: <strong>(130 ml. \/10 grs.)<\/strong><br \/>\nTama\u00f1o mm.<br \/>\n69 x 69 x 78 (l x a x h)<br \/>\nPeso total:\u00a0 55 (g)<\/p>\n","protected":false},"excerpt":{"rendered":"<p>Estas Larvas rojas de mosquito liofilizadas resuelven el problema de obtener lombrices y otras presas vivas. Est\u00e1 fabricado mediante la selecci\u00f3n de gusanos de sangre frescos (larvas de mosquitos) usando tecnolog\u00eda avanzada de liofilizaci\u00f3n, deshidrat\u00e1ndolos al vac\u00edo a temperaturas bajo cero para mantener los valores nutricionales y la frescura. Este proceso es higi\u00e9nico y libre de contaminaci\u00f3n y agentes pat\u00f3genos.<\/p>\n","protected":false},"featured_media":6957,"template":"","meta":[],"product_brand":[118],"product_cat":[40,43],"product_tag":[566],"class_list":{"0":"post-6956","1":"product","2":"type-product","3":"status-publish","4":"has-post-thumbnail","6":"product_brand-azoo","7":"product_cat-peces","8":"product_cat-alimentos","9":"product_tag-alimento-blood-worms","11":"first","12":"instock","13":"sale","14":"shipping-taxable","15":"purchasable","16":"product-type-simple"},"yoast_head":"<!-- This site is optimized with the Yoast SEO plugin v27.4 - https:\/\/yoast.com\/product\/yoast-seo-wordpress\/ -->\n<title>AZOO Blood worms (larvas de mosquito) 130 ml \/ 10 g. | Acuario Supremus<\/title>\n<meta name=\"description\" content=\"Estas Larvas rojas de mosquito liofilizadas resuelven el problema de obtener presas vivas es higi\u00e9nico y libre de contaminaci\u00f3n y agentes pat\u00f3genos.\" \/>\n<meta name=\"robots\" content=\"index, follow, max-snippet:-1, max-image-preview:large, max-video-preview:-1\" \/>\n<link rel=\"canonical\" href=\"https:\/\/acuariosupremus.com\/?product=azoo-blood-worms-larvas-de-mosquito-130-ml-10-g\" \/>\n<meta property=\"og:locale\" content=\"es_MX\" \/>\n<meta property=\"og:type\" content=\"article\" \/>\n<meta property=\"og:title\" content=\"AZOO Blood worms (larvas de mosquito) 130 ml \/ 10 g. | Acuario Supremus\" \/>\n<meta property=\"og:description\" content=\"Estas Larvas rojas de mosquito liofilizadas resuelven el problema de obtener presas vivas es higi\u00e9nico y libre de contaminaci\u00f3n y agentes pat\u00f3genos.\" \/>\n<meta property=\"og:url\" content=\"https:\/\/acuariosupremus.com\/?product=azoo-blood-worms-larvas-de-mosquito-130-ml-10-g\" \/>\n<meta property=\"og:site_name\" content=\"Acuario Supremus\" \/>\n<meta property=\"article:publisher\" content=\"https:\/\/www.facebook.com\/AcuarioSupremus\" \/>\n<meta property=\"article:modified_time\" content=\"2025-12-23T21:38:25+00:00\" \/>\n<meta property=\"og:image\" content=\"https:\/\/acuariosupremus.com\/wp-content\/uploads\/2022\/04\/azoo_blood_worm_01-copia.jpg\" \/>\n\t<meta property=\"og:image:width\" content=\"1250\" \/>\n\t<meta property=\"og:image:height\" content=\"1250\" \/>\n\t<meta property=\"og:image:type\" content=\"image\/jpeg\" \/>\n<meta name=\"twitter:card\" content=\"summary_large_image\" \/>\n<meta name=\"twitter:site\" content=\"@AcuarioSupremus\" \/>\n<meta name=\"twitter:label1\" content=\"Tiempo de lectura\" \/>\n\t<meta name=\"twitter:data1\" content=\"2 minutos\" \/>\n<script type=\"application\/ld+json\" class=\"yoast-schema-graph\">{\"@context\":\"https:\\\/\\\/schema.org\",\"@graph\":[{\"@type\":\"WebPage\",\"@id\":\"https:\\\/\\\/acuariosupremus.com\\\/?product=azoo-blood-worms-larvas-de-mosquito-130-ml-10-g\",\"url\":\"https:\\\/\\\/acuariosupremus.com\\\/?product=azoo-blood-worms-larvas-de-mosquito-130-ml-10-g\",\"name\":\"AZOO Blood worms (larvas de mosquito) 130 ml \\\/ 10 g. | Acuario Supremus\",\"isPartOf\":{\"@id\":\"https:\\\/\\\/acuariosupremus.com\\\/#website\"},\"primaryImageOfPage\":{\"@id\":\"https:\\\/\\\/acuariosupremus.com\\\/?product=azoo-blood-worms-larvas-de-mosquito-130-ml-10-g#primaryimage\"},\"image\":{\"@id\":\"https:\\\/\\\/acuariosupremus.com\\\/?product=azoo-blood-worms-larvas-de-mosquito-130-ml-10-g#primaryimage\"},\"thumbnailUrl\":\"https:\\\/\\\/acuariosupremus.com\\\/wp-content\\\/uploads\\\/2022\\\/04\\\/azoo_blood_worm_01-copia.jpg\",\"datePublished\":\"2022-04-16T00:05:53+00:00\",\"dateModified\":\"2025-12-23T21:38:25+00:00\",\"description\":\"Estas Larvas rojas de mosquito liofilizadas resuelven el problema de obtener presas vivas es higi\u00e9nico y libre de contaminaci\u00f3n y agentes pat\u00f3genos.\",\"breadcrumb\":{\"@id\":\"https:\\\/\\\/acuariosupremus.com\\\/?product=azoo-blood-worms-larvas-de-mosquito-130-ml-10-g#breadcrumb\"},\"inLanguage\":\"es\",\"potentialAction\":[{\"@type\":\"ReadAction\",\"target\":[\"https:\\\/\\\/acuariosupremus.com\\\/?product=azoo-blood-worms-larvas-de-mosquito-130-ml-10-g\"]}]},{\"@type\":\"ImageObject\",\"inLanguage\":\"es\",\"@id\":\"https:\\\/\\\/acuariosupremus.com\\\/?product=azoo-blood-worms-larvas-de-mosquito-130-ml-10-g#primaryimage\",\"url\":\"https:\\\/\\\/acuariosupremus.com\\\/wp-content\\\/uploads\\\/2022\\\/04\\\/azoo_blood_worm_01-copia.jpg\",\"contentUrl\":\"https:\\\/\\\/acuariosupremus.com\\\/wp-content\\\/uploads\\\/2022\\\/04\\\/azoo_blood_worm_01-copia.jpg\",\"width\":1250,\"height\":1250},{\"@type\":\"BreadcrumbList\",\"@id\":\"https:\\\/\\\/acuariosupremus.com\\\/?product=azoo-blood-worms-larvas-de-mosquito-130-ml-10-g#breadcrumb\",\"itemListElement\":[{\"@type\":\"ListItem\",\"position\":1,\"name\":\"Portada\",\"item\":\"https:\\\/\\\/acuariosupremus.com\\\/\"},{\"@type\":\"ListItem\",\"position\":2,\"name\":\"Tienda\",\"item\":\"https:\\\/\\\/acuariosupremus.com\\\/tienda\\\/\"},{\"@type\":\"ListItem\",\"position\":3,\"name\":\"AZOO Blood worms (larvas de mosquito) 130 ml \\\/ 10 g.\"}]},{\"@type\":\"WebSite\",\"@id\":\"https:\\\/\\\/acuariosupremus.com\\\/#website\",\"url\":\"https:\\\/\\\/acuariosupremus.com\\\/\",\"name\":\"Acuario Supremus\",\"description\":\"Peces, Peceras y Mascotas.\",\"publisher\":{\"@id\":\"https:\\\/\\\/acuariosupremus.com\\\/#organization\"},\"potentialAction\":[{\"@type\":\"SearchAction\",\"target\":{\"@type\":\"EntryPoint\",\"urlTemplate\":\"https:\\\/\\\/acuariosupremus.com\\\/?s={search_term_string}\"},\"query-input\":{\"@type\":\"PropertyValueSpecification\",\"valueRequired\":true,\"valueName\":\"search_term_string\"}}],\"inLanguage\":\"es\"},{\"@type\":\"Organization\",\"@id\":\"https:\\\/\\\/acuariosupremus.com\\\/#organization\",\"name\":\"Acuario Supremus\",\"url\":\"https:\\\/\\\/acuariosupremus.com\\\/\",\"logo\":{\"@type\":\"ImageObject\",\"inLanguage\":\"es\",\"@id\":\"https:\\\/\\\/acuariosupremus.com\\\/#\\\/schema\\\/logo\\\/image\\\/\",\"url\":\"https:\\\/\\\/acuariosupremus.com\\\/wp-content\\\/uploads\\\/2021\\\/12\\\/cropped-logo_acuario_supremus_fn-2.png\",\"contentUrl\":\"https:\\\/\\\/acuariosupremus.com\\\/wp-content\\\/uploads\\\/2021\\\/12\\\/cropped-logo_acuario_supremus_fn-2.png\",\"width\":1000,\"height\":318,\"caption\":\"Acuario Supremus\"},\"image\":{\"@id\":\"https:\\\/\\\/acuariosupremus.com\\\/#\\\/schema\\\/logo\\\/image\\\/\"},\"sameAs\":[\"https:\\\/\\\/www.facebook.com\\\/AcuarioSupremus\",\"https:\\\/\\\/x.com\\\/AcuarioSupremus\",\"https:\\\/\\\/www.instagram.com\\\/acuariosupremus\\\/?hl=es\"]}]}<\/script>\n<!-- \/ Yoast SEO plugin. -->","yoast_head_json":{"title":"AZOO Blood worms (larvas de mosquito) 130 ml \/ 10 g. | Acuario Supremus","description":"Estas Larvas rojas de mosquito liofilizadas resuelven el problema de obtener presas vivas es higi\u00e9nico y libre de contaminaci\u00f3n y agentes pat\u00f3genos.","robots":{"index":"index","follow":"follow","max-snippet":"max-snippet:-1","max-image-preview":"max-image-preview:large","max-video-preview":"max-video-preview:-1"},"canonical":"https:\/\/acuariosupremus.com\/?product=azoo-blood-worms-larvas-de-mosquito-130-ml-10-g","og_locale":"es_MX","og_type":"article","og_title":"AZOO Blood worms (larvas de mosquito) 130 ml \/ 10 g. | Acuario Supremus","og_description":"Estas Larvas rojas de mosquito liofilizadas resuelven el problema de obtener presas vivas es higi\u00e9nico y libre de contaminaci\u00f3n y agentes pat\u00f3genos.","og_url":"https:\/\/acuariosupremus.com\/?product=azoo-blood-worms-larvas-de-mosquito-130-ml-10-g","og_site_name":"Acuario Supremus","article_publisher":"https:\/\/www.facebook.com\/AcuarioSupremus","article_modified_time":"2025-12-23T21:38:25+00:00","og_image":[{"width":1250,"height":1250,"url":"https:\/\/acuariosupremus.com\/wp-content\/uploads\/2022\/04\/azoo_blood_worm_01-copia.jpg","type":"image\/jpeg"}],"twitter_card":"summary_large_image","twitter_site":"@AcuarioSupremus","twitter_misc":{"Tiempo de lectura":"2 minutos"},"schema":{"@context":"https:\/\/schema.org","@graph":[{"@type":"WebPage","@id":"https:\/\/acuariosupremus.com\/?product=azoo-blood-worms-larvas-de-mosquito-130-ml-10-g","url":"https:\/\/acuariosupremus.com\/?product=azoo-blood-worms-larvas-de-mosquito-130-ml-10-g","name":"AZOO Blood worms (larvas de mosquito) 130 ml \/ 10 g. | Acuario Supremus","isPartOf":{"@id":"https:\/\/acuariosupremus.com\/#website"},"primaryImageOfPage":{"@id":"https:\/\/acuariosupremus.com\/?product=azoo-blood-worms-larvas-de-mosquito-130-ml-10-g#primaryimage"},"image":{"@id":"https:\/\/acuariosupremus.com\/?product=azoo-blood-worms-larvas-de-mosquito-130-ml-10-g#primaryimage"},"thumbnailUrl":"https:\/\/acuariosupremus.com\/wp-content\/uploads\/2022\/04\/azoo_blood_worm_01-copia.jpg","datePublished":"2022-04-16T00:05:53+00:00","dateModified":"2025-12-23T21:38:25+00:00","description":"Estas Larvas rojas de mosquito liofilizadas resuelven el problema de obtener presas vivas es higi\u00e9nico y libre de contaminaci\u00f3n y agentes pat\u00f3genos.","breadcrumb":{"@id":"https:\/\/acuariosupremus.com\/?product=azoo-blood-worms-larvas-de-mosquito-130-ml-10-g#breadcrumb"},"inLanguage":"es","potentialAction":[{"@type":"ReadAction","target":["https:\/\/acuariosupremus.com\/?product=azoo-blood-worms-larvas-de-mosquito-130-ml-10-g"]}]},{"@type":"ImageObject","inLanguage":"es","@id":"https:\/\/acuariosupremus.com\/?product=azoo-blood-worms-larvas-de-mosquito-130-ml-10-g#primaryimage","url":"https:\/\/acuariosupremus.com\/wp-content\/uploads\/2022\/04\/azoo_blood_worm_01-copia.jpg","contentUrl":"https:\/\/acuariosupremus.com\/wp-content\/uploads\/2022\/04\/azoo_blood_worm_01-copia.jpg","width":1250,"height":1250},{"@type":"BreadcrumbList","@id":"https:\/\/acuariosupremus.com\/?product=azoo-blood-worms-larvas-de-mosquito-130-ml-10-g#breadcrumb","itemListElement":[{"@type":"ListItem","position":1,"name":"Portada","item":"https:\/\/acuariosupremus.com\/"},{"@type":"ListItem","position":2,"name":"Tienda","item":"https:\/\/acuariosupremus.com\/tienda\/"},{"@type":"ListItem","position":3,"name":"AZOO Blood worms (larvas de mosquito) 130 ml \/ 10 g."}]},{"@type":"WebSite","@id":"https:\/\/acuariosupremus.com\/#website","url":"https:\/\/acuariosupremus.com\/","name":"Acuario Supremus","description":"Peces, Peceras y Mascotas.","publisher":{"@id":"https:\/\/acuariosupremus.com\/#organization"},"potentialAction":[{"@type":"SearchAction","target":{"@type":"EntryPoint","urlTemplate":"https:\/\/acuariosupremus.com\/?s={search_term_string}"},"query-input":{"@type":"PropertyValueSpecification","valueRequired":true,"valueName":"search_term_string"}}],"inLanguage":"es"},{"@type":"Organization","@id":"https:\/\/acuariosupremus.com\/#organization","name":"Acuario Supremus","url":"https:\/\/acuariosupremus.com\/","logo":{"@type":"ImageObject","inLanguage":"es","@id":"https:\/\/acuariosupremus.com\/#\/schema\/logo\/image\/","url":"https:\/\/acuariosupremus.com\/wp-content\/uploads\/2021\/12\/cropped-logo_acuario_supremus_fn-2.png","contentUrl":"https:\/\/acuariosupremus.com\/wp-content\/uploads\/2021\/12\/cropped-logo_acuario_supremus_fn-2.png","width":1000,"height":318,"caption":"Acuario Supremus"},"image":{"@id":"https:\/\/acuariosupremus.com\/#\/schema\/logo\/image\/"},"sameAs":["https:\/\/www.facebook.com\/AcuarioSupremus","https:\/\/x.com\/AcuarioSupremus","https:\/\/www.instagram.com\/acuariosupremus\/?hl=es"]}]}},"jetpack_sharing_enabled":true,"_links":{"self":[{"href":"https:\/\/acuariosupremus.com\/index.php?rest_route=\/wp\/v2\/product\/6956","targetHints":{"allow":["GET"]}}],"collection":[{"href":"https:\/\/acuariosupremus.com\/index.php?rest_route=\/wp\/v2\/product"}],"about":[{"href":"https:\/\/acuariosupremus.com\/index.php?rest_route=\/wp\/v2\/types\/product"}],"wp:featuredmedia":[{"embeddable":true,"href":"https:\/\/acuariosupremus.com\/index.php?rest_route=\/wp\/v2\/media\/6957"}],"wp:attachment":[{"href":"https:\/\/acuariosupremus.com\/index.php?rest_route=%2Fwp%2Fv2%2Fmedia&parent=6956"}],"wp:term":[{"taxonomy":"product_brand","embeddable":true,"href":"https:\/\/acuariosupremus.com\/index.php?rest_route=%2Fwp%2Fv2%2Fproduct_brand&post=6956"},{"taxonomy":"product_cat","embeddable":true,"href":"https:\/\/acuariosupremus.com\/index.php?rest_route=%2Fwp%2Fv2%2Fproduct_cat&post=6956"},{"taxonomy":"product_tag","embeddable":true,"href":"https:\/\/acuariosupremus.com\/index.php?rest_route=%2Fwp%2Fv2%2Fproduct_tag&post=6956"}],"curies":[{"name":"wp","href":"https:\/\/api.w.org\/{rel}","templated":true}]}}