{"id":6993,"date":"2022-04-15T21:03:53","date_gmt":"2022-04-16T02:03:53","guid":{"rendered":"https:\/\/acuariosupremus.com\/?post_type=product&#038;p=6993"},"modified":"2025-12-23T15:42:59","modified_gmt":"2025-12-23T21:42:59","slug":"9-in-1-ornamental-fish-pellet-pelet-basico-bolsa-con-4-kg","status":"publish","type":"product","link":"https:\/\/acuariosupremus.com\/?product=9-in-1-ornamental-fish-pellet-pelet-basico-bolsa-con-4-kg","title":{"rendered":"9 in 1 ornamental fish pellet (P\u00e9let b\u00e1sico) Bolsa con 4 kg."},"content":{"rendered":"<p>AZOO 9 in 1 Ornamental Fish Pellet es un alimento Premium para peces. A\u00f1ade una f\u00f3rmula de m\u00e1s de cuarenta materias primas seleccionadas y la exclusiva f\u00f3rmula \u00df-Glucano que fortalece el sistema inmunol\u00f3gico y fomenta la salud de los peces de ornato tropicales. Estas nutritivas hojuelas est\u00e1n adaptadas a los h\u00e1bitos alimenticios diarios de sus peces, favoreciendo el desarrollo de la coloraci\u00f3n a trav\u00e9s de los carotenoides naturales que incluye y una f\u00e1cil digesti\u00f3n gracias al PSB y la levadura. La excelente palatabilidad que aportan ingredientes como el Krill y la espirulina junto con una alta digestibilidad permiten que los peces se adapten r\u00e1pidamente al nuevo alimento.<br \/>\nINSTRUCCIONES:<br \/>\nEste alimento se puede suministrar 2 \u00f3 3 veces al d\u00eda, pero s\u00f3lo la cantidad que puedan comerse los peces en 2 \u00f3 3 minutos. Aunque la f\u00f3rmula AZOO 9 in 1 disminuye la contaminaci\u00f3n en el acuario, recomendamos retirar el alimento no consumido con una red con el fin de preservar la calidad del agua. Este envase tiene un cintur\u00f3n de garant\u00eda. Una vez abierto, no es necesario conservarlo en el refrigerador, pero s\u00ed necesita permanecer bien tapado en un lugar fresco y seco para conservar sus propiedades nutricionales. Debe evitar colocar el envase en lugares h\u00famedos o calientes como encima de la luminaria o la tapa del acuario. Observe la fecha de caducidad. Si supera esta fecha, las propiedades nutricionales disminuyen considerablemente, por lo que recomendamos descartar el alimento. NO ES APTO PARA CONSUMO HUMANO. S\u00d3LO PARA PECES ORNAMENTALES DE ACUARIO.<\/p>\n<p>P\/V Neto: <strong>(Bolsa con 4 kg..)<\/strong><br \/>\nTama\u00f1o mm.<br \/>\n450x450x150 (l x a x h)<br \/>\nPeso total:\u00a0 4,070 (g)<\/p>\n","protected":false},"excerpt":{"rendered":"<p>Pellet tipo flotante de tama\u00f1o peque\u00f1o. Contiene la f\u00f3rmula fortalecedora del sistema inmunol\u00f3gico \u00df-Glucano. Est\u00e1 elaborado con m\u00e1s de 40 ingredientes seleccionados para suplir los h\u00e1bitos alimenticios de los peces de ornato.<\/p>\n","protected":false},"featured_media":6994,"template":"","meta":[],"product_brand":[118],"product_cat":[40,43],"product_tag":[168,148,169],"class_list":{"0":"post-6993","1":"product","2":"type-product","3":"status-publish","4":"has-post-thumbnail","6":"product_brand-azoo","7":"product_cat-peces","8":"product_cat-alimentos","9":"product_tag-alimento-medio","10":"product_tag-alimento-peces-tropicales","11":"product_tag-pellets","13":"first","14":"instock","15":"sale","16":"shipping-taxable","17":"purchasable","18":"product-type-simple"},"yoast_head":"<!-- This site is optimized with the Yoast SEO plugin v27.3 - https:\/\/yoast.com\/product\/yoast-seo-wordpress\/ -->\n<title>9 in 1 ornamental fish pellet (P\u00e9let b\u00e1sico) Bolsa con 4 kg. | Acuario Supremus<\/title>\n<meta name=\"description\" content=\"Pellet tipo flotante de tama\u00f1o peque\u00f1o. Contiene la f\u00f3rmula fortalecedora del sistema inmunol\u00f3gico \u00df-Glucano.\" \/>\n<meta name=\"robots\" content=\"index, follow, max-snippet:-1, max-image-preview:large, max-video-preview:-1\" \/>\n<link rel=\"canonical\" href=\"https:\/\/acuariosupremus.com\/?product=9-in-1-ornamental-fish-pellet-pelet-basico-bolsa-con-4-kg\" \/>\n<meta property=\"og:locale\" content=\"es_MX\" \/>\n<meta property=\"og:type\" content=\"article\" \/>\n<meta property=\"og:title\" content=\"9 in 1 ornamental fish pellet (P\u00e9let b\u00e1sico) Bolsa con 4 kg. | Acuario Supremus\" \/>\n<meta property=\"og:description\" content=\"Pellet tipo flotante de tama\u00f1o peque\u00f1o. Contiene la f\u00f3rmula fortalecedora del sistema inmunol\u00f3gico \u00df-Glucano.\" \/>\n<meta property=\"og:url\" content=\"https:\/\/acuariosupremus.com\/?product=9-in-1-ornamental-fish-pellet-pelet-basico-bolsa-con-4-kg\" \/>\n<meta property=\"og:site_name\" content=\"Acuario Supremus\" \/>\n<meta property=\"article:publisher\" content=\"https:\/\/www.facebook.com\/AcuarioSupremus\" \/>\n<meta property=\"article:modified_time\" content=\"2025-12-23T21:42:59+00:00\" \/>\n<meta property=\"og:image\" content=\"https:\/\/acuariosupremus.com\/wp-content\/uploads\/2022\/04\/azoo_9_in_1_ornamental_fish_pellet_07.jpg\" \/>\n\t<meta property=\"og:image:width\" content=\"1254\" \/>\n\t<meta property=\"og:image:height\" content=\"1144\" \/>\n\t<meta property=\"og:image:type\" content=\"image\/jpeg\" \/>\n<meta name=\"twitter:card\" content=\"summary_large_image\" \/>\n<meta name=\"twitter:site\" content=\"@AcuarioSupremus\" \/>\n<meta name=\"twitter:label1\" content=\"Tiempo de lectura\" \/>\n\t<meta name=\"twitter:data1\" content=\"2 minutos\" \/>\n<script type=\"application\/ld+json\" class=\"yoast-schema-graph\">{\"@context\":\"https:\\\/\\\/schema.org\",\"@graph\":[{\"@type\":\"WebPage\",\"@id\":\"https:\\\/\\\/acuariosupremus.com\\\/?product=9-in-1-ornamental-fish-pellet-pelet-basico-bolsa-con-4-kg\",\"url\":\"https:\\\/\\\/acuariosupremus.com\\\/?product=9-in-1-ornamental-fish-pellet-pelet-basico-bolsa-con-4-kg\",\"name\":\"9 in 1 ornamental fish pellet (P\u00e9let b\u00e1sico) Bolsa con 4 kg. | Acuario Supremus\",\"isPartOf\":{\"@id\":\"https:\\\/\\\/acuariosupremus.com\\\/#website\"},\"primaryImageOfPage\":{\"@id\":\"https:\\\/\\\/acuariosupremus.com\\\/?product=9-in-1-ornamental-fish-pellet-pelet-basico-bolsa-con-4-kg#primaryimage\"},\"image\":{\"@id\":\"https:\\\/\\\/acuariosupremus.com\\\/?product=9-in-1-ornamental-fish-pellet-pelet-basico-bolsa-con-4-kg#primaryimage\"},\"thumbnailUrl\":\"https:\\\/\\\/acuariosupremus.com\\\/wp-content\\\/uploads\\\/2022\\\/04\\\/azoo_9_in_1_ornamental_fish_pellet_07.jpg\",\"datePublished\":\"2022-04-16T02:03:53+00:00\",\"dateModified\":\"2025-12-23T21:42:59+00:00\",\"description\":\"Pellet tipo flotante de tama\u00f1o peque\u00f1o. Contiene la f\u00f3rmula fortalecedora del sistema inmunol\u00f3gico \u00df-Glucano.\",\"breadcrumb\":{\"@id\":\"https:\\\/\\\/acuariosupremus.com\\\/?product=9-in-1-ornamental-fish-pellet-pelet-basico-bolsa-con-4-kg#breadcrumb\"},\"inLanguage\":\"es\",\"potentialAction\":[{\"@type\":\"ReadAction\",\"target\":[\"https:\\\/\\\/acuariosupremus.com\\\/?product=9-in-1-ornamental-fish-pellet-pelet-basico-bolsa-con-4-kg\"]}]},{\"@type\":\"ImageObject\",\"inLanguage\":\"es\",\"@id\":\"https:\\\/\\\/acuariosupremus.com\\\/?product=9-in-1-ornamental-fish-pellet-pelet-basico-bolsa-con-4-kg#primaryimage\",\"url\":\"https:\\\/\\\/acuariosupremus.com\\\/wp-content\\\/uploads\\\/2022\\\/04\\\/azoo_9_in_1_ornamental_fish_pellet_07.jpg\",\"contentUrl\":\"https:\\\/\\\/acuariosupremus.com\\\/wp-content\\\/uploads\\\/2022\\\/04\\\/azoo_9_in_1_ornamental_fish_pellet_07.jpg\",\"width\":1254,\"height\":1144},{\"@type\":\"BreadcrumbList\",\"@id\":\"https:\\\/\\\/acuariosupremus.com\\\/?product=9-in-1-ornamental-fish-pellet-pelet-basico-bolsa-con-4-kg#breadcrumb\",\"itemListElement\":[{\"@type\":\"ListItem\",\"position\":1,\"name\":\"Portada\",\"item\":\"https:\\\/\\\/acuariosupremus.com\\\/\"},{\"@type\":\"ListItem\",\"position\":2,\"name\":\"Tienda\",\"item\":\"https:\\\/\\\/acuariosupremus.com\\\/tienda\\\/\"},{\"@type\":\"ListItem\",\"position\":3,\"name\":\"9 in 1 ornamental fish pellet (P\u00e9let b\u00e1sico) Bolsa con 4 kg.\"}]},{\"@type\":\"WebSite\",\"@id\":\"https:\\\/\\\/acuariosupremus.com\\\/#website\",\"url\":\"https:\\\/\\\/acuariosupremus.com\\\/\",\"name\":\"Acuario Supremus\",\"description\":\"Peces, Peceras y Mascotas.\",\"publisher\":{\"@id\":\"https:\\\/\\\/acuariosupremus.com\\\/#organization\"},\"potentialAction\":[{\"@type\":\"SearchAction\",\"target\":{\"@type\":\"EntryPoint\",\"urlTemplate\":\"https:\\\/\\\/acuariosupremus.com\\\/?s={search_term_string}\"},\"query-input\":{\"@type\":\"PropertyValueSpecification\",\"valueRequired\":true,\"valueName\":\"search_term_string\"}}],\"inLanguage\":\"es\"},{\"@type\":\"Organization\",\"@id\":\"https:\\\/\\\/acuariosupremus.com\\\/#organization\",\"name\":\"Acuario Supremus\",\"url\":\"https:\\\/\\\/acuariosupremus.com\\\/\",\"logo\":{\"@type\":\"ImageObject\",\"inLanguage\":\"es\",\"@id\":\"https:\\\/\\\/acuariosupremus.com\\\/#\\\/schema\\\/logo\\\/image\\\/\",\"url\":\"https:\\\/\\\/acuariosupremus.com\\\/wp-content\\\/uploads\\\/2021\\\/12\\\/cropped-logo_acuario_supremus_fn-2.png\",\"contentUrl\":\"https:\\\/\\\/acuariosupremus.com\\\/wp-content\\\/uploads\\\/2021\\\/12\\\/cropped-logo_acuario_supremus_fn-2.png\",\"width\":1000,\"height\":318,\"caption\":\"Acuario Supremus\"},\"image\":{\"@id\":\"https:\\\/\\\/acuariosupremus.com\\\/#\\\/schema\\\/logo\\\/image\\\/\"},\"sameAs\":[\"https:\\\/\\\/www.facebook.com\\\/AcuarioSupremus\",\"https:\\\/\\\/x.com\\\/AcuarioSupremus\",\"https:\\\/\\\/www.instagram.com\\\/acuariosupremus\\\/?hl=es\"]}]}<\/script>\n<!-- \/ Yoast SEO plugin. -->","yoast_head_json":{"title":"9 in 1 ornamental fish pellet (P\u00e9let b\u00e1sico) Bolsa con 4 kg. | Acuario Supremus","description":"Pellet tipo flotante de tama\u00f1o peque\u00f1o. Contiene la f\u00f3rmula fortalecedora del sistema inmunol\u00f3gico \u00df-Glucano.","robots":{"index":"index","follow":"follow","max-snippet":"max-snippet:-1","max-image-preview":"max-image-preview:large","max-video-preview":"max-video-preview:-1"},"canonical":"https:\/\/acuariosupremus.com\/?product=9-in-1-ornamental-fish-pellet-pelet-basico-bolsa-con-4-kg","og_locale":"es_MX","og_type":"article","og_title":"9 in 1 ornamental fish pellet (P\u00e9let b\u00e1sico) Bolsa con 4 kg. | Acuario Supremus","og_description":"Pellet tipo flotante de tama\u00f1o peque\u00f1o. Contiene la f\u00f3rmula fortalecedora del sistema inmunol\u00f3gico \u00df-Glucano.","og_url":"https:\/\/acuariosupremus.com\/?product=9-in-1-ornamental-fish-pellet-pelet-basico-bolsa-con-4-kg","og_site_name":"Acuario Supremus","article_publisher":"https:\/\/www.facebook.com\/AcuarioSupremus","article_modified_time":"2025-12-23T21:42:59+00:00","og_image":[{"width":1254,"height":1144,"url":"https:\/\/acuariosupremus.com\/wp-content\/uploads\/2022\/04\/azoo_9_in_1_ornamental_fish_pellet_07.jpg","type":"image\/jpeg"}],"twitter_card":"summary_large_image","twitter_site":"@AcuarioSupremus","twitter_misc":{"Tiempo de lectura":"2 minutos"},"schema":{"@context":"https:\/\/schema.org","@graph":[{"@type":"WebPage","@id":"https:\/\/acuariosupremus.com\/?product=9-in-1-ornamental-fish-pellet-pelet-basico-bolsa-con-4-kg","url":"https:\/\/acuariosupremus.com\/?product=9-in-1-ornamental-fish-pellet-pelet-basico-bolsa-con-4-kg","name":"9 in 1 ornamental fish pellet (P\u00e9let b\u00e1sico) Bolsa con 4 kg. | Acuario Supremus","isPartOf":{"@id":"https:\/\/acuariosupremus.com\/#website"},"primaryImageOfPage":{"@id":"https:\/\/acuariosupremus.com\/?product=9-in-1-ornamental-fish-pellet-pelet-basico-bolsa-con-4-kg#primaryimage"},"image":{"@id":"https:\/\/acuariosupremus.com\/?product=9-in-1-ornamental-fish-pellet-pelet-basico-bolsa-con-4-kg#primaryimage"},"thumbnailUrl":"https:\/\/acuariosupremus.com\/wp-content\/uploads\/2022\/04\/azoo_9_in_1_ornamental_fish_pellet_07.jpg","datePublished":"2022-04-16T02:03:53+00:00","dateModified":"2025-12-23T21:42:59+00:00","description":"Pellet tipo flotante de tama\u00f1o peque\u00f1o. Contiene la f\u00f3rmula fortalecedora del sistema inmunol\u00f3gico \u00df-Glucano.","breadcrumb":{"@id":"https:\/\/acuariosupremus.com\/?product=9-in-1-ornamental-fish-pellet-pelet-basico-bolsa-con-4-kg#breadcrumb"},"inLanguage":"es","potentialAction":[{"@type":"ReadAction","target":["https:\/\/acuariosupremus.com\/?product=9-in-1-ornamental-fish-pellet-pelet-basico-bolsa-con-4-kg"]}]},{"@type":"ImageObject","inLanguage":"es","@id":"https:\/\/acuariosupremus.com\/?product=9-in-1-ornamental-fish-pellet-pelet-basico-bolsa-con-4-kg#primaryimage","url":"https:\/\/acuariosupremus.com\/wp-content\/uploads\/2022\/04\/azoo_9_in_1_ornamental_fish_pellet_07.jpg","contentUrl":"https:\/\/acuariosupremus.com\/wp-content\/uploads\/2022\/04\/azoo_9_in_1_ornamental_fish_pellet_07.jpg","width":1254,"height":1144},{"@type":"BreadcrumbList","@id":"https:\/\/acuariosupremus.com\/?product=9-in-1-ornamental-fish-pellet-pelet-basico-bolsa-con-4-kg#breadcrumb","itemListElement":[{"@type":"ListItem","position":1,"name":"Portada","item":"https:\/\/acuariosupremus.com\/"},{"@type":"ListItem","position":2,"name":"Tienda","item":"https:\/\/acuariosupremus.com\/tienda\/"},{"@type":"ListItem","position":3,"name":"9 in 1 ornamental fish pellet (P\u00e9let b\u00e1sico) Bolsa con 4 kg."}]},{"@type":"WebSite","@id":"https:\/\/acuariosupremus.com\/#website","url":"https:\/\/acuariosupremus.com\/","name":"Acuario Supremus","description":"Peces, Peceras y Mascotas.","publisher":{"@id":"https:\/\/acuariosupremus.com\/#organization"},"potentialAction":[{"@type":"SearchAction","target":{"@type":"EntryPoint","urlTemplate":"https:\/\/acuariosupremus.com\/?s={search_term_string}"},"query-input":{"@type":"PropertyValueSpecification","valueRequired":true,"valueName":"search_term_string"}}],"inLanguage":"es"},{"@type":"Organization","@id":"https:\/\/acuariosupremus.com\/#organization","name":"Acuario Supremus","url":"https:\/\/acuariosupremus.com\/","logo":{"@type":"ImageObject","inLanguage":"es","@id":"https:\/\/acuariosupremus.com\/#\/schema\/logo\/image\/","url":"https:\/\/acuariosupremus.com\/wp-content\/uploads\/2021\/12\/cropped-logo_acuario_supremus_fn-2.png","contentUrl":"https:\/\/acuariosupremus.com\/wp-content\/uploads\/2021\/12\/cropped-logo_acuario_supremus_fn-2.png","width":1000,"height":318,"caption":"Acuario Supremus"},"image":{"@id":"https:\/\/acuariosupremus.com\/#\/schema\/logo\/image\/"},"sameAs":["https:\/\/www.facebook.com\/AcuarioSupremus","https:\/\/x.com\/AcuarioSupremus","https:\/\/www.instagram.com\/acuariosupremus\/?hl=es"]}]}},"jetpack_sharing_enabled":true,"_links":{"self":[{"href":"https:\/\/acuariosupremus.com\/index.php?rest_route=\/wp\/v2\/product\/6993","targetHints":{"allow":["GET"]}}],"collection":[{"href":"https:\/\/acuariosupremus.com\/index.php?rest_route=\/wp\/v2\/product"}],"about":[{"href":"https:\/\/acuariosupremus.com\/index.php?rest_route=\/wp\/v2\/types\/product"}],"wp:featuredmedia":[{"embeddable":true,"href":"https:\/\/acuariosupremus.com\/index.php?rest_route=\/wp\/v2\/media\/6994"}],"wp:attachment":[{"href":"https:\/\/acuariosupremus.com\/index.php?rest_route=%2Fwp%2Fv2%2Fmedia&parent=6993"}],"wp:term":[{"taxonomy":"product_brand","embeddable":true,"href":"https:\/\/acuariosupremus.com\/index.php?rest_route=%2Fwp%2Fv2%2Fproduct_brand&post=6993"},{"taxonomy":"product_cat","embeddable":true,"href":"https:\/\/acuariosupremus.com\/index.php?rest_route=%2Fwp%2Fv2%2Fproduct_cat&post=6993"},{"taxonomy":"product_tag","embeddable":true,"href":"https:\/\/acuariosupremus.com\/index.php?rest_route=%2Fwp%2Fv2%2Fproduct_tag&post=6993"}],"curies":[{"name":"wp","href":"https:\/\/api.w.org\/{rel}","templated":true}]}}