{"id":7040,"date":"2022-04-17T14:29:01","date_gmt":"2022-04-17T19:29:01","guid":{"rendered":"https:\/\/acuariosupremus.com\/?post_type=product&#038;p=7040"},"modified":"2025-12-23T15:49:52","modified_gmt":"2025-12-23T21:49:52","slug":"azoo-tubifex-tubifex-liofilizado-220-ml-30-g","status":"publish","type":"product","link":"https:\/\/acuariosupremus.com\/?product=azoo-tubifex-tubifex-liofilizado-220-ml-30-g","title":{"rendered":"AZOO Tubifex (Tubifex  liofilizado) 220 ml \/ 30 g."},"content":{"rendered":"<p>Los gusanos tubifex y an\u00e9lidos similares son muy comunes en los sedimentos de los fondos en sistemas acu\u00edferos de curso lento o aguas estancadas. Estos organismos son un alimento habitual muy nutritivo para muchos peces en sus biotopos de origen. Estos tub\u00edcidos poseen unos valores nutricionales muy elevados ricos en nutrientes grasos y prote\u00ednas. Es por ello que representan un complemento alimenticio muy deseable para los peces, ya que mejoran r\u00e1pidamente las condiciones de reproducci\u00f3n, coloraci\u00f3n y crecimiento. Sin embargo, capturar en los r\u00edos y charcas estas y otras presas vivas resulta tedioso a la par que muy riesgoso, ya que los gusanos Tubifex muy a menudo contraen de agentes pat\u00f3genos en las aguas donde habitan, pudiendo contagiar f\u00e1cilmente a nuestros peces de acuario. Otro riesgo a\u00f1adido es la posible contaminaci\u00f3n ambiental de las charcas donde recolectamos estas presas, ya que estas especies son especialmente prol\u00edficas en ambientes contaminados en extremo. AZOO Tubifex Worm es un complemento alimentico diario muy nutritivo y seguro de enfermedades, ya que est\u00e1 cultivado en ambientes controlados libres de agentes pat\u00f3genos siendo adem\u00e1s<br \/>\nINSTRUCCIONES:<br \/>\nEste alimento se puede suministrar 2 \u00f3 3 veces al d\u00eda, pero s\u00f3lo la cantidad que puedan comerse los peces en 2 \u00f3 3 minutos. Aunque la f\u00f3rmula AZOO 9 in 1 disminuye la contaminaci\u00f3n en el acuario, recomendamos retirar el alimento no consumido con una red con el fin de preservar la calidad del agua. Este envase tiene un cintur\u00f3n de garant\u00eda. Una vez abierto, no es necesario conservarlo en el refrigerador, pero s\u00ed necesita permanecer bien tapado en un lugar fresco y seco para conservar sus propiedades nutricionales. Debe evitar colocar el envase en lugares h\u00famedos o calientes como encima de la luminaria o la tapa del acuario. Observe la fecha de caducidad. Si supera esta fecha, las propiedades nutricionales disminuyen considerablemente, por lo que recomendamos descartar el alimento. NO ES APTO PARA CONSUMO HUMANO. S\u00d3LO PARA PECES ORNAMENTALES DE ACUARIO.<\/p>\n<p>P\/V Neto:<strong> 220 ml \/ 30 g.<\/strong><br \/>\nTama\u00f1o mm.<br \/>\n70 x 70 x 102 (l x a x h)<br \/>\nPeso total: 100 (g)<\/p>\n","protected":false},"excerpt":{"rendered":"<p>Los gusanos Tubifex liofilizados resuelven el problema de obtener lombrices y otras presas vivas. Est\u00e1 fabricado mediante la selecci\u00f3n de gusanos tubifex frescos usando tecnolog\u00eda avanzada de liofilizaci\u00f3n, deshidrat\u00e1ndolos al vac\u00edo a temperaturas bajo cero para mantener los valores nutricionales y la frescura. Este proceso es higi\u00e9nico y libre de contaminaci\u00f3n y agentes pat\u00f3genos.<\/p>\n","protected":false},"featured_media":7036,"template":"","meta":[],"product_brand":[118],"product_cat":[40,43],"product_tag":[569],"class_list":{"0":"post-7040","1":"product","2":"type-product","3":"status-publish","4":"has-post-thumbnail","6":"product_brand-azoo","7":"product_cat-peces","8":"product_cat-alimentos","9":"product_tag-alimento-tubifex-liofilizado","11":"first","12":"instock","13":"sale","14":"shipping-taxable","15":"purchasable","16":"product-type-simple"},"yoast_head":"<!-- This site is optimized with the Yoast SEO plugin v27.4 - https:\/\/yoast.com\/product\/yoast-seo-wordpress\/ -->\n<title>AZOO Tubifex (Tubifex liofilizado) 220 ml \/ 30 g. | Acuario Supremus<\/title>\n<meta name=\"description\" content=\"Los gusanos Tubifex liofilizados resuelven el problema de obtener lombrices, alimento higi\u00e9nico y libre de contaminaci\u00f3n y agentes pat\u00f3genos.\" \/>\n<meta name=\"robots\" content=\"index, follow, max-snippet:-1, max-image-preview:large, max-video-preview:-1\" \/>\n<link rel=\"canonical\" href=\"https:\/\/acuariosupremus.com\/?product=azoo-tubifex-tubifex-liofilizado-220-ml-30-g\" \/>\n<meta property=\"og:locale\" content=\"es_MX\" \/>\n<meta property=\"og:type\" content=\"article\" \/>\n<meta property=\"og:title\" content=\"AZOO Tubifex (Tubifex liofilizado) 220 ml \/ 30 g. | Acuario Supremus\" \/>\n<meta property=\"og:description\" content=\"Los gusanos Tubifex liofilizados resuelven el problema de obtener lombrices, alimento higi\u00e9nico y libre de contaminaci\u00f3n y agentes pat\u00f3genos.\" \/>\n<meta property=\"og:url\" content=\"https:\/\/acuariosupremus.com\/?product=azoo-tubifex-tubifex-liofilizado-220-ml-30-g\" \/>\n<meta property=\"og:site_name\" content=\"Acuario Supremus\" \/>\n<meta property=\"article:publisher\" content=\"https:\/\/www.facebook.com\/AcuarioSupremus\" \/>\n<meta property=\"article:modified_time\" content=\"2025-12-23T21:49:52+00:00\" \/>\n<meta property=\"og:image\" content=\"https:\/\/acuariosupremus.com\/wp-content\/uploads\/2022\/04\/azoo_tubifex_worm_01.jpg\" \/>\n\t<meta property=\"og:image:width\" content=\"1250\" \/>\n\t<meta property=\"og:image:height\" content=\"1250\" \/>\n\t<meta property=\"og:image:type\" content=\"image\/jpeg\" \/>\n<meta name=\"twitter:card\" content=\"summary_large_image\" \/>\n<meta name=\"twitter:site\" content=\"@AcuarioSupremus\" \/>\n<meta name=\"twitter:label1\" content=\"Tiempo de lectura\" \/>\n\t<meta name=\"twitter:data1\" content=\"2 minutos\" \/>\n<script type=\"application\/ld+json\" class=\"yoast-schema-graph\">{\"@context\":\"https:\\\/\\\/schema.org\",\"@graph\":[{\"@type\":\"WebPage\",\"@id\":\"https:\\\/\\\/acuariosupremus.com\\\/?product=azoo-tubifex-tubifex-liofilizado-220-ml-30-g\",\"url\":\"https:\\\/\\\/acuariosupremus.com\\\/?product=azoo-tubifex-tubifex-liofilizado-220-ml-30-g\",\"name\":\"AZOO Tubifex (Tubifex liofilizado) 220 ml \\\/ 30 g. | Acuario Supremus\",\"isPartOf\":{\"@id\":\"https:\\\/\\\/acuariosupremus.com\\\/#website\"},\"primaryImageOfPage\":{\"@id\":\"https:\\\/\\\/acuariosupremus.com\\\/?product=azoo-tubifex-tubifex-liofilizado-220-ml-30-g#primaryimage\"},\"image\":{\"@id\":\"https:\\\/\\\/acuariosupremus.com\\\/?product=azoo-tubifex-tubifex-liofilizado-220-ml-30-g#primaryimage\"},\"thumbnailUrl\":\"https:\\\/\\\/acuariosupremus.com\\\/wp-content\\\/uploads\\\/2022\\\/04\\\/azoo_tubifex_worm_01.jpg\",\"datePublished\":\"2022-04-17T19:29:01+00:00\",\"dateModified\":\"2025-12-23T21:49:52+00:00\",\"description\":\"Los gusanos Tubifex liofilizados resuelven el problema de obtener lombrices, alimento higi\u00e9nico y libre de contaminaci\u00f3n y agentes pat\u00f3genos.\",\"breadcrumb\":{\"@id\":\"https:\\\/\\\/acuariosupremus.com\\\/?product=azoo-tubifex-tubifex-liofilizado-220-ml-30-g#breadcrumb\"},\"inLanguage\":\"es\",\"potentialAction\":[{\"@type\":\"ReadAction\",\"target\":[\"https:\\\/\\\/acuariosupremus.com\\\/?product=azoo-tubifex-tubifex-liofilizado-220-ml-30-g\"]}]},{\"@type\":\"ImageObject\",\"inLanguage\":\"es\",\"@id\":\"https:\\\/\\\/acuariosupremus.com\\\/?product=azoo-tubifex-tubifex-liofilizado-220-ml-30-g#primaryimage\",\"url\":\"https:\\\/\\\/acuariosupremus.com\\\/wp-content\\\/uploads\\\/2022\\\/04\\\/azoo_tubifex_worm_01.jpg\",\"contentUrl\":\"https:\\\/\\\/acuariosupremus.com\\\/wp-content\\\/uploads\\\/2022\\\/04\\\/azoo_tubifex_worm_01.jpg\",\"width\":1250,\"height\":1250},{\"@type\":\"BreadcrumbList\",\"@id\":\"https:\\\/\\\/acuariosupremus.com\\\/?product=azoo-tubifex-tubifex-liofilizado-220-ml-30-g#breadcrumb\",\"itemListElement\":[{\"@type\":\"ListItem\",\"position\":1,\"name\":\"Portada\",\"item\":\"https:\\\/\\\/acuariosupremus.com\\\/\"},{\"@type\":\"ListItem\",\"position\":2,\"name\":\"Tienda\",\"item\":\"https:\\\/\\\/acuariosupremus.com\\\/tienda\\\/\"},{\"@type\":\"ListItem\",\"position\":3,\"name\":\"AZOO Tubifex (Tubifex liofilizado) 220 ml \\\/ 30 g.\"}]},{\"@type\":\"WebSite\",\"@id\":\"https:\\\/\\\/acuariosupremus.com\\\/#website\",\"url\":\"https:\\\/\\\/acuariosupremus.com\\\/\",\"name\":\"Acuario Supremus\",\"description\":\"Peces, Peceras y Mascotas.\",\"publisher\":{\"@id\":\"https:\\\/\\\/acuariosupremus.com\\\/#organization\"},\"potentialAction\":[{\"@type\":\"SearchAction\",\"target\":{\"@type\":\"EntryPoint\",\"urlTemplate\":\"https:\\\/\\\/acuariosupremus.com\\\/?s={search_term_string}\"},\"query-input\":{\"@type\":\"PropertyValueSpecification\",\"valueRequired\":true,\"valueName\":\"search_term_string\"}}],\"inLanguage\":\"es\"},{\"@type\":\"Organization\",\"@id\":\"https:\\\/\\\/acuariosupremus.com\\\/#organization\",\"name\":\"Acuario Supremus\",\"url\":\"https:\\\/\\\/acuariosupremus.com\\\/\",\"logo\":{\"@type\":\"ImageObject\",\"inLanguage\":\"es\",\"@id\":\"https:\\\/\\\/acuariosupremus.com\\\/#\\\/schema\\\/logo\\\/image\\\/\",\"url\":\"https:\\\/\\\/acuariosupremus.com\\\/wp-content\\\/uploads\\\/2021\\\/12\\\/cropped-logo_acuario_supremus_fn-2.png\",\"contentUrl\":\"https:\\\/\\\/acuariosupremus.com\\\/wp-content\\\/uploads\\\/2021\\\/12\\\/cropped-logo_acuario_supremus_fn-2.png\",\"width\":1000,\"height\":318,\"caption\":\"Acuario Supremus\"},\"image\":{\"@id\":\"https:\\\/\\\/acuariosupremus.com\\\/#\\\/schema\\\/logo\\\/image\\\/\"},\"sameAs\":[\"https:\\\/\\\/www.facebook.com\\\/AcuarioSupremus\",\"https:\\\/\\\/x.com\\\/AcuarioSupremus\",\"https:\\\/\\\/www.instagram.com\\\/acuariosupremus\\\/?hl=es\"]}]}<\/script>\n<!-- \/ Yoast SEO plugin. -->","yoast_head_json":{"title":"AZOO Tubifex (Tubifex liofilizado) 220 ml \/ 30 g. | Acuario Supremus","description":"Los gusanos Tubifex liofilizados resuelven el problema de obtener lombrices, alimento higi\u00e9nico y libre de contaminaci\u00f3n y agentes pat\u00f3genos.","robots":{"index":"index","follow":"follow","max-snippet":"max-snippet:-1","max-image-preview":"max-image-preview:large","max-video-preview":"max-video-preview:-1"},"canonical":"https:\/\/acuariosupremus.com\/?product=azoo-tubifex-tubifex-liofilizado-220-ml-30-g","og_locale":"es_MX","og_type":"article","og_title":"AZOO Tubifex (Tubifex liofilizado) 220 ml \/ 30 g. | Acuario Supremus","og_description":"Los gusanos Tubifex liofilizados resuelven el problema de obtener lombrices, alimento higi\u00e9nico y libre de contaminaci\u00f3n y agentes pat\u00f3genos.","og_url":"https:\/\/acuariosupremus.com\/?product=azoo-tubifex-tubifex-liofilizado-220-ml-30-g","og_site_name":"Acuario Supremus","article_publisher":"https:\/\/www.facebook.com\/AcuarioSupremus","article_modified_time":"2025-12-23T21:49:52+00:00","og_image":[{"width":1250,"height":1250,"url":"https:\/\/acuariosupremus.com\/wp-content\/uploads\/2022\/04\/azoo_tubifex_worm_01.jpg","type":"image\/jpeg"}],"twitter_card":"summary_large_image","twitter_site":"@AcuarioSupremus","twitter_misc":{"Tiempo de lectura":"2 minutos"},"schema":{"@context":"https:\/\/schema.org","@graph":[{"@type":"WebPage","@id":"https:\/\/acuariosupremus.com\/?product=azoo-tubifex-tubifex-liofilizado-220-ml-30-g","url":"https:\/\/acuariosupremus.com\/?product=azoo-tubifex-tubifex-liofilizado-220-ml-30-g","name":"AZOO Tubifex (Tubifex liofilizado) 220 ml \/ 30 g. | Acuario Supremus","isPartOf":{"@id":"https:\/\/acuariosupremus.com\/#website"},"primaryImageOfPage":{"@id":"https:\/\/acuariosupremus.com\/?product=azoo-tubifex-tubifex-liofilizado-220-ml-30-g#primaryimage"},"image":{"@id":"https:\/\/acuariosupremus.com\/?product=azoo-tubifex-tubifex-liofilizado-220-ml-30-g#primaryimage"},"thumbnailUrl":"https:\/\/acuariosupremus.com\/wp-content\/uploads\/2022\/04\/azoo_tubifex_worm_01.jpg","datePublished":"2022-04-17T19:29:01+00:00","dateModified":"2025-12-23T21:49:52+00:00","description":"Los gusanos Tubifex liofilizados resuelven el problema de obtener lombrices, alimento higi\u00e9nico y libre de contaminaci\u00f3n y agentes pat\u00f3genos.","breadcrumb":{"@id":"https:\/\/acuariosupremus.com\/?product=azoo-tubifex-tubifex-liofilizado-220-ml-30-g#breadcrumb"},"inLanguage":"es","potentialAction":[{"@type":"ReadAction","target":["https:\/\/acuariosupremus.com\/?product=azoo-tubifex-tubifex-liofilizado-220-ml-30-g"]}]},{"@type":"ImageObject","inLanguage":"es","@id":"https:\/\/acuariosupremus.com\/?product=azoo-tubifex-tubifex-liofilizado-220-ml-30-g#primaryimage","url":"https:\/\/acuariosupremus.com\/wp-content\/uploads\/2022\/04\/azoo_tubifex_worm_01.jpg","contentUrl":"https:\/\/acuariosupremus.com\/wp-content\/uploads\/2022\/04\/azoo_tubifex_worm_01.jpg","width":1250,"height":1250},{"@type":"BreadcrumbList","@id":"https:\/\/acuariosupremus.com\/?product=azoo-tubifex-tubifex-liofilizado-220-ml-30-g#breadcrumb","itemListElement":[{"@type":"ListItem","position":1,"name":"Portada","item":"https:\/\/acuariosupremus.com\/"},{"@type":"ListItem","position":2,"name":"Tienda","item":"https:\/\/acuariosupremus.com\/tienda\/"},{"@type":"ListItem","position":3,"name":"AZOO Tubifex (Tubifex liofilizado) 220 ml \/ 30 g."}]},{"@type":"WebSite","@id":"https:\/\/acuariosupremus.com\/#website","url":"https:\/\/acuariosupremus.com\/","name":"Acuario Supremus","description":"Peces, Peceras y Mascotas.","publisher":{"@id":"https:\/\/acuariosupremus.com\/#organization"},"potentialAction":[{"@type":"SearchAction","target":{"@type":"EntryPoint","urlTemplate":"https:\/\/acuariosupremus.com\/?s={search_term_string}"},"query-input":{"@type":"PropertyValueSpecification","valueRequired":true,"valueName":"search_term_string"}}],"inLanguage":"es"},{"@type":"Organization","@id":"https:\/\/acuariosupremus.com\/#organization","name":"Acuario Supremus","url":"https:\/\/acuariosupremus.com\/","logo":{"@type":"ImageObject","inLanguage":"es","@id":"https:\/\/acuariosupremus.com\/#\/schema\/logo\/image\/","url":"https:\/\/acuariosupremus.com\/wp-content\/uploads\/2021\/12\/cropped-logo_acuario_supremus_fn-2.png","contentUrl":"https:\/\/acuariosupremus.com\/wp-content\/uploads\/2021\/12\/cropped-logo_acuario_supremus_fn-2.png","width":1000,"height":318,"caption":"Acuario Supremus"},"image":{"@id":"https:\/\/acuariosupremus.com\/#\/schema\/logo\/image\/"},"sameAs":["https:\/\/www.facebook.com\/AcuarioSupremus","https:\/\/x.com\/AcuarioSupremus","https:\/\/www.instagram.com\/acuariosupremus\/?hl=es"]}]}},"jetpack_sharing_enabled":true,"_links":{"self":[{"href":"https:\/\/acuariosupremus.com\/index.php?rest_route=\/wp\/v2\/product\/7040","targetHints":{"allow":["GET"]}}],"collection":[{"href":"https:\/\/acuariosupremus.com\/index.php?rest_route=\/wp\/v2\/product"}],"about":[{"href":"https:\/\/acuariosupremus.com\/index.php?rest_route=\/wp\/v2\/types\/product"}],"wp:featuredmedia":[{"embeddable":true,"href":"https:\/\/acuariosupremus.com\/index.php?rest_route=\/wp\/v2\/media\/7036"}],"wp:attachment":[{"href":"https:\/\/acuariosupremus.com\/index.php?rest_route=%2Fwp%2Fv2%2Fmedia&parent=7040"}],"wp:term":[{"taxonomy":"product_brand","embeddable":true,"href":"https:\/\/acuariosupremus.com\/index.php?rest_route=%2Fwp%2Fv2%2Fproduct_brand&post=7040"},{"taxonomy":"product_cat","embeddable":true,"href":"https:\/\/acuariosupremus.com\/index.php?rest_route=%2Fwp%2Fv2%2Fproduct_cat&post=7040"},{"taxonomy":"product_tag","embeddable":true,"href":"https:\/\/acuariosupremus.com\/index.php?rest_route=%2Fwp%2Fv2%2Fproduct_tag&post=7040"}],"curies":[{"name":"wp","href":"https:\/\/api.w.org\/{rel}","templated":true}]}}