{"id":7122,"date":"2022-04-19T20:19:25","date_gmt":"2022-04-20T01:19:25","guid":{"rendered":"https:\/\/acuariosupremus.com\/?post_type=product&#038;p=7122"},"modified":"2025-12-23T16:00:19","modified_gmt":"2025-12-23T22:00:19","slug":"betta-cuisine-peces-betta-60-ml-25-g","status":"publish","type":"product","link":"https:\/\/acuariosupremus.com\/?product=betta-cuisine-peces-betta-60-ml-25-g","title":{"rendered":"Betta cuisine (peces Betta) 60 ml \/ 25 g."},"content":{"rendered":"<p>La dieta de los peces Betta es muy peculiar. Comen en superficie y lentamente un alimento muy rico en prote\u00ednas de origen animal con sus diminutas bocas. De hecho, estos peces se alimentan en la naturaleza a base de las nutritivas larvas de mosquito y otros peque\u00f1os insectos que se posan en la superficie del agua. Por este motivo estos peces no pueden comer cualquier tipo de alimento balanceado, si no uno espec\u00edfico para ellos. El tama\u00f1o, flotabilidad y palatabilidad de Betta Pellet se adaptan perfectamente a los h\u00e1bitos alimenticios de los peces Betta y otros laber\u00edntidos de peque\u00f1o tama\u00f1o. AZOO Betta Cuisine Contiene pigmentos naturales que ayudan a fomentar la coloraci\u00f3n t\u00edpica de estos peces.<br \/>\nINSTRUCCIONES:<br \/>\nEste alimento se puede suministrar 2 \u00f3 3 veces al d\u00eda, pero s\u00f3lo la cantidad que puedan comerse los peces en 2 \u00f3 3 minutos. Aunque la f\u00f3rmula AZOO 9 in 1 disminuye la contaminaci\u00f3n en el acuario, recomendamos retirar el alimento no consumido con una red con el fin de preservar la calidad del agua. Este envase tiene un cintur\u00f3n de garant\u00eda. Una vez abierto, no es necesario conservarlo en el refrigerador, pero s\u00ed necesita permanecer bien tapado en un lugar fresco y seco para conservar sus propiedades nutricionales. Debe evitar colocar el envase en lugares h\u00famedos o calientes como encima de la luminaria o la tapa del acuario. Observe la fecha de caducidad. Si supera esta fecha, las propiedades nutricionales disminuyen considerablemente, por lo que recomendamos descartar el alimento. NO ES APTO PARA CONSUMO HUMANO. S\u00d3LO PARA PECES ORNAMENTALES DE ACUARIO.<\/p>\n<p>P\/V Neto: <strong>60 ml \/ 25 g.<\/strong><br \/>\nTama\u00f1o mm.<br \/>\n37 x 37 x 92 (l x a x h)<br \/>\nPeso total: 40 (g)<\/p>\n","protected":false},"excerpt":{"rendered":"<p>Pellets Premium de hundimiento lento para peces Betta. Contiene una f\u00f3rmula balanceada que fomenta el crecimiento y la coloraci\u00f3n mediante carotenos naturales. Est\u00e1 fabricado con la m\u00e1s avanzada y \u00fanica tecnolog\u00eda y contiene la formula fortalecedora del sistema inmunol\u00f3gico.<\/p>\n<p>&nbsp;<\/p>\n","protected":false},"featured_media":7126,"template":"","meta":[],"product_brand":[118],"product_cat":[40,43],"product_tag":[160,150,172],"class_list":{"0":"post-7122","1":"product","2":"type-product","3":"status-publish","4":"has-post-thumbnail","6":"product_brand-azoo","7":"product_cat-peces","8":"product_cat-alimentos","9":"product_tag-alimento-betta","10":"product_tag-alimento-premium","11":"product_tag-bettas","13":"first","14":"instock","15":"sale","16":"shipping-taxable","17":"purchasable","18":"product-type-simple"},"yoast_head":"<!-- This site is optimized with the Yoast SEO plugin v27.4 - https:\/\/yoast.com\/product\/yoast-seo-wordpress\/ -->\n<title>Betta cuisine (peces Betta) 60 ml \/ 25 g. | Acuario Supremus<\/title>\n<meta name=\"description\" content=\"Pellets Premium de hundimiento lento para peces Betta. Contiene una f\u00f3rmula balanceada que fomenta el crecimiento y coloraci\u00f3n mediante carotenos naturales.\" \/>\n<meta name=\"robots\" content=\"index, follow, max-snippet:-1, max-image-preview:large, max-video-preview:-1\" \/>\n<link rel=\"canonical\" href=\"https:\/\/acuariosupremus.com\/?product=betta-cuisine-peces-betta-60-ml-25-g\" \/>\n<meta property=\"og:locale\" content=\"es_MX\" \/>\n<meta property=\"og:type\" content=\"article\" \/>\n<meta property=\"og:title\" content=\"Betta cuisine (peces Betta) 60 ml \/ 25 g. | Acuario Supremus\" \/>\n<meta property=\"og:description\" content=\"Pellets Premium de hundimiento lento para peces Betta. Contiene una f\u00f3rmula balanceada que fomenta el crecimiento y coloraci\u00f3n mediante carotenos naturales.\" \/>\n<meta property=\"og:url\" content=\"https:\/\/acuariosupremus.com\/?product=betta-cuisine-peces-betta-60-ml-25-g\" \/>\n<meta property=\"og:site_name\" content=\"Acuario Supremus\" \/>\n<meta property=\"article:publisher\" content=\"https:\/\/www.facebook.com\/AcuarioSupremus\" \/>\n<meta property=\"article:modified_time\" content=\"2025-12-23T22:00:19+00:00\" \/>\n<meta property=\"og:image\" content=\"https:\/\/acuariosupremus.com\/wp-content\/uploads\/2022\/04\/azoo_betta_cuisine_01.jpg\" \/>\n\t<meta property=\"og:image:width\" content=\"1250\" \/>\n\t<meta property=\"og:image:height\" content=\"1250\" \/>\n\t<meta property=\"og:image:type\" content=\"image\/jpeg\" \/>\n<meta name=\"twitter:card\" content=\"summary_large_image\" \/>\n<meta name=\"twitter:site\" content=\"@AcuarioSupremus\" \/>\n<meta name=\"twitter:label1\" content=\"Tiempo de lectura\" \/>\n\t<meta name=\"twitter:data1\" content=\"2 minutos\" \/>\n<script type=\"application\/ld+json\" class=\"yoast-schema-graph\">{\"@context\":\"https:\\\/\\\/schema.org\",\"@graph\":[{\"@type\":\"WebPage\",\"@id\":\"https:\\\/\\\/acuariosupremus.com\\\/?product=betta-cuisine-peces-betta-60-ml-25-g\",\"url\":\"https:\\\/\\\/acuariosupremus.com\\\/?product=betta-cuisine-peces-betta-60-ml-25-g\",\"name\":\"Betta cuisine (peces Betta) 60 ml \\\/ 25 g. | Acuario Supremus\",\"isPartOf\":{\"@id\":\"https:\\\/\\\/acuariosupremus.com\\\/#website\"},\"primaryImageOfPage\":{\"@id\":\"https:\\\/\\\/acuariosupremus.com\\\/?product=betta-cuisine-peces-betta-60-ml-25-g#primaryimage\"},\"image\":{\"@id\":\"https:\\\/\\\/acuariosupremus.com\\\/?product=betta-cuisine-peces-betta-60-ml-25-g#primaryimage\"},\"thumbnailUrl\":\"https:\\\/\\\/acuariosupremus.com\\\/wp-content\\\/uploads\\\/2022\\\/04\\\/azoo_betta_cuisine_01.jpg\",\"datePublished\":\"2022-04-20T01:19:25+00:00\",\"dateModified\":\"2025-12-23T22:00:19+00:00\",\"description\":\"Pellets Premium de hundimiento lento para peces Betta. Contiene una f\u00f3rmula balanceada que fomenta el crecimiento y coloraci\u00f3n mediante carotenos naturales.\",\"breadcrumb\":{\"@id\":\"https:\\\/\\\/acuariosupremus.com\\\/?product=betta-cuisine-peces-betta-60-ml-25-g#breadcrumb\"},\"inLanguage\":\"es\",\"potentialAction\":[{\"@type\":\"ReadAction\",\"target\":[\"https:\\\/\\\/acuariosupremus.com\\\/?product=betta-cuisine-peces-betta-60-ml-25-g\"]}]},{\"@type\":\"ImageObject\",\"inLanguage\":\"es\",\"@id\":\"https:\\\/\\\/acuariosupremus.com\\\/?product=betta-cuisine-peces-betta-60-ml-25-g#primaryimage\",\"url\":\"https:\\\/\\\/acuariosupremus.com\\\/wp-content\\\/uploads\\\/2022\\\/04\\\/azoo_betta_cuisine_01.jpg\",\"contentUrl\":\"https:\\\/\\\/acuariosupremus.com\\\/wp-content\\\/uploads\\\/2022\\\/04\\\/azoo_betta_cuisine_01.jpg\",\"width\":1250,\"height\":1250},{\"@type\":\"BreadcrumbList\",\"@id\":\"https:\\\/\\\/acuariosupremus.com\\\/?product=betta-cuisine-peces-betta-60-ml-25-g#breadcrumb\",\"itemListElement\":[{\"@type\":\"ListItem\",\"position\":1,\"name\":\"Portada\",\"item\":\"https:\\\/\\\/acuariosupremus.com\\\/\"},{\"@type\":\"ListItem\",\"position\":2,\"name\":\"Tienda\",\"item\":\"https:\\\/\\\/acuariosupremus.com\\\/tienda\\\/\"},{\"@type\":\"ListItem\",\"position\":3,\"name\":\"Betta cuisine (peces Betta) 60 ml \\\/ 25 g.\"}]},{\"@type\":\"WebSite\",\"@id\":\"https:\\\/\\\/acuariosupremus.com\\\/#website\",\"url\":\"https:\\\/\\\/acuariosupremus.com\\\/\",\"name\":\"Acuario Supremus\",\"description\":\"Peces, Peceras y Mascotas.\",\"publisher\":{\"@id\":\"https:\\\/\\\/acuariosupremus.com\\\/#organization\"},\"potentialAction\":[{\"@type\":\"SearchAction\",\"target\":{\"@type\":\"EntryPoint\",\"urlTemplate\":\"https:\\\/\\\/acuariosupremus.com\\\/?s={search_term_string}\"},\"query-input\":{\"@type\":\"PropertyValueSpecification\",\"valueRequired\":true,\"valueName\":\"search_term_string\"}}],\"inLanguage\":\"es\"},{\"@type\":\"Organization\",\"@id\":\"https:\\\/\\\/acuariosupremus.com\\\/#organization\",\"name\":\"Acuario Supremus\",\"url\":\"https:\\\/\\\/acuariosupremus.com\\\/\",\"logo\":{\"@type\":\"ImageObject\",\"inLanguage\":\"es\",\"@id\":\"https:\\\/\\\/acuariosupremus.com\\\/#\\\/schema\\\/logo\\\/image\\\/\",\"url\":\"https:\\\/\\\/acuariosupremus.com\\\/wp-content\\\/uploads\\\/2021\\\/12\\\/cropped-logo_acuario_supremus_fn-2.png\",\"contentUrl\":\"https:\\\/\\\/acuariosupremus.com\\\/wp-content\\\/uploads\\\/2021\\\/12\\\/cropped-logo_acuario_supremus_fn-2.png\",\"width\":1000,\"height\":318,\"caption\":\"Acuario Supremus\"},\"image\":{\"@id\":\"https:\\\/\\\/acuariosupremus.com\\\/#\\\/schema\\\/logo\\\/image\\\/\"},\"sameAs\":[\"https:\\\/\\\/www.facebook.com\\\/AcuarioSupremus\",\"https:\\\/\\\/x.com\\\/AcuarioSupremus\",\"https:\\\/\\\/www.instagram.com\\\/acuariosupremus\\\/?hl=es\"]}]}<\/script>\n<!-- \/ Yoast SEO plugin. -->","yoast_head_json":{"title":"Betta cuisine (peces Betta) 60 ml \/ 25 g. | Acuario Supremus","description":"Pellets Premium de hundimiento lento para peces Betta. Contiene una f\u00f3rmula balanceada que fomenta el crecimiento y coloraci\u00f3n mediante carotenos naturales.","robots":{"index":"index","follow":"follow","max-snippet":"max-snippet:-1","max-image-preview":"max-image-preview:large","max-video-preview":"max-video-preview:-1"},"canonical":"https:\/\/acuariosupremus.com\/?product=betta-cuisine-peces-betta-60-ml-25-g","og_locale":"es_MX","og_type":"article","og_title":"Betta cuisine (peces Betta) 60 ml \/ 25 g. | Acuario Supremus","og_description":"Pellets Premium de hundimiento lento para peces Betta. Contiene una f\u00f3rmula balanceada que fomenta el crecimiento y coloraci\u00f3n mediante carotenos naturales.","og_url":"https:\/\/acuariosupremus.com\/?product=betta-cuisine-peces-betta-60-ml-25-g","og_site_name":"Acuario Supremus","article_publisher":"https:\/\/www.facebook.com\/AcuarioSupremus","article_modified_time":"2025-12-23T22:00:19+00:00","og_image":[{"width":1250,"height":1250,"url":"https:\/\/acuariosupremus.com\/wp-content\/uploads\/2022\/04\/azoo_betta_cuisine_01.jpg","type":"image\/jpeg"}],"twitter_card":"summary_large_image","twitter_site":"@AcuarioSupremus","twitter_misc":{"Tiempo de lectura":"2 minutos"},"schema":{"@context":"https:\/\/schema.org","@graph":[{"@type":"WebPage","@id":"https:\/\/acuariosupremus.com\/?product=betta-cuisine-peces-betta-60-ml-25-g","url":"https:\/\/acuariosupremus.com\/?product=betta-cuisine-peces-betta-60-ml-25-g","name":"Betta cuisine (peces Betta) 60 ml \/ 25 g. | Acuario Supremus","isPartOf":{"@id":"https:\/\/acuariosupremus.com\/#website"},"primaryImageOfPage":{"@id":"https:\/\/acuariosupremus.com\/?product=betta-cuisine-peces-betta-60-ml-25-g#primaryimage"},"image":{"@id":"https:\/\/acuariosupremus.com\/?product=betta-cuisine-peces-betta-60-ml-25-g#primaryimage"},"thumbnailUrl":"https:\/\/acuariosupremus.com\/wp-content\/uploads\/2022\/04\/azoo_betta_cuisine_01.jpg","datePublished":"2022-04-20T01:19:25+00:00","dateModified":"2025-12-23T22:00:19+00:00","description":"Pellets Premium de hundimiento lento para peces Betta. Contiene una f\u00f3rmula balanceada que fomenta el crecimiento y coloraci\u00f3n mediante carotenos naturales.","breadcrumb":{"@id":"https:\/\/acuariosupremus.com\/?product=betta-cuisine-peces-betta-60-ml-25-g#breadcrumb"},"inLanguage":"es","potentialAction":[{"@type":"ReadAction","target":["https:\/\/acuariosupremus.com\/?product=betta-cuisine-peces-betta-60-ml-25-g"]}]},{"@type":"ImageObject","inLanguage":"es","@id":"https:\/\/acuariosupremus.com\/?product=betta-cuisine-peces-betta-60-ml-25-g#primaryimage","url":"https:\/\/acuariosupremus.com\/wp-content\/uploads\/2022\/04\/azoo_betta_cuisine_01.jpg","contentUrl":"https:\/\/acuariosupremus.com\/wp-content\/uploads\/2022\/04\/azoo_betta_cuisine_01.jpg","width":1250,"height":1250},{"@type":"BreadcrumbList","@id":"https:\/\/acuariosupremus.com\/?product=betta-cuisine-peces-betta-60-ml-25-g#breadcrumb","itemListElement":[{"@type":"ListItem","position":1,"name":"Portada","item":"https:\/\/acuariosupremus.com\/"},{"@type":"ListItem","position":2,"name":"Tienda","item":"https:\/\/acuariosupremus.com\/tienda\/"},{"@type":"ListItem","position":3,"name":"Betta cuisine (peces Betta) 60 ml \/ 25 g."}]},{"@type":"WebSite","@id":"https:\/\/acuariosupremus.com\/#website","url":"https:\/\/acuariosupremus.com\/","name":"Acuario Supremus","description":"Peces, Peceras y Mascotas.","publisher":{"@id":"https:\/\/acuariosupremus.com\/#organization"},"potentialAction":[{"@type":"SearchAction","target":{"@type":"EntryPoint","urlTemplate":"https:\/\/acuariosupremus.com\/?s={search_term_string}"},"query-input":{"@type":"PropertyValueSpecification","valueRequired":true,"valueName":"search_term_string"}}],"inLanguage":"es"},{"@type":"Organization","@id":"https:\/\/acuariosupremus.com\/#organization","name":"Acuario Supremus","url":"https:\/\/acuariosupremus.com\/","logo":{"@type":"ImageObject","inLanguage":"es","@id":"https:\/\/acuariosupremus.com\/#\/schema\/logo\/image\/","url":"https:\/\/acuariosupremus.com\/wp-content\/uploads\/2021\/12\/cropped-logo_acuario_supremus_fn-2.png","contentUrl":"https:\/\/acuariosupremus.com\/wp-content\/uploads\/2021\/12\/cropped-logo_acuario_supremus_fn-2.png","width":1000,"height":318,"caption":"Acuario Supremus"},"image":{"@id":"https:\/\/acuariosupremus.com\/#\/schema\/logo\/image\/"},"sameAs":["https:\/\/www.facebook.com\/AcuarioSupremus","https:\/\/x.com\/AcuarioSupremus","https:\/\/www.instagram.com\/acuariosupremus\/?hl=es"]}]}},"jetpack_sharing_enabled":true,"_links":{"self":[{"href":"https:\/\/acuariosupremus.com\/index.php?rest_route=\/wp\/v2\/product\/7122","targetHints":{"allow":["GET"]}}],"collection":[{"href":"https:\/\/acuariosupremus.com\/index.php?rest_route=\/wp\/v2\/product"}],"about":[{"href":"https:\/\/acuariosupremus.com\/index.php?rest_route=\/wp\/v2\/types\/product"}],"wp:featuredmedia":[{"embeddable":true,"href":"https:\/\/acuariosupremus.com\/index.php?rest_route=\/wp\/v2\/media\/7126"}],"wp:attachment":[{"href":"https:\/\/acuariosupremus.com\/index.php?rest_route=%2Fwp%2Fv2%2Fmedia&parent=7122"}],"wp:term":[{"taxonomy":"product_brand","embeddable":true,"href":"https:\/\/acuariosupremus.com\/index.php?rest_route=%2Fwp%2Fv2%2Fproduct_brand&post=7122"},{"taxonomy":"product_cat","embeddable":true,"href":"https:\/\/acuariosupremus.com\/index.php?rest_route=%2Fwp%2Fv2%2Fproduct_cat&post=7122"},{"taxonomy":"product_tag","embeddable":true,"href":"https:\/\/acuariosupremus.com\/index.php?rest_route=%2Fwp%2Fv2%2Fproduct_tag&post=7122"}],"curies":[{"name":"wp","href":"https:\/\/api.w.org\/{rel}","templated":true}]}}