{"id":7204,"date":"2022-04-20T16:51:55","date_gmt":"2022-04-20T21:51:55","guid":{"rendered":"https:\/\/acuariosupremus.com\/?post_type=product&#038;p=7204"},"modified":"2025-12-23T16:24:41","modified_gmt":"2025-12-23T22:24:41","slug":"azoo-skimmini-desnatador-acuarios-plantados-10-a-250-litros","status":"publish","type":"product","link":"https:\/\/acuariosupremus.com\/?product=azoo-skimmini-desnatador-acuarios-plantados-10-a-250-litros","title":{"rendered":"Azoo Skim,(mini desnatador acuarios plantados  10 a 250 litros)."},"content":{"rendered":"<p>La salida de agua filtrada de la bomba posee un difusor de flujo que fomenta la circulaci\u00f3n del agua en el acuario sin provocar p\u00e9rdidas de gas CO2 en la superficie del agua. El efecto combinado de eliminar la capa de \u201cSlim\u201d de la superficie y aumentar la circulaci\u00f3n sin romper la superficie del agua, crea un entorno muy saludable y conveniente para las plantas acu\u00e1ticas.<br \/>\nCaracter\u00edsticas:<br \/>\nColadera flotante mediante una boya para ajustar de forma autom\u00e1tica un nivel de aspiraci\u00f3n constante, adapt\u00e1ndose a los cambios de desnivel que produce la evaporaci\u00f3n del agua de su acuario de hasta 5 cm.<br \/>\nColadera de seguridad especial y esponja filtrante para evitar la aspiraci\u00f3n accidental de peque\u00f1os peces, camarones, moluscos y otros invertebrados.<br \/>\nCaudal regulable para ajustarlo adecuadamente al tama\u00f1o de cada acuario.<br \/>\nC\u00e1mara de filtraci\u00f3n transparente para verificar el estado de la esponja filtrante sin tener que desmontar el desnatador.<br \/>\nDispositivo muy f\u00e1cil y r\u00e1pido de instalar y de mantener.<br \/>\nEn nano acuarios plantados sirve como sistema principal de filtraci\u00f3n.<\/p>\n<p>P\/V Neto: 175 g<strong>.<\/strong><br \/>\nTama\u00f1o mm.<br \/>\n92 x 62 x 230 (l x a x h)<br \/>\nPeso total: 245 (g) Con embalaje<\/p>\n","protected":false},"excerpt":{"rendered":"<p>AZOO Skim 250 es un desnatador de superficie para acuarios plantados y de arrecife desde 10 hasta 250 litros asistido por una bomba de solo 4.5 w. Es adecuado como accesorio de filtraci\u00f3n en nano acuarios plantados. La superficie del agua acumula de forma inevitable polvo, impurezas y materia org\u00e1nica de origen lip\u00eddico que impide un correcto intercambio gaseoso en la superficie del agua. En comparaci\u00f3n a los tradicionales filtros de mochila, el espumador de superficie AZOO Skim 250 puede retirar y disolver con eficacia esta pel\u00edcula superficial (\u201cSlim\u201d) que se forma en el agua.<\/p>\n<p>&nbsp;<\/p>\n","protected":false},"featured_media":7208,"template":"","meta":[],"product_brand":[118],"product_cat":[40,49],"product_tag":[188],"class_list":{"0":"post-7204","1":"product","2":"type-product","3":"status-publish","4":"has-post-thumbnail","6":"product_brand-azoo","7":"product_cat-peces","8":"product_cat-espumadores-y-desnatadores","9":"product_tag-desnatador","11":"first","12":"instock","13":"sale","14":"shipping-taxable","15":"purchasable","16":"product-type-simple"},"yoast_head":"<!-- This site is optimized with the Yoast SEO plugin v27.4 - https:\/\/yoast.com\/product\/yoast-seo-wordpress\/ -->\n<title>Azoo Skim,(mini desnatador acuarios plantados 10 a 250 litros). | Acuario Supremus<\/title>\n<meta name=\"description\" content=\"AZOO Skim 250 es un desnatador de superficie para acuarios plantados y de arrecife desde 10 hasta 250 litros asistido por una bomba de solo 4.5 w.\" \/>\n<meta name=\"robots\" content=\"index, follow, max-snippet:-1, max-image-preview:large, max-video-preview:-1\" \/>\n<link rel=\"canonical\" href=\"https:\/\/acuariosupremus.com\/?product=azoo-skimmini-desnatador-acuarios-plantados-10-a-250-litros\" \/>\n<meta property=\"og:locale\" content=\"es_MX\" \/>\n<meta property=\"og:type\" content=\"article\" \/>\n<meta property=\"og:title\" content=\"Azoo Skim,(mini desnatador acuarios plantados 10 a 250 litros). | Acuario Supremus\" \/>\n<meta property=\"og:description\" content=\"AZOO Skim 250 es un desnatador de superficie para acuarios plantados y de arrecife desde 10 hasta 250 litros asistido por una bomba de solo 4.5 w.\" \/>\n<meta property=\"og:url\" content=\"https:\/\/acuariosupremus.com\/?product=azoo-skimmini-desnatador-acuarios-plantados-10-a-250-litros\" \/>\n<meta property=\"og:site_name\" content=\"Acuario Supremus\" \/>\n<meta property=\"article:publisher\" content=\"https:\/\/www.facebook.com\/AcuarioSupremus\" \/>\n<meta property=\"article:modified_time\" content=\"2025-12-23T22:24:41+00:00\" \/>\n<meta property=\"og:image\" content=\"https:\/\/acuariosupremus.com\/wp-content\/uploads\/2022\/04\/azoo_skim_250_04.jpg\" \/>\n\t<meta property=\"og:image:width\" content=\"1500\" \/>\n\t<meta property=\"og:image:height\" content=\"1500\" \/>\n\t<meta property=\"og:image:type\" content=\"image\/jpeg\" \/>\n<meta name=\"twitter:card\" content=\"summary_large_image\" \/>\n<meta name=\"twitter:site\" content=\"@AcuarioSupremus\" \/>\n<meta name=\"twitter:label1\" content=\"Tiempo de lectura\" \/>\n\t<meta name=\"twitter:data1\" content=\"1 minuto\" \/>\n<script type=\"application\/ld+json\" class=\"yoast-schema-graph\">{\"@context\":\"https:\\\/\\\/schema.org\",\"@graph\":[{\"@type\":\"WebPage\",\"@id\":\"https:\\\/\\\/acuariosupremus.com\\\/?product=azoo-skimmini-desnatador-acuarios-plantados-10-a-250-litros\",\"url\":\"https:\\\/\\\/acuariosupremus.com\\\/?product=azoo-skimmini-desnatador-acuarios-plantados-10-a-250-litros\",\"name\":\"Azoo Skim,(mini desnatador acuarios plantados 10 a 250 litros). | Acuario Supremus\",\"isPartOf\":{\"@id\":\"https:\\\/\\\/acuariosupremus.com\\\/#website\"},\"primaryImageOfPage\":{\"@id\":\"https:\\\/\\\/acuariosupremus.com\\\/?product=azoo-skimmini-desnatador-acuarios-plantados-10-a-250-litros#primaryimage\"},\"image\":{\"@id\":\"https:\\\/\\\/acuariosupremus.com\\\/?product=azoo-skimmini-desnatador-acuarios-plantados-10-a-250-litros#primaryimage\"},\"thumbnailUrl\":\"https:\\\/\\\/acuariosupremus.com\\\/wp-content\\\/uploads\\\/2022\\\/04\\\/azoo_skim_250_04.jpg\",\"datePublished\":\"2022-04-20T21:51:55+00:00\",\"dateModified\":\"2025-12-23T22:24:41+00:00\",\"description\":\"AZOO Skim 250 es un desnatador de superficie para acuarios plantados y de arrecife desde 10 hasta 250 litros asistido por una bomba de solo 4.5 w.\",\"breadcrumb\":{\"@id\":\"https:\\\/\\\/acuariosupremus.com\\\/?product=azoo-skimmini-desnatador-acuarios-plantados-10-a-250-litros#breadcrumb\"},\"inLanguage\":\"es\",\"potentialAction\":[{\"@type\":\"ReadAction\",\"target\":[\"https:\\\/\\\/acuariosupremus.com\\\/?product=azoo-skimmini-desnatador-acuarios-plantados-10-a-250-litros\"]}]},{\"@type\":\"ImageObject\",\"inLanguage\":\"es\",\"@id\":\"https:\\\/\\\/acuariosupremus.com\\\/?product=azoo-skimmini-desnatador-acuarios-plantados-10-a-250-litros#primaryimage\",\"url\":\"https:\\\/\\\/acuariosupremus.com\\\/wp-content\\\/uploads\\\/2022\\\/04\\\/azoo_skim_250_04.jpg\",\"contentUrl\":\"https:\\\/\\\/acuariosupremus.com\\\/wp-content\\\/uploads\\\/2022\\\/04\\\/azoo_skim_250_04.jpg\",\"width\":1500,\"height\":1500},{\"@type\":\"BreadcrumbList\",\"@id\":\"https:\\\/\\\/acuariosupremus.com\\\/?product=azoo-skimmini-desnatador-acuarios-plantados-10-a-250-litros#breadcrumb\",\"itemListElement\":[{\"@type\":\"ListItem\",\"position\":1,\"name\":\"Portada\",\"item\":\"https:\\\/\\\/acuariosupremus.com\\\/\"},{\"@type\":\"ListItem\",\"position\":2,\"name\":\"Tienda\",\"item\":\"https:\\\/\\\/acuariosupremus.com\\\/tienda\\\/\"},{\"@type\":\"ListItem\",\"position\":3,\"name\":\"Azoo Skim,(mini desnatador acuarios plantados 10 a 250 litros).\"}]},{\"@type\":\"WebSite\",\"@id\":\"https:\\\/\\\/acuariosupremus.com\\\/#website\",\"url\":\"https:\\\/\\\/acuariosupremus.com\\\/\",\"name\":\"Acuario Supremus\",\"description\":\"Peces, Peceras y Mascotas.\",\"publisher\":{\"@id\":\"https:\\\/\\\/acuariosupremus.com\\\/#organization\"},\"potentialAction\":[{\"@type\":\"SearchAction\",\"target\":{\"@type\":\"EntryPoint\",\"urlTemplate\":\"https:\\\/\\\/acuariosupremus.com\\\/?s={search_term_string}\"},\"query-input\":{\"@type\":\"PropertyValueSpecification\",\"valueRequired\":true,\"valueName\":\"search_term_string\"}}],\"inLanguage\":\"es\"},{\"@type\":\"Organization\",\"@id\":\"https:\\\/\\\/acuariosupremus.com\\\/#organization\",\"name\":\"Acuario Supremus\",\"url\":\"https:\\\/\\\/acuariosupremus.com\\\/\",\"logo\":{\"@type\":\"ImageObject\",\"inLanguage\":\"es\",\"@id\":\"https:\\\/\\\/acuariosupremus.com\\\/#\\\/schema\\\/logo\\\/image\\\/\",\"url\":\"https:\\\/\\\/acuariosupremus.com\\\/wp-content\\\/uploads\\\/2021\\\/12\\\/cropped-logo_acuario_supremus_fn-2.png\",\"contentUrl\":\"https:\\\/\\\/acuariosupremus.com\\\/wp-content\\\/uploads\\\/2021\\\/12\\\/cropped-logo_acuario_supremus_fn-2.png\",\"width\":1000,\"height\":318,\"caption\":\"Acuario Supremus\"},\"image\":{\"@id\":\"https:\\\/\\\/acuariosupremus.com\\\/#\\\/schema\\\/logo\\\/image\\\/\"},\"sameAs\":[\"https:\\\/\\\/www.facebook.com\\\/AcuarioSupremus\",\"https:\\\/\\\/x.com\\\/AcuarioSupremus\",\"https:\\\/\\\/www.instagram.com\\\/acuariosupremus\\\/?hl=es\"]}]}<\/script>\n<!-- \/ Yoast SEO plugin. -->","yoast_head_json":{"title":"Azoo Skim,(mini desnatador acuarios plantados 10 a 250 litros). | Acuario Supremus","description":"AZOO Skim 250 es un desnatador de superficie para acuarios plantados y de arrecife desde 10 hasta 250 litros asistido por una bomba de solo 4.5 w.","robots":{"index":"index","follow":"follow","max-snippet":"max-snippet:-1","max-image-preview":"max-image-preview:large","max-video-preview":"max-video-preview:-1"},"canonical":"https:\/\/acuariosupremus.com\/?product=azoo-skimmini-desnatador-acuarios-plantados-10-a-250-litros","og_locale":"es_MX","og_type":"article","og_title":"Azoo Skim,(mini desnatador acuarios plantados 10 a 250 litros). | Acuario Supremus","og_description":"AZOO Skim 250 es un desnatador de superficie para acuarios plantados y de arrecife desde 10 hasta 250 litros asistido por una bomba de solo 4.5 w.","og_url":"https:\/\/acuariosupremus.com\/?product=azoo-skimmini-desnatador-acuarios-plantados-10-a-250-litros","og_site_name":"Acuario Supremus","article_publisher":"https:\/\/www.facebook.com\/AcuarioSupremus","article_modified_time":"2025-12-23T22:24:41+00:00","og_image":[{"width":1500,"height":1500,"url":"https:\/\/acuariosupremus.com\/wp-content\/uploads\/2022\/04\/azoo_skim_250_04.jpg","type":"image\/jpeg"}],"twitter_card":"summary_large_image","twitter_site":"@AcuarioSupremus","twitter_misc":{"Tiempo de lectura":"1 minuto"},"schema":{"@context":"https:\/\/schema.org","@graph":[{"@type":"WebPage","@id":"https:\/\/acuariosupremus.com\/?product=azoo-skimmini-desnatador-acuarios-plantados-10-a-250-litros","url":"https:\/\/acuariosupremus.com\/?product=azoo-skimmini-desnatador-acuarios-plantados-10-a-250-litros","name":"Azoo Skim,(mini desnatador acuarios plantados 10 a 250 litros). | Acuario Supremus","isPartOf":{"@id":"https:\/\/acuariosupremus.com\/#website"},"primaryImageOfPage":{"@id":"https:\/\/acuariosupremus.com\/?product=azoo-skimmini-desnatador-acuarios-plantados-10-a-250-litros#primaryimage"},"image":{"@id":"https:\/\/acuariosupremus.com\/?product=azoo-skimmini-desnatador-acuarios-plantados-10-a-250-litros#primaryimage"},"thumbnailUrl":"https:\/\/acuariosupremus.com\/wp-content\/uploads\/2022\/04\/azoo_skim_250_04.jpg","datePublished":"2022-04-20T21:51:55+00:00","dateModified":"2025-12-23T22:24:41+00:00","description":"AZOO Skim 250 es un desnatador de superficie para acuarios plantados y de arrecife desde 10 hasta 250 litros asistido por una bomba de solo 4.5 w.","breadcrumb":{"@id":"https:\/\/acuariosupremus.com\/?product=azoo-skimmini-desnatador-acuarios-plantados-10-a-250-litros#breadcrumb"},"inLanguage":"es","potentialAction":[{"@type":"ReadAction","target":["https:\/\/acuariosupremus.com\/?product=azoo-skimmini-desnatador-acuarios-plantados-10-a-250-litros"]}]},{"@type":"ImageObject","inLanguage":"es","@id":"https:\/\/acuariosupremus.com\/?product=azoo-skimmini-desnatador-acuarios-plantados-10-a-250-litros#primaryimage","url":"https:\/\/acuariosupremus.com\/wp-content\/uploads\/2022\/04\/azoo_skim_250_04.jpg","contentUrl":"https:\/\/acuariosupremus.com\/wp-content\/uploads\/2022\/04\/azoo_skim_250_04.jpg","width":1500,"height":1500},{"@type":"BreadcrumbList","@id":"https:\/\/acuariosupremus.com\/?product=azoo-skimmini-desnatador-acuarios-plantados-10-a-250-litros#breadcrumb","itemListElement":[{"@type":"ListItem","position":1,"name":"Portada","item":"https:\/\/acuariosupremus.com\/"},{"@type":"ListItem","position":2,"name":"Tienda","item":"https:\/\/acuariosupremus.com\/tienda\/"},{"@type":"ListItem","position":3,"name":"Azoo Skim,(mini desnatador acuarios plantados 10 a 250 litros)."}]},{"@type":"WebSite","@id":"https:\/\/acuariosupremus.com\/#website","url":"https:\/\/acuariosupremus.com\/","name":"Acuario Supremus","description":"Peces, Peceras y Mascotas.","publisher":{"@id":"https:\/\/acuariosupremus.com\/#organization"},"potentialAction":[{"@type":"SearchAction","target":{"@type":"EntryPoint","urlTemplate":"https:\/\/acuariosupremus.com\/?s={search_term_string}"},"query-input":{"@type":"PropertyValueSpecification","valueRequired":true,"valueName":"search_term_string"}}],"inLanguage":"es"},{"@type":"Organization","@id":"https:\/\/acuariosupremus.com\/#organization","name":"Acuario Supremus","url":"https:\/\/acuariosupremus.com\/","logo":{"@type":"ImageObject","inLanguage":"es","@id":"https:\/\/acuariosupremus.com\/#\/schema\/logo\/image\/","url":"https:\/\/acuariosupremus.com\/wp-content\/uploads\/2021\/12\/cropped-logo_acuario_supremus_fn-2.png","contentUrl":"https:\/\/acuariosupremus.com\/wp-content\/uploads\/2021\/12\/cropped-logo_acuario_supremus_fn-2.png","width":1000,"height":318,"caption":"Acuario Supremus"},"image":{"@id":"https:\/\/acuariosupremus.com\/#\/schema\/logo\/image\/"},"sameAs":["https:\/\/www.facebook.com\/AcuarioSupremus","https:\/\/x.com\/AcuarioSupremus","https:\/\/www.instagram.com\/acuariosupremus\/?hl=es"]}]}},"jetpack_sharing_enabled":true,"_links":{"self":[{"href":"https:\/\/acuariosupremus.com\/index.php?rest_route=\/wp\/v2\/product\/7204","targetHints":{"allow":["GET"]}}],"collection":[{"href":"https:\/\/acuariosupremus.com\/index.php?rest_route=\/wp\/v2\/product"}],"about":[{"href":"https:\/\/acuariosupremus.com\/index.php?rest_route=\/wp\/v2\/types\/product"}],"wp:featuredmedia":[{"embeddable":true,"href":"https:\/\/acuariosupremus.com\/index.php?rest_route=\/wp\/v2\/media\/7208"}],"wp:attachment":[{"href":"https:\/\/acuariosupremus.com\/index.php?rest_route=%2Fwp%2Fv2%2Fmedia&parent=7204"}],"wp:term":[{"taxonomy":"product_brand","embeddable":true,"href":"https:\/\/acuariosupremus.com\/index.php?rest_route=%2Fwp%2Fv2%2Fproduct_brand&post=7204"},{"taxonomy":"product_cat","embeddable":true,"href":"https:\/\/acuariosupremus.com\/index.php?rest_route=%2Fwp%2Fv2%2Fproduct_cat&post=7204"},{"taxonomy":"product_tag","embeddable":true,"href":"https:\/\/acuariosupremus.com\/index.php?rest_route=%2Fwp%2Fv2%2Fproduct_tag&post=7204"}],"curies":[{"name":"wp","href":"https:\/\/api.w.org\/{rel}","templated":true}]}}