{"id":7232,"date":"2022-04-21T14:49:53","date_gmt":"2022-04-21T19:49:53","guid":{"rendered":"https:\/\/acuariosupremus.com\/?post_type=product&#038;p=7232"},"modified":"2025-12-23T16:24:55","modified_gmt":"2025-12-23T22:24:55","slug":"dual-carbon-sponge-esponja-filtrante-carbon-activado","status":"publish","type":"product","link":"https:\/\/acuariosupremus.com\/?product=dual-carbon-sponge-esponja-filtrante-carbon-activado","title":{"rendered":"Dual carbon \/ sponge (esponja filtrante + carb\u00f3n activado)"},"content":{"rendered":"<p>\u2022 Coloque este material en el filtro de forma que el agua pueda fluir de forma homog\u00e9nea. Para ello, puede cortarlo con unas tijeras para adoptar la forma del filtro.<br \/>\n\u2022 Enjuague brevemente este producto antes de usarlo.<br \/>\n\u2022 Sustituya AZOO Dual Active Carbon Sponge cuando pierda sus propiedades. Su vida \u00fatil var\u00eda de 3 a 12 meses. (el efecto del carb\u00f3n activado puede durar hasta un mes)<br \/>\n\u2022 Este material es apto para ser usado en todo tipo de filtros, cumpliendo la etapa de filtraci\u00f3n mec\u00e1nica y qu\u00edmica necesarias. (Filtros de canasta, filtros seco-h\u00famedos, de mochila, por percolaci\u00f3n, sumideros, pre-filtros para rebosaderos, reactores, etc).<br \/>\nOBSERVACIONES:<br \/>\nEste material tiene una vida \u00fatil de aproximadamente 12 meses, aunque es normal cambiarlo con una mayor frecuencia en acuarios que generan mucha suciedad. Puede lavar AZOO Dual Active Carbon Sponge varias veces con agua limpia, pero tenga en cuenta que en cada ocasi\u00f3n su rendimiento disminuir\u00e1 paulatinamente, y que el efecto del carb\u00f3n activado dura un mes como m\u00e1ximo. Si pierde su textura esponjosa considere sustituirlo por otro nuevo. Para lograr un rendimiento \u00f3ptimo combine este material con otros medios filtrantes como AZOO Bio Glass o AZOO Active Filter. El agua en el filtro deber\u00e1 pasar primero por AZOO Dual Active Carbon Sponge, y despu\u00e9s por los dem\u00e1s materiales.<\/p>\n<p>P\/V Neto: 40 g<strong>.<\/strong><br \/>\nTama\u00f1o mm.<br \/>\n130 x 290 x 65 (l x a x h)<br \/>\nPeso total: 40 (g)<\/p>\n","protected":false},"excerpt":{"rendered":"<p>AZOO Dual Active Carbon Sponge es un medio filtrante mec\u00e1nico especial para acuarios que combina simult\u00e1neamente filtraci\u00f3n qu\u00edmica con una esponja sint\u00e9tica impregnada en carb\u00f3n activado y filtraci\u00f3n mec\u00e1nica con una fibra sint\u00e9tica no textil de porosidad fina. La esponja con carb\u00f3n activado est\u00e1 fabricada mediante un proceso especial de impregnaci\u00f3n m\u00e1xima de carb\u00f3n activado, el cual excede del 60% del contenido total de la misma. No solo elimina olores y el color amarillento del agua, sino que tambi\u00e9n absorbe \u00e1cidos org\u00e1nicos y el cloro residual del agua del grifo. La esponja filtrante est\u00e1 fabricada a partir de fibras no hiladas que retienen part\u00edculas en suspensi\u00f3n en el agua. Puede purificar mec\u00e1nicamente el agua y mantenerla cristalina.<\/p>\n<p>&nbsp;<\/p>\n","protected":false},"featured_media":7233,"template":"","meta":[],"product_brand":[118],"product_cat":[40,48],"product_tag":[210,216,264],"class_list":{"0":"post-7232","1":"product","2":"type-product","3":"status-publish","4":"has-post-thumbnail","6":"product_brand-azoo","7":"product_cat-peces","8":"product_cat-material-filtrante","9":"product_tag-carbon-activo","10":"product_tag-filtracion-mecanica","11":"product_tag-material-filtrante","13":"first","14":"instock","15":"sale","16":"shipping-taxable","17":"purchasable","18":"product-type-simple"},"yoast_head":"<!-- This site is optimized with the Yoast SEO plugin v27.4 - https:\/\/yoast.com\/product\/yoast-seo-wordpress\/ -->\n<title>Dual carbon \/ sponge (esponja filtrante + carb\u00f3n activado) | Acuario Supremus<\/title>\n<meta name=\"description\" content=\"Combina simult\u00e1neamente filtraci\u00f3n qu\u00edmica con una esponja sint\u00e9tica impregnada en carb\u00f3n activado y filtraci\u00f3n mec\u00e1nica con una fibra sint\u00e9tica no textil de porosidad fina.\" \/>\n<meta name=\"robots\" content=\"index, follow, max-snippet:-1, max-image-preview:large, max-video-preview:-1\" \/>\n<link rel=\"canonical\" href=\"https:\/\/acuariosupremus.com\/?product=dual-carbon-sponge-esponja-filtrante-carbon-activado\" \/>\n<meta property=\"og:locale\" content=\"es_MX\" \/>\n<meta property=\"og:type\" content=\"article\" \/>\n<meta property=\"og:title\" content=\"Dual carbon \/ sponge (esponja filtrante + carb\u00f3n activado) | Acuario Supremus\" \/>\n<meta property=\"og:description\" content=\"Combina simult\u00e1neamente filtraci\u00f3n qu\u00edmica con una esponja sint\u00e9tica impregnada en carb\u00f3n activado y filtraci\u00f3n mec\u00e1nica con una fibra sint\u00e9tica no textil de porosidad fina.\" \/>\n<meta property=\"og:url\" content=\"https:\/\/acuariosupremus.com\/?product=dual-carbon-sponge-esponja-filtrante-carbon-activado\" \/>\n<meta property=\"og:site_name\" content=\"Acuario Supremus\" \/>\n<meta property=\"article:publisher\" content=\"https:\/\/www.facebook.com\/AcuarioSupremus\" \/>\n<meta property=\"article:modified_time\" content=\"2025-12-23T22:24:55+00:00\" \/>\n<meta property=\"og:image\" content=\"https:\/\/acuariosupremus.com\/wp-content\/uploads\/2022\/04\/azoo_dual_active_carbon_sponge_01.jpg\" \/>\n\t<meta property=\"og:image:width\" content=\"1250\" \/>\n\t<meta property=\"og:image:height\" content=\"1250\" \/>\n\t<meta property=\"og:image:type\" content=\"image\/jpeg\" \/>\n<meta name=\"twitter:card\" content=\"summary_large_image\" \/>\n<meta name=\"twitter:site\" content=\"@AcuarioSupremus\" \/>\n<meta name=\"twitter:label1\" content=\"Tiempo de lectura\" \/>\n\t<meta name=\"twitter:data1\" content=\"2 minutos\" \/>\n<script type=\"application\/ld+json\" class=\"yoast-schema-graph\">{\"@context\":\"https:\\\/\\\/schema.org\",\"@graph\":[{\"@type\":\"WebPage\",\"@id\":\"https:\\\/\\\/acuariosupremus.com\\\/?product=dual-carbon-sponge-esponja-filtrante-carbon-activado\",\"url\":\"https:\\\/\\\/acuariosupremus.com\\\/?product=dual-carbon-sponge-esponja-filtrante-carbon-activado\",\"name\":\"Dual carbon \\\/ sponge (esponja filtrante + carb\u00f3n activado) | Acuario Supremus\",\"isPartOf\":{\"@id\":\"https:\\\/\\\/acuariosupremus.com\\\/#website\"},\"primaryImageOfPage\":{\"@id\":\"https:\\\/\\\/acuariosupremus.com\\\/?product=dual-carbon-sponge-esponja-filtrante-carbon-activado#primaryimage\"},\"image\":{\"@id\":\"https:\\\/\\\/acuariosupremus.com\\\/?product=dual-carbon-sponge-esponja-filtrante-carbon-activado#primaryimage\"},\"thumbnailUrl\":\"https:\\\/\\\/acuariosupremus.com\\\/wp-content\\\/uploads\\\/2022\\\/04\\\/azoo_dual_active_carbon_sponge_01.jpg\",\"datePublished\":\"2022-04-21T19:49:53+00:00\",\"dateModified\":\"2025-12-23T22:24:55+00:00\",\"description\":\"Combina simult\u00e1neamente filtraci\u00f3n qu\u00edmica con una esponja sint\u00e9tica impregnada en carb\u00f3n activado y filtraci\u00f3n mec\u00e1nica con una fibra sint\u00e9tica no textil de porosidad fina.\",\"breadcrumb\":{\"@id\":\"https:\\\/\\\/acuariosupremus.com\\\/?product=dual-carbon-sponge-esponja-filtrante-carbon-activado#breadcrumb\"},\"inLanguage\":\"es\",\"potentialAction\":[{\"@type\":\"ReadAction\",\"target\":[\"https:\\\/\\\/acuariosupremus.com\\\/?product=dual-carbon-sponge-esponja-filtrante-carbon-activado\"]}]},{\"@type\":\"ImageObject\",\"inLanguage\":\"es\",\"@id\":\"https:\\\/\\\/acuariosupremus.com\\\/?product=dual-carbon-sponge-esponja-filtrante-carbon-activado#primaryimage\",\"url\":\"https:\\\/\\\/acuariosupremus.com\\\/wp-content\\\/uploads\\\/2022\\\/04\\\/azoo_dual_active_carbon_sponge_01.jpg\",\"contentUrl\":\"https:\\\/\\\/acuariosupremus.com\\\/wp-content\\\/uploads\\\/2022\\\/04\\\/azoo_dual_active_carbon_sponge_01.jpg\",\"width\":1250,\"height\":1250},{\"@type\":\"BreadcrumbList\",\"@id\":\"https:\\\/\\\/acuariosupremus.com\\\/?product=dual-carbon-sponge-esponja-filtrante-carbon-activado#breadcrumb\",\"itemListElement\":[{\"@type\":\"ListItem\",\"position\":1,\"name\":\"Portada\",\"item\":\"https:\\\/\\\/acuariosupremus.com\\\/\"},{\"@type\":\"ListItem\",\"position\":2,\"name\":\"Tienda\",\"item\":\"https:\\\/\\\/acuariosupremus.com\\\/tienda\\\/\"},{\"@type\":\"ListItem\",\"position\":3,\"name\":\"Dual carbon \\\/ sponge (esponja filtrante + carb\u00f3n activado)\"}]},{\"@type\":\"WebSite\",\"@id\":\"https:\\\/\\\/acuariosupremus.com\\\/#website\",\"url\":\"https:\\\/\\\/acuariosupremus.com\\\/\",\"name\":\"Acuario Supremus\",\"description\":\"Peces, Peceras y Mascotas.\",\"publisher\":{\"@id\":\"https:\\\/\\\/acuariosupremus.com\\\/#organization\"},\"potentialAction\":[{\"@type\":\"SearchAction\",\"target\":{\"@type\":\"EntryPoint\",\"urlTemplate\":\"https:\\\/\\\/acuariosupremus.com\\\/?s={search_term_string}\"},\"query-input\":{\"@type\":\"PropertyValueSpecification\",\"valueRequired\":true,\"valueName\":\"search_term_string\"}}],\"inLanguage\":\"es\"},{\"@type\":\"Organization\",\"@id\":\"https:\\\/\\\/acuariosupremus.com\\\/#organization\",\"name\":\"Acuario Supremus\",\"url\":\"https:\\\/\\\/acuariosupremus.com\\\/\",\"logo\":{\"@type\":\"ImageObject\",\"inLanguage\":\"es\",\"@id\":\"https:\\\/\\\/acuariosupremus.com\\\/#\\\/schema\\\/logo\\\/image\\\/\",\"url\":\"https:\\\/\\\/acuariosupremus.com\\\/wp-content\\\/uploads\\\/2021\\\/12\\\/cropped-logo_acuario_supremus_fn-2.png\",\"contentUrl\":\"https:\\\/\\\/acuariosupremus.com\\\/wp-content\\\/uploads\\\/2021\\\/12\\\/cropped-logo_acuario_supremus_fn-2.png\",\"width\":1000,\"height\":318,\"caption\":\"Acuario Supremus\"},\"image\":{\"@id\":\"https:\\\/\\\/acuariosupremus.com\\\/#\\\/schema\\\/logo\\\/image\\\/\"},\"sameAs\":[\"https:\\\/\\\/www.facebook.com\\\/AcuarioSupremus\",\"https:\\\/\\\/x.com\\\/AcuarioSupremus\",\"https:\\\/\\\/www.instagram.com\\\/acuariosupremus\\\/?hl=es\"]}]}<\/script>\n<!-- \/ Yoast SEO plugin. -->","yoast_head_json":{"title":"Dual carbon \/ sponge (esponja filtrante + carb\u00f3n activado) | Acuario Supremus","description":"Combina simult\u00e1neamente filtraci\u00f3n qu\u00edmica con una esponja sint\u00e9tica impregnada en carb\u00f3n activado y filtraci\u00f3n mec\u00e1nica con una fibra sint\u00e9tica no textil de porosidad fina.","robots":{"index":"index","follow":"follow","max-snippet":"max-snippet:-1","max-image-preview":"max-image-preview:large","max-video-preview":"max-video-preview:-1"},"canonical":"https:\/\/acuariosupremus.com\/?product=dual-carbon-sponge-esponja-filtrante-carbon-activado","og_locale":"es_MX","og_type":"article","og_title":"Dual carbon \/ sponge (esponja filtrante + carb\u00f3n activado) | Acuario Supremus","og_description":"Combina simult\u00e1neamente filtraci\u00f3n qu\u00edmica con una esponja sint\u00e9tica impregnada en carb\u00f3n activado y filtraci\u00f3n mec\u00e1nica con una fibra sint\u00e9tica no textil de porosidad fina.","og_url":"https:\/\/acuariosupremus.com\/?product=dual-carbon-sponge-esponja-filtrante-carbon-activado","og_site_name":"Acuario Supremus","article_publisher":"https:\/\/www.facebook.com\/AcuarioSupremus","article_modified_time":"2025-12-23T22:24:55+00:00","og_image":[{"width":1250,"height":1250,"url":"https:\/\/acuariosupremus.com\/wp-content\/uploads\/2022\/04\/azoo_dual_active_carbon_sponge_01.jpg","type":"image\/jpeg"}],"twitter_card":"summary_large_image","twitter_site":"@AcuarioSupremus","twitter_misc":{"Tiempo de lectura":"2 minutos"},"schema":{"@context":"https:\/\/schema.org","@graph":[{"@type":"WebPage","@id":"https:\/\/acuariosupremus.com\/?product=dual-carbon-sponge-esponja-filtrante-carbon-activado","url":"https:\/\/acuariosupremus.com\/?product=dual-carbon-sponge-esponja-filtrante-carbon-activado","name":"Dual carbon \/ sponge (esponja filtrante + carb\u00f3n activado) | Acuario Supremus","isPartOf":{"@id":"https:\/\/acuariosupremus.com\/#website"},"primaryImageOfPage":{"@id":"https:\/\/acuariosupremus.com\/?product=dual-carbon-sponge-esponja-filtrante-carbon-activado#primaryimage"},"image":{"@id":"https:\/\/acuariosupremus.com\/?product=dual-carbon-sponge-esponja-filtrante-carbon-activado#primaryimage"},"thumbnailUrl":"https:\/\/acuariosupremus.com\/wp-content\/uploads\/2022\/04\/azoo_dual_active_carbon_sponge_01.jpg","datePublished":"2022-04-21T19:49:53+00:00","dateModified":"2025-12-23T22:24:55+00:00","description":"Combina simult\u00e1neamente filtraci\u00f3n qu\u00edmica con una esponja sint\u00e9tica impregnada en carb\u00f3n activado y filtraci\u00f3n mec\u00e1nica con una fibra sint\u00e9tica no textil de porosidad fina.","breadcrumb":{"@id":"https:\/\/acuariosupremus.com\/?product=dual-carbon-sponge-esponja-filtrante-carbon-activado#breadcrumb"},"inLanguage":"es","potentialAction":[{"@type":"ReadAction","target":["https:\/\/acuariosupremus.com\/?product=dual-carbon-sponge-esponja-filtrante-carbon-activado"]}]},{"@type":"ImageObject","inLanguage":"es","@id":"https:\/\/acuariosupremus.com\/?product=dual-carbon-sponge-esponja-filtrante-carbon-activado#primaryimage","url":"https:\/\/acuariosupremus.com\/wp-content\/uploads\/2022\/04\/azoo_dual_active_carbon_sponge_01.jpg","contentUrl":"https:\/\/acuariosupremus.com\/wp-content\/uploads\/2022\/04\/azoo_dual_active_carbon_sponge_01.jpg","width":1250,"height":1250},{"@type":"BreadcrumbList","@id":"https:\/\/acuariosupremus.com\/?product=dual-carbon-sponge-esponja-filtrante-carbon-activado#breadcrumb","itemListElement":[{"@type":"ListItem","position":1,"name":"Portada","item":"https:\/\/acuariosupremus.com\/"},{"@type":"ListItem","position":2,"name":"Tienda","item":"https:\/\/acuariosupremus.com\/tienda\/"},{"@type":"ListItem","position":3,"name":"Dual carbon \/ sponge (esponja filtrante + carb\u00f3n activado)"}]},{"@type":"WebSite","@id":"https:\/\/acuariosupremus.com\/#website","url":"https:\/\/acuariosupremus.com\/","name":"Acuario Supremus","description":"Peces, Peceras y Mascotas.","publisher":{"@id":"https:\/\/acuariosupremus.com\/#organization"},"potentialAction":[{"@type":"SearchAction","target":{"@type":"EntryPoint","urlTemplate":"https:\/\/acuariosupremus.com\/?s={search_term_string}"},"query-input":{"@type":"PropertyValueSpecification","valueRequired":true,"valueName":"search_term_string"}}],"inLanguage":"es"},{"@type":"Organization","@id":"https:\/\/acuariosupremus.com\/#organization","name":"Acuario Supremus","url":"https:\/\/acuariosupremus.com\/","logo":{"@type":"ImageObject","inLanguage":"es","@id":"https:\/\/acuariosupremus.com\/#\/schema\/logo\/image\/","url":"https:\/\/acuariosupremus.com\/wp-content\/uploads\/2021\/12\/cropped-logo_acuario_supremus_fn-2.png","contentUrl":"https:\/\/acuariosupremus.com\/wp-content\/uploads\/2021\/12\/cropped-logo_acuario_supremus_fn-2.png","width":1000,"height":318,"caption":"Acuario Supremus"},"image":{"@id":"https:\/\/acuariosupremus.com\/#\/schema\/logo\/image\/"},"sameAs":["https:\/\/www.facebook.com\/AcuarioSupremus","https:\/\/x.com\/AcuarioSupremus","https:\/\/www.instagram.com\/acuariosupremus\/?hl=es"]}]}},"jetpack_sharing_enabled":true,"_links":{"self":[{"href":"https:\/\/acuariosupremus.com\/index.php?rest_route=\/wp\/v2\/product\/7232","targetHints":{"allow":["GET"]}}],"collection":[{"href":"https:\/\/acuariosupremus.com\/index.php?rest_route=\/wp\/v2\/product"}],"about":[{"href":"https:\/\/acuariosupremus.com\/index.php?rest_route=\/wp\/v2\/types\/product"}],"wp:featuredmedia":[{"embeddable":true,"href":"https:\/\/acuariosupremus.com\/index.php?rest_route=\/wp\/v2\/media\/7233"}],"wp:attachment":[{"href":"https:\/\/acuariosupremus.com\/index.php?rest_route=%2Fwp%2Fv2%2Fmedia&parent=7232"}],"wp:term":[{"taxonomy":"product_brand","embeddable":true,"href":"https:\/\/acuariosupremus.com\/index.php?rest_route=%2Fwp%2Fv2%2Fproduct_brand&post=7232"},{"taxonomy":"product_cat","embeddable":true,"href":"https:\/\/acuariosupremus.com\/index.php?rest_route=%2Fwp%2Fv2%2Fproduct_cat&post=7232"},{"taxonomy":"product_tag","embeddable":true,"href":"https:\/\/acuariosupremus.com\/index.php?rest_route=%2Fwp%2Fv2%2Fproduct_tag&post=7232"}],"curies":[{"name":"wp","href":"https:\/\/api.w.org\/{rel}","templated":true}]}}