{"id":7235,"date":"2022-04-21T15:04:25","date_gmt":"2022-04-21T20:04:25","guid":{"rendered":"https:\/\/acuariosupremus.com\/?post_type=product&#038;p=7235"},"modified":"2025-12-23T16:25:08","modified_gmt":"2025-12-23T22:25:08","slug":"3-in-1-bio-sponge-3-etapas-de-cultivo-bacteriano","status":"publish","type":"product","link":"https:\/\/acuariosupremus.com\/?product=3-in-1-bio-sponge-3-etapas-de-cultivo-bacteriano","title":{"rendered":"3 in 1 Bio-sponge (3 etapas de cultivo bacteriano)."},"content":{"rendered":"<p>\u2022 Enjuague brevemente este producto antes de usarlo.<br \/>\n\u2022 Puede usarlo como material filtrante mec\u00e1nico y biol\u00f3gico en todo tipo de filtros para acuarios y estanques. Para ello, puede cortarlo con unas tijeras para adaptarlo perfectamente la forma del filtro.<br \/>\n\u2022 Coloque este material en el filtro de forma que el agua pueda fluir de forma homog\u00e9nea.<br \/>\n\u2022 Mantenimiento: limpie esta esponja con abundante agua limpia.<br \/>\n\u2022 Para un mejor rendimiento recomendamos combinar este producto con otros materiales filtrantes mec\u00e1nicos como AZOO Filter Wool o AZOO Filter Sponge y filtros biol\u00f3gicos como AZOO Bio-Glass.<br \/>\nUsado de forma correcta, este material tiene una vida \u00fatil superior a 12 meses, aunque es normal cambiarlo con una mayor frecuencia en acuarios que generan mucha suciedad. Puede lavar AZOO 3 in 1 Bio-Sponge varias veces con agua limpia, pero tenga en cuenta que en cada ocasi\u00f3n su rendimiento disminuir\u00e1 paulatinamente. Si pierde su textura esponjosa probablemente los poros habr\u00e1n perdido su peculiar forma. Considere entonces sustituirlo por otro nuevo. Este medio filtrante biol\u00f3gico tambi\u00e9n atrapa part\u00edculas grandes y finas pudiendo funcionar como filtro mec\u00e1nico. Si desea obtener un rendimiento \u00f3ptimo combine AZOO 3 in 1 Bio-Sponge con medios filtrantes mec\u00e1nicos como AZOO Filter Wool o AZOO Filter Sponge, de modo que el agua pase por \u00e9l despu\u00e9s que al resto de materiales. El objeto es que AZOO 3 in 1 Bio-Sponge no atrape part\u00edculas s\u00f3lidas para que funcione \u00fanicamente como filtro biol\u00f3gico. De este modo cada material cumplir\u00e1 correctamente su cometido sin interferir al otro, obteniendo as\u00ed una filtraci\u00f3n m\u00e1s eficiente y duradera.<\/p>\n<p>P\/V Neto: 35 g<strong>.<\/strong><br \/>\nTama\u00f1o mm.<br \/>\n130 x 280 x 40 (l x a x h)<br \/>\nPeso total: 40 (g)<\/p>\n","protected":false},"excerpt":{"rendered":"<p>Para acuarios de agua dulce, acuarios plantados, estanques, agua salada y arrecifes.<br \/>\nAZOO 3 in 1 Bio-Sponge es un medio filtrante biol\u00f3gico que combina en tres espumas de poliuretano especiales para acuario con tres porosidades distintas: Baja densidad para la esponja azul, densidad media para la marr\u00f3n y alta densidad para la esponja negra. Esta combinaci\u00f3n heterog\u00e9nea permite una actividad de nitrificaci\u00f3n bacteriana aer\u00f3bica y anaer\u00f3bica simult\u00e1nea, impidiendo que obstruyan los poros y permitiendo una correcta adhesi\u00f3n bacteriana en su superficie.<\/p>\n<p>&nbsp;<\/p>\n","protected":false},"featured_media":7237,"template":"","meta":[],"product_brand":[118],"product_cat":[40,48],"product_tag":[212,216,264],"class_list":{"0":"post-7235","1":"product","2":"type-product","3":"status-publish","4":"has-post-thumbnail","6":"product_brand-azoo","7":"product_cat-peces","8":"product_cat-material-filtrante","9":"product_tag-colonia-bacteriana","10":"product_tag-filtracion-mecanica","11":"product_tag-material-filtrante","13":"first","14":"instock","15":"sale","16":"shipping-taxable","17":"purchasable","18":"product-type-simple"},"yoast_head":"<!-- This site is optimized with the Yoast SEO plugin v27.4 - https:\/\/yoast.com\/product\/yoast-seo-wordpress\/ -->\n<title>3 in 1 Bio-sponge (3 etapas de cultivo bacteriano). | Acuario Supremus<\/title>\n<meta name=\"description\" content=\"Para todo tipo de acuarios y arrecifes.que combina en tres espumas de poliuretano especiales para acuario con tres porosidades distintas.\" \/>\n<meta name=\"robots\" content=\"index, follow, max-snippet:-1, max-image-preview:large, max-video-preview:-1\" \/>\n<link rel=\"canonical\" href=\"https:\/\/acuariosupremus.com\/?product=3-in-1-bio-sponge-3-etapas-de-cultivo-bacteriano\" \/>\n<meta property=\"og:locale\" content=\"es_MX\" \/>\n<meta property=\"og:type\" content=\"article\" \/>\n<meta property=\"og:title\" content=\"3 in 1 Bio-sponge (3 etapas de cultivo bacteriano). | Acuario Supremus\" \/>\n<meta property=\"og:description\" content=\"Para todo tipo de acuarios y arrecifes.que combina en tres espumas de poliuretano especiales para acuario con tres porosidades distintas.\" \/>\n<meta property=\"og:url\" content=\"https:\/\/acuariosupremus.com\/?product=3-in-1-bio-sponge-3-etapas-de-cultivo-bacteriano\" \/>\n<meta property=\"og:site_name\" content=\"Acuario Supremus\" \/>\n<meta property=\"article:publisher\" content=\"https:\/\/www.facebook.com\/AcuarioSupremus\" \/>\n<meta property=\"article:modified_time\" content=\"2025-12-23T22:25:08+00:00\" \/>\n<meta property=\"og:image\" content=\"https:\/\/acuariosupremus.com\/wp-content\/uploads\/2022\/04\/azoo_3_in_1_bio-sponge_01.jpg\" \/>\n\t<meta property=\"og:image:width\" content=\"1250\" \/>\n\t<meta property=\"og:image:height\" content=\"1250\" \/>\n\t<meta property=\"og:image:type\" content=\"image\/jpeg\" \/>\n<meta name=\"twitter:card\" content=\"summary_large_image\" \/>\n<meta name=\"twitter:site\" content=\"@AcuarioSupremus\" \/>\n<meta name=\"twitter:label1\" content=\"Tiempo de lectura\" \/>\n\t<meta name=\"twitter:data1\" content=\"2 minutos\" \/>\n<script type=\"application\/ld+json\" class=\"yoast-schema-graph\">{\"@context\":\"https:\\\/\\\/schema.org\",\"@graph\":[{\"@type\":\"WebPage\",\"@id\":\"https:\\\/\\\/acuariosupremus.com\\\/?product=3-in-1-bio-sponge-3-etapas-de-cultivo-bacteriano\",\"url\":\"https:\\\/\\\/acuariosupremus.com\\\/?product=3-in-1-bio-sponge-3-etapas-de-cultivo-bacteriano\",\"name\":\"3 in 1 Bio-sponge (3 etapas de cultivo bacteriano). | Acuario Supremus\",\"isPartOf\":{\"@id\":\"https:\\\/\\\/acuariosupremus.com\\\/#website\"},\"primaryImageOfPage\":{\"@id\":\"https:\\\/\\\/acuariosupremus.com\\\/?product=3-in-1-bio-sponge-3-etapas-de-cultivo-bacteriano#primaryimage\"},\"image\":{\"@id\":\"https:\\\/\\\/acuariosupremus.com\\\/?product=3-in-1-bio-sponge-3-etapas-de-cultivo-bacteriano#primaryimage\"},\"thumbnailUrl\":\"https:\\\/\\\/acuariosupremus.com\\\/wp-content\\\/uploads\\\/2022\\\/04\\\/azoo_3_in_1_bio-sponge_01.jpg\",\"datePublished\":\"2022-04-21T20:04:25+00:00\",\"dateModified\":\"2025-12-23T22:25:08+00:00\",\"description\":\"Para todo tipo de acuarios y arrecifes.que combina en tres espumas de poliuretano especiales para acuario con tres porosidades distintas.\",\"breadcrumb\":{\"@id\":\"https:\\\/\\\/acuariosupremus.com\\\/?product=3-in-1-bio-sponge-3-etapas-de-cultivo-bacteriano#breadcrumb\"},\"inLanguage\":\"es\",\"potentialAction\":[{\"@type\":\"ReadAction\",\"target\":[\"https:\\\/\\\/acuariosupremus.com\\\/?product=3-in-1-bio-sponge-3-etapas-de-cultivo-bacteriano\"]}]},{\"@type\":\"ImageObject\",\"inLanguage\":\"es\",\"@id\":\"https:\\\/\\\/acuariosupremus.com\\\/?product=3-in-1-bio-sponge-3-etapas-de-cultivo-bacteriano#primaryimage\",\"url\":\"https:\\\/\\\/acuariosupremus.com\\\/wp-content\\\/uploads\\\/2022\\\/04\\\/azoo_3_in_1_bio-sponge_01.jpg\",\"contentUrl\":\"https:\\\/\\\/acuariosupremus.com\\\/wp-content\\\/uploads\\\/2022\\\/04\\\/azoo_3_in_1_bio-sponge_01.jpg\",\"width\":1250,\"height\":1250},{\"@type\":\"BreadcrumbList\",\"@id\":\"https:\\\/\\\/acuariosupremus.com\\\/?product=3-in-1-bio-sponge-3-etapas-de-cultivo-bacteriano#breadcrumb\",\"itemListElement\":[{\"@type\":\"ListItem\",\"position\":1,\"name\":\"Portada\",\"item\":\"https:\\\/\\\/acuariosupremus.com\\\/\"},{\"@type\":\"ListItem\",\"position\":2,\"name\":\"Tienda\",\"item\":\"https:\\\/\\\/acuariosupremus.com\\\/tienda\\\/\"},{\"@type\":\"ListItem\",\"position\":3,\"name\":\"3 in 1 Bio-sponge (3 etapas de cultivo bacteriano).\"}]},{\"@type\":\"WebSite\",\"@id\":\"https:\\\/\\\/acuariosupremus.com\\\/#website\",\"url\":\"https:\\\/\\\/acuariosupremus.com\\\/\",\"name\":\"Acuario Supremus\",\"description\":\"Peces, Peceras y Mascotas.\",\"publisher\":{\"@id\":\"https:\\\/\\\/acuariosupremus.com\\\/#organization\"},\"potentialAction\":[{\"@type\":\"SearchAction\",\"target\":{\"@type\":\"EntryPoint\",\"urlTemplate\":\"https:\\\/\\\/acuariosupremus.com\\\/?s={search_term_string}\"},\"query-input\":{\"@type\":\"PropertyValueSpecification\",\"valueRequired\":true,\"valueName\":\"search_term_string\"}}],\"inLanguage\":\"es\"},{\"@type\":\"Organization\",\"@id\":\"https:\\\/\\\/acuariosupremus.com\\\/#organization\",\"name\":\"Acuario Supremus\",\"url\":\"https:\\\/\\\/acuariosupremus.com\\\/\",\"logo\":{\"@type\":\"ImageObject\",\"inLanguage\":\"es\",\"@id\":\"https:\\\/\\\/acuariosupremus.com\\\/#\\\/schema\\\/logo\\\/image\\\/\",\"url\":\"https:\\\/\\\/acuariosupremus.com\\\/wp-content\\\/uploads\\\/2021\\\/12\\\/cropped-logo_acuario_supremus_fn-2.png\",\"contentUrl\":\"https:\\\/\\\/acuariosupremus.com\\\/wp-content\\\/uploads\\\/2021\\\/12\\\/cropped-logo_acuario_supremus_fn-2.png\",\"width\":1000,\"height\":318,\"caption\":\"Acuario Supremus\"},\"image\":{\"@id\":\"https:\\\/\\\/acuariosupremus.com\\\/#\\\/schema\\\/logo\\\/image\\\/\"},\"sameAs\":[\"https:\\\/\\\/www.facebook.com\\\/AcuarioSupremus\",\"https:\\\/\\\/x.com\\\/AcuarioSupremus\",\"https:\\\/\\\/www.instagram.com\\\/acuariosupremus\\\/?hl=es\"]}]}<\/script>\n<!-- \/ Yoast SEO plugin. -->","yoast_head_json":{"title":"3 in 1 Bio-sponge (3 etapas de cultivo bacteriano). | Acuario Supremus","description":"Para todo tipo de acuarios y arrecifes.que combina en tres espumas de poliuretano especiales para acuario con tres porosidades distintas.","robots":{"index":"index","follow":"follow","max-snippet":"max-snippet:-1","max-image-preview":"max-image-preview:large","max-video-preview":"max-video-preview:-1"},"canonical":"https:\/\/acuariosupremus.com\/?product=3-in-1-bio-sponge-3-etapas-de-cultivo-bacteriano","og_locale":"es_MX","og_type":"article","og_title":"3 in 1 Bio-sponge (3 etapas de cultivo bacteriano). | Acuario Supremus","og_description":"Para todo tipo de acuarios y arrecifes.que combina en tres espumas de poliuretano especiales para acuario con tres porosidades distintas.","og_url":"https:\/\/acuariosupremus.com\/?product=3-in-1-bio-sponge-3-etapas-de-cultivo-bacteriano","og_site_name":"Acuario Supremus","article_publisher":"https:\/\/www.facebook.com\/AcuarioSupremus","article_modified_time":"2025-12-23T22:25:08+00:00","og_image":[{"width":1250,"height":1250,"url":"https:\/\/acuariosupremus.com\/wp-content\/uploads\/2022\/04\/azoo_3_in_1_bio-sponge_01.jpg","type":"image\/jpeg"}],"twitter_card":"summary_large_image","twitter_site":"@AcuarioSupremus","twitter_misc":{"Tiempo de lectura":"2 minutos"},"schema":{"@context":"https:\/\/schema.org","@graph":[{"@type":"WebPage","@id":"https:\/\/acuariosupremus.com\/?product=3-in-1-bio-sponge-3-etapas-de-cultivo-bacteriano","url":"https:\/\/acuariosupremus.com\/?product=3-in-1-bio-sponge-3-etapas-de-cultivo-bacteriano","name":"3 in 1 Bio-sponge (3 etapas de cultivo bacteriano). | Acuario Supremus","isPartOf":{"@id":"https:\/\/acuariosupremus.com\/#website"},"primaryImageOfPage":{"@id":"https:\/\/acuariosupremus.com\/?product=3-in-1-bio-sponge-3-etapas-de-cultivo-bacteriano#primaryimage"},"image":{"@id":"https:\/\/acuariosupremus.com\/?product=3-in-1-bio-sponge-3-etapas-de-cultivo-bacteriano#primaryimage"},"thumbnailUrl":"https:\/\/acuariosupremus.com\/wp-content\/uploads\/2022\/04\/azoo_3_in_1_bio-sponge_01.jpg","datePublished":"2022-04-21T20:04:25+00:00","dateModified":"2025-12-23T22:25:08+00:00","description":"Para todo tipo de acuarios y arrecifes.que combina en tres espumas de poliuretano especiales para acuario con tres porosidades distintas.","breadcrumb":{"@id":"https:\/\/acuariosupremus.com\/?product=3-in-1-bio-sponge-3-etapas-de-cultivo-bacteriano#breadcrumb"},"inLanguage":"es","potentialAction":[{"@type":"ReadAction","target":["https:\/\/acuariosupremus.com\/?product=3-in-1-bio-sponge-3-etapas-de-cultivo-bacteriano"]}]},{"@type":"ImageObject","inLanguage":"es","@id":"https:\/\/acuariosupremus.com\/?product=3-in-1-bio-sponge-3-etapas-de-cultivo-bacteriano#primaryimage","url":"https:\/\/acuariosupremus.com\/wp-content\/uploads\/2022\/04\/azoo_3_in_1_bio-sponge_01.jpg","contentUrl":"https:\/\/acuariosupremus.com\/wp-content\/uploads\/2022\/04\/azoo_3_in_1_bio-sponge_01.jpg","width":1250,"height":1250},{"@type":"BreadcrumbList","@id":"https:\/\/acuariosupremus.com\/?product=3-in-1-bio-sponge-3-etapas-de-cultivo-bacteriano#breadcrumb","itemListElement":[{"@type":"ListItem","position":1,"name":"Portada","item":"https:\/\/acuariosupremus.com\/"},{"@type":"ListItem","position":2,"name":"Tienda","item":"https:\/\/acuariosupremus.com\/tienda\/"},{"@type":"ListItem","position":3,"name":"3 in 1 Bio-sponge (3 etapas de cultivo bacteriano)."}]},{"@type":"WebSite","@id":"https:\/\/acuariosupremus.com\/#website","url":"https:\/\/acuariosupremus.com\/","name":"Acuario Supremus","description":"Peces, Peceras y Mascotas.","publisher":{"@id":"https:\/\/acuariosupremus.com\/#organization"},"potentialAction":[{"@type":"SearchAction","target":{"@type":"EntryPoint","urlTemplate":"https:\/\/acuariosupremus.com\/?s={search_term_string}"},"query-input":{"@type":"PropertyValueSpecification","valueRequired":true,"valueName":"search_term_string"}}],"inLanguage":"es"},{"@type":"Organization","@id":"https:\/\/acuariosupremus.com\/#organization","name":"Acuario Supremus","url":"https:\/\/acuariosupremus.com\/","logo":{"@type":"ImageObject","inLanguage":"es","@id":"https:\/\/acuariosupremus.com\/#\/schema\/logo\/image\/","url":"https:\/\/acuariosupremus.com\/wp-content\/uploads\/2021\/12\/cropped-logo_acuario_supremus_fn-2.png","contentUrl":"https:\/\/acuariosupremus.com\/wp-content\/uploads\/2021\/12\/cropped-logo_acuario_supremus_fn-2.png","width":1000,"height":318,"caption":"Acuario Supremus"},"image":{"@id":"https:\/\/acuariosupremus.com\/#\/schema\/logo\/image\/"},"sameAs":["https:\/\/www.facebook.com\/AcuarioSupremus","https:\/\/x.com\/AcuarioSupremus","https:\/\/www.instagram.com\/acuariosupremus\/?hl=es"]}]}},"jetpack_sharing_enabled":true,"_links":{"self":[{"href":"https:\/\/acuariosupremus.com\/index.php?rest_route=\/wp\/v2\/product\/7235","targetHints":{"allow":["GET"]}}],"collection":[{"href":"https:\/\/acuariosupremus.com\/index.php?rest_route=\/wp\/v2\/product"}],"about":[{"href":"https:\/\/acuariosupremus.com\/index.php?rest_route=\/wp\/v2\/types\/product"}],"wp:featuredmedia":[{"embeddable":true,"href":"https:\/\/acuariosupremus.com\/index.php?rest_route=\/wp\/v2\/media\/7237"}],"wp:attachment":[{"href":"https:\/\/acuariosupremus.com\/index.php?rest_route=%2Fwp%2Fv2%2Fmedia&parent=7235"}],"wp:term":[{"taxonomy":"product_brand","embeddable":true,"href":"https:\/\/acuariosupremus.com\/index.php?rest_route=%2Fwp%2Fv2%2Fproduct_brand&post=7235"},{"taxonomy":"product_cat","embeddable":true,"href":"https:\/\/acuariosupremus.com\/index.php?rest_route=%2Fwp%2Fv2%2Fproduct_cat&post=7235"},{"taxonomy":"product_tag","embeddable":true,"href":"https:\/\/acuariosupremus.com\/index.php?rest_route=%2Fwp%2Fv2%2Fproduct_tag&post=7235"}],"curies":[{"name":"wp","href":"https:\/\/api.w.org\/{rel}","templated":true}]}}