{"id":7246,"date":"2022-04-21T15:14:44","date_gmt":"2022-04-21T20:14:44","guid":{"rendered":"https:\/\/acuariosupremus.com\/?post_type=product&#038;p=7246"},"modified":"2025-12-23T16:25:22","modified_gmt":"2025-12-23T22:25:22","slug":"bio-sponge-garden-aquarium-sustrato-plantas-terrestres-en-acuarios-jardin","status":"publish","type":"product","link":"https:\/\/acuariosupremus.com\/?product=bio-sponge-garden-aquarium-sustrato-plantas-terrestres-en-acuarios-jardin","title":{"rendered":"Bio-sponge Garden Aquarium (sustrato plantas terrestres en Acuarios Jard\u00edn)"},"content":{"rendered":"<p>\u2022 Enjuague brevemente este producto antes de usarlo.<br \/>\n\u2022 Puede colocarlo como sustrato para el enraizamiento de plantas terrestres.<br \/>\n\u2022 Puede usarlo como material filtrante mec\u00e1nico y biol\u00f3gico en todo tipo de filtros para acuarios y estanques. Para ello, puede cortarlo con unas tijeras para adaptarlo perfectamente la forma del filtro.<br \/>\n\u2022 Coloque este material en el filtro de forma que el agua pueda fluir de forma homog\u00e9nea.<br \/>\n\u2022 Mantenimiento: limpie esta esponja con abundante agua limpia.<br \/>\n\u2022 Para un mejor rendimiento recomendamos combinar este producto con otros materiales filtrantes mec\u00e1nicos como AZOO Filter Wool o AZOO Filter Sponge y filtros biol\u00f3gicos como AZOO Bio-Glass.<br \/>\nOBSERVACIONES:<br \/>\nEste material tiene una vida \u00fatil de aproximadamente 12 meses, aunque es normal cambiarlo con una mayor frecuencia en acuarios que generan mucha suciedad. Puede lavar AZOO Bio-Garden Sponge varias veces con agua limpia, pero tenga en cuenta que en cada ocasi\u00f3n su rendimiento disminuir\u00e1 paulatinamente. Si pierde su textura esponjosa considere sustituirlo por otro nuevo. Este medio filtrante atrapa part\u00edculas grandes y de medio tama\u00f1o pero dejar\u00e1 pasar las m\u00e1s finas. Si desea obtener un rendimiento \u00f3ptimo combine AZOO Bio-Garden Sponge con esponjas filtrantes m\u00e1s selectivas como AZOO Filter Wool o AZOO Filter Sponge, de modo que el agua pase por \u00e9l antes que al resto de materiales. De este modo cada material retendr\u00e1 las part\u00edculas correspondientes a su granulometr\u00eda obteniendo una filtraci\u00f3n eficiente y duradera.<\/p>\n<p>P\/V Neto: 30 g<strong>.<\/strong><br \/>\nTama\u00f1o mm.<br \/>\n130 x 300 x 40 (l x a x h)<br \/>\nPeso total: 35 (g)<\/p>\n","protected":false},"excerpt":{"rendered":"<p>Para acuarios de agua dulce, acuarios plantados, estanques, agua salada y arrecifes. AZOO Bio-Garden Sponge un medio filtrante biol\u00f3gico basado en espuma de poliuretano especial para acuarios. Fabricado con materiales de m\u00e1xima calidad que garantizan una larga vida \u00fatil y un gran rendimiento. Puede cortarse f\u00e1cilmente para adaptarse a cualquier dise\u00f1o de filtro o acuario, mientras que su color negro le permite ser combinarlo con cualquier elemento de su acuario en el caso de que quede expuesto. Puede lavar Bio-Garden Sponge varias veces enjuag\u00e1ndolo brevemente en agua limpia. Su estructura porosa permite la proliferaci\u00f3n de bacterias nitrificantes beneficiosas. Este material es muy duradero y qu\u00edmicamente inerte al agua, por lo que es totalmente seguro para todas las especies acu\u00e1ticas.<\/p>\n<p>&nbsp;<\/p>\n","protected":false},"featured_media":7249,"template":"","meta":[],"product_brand":[118],"product_cat":[40,48],"product_tag":[579,216,264],"class_list":{"0":"post-7246","1":"product","2":"type-product","3":"status-publish","4":"has-post-thumbnail","6":"product_brand-azoo","7":"product_cat-peces","8":"product_cat-material-filtrante","9":"product_tag-esponja-filtrante","10":"product_tag-filtracion-mecanica","11":"product_tag-material-filtrante","13":"first","14":"instock","15":"sale","16":"shipping-taxable","17":"purchasable","18":"product-type-simple"},"yoast_head":"<!-- This site is optimized with the Yoast SEO plugin v27.4 - https:\/\/yoast.com\/product\/yoast-seo-wordpress\/ -->\n<title>Bio-sponge Garden Aquarium (sustrato plantas terrestres en Acuarios Jard\u00edn) | Acuario Supremus<\/title>\n<meta name=\"description\" content=\"Para acuarios de agua dulce, acuarios plantados, estanques, agua salada y arrecifes. AZOO Bio-Garden Sponge un medio filtrante biol\u00f3gico.\" \/>\n<meta name=\"robots\" content=\"index, follow, max-snippet:-1, max-image-preview:large, max-video-preview:-1\" \/>\n<link rel=\"canonical\" href=\"https:\/\/acuariosupremus.com\/?product=bio-sponge-garden-aquarium-sustrato-plantas-terrestres-en-acuarios-jardin\" \/>\n<meta property=\"og:locale\" content=\"es_MX\" \/>\n<meta property=\"og:type\" content=\"article\" \/>\n<meta property=\"og:title\" content=\"Bio-sponge Garden Aquarium (sustrato plantas terrestres en Acuarios Jard\u00edn) | Acuario Supremus\" \/>\n<meta property=\"og:description\" content=\"Para acuarios de agua dulce, acuarios plantados, estanques, agua salada y arrecifes. AZOO Bio-Garden Sponge un medio filtrante biol\u00f3gico.\" \/>\n<meta property=\"og:url\" content=\"https:\/\/acuariosupremus.com\/?product=bio-sponge-garden-aquarium-sustrato-plantas-terrestres-en-acuarios-jardin\" \/>\n<meta property=\"og:site_name\" content=\"Acuario Supremus\" \/>\n<meta property=\"article:publisher\" content=\"https:\/\/www.facebook.com\/AcuarioSupremus\" \/>\n<meta property=\"article:modified_time\" content=\"2025-12-23T22:25:22+00:00\" \/>\n<meta property=\"og:image\" content=\"https:\/\/acuariosupremus.com\/wp-content\/uploads\/2022\/04\/azoo_bio-garden_spong_01.jpg\" \/>\n\t<meta property=\"og:image:width\" content=\"1250\" \/>\n\t<meta property=\"og:image:height\" content=\"1250\" \/>\n\t<meta property=\"og:image:type\" content=\"image\/jpeg\" \/>\n<meta name=\"twitter:card\" content=\"summary_large_image\" \/>\n<meta name=\"twitter:site\" content=\"@AcuarioSupremus\" \/>\n<meta name=\"twitter:label1\" content=\"Tiempo de lectura\" \/>\n\t<meta name=\"twitter:data1\" content=\"2 minutos\" \/>\n<script type=\"application\/ld+json\" class=\"yoast-schema-graph\">{\"@context\":\"https:\\\/\\\/schema.org\",\"@graph\":[{\"@type\":\"WebPage\",\"@id\":\"https:\\\/\\\/acuariosupremus.com\\\/?product=bio-sponge-garden-aquarium-sustrato-plantas-terrestres-en-acuarios-jardin\",\"url\":\"https:\\\/\\\/acuariosupremus.com\\\/?product=bio-sponge-garden-aquarium-sustrato-plantas-terrestres-en-acuarios-jardin\",\"name\":\"Bio-sponge Garden Aquarium (sustrato plantas terrestres en Acuarios Jard\u00edn) | Acuario Supremus\",\"isPartOf\":{\"@id\":\"https:\\\/\\\/acuariosupremus.com\\\/#website\"},\"primaryImageOfPage\":{\"@id\":\"https:\\\/\\\/acuariosupremus.com\\\/?product=bio-sponge-garden-aquarium-sustrato-plantas-terrestres-en-acuarios-jardin#primaryimage\"},\"image\":{\"@id\":\"https:\\\/\\\/acuariosupremus.com\\\/?product=bio-sponge-garden-aquarium-sustrato-plantas-terrestres-en-acuarios-jardin#primaryimage\"},\"thumbnailUrl\":\"https:\\\/\\\/acuariosupremus.com\\\/wp-content\\\/uploads\\\/2022\\\/04\\\/azoo_bio-garden_spong_01.jpg\",\"datePublished\":\"2022-04-21T20:14:44+00:00\",\"dateModified\":\"2025-12-23T22:25:22+00:00\",\"description\":\"Para acuarios de agua dulce, acuarios plantados, estanques, agua salada y arrecifes. AZOO Bio-Garden Sponge un medio filtrante biol\u00f3gico.\",\"breadcrumb\":{\"@id\":\"https:\\\/\\\/acuariosupremus.com\\\/?product=bio-sponge-garden-aquarium-sustrato-plantas-terrestres-en-acuarios-jardin#breadcrumb\"},\"inLanguage\":\"es\",\"potentialAction\":[{\"@type\":\"ReadAction\",\"target\":[\"https:\\\/\\\/acuariosupremus.com\\\/?product=bio-sponge-garden-aquarium-sustrato-plantas-terrestres-en-acuarios-jardin\"]}]},{\"@type\":\"ImageObject\",\"inLanguage\":\"es\",\"@id\":\"https:\\\/\\\/acuariosupremus.com\\\/?product=bio-sponge-garden-aquarium-sustrato-plantas-terrestres-en-acuarios-jardin#primaryimage\",\"url\":\"https:\\\/\\\/acuariosupremus.com\\\/wp-content\\\/uploads\\\/2022\\\/04\\\/azoo_bio-garden_spong_01.jpg\",\"contentUrl\":\"https:\\\/\\\/acuariosupremus.com\\\/wp-content\\\/uploads\\\/2022\\\/04\\\/azoo_bio-garden_spong_01.jpg\",\"width\":1250,\"height\":1250},{\"@type\":\"BreadcrumbList\",\"@id\":\"https:\\\/\\\/acuariosupremus.com\\\/?product=bio-sponge-garden-aquarium-sustrato-plantas-terrestres-en-acuarios-jardin#breadcrumb\",\"itemListElement\":[{\"@type\":\"ListItem\",\"position\":1,\"name\":\"Portada\",\"item\":\"https:\\\/\\\/acuariosupremus.com\\\/\"},{\"@type\":\"ListItem\",\"position\":2,\"name\":\"Tienda\",\"item\":\"https:\\\/\\\/acuariosupremus.com\\\/tienda\\\/\"},{\"@type\":\"ListItem\",\"position\":3,\"name\":\"Bio-sponge Garden Aquarium (sustrato plantas terrestres en Acuarios Jard\u00edn)\"}]},{\"@type\":\"WebSite\",\"@id\":\"https:\\\/\\\/acuariosupremus.com\\\/#website\",\"url\":\"https:\\\/\\\/acuariosupremus.com\\\/\",\"name\":\"Acuario Supremus\",\"description\":\"Peces, Peceras y Mascotas.\",\"publisher\":{\"@id\":\"https:\\\/\\\/acuariosupremus.com\\\/#organization\"},\"potentialAction\":[{\"@type\":\"SearchAction\",\"target\":{\"@type\":\"EntryPoint\",\"urlTemplate\":\"https:\\\/\\\/acuariosupremus.com\\\/?s={search_term_string}\"},\"query-input\":{\"@type\":\"PropertyValueSpecification\",\"valueRequired\":true,\"valueName\":\"search_term_string\"}}],\"inLanguage\":\"es\"},{\"@type\":\"Organization\",\"@id\":\"https:\\\/\\\/acuariosupremus.com\\\/#organization\",\"name\":\"Acuario Supremus\",\"url\":\"https:\\\/\\\/acuariosupremus.com\\\/\",\"logo\":{\"@type\":\"ImageObject\",\"inLanguage\":\"es\",\"@id\":\"https:\\\/\\\/acuariosupremus.com\\\/#\\\/schema\\\/logo\\\/image\\\/\",\"url\":\"https:\\\/\\\/acuariosupremus.com\\\/wp-content\\\/uploads\\\/2021\\\/12\\\/cropped-logo_acuario_supremus_fn-2.png\",\"contentUrl\":\"https:\\\/\\\/acuariosupremus.com\\\/wp-content\\\/uploads\\\/2021\\\/12\\\/cropped-logo_acuario_supremus_fn-2.png\",\"width\":1000,\"height\":318,\"caption\":\"Acuario Supremus\"},\"image\":{\"@id\":\"https:\\\/\\\/acuariosupremus.com\\\/#\\\/schema\\\/logo\\\/image\\\/\"},\"sameAs\":[\"https:\\\/\\\/www.facebook.com\\\/AcuarioSupremus\",\"https:\\\/\\\/x.com\\\/AcuarioSupremus\",\"https:\\\/\\\/www.instagram.com\\\/acuariosupremus\\\/?hl=es\"]}]}<\/script>\n<!-- \/ Yoast SEO plugin. -->","yoast_head_json":{"title":"Bio-sponge Garden Aquarium (sustrato plantas terrestres en Acuarios Jard\u00edn) | Acuario Supremus","description":"Para acuarios de agua dulce, acuarios plantados, estanques, agua salada y arrecifes. AZOO Bio-Garden Sponge un medio filtrante biol\u00f3gico.","robots":{"index":"index","follow":"follow","max-snippet":"max-snippet:-1","max-image-preview":"max-image-preview:large","max-video-preview":"max-video-preview:-1"},"canonical":"https:\/\/acuariosupremus.com\/?product=bio-sponge-garden-aquarium-sustrato-plantas-terrestres-en-acuarios-jardin","og_locale":"es_MX","og_type":"article","og_title":"Bio-sponge Garden Aquarium (sustrato plantas terrestres en Acuarios Jard\u00edn) | Acuario Supremus","og_description":"Para acuarios de agua dulce, acuarios plantados, estanques, agua salada y arrecifes. AZOO Bio-Garden Sponge un medio filtrante biol\u00f3gico.","og_url":"https:\/\/acuariosupremus.com\/?product=bio-sponge-garden-aquarium-sustrato-plantas-terrestres-en-acuarios-jardin","og_site_name":"Acuario Supremus","article_publisher":"https:\/\/www.facebook.com\/AcuarioSupremus","article_modified_time":"2025-12-23T22:25:22+00:00","og_image":[{"width":1250,"height":1250,"url":"https:\/\/acuariosupremus.com\/wp-content\/uploads\/2022\/04\/azoo_bio-garden_spong_01.jpg","type":"image\/jpeg"}],"twitter_card":"summary_large_image","twitter_site":"@AcuarioSupremus","twitter_misc":{"Tiempo de lectura":"2 minutos"},"schema":{"@context":"https:\/\/schema.org","@graph":[{"@type":"WebPage","@id":"https:\/\/acuariosupremus.com\/?product=bio-sponge-garden-aquarium-sustrato-plantas-terrestres-en-acuarios-jardin","url":"https:\/\/acuariosupremus.com\/?product=bio-sponge-garden-aquarium-sustrato-plantas-terrestres-en-acuarios-jardin","name":"Bio-sponge Garden Aquarium (sustrato plantas terrestres en Acuarios Jard\u00edn) | Acuario Supremus","isPartOf":{"@id":"https:\/\/acuariosupremus.com\/#website"},"primaryImageOfPage":{"@id":"https:\/\/acuariosupremus.com\/?product=bio-sponge-garden-aquarium-sustrato-plantas-terrestres-en-acuarios-jardin#primaryimage"},"image":{"@id":"https:\/\/acuariosupremus.com\/?product=bio-sponge-garden-aquarium-sustrato-plantas-terrestres-en-acuarios-jardin#primaryimage"},"thumbnailUrl":"https:\/\/acuariosupremus.com\/wp-content\/uploads\/2022\/04\/azoo_bio-garden_spong_01.jpg","datePublished":"2022-04-21T20:14:44+00:00","dateModified":"2025-12-23T22:25:22+00:00","description":"Para acuarios de agua dulce, acuarios plantados, estanques, agua salada y arrecifes. AZOO Bio-Garden Sponge un medio filtrante biol\u00f3gico.","breadcrumb":{"@id":"https:\/\/acuariosupremus.com\/?product=bio-sponge-garden-aquarium-sustrato-plantas-terrestres-en-acuarios-jardin#breadcrumb"},"inLanguage":"es","potentialAction":[{"@type":"ReadAction","target":["https:\/\/acuariosupremus.com\/?product=bio-sponge-garden-aquarium-sustrato-plantas-terrestres-en-acuarios-jardin"]}]},{"@type":"ImageObject","inLanguage":"es","@id":"https:\/\/acuariosupremus.com\/?product=bio-sponge-garden-aquarium-sustrato-plantas-terrestres-en-acuarios-jardin#primaryimage","url":"https:\/\/acuariosupremus.com\/wp-content\/uploads\/2022\/04\/azoo_bio-garden_spong_01.jpg","contentUrl":"https:\/\/acuariosupremus.com\/wp-content\/uploads\/2022\/04\/azoo_bio-garden_spong_01.jpg","width":1250,"height":1250},{"@type":"BreadcrumbList","@id":"https:\/\/acuariosupremus.com\/?product=bio-sponge-garden-aquarium-sustrato-plantas-terrestres-en-acuarios-jardin#breadcrumb","itemListElement":[{"@type":"ListItem","position":1,"name":"Portada","item":"https:\/\/acuariosupremus.com\/"},{"@type":"ListItem","position":2,"name":"Tienda","item":"https:\/\/acuariosupremus.com\/tienda\/"},{"@type":"ListItem","position":3,"name":"Bio-sponge Garden Aquarium (sustrato plantas terrestres en Acuarios Jard\u00edn)"}]},{"@type":"WebSite","@id":"https:\/\/acuariosupremus.com\/#website","url":"https:\/\/acuariosupremus.com\/","name":"Acuario Supremus","description":"Peces, Peceras y Mascotas.","publisher":{"@id":"https:\/\/acuariosupremus.com\/#organization"},"potentialAction":[{"@type":"SearchAction","target":{"@type":"EntryPoint","urlTemplate":"https:\/\/acuariosupremus.com\/?s={search_term_string}"},"query-input":{"@type":"PropertyValueSpecification","valueRequired":true,"valueName":"search_term_string"}}],"inLanguage":"es"},{"@type":"Organization","@id":"https:\/\/acuariosupremus.com\/#organization","name":"Acuario Supremus","url":"https:\/\/acuariosupremus.com\/","logo":{"@type":"ImageObject","inLanguage":"es","@id":"https:\/\/acuariosupremus.com\/#\/schema\/logo\/image\/","url":"https:\/\/acuariosupremus.com\/wp-content\/uploads\/2021\/12\/cropped-logo_acuario_supremus_fn-2.png","contentUrl":"https:\/\/acuariosupremus.com\/wp-content\/uploads\/2021\/12\/cropped-logo_acuario_supremus_fn-2.png","width":1000,"height":318,"caption":"Acuario Supremus"},"image":{"@id":"https:\/\/acuariosupremus.com\/#\/schema\/logo\/image\/"},"sameAs":["https:\/\/www.facebook.com\/AcuarioSupremus","https:\/\/x.com\/AcuarioSupremus","https:\/\/www.instagram.com\/acuariosupremus\/?hl=es"]}]}},"jetpack_sharing_enabled":true,"_links":{"self":[{"href":"https:\/\/acuariosupremus.com\/index.php?rest_route=\/wp\/v2\/product\/7246","targetHints":{"allow":["GET"]}}],"collection":[{"href":"https:\/\/acuariosupremus.com\/index.php?rest_route=\/wp\/v2\/product"}],"about":[{"href":"https:\/\/acuariosupremus.com\/index.php?rest_route=\/wp\/v2\/types\/product"}],"wp:featuredmedia":[{"embeddable":true,"href":"https:\/\/acuariosupremus.com\/index.php?rest_route=\/wp\/v2\/media\/7249"}],"wp:attachment":[{"href":"https:\/\/acuariosupremus.com\/index.php?rest_route=%2Fwp%2Fv2%2Fmedia&parent=7246"}],"wp:term":[{"taxonomy":"product_brand","embeddable":true,"href":"https:\/\/acuariosupremus.com\/index.php?rest_route=%2Fwp%2Fv2%2Fproduct_brand&post=7246"},{"taxonomy":"product_cat","embeddable":true,"href":"https:\/\/acuariosupremus.com\/index.php?rest_route=%2Fwp%2Fv2%2Fproduct_cat&post=7246"},{"taxonomy":"product_tag","embeddable":true,"href":"https:\/\/acuariosupremus.com\/index.php?rest_route=%2Fwp%2Fv2%2Fproduct_tag&post=7246"}],"curies":[{"name":"wp","href":"https:\/\/api.w.org\/{rel}","templated":true}]}}