{"id":7306,"date":"2022-04-21T20:18:49","date_gmt":"2022-04-22T01:18:49","guid":{"rendered":"https:\/\/acuariosupremus.com\/?post_type=product&#038;p=7306"},"modified":"2025-12-23T16:29:27","modified_gmt":"2025-12-23T22:29:27","slug":"fungus-treateranti-hongos-para-peces-de-agua-dulce-120-ml","status":"publish","type":"product","link":"https:\/\/acuariosupremus.com\/?product=fungus-treateranti-hongos-para-peces-de-agua-dulce-120-ml","title":{"rendered":"Fungus treater(anti-hongos para peces de agua dulce) 120 ml."},"content":{"rendered":"<p>INSTRUCCIONES:<br \/>\nPara uso en acuarios de agua dulce.<br \/>\nUtilice 10 ml. por cada 100 litros de agua dulce cada 24 horas durante tres d\u00edas consecutivos. Para aplicar dosis preventivas use media dosis (5ml. por cada 100L.) Durante el tratamiento mantenga el acuario bien oxigenado y extraiga la filtraci\u00f3n qu\u00edmica. Despu\u00e9s del tratamiento realizar un cambio de agua de un 50%. Mantenga el tap\u00f3n bien cerrado despu\u00e9s de cada uso.<br \/>\nATENCI\u00d3N:<br \/>\n\u2022 NO BEBER, EN CASO DE CONTACTO CON LOS OJOS ENJUAGUE CON ABUNDANTE AGUA LIMPIA Y ACUDIR AL M\u00c9DICO.<br \/>\n\u2022 MANTENGA EL PRODUCTO ALEJADO DE NI\u00d1OS Y MASCOTAS.<br \/>\n\u2022 CIERRE BIEN EL ENVASE DESPU\u00c9S DE CADA USO.<\/p>\n<p>P\/V Neto: 120 ml. Peso total:\u00a0 0.135(Kg.) Tama\u00f1o mm: 34 x 34 x 137 (l x a x h)<\/p>\n","protected":false},"excerpt":{"rendered":"<p>AZOO Fungus Treatment elimina las enfermedades causadas por hongos. Trata micelios algodonosos alrededor de la boca, ojos, aletas y piel, podredumbre fungal de aletas y cola entre otras.<\/p>\n","protected":false},"featured_media":7307,"template":"","meta":[],"product_brand":[118],"product_cat":[40,51],"product_tag":[583,224],"class_list":{"0":"post-7306","1":"product","2":"type-product","3":"status-publish","4":"has-post-thumbnail","6":"product_brand-azoo","7":"product_cat-peces","8":"product_cat-medicamentos","9":"product_tag-anti-hongos-peces-tropicales","10":"product_tag-medicamento-peces","12":"first","13":"instock","14":"sale","15":"shipping-taxable","16":"purchasable","17":"product-type-simple"},"yoast_head":"<!-- This site is optimized with the Yoast SEO plugin v27.4 - https:\/\/yoast.com\/product\/yoast-seo-wordpress\/ -->\n<title>Fungus treater(anti-hongos para peces de agua dulce) 120 ml. | Acuario Supremus<\/title>\n<meta name=\"description\" content=\"Elimina las enfermedades causadas por hongos. Trata micelios algodonosos alrededor de la boca, ojos, aletas y piel, podredumbre fungal de aletas y cola.\" \/>\n<meta name=\"robots\" content=\"index, follow, max-snippet:-1, max-image-preview:large, max-video-preview:-1\" \/>\n<link rel=\"canonical\" href=\"https:\/\/acuariosupremus.com\/?product=fungus-treateranti-hongos-para-peces-de-agua-dulce-120-ml\" \/>\n<meta property=\"og:locale\" content=\"es_MX\" \/>\n<meta property=\"og:type\" content=\"article\" \/>\n<meta property=\"og:title\" content=\"Fungus treater(anti-hongos para peces de agua dulce) 120 ml. | Acuario Supremus\" \/>\n<meta property=\"og:description\" content=\"Elimina las enfermedades causadas por hongos. Trata micelios algodonosos alrededor de la boca, ojos, aletas y piel, podredumbre fungal de aletas y cola.\" \/>\n<meta property=\"og:url\" content=\"https:\/\/acuariosupremus.com\/?product=fungus-treateranti-hongos-para-peces-de-agua-dulce-120-ml\" \/>\n<meta property=\"og:site_name\" content=\"Acuario Supremus\" \/>\n<meta property=\"article:publisher\" content=\"https:\/\/www.facebook.com\/AcuarioSupremus\" \/>\n<meta property=\"article:modified_time\" content=\"2025-12-23T22:29:27+00:00\" \/>\n<meta property=\"og:image\" content=\"https:\/\/acuariosupremus.com\/wp-content\/uploads\/2022\/04\/azoo_fungus_treatment_01.jpg\" \/>\n\t<meta property=\"og:image:width\" content=\"1250\" \/>\n\t<meta property=\"og:image:height\" content=\"1250\" \/>\n\t<meta property=\"og:image:type\" content=\"image\/jpeg\" \/>\n<meta name=\"twitter:card\" content=\"summary_large_image\" \/>\n<meta name=\"twitter:site\" content=\"@AcuarioSupremus\" \/>\n<meta name=\"twitter:label1\" content=\"Tiempo de lectura\" \/>\n\t<meta name=\"twitter:data1\" content=\"1 minuto\" \/>\n<script type=\"application\/ld+json\" class=\"yoast-schema-graph\">{\"@context\":\"https:\\\/\\\/schema.org\",\"@graph\":[{\"@type\":\"WebPage\",\"@id\":\"https:\\\/\\\/acuariosupremus.com\\\/?product=fungus-treateranti-hongos-para-peces-de-agua-dulce-120-ml\",\"url\":\"https:\\\/\\\/acuariosupremus.com\\\/?product=fungus-treateranti-hongos-para-peces-de-agua-dulce-120-ml\",\"name\":\"Fungus treater(anti-hongos para peces de agua dulce) 120 ml. | Acuario Supremus\",\"isPartOf\":{\"@id\":\"https:\\\/\\\/acuariosupremus.com\\\/#website\"},\"primaryImageOfPage\":{\"@id\":\"https:\\\/\\\/acuariosupremus.com\\\/?product=fungus-treateranti-hongos-para-peces-de-agua-dulce-120-ml#primaryimage\"},\"image\":{\"@id\":\"https:\\\/\\\/acuariosupremus.com\\\/?product=fungus-treateranti-hongos-para-peces-de-agua-dulce-120-ml#primaryimage\"},\"thumbnailUrl\":\"https:\\\/\\\/acuariosupremus.com\\\/wp-content\\\/uploads\\\/2022\\\/04\\\/azoo_fungus_treatment_01.jpg\",\"datePublished\":\"2022-04-22T01:18:49+00:00\",\"dateModified\":\"2025-12-23T22:29:27+00:00\",\"description\":\"Elimina las enfermedades causadas por hongos. Trata micelios algodonosos alrededor de la boca, ojos, aletas y piel, podredumbre fungal de aletas y cola.\",\"breadcrumb\":{\"@id\":\"https:\\\/\\\/acuariosupremus.com\\\/?product=fungus-treateranti-hongos-para-peces-de-agua-dulce-120-ml#breadcrumb\"},\"inLanguage\":\"es\",\"potentialAction\":[{\"@type\":\"ReadAction\",\"target\":[\"https:\\\/\\\/acuariosupremus.com\\\/?product=fungus-treateranti-hongos-para-peces-de-agua-dulce-120-ml\"]}]},{\"@type\":\"ImageObject\",\"inLanguage\":\"es\",\"@id\":\"https:\\\/\\\/acuariosupremus.com\\\/?product=fungus-treateranti-hongos-para-peces-de-agua-dulce-120-ml#primaryimage\",\"url\":\"https:\\\/\\\/acuariosupremus.com\\\/wp-content\\\/uploads\\\/2022\\\/04\\\/azoo_fungus_treatment_01.jpg\",\"contentUrl\":\"https:\\\/\\\/acuariosupremus.com\\\/wp-content\\\/uploads\\\/2022\\\/04\\\/azoo_fungus_treatment_01.jpg\",\"width\":1250,\"height\":1250},{\"@type\":\"BreadcrumbList\",\"@id\":\"https:\\\/\\\/acuariosupremus.com\\\/?product=fungus-treateranti-hongos-para-peces-de-agua-dulce-120-ml#breadcrumb\",\"itemListElement\":[{\"@type\":\"ListItem\",\"position\":1,\"name\":\"Portada\",\"item\":\"https:\\\/\\\/acuariosupremus.com\\\/\"},{\"@type\":\"ListItem\",\"position\":2,\"name\":\"Tienda\",\"item\":\"https:\\\/\\\/acuariosupremus.com\\\/tienda\\\/\"},{\"@type\":\"ListItem\",\"position\":3,\"name\":\"Fungus treater(anti-hongos para peces de agua dulce) 120 ml.\"}]},{\"@type\":\"WebSite\",\"@id\":\"https:\\\/\\\/acuariosupremus.com\\\/#website\",\"url\":\"https:\\\/\\\/acuariosupremus.com\\\/\",\"name\":\"Acuario Supremus\",\"description\":\"Peces, Peceras y Mascotas.\",\"publisher\":{\"@id\":\"https:\\\/\\\/acuariosupremus.com\\\/#organization\"},\"potentialAction\":[{\"@type\":\"SearchAction\",\"target\":{\"@type\":\"EntryPoint\",\"urlTemplate\":\"https:\\\/\\\/acuariosupremus.com\\\/?s={search_term_string}\"},\"query-input\":{\"@type\":\"PropertyValueSpecification\",\"valueRequired\":true,\"valueName\":\"search_term_string\"}}],\"inLanguage\":\"es\"},{\"@type\":\"Organization\",\"@id\":\"https:\\\/\\\/acuariosupremus.com\\\/#organization\",\"name\":\"Acuario Supremus\",\"url\":\"https:\\\/\\\/acuariosupremus.com\\\/\",\"logo\":{\"@type\":\"ImageObject\",\"inLanguage\":\"es\",\"@id\":\"https:\\\/\\\/acuariosupremus.com\\\/#\\\/schema\\\/logo\\\/image\\\/\",\"url\":\"https:\\\/\\\/acuariosupremus.com\\\/wp-content\\\/uploads\\\/2021\\\/12\\\/cropped-logo_acuario_supremus_fn-2.png\",\"contentUrl\":\"https:\\\/\\\/acuariosupremus.com\\\/wp-content\\\/uploads\\\/2021\\\/12\\\/cropped-logo_acuario_supremus_fn-2.png\",\"width\":1000,\"height\":318,\"caption\":\"Acuario Supremus\"},\"image\":{\"@id\":\"https:\\\/\\\/acuariosupremus.com\\\/#\\\/schema\\\/logo\\\/image\\\/\"},\"sameAs\":[\"https:\\\/\\\/www.facebook.com\\\/AcuarioSupremus\",\"https:\\\/\\\/x.com\\\/AcuarioSupremus\",\"https:\\\/\\\/www.instagram.com\\\/acuariosupremus\\\/?hl=es\"]}]}<\/script>\n<!-- \/ Yoast SEO plugin. -->","yoast_head_json":{"title":"Fungus treater(anti-hongos para peces de agua dulce) 120 ml. | Acuario Supremus","description":"Elimina las enfermedades causadas por hongos. Trata micelios algodonosos alrededor de la boca, ojos, aletas y piel, podredumbre fungal de aletas y cola.","robots":{"index":"index","follow":"follow","max-snippet":"max-snippet:-1","max-image-preview":"max-image-preview:large","max-video-preview":"max-video-preview:-1"},"canonical":"https:\/\/acuariosupremus.com\/?product=fungus-treateranti-hongos-para-peces-de-agua-dulce-120-ml","og_locale":"es_MX","og_type":"article","og_title":"Fungus treater(anti-hongos para peces de agua dulce) 120 ml. | Acuario Supremus","og_description":"Elimina las enfermedades causadas por hongos. Trata micelios algodonosos alrededor de la boca, ojos, aletas y piel, podredumbre fungal de aletas y cola.","og_url":"https:\/\/acuariosupremus.com\/?product=fungus-treateranti-hongos-para-peces-de-agua-dulce-120-ml","og_site_name":"Acuario Supremus","article_publisher":"https:\/\/www.facebook.com\/AcuarioSupremus","article_modified_time":"2025-12-23T22:29:27+00:00","og_image":[{"width":1250,"height":1250,"url":"https:\/\/acuariosupremus.com\/wp-content\/uploads\/2022\/04\/azoo_fungus_treatment_01.jpg","type":"image\/jpeg"}],"twitter_card":"summary_large_image","twitter_site":"@AcuarioSupremus","twitter_misc":{"Tiempo de lectura":"1 minuto"},"schema":{"@context":"https:\/\/schema.org","@graph":[{"@type":"WebPage","@id":"https:\/\/acuariosupremus.com\/?product=fungus-treateranti-hongos-para-peces-de-agua-dulce-120-ml","url":"https:\/\/acuariosupremus.com\/?product=fungus-treateranti-hongos-para-peces-de-agua-dulce-120-ml","name":"Fungus treater(anti-hongos para peces de agua dulce) 120 ml. | Acuario Supremus","isPartOf":{"@id":"https:\/\/acuariosupremus.com\/#website"},"primaryImageOfPage":{"@id":"https:\/\/acuariosupremus.com\/?product=fungus-treateranti-hongos-para-peces-de-agua-dulce-120-ml#primaryimage"},"image":{"@id":"https:\/\/acuariosupremus.com\/?product=fungus-treateranti-hongos-para-peces-de-agua-dulce-120-ml#primaryimage"},"thumbnailUrl":"https:\/\/acuariosupremus.com\/wp-content\/uploads\/2022\/04\/azoo_fungus_treatment_01.jpg","datePublished":"2022-04-22T01:18:49+00:00","dateModified":"2025-12-23T22:29:27+00:00","description":"Elimina las enfermedades causadas por hongos. Trata micelios algodonosos alrededor de la boca, ojos, aletas y piel, podredumbre fungal de aletas y cola.","breadcrumb":{"@id":"https:\/\/acuariosupremus.com\/?product=fungus-treateranti-hongos-para-peces-de-agua-dulce-120-ml#breadcrumb"},"inLanguage":"es","potentialAction":[{"@type":"ReadAction","target":["https:\/\/acuariosupremus.com\/?product=fungus-treateranti-hongos-para-peces-de-agua-dulce-120-ml"]}]},{"@type":"ImageObject","inLanguage":"es","@id":"https:\/\/acuariosupremus.com\/?product=fungus-treateranti-hongos-para-peces-de-agua-dulce-120-ml#primaryimage","url":"https:\/\/acuariosupremus.com\/wp-content\/uploads\/2022\/04\/azoo_fungus_treatment_01.jpg","contentUrl":"https:\/\/acuariosupremus.com\/wp-content\/uploads\/2022\/04\/azoo_fungus_treatment_01.jpg","width":1250,"height":1250},{"@type":"BreadcrumbList","@id":"https:\/\/acuariosupremus.com\/?product=fungus-treateranti-hongos-para-peces-de-agua-dulce-120-ml#breadcrumb","itemListElement":[{"@type":"ListItem","position":1,"name":"Portada","item":"https:\/\/acuariosupremus.com\/"},{"@type":"ListItem","position":2,"name":"Tienda","item":"https:\/\/acuariosupremus.com\/tienda\/"},{"@type":"ListItem","position":3,"name":"Fungus treater(anti-hongos para peces de agua dulce) 120 ml."}]},{"@type":"WebSite","@id":"https:\/\/acuariosupremus.com\/#website","url":"https:\/\/acuariosupremus.com\/","name":"Acuario Supremus","description":"Peces, Peceras y Mascotas.","publisher":{"@id":"https:\/\/acuariosupremus.com\/#organization"},"potentialAction":[{"@type":"SearchAction","target":{"@type":"EntryPoint","urlTemplate":"https:\/\/acuariosupremus.com\/?s={search_term_string}"},"query-input":{"@type":"PropertyValueSpecification","valueRequired":true,"valueName":"search_term_string"}}],"inLanguage":"es"},{"@type":"Organization","@id":"https:\/\/acuariosupremus.com\/#organization","name":"Acuario Supremus","url":"https:\/\/acuariosupremus.com\/","logo":{"@type":"ImageObject","inLanguage":"es","@id":"https:\/\/acuariosupremus.com\/#\/schema\/logo\/image\/","url":"https:\/\/acuariosupremus.com\/wp-content\/uploads\/2021\/12\/cropped-logo_acuario_supremus_fn-2.png","contentUrl":"https:\/\/acuariosupremus.com\/wp-content\/uploads\/2021\/12\/cropped-logo_acuario_supremus_fn-2.png","width":1000,"height":318,"caption":"Acuario Supremus"},"image":{"@id":"https:\/\/acuariosupremus.com\/#\/schema\/logo\/image\/"},"sameAs":["https:\/\/www.facebook.com\/AcuarioSupremus","https:\/\/x.com\/AcuarioSupremus","https:\/\/www.instagram.com\/acuariosupremus\/?hl=es"]}]}},"jetpack_sharing_enabled":true,"_links":{"self":[{"href":"https:\/\/acuariosupremus.com\/index.php?rest_route=\/wp\/v2\/product\/7306","targetHints":{"allow":["GET"]}}],"collection":[{"href":"https:\/\/acuariosupremus.com\/index.php?rest_route=\/wp\/v2\/product"}],"about":[{"href":"https:\/\/acuariosupremus.com\/index.php?rest_route=\/wp\/v2\/types\/product"}],"wp:featuredmedia":[{"embeddable":true,"href":"https:\/\/acuariosupremus.com\/index.php?rest_route=\/wp\/v2\/media\/7307"}],"wp:attachment":[{"href":"https:\/\/acuariosupremus.com\/index.php?rest_route=%2Fwp%2Fv2%2Fmedia&parent=7306"}],"wp:term":[{"taxonomy":"product_brand","embeddable":true,"href":"https:\/\/acuariosupremus.com\/index.php?rest_route=%2Fwp%2Fv2%2Fproduct_brand&post=7306"},{"taxonomy":"product_cat","embeddable":true,"href":"https:\/\/acuariosupremus.com\/index.php?rest_route=%2Fwp%2Fv2%2Fproduct_cat&post=7306"},{"taxonomy":"product_tag","embeddable":true,"href":"https:\/\/acuariosupremus.com\/index.php?rest_route=%2Fwp%2Fv2%2Fproduct_tag&post=7306"}],"curies":[{"name":"wp","href":"https:\/\/api.w.org\/{rel}","templated":true}]}}