{"id":7318,"date":"2022-04-21T20:36:55","date_gmt":"2022-04-22T01:36:55","guid":{"rendered":"https:\/\/acuariosupremus.com\/?post_type=product&#038;p=7318"},"modified":"2025-12-23T16:32:34","modified_gmt":"2025-12-23T22:32:34","slug":"anti-white-spot-tratamiento-contra-el-ich-120-ml","status":"publish","type":"product","link":"https:\/\/acuariosupremus.com\/?product=anti-white-spot-tratamiento-contra-el-ich-120-ml","title":{"rendered":"Anti-white spot (tratamiento contra el ich ) 120 ml"},"content":{"rendered":"<p>INSTRUCCIONES:<br \/>\nPara uso en acuarios de agua dulce y salada. Puede usarse en arrecifes.<br \/>\nUtilice 10 ml. por cada 100 litros de agua cada 24 horas hasta 3 d\u00edas despu\u00e9s de que hayan desaparecido los s\u00edntomas de la enfermedad. Para aplicar dosis preventivas use media dosis (5ml. por cada 100L.) Para Lymphocystis en agua marina use doble dosis durante 7 d\u00edas. Durante el tratamiento mantenga el acuario bien oxigenado y extraiga la filtraci\u00f3n qu\u00edmica. Despu\u00e9s del tratamiento realizar un cambio de agua de un 50%.<br \/>\nATENCI\u00d3N:<br \/>\n\u2022 NO BEBER, EN CASO DE CONTACTO CON LOS OJOS ENJUAGUE CON ABUNDANTE AGUA LIMPIA Y ACUDIR AL M\u00c9DICO.<br \/>\n\u2022 MANTENGA EL PRODUCTO ALEJADO DE NI\u00d1OS Y MASCOTAS.<br \/>\n\u2022 CIERRE BIEN EL ENVASE DESPU\u00c9S DE CADA USO.<\/p>\n<p>P\/V Neto: 120 ml. Peso total:\u00a0 0.150 (Kg.) Tama\u00f1o mm: 34 x 34 x 137 (l x a x h)<\/p>\n","protected":false},"excerpt":{"rendered":"<p>Para uso en acuarios de agua dulce y salada. Puede usarse en arrecifes.<br \/>\nAZOO Anti-White Spot elimina la enfermedad del punto blanco en peces de agua dulce y marinos. Tambi\u00e9n ayuda a la prevenci\u00f3n del contagio de Lymphocystis en agua marina.<\/p>\n","protected":false},"featured_media":7319,"template":"","meta":[],"product_brand":[118],"product_cat":[40,51],"product_tag":[587,224],"class_list":{"0":"post-7318","1":"product","2":"type-product","3":"status-publish","4":"has-post-thumbnail","6":"product_brand-azoo","7":"product_cat-peces","8":"product_cat-medicamentos","9":"product_tag-anti-ich-peces-tropicales","10":"product_tag-medicamento-peces","12":"first","13":"instock","14":"sale","15":"shipping-taxable","16":"purchasable","17":"product-type-simple"},"yoast_head":"<!-- This site is optimized with the Yoast SEO plugin v27.4 - https:\/\/yoast.com\/product\/yoast-seo-wordpress\/ -->\n<title>Anti-white spot (tratamiento contra el ich ) 120 ml | Acuario Supremus<\/title>\n<meta name=\"description\" content=\"Elimina la enfermedad del punto blanco en peces de agua dulce y marinos. Tambi\u00e9n ayuda a la prevenci\u00f3n del contagio de Lymphocystis en agua marina.\" \/>\n<meta name=\"robots\" content=\"index, follow, max-snippet:-1, max-image-preview:large, max-video-preview:-1\" \/>\n<link rel=\"canonical\" href=\"https:\/\/acuariosupremus.com\/?product=anti-white-spot-tratamiento-contra-el-ich-120-ml\" \/>\n<meta property=\"og:locale\" content=\"es_MX\" \/>\n<meta property=\"og:type\" content=\"article\" \/>\n<meta property=\"og:title\" content=\"Anti-white spot (tratamiento contra el ich ) 120 ml | Acuario Supremus\" \/>\n<meta property=\"og:description\" content=\"Elimina la enfermedad del punto blanco en peces de agua dulce y marinos. Tambi\u00e9n ayuda a la prevenci\u00f3n del contagio de Lymphocystis en agua marina.\" \/>\n<meta property=\"og:url\" content=\"https:\/\/acuariosupremus.com\/?product=anti-white-spot-tratamiento-contra-el-ich-120-ml\" \/>\n<meta property=\"og:site_name\" content=\"Acuario Supremus\" \/>\n<meta property=\"article:publisher\" content=\"https:\/\/www.facebook.com\/AcuarioSupremus\" \/>\n<meta property=\"article:modified_time\" content=\"2025-12-23T22:32:34+00:00\" \/>\n<meta property=\"og:image\" content=\"https:\/\/acuariosupremus.com\/wp-content\/uploads\/2022\/04\/azoo_anti_white_spot_01.jpg\" \/>\n\t<meta property=\"og:image:width\" content=\"1250\" \/>\n\t<meta property=\"og:image:height\" content=\"1250\" \/>\n\t<meta property=\"og:image:type\" content=\"image\/jpeg\" \/>\n<meta name=\"twitter:card\" content=\"summary_large_image\" \/>\n<meta name=\"twitter:site\" content=\"@AcuarioSupremus\" \/>\n<meta name=\"twitter:label1\" content=\"Tiempo de lectura\" \/>\n\t<meta name=\"twitter:data1\" content=\"1 minuto\" \/>\n<script type=\"application\/ld+json\" class=\"yoast-schema-graph\">{\"@context\":\"https:\\\/\\\/schema.org\",\"@graph\":[{\"@type\":\"WebPage\",\"@id\":\"https:\\\/\\\/acuariosupremus.com\\\/?product=anti-white-spot-tratamiento-contra-el-ich-120-ml\",\"url\":\"https:\\\/\\\/acuariosupremus.com\\\/?product=anti-white-spot-tratamiento-contra-el-ich-120-ml\",\"name\":\"Anti-white spot (tratamiento contra el ich ) 120 ml | Acuario Supremus\",\"isPartOf\":{\"@id\":\"https:\\\/\\\/acuariosupremus.com\\\/#website\"},\"primaryImageOfPage\":{\"@id\":\"https:\\\/\\\/acuariosupremus.com\\\/?product=anti-white-spot-tratamiento-contra-el-ich-120-ml#primaryimage\"},\"image\":{\"@id\":\"https:\\\/\\\/acuariosupremus.com\\\/?product=anti-white-spot-tratamiento-contra-el-ich-120-ml#primaryimage\"},\"thumbnailUrl\":\"https:\\\/\\\/acuariosupremus.com\\\/wp-content\\\/uploads\\\/2022\\\/04\\\/azoo_anti_white_spot_01.jpg\",\"datePublished\":\"2022-04-22T01:36:55+00:00\",\"dateModified\":\"2025-12-23T22:32:34+00:00\",\"description\":\"Elimina la enfermedad del punto blanco en peces de agua dulce y marinos. Tambi\u00e9n ayuda a la prevenci\u00f3n del contagio de Lymphocystis en agua marina.\",\"breadcrumb\":{\"@id\":\"https:\\\/\\\/acuariosupremus.com\\\/?product=anti-white-spot-tratamiento-contra-el-ich-120-ml#breadcrumb\"},\"inLanguage\":\"es\",\"potentialAction\":[{\"@type\":\"ReadAction\",\"target\":[\"https:\\\/\\\/acuariosupremus.com\\\/?product=anti-white-spot-tratamiento-contra-el-ich-120-ml\"]}]},{\"@type\":\"ImageObject\",\"inLanguage\":\"es\",\"@id\":\"https:\\\/\\\/acuariosupremus.com\\\/?product=anti-white-spot-tratamiento-contra-el-ich-120-ml#primaryimage\",\"url\":\"https:\\\/\\\/acuariosupremus.com\\\/wp-content\\\/uploads\\\/2022\\\/04\\\/azoo_anti_white_spot_01.jpg\",\"contentUrl\":\"https:\\\/\\\/acuariosupremus.com\\\/wp-content\\\/uploads\\\/2022\\\/04\\\/azoo_anti_white_spot_01.jpg\",\"width\":1250,\"height\":1250},{\"@type\":\"BreadcrumbList\",\"@id\":\"https:\\\/\\\/acuariosupremus.com\\\/?product=anti-white-spot-tratamiento-contra-el-ich-120-ml#breadcrumb\",\"itemListElement\":[{\"@type\":\"ListItem\",\"position\":1,\"name\":\"Portada\",\"item\":\"https:\\\/\\\/acuariosupremus.com\\\/\"},{\"@type\":\"ListItem\",\"position\":2,\"name\":\"Tienda\",\"item\":\"https:\\\/\\\/acuariosupremus.com\\\/tienda\\\/\"},{\"@type\":\"ListItem\",\"position\":3,\"name\":\"Anti-white spot (tratamiento contra el ich ) 120 ml\"}]},{\"@type\":\"WebSite\",\"@id\":\"https:\\\/\\\/acuariosupremus.com\\\/#website\",\"url\":\"https:\\\/\\\/acuariosupremus.com\\\/\",\"name\":\"Acuario Supremus\",\"description\":\"Peces, Peceras y Mascotas.\",\"publisher\":{\"@id\":\"https:\\\/\\\/acuariosupremus.com\\\/#organization\"},\"potentialAction\":[{\"@type\":\"SearchAction\",\"target\":{\"@type\":\"EntryPoint\",\"urlTemplate\":\"https:\\\/\\\/acuariosupremus.com\\\/?s={search_term_string}\"},\"query-input\":{\"@type\":\"PropertyValueSpecification\",\"valueRequired\":true,\"valueName\":\"search_term_string\"}}],\"inLanguage\":\"es\"},{\"@type\":\"Organization\",\"@id\":\"https:\\\/\\\/acuariosupremus.com\\\/#organization\",\"name\":\"Acuario Supremus\",\"url\":\"https:\\\/\\\/acuariosupremus.com\\\/\",\"logo\":{\"@type\":\"ImageObject\",\"inLanguage\":\"es\",\"@id\":\"https:\\\/\\\/acuariosupremus.com\\\/#\\\/schema\\\/logo\\\/image\\\/\",\"url\":\"https:\\\/\\\/acuariosupremus.com\\\/wp-content\\\/uploads\\\/2021\\\/12\\\/cropped-logo_acuario_supremus_fn-2.png\",\"contentUrl\":\"https:\\\/\\\/acuariosupremus.com\\\/wp-content\\\/uploads\\\/2021\\\/12\\\/cropped-logo_acuario_supremus_fn-2.png\",\"width\":1000,\"height\":318,\"caption\":\"Acuario Supremus\"},\"image\":{\"@id\":\"https:\\\/\\\/acuariosupremus.com\\\/#\\\/schema\\\/logo\\\/image\\\/\"},\"sameAs\":[\"https:\\\/\\\/www.facebook.com\\\/AcuarioSupremus\",\"https:\\\/\\\/x.com\\\/AcuarioSupremus\",\"https:\\\/\\\/www.instagram.com\\\/acuariosupremus\\\/?hl=es\"]}]}<\/script>\n<!-- \/ Yoast SEO plugin. -->","yoast_head_json":{"title":"Anti-white spot (tratamiento contra el ich ) 120 ml | Acuario Supremus","description":"Elimina la enfermedad del punto blanco en peces de agua dulce y marinos. Tambi\u00e9n ayuda a la prevenci\u00f3n del contagio de Lymphocystis en agua marina.","robots":{"index":"index","follow":"follow","max-snippet":"max-snippet:-1","max-image-preview":"max-image-preview:large","max-video-preview":"max-video-preview:-1"},"canonical":"https:\/\/acuariosupremus.com\/?product=anti-white-spot-tratamiento-contra-el-ich-120-ml","og_locale":"es_MX","og_type":"article","og_title":"Anti-white spot (tratamiento contra el ich ) 120 ml | Acuario Supremus","og_description":"Elimina la enfermedad del punto blanco en peces de agua dulce y marinos. Tambi\u00e9n ayuda a la prevenci\u00f3n del contagio de Lymphocystis en agua marina.","og_url":"https:\/\/acuariosupremus.com\/?product=anti-white-spot-tratamiento-contra-el-ich-120-ml","og_site_name":"Acuario Supremus","article_publisher":"https:\/\/www.facebook.com\/AcuarioSupremus","article_modified_time":"2025-12-23T22:32:34+00:00","og_image":[{"width":1250,"height":1250,"url":"https:\/\/acuariosupremus.com\/wp-content\/uploads\/2022\/04\/azoo_anti_white_spot_01.jpg","type":"image\/jpeg"}],"twitter_card":"summary_large_image","twitter_site":"@AcuarioSupremus","twitter_misc":{"Tiempo de lectura":"1 minuto"},"schema":{"@context":"https:\/\/schema.org","@graph":[{"@type":"WebPage","@id":"https:\/\/acuariosupremus.com\/?product=anti-white-spot-tratamiento-contra-el-ich-120-ml","url":"https:\/\/acuariosupremus.com\/?product=anti-white-spot-tratamiento-contra-el-ich-120-ml","name":"Anti-white spot (tratamiento contra el ich ) 120 ml | Acuario Supremus","isPartOf":{"@id":"https:\/\/acuariosupremus.com\/#website"},"primaryImageOfPage":{"@id":"https:\/\/acuariosupremus.com\/?product=anti-white-spot-tratamiento-contra-el-ich-120-ml#primaryimage"},"image":{"@id":"https:\/\/acuariosupremus.com\/?product=anti-white-spot-tratamiento-contra-el-ich-120-ml#primaryimage"},"thumbnailUrl":"https:\/\/acuariosupremus.com\/wp-content\/uploads\/2022\/04\/azoo_anti_white_spot_01.jpg","datePublished":"2022-04-22T01:36:55+00:00","dateModified":"2025-12-23T22:32:34+00:00","description":"Elimina la enfermedad del punto blanco en peces de agua dulce y marinos. Tambi\u00e9n ayuda a la prevenci\u00f3n del contagio de Lymphocystis en agua marina.","breadcrumb":{"@id":"https:\/\/acuariosupremus.com\/?product=anti-white-spot-tratamiento-contra-el-ich-120-ml#breadcrumb"},"inLanguage":"es","potentialAction":[{"@type":"ReadAction","target":["https:\/\/acuariosupremus.com\/?product=anti-white-spot-tratamiento-contra-el-ich-120-ml"]}]},{"@type":"ImageObject","inLanguage":"es","@id":"https:\/\/acuariosupremus.com\/?product=anti-white-spot-tratamiento-contra-el-ich-120-ml#primaryimage","url":"https:\/\/acuariosupremus.com\/wp-content\/uploads\/2022\/04\/azoo_anti_white_spot_01.jpg","contentUrl":"https:\/\/acuariosupremus.com\/wp-content\/uploads\/2022\/04\/azoo_anti_white_spot_01.jpg","width":1250,"height":1250},{"@type":"BreadcrumbList","@id":"https:\/\/acuariosupremus.com\/?product=anti-white-spot-tratamiento-contra-el-ich-120-ml#breadcrumb","itemListElement":[{"@type":"ListItem","position":1,"name":"Portada","item":"https:\/\/acuariosupremus.com\/"},{"@type":"ListItem","position":2,"name":"Tienda","item":"https:\/\/acuariosupremus.com\/tienda\/"},{"@type":"ListItem","position":3,"name":"Anti-white spot (tratamiento contra el ich ) 120 ml"}]},{"@type":"WebSite","@id":"https:\/\/acuariosupremus.com\/#website","url":"https:\/\/acuariosupremus.com\/","name":"Acuario Supremus","description":"Peces, Peceras y Mascotas.","publisher":{"@id":"https:\/\/acuariosupremus.com\/#organization"},"potentialAction":[{"@type":"SearchAction","target":{"@type":"EntryPoint","urlTemplate":"https:\/\/acuariosupremus.com\/?s={search_term_string}"},"query-input":{"@type":"PropertyValueSpecification","valueRequired":true,"valueName":"search_term_string"}}],"inLanguage":"es"},{"@type":"Organization","@id":"https:\/\/acuariosupremus.com\/#organization","name":"Acuario Supremus","url":"https:\/\/acuariosupremus.com\/","logo":{"@type":"ImageObject","inLanguage":"es","@id":"https:\/\/acuariosupremus.com\/#\/schema\/logo\/image\/","url":"https:\/\/acuariosupremus.com\/wp-content\/uploads\/2021\/12\/cropped-logo_acuario_supremus_fn-2.png","contentUrl":"https:\/\/acuariosupremus.com\/wp-content\/uploads\/2021\/12\/cropped-logo_acuario_supremus_fn-2.png","width":1000,"height":318,"caption":"Acuario Supremus"},"image":{"@id":"https:\/\/acuariosupremus.com\/#\/schema\/logo\/image\/"},"sameAs":["https:\/\/www.facebook.com\/AcuarioSupremus","https:\/\/x.com\/AcuarioSupremus","https:\/\/www.instagram.com\/acuariosupremus\/?hl=es"]}]}},"jetpack_sharing_enabled":true,"_links":{"self":[{"href":"https:\/\/acuariosupremus.com\/index.php?rest_route=\/wp\/v2\/product\/7318","targetHints":{"allow":["GET"]}}],"collection":[{"href":"https:\/\/acuariosupremus.com\/index.php?rest_route=\/wp\/v2\/product"}],"about":[{"href":"https:\/\/acuariosupremus.com\/index.php?rest_route=\/wp\/v2\/types\/product"}],"wp:featuredmedia":[{"embeddable":true,"href":"https:\/\/acuariosupremus.com\/index.php?rest_route=\/wp\/v2\/media\/7319"}],"wp:attachment":[{"href":"https:\/\/acuariosupremus.com\/index.php?rest_route=%2Fwp%2Fv2%2Fmedia&parent=7318"}],"wp:term":[{"taxonomy":"product_brand","embeddable":true,"href":"https:\/\/acuariosupremus.com\/index.php?rest_route=%2Fwp%2Fv2%2Fproduct_brand&post=7318"},{"taxonomy":"product_cat","embeddable":true,"href":"https:\/\/acuariosupremus.com\/index.php?rest_route=%2Fwp%2Fv2%2Fproduct_cat&post=7318"},{"taxonomy":"product_tag","embeddable":true,"href":"https:\/\/acuariosupremus.com\/index.php?rest_route=%2Fwp%2Fv2%2Fproduct_tag&post=7318"}],"curies":[{"name":"wp","href":"https:\/\/api.w.org\/{rel}","templated":true}]}}