{"id":7339,"date":"2022-04-23T15:19:49","date_gmt":"2022-04-23T20:19:49","guid":{"rendered":"https:\/\/acuariosupremus.com\/?post_type=product&#038;p=7339"},"modified":"2025-12-23T17:33:20","modified_gmt":"2025-12-23T23:33:20","slug":"ph-pen-microprocesador-electronico-portatil-para-medir-el-ph","status":"publish","type":"product","link":"https:\/\/acuariosupremus.com\/?product=ph-pen-microprocesador-electronico-portatil-para-medir-el-ph","title":{"rendered":"PH pen (microprocesador electr\u00f3nico portatil para medir el pH)."},"content":{"rendered":"<p>1. Instale la bater\u00eda en su lugar y oprima el bot\u00f3n de encendido.<br \/>\n2. Retire la tapa protectora del electrodo y jale con cuidado del mismo para ajustar la longitud deseada. El electrodo tiene otra tapa protectora de goma para alojar el l\u00edquido de conservaci\u00f3n. Deber\u00e1 retirarla tambi\u00e9n.<br \/>\n3. Use la soluci\u00f3n 4M KCL para enjuagar el electrodo y s\u00e9quelo con cuidado.<br \/>\n4. Sumerja el electrodo en la soluci\u00f3n calibradora est\u00e1ndar que tiene un valor pH de 7.00. Agite suavemente la soluci\u00f3n con la pluma de pH. Cuando se estabilice la pantalla de lectura, ajuste el valor de la misma con el tornillo calibrador hasta que en la pantalla aparezca 7.0. El tornillo calibrador se encuentra en el costado derecho del dispositivo y se ajusta con el destornillador de precisi\u00f3n incluido.<br \/>\n5. Despu\u00e9s de calibrar el dispositivo, enjuague de nuevo con la soluci\u00f3n 4M KCL y s\u00e9quelo con cuidado.<br \/>\n6. Sumerja el electrodo en el agua a medir agit\u00e1ndolo suavemente dentro del agua. Despu\u00e9s de unos 3 minutos aparecer\u00e1 una lectura estable del valor pH en la pantalla.<br \/>\n7. Despu\u00e9s de terminar la lectura, enjuague electrodo de nuevo con la soluci\u00f3n 4M KCL y seque cuidadosamente.<br \/>\n8. Vuelva a colocar la tapa de goma sobre el electrodo.<br \/>\n9. No es necesario volver a calibrar el electrodo para el siguiente uso, pero ser\u00e1 necesaria una calibraci\u00f3n cada 2 semanas o tras realizar 10 lecturas.<br \/>\n10. La esponja dentro de la tapa de goma deber\u00e1 permanecer siempre humedecida utilizando la soluci\u00f3n 4M KCL.<br \/>\n11. Remplace la bater\u00eda cuando la pantalla comience a palidecer o los n\u00fameros desaparezcan.<\/p>\n<p>P\/V Neto:<br \/>\n120 (grs.)<br \/>\nPeso total:<br \/>\n0.285 (Kg.) con embalaje.<br \/>\nTama\u00f1o mm<br \/>\n100 x 44 x 178 (l x a x h) con embalaje<\/p>\n","protected":false},"excerpt":{"rendered":"<p>Dispositivo electr\u00f3nico port\u00e1til para medici\u00f3n del valor pH en acuarios de agua dulce, agua salada y estanques. AZOO pH Pen posee un electrodo extensible le permite obtener el valor pH de su acuario de la forma m\u00e1s f\u00e1cil y precisa casi en cualquier condici\u00f3n. Muestra el valor pH mediante un display digital LCD que ofrece una lectura clara y casi inmediata. Cuenta con circuitos electr\u00f3nicos de gran calidad montados mediante t\u00e9cnicas de fabricaci\u00f3n SMT (Surface Mount Technology) que ofrecen gran precisi\u00f3n, fiabilidad y durabilidad. El proceso de calibraci\u00f3n del electrodo en un solo punto es extremadamente sencillo y r\u00e1pido. Incluye estuche para transporte, l\u00edquido de calibraci\u00f3n a pH 7.00, soluci\u00f3n para limpieza del electrodo, destornillador de precisi\u00f3n para calibrar y bater\u00eda de 9v.<\/p>\n","protected":false},"featured_media":7341,"template":"","meta":[],"product_brand":[118],"product_cat":[40,52],"product_tag":[227],"class_list":{"0":"post-7339","1":"product","2":"type-product","3":"status-publish","4":"has-post-thumbnail","6":"product_brand-azoo","7":"product_cat-peces","8":"product_cat-medidores","9":"product_tag-medidor-ph","11":"first","12":"instock","13":"sale","14":"shipping-taxable","15":"purchasable","16":"product-type-simple"},"yoast_head":"<!-- This site is optimized with the Yoast SEO plugin v27.4 - https:\/\/yoast.com\/product\/yoast-seo-wordpress\/ -->\n<title>PH pen (microprocesador electr\u00f3nico portatil para medir el pH). | Acuario Supremus<\/title>\n<meta name=\"description\" content=\"AZOO pH Pen, Dispositivo electr\u00f3nico port\u00e1til para medici\u00f3n del valor pH en acuarios de agua dulce, agua salada y estanques.\" \/>\n<meta name=\"robots\" content=\"index, follow, max-snippet:-1, max-image-preview:large, max-video-preview:-1\" \/>\n<link rel=\"canonical\" href=\"https:\/\/acuariosupremus.com\/?product=ph-pen-microprocesador-electronico-portatil-para-medir-el-ph\" \/>\n<meta property=\"og:locale\" content=\"es_MX\" \/>\n<meta property=\"og:type\" content=\"article\" \/>\n<meta property=\"og:title\" content=\"PH pen (microprocesador electr\u00f3nico portatil para medir el pH). | Acuario Supremus\" \/>\n<meta property=\"og:description\" content=\"AZOO pH Pen, Dispositivo electr\u00f3nico port\u00e1til para medici\u00f3n del valor pH en acuarios de agua dulce, agua salada y estanques.\" \/>\n<meta property=\"og:url\" content=\"https:\/\/acuariosupremus.com\/?product=ph-pen-microprocesador-electronico-portatil-para-medir-el-ph\" \/>\n<meta property=\"og:site_name\" content=\"Acuario Supremus\" \/>\n<meta property=\"article:publisher\" content=\"https:\/\/www.facebook.com\/AcuarioSupremus\" \/>\n<meta property=\"article:modified_time\" content=\"2025-12-23T23:33:20+00:00\" \/>\n<meta property=\"og:image\" content=\"https:\/\/acuariosupremus.com\/wp-content\/uploads\/2022\/04\/azoo_ph_pen_02.jpg\" \/>\n\t<meta property=\"og:image:width\" content=\"1250\" \/>\n\t<meta property=\"og:image:height\" content=\"1250\" \/>\n\t<meta property=\"og:image:type\" content=\"image\/jpeg\" \/>\n<meta name=\"twitter:card\" content=\"summary_large_image\" \/>\n<meta name=\"twitter:site\" content=\"@AcuarioSupremus\" \/>\n<meta name=\"twitter:label1\" content=\"Tiempo de lectura\" \/>\n\t<meta name=\"twitter:data1\" content=\"2 minutos\" \/>\n<script type=\"application\/ld+json\" class=\"yoast-schema-graph\">{\"@context\":\"https:\\\/\\\/schema.org\",\"@graph\":[{\"@type\":\"WebPage\",\"@id\":\"https:\\\/\\\/acuariosupremus.com\\\/?product=ph-pen-microprocesador-electronico-portatil-para-medir-el-ph\",\"url\":\"https:\\\/\\\/acuariosupremus.com\\\/?product=ph-pen-microprocesador-electronico-portatil-para-medir-el-ph\",\"name\":\"PH pen (microprocesador electr\u00f3nico portatil para medir el pH). | Acuario Supremus\",\"isPartOf\":{\"@id\":\"https:\\\/\\\/acuariosupremus.com\\\/#website\"},\"primaryImageOfPage\":{\"@id\":\"https:\\\/\\\/acuariosupremus.com\\\/?product=ph-pen-microprocesador-electronico-portatil-para-medir-el-ph#primaryimage\"},\"image\":{\"@id\":\"https:\\\/\\\/acuariosupremus.com\\\/?product=ph-pen-microprocesador-electronico-portatil-para-medir-el-ph#primaryimage\"},\"thumbnailUrl\":\"https:\\\/\\\/acuariosupremus.com\\\/wp-content\\\/uploads\\\/2022\\\/04\\\/azoo_ph_pen_02.jpg\",\"datePublished\":\"2022-04-23T20:19:49+00:00\",\"dateModified\":\"2025-12-23T23:33:20+00:00\",\"description\":\"AZOO pH Pen, Dispositivo electr\u00f3nico port\u00e1til para medici\u00f3n del valor pH en acuarios de agua dulce, agua salada y estanques.\",\"breadcrumb\":{\"@id\":\"https:\\\/\\\/acuariosupremus.com\\\/?product=ph-pen-microprocesador-electronico-portatil-para-medir-el-ph#breadcrumb\"},\"inLanguage\":\"es\",\"potentialAction\":[{\"@type\":\"ReadAction\",\"target\":[\"https:\\\/\\\/acuariosupremus.com\\\/?product=ph-pen-microprocesador-electronico-portatil-para-medir-el-ph\"]}]},{\"@type\":\"ImageObject\",\"inLanguage\":\"es\",\"@id\":\"https:\\\/\\\/acuariosupremus.com\\\/?product=ph-pen-microprocesador-electronico-portatil-para-medir-el-ph#primaryimage\",\"url\":\"https:\\\/\\\/acuariosupremus.com\\\/wp-content\\\/uploads\\\/2022\\\/04\\\/azoo_ph_pen_02.jpg\",\"contentUrl\":\"https:\\\/\\\/acuariosupremus.com\\\/wp-content\\\/uploads\\\/2022\\\/04\\\/azoo_ph_pen_02.jpg\",\"width\":1250,\"height\":1250},{\"@type\":\"BreadcrumbList\",\"@id\":\"https:\\\/\\\/acuariosupremus.com\\\/?product=ph-pen-microprocesador-electronico-portatil-para-medir-el-ph#breadcrumb\",\"itemListElement\":[{\"@type\":\"ListItem\",\"position\":1,\"name\":\"Portada\",\"item\":\"https:\\\/\\\/acuariosupremus.com\\\/\"},{\"@type\":\"ListItem\",\"position\":2,\"name\":\"Tienda\",\"item\":\"https:\\\/\\\/acuariosupremus.com\\\/tienda\\\/\"},{\"@type\":\"ListItem\",\"position\":3,\"name\":\"PH pen (microprocesador electr\u00f3nico portatil para medir el pH).\"}]},{\"@type\":\"WebSite\",\"@id\":\"https:\\\/\\\/acuariosupremus.com\\\/#website\",\"url\":\"https:\\\/\\\/acuariosupremus.com\\\/\",\"name\":\"Acuario Supremus\",\"description\":\"Peces, Peceras y Mascotas.\",\"publisher\":{\"@id\":\"https:\\\/\\\/acuariosupremus.com\\\/#organization\"},\"potentialAction\":[{\"@type\":\"SearchAction\",\"target\":{\"@type\":\"EntryPoint\",\"urlTemplate\":\"https:\\\/\\\/acuariosupremus.com\\\/?s={search_term_string}\"},\"query-input\":{\"@type\":\"PropertyValueSpecification\",\"valueRequired\":true,\"valueName\":\"search_term_string\"}}],\"inLanguage\":\"es\"},{\"@type\":\"Organization\",\"@id\":\"https:\\\/\\\/acuariosupremus.com\\\/#organization\",\"name\":\"Acuario Supremus\",\"url\":\"https:\\\/\\\/acuariosupremus.com\\\/\",\"logo\":{\"@type\":\"ImageObject\",\"inLanguage\":\"es\",\"@id\":\"https:\\\/\\\/acuariosupremus.com\\\/#\\\/schema\\\/logo\\\/image\\\/\",\"url\":\"https:\\\/\\\/acuariosupremus.com\\\/wp-content\\\/uploads\\\/2021\\\/12\\\/cropped-logo_acuario_supremus_fn-2.png\",\"contentUrl\":\"https:\\\/\\\/acuariosupremus.com\\\/wp-content\\\/uploads\\\/2021\\\/12\\\/cropped-logo_acuario_supremus_fn-2.png\",\"width\":1000,\"height\":318,\"caption\":\"Acuario Supremus\"},\"image\":{\"@id\":\"https:\\\/\\\/acuariosupremus.com\\\/#\\\/schema\\\/logo\\\/image\\\/\"},\"sameAs\":[\"https:\\\/\\\/www.facebook.com\\\/AcuarioSupremus\",\"https:\\\/\\\/x.com\\\/AcuarioSupremus\",\"https:\\\/\\\/www.instagram.com\\\/acuariosupremus\\\/?hl=es\"]}]}<\/script>\n<!-- \/ Yoast SEO plugin. -->","yoast_head_json":{"title":"PH pen (microprocesador electr\u00f3nico portatil para medir el pH). | Acuario Supremus","description":"AZOO pH Pen, Dispositivo electr\u00f3nico port\u00e1til para medici\u00f3n del valor pH en acuarios de agua dulce, agua salada y estanques.","robots":{"index":"index","follow":"follow","max-snippet":"max-snippet:-1","max-image-preview":"max-image-preview:large","max-video-preview":"max-video-preview:-1"},"canonical":"https:\/\/acuariosupremus.com\/?product=ph-pen-microprocesador-electronico-portatil-para-medir-el-ph","og_locale":"es_MX","og_type":"article","og_title":"PH pen (microprocesador electr\u00f3nico portatil para medir el pH). | Acuario Supremus","og_description":"AZOO pH Pen, Dispositivo electr\u00f3nico port\u00e1til para medici\u00f3n del valor pH en acuarios de agua dulce, agua salada y estanques.","og_url":"https:\/\/acuariosupremus.com\/?product=ph-pen-microprocesador-electronico-portatil-para-medir-el-ph","og_site_name":"Acuario Supremus","article_publisher":"https:\/\/www.facebook.com\/AcuarioSupremus","article_modified_time":"2025-12-23T23:33:20+00:00","og_image":[{"width":1250,"height":1250,"url":"https:\/\/acuariosupremus.com\/wp-content\/uploads\/2022\/04\/azoo_ph_pen_02.jpg","type":"image\/jpeg"}],"twitter_card":"summary_large_image","twitter_site":"@AcuarioSupremus","twitter_misc":{"Tiempo de lectura":"2 minutos"},"schema":{"@context":"https:\/\/schema.org","@graph":[{"@type":"WebPage","@id":"https:\/\/acuariosupremus.com\/?product=ph-pen-microprocesador-electronico-portatil-para-medir-el-ph","url":"https:\/\/acuariosupremus.com\/?product=ph-pen-microprocesador-electronico-portatil-para-medir-el-ph","name":"PH pen (microprocesador electr\u00f3nico portatil para medir el pH). | Acuario Supremus","isPartOf":{"@id":"https:\/\/acuariosupremus.com\/#website"},"primaryImageOfPage":{"@id":"https:\/\/acuariosupremus.com\/?product=ph-pen-microprocesador-electronico-portatil-para-medir-el-ph#primaryimage"},"image":{"@id":"https:\/\/acuariosupremus.com\/?product=ph-pen-microprocesador-electronico-portatil-para-medir-el-ph#primaryimage"},"thumbnailUrl":"https:\/\/acuariosupremus.com\/wp-content\/uploads\/2022\/04\/azoo_ph_pen_02.jpg","datePublished":"2022-04-23T20:19:49+00:00","dateModified":"2025-12-23T23:33:20+00:00","description":"AZOO pH Pen, Dispositivo electr\u00f3nico port\u00e1til para medici\u00f3n del valor pH en acuarios de agua dulce, agua salada y estanques.","breadcrumb":{"@id":"https:\/\/acuariosupremus.com\/?product=ph-pen-microprocesador-electronico-portatil-para-medir-el-ph#breadcrumb"},"inLanguage":"es","potentialAction":[{"@type":"ReadAction","target":["https:\/\/acuariosupremus.com\/?product=ph-pen-microprocesador-electronico-portatil-para-medir-el-ph"]}]},{"@type":"ImageObject","inLanguage":"es","@id":"https:\/\/acuariosupremus.com\/?product=ph-pen-microprocesador-electronico-portatil-para-medir-el-ph#primaryimage","url":"https:\/\/acuariosupremus.com\/wp-content\/uploads\/2022\/04\/azoo_ph_pen_02.jpg","contentUrl":"https:\/\/acuariosupremus.com\/wp-content\/uploads\/2022\/04\/azoo_ph_pen_02.jpg","width":1250,"height":1250},{"@type":"BreadcrumbList","@id":"https:\/\/acuariosupremus.com\/?product=ph-pen-microprocesador-electronico-portatil-para-medir-el-ph#breadcrumb","itemListElement":[{"@type":"ListItem","position":1,"name":"Portada","item":"https:\/\/acuariosupremus.com\/"},{"@type":"ListItem","position":2,"name":"Tienda","item":"https:\/\/acuariosupremus.com\/tienda\/"},{"@type":"ListItem","position":3,"name":"PH pen (microprocesador electr\u00f3nico portatil para medir el pH)."}]},{"@type":"WebSite","@id":"https:\/\/acuariosupremus.com\/#website","url":"https:\/\/acuariosupremus.com\/","name":"Acuario Supremus","description":"Peces, Peceras y Mascotas.","publisher":{"@id":"https:\/\/acuariosupremus.com\/#organization"},"potentialAction":[{"@type":"SearchAction","target":{"@type":"EntryPoint","urlTemplate":"https:\/\/acuariosupremus.com\/?s={search_term_string}"},"query-input":{"@type":"PropertyValueSpecification","valueRequired":true,"valueName":"search_term_string"}}],"inLanguage":"es"},{"@type":"Organization","@id":"https:\/\/acuariosupremus.com\/#organization","name":"Acuario Supremus","url":"https:\/\/acuariosupremus.com\/","logo":{"@type":"ImageObject","inLanguage":"es","@id":"https:\/\/acuariosupremus.com\/#\/schema\/logo\/image\/","url":"https:\/\/acuariosupremus.com\/wp-content\/uploads\/2021\/12\/cropped-logo_acuario_supremus_fn-2.png","contentUrl":"https:\/\/acuariosupremus.com\/wp-content\/uploads\/2021\/12\/cropped-logo_acuario_supremus_fn-2.png","width":1000,"height":318,"caption":"Acuario Supremus"},"image":{"@id":"https:\/\/acuariosupremus.com\/#\/schema\/logo\/image\/"},"sameAs":["https:\/\/www.facebook.com\/AcuarioSupremus","https:\/\/x.com\/AcuarioSupremus","https:\/\/www.instagram.com\/acuariosupremus\/?hl=es"]}]}},"jetpack_sharing_enabled":true,"_links":{"self":[{"href":"https:\/\/acuariosupremus.com\/index.php?rest_route=\/wp\/v2\/product\/7339","targetHints":{"allow":["GET"]}}],"collection":[{"href":"https:\/\/acuariosupremus.com\/index.php?rest_route=\/wp\/v2\/product"}],"about":[{"href":"https:\/\/acuariosupremus.com\/index.php?rest_route=\/wp\/v2\/types\/product"}],"wp:featuredmedia":[{"embeddable":true,"href":"https:\/\/acuariosupremus.com\/index.php?rest_route=\/wp\/v2\/media\/7341"}],"wp:attachment":[{"href":"https:\/\/acuariosupremus.com\/index.php?rest_route=%2Fwp%2Fv2%2Fmedia&parent=7339"}],"wp:term":[{"taxonomy":"product_brand","embeddable":true,"href":"https:\/\/acuariosupremus.com\/index.php?rest_route=%2Fwp%2Fv2%2Fproduct_brand&post=7339"},{"taxonomy":"product_cat","embeddable":true,"href":"https:\/\/acuariosupremus.com\/index.php?rest_route=%2Fwp%2Fv2%2Fproduct_cat&post=7339"},{"taxonomy":"product_tag","embeddable":true,"href":"https:\/\/acuariosupremus.com\/index.php?rest_route=%2Fwp%2Fv2%2Fproduct_tag&post=7339"}],"curies":[{"name":"wp","href":"https:\/\/api.w.org\/{rel}","templated":true}]}}