{"id":7345,"date":"2022-04-23T15:38:53","date_gmt":"2022-04-23T20:38:53","guid":{"rendered":"https:\/\/acuariosupremus.com\/?post_type=product&#038;p=7345"},"modified":"2025-12-23T17:33:34","modified_gmt":"2025-12-23T23:33:34","slug":"co2-pressure-regulator-regulador-de-presion-con-valvula-magnetica","status":"publish","type":"product","link":"https:\/\/acuariosupremus.com\/?product=co2-pressure-regulator-regulador-de-presion-con-valvula-magnetica","title":{"rendered":"CO2 Pressure regulator (regulador de presi\u00f3n con v\u00e1lvula magn\u00e9tica)."},"content":{"rendered":"<p>Paso 1: Conecte el regulador de presi\u00f3n a la botella de aluminio para CO2 de AZOO<br \/>\nPaso 2: Cierre la v\u00e1lvula de caudal (observe el gr\u00e1fico), abra la v\u00e1lvula principal de la botella y cerci\u00f3rese de que el man\u00f3metro de baja se indica entre 4 a 6 kg\/cm2 de presi\u00f3n.<br \/>\nPaso 3: Conecte la electro-v\u00e1lula y regule la v\u00e1lvula de caudal para ajustar el flujo de gas que env\u00eda al acuario. Esta v\u00e1lvula de aguja es muy precisa; aj\u00fastela lentamente \u201cvuelta a vuelta\u201d y espere unos segundos a que el ajuste de caudal tenga efecto antes de seguir accion\u00e1ndola.<br \/>\nINSTRUCCIONES DE FUNCIONAMIENTO:<br \/>\n1. Man\u00e9jelo con cuidado evitando ca\u00eddas accidentales<br \/>\n2. El regulador de presi\u00f3n est\u00e1 fijado por defecto a un valor de seguridad de entre 4 a 6 kg\/cm2 el man\u00f3metro de baja muestra 4 kg\/cm2. No trate de ajustar la aguja del regulador usted mismo.<br \/>\n3. No lo lubrique. No use aceite ni grasa.<br \/>\n4. Una vez instalado en la botella de aluminio para CO2 de AZOO aseg\u00farese que el tornillo est\u00e1 firmemente apretado para evitar cualquier p\u00e9rdida. Al mismo tiempo, procure no apretar en exceso para no da\u00f1ar la rosca.<br \/>\n5. Antes de conectar la v\u00e1lvula al temporizador o al controlador de pH verifique el voltaje en el suministro el\u00e9ctrico.<br \/>\n6. Evite derramar agua sobre el regulador. No intente desmotar el aparato usted mismo.<br \/>\n7. En caso de aver\u00eda o mantenimiento acuda a su distribuidor o a un servicio t\u00e9cnico calificado en sistemas de gases presurizados.<\/p>\n<p>P\/V Neto:<br \/>\n610 (grs.)<br \/>\nPeso total:<br \/>\n0.735 (Kg.) con embalaje<br \/>\nTama\u00f1o mm<br \/>\n167 x 102 x 128 (l x a x h) con embalaje<\/p>\n","protected":false},"excerpt":{"rendered":"<p>Dispositivo de regulaci\u00f3n neum\u00e1tica para dosificaci\u00f3n de gas CO2 en acuarios plantados. Incluye electro-v\u00e1lvula de 0.25w a 110V y dos man\u00f3metros con escala de Kg\/cm2 y psi; un man\u00f3metro de alta presi\u00f3n (0-250 Kg\/cm2) y un man\u00f3metro de baja presi\u00f3n (0-10 Kg\/cm2). El regulador es de tipo aguja con reductor de presi\u00f3n autom\u00e1tico. Cuenta con una v\u00e1lvula de alta precisi\u00f3n para la regulaci\u00f3n manual del caudal de gas. Cuerpo met\u00e1lico mecanizado de alta precisi\u00f3n con acabados en cromo y anodizado en azul. Est\u00e1 equipado con un micro-filtro para gases inertes en la entrada y sistema autom\u00e1tico de seguridad en caso de sobrepresi\u00f3n. Est\u00e1 construido con materiales y procesos industriales de alta calidad que aseguran una operatividad confiable, segura y durable.<\/p>\n","protected":false},"featured_media":7350,"template":"","meta":[],"product_brand":[118],"product_cat":[40,52,56],"product_tag":[591],"class_list":{"0":"post-7345","1":"product","2":"type-product","3":"status-publish","4":"has-post-thumbnail","6":"product_brand-azoo","7":"product_cat-peces","8":"product_cat-medidores","9":"product_cat-plantas-naturales","10":"product_tag-regulador-co2-con-valvula-magnetica","12":"first","13":"instock","14":"sale","15":"shipping-taxable","16":"purchasable","17":"product-type-simple"},"yoast_head":"<!-- This site is optimized with the Yoast SEO plugin v27.4 - https:\/\/yoast.com\/product\/yoast-seo-wordpress\/ -->\n<title>CO2 Pressure regulator (regulador de presi\u00f3n con v\u00e1lvula magn\u00e9tica). | Acuario Supremus<\/title>\n<meta name=\"description\" content=\"Dispositivo de regulaci\u00f3n neum\u00e1tica para dosificaci\u00f3n de gas CO2 en acuarios plantados. Incluye electro-v\u00e1lvula de 0.25w a 110V y dos man\u00f3metros.\" \/>\n<meta name=\"robots\" content=\"index, follow, max-snippet:-1, max-image-preview:large, max-video-preview:-1\" \/>\n<link rel=\"canonical\" href=\"https:\/\/acuariosupremus.com\/?product=co2-pressure-regulator-regulador-de-presion-con-valvula-magnetica\" \/>\n<meta property=\"og:locale\" content=\"es_MX\" \/>\n<meta property=\"og:type\" content=\"article\" \/>\n<meta property=\"og:title\" content=\"CO2 Pressure regulator (regulador de presi\u00f3n con v\u00e1lvula magn\u00e9tica). | Acuario Supremus\" \/>\n<meta property=\"og:description\" content=\"Dispositivo de regulaci\u00f3n neum\u00e1tica para dosificaci\u00f3n de gas CO2 en acuarios plantados. Incluye electro-v\u00e1lvula de 0.25w a 110V y dos man\u00f3metros.\" \/>\n<meta property=\"og:url\" content=\"https:\/\/acuariosupremus.com\/?product=co2-pressure-regulator-regulador-de-presion-con-valvula-magnetica\" \/>\n<meta property=\"og:site_name\" content=\"Acuario Supremus\" \/>\n<meta property=\"article:publisher\" content=\"https:\/\/www.facebook.com\/AcuarioSupremus\" \/>\n<meta property=\"article:modified_time\" content=\"2025-12-23T23:33:34+00:00\" \/>\n<meta property=\"og:image\" content=\"https:\/\/acuariosupremus.com\/wp-content\/uploads\/2022\/04\/azoo_co2_pressure_regulator_02.jpg\" \/>\n\t<meta property=\"og:image:width\" content=\"1250\" \/>\n\t<meta property=\"og:image:height\" content=\"1250\" \/>\n\t<meta property=\"og:image:type\" content=\"image\/jpeg\" \/>\n<meta name=\"twitter:card\" content=\"summary_large_image\" \/>\n<meta name=\"twitter:site\" content=\"@AcuarioSupremus\" \/>\n<meta name=\"twitter:label1\" content=\"Tiempo de lectura\" \/>\n\t<meta name=\"twitter:data1\" content=\"2 minutos\" \/>\n<script type=\"application\/ld+json\" class=\"yoast-schema-graph\">{\"@context\":\"https:\\\/\\\/schema.org\",\"@graph\":[{\"@type\":\"WebPage\",\"@id\":\"https:\\\/\\\/acuariosupremus.com\\\/?product=co2-pressure-regulator-regulador-de-presion-con-valvula-magnetica\",\"url\":\"https:\\\/\\\/acuariosupremus.com\\\/?product=co2-pressure-regulator-regulador-de-presion-con-valvula-magnetica\",\"name\":\"CO2 Pressure regulator (regulador de presi\u00f3n con v\u00e1lvula magn\u00e9tica). | Acuario Supremus\",\"isPartOf\":{\"@id\":\"https:\\\/\\\/acuariosupremus.com\\\/#website\"},\"primaryImageOfPage\":{\"@id\":\"https:\\\/\\\/acuariosupremus.com\\\/?product=co2-pressure-regulator-regulador-de-presion-con-valvula-magnetica#primaryimage\"},\"image\":{\"@id\":\"https:\\\/\\\/acuariosupremus.com\\\/?product=co2-pressure-regulator-regulador-de-presion-con-valvula-magnetica#primaryimage\"},\"thumbnailUrl\":\"https:\\\/\\\/acuariosupremus.com\\\/wp-content\\\/uploads\\\/2022\\\/04\\\/azoo_co2_pressure_regulator_02.jpg\",\"datePublished\":\"2022-04-23T20:38:53+00:00\",\"dateModified\":\"2025-12-23T23:33:34+00:00\",\"description\":\"Dispositivo de regulaci\u00f3n neum\u00e1tica para dosificaci\u00f3n de gas CO2 en acuarios plantados. Incluye electro-v\u00e1lvula de 0.25w a 110V y dos man\u00f3metros.\",\"breadcrumb\":{\"@id\":\"https:\\\/\\\/acuariosupremus.com\\\/?product=co2-pressure-regulator-regulador-de-presion-con-valvula-magnetica#breadcrumb\"},\"inLanguage\":\"es\",\"potentialAction\":[{\"@type\":\"ReadAction\",\"target\":[\"https:\\\/\\\/acuariosupremus.com\\\/?product=co2-pressure-regulator-regulador-de-presion-con-valvula-magnetica\"]}]},{\"@type\":\"ImageObject\",\"inLanguage\":\"es\",\"@id\":\"https:\\\/\\\/acuariosupremus.com\\\/?product=co2-pressure-regulator-regulador-de-presion-con-valvula-magnetica#primaryimage\",\"url\":\"https:\\\/\\\/acuariosupremus.com\\\/wp-content\\\/uploads\\\/2022\\\/04\\\/azoo_co2_pressure_regulator_02.jpg\",\"contentUrl\":\"https:\\\/\\\/acuariosupremus.com\\\/wp-content\\\/uploads\\\/2022\\\/04\\\/azoo_co2_pressure_regulator_02.jpg\",\"width\":1250,\"height\":1250},{\"@type\":\"BreadcrumbList\",\"@id\":\"https:\\\/\\\/acuariosupremus.com\\\/?product=co2-pressure-regulator-regulador-de-presion-con-valvula-magnetica#breadcrumb\",\"itemListElement\":[{\"@type\":\"ListItem\",\"position\":1,\"name\":\"Portada\",\"item\":\"https:\\\/\\\/acuariosupremus.com\\\/\"},{\"@type\":\"ListItem\",\"position\":2,\"name\":\"Tienda\",\"item\":\"https:\\\/\\\/acuariosupremus.com\\\/tienda\\\/\"},{\"@type\":\"ListItem\",\"position\":3,\"name\":\"CO2 Pressure regulator (regulador de presi\u00f3n con v\u00e1lvula magn\u00e9tica).\"}]},{\"@type\":\"WebSite\",\"@id\":\"https:\\\/\\\/acuariosupremus.com\\\/#website\",\"url\":\"https:\\\/\\\/acuariosupremus.com\\\/\",\"name\":\"Acuario Supremus\",\"description\":\"Peces, Peceras y Mascotas.\",\"publisher\":{\"@id\":\"https:\\\/\\\/acuariosupremus.com\\\/#organization\"},\"potentialAction\":[{\"@type\":\"SearchAction\",\"target\":{\"@type\":\"EntryPoint\",\"urlTemplate\":\"https:\\\/\\\/acuariosupremus.com\\\/?s={search_term_string}\"},\"query-input\":{\"@type\":\"PropertyValueSpecification\",\"valueRequired\":true,\"valueName\":\"search_term_string\"}}],\"inLanguage\":\"es\"},{\"@type\":\"Organization\",\"@id\":\"https:\\\/\\\/acuariosupremus.com\\\/#organization\",\"name\":\"Acuario Supremus\",\"url\":\"https:\\\/\\\/acuariosupremus.com\\\/\",\"logo\":{\"@type\":\"ImageObject\",\"inLanguage\":\"es\",\"@id\":\"https:\\\/\\\/acuariosupremus.com\\\/#\\\/schema\\\/logo\\\/image\\\/\",\"url\":\"https:\\\/\\\/acuariosupremus.com\\\/wp-content\\\/uploads\\\/2021\\\/12\\\/cropped-logo_acuario_supremus_fn-2.png\",\"contentUrl\":\"https:\\\/\\\/acuariosupremus.com\\\/wp-content\\\/uploads\\\/2021\\\/12\\\/cropped-logo_acuario_supremus_fn-2.png\",\"width\":1000,\"height\":318,\"caption\":\"Acuario Supremus\"},\"image\":{\"@id\":\"https:\\\/\\\/acuariosupremus.com\\\/#\\\/schema\\\/logo\\\/image\\\/\"},\"sameAs\":[\"https:\\\/\\\/www.facebook.com\\\/AcuarioSupremus\",\"https:\\\/\\\/x.com\\\/AcuarioSupremus\",\"https:\\\/\\\/www.instagram.com\\\/acuariosupremus\\\/?hl=es\"]}]}<\/script>\n<!-- \/ Yoast SEO plugin. -->","yoast_head_json":{"title":"CO2 Pressure regulator (regulador de presi\u00f3n con v\u00e1lvula magn\u00e9tica). | Acuario Supremus","description":"Dispositivo de regulaci\u00f3n neum\u00e1tica para dosificaci\u00f3n de gas CO2 en acuarios plantados. Incluye electro-v\u00e1lvula de 0.25w a 110V y dos man\u00f3metros.","robots":{"index":"index","follow":"follow","max-snippet":"max-snippet:-1","max-image-preview":"max-image-preview:large","max-video-preview":"max-video-preview:-1"},"canonical":"https:\/\/acuariosupremus.com\/?product=co2-pressure-regulator-regulador-de-presion-con-valvula-magnetica","og_locale":"es_MX","og_type":"article","og_title":"CO2 Pressure regulator (regulador de presi\u00f3n con v\u00e1lvula magn\u00e9tica). | Acuario Supremus","og_description":"Dispositivo de regulaci\u00f3n neum\u00e1tica para dosificaci\u00f3n de gas CO2 en acuarios plantados. Incluye electro-v\u00e1lvula de 0.25w a 110V y dos man\u00f3metros.","og_url":"https:\/\/acuariosupremus.com\/?product=co2-pressure-regulator-regulador-de-presion-con-valvula-magnetica","og_site_name":"Acuario Supremus","article_publisher":"https:\/\/www.facebook.com\/AcuarioSupremus","article_modified_time":"2025-12-23T23:33:34+00:00","og_image":[{"width":1250,"height":1250,"url":"https:\/\/acuariosupremus.com\/wp-content\/uploads\/2022\/04\/azoo_co2_pressure_regulator_02.jpg","type":"image\/jpeg"}],"twitter_card":"summary_large_image","twitter_site":"@AcuarioSupremus","twitter_misc":{"Tiempo de lectura":"2 minutos"},"schema":{"@context":"https:\/\/schema.org","@graph":[{"@type":"WebPage","@id":"https:\/\/acuariosupremus.com\/?product=co2-pressure-regulator-regulador-de-presion-con-valvula-magnetica","url":"https:\/\/acuariosupremus.com\/?product=co2-pressure-regulator-regulador-de-presion-con-valvula-magnetica","name":"CO2 Pressure regulator (regulador de presi\u00f3n con v\u00e1lvula magn\u00e9tica). | Acuario Supremus","isPartOf":{"@id":"https:\/\/acuariosupremus.com\/#website"},"primaryImageOfPage":{"@id":"https:\/\/acuariosupremus.com\/?product=co2-pressure-regulator-regulador-de-presion-con-valvula-magnetica#primaryimage"},"image":{"@id":"https:\/\/acuariosupremus.com\/?product=co2-pressure-regulator-regulador-de-presion-con-valvula-magnetica#primaryimage"},"thumbnailUrl":"https:\/\/acuariosupremus.com\/wp-content\/uploads\/2022\/04\/azoo_co2_pressure_regulator_02.jpg","datePublished":"2022-04-23T20:38:53+00:00","dateModified":"2025-12-23T23:33:34+00:00","description":"Dispositivo de regulaci\u00f3n neum\u00e1tica para dosificaci\u00f3n de gas CO2 en acuarios plantados. Incluye electro-v\u00e1lvula de 0.25w a 110V y dos man\u00f3metros.","breadcrumb":{"@id":"https:\/\/acuariosupremus.com\/?product=co2-pressure-regulator-regulador-de-presion-con-valvula-magnetica#breadcrumb"},"inLanguage":"es","potentialAction":[{"@type":"ReadAction","target":["https:\/\/acuariosupremus.com\/?product=co2-pressure-regulator-regulador-de-presion-con-valvula-magnetica"]}]},{"@type":"ImageObject","inLanguage":"es","@id":"https:\/\/acuariosupremus.com\/?product=co2-pressure-regulator-regulador-de-presion-con-valvula-magnetica#primaryimage","url":"https:\/\/acuariosupremus.com\/wp-content\/uploads\/2022\/04\/azoo_co2_pressure_regulator_02.jpg","contentUrl":"https:\/\/acuariosupremus.com\/wp-content\/uploads\/2022\/04\/azoo_co2_pressure_regulator_02.jpg","width":1250,"height":1250},{"@type":"BreadcrumbList","@id":"https:\/\/acuariosupremus.com\/?product=co2-pressure-regulator-regulador-de-presion-con-valvula-magnetica#breadcrumb","itemListElement":[{"@type":"ListItem","position":1,"name":"Portada","item":"https:\/\/acuariosupremus.com\/"},{"@type":"ListItem","position":2,"name":"Tienda","item":"https:\/\/acuariosupremus.com\/tienda\/"},{"@type":"ListItem","position":3,"name":"CO2 Pressure regulator (regulador de presi\u00f3n con v\u00e1lvula magn\u00e9tica)."}]},{"@type":"WebSite","@id":"https:\/\/acuariosupremus.com\/#website","url":"https:\/\/acuariosupremus.com\/","name":"Acuario Supremus","description":"Peces, Peceras y Mascotas.","publisher":{"@id":"https:\/\/acuariosupremus.com\/#organization"},"potentialAction":[{"@type":"SearchAction","target":{"@type":"EntryPoint","urlTemplate":"https:\/\/acuariosupremus.com\/?s={search_term_string}"},"query-input":{"@type":"PropertyValueSpecification","valueRequired":true,"valueName":"search_term_string"}}],"inLanguage":"es"},{"@type":"Organization","@id":"https:\/\/acuariosupremus.com\/#organization","name":"Acuario Supremus","url":"https:\/\/acuariosupremus.com\/","logo":{"@type":"ImageObject","inLanguage":"es","@id":"https:\/\/acuariosupremus.com\/#\/schema\/logo\/image\/","url":"https:\/\/acuariosupremus.com\/wp-content\/uploads\/2021\/12\/cropped-logo_acuario_supremus_fn-2.png","contentUrl":"https:\/\/acuariosupremus.com\/wp-content\/uploads\/2021\/12\/cropped-logo_acuario_supremus_fn-2.png","width":1000,"height":318,"caption":"Acuario Supremus"},"image":{"@id":"https:\/\/acuariosupremus.com\/#\/schema\/logo\/image\/"},"sameAs":["https:\/\/www.facebook.com\/AcuarioSupremus","https:\/\/x.com\/AcuarioSupremus","https:\/\/www.instagram.com\/acuariosupremus\/?hl=es"]}]}},"jetpack_sharing_enabled":true,"_links":{"self":[{"href":"https:\/\/acuariosupremus.com\/index.php?rest_route=\/wp\/v2\/product\/7345","targetHints":{"allow":["GET"]}}],"collection":[{"href":"https:\/\/acuariosupremus.com\/index.php?rest_route=\/wp\/v2\/product"}],"about":[{"href":"https:\/\/acuariosupremus.com\/index.php?rest_route=\/wp\/v2\/types\/product"}],"wp:featuredmedia":[{"embeddable":true,"href":"https:\/\/acuariosupremus.com\/index.php?rest_route=\/wp\/v2\/media\/7350"}],"wp:attachment":[{"href":"https:\/\/acuariosupremus.com\/index.php?rest_route=%2Fwp%2Fv2%2Fmedia&parent=7345"}],"wp:term":[{"taxonomy":"product_brand","embeddable":true,"href":"https:\/\/acuariosupremus.com\/index.php?rest_route=%2Fwp%2Fv2%2Fproduct_brand&post=7345"},{"taxonomy":"product_cat","embeddable":true,"href":"https:\/\/acuariosupremus.com\/index.php?rest_route=%2Fwp%2Fv2%2Fproduct_cat&post=7345"},{"taxonomy":"product_tag","embeddable":true,"href":"https:\/\/acuariosupremus.com\/index.php?rest_route=%2Fwp%2Fv2%2Fproduct_tag&post=7345"}],"curies":[{"name":"wp","href":"https:\/\/api.w.org\/{rel}","templated":true}]}}