{"id":7372,"date":"2022-04-23T16:14:31","date_gmt":"2022-04-23T21:14:31","guid":{"rendered":"https:\/\/acuariosupremus.com\/?post_type=product&#038;p=7372"},"modified":"2025-12-23T17:34:11","modified_gmt":"2025-12-23T23:34:11","slug":"gh-test-kit-medidor-dureza-total-gh-en-agua-dulce","status":"publish","type":"product","link":"https:\/\/acuariosupremus.com\/?product=gh-test-kit-medidor-dureza-total-gh-en-agua-dulce","title":{"rendered":"GH test kit (medidor dureza total GH en agua dulce)."},"content":{"rendered":"<p>1.- Enjuagar el vial con agua limpia del acuario varias veces antes de usarlo.<br \/>\n2.- Llene el vial de medida hasta la marca de 5 ml con agua del acuario.<br \/>\n3.- Agregar al vial 5 gotas del reactivo 1 y agitar brevemente.<br \/>\n3.- Agregar 1 cucharada de polvo (suministrada en el KIT) del reactivo 2 y agitar con la tapa puesta hasta disolver. El agua de muestra presentar\u00e1 una coloraci\u00f3n rosa.<br \/>\n4.- Agregar al vial una gota del reactivo 3 y agitar brevemente, repitiendo este paso las veces necesarias hasta observar un cambio en la coloraci\u00f3n del agua. Una de las gotas cambiar\u00e1 el l\u00edquido a un tono p\u00farpura, y probablemente con la siguiente y \u00faltima gota obtendr\u00e1 un tono azul finalizando as\u00ed la prueba de medici\u00f3n.<br \/>\nAN\u00c1LISIS:<br \/>\n\u2022 Cada gota que haya a\u00f1adido al vial representar\u00e1 un grado de GH en grados alemanes (\u00b0dGH) y es equivalente a 17.8 mg\/l de Carbonato de calcio (CaCO3).<br \/>\n\u2022 El n\u00famero total de gotas a\u00f1adidas del reactivo 3 hasta obtener el color azul representar\u00e1 el valor dGH de su acuario: (7 gotas = 7\u00b0dGH)<br \/>\n\u2022 Un acuario de agua blanda se encuentra por debajo de los 5\u00b0dGH, un acuario de dureza media presenta desde 6 hasta 10\u00b0dGH, mientras que los acuarios de agua dura son aquellos que superan los 11\u00b0dGH.<br \/>\n\u2022 Si es posible, trate de observar sus lecturas bajo una luz lo m\u00e1s natural para no dificultar su<\/p>\n<p>Peso total: .070 (Kg.) Tama\u00f1o mm: 96 x 35 x 140 (l x a x h)<\/p>\n","protected":false},"excerpt":{"rendered":"<p>Kit de medici\u00f3n para analizar el valor GH del agua en acuarios de agua dulce, acuarios plantados y estanques. El procedimiento de medici\u00f3n es extremadamente sencillo y su lectura es muy fiable gracias al alto contraste entre los colores obtenidos. Averig\u00fce en segundos el valor GH de su acuario en grados alemanes con una alta precisi\u00f3n y fiabilidad. Cada kit incluye un vial de medici\u00f3n, una carta comparativa de color, dos envases con reactivos l\u00edquidos y un envase con reactivo en polvo con una cuchara dosificadora; suficiente para unas 57 pruebas con un rango de medici\u00f3n de 1 a 10\u00b0dGH y una precisi\u00f3n de 1\u00b0dGH. La dureza total o GH es un par\u00e1metro importante en la calidad del agua, ya que representa la concentraci\u00f3n de iones de Calcio y Magnesio en el agua. Cuanto mayor sea esta concentraci\u00f3n decimos que el agua es m\u00e1s \u201cdura\u201d y cuanto menor sea esta, la llamaremos \u201cblanda\u201d.<\/p>\n","protected":false},"featured_media":7373,"template":"","meta":[],"product_brand":[118],"product_cat":[40,52],"product_tag":[229],"class_list":{"0":"post-7372","1":"product","2":"type-product","3":"status-publish","4":"has-post-thumbnail","6":"product_brand-azoo","7":"product_cat-peces","8":"product_cat-medidores","9":"product_tag-medidor-dureza","11":"first","12":"instock","13":"sale","14":"shipping-taxable","15":"purchasable","16":"product-type-simple"},"yoast_head":"<!-- This site is optimized with the Yoast SEO plugin v27.4 - https:\/\/yoast.com\/product\/yoast-seo-wordpress\/ -->\n<title>GH test kit (medidor dureza total GH en agua dulce). | Acuario Supremus<\/title>\n<meta name=\"description\" content=\"Kit de medici\u00f3n para analizar el valor GH del agua en acuarios de agua dulce, acuarios plantados y estanques.\" \/>\n<meta name=\"robots\" content=\"index, follow, max-snippet:-1, max-image-preview:large, max-video-preview:-1\" \/>\n<link rel=\"canonical\" href=\"https:\/\/acuariosupremus.com\/?product=gh-test-kit-medidor-dureza-total-gh-en-agua-dulce\" \/>\n<meta property=\"og:locale\" content=\"es_MX\" \/>\n<meta property=\"og:type\" content=\"article\" \/>\n<meta property=\"og:title\" content=\"GH test kit (medidor dureza total GH en agua dulce). | Acuario Supremus\" \/>\n<meta property=\"og:description\" content=\"Kit de medici\u00f3n para analizar el valor GH del agua en acuarios de agua dulce, acuarios plantados y estanques.\" \/>\n<meta property=\"og:url\" content=\"https:\/\/acuariosupremus.com\/?product=gh-test-kit-medidor-dureza-total-gh-en-agua-dulce\" \/>\n<meta property=\"og:site_name\" content=\"Acuario Supremus\" \/>\n<meta property=\"article:publisher\" content=\"https:\/\/www.facebook.com\/AcuarioSupremus\" \/>\n<meta property=\"article:modified_time\" content=\"2025-12-23T23:34:11+00:00\" \/>\n<meta property=\"og:image\" content=\"https:\/\/acuariosupremus.com\/wp-content\/uploads\/2022\/04\/azoo_gh_test_01.jpg\" \/>\n\t<meta property=\"og:image:width\" content=\"1250\" \/>\n\t<meta property=\"og:image:height\" content=\"1250\" \/>\n\t<meta property=\"og:image:type\" content=\"image\/jpeg\" \/>\n<meta name=\"twitter:card\" content=\"summary_large_image\" \/>\n<meta name=\"twitter:site\" content=\"@AcuarioSupremus\" \/>\n<meta name=\"twitter:label1\" content=\"Tiempo de lectura\" \/>\n\t<meta name=\"twitter:data1\" content=\"2 minutos\" \/>\n<script type=\"application\/ld+json\" class=\"yoast-schema-graph\">{\"@context\":\"https:\\\/\\\/schema.org\",\"@graph\":[{\"@type\":\"WebPage\",\"@id\":\"https:\\\/\\\/acuariosupremus.com\\\/?product=gh-test-kit-medidor-dureza-total-gh-en-agua-dulce\",\"url\":\"https:\\\/\\\/acuariosupremus.com\\\/?product=gh-test-kit-medidor-dureza-total-gh-en-agua-dulce\",\"name\":\"GH test kit (medidor dureza total GH en agua dulce). | Acuario Supremus\",\"isPartOf\":{\"@id\":\"https:\\\/\\\/acuariosupremus.com\\\/#website\"},\"primaryImageOfPage\":{\"@id\":\"https:\\\/\\\/acuariosupremus.com\\\/?product=gh-test-kit-medidor-dureza-total-gh-en-agua-dulce#primaryimage\"},\"image\":{\"@id\":\"https:\\\/\\\/acuariosupremus.com\\\/?product=gh-test-kit-medidor-dureza-total-gh-en-agua-dulce#primaryimage\"},\"thumbnailUrl\":\"https:\\\/\\\/acuariosupremus.com\\\/wp-content\\\/uploads\\\/2022\\\/04\\\/azoo_gh_test_01.jpg\",\"datePublished\":\"2022-04-23T21:14:31+00:00\",\"dateModified\":\"2025-12-23T23:34:11+00:00\",\"description\":\"Kit de medici\u00f3n para analizar el valor GH del agua en acuarios de agua dulce, acuarios plantados y estanques.\",\"breadcrumb\":{\"@id\":\"https:\\\/\\\/acuariosupremus.com\\\/?product=gh-test-kit-medidor-dureza-total-gh-en-agua-dulce#breadcrumb\"},\"inLanguage\":\"es\",\"potentialAction\":[{\"@type\":\"ReadAction\",\"target\":[\"https:\\\/\\\/acuariosupremus.com\\\/?product=gh-test-kit-medidor-dureza-total-gh-en-agua-dulce\"]}]},{\"@type\":\"ImageObject\",\"inLanguage\":\"es\",\"@id\":\"https:\\\/\\\/acuariosupremus.com\\\/?product=gh-test-kit-medidor-dureza-total-gh-en-agua-dulce#primaryimage\",\"url\":\"https:\\\/\\\/acuariosupremus.com\\\/wp-content\\\/uploads\\\/2022\\\/04\\\/azoo_gh_test_01.jpg\",\"contentUrl\":\"https:\\\/\\\/acuariosupremus.com\\\/wp-content\\\/uploads\\\/2022\\\/04\\\/azoo_gh_test_01.jpg\",\"width\":1250,\"height\":1250},{\"@type\":\"BreadcrumbList\",\"@id\":\"https:\\\/\\\/acuariosupremus.com\\\/?product=gh-test-kit-medidor-dureza-total-gh-en-agua-dulce#breadcrumb\",\"itemListElement\":[{\"@type\":\"ListItem\",\"position\":1,\"name\":\"Portada\",\"item\":\"https:\\\/\\\/acuariosupremus.com\\\/\"},{\"@type\":\"ListItem\",\"position\":2,\"name\":\"Tienda\",\"item\":\"https:\\\/\\\/acuariosupremus.com\\\/tienda\\\/\"},{\"@type\":\"ListItem\",\"position\":3,\"name\":\"GH test kit (medidor dureza total GH en agua dulce).\"}]},{\"@type\":\"WebSite\",\"@id\":\"https:\\\/\\\/acuariosupremus.com\\\/#website\",\"url\":\"https:\\\/\\\/acuariosupremus.com\\\/\",\"name\":\"Acuario Supremus\",\"description\":\"Peces, Peceras y Mascotas.\",\"publisher\":{\"@id\":\"https:\\\/\\\/acuariosupremus.com\\\/#organization\"},\"potentialAction\":[{\"@type\":\"SearchAction\",\"target\":{\"@type\":\"EntryPoint\",\"urlTemplate\":\"https:\\\/\\\/acuariosupremus.com\\\/?s={search_term_string}\"},\"query-input\":{\"@type\":\"PropertyValueSpecification\",\"valueRequired\":true,\"valueName\":\"search_term_string\"}}],\"inLanguage\":\"es\"},{\"@type\":\"Organization\",\"@id\":\"https:\\\/\\\/acuariosupremus.com\\\/#organization\",\"name\":\"Acuario Supremus\",\"url\":\"https:\\\/\\\/acuariosupremus.com\\\/\",\"logo\":{\"@type\":\"ImageObject\",\"inLanguage\":\"es\",\"@id\":\"https:\\\/\\\/acuariosupremus.com\\\/#\\\/schema\\\/logo\\\/image\\\/\",\"url\":\"https:\\\/\\\/acuariosupremus.com\\\/wp-content\\\/uploads\\\/2021\\\/12\\\/cropped-logo_acuario_supremus_fn-2.png\",\"contentUrl\":\"https:\\\/\\\/acuariosupremus.com\\\/wp-content\\\/uploads\\\/2021\\\/12\\\/cropped-logo_acuario_supremus_fn-2.png\",\"width\":1000,\"height\":318,\"caption\":\"Acuario Supremus\"},\"image\":{\"@id\":\"https:\\\/\\\/acuariosupremus.com\\\/#\\\/schema\\\/logo\\\/image\\\/\"},\"sameAs\":[\"https:\\\/\\\/www.facebook.com\\\/AcuarioSupremus\",\"https:\\\/\\\/x.com\\\/AcuarioSupremus\",\"https:\\\/\\\/www.instagram.com\\\/acuariosupremus\\\/?hl=es\"]}]}<\/script>\n<!-- \/ Yoast SEO plugin. -->","yoast_head_json":{"title":"GH test kit (medidor dureza total GH en agua dulce). | Acuario Supremus","description":"Kit de medici\u00f3n para analizar el valor GH del agua en acuarios de agua dulce, acuarios plantados y estanques.","robots":{"index":"index","follow":"follow","max-snippet":"max-snippet:-1","max-image-preview":"max-image-preview:large","max-video-preview":"max-video-preview:-1"},"canonical":"https:\/\/acuariosupremus.com\/?product=gh-test-kit-medidor-dureza-total-gh-en-agua-dulce","og_locale":"es_MX","og_type":"article","og_title":"GH test kit (medidor dureza total GH en agua dulce). | Acuario Supremus","og_description":"Kit de medici\u00f3n para analizar el valor GH del agua en acuarios de agua dulce, acuarios plantados y estanques.","og_url":"https:\/\/acuariosupremus.com\/?product=gh-test-kit-medidor-dureza-total-gh-en-agua-dulce","og_site_name":"Acuario Supremus","article_publisher":"https:\/\/www.facebook.com\/AcuarioSupremus","article_modified_time":"2025-12-23T23:34:11+00:00","og_image":[{"width":1250,"height":1250,"url":"https:\/\/acuariosupremus.com\/wp-content\/uploads\/2022\/04\/azoo_gh_test_01.jpg","type":"image\/jpeg"}],"twitter_card":"summary_large_image","twitter_site":"@AcuarioSupremus","twitter_misc":{"Tiempo de lectura":"2 minutos"},"schema":{"@context":"https:\/\/schema.org","@graph":[{"@type":"WebPage","@id":"https:\/\/acuariosupremus.com\/?product=gh-test-kit-medidor-dureza-total-gh-en-agua-dulce","url":"https:\/\/acuariosupremus.com\/?product=gh-test-kit-medidor-dureza-total-gh-en-agua-dulce","name":"GH test kit (medidor dureza total GH en agua dulce). | Acuario Supremus","isPartOf":{"@id":"https:\/\/acuariosupremus.com\/#website"},"primaryImageOfPage":{"@id":"https:\/\/acuariosupremus.com\/?product=gh-test-kit-medidor-dureza-total-gh-en-agua-dulce#primaryimage"},"image":{"@id":"https:\/\/acuariosupremus.com\/?product=gh-test-kit-medidor-dureza-total-gh-en-agua-dulce#primaryimage"},"thumbnailUrl":"https:\/\/acuariosupremus.com\/wp-content\/uploads\/2022\/04\/azoo_gh_test_01.jpg","datePublished":"2022-04-23T21:14:31+00:00","dateModified":"2025-12-23T23:34:11+00:00","description":"Kit de medici\u00f3n para analizar el valor GH del agua en acuarios de agua dulce, acuarios plantados y estanques.","breadcrumb":{"@id":"https:\/\/acuariosupremus.com\/?product=gh-test-kit-medidor-dureza-total-gh-en-agua-dulce#breadcrumb"},"inLanguage":"es","potentialAction":[{"@type":"ReadAction","target":["https:\/\/acuariosupremus.com\/?product=gh-test-kit-medidor-dureza-total-gh-en-agua-dulce"]}]},{"@type":"ImageObject","inLanguage":"es","@id":"https:\/\/acuariosupremus.com\/?product=gh-test-kit-medidor-dureza-total-gh-en-agua-dulce#primaryimage","url":"https:\/\/acuariosupremus.com\/wp-content\/uploads\/2022\/04\/azoo_gh_test_01.jpg","contentUrl":"https:\/\/acuariosupremus.com\/wp-content\/uploads\/2022\/04\/azoo_gh_test_01.jpg","width":1250,"height":1250},{"@type":"BreadcrumbList","@id":"https:\/\/acuariosupremus.com\/?product=gh-test-kit-medidor-dureza-total-gh-en-agua-dulce#breadcrumb","itemListElement":[{"@type":"ListItem","position":1,"name":"Portada","item":"https:\/\/acuariosupremus.com\/"},{"@type":"ListItem","position":2,"name":"Tienda","item":"https:\/\/acuariosupremus.com\/tienda\/"},{"@type":"ListItem","position":3,"name":"GH test kit (medidor dureza total GH en agua dulce)."}]},{"@type":"WebSite","@id":"https:\/\/acuariosupremus.com\/#website","url":"https:\/\/acuariosupremus.com\/","name":"Acuario Supremus","description":"Peces, Peceras y Mascotas.","publisher":{"@id":"https:\/\/acuariosupremus.com\/#organization"},"potentialAction":[{"@type":"SearchAction","target":{"@type":"EntryPoint","urlTemplate":"https:\/\/acuariosupremus.com\/?s={search_term_string}"},"query-input":{"@type":"PropertyValueSpecification","valueRequired":true,"valueName":"search_term_string"}}],"inLanguage":"es"},{"@type":"Organization","@id":"https:\/\/acuariosupremus.com\/#organization","name":"Acuario Supremus","url":"https:\/\/acuariosupremus.com\/","logo":{"@type":"ImageObject","inLanguage":"es","@id":"https:\/\/acuariosupremus.com\/#\/schema\/logo\/image\/","url":"https:\/\/acuariosupremus.com\/wp-content\/uploads\/2021\/12\/cropped-logo_acuario_supremus_fn-2.png","contentUrl":"https:\/\/acuariosupremus.com\/wp-content\/uploads\/2021\/12\/cropped-logo_acuario_supremus_fn-2.png","width":1000,"height":318,"caption":"Acuario Supremus"},"image":{"@id":"https:\/\/acuariosupremus.com\/#\/schema\/logo\/image\/"},"sameAs":["https:\/\/www.facebook.com\/AcuarioSupremus","https:\/\/x.com\/AcuarioSupremus","https:\/\/www.instagram.com\/acuariosupremus\/?hl=es"]}]}},"jetpack_sharing_enabled":true,"_links":{"self":[{"href":"https:\/\/acuariosupremus.com\/index.php?rest_route=\/wp\/v2\/product\/7372","targetHints":{"allow":["GET"]}}],"collection":[{"href":"https:\/\/acuariosupremus.com\/index.php?rest_route=\/wp\/v2\/product"}],"about":[{"href":"https:\/\/acuariosupremus.com\/index.php?rest_route=\/wp\/v2\/types\/product"}],"wp:featuredmedia":[{"embeddable":true,"href":"https:\/\/acuariosupremus.com\/index.php?rest_route=\/wp\/v2\/media\/7373"}],"wp:attachment":[{"href":"https:\/\/acuariosupremus.com\/index.php?rest_route=%2Fwp%2Fv2%2Fmedia&parent=7372"}],"wp:term":[{"taxonomy":"product_brand","embeddable":true,"href":"https:\/\/acuariosupremus.com\/index.php?rest_route=%2Fwp%2Fv2%2Fproduct_brand&post=7372"},{"taxonomy":"product_cat","embeddable":true,"href":"https:\/\/acuariosupremus.com\/index.php?rest_route=%2Fwp%2Fv2%2Fproduct_cat&post=7372"},{"taxonomy":"product_tag","embeddable":true,"href":"https:\/\/acuariosupremus.com\/index.php?rest_route=%2Fwp%2Fv2%2Fproduct_tag&post=7372"}],"curies":[{"name":"wp","href":"https:\/\/api.w.org\/{rel}","templated":true}]}}