{"id":7389,"date":"2022-04-23T17:00:26","date_gmt":"2022-04-23T22:00:26","guid":{"rendered":"https:\/\/acuariosupremus.com\/?post_type=product&#038;p=7389"},"modified":"2025-12-23T17:34:37","modified_gmt":"2025-12-23T23:34:37","slug":"ca-test-kit-medidor-de-calcio-para-acuarios-de-arrecife","status":"publish","type":"product","link":"https:\/\/acuariosupremus.com\/?product=ca-test-kit-medidor-de-calcio-para-acuarios-de-arrecife","title":{"rendered":"Ca test kit (medidor de Calcio para acuarios de arrecife)."},"content":{"rendered":"<p>1.- Enjuagar el vial con agua limpia del acuario varias veces.<br \/>\n2.- Llenar el vial de medida hasta la marca de 5ml con agua del acuario.<br \/>\n3.- Agregar 8 gotas del reactivo 1 y agitar.<br \/>\n4.- Agregar 1 cucharada de polvo (suministrada en el KIT) del reactivo 2 y agitar con la tapa puesta hasta disolver. El agua debe presentar un color ros\u00e1ceo.<br \/>\n5.- Comience a a\u00f1adir gotas del reactivo 3 de una en una, agitando brevemente el vial tras cada gota a\u00f1adida. Tras cierto n\u00famero de gotas el agua tomar\u00e1 un color purpura, y tras a\u00f1adir una o dos gotas m\u00e1s adoptar\u00e1 finalmente un color azul.<br \/>\n6.- El resultado del an\u00e1lisis depender\u00e1 del n\u00famero de gotas a\u00f1adidas a la muestra hasta obtener un color azul en el agua del vial.<br \/>\nAN\u00c1LISIS:<br \/>\n\u2022Cada gota representa un valor de 20mg\/l de Calcio en el agua. Por lo tanto, el nivel de calcio se determina multiplicando el n\u00famero de gotas por 20. Ejemplo: 20 gotas \u00ac= 400 mg\/l<br \/>\n\u2022Un acuario marino debe tener una tasa de entre 380 y 420 ppm de Ca, (3.2 veces menor que la tasa de Magnesio)<br \/>\n\u2022Si es posible, trate de observar sus lecturas bajo una luz lo m\u00e1s natural para no dificultar su interpretaci\u00f3n de los colores. No use ni luces muy azules ni muy amarillentas. La mejor iluminaci\u00f3n luz natural del sol.<\/p>\n<p>Peso total: 0.075 (Kg.) Tama\u00f1o mm: 96 x 35 x 140 (l x a x h)<\/p>\n","protected":false},"excerpt":{"rendered":"<p>Kit de medici\u00f3n para analizar la tasa de Calcio (Ca+) en acuarios de agua salada y arrecife. Con este sencillo kit bastar\u00e1 con seguir unos sencillos pasos para obtener la tasa de calcio en su acuario marino en tan solo un minuto. Este test es muy preciso y f\u00e1cil de usar gracias al empleo de sencillos procedimientos y unos colores muy bien diferenciados en sus reactivos. Cada kit contiene una carta comparativa de colores, un vial de medici\u00f3n, dos frascos con reactivos l\u00edquidos, un frasco con polvo reactivo y una cuchara dosificadora. Cada Kit de medici\u00f3n es capaz de obtener hasta 35 lecturas de calcio en su acuario. El calcio est\u00e1 presente en el agua de mar en forma constante y es absorbido por todos los invertebrados y algas que componen su biomasa para construir sus tejidos.<\/p>\n","protected":false},"featured_media":7390,"template":"","meta":[],"product_brand":[118],"product_cat":[40,52],"product_tag":[595],"class_list":{"0":"post-7389","1":"product","2":"type-product","3":"status-publish","4":"has-post-thumbnail","6":"product_brand-azoo","7":"product_cat-peces","8":"product_cat-medidores","9":"product_tag-medidor-calcio","11":"first","12":"instock","13":"sale","14":"shipping-taxable","15":"purchasable","16":"product-type-simple"},"yoast_head":"<!-- This site is optimized with the Yoast SEO plugin v27.4 - https:\/\/yoast.com\/product\/yoast-seo-wordpress\/ -->\n<title>Ca test kit (medidor de Calcio para acuarios de arrecife). | Acuario Supremus<\/title>\n<meta name=\"description\" content=\"Kit de medici\u00f3n de alta precisi\u00f3n para analizar la tasa de Calcio (Ca+) en acuarios de agua salada y arrecife.\" \/>\n<meta name=\"robots\" content=\"index, follow, max-snippet:-1, max-image-preview:large, max-video-preview:-1\" \/>\n<link rel=\"canonical\" href=\"https:\/\/acuariosupremus.com\/?product=ca-test-kit-medidor-de-calcio-para-acuarios-de-arrecife\" \/>\n<meta property=\"og:locale\" content=\"es_MX\" \/>\n<meta property=\"og:type\" content=\"article\" \/>\n<meta property=\"og:title\" content=\"Ca test kit (medidor de Calcio para acuarios de arrecife). | Acuario Supremus\" \/>\n<meta property=\"og:description\" content=\"Kit de medici\u00f3n de alta precisi\u00f3n para analizar la tasa de Calcio (Ca+) en acuarios de agua salada y arrecife.\" \/>\n<meta property=\"og:url\" content=\"https:\/\/acuariosupremus.com\/?product=ca-test-kit-medidor-de-calcio-para-acuarios-de-arrecife\" \/>\n<meta property=\"og:site_name\" content=\"Acuario Supremus\" \/>\n<meta property=\"article:publisher\" content=\"https:\/\/www.facebook.com\/AcuarioSupremus\" \/>\n<meta property=\"article:modified_time\" content=\"2025-12-23T23:34:37+00:00\" \/>\n<meta property=\"og:image\" content=\"https:\/\/acuariosupremus.com\/wp-content\/uploads\/2022\/04\/azoo_ca_test_01.jpg\" \/>\n\t<meta property=\"og:image:width\" content=\"1250\" \/>\n\t<meta property=\"og:image:height\" content=\"1250\" \/>\n\t<meta property=\"og:image:type\" content=\"image\/jpeg\" \/>\n<meta name=\"twitter:card\" content=\"summary_large_image\" \/>\n<meta name=\"twitter:site\" content=\"@AcuarioSupremus\" \/>\n<meta name=\"twitter:label1\" content=\"Tiempo de lectura\" \/>\n\t<meta name=\"twitter:data1\" content=\"2 minutos\" \/>\n<script type=\"application\/ld+json\" class=\"yoast-schema-graph\">{\"@context\":\"https:\\\/\\\/schema.org\",\"@graph\":[{\"@type\":\"WebPage\",\"@id\":\"https:\\\/\\\/acuariosupremus.com\\\/?product=ca-test-kit-medidor-de-calcio-para-acuarios-de-arrecife\",\"url\":\"https:\\\/\\\/acuariosupremus.com\\\/?product=ca-test-kit-medidor-de-calcio-para-acuarios-de-arrecife\",\"name\":\"Ca test kit (medidor de Calcio para acuarios de arrecife). | Acuario Supremus\",\"isPartOf\":{\"@id\":\"https:\\\/\\\/acuariosupremus.com\\\/#website\"},\"primaryImageOfPage\":{\"@id\":\"https:\\\/\\\/acuariosupremus.com\\\/?product=ca-test-kit-medidor-de-calcio-para-acuarios-de-arrecife#primaryimage\"},\"image\":{\"@id\":\"https:\\\/\\\/acuariosupremus.com\\\/?product=ca-test-kit-medidor-de-calcio-para-acuarios-de-arrecife#primaryimage\"},\"thumbnailUrl\":\"https:\\\/\\\/acuariosupremus.com\\\/wp-content\\\/uploads\\\/2022\\\/04\\\/azoo_ca_test_01.jpg\",\"datePublished\":\"2022-04-23T22:00:26+00:00\",\"dateModified\":\"2025-12-23T23:34:37+00:00\",\"description\":\"Kit de medici\u00f3n de alta precisi\u00f3n para analizar la tasa de Calcio (Ca+) en acuarios de agua salada y arrecife.\",\"breadcrumb\":{\"@id\":\"https:\\\/\\\/acuariosupremus.com\\\/?product=ca-test-kit-medidor-de-calcio-para-acuarios-de-arrecife#breadcrumb\"},\"inLanguage\":\"es\",\"potentialAction\":[{\"@type\":\"ReadAction\",\"target\":[\"https:\\\/\\\/acuariosupremus.com\\\/?product=ca-test-kit-medidor-de-calcio-para-acuarios-de-arrecife\"]}]},{\"@type\":\"ImageObject\",\"inLanguage\":\"es\",\"@id\":\"https:\\\/\\\/acuariosupremus.com\\\/?product=ca-test-kit-medidor-de-calcio-para-acuarios-de-arrecife#primaryimage\",\"url\":\"https:\\\/\\\/acuariosupremus.com\\\/wp-content\\\/uploads\\\/2022\\\/04\\\/azoo_ca_test_01.jpg\",\"contentUrl\":\"https:\\\/\\\/acuariosupremus.com\\\/wp-content\\\/uploads\\\/2022\\\/04\\\/azoo_ca_test_01.jpg\",\"width\":1250,\"height\":1250},{\"@type\":\"BreadcrumbList\",\"@id\":\"https:\\\/\\\/acuariosupremus.com\\\/?product=ca-test-kit-medidor-de-calcio-para-acuarios-de-arrecife#breadcrumb\",\"itemListElement\":[{\"@type\":\"ListItem\",\"position\":1,\"name\":\"Portada\",\"item\":\"https:\\\/\\\/acuariosupremus.com\\\/\"},{\"@type\":\"ListItem\",\"position\":2,\"name\":\"Tienda\",\"item\":\"https:\\\/\\\/acuariosupremus.com\\\/tienda\\\/\"},{\"@type\":\"ListItem\",\"position\":3,\"name\":\"Ca test kit (medidor de Calcio para acuarios de arrecife).\"}]},{\"@type\":\"WebSite\",\"@id\":\"https:\\\/\\\/acuariosupremus.com\\\/#website\",\"url\":\"https:\\\/\\\/acuariosupremus.com\\\/\",\"name\":\"Acuario Supremus\",\"description\":\"Peces, Peceras y Mascotas.\",\"publisher\":{\"@id\":\"https:\\\/\\\/acuariosupremus.com\\\/#organization\"},\"potentialAction\":[{\"@type\":\"SearchAction\",\"target\":{\"@type\":\"EntryPoint\",\"urlTemplate\":\"https:\\\/\\\/acuariosupremus.com\\\/?s={search_term_string}\"},\"query-input\":{\"@type\":\"PropertyValueSpecification\",\"valueRequired\":true,\"valueName\":\"search_term_string\"}}],\"inLanguage\":\"es\"},{\"@type\":\"Organization\",\"@id\":\"https:\\\/\\\/acuariosupremus.com\\\/#organization\",\"name\":\"Acuario Supremus\",\"url\":\"https:\\\/\\\/acuariosupremus.com\\\/\",\"logo\":{\"@type\":\"ImageObject\",\"inLanguage\":\"es\",\"@id\":\"https:\\\/\\\/acuariosupremus.com\\\/#\\\/schema\\\/logo\\\/image\\\/\",\"url\":\"https:\\\/\\\/acuariosupremus.com\\\/wp-content\\\/uploads\\\/2021\\\/12\\\/cropped-logo_acuario_supremus_fn-2.png\",\"contentUrl\":\"https:\\\/\\\/acuariosupremus.com\\\/wp-content\\\/uploads\\\/2021\\\/12\\\/cropped-logo_acuario_supremus_fn-2.png\",\"width\":1000,\"height\":318,\"caption\":\"Acuario Supremus\"},\"image\":{\"@id\":\"https:\\\/\\\/acuariosupremus.com\\\/#\\\/schema\\\/logo\\\/image\\\/\"},\"sameAs\":[\"https:\\\/\\\/www.facebook.com\\\/AcuarioSupremus\",\"https:\\\/\\\/x.com\\\/AcuarioSupremus\",\"https:\\\/\\\/www.instagram.com\\\/acuariosupremus\\\/?hl=es\"]}]}<\/script>\n<!-- \/ Yoast SEO plugin. -->","yoast_head_json":{"title":"Ca test kit (medidor de Calcio para acuarios de arrecife). | Acuario Supremus","description":"Kit de medici\u00f3n de alta precisi\u00f3n para analizar la tasa de Calcio (Ca+) en acuarios de agua salada y arrecife.","robots":{"index":"index","follow":"follow","max-snippet":"max-snippet:-1","max-image-preview":"max-image-preview:large","max-video-preview":"max-video-preview:-1"},"canonical":"https:\/\/acuariosupremus.com\/?product=ca-test-kit-medidor-de-calcio-para-acuarios-de-arrecife","og_locale":"es_MX","og_type":"article","og_title":"Ca test kit (medidor de Calcio para acuarios de arrecife). | Acuario Supremus","og_description":"Kit de medici\u00f3n de alta precisi\u00f3n para analizar la tasa de Calcio (Ca+) en acuarios de agua salada y arrecife.","og_url":"https:\/\/acuariosupremus.com\/?product=ca-test-kit-medidor-de-calcio-para-acuarios-de-arrecife","og_site_name":"Acuario Supremus","article_publisher":"https:\/\/www.facebook.com\/AcuarioSupremus","article_modified_time":"2025-12-23T23:34:37+00:00","og_image":[{"width":1250,"height":1250,"url":"https:\/\/acuariosupremus.com\/wp-content\/uploads\/2022\/04\/azoo_ca_test_01.jpg","type":"image\/jpeg"}],"twitter_card":"summary_large_image","twitter_site":"@AcuarioSupremus","twitter_misc":{"Tiempo de lectura":"2 minutos"},"schema":{"@context":"https:\/\/schema.org","@graph":[{"@type":"WebPage","@id":"https:\/\/acuariosupremus.com\/?product=ca-test-kit-medidor-de-calcio-para-acuarios-de-arrecife","url":"https:\/\/acuariosupremus.com\/?product=ca-test-kit-medidor-de-calcio-para-acuarios-de-arrecife","name":"Ca test kit (medidor de Calcio para acuarios de arrecife). | Acuario Supremus","isPartOf":{"@id":"https:\/\/acuariosupremus.com\/#website"},"primaryImageOfPage":{"@id":"https:\/\/acuariosupremus.com\/?product=ca-test-kit-medidor-de-calcio-para-acuarios-de-arrecife#primaryimage"},"image":{"@id":"https:\/\/acuariosupremus.com\/?product=ca-test-kit-medidor-de-calcio-para-acuarios-de-arrecife#primaryimage"},"thumbnailUrl":"https:\/\/acuariosupremus.com\/wp-content\/uploads\/2022\/04\/azoo_ca_test_01.jpg","datePublished":"2022-04-23T22:00:26+00:00","dateModified":"2025-12-23T23:34:37+00:00","description":"Kit de medici\u00f3n de alta precisi\u00f3n para analizar la tasa de Calcio (Ca+) en acuarios de agua salada y arrecife.","breadcrumb":{"@id":"https:\/\/acuariosupremus.com\/?product=ca-test-kit-medidor-de-calcio-para-acuarios-de-arrecife#breadcrumb"},"inLanguage":"es","potentialAction":[{"@type":"ReadAction","target":["https:\/\/acuariosupremus.com\/?product=ca-test-kit-medidor-de-calcio-para-acuarios-de-arrecife"]}]},{"@type":"ImageObject","inLanguage":"es","@id":"https:\/\/acuariosupremus.com\/?product=ca-test-kit-medidor-de-calcio-para-acuarios-de-arrecife#primaryimage","url":"https:\/\/acuariosupremus.com\/wp-content\/uploads\/2022\/04\/azoo_ca_test_01.jpg","contentUrl":"https:\/\/acuariosupremus.com\/wp-content\/uploads\/2022\/04\/azoo_ca_test_01.jpg","width":1250,"height":1250},{"@type":"BreadcrumbList","@id":"https:\/\/acuariosupremus.com\/?product=ca-test-kit-medidor-de-calcio-para-acuarios-de-arrecife#breadcrumb","itemListElement":[{"@type":"ListItem","position":1,"name":"Portada","item":"https:\/\/acuariosupremus.com\/"},{"@type":"ListItem","position":2,"name":"Tienda","item":"https:\/\/acuariosupremus.com\/tienda\/"},{"@type":"ListItem","position":3,"name":"Ca test kit (medidor de Calcio para acuarios de arrecife)."}]},{"@type":"WebSite","@id":"https:\/\/acuariosupremus.com\/#website","url":"https:\/\/acuariosupremus.com\/","name":"Acuario Supremus","description":"Peces, Peceras y Mascotas.","publisher":{"@id":"https:\/\/acuariosupremus.com\/#organization"},"potentialAction":[{"@type":"SearchAction","target":{"@type":"EntryPoint","urlTemplate":"https:\/\/acuariosupremus.com\/?s={search_term_string}"},"query-input":{"@type":"PropertyValueSpecification","valueRequired":true,"valueName":"search_term_string"}}],"inLanguage":"es"},{"@type":"Organization","@id":"https:\/\/acuariosupremus.com\/#organization","name":"Acuario Supremus","url":"https:\/\/acuariosupremus.com\/","logo":{"@type":"ImageObject","inLanguage":"es","@id":"https:\/\/acuariosupremus.com\/#\/schema\/logo\/image\/","url":"https:\/\/acuariosupremus.com\/wp-content\/uploads\/2021\/12\/cropped-logo_acuario_supremus_fn-2.png","contentUrl":"https:\/\/acuariosupremus.com\/wp-content\/uploads\/2021\/12\/cropped-logo_acuario_supremus_fn-2.png","width":1000,"height":318,"caption":"Acuario Supremus"},"image":{"@id":"https:\/\/acuariosupremus.com\/#\/schema\/logo\/image\/"},"sameAs":["https:\/\/www.facebook.com\/AcuarioSupremus","https:\/\/x.com\/AcuarioSupremus","https:\/\/www.instagram.com\/acuariosupremus\/?hl=es"]}]}},"jetpack_sharing_enabled":true,"_links":{"self":[{"href":"https:\/\/acuariosupremus.com\/index.php?rest_route=\/wp\/v2\/product\/7389","targetHints":{"allow":["GET"]}}],"collection":[{"href":"https:\/\/acuariosupremus.com\/index.php?rest_route=\/wp\/v2\/product"}],"about":[{"href":"https:\/\/acuariosupremus.com\/index.php?rest_route=\/wp\/v2\/types\/product"}],"wp:featuredmedia":[{"embeddable":true,"href":"https:\/\/acuariosupremus.com\/index.php?rest_route=\/wp\/v2\/media\/7390"}],"wp:attachment":[{"href":"https:\/\/acuariosupremus.com\/index.php?rest_route=%2Fwp%2Fv2%2Fmedia&parent=7389"}],"wp:term":[{"taxonomy":"product_brand","embeddable":true,"href":"https:\/\/acuariosupremus.com\/index.php?rest_route=%2Fwp%2Fv2%2Fproduct_brand&post=7389"},{"taxonomy":"product_cat","embeddable":true,"href":"https:\/\/acuariosupremus.com\/index.php?rest_route=%2Fwp%2Fv2%2Fproduct_cat&post=7389"},{"taxonomy":"product_tag","embeddable":true,"href":"https:\/\/acuariosupremus.com\/index.php?rest_route=%2Fwp%2Fv2%2Fproduct_tag&post=7389"}],"curies":[{"name":"wp","href":"https:\/\/api.w.org\/{rel}","templated":true}]}}